{"id":541,"date":"2024-12-23T08:30:35","date_gmt":"2024-12-23T08:30:35","guid":{"rendered":"https:\/\/paper-checker.com\/?page_id=541"},"modified":"2025-02-06T17:12:15","modified_gmt":"2025-02-06T17:12:15","slug":"ai-detector","status":"publish","type":"page","link":"https:\/\/paper-checker.com\/cs\/ai-detector\/","title":{"rendered":"Ov\u011b\u0159te autenticitu pomoc\u00ed detekce AI"},"content":{"rendered":"<h2>Co je detekce obsahu AI na Paper-Checker.com?<\/h2>\n<div class=\"container\">\n<div class=\"row pt-70 pb-60\">\n<div class=\"col col-12 col-xs-12 col-sm-12 col-md-6 col-lg-6\">\n<div class=\"img-block\"><img decoding=\"async\" style=\"max-width: 100%;\" src=\"\/wp-content\/themes\/main\/images\/man-typing.png\" alt=\"\" \/><\/div>\n<\/div>\n<div class=\"col col-12 col-xs-12 col-sm-12 col-md-6 col-lg-6\">\n<p>V dynamick\u00e9m digit\u00e1ln\u00edm sv\u011bt\u011b je generovan\u00fd obsah AI v pr\u016fb\u011bhu akademie, marketingu a zpr\u00e1vnosti st\u00e1le v\u00edce p\u0159\u00edtomn\u00fd. Zat\u00edmco AI nab\u00edz\u00ed d\u016fle\u017eitou podporu pro \u00fakoly s psan\u00edm, vyvol\u00e1v\u00e1 obavy ohledn\u011b originality a autenticity. Paper-Checker.com je expertn\u011b navr\u017een k detekci textu generovan\u00e9ho AI, umo\u017e\u0148uj\u00edc\u00ed u\u017eivatel\u016fm ov\u011b\u0159it, zda jejich obsah skute\u010dn\u011b byl vytvo\u0159en lidsk\u00fdmi rukama a trustworthy.<\/p>\n<h3 class=\"h4\">V\u00fdznam za na\u0161\u00ed detekc\u00ed obsahu AI<\/h3>\n<p>Na Paper-Checker.com na\u0161a detekce obsahu AI z\u00e1vis\u00ed na pokro\u010dil\u00fdch strojov\u011b u\u010d\u00edc\u00edch model\u016fch, kter\u00e9 p\u0159esn\u011b analyzuji jazykov\u00e9 vzory a styl psan\u00ed. Tyto nejnov\u011bj\u0161\u00ed algoritmy mohou detekovat i nejtichlej\u0161\u00ed rozd\u00edly mezi textem napsan\u00fdm lidsk\u00fdmi rukama a textem generovan\u00fdm AI, co\u017e zaji\u0161\u0165uje vynikaj\u00edc\u00ed p\u0159esnost.<\/p>\n<p>Na\u0161e technologie se st\u00e1le vylep\u0161uj\u00ed a pravideln\u011b aktualizujeme je, aby byly vedeny k nov\u00fdm pokro\u010dil\u00fdm form\u00e1m generov\u00e1n\u00ed obsahu AI. Na rozd\u00edl od tradi\u010dn\u00edch n\u00e1stroj\u016f pro detekci, kter\u00e9 se z\u00e1kladn\u011b na porovn\u00e1n\u00ed s datab\u00e1zemi pod\u00edvaj\u00ed, na\u0161i detektor AI se hluboce vstupuje do strukturn\u00edch detail\u016f psan\u00ed a hodnot\u00ed, zda je pravd\u011bpodobn\u00e9, \u017ee bylo generov\u00e1no strojem. Tato sofistikovan\u00e1 metoda zaji\u0161\u0165uje rychl\u00e9 a spolehliv\u00e9 v\u00fdsledky, poskytuj\u00edc\u00ed \u00farove\u0148 d\u016fv\u011bry a konfidenc\u00ed, kterou m\u016f\u017eete d\u016fv\u011b\u0159ovat.<\/p>\n<\/div>\n<\/div>\n<div class=\"row pt-40 pb-60\">\n<div class=\"col col-12 col-sm-12\">\n<div class=\"dark-info ai-detector\">\n<div class=\"dark-info-container\">\n<div class=\"title\">API detekce obsahu AI<\/div>\n<div class=\"middle-info-block\">\n<div class=\"info-block-item\" role=\"presentation\">\n<div class=\"info-title\">Podpora 24\/7 <img decoding=\"async\" src=\"\/wp-content\/themes\/main\/images\/support_icon.svg\" alt=\"icon\" \/><\/div>\n<div class=\"info-text\">M\u016f\u017eete se k na\u0161\u00ed t\u00fdmu podpory obr\u00e1tit v ka\u017ed\u00e9m okam\u017eiku a z\u00edskat okam\u017eit\u00e9 pomoc.<\/div>\n<\/div>\n<div class=\"info-block-item\" role=\"presentation\">\n<div><\/div>\n<div class=\"info-title\">Rozumn\u00e9 ceny<\/div>\n<div class=\"info-text\">Poskytujeme vysokokvalitativn\u00ed slu\u017eby na p\u0159ijateln\u00fdch cenech.<\/div>\n<\/div>\n<\/div>\n<div class=\"dark-info-text\">\n<p>Kdy\u017e je originalita d\u016fle\u017eit\u00e9, Paper-Checker.com je \u0159e\u0161en\u00ed, kter\u00e9 m\u016f\u017eete d\u016fv\u011b\u0159ovat pro p\u0159esnou detekci obsahu AI. Ochr\u00e1nit svou pr\u00e1ci p\u0159ed rastouc\u00edmi p\u0159\u00edtomnost\u00ed generovan\u00e9ho textu AI a vz\u00edt kontrolu nad jeho kvalitou a autenticitou. S pokro\u010dil\u00fdm technologi\u00ed pro detekci pom\u00e1h\u00e1me v\u00e1m z\u016fstat na hranici novin. D\u016fv\u011b\u0159ujte Paper-Checker.com, aby v\u017edy poskytoval spolehliv\u00e9 v\u00fdsledky.<\/p>\n<p><a class=\"btn btn-green\">Zkuste detekci AI te\u010f<\/a><\/p>\n<\/div>\n<\/div>\n<\/div>\n<\/div>\n<\/div>\n<div class=\"row\">\n<div class=\"col col-12 col-sm-12\">\n<div class=\"green-top-subtitle center mb_-6\">Na\u0161e v\u00fdhody<\/div>\n<h2>Kl\u00ed\u010dov\u00e9 funkce na\u0161eho n\u00e1stroje<\/h2>\n<div class=\"subtitle maxw-600 align-center pb-20\">Paper-Checker.com\u2019s AI content detection tool stands out for its advanced features designed to make the process simple yet effective:<\/div>\n<div class=\"our-advantages-table\">\n<div class=\"advantages-item\">\n<div class=\"top-line\"><img decoding=\"async\" src=\"\/wp-content\/themes\/main\/images\/scanningdepth_icon.svg\" alt=\"icon\" \/><span class=\"title\">Vysok\u00e1 p\u0159esnost detekce<\/span><\/div>\n<div class=\"text\">Podporovan\u00e9 pokro\u010dil\u00fdmi strojov\u011b u\u010d\u00edc\u00ed modely, na\u0161i n\u00e1stroj poskytuje p\u0159esn\u00e9 v\u00fdsledky a p\u0159esn\u011b rozli\u0161uje generovan\u00fd text AI od lidsk\u00e9ho psan\u00ed.<\/div>\n<\/div>\n<div class=\"advantages-item\">\n<div class=\"top-line\"><img decoding=\"async\" src=\"\/wp-content\/themes\/main\/images\/instant_results_icon.svg\" alt=\"icon\" \/><span class=\"title\">Re\u00e1ln\u011b \u010dasov\u00e1 detekce<\/span><\/div>\n<div class=\"text\">\u010cas je kl\u00ed\u010dov\u00fdm faktorem. Na\u0161i nejrychlej\u0161\u00ed syst\u00e9m poskytuje komplexn\u00ed v\u00fdsledky za sekundy, umo\u017e\u0148uj\u00edc\u00ed okam\u017eit\u00e9 revize bez prodlevy.<\/div>\n<\/div>\n<div class=\"advantages-item\">\n<div class=\"top-line\"><img decoding=\"async\" src=\"\/wp-content\/themes\/main\/images\/interface_icon.svg\" alt=\"icon\" \/><span class=\"title\">U\u017eivatelsky p\u0159\u00e1telstv\u00ed rozhran\u00ed<\/span><\/div>\n<div class=\"text\">Intuitivn\u00ed layout n\u00e1stroje usnad\u0148uje pou\u017e\u00edv\u00e1n\u00ed, i kdy\u017e nem\u00e1te technick\u00e9 znalosti.<\/div>\n<\/div>\n<div class=\"advantages-item\">\n<div class=\"top-line\"><img decoding=\"async\" src=\"\/wp-content\/themes\/main\/images\/insights_icon.svg\" alt=\"icon\" \/><span class=\"title\">Komplexn\u00ed reporty<\/span><\/div>\n<div class=\"text\">Na\u0161i n\u00e1stroj nejen \u0159\u00edk\u00e1, zda je obsah AI detekov\u00e1n \u2013 poskytuje pln\u00fd rozbor a vystihuje konkr\u00e9tn\u00ed \u010d\u00e1sti textu, kter\u00e9 jsou pravd\u011bpodobn\u00e9 generovan\u00e9 AI.<\/div>\n<\/div>\n<div class=\"advantages-item\">\n<div class=\"top-line\"><img decoding=\"async\" src=\"\/wp-content\/themes\/main\/images\/safety__icon.svg\" alt=\"icon\" \/><span class=\"title\">Podpora v\u00edce form\u00e1t\u016f<\/span><\/div>\n<div class=\"text\">Bu\u010f pracujete s prost\u00fdm textem, PDF nebo jin\u00fdmi form\u00e1ty, na\u0161i n\u00e1stroj m\u016f\u017ee to v\u0161echno zvl\u00e1dnout a nab\u00edz\u00ed flexibilitu pro r\u016fzn\u00e9 p\u0159\u00edpady pou\u017eit\u00ed.<\/div>\n<\/div>\n<div class=\"advantages-item\">\n<div class=\"top-line\"><img decoding=\"async\" src=\"\/wp-content\/themes\/main\/images\/adventures_privacy_icon.svg\" alt=\"icon\" \/><span class=\"title\">Z\u00e1ruka soukrom\u00ed<\/span><\/div>\n<div class=\"text\">Va\u0161e data jsou bezpe\u010dn\u00e1 s n\u00e1mi. Nikdy neukl\u00e1d\u00e1me ani sd\u00edl\u00edme \u017e\u00e1dn\u00fd z odeslan\u00e9ho obsahu, co\u017e zajistuje pln\u00e9 soukrom\u00ed.<\/div>\n<\/div>\n<\/div>\n<\/div>\n<\/div>\n<\/div>\n<div class=\"blue-bg-block how-check vertical-steps long-titles\">\n<div class=\"container\">\n<div class=\"row\">\n<div class=\"col col-12 col-sm-12\">\n<div><\/div>\n<div class=\"green-top-subtitle\">Jak to funguje<\/div>\n<h2>Jak vyu\u017e\u00edt Paper-Checker.com k nejlep\u0161\u00edmu v\u00fdsledku<\/h2>\n<div class=\"vertical-steps-content\">\n<div class=\"vertical-step-icon\">\n<div class=\"top-part\"><img decoding=\"async\" src=\"\/wp-content\/themes\/main\/images\/step_profile_icon.png\" alt=\"icon\" \/><span class=\"title\">01. Nahrajte nebo vlo\u017ete sv\u016fj obsah<\/span><\/div>\n<p>P\u0159ipraven jste za\u010d\u00edt? Jen nahrajte sv\u016fj dokument nebo vlo\u017ete text do na\u0161\u00ed n\u00e1stroje pro detekci plagiatu. Je to rychl\u00e9, snadn\u00e9 a bezprobl\u00e9mov\u00e9.<\/p>\n<\/div>\n<div class=\"vertical-step-icon\">\n<div class=\"top-part\"><img decoding=\"async\" src=\"\/wp-content\/themes\/main\/images\/step_pricing_icon.png\" alt=\"icon\" \/><span class=\"title\">02. Spus\u0165te detekci plagiatu<\/span><\/div>\n<p>Klece tla\u010d\u00edtko &#8220;Zkontrolujte plagiat&#8221; a nechte na\u0161i pokro\u010dil\u00fd syst\u00e9m prov\u00e9st svou pr\u00e1ci. Poj\u010fte se pohodln\u011b a relaxujte \u2013 budeme se postaral\u00ed o to.<\/p>\n<\/div>\n<div class=\"vertical-step-icon\">\n<div class=\"top-part\"><img decoding=\"async\" src=\"\/wp-content\/themes\/main\/images\/step_process_icon.png\" alt=\"icon\" \/><span class=\"title\">03. Zkontrolujte sv\u016fj osobn\u00ed report<\/span><\/div>\n<p>V chv\u00edli bude dost\u00e1vat detailn\u00ed report, kter\u00fd vystihuje jak\u00e9koli p\u0159\u00edpady plagiatu. Pomoc\u00ed tohoto d\u016fle\u017eit\u00e9ho zp\u011btn\u00e9 vazby m\u016f\u017eete fin\u00e1ln\u00ed verzi pol\u00edbit.<\/p>\n<\/div>\n<div class=\"vertical-step-icon last\">\n<div class=\"top-part\"><img decoding=\"async\" src=\"\/wp-content\/themes\/main\/images\/step_score_icon.png\" alt=\"icon\" \/><span class=\"title\">04. Uperfektnujte a chr\u00e1n\u011bte sv\u016fj pr\u00e1ci<\/span><\/div>\n<p>Ud\u011blejte nutn\u00e9 \u00fapravy, bu\u010f p\u0159ephr\u00e1\u0161en\u00edm, p\u0159id\u00e1n\u00edm citac\u00ed nebo odstran\u011bn\u00ed n\u00e1siln\u011bj\u0161\u00edho obsahu. Zajist\u011bte, aby kone\u010dn\u00fd \u010dl\u00e1nek byl pol\u00edben a autenticky v\u00e1m pat\u0159il.<\/p>\n<\/div>\n<\/div>\n<\/div>\n<\/div>\n<div class=\"row\">\n<div class=\"col col-12 col-sm-12\">\n<div class=\"dark-info di-green-icon elevate-text\">\n<div class=\"header\">Zlep\u0161ete <span class=\"grey-text\">sv\u00e9 psan\u00ed.<\/span> chr\u00e1n\u011bte <span class=\"grey-text\">svou integritu.<\/span><span class=\"grey-text\"> Vyberte <\/span> Paper-Checker.com.<\/div>\n<p><a class=\"btn btn-green\">Za\u010dn\u011bte kontrolovat<\/a><\/p>\n<\/div>\n<\/div>\n<\/div>\n<\/div>\n<\/div>\n","protected":false},"excerpt":{"rendered":"<p>Co je detekce obsahu AI na Paper-Checker.com? V dynamick\u00e9m digit\u00e1ln\u00edm sv\u011bt\u011b je generovan\u00fd obsah AI v pr\u016fb\u011bhu akademie, marketingu a zpr\u00e1vnosti st\u00e1le v\u00edce p\u0159\u00edtomn\u00fd. Zat\u00edmco AI nab\u00edz\u00ed d\u016fle\u017eitou podporu pro \u00fakoly s psan\u00edm, vyvol\u00e1v\u00e1 obavy ohledn\u011b originality a autenticity. Paper-Checker.com je expertn\u011b navr\u017een k detekci textu generovan\u00e9ho AI, umo\u017e\u0148uj\u00edc\u00ed u\u017eivatel\u016fm ov\u011b\u0159it, zda jejich obsah skute\u010dn\u011b byl vytvo\u0159en lidsk\u00fdmi rukama a.<\/p>\n","protected":false},"author":1,"featured_media":0,"parent":0,"menu_order":0,"comment_status":"closed","ping_status":"closed","template":"tpl-landing-page.php","meta":{"_acf_changed":false,"_yoast_wpseo_title":"Kontrolor AI pro originalitu | P\u0159esn\u00e1 detekce obsahu AI","_yoast_wpseo_metadesc":"Kontrolor AI od Paper-Checker.com detekuje generovan\u00fd text AI s p\u0159esnost\u00ed a rychlost\u00ed, zajistuj\u00edc\u00ed originalitu v akademick\u00e9m, profesion\u00e1ln\u00edm a kreativn\u00edm psan\u00ed.","_locale":"cs_CZ","_original_post":"http:\/\/paper-checker.com.loc\/?page_id=68","iawp_total_views":4,"footnotes":""},"class_list":["post-541","page","type-page","status-publish","hentry","cs-CZ"],"acf":[],"yoast_head":"<!-- This site is optimized with the Yoast SEO plugin v27.4 - https:\/\/yoast.com\/product\/yoast-seo-wordpress\/ -->\n<title>Kontrolor AI pro originalitu | P\u0159esn\u00e1 detekce obsahu AI<\/title>\n<meta name=\"description\" content=\"Kontrolor AI od Paper-Checker.com detekuje generovan\u00fd text AI s p\u0159esnost\u00ed a rychlost\u00ed, zajistuj\u00edc\u00ed originalitu v akademick\u00e9m, profesion\u00e1ln\u00edm a kreativn\u00edm psan\u00ed.\" \/>\n<meta name=\"robots\" content=\"index, follow, max-snippet:-1, max-image-preview:large, max-video-preview:-1\" \/>\n<link rel=\"canonical\" href=\"https:\/\/paper-checker.com\/cs\/ai-detector\/\" \/>\n<meta property=\"og:locale\" content=\"cs_CZ\" \/>\n<meta property=\"og:type\" content=\"article\" \/>\n<meta property=\"og:title\" content=\"Kontrolor AI pro originalitu | P\u0159esn\u00e1 detekce obsahu AI\" \/>\n<meta property=\"og:description\" content=\"Kontrolor AI od Paper-Checker.com detekuje generovan\u00fd text AI s p\u0159esnost\u00ed a rychlost\u00ed, zajistuj\u00edc\u00ed originalitu v akademick\u00e9m, profesion\u00e1ln\u00edm a kreativn\u00edm psan\u00ed.\" \/>\n<meta property=\"og:url\" content=\"https:\/\/paper-checker.com\/cs\/ai-detector\/\" \/>\n<meta property=\"og:site_name\" content=\"Paper Checker\" \/>\n<meta property=\"article:modified_time\" content=\"2025-02-06T17:12:15+00:00\" \/>\n<meta property=\"og:image\" content=\"https:\/\/paper-checker.com\/wp-content\/uploads\/2024\/12\/home.jpg\" \/>\n\t<meta property=\"og:image:width\" content=\"1200\" \/>\n\t<meta property=\"og:image:height\" content=\"675\" \/>\n\t<meta property=\"og:image:type\" content=\"image\/jpeg\" \/>\n<meta name=\"twitter:card\" content=\"summary_large_image\" \/>\n<meta name=\"twitter:label1\" content=\"Odhadovan\u00e1 doba \u010dten\u00ed\" \/>\n\t<meta name=\"twitter:data1\" content=\"5 minut\" \/>\n<!-- \/ Yoast SEO plugin. -->","yoast_head_json":{"title":"Kontrolor AI pro originalitu | P\u0159esn\u00e1 detekce obsahu AI","description":"Kontrolor AI od Paper-Checker.com detekuje generovan\u00fd text AI s p\u0159esnost\u00ed a rychlost\u00ed, zajistuj\u00edc\u00ed originalitu v akademick\u00e9m, profesion\u00e1ln\u00edm a kreativn\u00edm psan\u00ed.","robots":{"index":"index","follow":"follow","max-snippet":"max-snippet:-1","max-image-preview":"max-image-preview:large","max-video-preview":"max-video-preview:-1"},"canonical":"https:\/\/paper-checker.com\/cs\/ai-detector\/","og_locale":"cs_CZ","og_type":"article","og_title":"Kontrolor AI pro originalitu | P\u0159esn\u00e1 detekce obsahu AI","og_description":"Kontrolor AI od Paper-Checker.com detekuje generovan\u00fd text AI s p\u0159esnost\u00ed a rychlost\u00ed, zajistuj\u00edc\u00ed originalitu v akademick\u00e9m, profesion\u00e1ln\u00edm a kreativn\u00edm psan\u00ed.","og_url":"https:\/\/paper-checker.com\/cs\/ai-detector\/","og_site_name":"Paper Checker","article_modified_time":"2025-02-06T17:12:15+00:00","og_image":[{"width":1200,"height":675,"url":"https:\/\/paper-checker.com\/wp-content\/uploads\/2024\/12\/home.jpg","type":"image\/jpeg"}],"twitter_card":"summary_large_image","twitter_misc":{"Odhadovan\u00e1 doba \u010dten\u00ed":"5 minut"},"schema":{"@context":"https:\/\/schema.org","@graph":[{"@type":"WebPage","@id":"https:\/\/paper-checker.com\/cs\/ai-detector\/","url":"https:\/\/paper-checker.com\/cs\/ai-detector\/","name":"Kontrolor AI pro originalitu | P\u0159esn\u00e1 detekce obsahu AI","isPartOf":{"@id":"https:\/\/paper-checker.com\/#website"},"datePublished":"2024-12-23T08:30:35+00:00","dateModified":"2025-02-06T17:12:15+00:00","description":"Kontrolor AI od Paper-Checker.com detekuje generovan\u00fd text AI s p\u0159esnost\u00ed a rychlost\u00ed, zajistuj\u00edc\u00ed originalitu v akademick\u00e9m, profesion\u00e1ln\u00edm a kreativn\u00edm psan\u00ed.","breadcrumb":{"@id":"https:\/\/paper-checker.com\/cs\/ai-detector\/#breadcrumb"},"inLanguage":"cs","potentialAction":[{"@type":"ReadAction","target":["https:\/\/paper-checker.com\/cs\/ai-detector\/"]}]},{"@type":"BreadcrumbList","@id":"https:\/\/paper-checker.com\/cs\/ai-detector\/#breadcrumb","itemListElement":[{"@type":"ListItem","position":1,"name":"Home","item":"https:\/\/paper-checker.com\/cs\/"},{"@type":"ListItem","position":2,"name":"Ov\u011b\u0159te autenticitu pomoc\u00ed detekce AI"}]},{"@type":"WebSite","@id":"https:\/\/paper-checker.com\/#website","url":"https:\/\/paper-checker.com\/","name":"Paper Checker","description":"","publisher":{"@id":"https:\/\/paper-checker.com\/#organization"},"potentialAction":[{"@type":"SearchAction","target":{"@type":"EntryPoint","urlTemplate":"https:\/\/paper-checker.com\/?s={search_term_string}"},"query-input":{"@type":"PropertyValueSpecification","valueRequired":true,"valueName":"search_term_string"}}],"inLanguage":"cs"},{"@type":"Organization","@id":"https:\/\/paper-checker.com\/#organization","name":"Paper Checker","url":"https:\/\/paper-checker.com\/","logo":{"@type":"ImageObject","inLanguage":"cs","@id":"https:\/\/paper-checker.com\/#\/schema\/logo\/image\/","url":"https:\/\/paper-checker.com\/wp-content\/uploads\/2024\/12\/Group.png","contentUrl":"https:\/\/paper-checker.com\/wp-content\/uploads\/2024\/12\/Group.png","width":30,"height":30,"caption":"Paper Checker"},"image":{"@id":"https:\/\/paper-checker.com\/#\/schema\/logo\/image\/"}}]}},"_links":{"self":[{"href":"https:\/\/paper-checker.com\/wp-json\/wp\/v2\/pages\/541","targetHints":{"allow":["GET"]}}],"collection":[{"href":"https:\/\/paper-checker.com\/wp-json\/wp\/v2\/pages"}],"about":[{"href":"https:\/\/paper-checker.com\/wp-json\/wp\/v2\/types\/page"}],"author":[{"embeddable":true,"href":"https:\/\/paper-checker.com\/wp-json\/wp\/v2\/users\/1"}],"replies":[{"embeddable":true,"href":"https:\/\/paper-checker.com\/wp-json\/wp\/v2\/comments?post=541"}],"version-history":[{"count":6,"href":"https:\/\/paper-checker.com\/wp-json\/wp\/v2\/pages\/541\/revisions"}],"predecessor-version":[{"id":2935,"href":"https:\/\/paper-checker.com\/wp-json\/wp\/v2\/pages\/541\/revisions\/2935"}],"wp:attachment":[{"href":"https:\/\/paper-checker.com\/wp-json\/wp\/v2\/media?parent=541"}],"curies":[{"name":"wp","href":"https:\/\/api.w.org\/{rel}","templated":true}]}}