{"id":579,"date":"2024-12-23T08:30:35","date_gmt":"2024-12-23T08:30:35","guid":{"rendered":"https:\/\/paper-checker.com\/?page_id=579"},"modified":"2024-12-23T08:30:35","modified_gmt":"2024-12-23T08:30:35","slug":"sign-up","status":"publish","type":"page","link":"https:\/\/paper-checker.com\/cs\/sign-up\/","title":{"rendered":"P\u0159ihl\u00e1sit se te\u010f!"},"content":{"rendered":"","protected":false},"excerpt":{"rendered":"<\/p>\n","protected":false},"author":1,"featured_media":0,"parent":0,"menu_order":0,"comment_status":"closed","ping_status":"closed","template":"","meta":{"_acf_changed":false,"_yoast_wpseo_title":"Zaregistrujte se u Paper-Checker | Rychl\u00e1 a p\u0159esn\u00e1 detekce plagiatu","_yoast_wpseo_metadesc":"Zaregistrujte se na Paper-Checker.com pro p\u0159\u00edstup k n\u00e1stroj\u016fm detekce plagiatu a AI. Vylep\u0161ete sv\u00e9 psan\u00ed s p\u0159esnost\u00ed a v\u011bdom\u00edm.","_locale":"cs_CZ","_original_post":"http:\/\/paper-checker.com.loc\/?page_id=65","iawp_total_views":2,"footnotes":""},"class_list":["post-579","page","type-page","status-publish","hentry","cs-CZ"],"acf":[],"yoast_head":"<!-- This site is optimized with the Yoast SEO plugin v27.5 - https:\/\/yoast.com\/product\/yoast-seo-wordpress\/ -->\n<title>Zaregistrujte se u Paper-Checker | Rychl\u00e1 a p\u0159esn\u00e1 detekce plagiatu<\/title>\n<meta name=\"description\" content=\"Zaregistrujte se na Paper-Checker.com pro p\u0159\u00edstup k n\u00e1stroj\u016fm detekce plagiatu a AI. Vylep\u0161ete sv\u00e9 psan\u00ed s p\u0159esnost\u00ed a v\u011bdom\u00edm.\" \/>\n<meta name=\"robots\" content=\"index, follow, max-snippet:-1, max-image-preview:large, max-video-preview:-1\" \/>\n<link rel=\"canonical\" href=\"https:\/\/paper-checker.com\/cs\/sign-up\/\" \/>\n<meta property=\"og:locale\" content=\"cs_CZ\" \/>\n<meta property=\"og:type\" content=\"article\" \/>\n<meta property=\"og:title\" content=\"Zaregistrujte se u Paper-Checker | Rychl\u00e1 a p\u0159esn\u00e1 detekce plagiatu\" \/>\n<meta property=\"og:description\" content=\"Zaregistrujte se na Paper-Checker.com pro p\u0159\u00edstup k n\u00e1stroj\u016fm detekce plagiatu a AI. Vylep\u0161ete sv\u00e9 psan\u00ed s p\u0159esnost\u00ed a v\u011bdom\u00edm.\" \/>\n<meta property=\"og:url\" content=\"https:\/\/paper-checker.com\/cs\/sign-up\/\" \/>\n<meta property=\"og:site_name\" content=\"Paper Checker\" \/>\n<meta property=\"og:image\" content=\"https:\/\/paper-checker.com\/wp-content\/uploads\/2024\/12\/home.jpg\" \/>\n\t<meta property=\"og:image:width\" content=\"1200\" \/>\n\t<meta property=\"og:image:height\" content=\"675\" \/>\n\t<meta property=\"og:image:type\" content=\"image\/jpeg\" \/>\n<meta name=\"twitter:card\" content=\"summary_large_image\" \/>\n<!-- \/ Yoast SEO plugin. -->","yoast_head_json":{"title":"Zaregistrujte se u Paper-Checker | Rychl\u00e1 a p\u0159esn\u00e1 detekce plagiatu","description":"Zaregistrujte se na Paper-Checker.com pro p\u0159\u00edstup k n\u00e1stroj\u016fm detekce plagiatu a AI. Vylep\u0161ete sv\u00e9 psan\u00ed s p\u0159esnost\u00ed a v\u011bdom\u00edm.","robots":{"index":"index","follow":"follow","max-snippet":"max-snippet:-1","max-image-preview":"max-image-preview:large","max-video-preview":"max-video-preview:-1"},"canonical":"https:\/\/paper-checker.com\/cs\/sign-up\/","og_locale":"cs_CZ","og_type":"article","og_title":"Zaregistrujte se u Paper-Checker | Rychl\u00e1 a p\u0159esn\u00e1 detekce plagiatu","og_description":"Zaregistrujte se na Paper-Checker.com pro p\u0159\u00edstup k n\u00e1stroj\u016fm detekce plagiatu a AI. Vylep\u0161ete sv\u00e9 psan\u00ed s p\u0159esnost\u00ed a v\u011bdom\u00edm.","og_url":"https:\/\/paper-checker.com\/cs\/sign-up\/","og_site_name":"Paper Checker","og_image":[{"width":1200,"height":675,"url":"https:\/\/paper-checker.com\/wp-content\/uploads\/2024\/12\/home.jpg","type":"image\/jpeg"}],"twitter_card":"summary_large_image","schema":{"@context":"https:\/\/schema.org","@graph":[{"@type":"WebPage","@id":"https:\/\/paper-checker.com\/cs\/sign-up\/","url":"https:\/\/paper-checker.com\/cs\/sign-up\/","name":"Zaregistrujte se u Paper-Checker | Rychl\u00e1 a p\u0159esn\u00e1 detekce plagiatu","isPartOf":{"@id":"https:\/\/paper-checker.com\/#website"},"datePublished":"2024-12-23T08:30:35+00:00","description":"Zaregistrujte se na Paper-Checker.com pro p\u0159\u00edstup k n\u00e1stroj\u016fm detekce plagiatu a AI. Vylep\u0161ete sv\u00e9 psan\u00ed s p\u0159esnost\u00ed a v\u011bdom\u00edm.","breadcrumb":{"@id":"https:\/\/paper-checker.com\/cs\/sign-up\/#breadcrumb"},"inLanguage":"cs","potentialAction":[{"@type":"ReadAction","target":["https:\/\/paper-checker.com\/cs\/sign-up\/"]}]},{"@type":"BreadcrumbList","@id":"https:\/\/paper-checker.com\/cs\/sign-up\/#breadcrumb","itemListElement":[{"@type":"ListItem","position":1,"name":"Home","item":"https:\/\/paper-checker.com\/cs\/"},{"@type":"ListItem","position":2,"name":"P\u0159ihl\u00e1sit se te\u010f!"}]},{"@type":"WebSite","@id":"https:\/\/paper-checker.com\/#website","url":"https:\/\/paper-checker.com\/","name":"Paper Checker","description":"","publisher":{"@id":"https:\/\/paper-checker.com\/#organization"},"potentialAction":[{"@type":"SearchAction","target":{"@type":"EntryPoint","urlTemplate":"https:\/\/paper-checker.com\/?s={search_term_string}"},"query-input":{"@type":"PropertyValueSpecification","valueRequired":true,"valueName":"search_term_string"}}],"inLanguage":"cs"},{"@type":"Organization","@id":"https:\/\/paper-checker.com\/#organization","name":"Paper Checker","url":"https:\/\/paper-checker.com\/","logo":{"@type":"ImageObject","inLanguage":"cs","@id":"https:\/\/paper-checker.com\/#\/schema\/logo\/image\/","url":"https:\/\/paper-checker.com\/wp-content\/uploads\/2024\/12\/Group.png","contentUrl":"https:\/\/paper-checker.com\/wp-content\/uploads\/2024\/12\/Group.png","width":30,"height":30,"caption":"Paper Checker"},"image":{"@id":"https:\/\/paper-checker.com\/#\/schema\/logo\/image\/"}}]}},"_links":{"self":[{"href":"https:\/\/paper-checker.com\/wp-json\/wp\/v2\/pages\/579","targetHints":{"allow":["GET"]}}],"collection":[{"href":"https:\/\/paper-checker.com\/wp-json\/wp\/v2\/pages"}],"about":[{"href":"https:\/\/paper-checker.com\/wp-json\/wp\/v2\/types\/page"}],"author":[{"embeddable":true,"href":"https:\/\/paper-checker.com\/wp-json\/wp\/v2\/users\/1"}],"replies":[{"embeddable":true,"href":"https:\/\/paper-checker.com\/wp-json\/wp\/v2\/comments?post=579"}],"version-history":[{"count":1,"href":"https:\/\/paper-checker.com\/wp-json\/wp\/v2\/pages\/579\/revisions"}],"predecessor-version":[{"id":580,"href":"https:\/\/paper-checker.com\/wp-json\/wp\/v2\/pages\/579\/revisions\/580"}],"wp:attachment":[{"href":"https:\/\/paper-checker.com\/wp-json\/wp\/v2\/media?parent=579"}],"curies":[{"name":"wp","href":"https:\/\/api.w.org\/{rel}","templated":true}]}}