{"id":617,"date":"2024-12-23T08:30:35","date_gmt":"2024-12-23T08:30:35","guid":{"rendered":"https:\/\/paper-checker.com\/?page_id=617"},"modified":"2024-12-23T08:30:35","modified_gmt":"2024-12-23T08:30:35","slug":"plagiarism-check","status":"publish","type":"page","link":"https:\/\/paper-checker.com\/cs\/plagiarism-check\/","title":{"rendered":"Zkontrolujte p\u0159\u00edb\u011bh na plagiat."},"content":{"rendered":"<div class=\"effective-check\">\n<div class=\"container\">\n<div class=\"row\">\n<div class=\"col col-12 col-xs-12 col-sm-12 col-md-12 center\">\n<h2>Pro\u010d si vyberte Paper-Checker.com pro detekci plagiatu?<\/h2>\n<\/div>\n<div class=\"col col-12 col-xs-12 col-sm-12 col-md-6 col-lg-6\">\n<div class=\"effective-check-text\">\n<p>P\u016fvodnost je z\u00e1kladem d\u016fv\u011bry a \u00fasp\u011bchu v jak\u00e9mkoli oblasti. Na Paper-Checker.com pochop\u00edme v\u00fdznam ochrany va\u0161eho pr\u00e1ce p\u0159ed plagiatem. Nesnaze se jen spl\u0148ovat o\u010dek\u00e1v\u00e1n\u00ed \u2013 je to o tom, abyste chr\u00e1nili svou kredibilitu a zobrazovali sv\u00e9 jedine\u010dn\u00e9 my\u0161lenky. Na\u0161e slu\u017eba pro detekci plagiatu je navr\u017eena tak, aby v\u00e1m pomohla dos\u00e1hnout t\u011bchto c\u00edl\u016f s n\u00e1zorym a konfidenc\u00ed. Podporovan\u00e1 pokro\u010dil\u00fdmi technologiemi, na\u0161i syst\u00e9m minule revizuje va\u0161i pr\u00e1ci a identifikuje jak\u00fdkoli zkop\u00edrovan\u00fd nebo nedorozum\u011blezen\u011b duplikovan\u00fd obsah. Bez ohledu na to, jestli jste student s c\u00edlem akademick\u00e9ho \u00fasp\u011bchu nebo profesion\u00e1l upravuj\u00edc\u00ed svou reputaci, Paper-Checker.com zaji\u0161\u0165uje, \u017ee va\u0161e pr\u00e1ce z\u016fstane autentick\u00e1 a v\u00fdznamn\u00e1.<\/p>\n<\/div>\n<\/div>\n<div class=\"col col-12 col-xs-12 col-sm-12 col-md-6 col-lg-6\">\n<div class=\"effective-check-content\">\n<div class=\"effective-check-block\">\n<div class=\"header\">Revoluce my\u0161len\u00ed a tvorby<\/div>\n<div class=\"text\">Renaissance, kter\u00e1 trv\u00e1la od 14. do 17. stolet\u00ed, ozna\u010dila transformativn\u00ed obdob\u00ed v lidsk\u00e9 historii. Poch\u00e1zela z It\u00e1lie a slavil p\u0159\u00edrodn\u00ed revivace klasick\u00e9ho um\u011bn\u00ed, literatury a v\u011bdy, podporuj\u00edc\u00ed zalo\u017een\u00ed nov\u00fdch odkryt\u00ed a kulturn\u00edch zm\u011bn. Vyv\u00e1\u017een\u00ed jako Leonardo da Vinci a Galileo se odm\u00edtali tradi\u010dn\u00ed normy a kombinovali tvorbu s empirick\u00fdmi pozorov\u00e1n\u00edmi. Tento obdob\u00ed p\u0159edefinovalo um\u011bleck\u00e9 v\u00fdraz a zalo\u017eilo fundament pro modern\u00ed my\u0161lenku, zd\u016fraz\u0148uj\u00edc\u00ed jedine\u010dnost a inovaci.<\/div>\n<\/div>\n<div class=\"effective-double-images\"><img alt=\"plagiat\" decoding=\"async\" src=\"\/wp-content\/themes\/main\/images\/effect-plagiarism.png\"\/><br \/>\n<img alt=\"ai pravd\u011bpodobnost\" decoding=\"async\" src=\"\/wp-content\/themes\/main\/images\/effect-ai-probability.png\"\/><\/div>\n<\/div>\n<\/div>\n<\/div>\n<\/div>\n<\/div>\n<div class=\"container\">\n<div class=\"row\">\n<div class=\"col col-12\">\n<div class=\"dark-info students-info\">\n<div class=\"dark-info-container\">\n<div class=\"title\">Podrobn\u00e9 a spolehliv\u00e9 anal\u00fdzy<\/div>\n<div class=\"middle-info-block\">\n<div class=\"info-block-item\" role=\"presentation\">\n<div class=\"info-title\">500 000 klient\u016f <img alt=\"icon\" decoding=\"async\" src=\"\/wp-content\/themes\/main\/images\/customers_icon.png\"\/><\/div>\n<div class=\"info-text\">Na\u0161i s\u00ed\u0165 student\u016f, profesor\u016f a bloger\u016f<\/div>\n<\/div>\n<div class=\"info-block-item\" role=\"presentation\">\n<div class=\"info-title\">100% z\u00e1sada ochrany osobn\u00edch \u00fadaj\u016f <img alt=\"icon\" decoding=\"async\" src=\"\/wp-content\/themes\/main\/images\/privacy_icon.svg\"\/><\/div>\n<div class=\"info-text\">Z\u00e1ruka absolutn\u00ed tajemnictv\u00ed na\u0161ich klient\u016f<\/div>\n<\/div>\n<\/div>\n<div class=\"dark-info-text\">Na Paper-Checker.com zaji\u0161\u0165ujeme p\u016fvodnost va\u0161\u00ed pr\u00e1ce s nezam\u011b\u0159enou p\u0159esnost\u00ed. Na\u0161e pokro\u010dil\u00fd syst\u00e9m analyzuje obsah proti rozs\u00e1hl\u00fdm datab\u00e1z\u00edm a dod\u00e1v\u00e1 detailn\u00ed, snadno \u010diteln\u00e9 zpr\u00e1vy za minutu. Idealn\u00ed pro studenty, profesion\u00e1ly a vyu\u010duj\u00edc\u00ed, na\u0161e n\u00e1stroj pom\u00e1h\u00e1 udr\u017eet va\u0161e akademick\u00e9 pr\u00e1ce, profesion\u00e1ln\u00ed dokumenty a tvorcn\u00ed projekty autentick\u00fdmi a pravdiv\u00fdmi k va\u0161emu hlasu.<\/div>\n<\/div>\n<\/div>\n<\/div>\n<\/div>\n<div class=\"row\">\n<div class=\"col col-12 col-xs-12 col-sm-12\">\n<div class=\"unlocking-section\">\n<p><img alt=\"odemknut\u00ed\" decoding=\"async\" src=\"\/wp-content\/themes\/main\/images\/woman-with-notebook.png\"\/><\/p>\n<div class=\"unlocking-content\">\n<h3>Nov\u00e1 technologie za slu\u017ebou<\/h3>\n<p>To, co vyr\u00e1b\u00ed Paper-Checker.com mimo obdob\u00ed, je inovativn\u00ed technologie na jeho z\u00e1klad\u011b. Zde je to, co se o\u010dek\u00e1v\u00e1:<\/p>\n<ul>\n<li>\u0160patn\u011bj\u0161\u00ed algoritmy<\/li>\n<li>Kompletn\u00ed datab\u00e1z<\/li>\n<li>Zlep\u0161en\u00e1 p\u0159esnost<\/li>\n<li>Rychl\u00e9 a spolehliv\u00e9 v\u00fdsledky<\/li>\n<li>P\u0159\u00edv\u011btiv\u00e9 u\u017eivatelsk\u00e9 rozhran\u00ed<\/li>\n<li>Soust\u0159ed\u011bn na inovaci<\/li>\n<\/ul>\n<\/div>\n<\/div>\n<\/div>\n<\/div>\n<\/div>\n<div class=\"blue-bg-block scan-paper\">\n<div class=\"container\">\n<div class=\"row\">\n<div class=\"col col-12 col-sm-12 col-md-6 col-lg-6\">\n<div class=\"scan-text\">\n<h2>Jak pou\u017e\u00edvat Paper-Checker.com<\/h2>\n<p>Pou\u017e\u00edv\u00e1n\u00ed Paper-Checker.com je jednoduch\u00e9 a bezprobl\u00e9mov\u00e9. Jen nahrajte sv\u016fj dokument, a na\u0161i pokro\u010dil\u00fd syst\u00e9m za\u010dne pr\u00e1ci okam\u017eit\u011b. Za chv\u00edli je va\u0161e text analyzov\u00e1n proti rozs\u00e1hl\u00e9 datab\u00e1zi online zdroj\u016f, akademick\u00fdch \u010dl\u00e1nk\u016f a publikovan\u00fdch prac\u00ed. V\u00fdsledky jsou prezentov\u00e1ny v jasn\u00e9m, detailn\u00edm reportu, kter\u00fd zd\u016fraz\u0148uje jak\u00e9koli instance shodn\u00e9ho obsahu a poskytuje rozd\u011blen\u00ed p\u016fvodnosti.<\/p>\n<p>Na\u0161i p\u0159\u00edv\u011btiv\u00e9 u\u017eivatelsk\u00e9 rozhran\u00ed v\u00e1m umo\u017e\u0148uje snadno zkontrolovat a vy\u0159e\u0161it jak\u00e9koli obavy. Bez ohledu na to, jestli jste student odesl\u00e1n\u00edm \u00fakolu nebo profesion\u00e1l p\u0159ipravuj\u00edc\u00ed se zpr\u00e1vou, na\u0161e optimalizovan\u00fd proces v\u00e1m umo\u017e\u0148uje se zam\u011b\u0159it na co je nejd\u016fle\u017eit\u011bj\u0161\u00ed \u2013 tvorbu v\u00fdsoutkliv\u00e9 pr\u00e1ce.<\/p>\n<\/div>\n<\/div>\n<div class=\"col col-12 col-sm-12 col-md-6 col-lg-6\">\n<div class=\"short-drop-file\">\n<div class=\"drop-file-form\">\n<div class=\"drop-file-block\">\n<div class=\"more-than\">\n<img alt=\"zkontrolujte\" decoding=\"async\" src=\"\/wp-content\/themes\/main\/images\/blue-circle-check-icon.svg\"\/><\/p>\n<div class=\"text\"><b>v\u00edce ne\u017e<\/b> pouze detektor plagiatu<\/div>\n<\/div>\n<div class=\"drop-file-block-wrapper\">\n<div class=\"img-block\"><img alt=\"\u62d6\u653e\" decoding=\"async\" src=\"\/wp-content\/themes\/main\/images\/drop-files-block.png\"\/><\/div>\n<div class=\"top-part\">\n<div class=\"dark-text font-16\">Drag &amp; Drop soubory sem<\/div>\n<div>pro nahr\u00e1n\u00ed dokument\u016f k detekci plagiatu<\/div>\n<\/div>\n<p><button class=\"btn-green\">Nahrajte soubor<\/button><\/p>\n<div class=\"grey-separate-line\"><\/div>\n<div class=\"type-text\">Zde zadejte text<\/div>\n<div class=\"grey-btns-block\">\n<div class=\"btn btn-grey\"><img alt=\"icon\" decoding=\"async\" src=\"\/wp-content\/themes\/main\/images\/dropbox-img.svg\"\/>Dropbox<\/div>\n<div class=\"btn btn-grey\"><img alt=\"icon\" decoding=\"async\" src=\"\/wp-content\/themes\/main\/images\/onedrive-img.svg\"\/>OneDrive<\/div>\n<div class=\"btn btn-grey\"><img alt=\"icon\" decoding=\"async\" src=\"\/wp-content\/themes\/main\/images\/attach-file.svg\"\/>P\u0159ipojte soubor<\/div>\n<div class=\"btn btn-grey\"><img alt=\"icon\" decoding=\"async\" src=\"\/wp-content\/themes\/main\/images\/by-url.svg\"\/>podle URL<\/div>\n<\/div>\n<div class=\"blue-btns-block\">\n<div class=\"btn btn-blue-gradient with-shadow\"><img alt=\"icon\" decoding=\"async\" src=\"\/wp-content\/themes\/main\/images\/white-loop-img.svg\"\/>Detektor plagiatu<\/div>\n<div class=\"btn btn-blue-gradient-o\">\n<div class=\"btn-blue-gradient-o-wrap\">\n<img alt=\"icon\" decoding=\"async\" src=\"\/wp-content\/themes\/main\/images\/pictogrammers-robot.svg\"\/>AI Detector                    <\/div>\n<\/div>\n<\/div>\n<\/div>\n<\/div>\n<div class=\"drop-file-additional-options\">\n<div class=\"option-item ai\"><input checked=\"checked\" class=\"checkbox\" name=\"ai\" type=\"checkbox\"\/><label for=\"ai\">vyhled\u00e1v\u00e1n\u00ed AI textu<\/label><\/div>\n<div class=\"option-item latin-characters\"><input checked=\"checked\" class=\"checkbox\" name=\"latin-characters\" type=\"checkbox\"\/><label for=\"latin-characters\">jen latinka znaky<\/label><\/div>\n<div class=\"option-item references\"><input class=\"checkbox\" name=\"references\" type=\"checkbox\"\/><label for=\"references\">vylou\u010den\u00ed referenc\u00ed<\/label><\/div>\n<div class=\"option-item citation\"><input class=\"checkbox\" name=\"citations\" type=\"checkbox\"\/><label for=\"citations\">vylou\u010den\u00ed vlo\u017een\u00fdch citac\u00ed<\/label><\/div>\n<\/div>\n<div class=\"align-center bottom-btn\">\n<div class=\"device\"><img alt=\"line\" decoding=\"async\" src=\"\/wp-content\/themes\/main\/images\/devide-line.png\"\/><\/div>\n<p><a class=\"btn btn-blue-gradient\" href=\"\">Detektor plagiatu<\/a>\n<\/div>\n<\/div>\n<\/div>\n<\/div>\n<\/div>\n<\/div>\n<\/div>\n<div class=\"container\">\n<div class=\"row\">\n<div class=\"col col-12 col-xs-12 col-sm-12\">\n<div class=\"plag-checker-section\">\n<p><img alt=\"detektor plagiatu\" decoding=\"async\" src=\"\/wp-content\/themes\/main\/images\/plag-checker.png\"\/><\/p>\n<div class=\"plag-checker-content\">\n<h2>Kdo m\u016f\u017ee z\u00edskat v\u00fdhody od Paper-Checker.com?<\/h2>\n<ul>\n<li><strong>Studenti:<\/strong> Ov\u011b\u0159te autenticitu esej\u016f, v\u00fdzkumn\u00fdch pr\u00e1ci a \u00fakol\u016f, abyste udr\u017eeli akademickou integritu a vyhnuli necht\u011bn\u00e9mu plagiatu.<\/li>\n<li><strong>Vyu\u010duj\u00edc\u00ed:<\/strong> S d\u016fv\u011brou hodnotte p\u0159\u00edsp\u011bvky student\u016f, zaji\u0161\u0165ov\u00e1n\u00edm spravedliv\u00fdch a p\u0159esn\u00fdch hodnocen\u00ed.<\/li>\n<li><strong>Profesion\u00e1lov\u00e9:<\/strong> Ochr\u00e1n\u011bte p\u016fvodnost report\u016f, n\u00e1vrh\u016f a dal\u0161\u00edch obchodn\u00edch dokument\u016f, abyste udr\u017eeli kredibilitu a d\u016fv\u011bru.<\/li>\n<li><strong>Napsan\u00ed a bloger\u00e9:<\/strong> Zajist\u011bte, aby tvorcn\u00ed pr\u00e1ce, \u010dl\u00e1nky a p\u0159\u00edsp\u011bvky na blogu byly \u00fapln\u011b jedine\u010dn\u00e9, reprezentuj\u00edc\u00ed v\u00e1\u0161 osobn\u00ed styl a my\u0161lenku.<\/li>\n<li><strong>Vydavatel\u00e9:<\/strong> Ochr\u00e1n\u011bte se p\u0159ed duplikovan\u00fdm obsahem p\u0159ed publikac\u00ed, uchov\u00e1v\u00e1n\u00edm reputace a kvality va\u0161\u00ed zna\u010dky.<\/li>\n<\/ul>\n<\/div>\n<\/div>\n<\/div>\n<\/div>\n<div class=\"row tips-students\">\n<div class=\"col col-12 col-sm-12 col-md-6 col-lg-6\">\n<div class=\"tips-text\">\n<h3>Zajist\u011bte, aby va\u0161e pr\u00e1ce zaznamenalo pozornost<\/h3>\n<p>P\u016fvodnost je z\u00e1kladem d\u016fv\u011bry a \u00fasp\u011bchu, a s Paper-Checker.com m\u016f\u017eete s d\u016fv\u011brou ochr\u00e1nit svou pr\u00e1ci. Bez ohledu na to, jestli jste student s c\u00edlem akademick\u00e9ho \u00fasp\u011bchu, profesion\u00e1l upravuj\u00edc\u00ed svou reputaci nebo napsan\u00ed zajistuj\u00edc\u00ed autenticitu, na\u0161e slu\u017eba poskytuje n\u00e1stroje k ov\u011b\u0159en\u00ed a vylep\u0161en\u00ed va\u0161eho obsahu.<\/p>\n<p>Ujist\u011bte se o kvalitu a integritu sv\u00e9 pr\u00e1ce dnes. P\u0159ipojte se k tis\u00edc\u016fm lidem, kte\u0159\u00ed d\u016fv\u011b\u0159uj\u00ed Paper-Checker.com a pom\u00e1haj\u00ed sv\u00fdm my\u0161lenk\u00e1m sv\u00edtit.<\/p>\n<\/div>\n<\/div>\n<div class=\"col col-12 col-sm-12 col-md-6 col-lg-6\"><img alt=\"tipy\" decoding=\"async\" src=\"\/wp-content\/themes\/main\/images\/tips-students-img.png\"\/><\/div>\n<\/div>\n<div class=\"row\">\n<div class=\"col col-12 col-sm-12\">\n<div class=\"dark-info check-words\">\n<div class=\"header top-white-line\">Nech\u0165 nezahr\u00e1t <span class=\"light-green\">svou reputaci<\/span><\/div>\n<div class=\"text\" style=\"max-width: 800px;\"><span class=\"grey-text\">Za\u0159i\u010fte, aby p\u016fvodnost byla va\u0161\u00edm standardem s Paper-Checker.com!<\/span><\/div>\n<\/div>\n<\/div>\n<\/div>\n<\/div>\n","protected":false},"excerpt":{"rendered":"<p>Pro\u010d si vyberte Paper-Checker.com pro detekci plagiatu? P\u016fvodnost je z\u00e1kladem d\u016fv\u011bry a \u00fasp\u011bchu v jak\u00e9mkoli oblasti. Na Paper-Checker.com pochop\u00edme v\u00fdznam ochrany va\u0161eho pr\u00e1ce p\u0159ed plagiatem. Nesnaze se jen spl\u0148ovat o\u010dek\u00e1v\u00e1n\u00ed \u2013 je to o tom, abyste chr\u00e1nili svou kredibilitu a zobrazovali sv\u00e9 jedine\u010dn\u00e9 my\u0161lenky. Na\u0161e slu\u017eba pro detekci plagiatu je navr\u017eena tak, aby v\u00e1m pomohla dos\u00e1hnout t\u011bchto c\u00edl\u016f.<\/p>\n","protected":false},"author":1,"featured_media":0,"parent":0,"menu_order":0,"comment_status":"closed","ping_status":"closed","template":"tpl-landing-page.php","meta":{"_acf_changed":false,"_yoast_wpseo_title":"Kontrola plagiatu: Zkuste p\u016fvodnost s Paper-Checker.com","_yoast_wpseo_metadesc":"Rychle detekujte plagiat s nezam\u011b\u0159enou p\u0159esnost\u00ed, zaji\u0161\u0165uj\u00edc\u00ed, \u017ee va\u0161e akademick\u00e9, profesion\u00e1ln\u00ed a tvorcn\u00ed pr\u00e1ce jsou autentick\u00e9.","_locale":"cs_CZ","_original_post":"http:\/\/paper-checker.com.loc\/?page_id=49","iawp_total_views":2,"footnotes":""},"class_list":["post-617","page","type-page","status-publish","hentry","cs-CZ"],"acf":[],"yoast_head":"<!-- This site is optimized with the Yoast SEO plugin v27.5 - https:\/\/yoast.com\/product\/yoast-seo-wordpress\/ -->\n<title>Kontrola plagiatu: Zkuste p\u016fvodnost s Paper-Checker.com<\/title>\n<meta name=\"description\" content=\"Rychle detekujte plagiat s nezam\u011b\u0159enou p\u0159esnost\u00ed, zaji\u0161\u0165uj\u00edc\u00ed, \u017ee va\u0161e akademick\u00e9, profesion\u00e1ln\u00ed a tvorcn\u00ed pr\u00e1ce jsou autentick\u00e9.\" \/>\n<meta name=\"robots\" content=\"index, follow, max-snippet:-1, max-image-preview:large, max-video-preview:-1\" \/>\n<link rel=\"canonical\" href=\"https:\/\/paper-checker.com\/cs\/plagiarism-check\/\" \/>\n<meta property=\"og:locale\" content=\"cs_CZ\" \/>\n<meta property=\"og:type\" content=\"article\" \/>\n<meta property=\"og:title\" content=\"Kontrola plagiatu: Zkuste p\u016fvodnost s Paper-Checker.com\" \/>\n<meta property=\"og:description\" content=\"Rychle detekujte plagiat s nezam\u011b\u0159enou p\u0159esnost\u00ed, zaji\u0161\u0165uj\u00edc\u00ed, \u017ee va\u0161e akademick\u00e9, profesion\u00e1ln\u00ed a tvorcn\u00ed pr\u00e1ce jsou autentick\u00e9.\" \/>\n<meta property=\"og:url\" content=\"https:\/\/paper-checker.com\/cs\/plagiarism-check\/\" \/>\n<meta property=\"og:site_name\" content=\"Paper Checker\" \/>\n<meta property=\"og:image\" content=\"https:\/\/paper-checker.com\/wp-content\/uploads\/2024\/12\/home.jpg\" \/>\n\t<meta property=\"og:image:width\" content=\"1200\" \/>\n\t<meta property=\"og:image:height\" content=\"675\" \/>\n\t<meta property=\"og:image:type\" content=\"image\/jpeg\" \/>\n<meta name=\"twitter:card\" content=\"summary_large_image\" \/>\n<meta name=\"twitter:label1\" content=\"Odhadovan\u00e1 doba \u010dten\u00ed\" \/>\n\t<meta name=\"twitter:data1\" content=\"4 minuty\" \/>\n<!-- \/ Yoast SEO plugin. -->","yoast_head_json":{"title":"Kontrola plagiatu: Zkuste p\u016fvodnost s Paper-Checker.com","description":"Rychle detekujte plagiat s nezam\u011b\u0159enou p\u0159esnost\u00ed, zaji\u0161\u0165uj\u00edc\u00ed, \u017ee va\u0161e akademick\u00e9, profesion\u00e1ln\u00ed a tvorcn\u00ed pr\u00e1ce jsou autentick\u00e9.","robots":{"index":"index","follow":"follow","max-snippet":"max-snippet:-1","max-image-preview":"max-image-preview:large","max-video-preview":"max-video-preview:-1"},"canonical":"https:\/\/paper-checker.com\/cs\/plagiarism-check\/","og_locale":"cs_CZ","og_type":"article","og_title":"Kontrola plagiatu: Zkuste p\u016fvodnost s Paper-Checker.com","og_description":"Rychle detekujte plagiat s nezam\u011b\u0159enou p\u0159esnost\u00ed, zaji\u0161\u0165uj\u00edc\u00ed, \u017ee va\u0161e akademick\u00e9, profesion\u00e1ln\u00ed a tvorcn\u00ed pr\u00e1ce jsou autentick\u00e9.","og_url":"https:\/\/paper-checker.com\/cs\/plagiarism-check\/","og_site_name":"Paper Checker","og_image":[{"width":1200,"height":675,"url":"https:\/\/paper-checker.com\/wp-content\/uploads\/2024\/12\/home.jpg","type":"image\/jpeg"}],"twitter_card":"summary_large_image","twitter_misc":{"Odhadovan\u00e1 doba \u010dten\u00ed":"4 minuty"},"schema":{"@context":"https:\/\/schema.org","@graph":[{"@type":"WebPage","@id":"https:\/\/paper-checker.com\/cs\/plagiarism-check\/","url":"https:\/\/paper-checker.com\/cs\/plagiarism-check\/","name":"Kontrola plagiatu: Zkuste p\u016fvodnost s Paper-Checker.com","isPartOf":{"@id":"https:\/\/paper-checker.com\/#website"},"datePublished":"2024-12-23T08:30:35+00:00","description":"Rychle detekujte plagiat s nezam\u011b\u0159enou p\u0159esnost\u00ed, zaji\u0161\u0165uj\u00edc\u00ed, \u017ee va\u0161e akademick\u00e9, profesion\u00e1ln\u00ed a tvorcn\u00ed pr\u00e1ce jsou autentick\u00e9.","breadcrumb":{"@id":"https:\/\/paper-checker.com\/cs\/plagiarism-check\/#breadcrumb"},"inLanguage":"cs","potentialAction":[{"@type":"ReadAction","target":["https:\/\/paper-checker.com\/cs\/plagiarism-check\/"]}]},{"@type":"BreadcrumbList","@id":"https:\/\/paper-checker.com\/cs\/plagiarism-check\/#breadcrumb","itemListElement":[{"@type":"ListItem","position":1,"name":"Home","item":"https:\/\/paper-checker.com\/cs\/"},{"@type":"ListItem","position":2,"name":"Zkontrolujte p\u0159\u00edb\u011bh na plagiat."}]},{"@type":"WebSite","@id":"https:\/\/paper-checker.com\/#website","url":"https:\/\/paper-checker.com\/","name":"Paper Checker","description":"","publisher":{"@id":"https:\/\/paper-checker.com\/#organization"},"potentialAction":[{"@type":"SearchAction","target":{"@type":"EntryPoint","urlTemplate":"https:\/\/paper-checker.com\/?s={search_term_string}"},"query-input":{"@type":"PropertyValueSpecification","valueRequired":true,"valueName":"search_term_string"}}],"inLanguage":"cs"},{"@type":"Organization","@id":"https:\/\/paper-checker.com\/#organization","name":"Paper Checker","url":"https:\/\/paper-checker.com\/","logo":{"@type":"ImageObject","inLanguage":"cs","@id":"https:\/\/paper-checker.com\/#\/schema\/logo\/image\/","url":"https:\/\/paper-checker.com\/wp-content\/uploads\/2024\/12\/Group.png","contentUrl":"https:\/\/paper-checker.com\/wp-content\/uploads\/2024\/12\/Group.png","width":30,"height":30,"caption":"Paper Checker"},"image":{"@id":"https:\/\/paper-checker.com\/#\/schema\/logo\/image\/"}}]}},"_links":{"self":[{"href":"https:\/\/paper-checker.com\/wp-json\/wp\/v2\/pages\/617","targetHints":{"allow":["GET"]}}],"collection":[{"href":"https:\/\/paper-checker.com\/wp-json\/wp\/v2\/pages"}],"about":[{"href":"https:\/\/paper-checker.com\/wp-json\/wp\/v2\/types\/page"}],"author":[{"embeddable":true,"href":"https:\/\/paper-checker.com\/wp-json\/wp\/v2\/users\/1"}],"replies":[{"embeddable":true,"href":"https:\/\/paper-checker.com\/wp-json\/wp\/v2\/comments?post=617"}],"version-history":[{"count":1,"href":"https:\/\/paper-checker.com\/wp-json\/wp\/v2\/pages\/617\/revisions"}],"predecessor-version":[{"id":618,"href":"https:\/\/paper-checker.com\/wp-json\/wp\/v2\/pages\/617\/revisions\/618"}],"wp:attachment":[{"href":"https:\/\/paper-checker.com\/wp-json\/wp\/v2\/media?parent=617"}],"curies":[{"name":"wp","href":"https:\/\/api.w.org\/{rel}","templated":true}]}}