{"id":850,"date":"2024-12-23T08:30:34","date_gmt":"2024-12-23T08:30:34","guid":{"rendered":"https:\/\/paper-checker.com\/?page_id=850"},"modified":"2024-12-23T08:30:34","modified_gmt":"2024-12-23T08:30:34","slug":"about-us","status":"publish","type":"page","link":"https:\/\/paper-checker.com\/cs\/about-us\/","title":{"rendered":"O n\u00e1s"},"content":{"rendered":"<div class=\"container\">\n<div class=\"row\">\n<div class=\"col col-12\">\n<div class=\"row page-title-row\">\n<div class=\"col col-12\">\n<h1>O n\u00e1s<\/h1>\n<div class=\"subtitle\">Pomoc\u00ed originality a integrit\u011b<\/div>\n<\/div>\n<\/div>\n<div class=\"row row-welcome\">\n<div class=\"col col-12 col-sm-12 col-md-6\">\n<h2>V\u00edtejte na Paper-Checker.com, va\u0161\u00edm spole\u010dn\u00fdm partnerem ve zaji\u0161t\u011bn\u00ed autenticity obsahu<\/h2>\n<\/div>\n<div class=\"col col-12 col-sm-12 col-md-6\">\n<p>Specializujeme se v pokro\u010dil\u00e9m detekci plagi\u00e1ty a AI kontrolou obsahu a jsme zam\u011b\u0159eni na poskytnut\u00ed p\u0159esn\u00e9ho, rychl\u00e9ho a spolehliv\u00e9ho \u0159e\u0161en\u00ed. Bez ohledu na to, jestli jste student, kter\u00fd se sna\u017e\u00ed dos\u00e1hnout akademick\u00e9ho \u00fasp\u011bchu, vedy, kter\u00e9 propaguj\u00ed integritetu, autorka, kter\u00e1 vytv\u00e1\u0159\u00ed origin\u00e1ln\u00ed \u010dl\u00e1nky nebo.<\/p>\n<\/div>\n<\/div>\n<div class=\"container-narrow\">\n<div class=\"row row-our-mission\">\n<div class=\"col col-12 hidden-sm hidden-xs col-sm-12 col-md-5 col-lg-6\"><img alt=\"missing\" class=\"missing-img\" decoding=\"async\" src=\"\/wp-content\/themes\/main\/images\/missing-img.png\"\/><\/div>\n<div class=\"col col-12 col-sm-12 col-md-7 col-lg-6\">\n<div class=\"missing-content\">\n<div class=\"title\">Na\u0161e c\u00edle jsou jasn\u011b:<\/div>\n<div class=\"missing-item\">\n<div class=\"number\">01<\/div>\n<div class=\"text\"><strong>Promovat integritetu:<\/strong> Jsme zam\u011b\u0159eni na zachov\u00e1n\u00ed nejvy\u0161\u0161\u00edch standard\u016f hrdlosti v r\u016fzn\u00fdch oblastech vytv\u00e1\u0159en\u00ed obsahu.<\/div>\n<\/div>\n<div class=\"missing-item\">\n<div class=\"number\">02<\/div>\n<div class=\"text\"><strong>Promovat originalitu:<\/strong> Podporujeme a pomohou produkci skute\u010dn\u00e9ho pr\u00e1ce.<\/div>\n<\/div>\n<div class=\"missing-item\">\n<div class=\"number\">03<\/div>\n<div class=\"text\"><strong>Zabr\u00e1nit plagi\u00e1ti a nepravilov\u00e9mu pou\u017e\u00edv\u00e1n\u00ed obsahu generovan\u00e9ho AI:<\/strong> Aktivn\u011b protiplagiatu a nepravilov\u00e9mu pou\u017e\u00edv\u00e1n\u00ed obsahu generovan\u00e9ho AI.<\/div>\n<\/div>\n<div class=\"missing-item\">\n<div class=\"number\">04<\/div>\n<div class=\"text\"><strong>Vytv\u00e1\u0159et kulturu hrdlosti a inovace:<\/strong> C\u00edlem je vytvo\u0159it prost\u0159ed\u00ed, ve kter\u00e9m hrdlost a inovace zv\u00ed\u0159ej\u0161\u00ed.<\/div>\n<\/div>\n<\/div>\n<\/div>\n<\/div>\n<\/div>\n<div class=\"dark-info\">\n<div class=\"text\" style=\"max-width: 620px;\"><span class=\"grey-text\">Podporovan\u00fd na\u0161imi hlavn\u00edmi hodnotami \u2014<\/span> hrdlost, inovace, v\u00fdkonnost a u\u017eivatelsky centr\u00e1ln\u00ed z\u00e1sady <span class=\"grey-text\">\u2014 jsme zam\u011b\u0159eni na podporu va\u0161\u00ed cesty k<\/span> autentick\u00e9mu &amp; etick\u00e9mu pr\u00e1ci.<\/div>\n<\/div>\n<div class=\"row foundation-row\">\n<div class=\"col col-12\">\n<h2 class=\"title-foundation\">Na\u0161e z\u00e1kladn\u00ed t\u011blo s <img alt=\"icon\" decoding=\"async\" src=\"\/wp-content\/themes\/main\/images\/foundation-icon.png\"\/><span class=\"site-name\">PlagiarismSearch <span class=\"grey-text\">.com<\/span><\/span><\/h2>\n<p>Paper-Checker.com je jist\u00e9, \u017ee jsme roz\u0161\u00ed\u0159en\u00ed PlagiarismSearch.com, zn\u00e1m\u00e9ho v\u00fdznamu jako detektor plagi\u00e1ty s ro\u010dn\u00edmi zku\u0161enostmi ve sv\u00e9m oboru. Vytv\u00e1\u0159ej\u00edc\u00ed na z\u00e1klad\u011b tohoto siln\u00e9ho z\u00e1kladu roz\u0161\u00ed\u0159ili na\u0161e slu\u017eby, kter\u00e9 obsahuj\u00ed nejnov\u011bj\u0161\u00ed technologii AI pro detekci obsahu, nab\u00edz\u00ed pln\u00fd \u0159e\u0161en\u00ed pro ov\u011b\u0159en\u00ed originality.<\/p>\n<p>Podporovan\u00fdm PlagiarismSearch.comem svou zku\u0161enostmi a reputac\u00ed nab\u00edz\u00edme platformu kombinuj\u00edc\u00ed p\u0159edkvalifikovan\u00e9 spole\u010dnostn\u00ed z\u00e1v\u011bry a neovl\u00e1daj\u00edc\u00ed technologie. Na\u0161e t\u00fdm je skupina profesion\u00e1l\u016f, kter\u00e9 jsou v\u00e1\u017en\u011b zam\u011b\u0159eni na podporu originality a cestuj\u00ed k vysok\u00e9mu servisu. Jsme v\u017edy p\u0159\u00edtomni pro va\u0161i pomoc, zaji\u0161\u0165ujeme v\u00e1m pohodln\u00fd a \u00fasp\u011b\u0161n\u00fd z\u00e1pas s n\u00e1mi.<\/p>\n<\/div>\n<\/div>\n<\/div>\n<\/div>\n<\/div>\n<\/div>\n<div class=\"our-features\">\n<div class=\"container container-narrow\">\n<div class=\"row our-features-row\">\n<div class=\"col col-12 col-md-6 col-lg-6\">\n<div class=\"green-top-subtitle\">Na\u0161e vlastnosti<\/div>\n<h2>Unparalleln\u00e9 \u0159e\u0161en\u00ed pro glob\u00e1ln\u00ed c\u00edlovou skupinu<\/h2>\n<div class=\"subtitle\">Nab\u00edz\u00edme nejv\u00fd\u0161\u0161\u00ed p\u0159esnost v identifikaci kop\u00edrov\u00e1n\u00ed nebo obsahu generovan\u00e9ho AI pomoc\u00ed sofistikovan\u00fdch algoritm\u016f a rozs\u00e1hl\u00fdch datab\u00e1z\u00ed.<\/div>\n<\/div>\n<div class=\"col col-12 col-md-6 col-lg-6\">\n<div class=\"features-list-title\">Na\u0161e u\u017eivatelsky p\u0159\u00edv\u011btiv\u00e9 platformy obsahuj\u00ed:<\/div>\n<div class=\"our-features-list\">\n<div class=\"our-features-item\">\n<div class=\"our-features-icon\"><img alt=\"icon\" decoding=\"async\" src=\"\/wp-content\/themes\/main\/images\/our-feature-icon1.png\"\/><\/div>\n<div class=\"text\"><strong>Intuitivn\u00ed rozhran\u00ed:<\/strong> Pohybojte se snadno a z\u00edsk\u00e1te v\u00fdsledky rychle.<\/div>\n<\/div>\n<div class=\"our-features-item\">\n<div class=\"our-features-icon\"><img alt=\"icon\" decoding=\"async\" src=\"\/wp-content\/themes\/main\/images\/our-feature-icon2.png\"\/><\/div>\n<div class=\"text\"><strong>\u017div\u00e9 v\u00fdsledky:<\/strong> P\u0159ijm\u011bte okam\u017eitou informaci o originalit\u011b va\u0161eho obsahu.<\/div>\n<\/div>\n<div class=\"our-features-item\">\n<div class=\"our-features-icon\"><img alt=\"icon\" decoding=\"async\" src=\"\/wp-content\/themes\/main\/images\/our-feature-icon3.png\"\/><\/div>\n<div class=\"text\"><strong>Detaileovan\u00e9 zpr\u00e1vy:<\/strong> Z\u00edskajte pln\u00fd p\u0159ehled, aby se v\u011bd\u011bly a mohli zlep\u0161it va\u0161e pr\u00e1ce.<\/div>\n<\/div>\n<div class=\"our-features-item\">\n<div class=\"our-features-icon\"><img alt=\"icon\" decoding=\"async\" src=\"\/wp-content\/themes\/main\/images\/our-feature-icon4.png\"\/><\/div>\n<div class=\"text\"><strong>Multilanguln\u00ed podpora:<\/strong> Podporujeme glob\u00e1ln\u00ed c\u00edlovou skupinu, kter\u00e1 podporuje v\u00edce jazyk\u016f pro zaji\u0161t\u011bn\u00ed r\u016fzn\u00fdch pot\u0159eb.<\/div>\n<\/div>\n<\/div>\n<\/div>\n<\/div>\n<div class=\"row\">\n<div class=\"col col-12\">\n<div class=\"tailored-services\">\n<div class=\"t-services-row first-row\">\n<div class=\"t-services-item t1\">\n<div class=\"t-services-content\">\n<div class=\"icon\"><\/div>\n<div class=\"title\">Studenti a vedy<\/div>\n<div class=\"text\">Zaji\u0161t\u011bn\u00ed akademick\u00e9 hrdlosti a integritety<\/div>\n<\/div>\n<\/div>\n<div class=\"t-services-item white-item t2\">\n<div class=\"t-services-content\">\n<div class=\"green-top-subtitle\">\u0158e\u0161en\u00ed<\/div>\n<h2>Podporujeme specifick\u00e1 slu\u017eby pro:<\/h2>\n<\/div>\n<\/div>\n<\/div>\n<div class=\"t-services-row\">\n<div class=\"t-services-item t3\">\n<div class=\"t-services-content\">\n<div class=\"icon\"><\/div>\n<div class=\"title\">Z\u00e1pisy a vydavatel\u00e9<\/div>\n<div class=\"text\">Machov\u00e1n\u00ed originality ve v\u0161ech publikac\u00edch<\/div>\n<\/div>\n<\/div>\n<div class=\"t-services-item t4\">\n<div class=\"t-services-content\">\n<div class=\"icon\"><\/div>\n<div class=\"title\">Spole\u010dnosti<\/div>\n<div class=\"text\">Ochrana hrdlosti spole\u010dnosti a autenticity obsahu<\/div>\n<\/div>\n<\/div>\n<\/div>\n<\/div>\n<\/div>\n<\/div>\n<\/div>\n<div class=\"container\">\n<div class=\"container-narrow-2\">\n<div class=\"row collaborating-text\">\n<div class=\"col col-12\">\n<h2 class=\"narrow-title\">Spolupracujte pro kulturu hrdlosti<\/h2>\n<div class=\"subtitle\">Aktivn\u011b spolupracujeme s vysokodobitn\u00edmi institucemi, vydavatelstv\u00edm a organizacemi, aby propagovali akademickou hrdlost a protiplagiatu.<\/div>\n<p>Prosp\u011bch\u00e1me na\u0161im partnerstv\u00edm s PlagiarismSearch.com, kter\u00e9 spole\u010dn\u011b vykon\u00e1v\u00e1 iniciativy pro vzd\u011bl\u00e1vac\u00ed instituce, vydavatelstv\u00ed a organizace, aby propagovali hodnotu originality a etick\u00e9ho vytv\u00e1\u0159en\u00ed obsahu. Pomoc\u00ed t\u011bchto relac\u00ed p\u0159isp\u00edv\u00e1me k komunit\u011b, kter\u00e1 zachov\u00e1v\u00e1 nejvy\u0161\u0161\u00ed standardy hrdlosti a inovace.<\/p>\n<\/div>\n<\/div>\n<div class=\"row join-us\">\n<div class=\"col col-12 col-md-6 col-lg-6\">\n<div class=\"join-us-content\">\n<h3 class=\"join-us-title\">Spole\u010dn\u011b se stojte za originalitu<\/h3>\n<div class=\"subtitle\">Na Paper-Checker.com jsme v\u00edce ne\u017e jen slu\u017eba\u2014we jsme komunita, kter\u00e1 je zam\u011b\u0159ena na hrdlost a v\u00fdkonnost. P\u0159ijm\u011bte n\u00e1s do spole\u010dnosti se stojet za originalitu:<\/div>\n<p>Zkuste na\u0161e slu\u017eby: <button class=\"btn-blue-gradient log-in-btn\">Registrovat se<\/button> <span class=\"blue-text upper-text\">nyn\u00ed zdarma pro zku\u0161enost<\/span> a zjist\u011bte, jak m\u016f\u017eeme pomoci v va\u0161\u00ed pr\u00e1ci.<\/p>\n<p>V\u00e1\u0161 po\u017eadavek na autenticitu je na\u0161e prioritn\u00ed. D\u016fv\u011b\u0159ujte na\u0161\u00ed expertise; spole\u010dn\u011b s n\u00edm vytvo\u0159\u00edme kulturu, ve kter\u00e9 hrdlost a integriteta zv\u00ed\u0159ej\u0161\u00ed.<\/p>\n<\/div>\n<\/div>\n<div class=\"col col-12 col-md-6 col-lg-6\">\n<div class=\"get-touch\">\n<div class=\"get-touch-title\">Kontaktujte se n\u00e1m<\/div>\n<div class=\"get-touch-item\"><img alt=\"icon\" decoding=\"async\" src=\"\/wp-content\/themes\/main\/images\/email_icon.svg\"\/><\/p>\n<div class=\"text-part\">\n<div class=\"title\">Spojte se s n\u00e1mi:<\/div>\n<div class=\"text\">M\u00e1te ot\u00e1zky nebo pot\u0159ebujete pomoc?\u00a0Kontaktujte n\u00e1s na <a href=\"mailto:support@paper-checker.com\">support@paper-checker.com<\/a>. Jsme tu, aby v\u00e1m pomohli.<\/div>\n<\/div>\n<\/div>\n<div class=\"get-touch-item\"><img alt=\"icon\" decoding=\"async\" src=\"\/wp-content\/themes\/main\/images\/social_icon.svg\"\/><\/p>\n<div class=\"text-part\">\n<div class=\"title\">Obdr\u017ete informace<\/div>\n<div class=\"text\">P\u0159ihlaste se k na\u0161im soci\u00e1ln\u00edm s\u00edt\u00edm, abyste se aktualizovali o nejnov\u011bj\u0161\u00edch novin\u00e1ch a zp\u016fsobu:<\/div>\n<div class=\"social-buttons-part\"><a href=\"https:\/\/www.linkedin.com\/company\/plagiarismsearch\/\" target=\"_blank\"><img alt=\"icon\" decoding=\"async\" src=\"\/wp-content\/themes\/main\/images\/linkedin-icon.svg\"\/><\/a><a href=\"https:\/\/x.com\/AuthenticPapers\" target=\"_blank\"><img alt=\"icon\" decoding=\"async\" src=\"\/wp-content\/themes\/main\/images\/x-icon.svg\"\/><\/a><a href=\"https:\/\/www.youtube.com\/@plagiarismsearch5119\" target=\"_blank\"><img alt=\"icon\" decoding=\"async\" src=\"\/wp-content\/themes\/main\/images\/youtube-icon-white-bg.svg\" style=\"width:30px;margin-right: -4px;margin-left: -2px;margin-top: -6px;\"\/><\/a><a href=\"https:\/\/www.instagram.com\/plagiarismsearch\/\" target=\"_blank\"><img alt=\"icon\" decoding=\"async\" src=\"\/wp-content\/themes\/main\/images\/instagram-icon-white.svg\" style=\"width:24px;height:auto;margin-top:-3px;\"\/><\/a><\/div>\n<\/div>\n<\/div>\n<\/div>\n<\/div>\n<\/div>\n<\/div>\n<\/div>\n","protected":false},"excerpt":{"rendered":"<p>O n\u00e1s Pomoc\u00ed originality a integrit\u011b V\u00edtejte na Paper-Checker.com, va\u0161\u00edm spole\u010dn\u00fdm partnerem ve zaji\u0161t\u011bn\u00ed autenticity obsahu Specializujeme se v pokro\u010dil\u00e9m detekci plagi\u00e1ty a AI kontrolou obsahu a jsme zam\u011b\u0159eni na poskytnut\u00ed p\u0159esn\u00e9ho, rychl\u00e9ho a spolehliv\u00e9ho \u0159e\u0161en\u00ed. Bez ohledu na to, jestli jste student, kter\u00fd se sna\u017e\u00ed dos\u00e1hnout akademick\u00e9ho \u00fasp\u011bchu, vedy, kter\u00e9 propaguj\u00ed integritetu, autorka, kter\u00e1 vytv\u00e1\u0159\u00ed origin\u00e1ln\u00ed \u010dl\u00e1nky nebo.<\/p>\n","protected":false},"author":1,"featured_media":0,"parent":0,"menu_order":0,"comment_status":"closed","ping_status":"closed","template":"","meta":{"_acf_changed":false,"_yoast_wpseo_title":"O n\u00e1s | Paper-Checker.com","_yoast_wpseo_metadesc":"Zjist\u011bte o Paper-Checker.com, na\u0161e c\u00edle, hodnoty a pokro\u010dil\u00e9 slu\u017eby.","_locale":"cs_CZ","_original_post":"http:\/\/paper-checker.com.loc\/?page_id=10","iawp_total_views":3,"footnotes":""},"class_list":["post-850","page","type-page","status-publish","hentry","cs-CZ"],"acf":[],"yoast_head":"<!-- This site is optimized with the Yoast SEO plugin v27.5 - https:\/\/yoast.com\/product\/yoast-seo-wordpress\/ -->\n<title>O n\u00e1s | Paper-Checker.com<\/title>\n<meta name=\"description\" content=\"Zjist\u011bte o Paper-Checker.com, na\u0161e c\u00edle, hodnoty a pokro\u010dil\u00e9 slu\u017eby.\" \/>\n<meta name=\"robots\" content=\"index, follow, max-snippet:-1, max-image-preview:large, max-video-preview:-1\" \/>\n<link rel=\"canonical\" href=\"https:\/\/paper-checker.com\/cs\/about-us\/\" \/>\n<meta property=\"og:locale\" content=\"cs_CZ\" \/>\n<meta property=\"og:type\" content=\"article\" \/>\n<meta property=\"og:title\" content=\"O n\u00e1s | Paper-Checker.com\" \/>\n<meta property=\"og:description\" content=\"Zjist\u011bte o Paper-Checker.com, na\u0161e c\u00edle, hodnoty a pokro\u010dil\u00e9 slu\u017eby.\" \/>\n<meta property=\"og:url\" content=\"https:\/\/paper-checker.com\/cs\/about-us\/\" \/>\n<meta property=\"og:site_name\" content=\"Paper Checker\" \/>\n<meta property=\"og:image\" content=\"https:\/\/paper-checker.com\/wp-content\/uploads\/2024\/12\/home.jpg\" \/>\n\t<meta property=\"og:image:width\" content=\"1200\" \/>\n\t<meta property=\"og:image:height\" content=\"675\" \/>\n\t<meta property=\"og:image:type\" content=\"image\/jpeg\" \/>\n<meta name=\"twitter:card\" content=\"summary_large_image\" \/>\n<meta name=\"twitter:label1\" content=\"Odhadovan\u00e1 doba \u010dten\u00ed\" \/>\n\t<meta name=\"twitter:data1\" content=\"5 minut\" \/>\n<!-- \/ Yoast SEO plugin. -->","yoast_head_json":{"title":"O n\u00e1s | Paper-Checker.com","description":"Zjist\u011bte o Paper-Checker.com, na\u0161e c\u00edle, hodnoty a pokro\u010dil\u00e9 slu\u017eby.","robots":{"index":"index","follow":"follow","max-snippet":"max-snippet:-1","max-image-preview":"max-image-preview:large","max-video-preview":"max-video-preview:-1"},"canonical":"https:\/\/paper-checker.com\/cs\/about-us\/","og_locale":"cs_CZ","og_type":"article","og_title":"O n\u00e1s | Paper-Checker.com","og_description":"Zjist\u011bte o Paper-Checker.com, na\u0161e c\u00edle, hodnoty a pokro\u010dil\u00e9 slu\u017eby.","og_url":"https:\/\/paper-checker.com\/cs\/about-us\/","og_site_name":"Paper Checker","og_image":[{"width":1200,"height":675,"url":"https:\/\/paper-checker.com\/wp-content\/uploads\/2024\/12\/home.jpg","type":"image\/jpeg"}],"twitter_card":"summary_large_image","twitter_misc":{"Odhadovan\u00e1 doba \u010dten\u00ed":"5 minut"},"schema":{"@context":"https:\/\/schema.org","@graph":[{"@type":"WebPage","@id":"https:\/\/paper-checker.com\/cs\/about-us\/","url":"https:\/\/paper-checker.com\/cs\/about-us\/","name":"O n\u00e1s | Paper-Checker.com","isPartOf":{"@id":"https:\/\/paper-checker.com\/#website"},"datePublished":"2024-12-23T08:30:34+00:00","description":"Zjist\u011bte o Paper-Checker.com, na\u0161e c\u00edle, hodnoty a pokro\u010dil\u00e9 slu\u017eby.","breadcrumb":{"@id":"https:\/\/paper-checker.com\/cs\/about-us\/#breadcrumb"},"inLanguage":"cs","potentialAction":[{"@type":"ReadAction","target":["https:\/\/paper-checker.com\/cs\/about-us\/"]}]},{"@type":"BreadcrumbList","@id":"https:\/\/paper-checker.com\/cs\/about-us\/#breadcrumb","itemListElement":[{"@type":"ListItem","position":1,"name":"Home","item":"https:\/\/paper-checker.com\/cs\/"},{"@type":"ListItem","position":2,"name":"O n\u00e1s"}]},{"@type":"WebSite","@id":"https:\/\/paper-checker.com\/#website","url":"https:\/\/paper-checker.com\/","name":"Paper Checker","description":"","publisher":{"@id":"https:\/\/paper-checker.com\/#organization"},"potentialAction":[{"@type":"SearchAction","target":{"@type":"EntryPoint","urlTemplate":"https:\/\/paper-checker.com\/?s={search_term_string}"},"query-input":{"@type":"PropertyValueSpecification","valueRequired":true,"valueName":"search_term_string"}}],"inLanguage":"cs"},{"@type":"Organization","@id":"https:\/\/paper-checker.com\/#organization","name":"Paper Checker","url":"https:\/\/paper-checker.com\/","logo":{"@type":"ImageObject","inLanguage":"cs","@id":"https:\/\/paper-checker.com\/#\/schema\/logo\/image\/","url":"https:\/\/paper-checker.com\/wp-content\/uploads\/2024\/12\/Group.png","contentUrl":"https:\/\/paper-checker.com\/wp-content\/uploads\/2024\/12\/Group.png","width":30,"height":30,"caption":"Paper Checker"},"image":{"@id":"https:\/\/paper-checker.com\/#\/schema\/logo\/image\/"}}]}},"_links":{"self":[{"href":"https:\/\/paper-checker.com\/wp-json\/wp\/v2\/pages\/850","targetHints":{"allow":["GET"]}}],"collection":[{"href":"https:\/\/paper-checker.com\/wp-json\/wp\/v2\/pages"}],"about":[{"href":"https:\/\/paper-checker.com\/wp-json\/wp\/v2\/types\/page"}],"author":[{"embeddable":true,"href":"https:\/\/paper-checker.com\/wp-json\/wp\/v2\/users\/1"}],"replies":[{"embeddable":true,"href":"https:\/\/paper-checker.com\/wp-json\/wp\/v2\/comments?post=850"}],"version-history":[{"count":1,"href":"https:\/\/paper-checker.com\/wp-json\/wp\/v2\/pages\/850\/revisions"}],"predecessor-version":[{"id":851,"href":"https:\/\/paper-checker.com\/wp-json\/wp\/v2\/pages\/850\/revisions\/851"}],"wp:attachment":[{"href":"https:\/\/paper-checker.com\/wp-json\/wp\/v2\/media?parent=850"}],"curies":[{"name":"wp","href":"https:\/\/api.w.org\/{rel}","templated":true}]}}