{"id":1636,"date":"2024-12-24T11:45:06","date_gmt":"2024-12-24T11:45:06","guid":{"rendered":"https:\/\/paper-checker.com\/?page_id=1636"},"modified":"2024-12-24T11:45:06","modified_gmt":"2024-12-24T11:45:06","slug":"about-us","status":"publish","type":"page","link":"https:\/\/paper-checker.com\/da\/about-us\/","title":{"rendered":"Om Os"},"content":{"rendered":"<div class=\"container\">\n<div class=\"row\">\n<div class=\"col col-12\">\n<div class=\"row page-title-row\">\n<div class=\"col col-12\">\n<h1>Om Os<\/h1>\n<div class=\"subtitle\">Fremme Originalitet og Integritet<\/div>\n<\/div>\n<\/div>\n<div class=\"row row-welcome\">\n<div class=\"col col-12 col-sm-12 col-md-6\">\n<h2>Velkommen til Paper-Checker.com, din p\u00e5lidelige partner i sikring af indholds autenticitet<\/h2>\n<\/div>\n<div class=\"col col-12 col-sm-12 col-md-6\">\n<p>Vi specialiserer os i avanceret plagiatopdaging og AI-indholdskontroltjenester og er dedikeret til at levere pr\u00e6cise, hurtige og p\u00e5lidelige l\u00f8sninger. Enten du er en studerende der str\u00e6ber efter akademisk fremragende, en l\u00e6rer der fremmer integritet, en forfatter der skaber originale v\u00e6rker eller en professionel der opretholder h\u00f8je standarder, underst\u00f8tter vi din engangement med autenticitet.<\/p>\n<\/div>\n<\/div>\n<div class=\"container-narrow\">\n<div class=\"row row-our-mission\">\n<div class=\"col col-12 hidden-sm hidden-xs col-sm-12 col-md-5 col-lg-6\"><img alt=\"mangler\" class=\"missing-img\" decoding=\"async\" src=\"\/wp-content\/themes\/main\/images\/missing-img.png\"\/><\/div>\n<div class=\"col col-12 col-sm-12 col-md-7 col-lg-6\">\n<div class=\"missing-content\">\n<div class=\"title\">Vores mission er klar:<\/div>\n<div class=\"missing-item\">\n<div class=\"number\">01<\/div>\n<div class=\"text\"><strong>Opretakademisk Integritet:<\/strong> Vi er dedikeret til at opretholde de h\u00f8jeste standarder for \u00e6rlighed i alle indholdsoprettelsesfelt.<\/div>\n<\/div>\n<div class=\"missing-item\">\n<div class=\"number\">02<\/div>\n<div class=\"text\"><strong>Fremme Originalitet:<\/strong> At fremme og facilitere produktionen af \u00e6gte arbejde er hjertet af det, vi g\u00f8r.<\/div>\n<\/div>\n<div class=\"missing-item\">\n<div class=\"number\">03<\/div>\n<div class=\"text\"><strong>K\u00e6mpe mod Plagiat og Misbrug af AI-Indhold:<\/strong> Vi k\u00e6mper aktivt mod plagiat og uredeligt brug af AI-genereret materiale.<\/div>\n<\/div>\n<div class=\"missing-item\">\n<div class=\"number\">04<\/div>\n<div class=\"text\"><strong>Fremme en Kultur med \u00c6rlighed og Innovation:<\/strong> Vi s\u00e6tter m\u00e5l for at skabe et milj\u00f8, hvor integritet og kreativitet kan blomstre.<\/div>\n<\/div>\n<\/div>\n<\/div>\n<\/div>\n<div class=\"dark-info\">\n<div class=\"text\" style=\"max-width: 620px;\"><span class=\"grey-text\">Guideret af vores kernem\u00e6l \u2014<\/span> integritet, innovation, fremragende og brugerorienteret <span class=\"grey-text\">\u2014 str\u00e6ber vi efter at st\u00f8tte din forf\u00f8lgelse af<\/span> autentisk &amp; etisk arbejde.<\/div>\n<\/div>\n<div class=\"row foundation-row\">\n<div class=\"col col-12\">\n<h2 class=\"title-foundation\">Vores Grundl\u00e6gning med <img alt=\"ikon\" decoding=\"async\" src=\"\/wp-content\/themes\/main\/images\/foundation-icon.png\"\/><span class=\"site-name\">PlagiarismSearch <span class=\"grey-text\">.com<\/span><\/span><\/h2>\n<p>Paper-Checker.com er stolt over at v\u00e6re en udvidelese af PlagiarismSearch.com, en anset leder i plagiatopdaging med \u00e5rtimer af industrierfaring. Bygger p\u00e5 denne solide grundl\u00e6ggelse, har vi udvidet vores tjenester til at omfatte state-of-the-art AI content detection, der tilbyder en komplet l\u00f8sning for originalitetsbekr\u00e6ftelse.<\/p>\n<p>St\u00f8ttet af PlagiarismSearch.com\u2019s ekspertise og ry, tilbyder vi en platform, der kombinerer bevist reliabilitet og innovativ teknologi. Vores hold best\u00e5r af dedikerede professionelle, der er passioneret for at fremme originalitet og engageret i eksklusiv service. Vi er altid her til at hj\u00e6lpe dig, sikrer vi din smidige og bel\u00f8nende oplevelse med os.<\/p>\n<\/div>\n<\/div>\n<\/div>\n<\/div>\n<\/div>\n<\/div>\n<div class=\"our-features\">\n<div class=\"container container-narrow\">\n<div class=\"row our-features-row\">\n<div class=\"col col-12 col-md-6 col-lg-6\">\n<div class=\"green-top-subtitle\">Vores Funktioner<\/div>\n<h2>Avancerede L\u00f8sninger for et Globalt Publikum<\/h2>\n<div class=\"subtitle\">Vi tilbyder udenligelige n\u00f8jagtighed i at identificere kopieret eller AI-genereret indhold ved hj\u00e6lp af avancerede algoritmer og omfattende databaser.<\/div>\n<\/div>\n<div class=\"col col-12 col-md-6 col-lg-6\">\n<div class=\"features-list-title\">Vores brugervenlige platform har f\u00f8lgende funktioner:<\/div>\n<div class=\"our-features-list\">\n<div class=\"our-features-item\">\n<div class=\"our-features-icon\"><img alt=\"ikon\" decoding=\"async\" src=\"\/wp-content\/themes\/main\/images\/our-feature-icon1.png\"\/><\/div>\n<div class=\"text\"><strong>Intuitivt Gr\u00e6nseflade:<\/strong> Navig\u00e9r med lethed og f\u00e5 resultater hurtigt.<\/div>\n<\/div>\n<div class=\"our-features-item\">\n<div class=\"our-features-icon\"><img alt=\"ikon\" decoding=\"async\" src=\"\/wp-content\/themes\/main\/images\/our-feature-icon2.png\"\/><\/div>\n<div class=\"text\"><strong>Resultater i Real-Time:<\/strong> Modtag straks feedback om originaliteten af din indhold.<\/div>\n<\/div>\n<div class=\"our-features-item\">\n<div class=\"our-features-icon\"><img alt=\"ikon\" decoding=\"async\" src=\"\/wp-content\/themes\/main\/images\/our-feature-icon3.png\"\/><\/div>\n<div class=\"text\"><strong>Detaljede Rapporter:<\/strong> F\u00e5 komplette indsigt i, for at forst\u00e5 og forbedre dit arbejde.<\/div>\n<\/div>\n<div class=\"our-features-item\">\n<div class=\"our-features-icon\"><img alt=\"ikon\" decoding=\"async\" src=\"\/wp-content\/themes\/main\/images\/our-feature-icon4.png\"\/><\/div>\n<div class=\"text\"><strong>Flere Sprog Underst\u00f8ttelse:<\/strong> Vi tilpasser os til et globalt publikum og underst\u00f8tter flere sprog for at opfylde diverse behov.<\/div>\n<\/div>\n<\/div>\n<\/div>\n<\/div>\n<div class=\"row\">\n<div class=\"col col-12\">\n<div class=\"tailored-services\">\n<div class=\"t-services-row first-row\">\n<div class=\"t-services-item t1\">\n<div class=\"t-services-content\">\n<div class=\"icon\"><\/div>\n<div class=\"title\">Studerende og L\u00e6rere<\/div>\n<div class=\"text\">Sikring af akademisk \u00e6rlighed og integritet<\/div>\n<\/div>\n<\/div>\n<div class=\"t-services-item white-item t2\">\n<div class=\"t-services-content\">\n<div class=\"green-top-subtitle\">L\u00f8sninger<\/div>\n<h2>Vi tilbyder tilpassede l\u00f8sninger for:<\/h2>\n<\/div>\n<\/div>\n<\/div>\n<div class=\"t-services-row\">\n<div class=\"t-services-item t3\">\n<div class=\"t-services-content\">\n<div class=\"icon\"><\/div>\n<div class=\"title\">Forfattere og Forl\u00e6ggere<\/div>\n<div class=\"text\">Sikring af originalitet i alle publikationer<\/div>\n<\/div>\n<\/div>\n<div class=\"t-services-item t4\">\n<div class=\"t-services-content\">\n<div class=\"icon\"><\/div>\n<div class=\"title\">Virksomheder<\/div>\n<div class=\"text\">Bevaring af varmeglans integritet og indholds autenticitet<\/div>\n<\/div>\n<\/div>\n<\/div>\n<\/div>\n<\/div>\n<\/div>\n<\/div>\n<\/div>\n<div class=\"container\">\n<div class=\"container-narrow-2\">\n<div class=\"row collaborating-text\">\n<div class=\"col col-12\">\n<h2 class=\"narrow-title\">Samarbejde for en Kultur af Integritet<\/h2>\n<div class=\"subtitle\">Vi samarbejder aktivt med uddannelsesinstitutioner, forl\u00e6ggere og organisationer for at fremme akademisk integritet og bek\u00e6mpelse af plagiat.<\/div>\n<p>Gennem vores samarbejde med PlagiarismSearch.com engagerer vi os i initiativer for at uddanne og oplyse om betydningen af originalitet og etisk indholdskreation. Ved at fremme disse relationer bidrager vi til en samfundsandel, der st\u00e5r bag de h\u00f8jeste standarder for \u00e6rlighed og innovation.<\/p>\n<\/div>\n<\/div>\n<div class=\"row join-us\">\n<div class=\"col col-12 col-md-6 col-lg-6\">\n<div class=\"join-us-content\">\n<h3 class=\"join-us-title\">Deltag med os i at st\u00f8tte Originalitet<\/h3>\n<div class=\"subtitle\">Hos Paper-Checker.com er vi mere end blot en service &#8211; vi er en samfundsandel, der er forpligtet til integritet og excellence. Vi inviterer dig til at deltag med os i at st\u00f8tte originalitet:<\/div>\n<p>Oplev vores tjenester: <button class=\"btn-blue-gradient log-in-btn\">Tilmeld<\/button> <span class=\"blue-text upper-text\">nu for en gratis pr\u00f8veperiode<\/span> og opdag den forskel vi kan lave i dit arbejde.<\/p>\n<p>Din indsats p\u00e5 at v\u00e6re autentisk er vores prioritet. Stol p\u00e5 vores ekspertise; sammen, lad os fremme en kultur, hvor originalitet og integritet trives.<\/p>\n<\/div>\n<\/div>\n<div class=\"col col-12 col-md-6 col-lg-6\">\n<div class=\"get-touch\">\n<div class=\"get-touch-title\">Kom i Kontakt<\/div>\n<div class=\"get-touch-item\"><img alt=\"ikon\" decoding=\"async\" src=\"\/wp-content\/themes\/main\/images\/email_icon.svg\"\/><\/p>\n<div class=\"text-part\">\n<div class=\"title\">Kontakt os:<\/div>\n<div class=\"text\">Har du sp\u00f8rgsm\u00e5l eller behov for hj\u00e6lp? Kontakt os p\u00e5 <a href=\"mailto:support@paper-checker.com\">support@paper-checker.com<\/a>. Vi er her for at hj\u00e6lpe.<\/div>\n<\/div>\n<\/div>\n<div class=\"get-touch-item\"><img alt=\"ikon\" decoding=\"async\" src=\"\/wp-content\/themes\/main\/images\/social_icon.svg\"\/><\/p>\n<div class=\"text-part\">\n<div class=\"title\">Bliv Informeret<\/div>\n<div class=\"text\">F\u00f8lg os p\u00e5 sociale medier for at blive opdateret om de seneste nyheder og indsigt:<\/div>\n<div class=\"social-buttons-part\"><a href=\"https:\/\/www.linkedin.com\/company\/plagiarismsearch\/\" target=\"_blank\"><img alt=\"ikon\" decoding=\"async\" src=\"\/wp-content\/themes\/main\/images\/linkedin-icon.svg\"\/><\/a><a href=\"https:\/\/x.com\/AuthenticPapers\" target=\"_blank\"><img alt=\"ikon\" decoding=\"async\" src=\"\/wp-content\/themes\/main\/images\/x-icon.svg\"\/><\/a><a href=\"https:\/\/www.youtube.com\/@plagiarismsearch5119\" target=\"_blank\"><img alt=\"ikon\" decoding=\"async\" src=\"\/wp-content\/themes\/main\/images\/youtube-icon-white-bg.svg\" style=\"width:30px;margin-right: -4px;margin-left: -2px;margin-top: -6px;\"\/><\/a><a href=\"https:\/\/www.instagram.com\/plagiarismsearch\/\" target=\"_blank\"><img alt=\"ikon\" decoding=\"async\" src=\"\/wp-content\/themes\/main\/images\/instagram-icon-white.svg\" style=\"width:24px;height:auto;margin-top:-3px;\"\/><\/a><\/div>\n<\/div>\n<\/div>\n<\/div>\n<\/div>\n<\/div>\n<\/div>\n<\/div>\n","protected":false},"excerpt":{"rendered":"<p>Om Os &#8211; Fremme Originalitet og Integritet Velkommen til Paper-Checker.com, din p\u00e5lidelige partner i sikring af indholds autenticitet Vi specialiserer os i avanceret plagiatopdaging og AI-indholdskontroltjenester og er dedikeret til at levere pr\u00e6cise, hurtige og p\u00e5lidelige l\u00f8sninger. Enten du er en studerende der str\u00e6ber efter akademisk fremragende, en l\u00e6rer der fremmer integritet, en forfatter der skaber originale v\u00e6rker eller en.<\/p>\n","protected":false},"author":1,"featured_media":0,"parent":0,"menu_order":0,"comment_status":"closed","ping_status":"closed","template":"","meta":{"_acf_changed":false,"_yoast_wpseo_title":"Om Os | Paper-Checker.com","_yoast_wpseo_metadesc":"L\u00e6r mere om Paper-Checker.com, vores mission, v\u00e6rdier og avancerede tjenester.","_locale":"da_DK","_original_post":"http:\/\/paper-checker.com.loc\/?page_id=10","iawp_total_views":3,"footnotes":""},"class_list":["post-1636","page","type-page","status-publish","hentry","da-DK"],"acf":[],"yoast_head":"<!-- This site is optimized with the Yoast SEO plugin v27.5 - https:\/\/yoast.com\/product\/yoast-seo-wordpress\/ -->\n<title>Om Os | Paper-Checker.com<\/title>\n<meta name=\"description\" content=\"L\u00e6r mere om Paper-Checker.com, vores mission, v\u00e6rdier og avancerede tjenester.\" \/>\n<meta name=\"robots\" content=\"index, follow, max-snippet:-1, max-image-preview:large, max-video-preview:-1\" \/>\n<link rel=\"canonical\" href=\"https:\/\/paper-checker.com\/da\/about-us\/\" \/>\n<meta property=\"og:locale\" content=\"da_DK\" \/>\n<meta property=\"og:type\" content=\"article\" \/>\n<meta property=\"og:title\" content=\"Om Os | Paper-Checker.com\" \/>\n<meta property=\"og:description\" content=\"L\u00e6r mere om Paper-Checker.com, vores mission, v\u00e6rdier og avancerede tjenester.\" \/>\n<meta property=\"og:url\" content=\"https:\/\/paper-checker.com\/da\/about-us\/\" \/>\n<meta property=\"og:site_name\" content=\"Paper Checker\" \/>\n<meta property=\"og:image\" content=\"https:\/\/paper-checker.com\/wp-content\/uploads\/2024\/12\/home.jpg\" \/>\n\t<meta property=\"og:image:width\" content=\"1200\" \/>\n\t<meta property=\"og:image:height\" content=\"675\" \/>\n\t<meta property=\"og:image:type\" content=\"image\/jpeg\" \/>\n<meta name=\"twitter:card\" content=\"summary_large_image\" \/>\n<meta name=\"twitter:label1\" content=\"Estimeret l\u00e6setid\" \/>\n\t<meta name=\"twitter:data1\" content=\"5 minutter\" \/>\n<!-- \/ Yoast SEO plugin. -->","yoast_head_json":{"title":"Om Os | Paper-Checker.com","description":"L\u00e6r mere om Paper-Checker.com, vores mission, v\u00e6rdier og avancerede tjenester.","robots":{"index":"index","follow":"follow","max-snippet":"max-snippet:-1","max-image-preview":"max-image-preview:large","max-video-preview":"max-video-preview:-1"},"canonical":"https:\/\/paper-checker.com\/da\/about-us\/","og_locale":"da_DK","og_type":"article","og_title":"Om Os | Paper-Checker.com","og_description":"L\u00e6r mere om Paper-Checker.com, vores mission, v\u00e6rdier og avancerede tjenester.","og_url":"https:\/\/paper-checker.com\/da\/about-us\/","og_site_name":"Paper Checker","og_image":[{"width":1200,"height":675,"url":"https:\/\/paper-checker.com\/wp-content\/uploads\/2024\/12\/home.jpg","type":"image\/jpeg"}],"twitter_card":"summary_large_image","twitter_misc":{"Estimeret l\u00e6setid":"5 minutter"},"schema":{"@context":"https:\/\/schema.org","@graph":[{"@type":"WebPage","@id":"https:\/\/paper-checker.com\/da\/about-us\/","url":"https:\/\/paper-checker.com\/da\/about-us\/","name":"Om Os | Paper-Checker.com","isPartOf":{"@id":"https:\/\/paper-checker.com\/#website"},"datePublished":"2024-12-24T11:45:06+00:00","description":"L\u00e6r mere om Paper-Checker.com, vores mission, v\u00e6rdier og avancerede tjenester.","breadcrumb":{"@id":"https:\/\/paper-checker.com\/da\/about-us\/#breadcrumb"},"inLanguage":"da-DK","potentialAction":[{"@type":"ReadAction","target":["https:\/\/paper-checker.com\/da\/about-us\/"]}]},{"@type":"BreadcrumbList","@id":"https:\/\/paper-checker.com\/da\/about-us\/#breadcrumb","itemListElement":[{"@type":"ListItem","position":1,"name":"Home","item":"https:\/\/paper-checker.com\/da\/"},{"@type":"ListItem","position":2,"name":"Om Os"}]},{"@type":"WebSite","@id":"https:\/\/paper-checker.com\/#website","url":"https:\/\/paper-checker.com\/","name":"Paper Checker","description":"","publisher":{"@id":"https:\/\/paper-checker.com\/#organization"},"potentialAction":[{"@type":"SearchAction","target":{"@type":"EntryPoint","urlTemplate":"https:\/\/paper-checker.com\/?s={search_term_string}"},"query-input":{"@type":"PropertyValueSpecification","valueRequired":true,"valueName":"search_term_string"}}],"inLanguage":"da-DK"},{"@type":"Organization","@id":"https:\/\/paper-checker.com\/#organization","name":"Paper Checker","url":"https:\/\/paper-checker.com\/","logo":{"@type":"ImageObject","inLanguage":"da-DK","@id":"https:\/\/paper-checker.com\/#\/schema\/logo\/image\/","url":"https:\/\/paper-checker.com\/wp-content\/uploads\/2024\/12\/Group.png","contentUrl":"https:\/\/paper-checker.com\/wp-content\/uploads\/2024\/12\/Group.png","width":30,"height":30,"caption":"Paper Checker"},"image":{"@id":"https:\/\/paper-checker.com\/#\/schema\/logo\/image\/"}}]}},"_links":{"self":[{"href":"https:\/\/paper-checker.com\/wp-json\/wp\/v2\/pages\/1636","targetHints":{"allow":["GET"]}}],"collection":[{"href":"https:\/\/paper-checker.com\/wp-json\/wp\/v2\/pages"}],"about":[{"href":"https:\/\/paper-checker.com\/wp-json\/wp\/v2\/types\/page"}],"author":[{"embeddable":true,"href":"https:\/\/paper-checker.com\/wp-json\/wp\/v2\/users\/1"}],"replies":[{"embeddable":true,"href":"https:\/\/paper-checker.com\/wp-json\/wp\/v2\/comments?post=1636"}],"version-history":[{"count":1,"href":"https:\/\/paper-checker.com\/wp-json\/wp\/v2\/pages\/1636\/revisions"}],"predecessor-version":[{"id":1637,"href":"https:\/\/paper-checker.com\/wp-json\/wp\/v2\/pages\/1636\/revisions\/1637"}],"wp:attachment":[{"href":"https:\/\/paper-checker.com\/wp-json\/wp\/v2\/media?parent=1636"}],"curies":[{"name":"wp","href":"https:\/\/api.w.org\/{rel}","templated":true}]}}