{"id":1646,"date":"2024-12-24T11:49:32","date_gmt":"2024-12-24T11:49:32","guid":{"rendered":"https:\/\/paper-checker.com\/?page_id=1646"},"modified":"2025-02-07T14:46:52","modified_gmt":"2025-02-07T14:46:52","slug":"pricing","status":"publish","type":"page","link":"https:\/\/paper-checker.com\/da\/pricing\/","title":{"rendered":"Priser"},"content":{"rendered":"<div class=\"container\">\n<div class=\"prices-wrapper\">\n<section class=\"originality-section\">\n<div class=\"container\">\n<div class=\"row\">\n<div class=\"col col-xs-12 col-sm-12\">\n<div class=\"ps-widget-container\" data-ps-widget-name=\"Prices\" data-ps-widget-options=\"{}\">\n<div class=\"loader-wrapper\">\n<\/div>\n<\/div>\n<\/div>\n<\/div>\n<\/div>\n<section class=\"faq-section\">\n<div class=\"row faq-row-wrap\">\n<div class=\"col col-12\">\n<div class=\"faq-content-wrapper\">\n<div class=\"faq-left-part\">\n<div class=\"left-part-sticky\">\n<div class=\"green-top-subtitle\">FAQ<\/div>\n<h2>Ofte Stillede Sp\u00f8rgsm\u00e5l om Paper-Checker.com<\/h2>\n<div class=\"subtitle\">Har du sp\u00f8rgsm\u00e5l om, hvordan vores plagiat- og AI-detektionsservice fungerer? Vi har besvaret nogle af de mest almindelige sp\u00f8rgsm\u00e5l for at hj\u00e6lpe dig i gang og udnytte vores platform til dets fulde.<\/div>\n<div class=\"bottom-contact-line\">Kontakt vores <a class=\"btn btn-blue-gradient\" href=\"\/contacts\/\"><img decoding=\"async\" src=\"\/wp-content\/themes\/main\/images\/support-white-icon.png\" alt=\"ikon\" \/>Support team<\/a>, hvis du ikke finder det svar, du leder efter!<\/div>\n<\/div>\n<\/div>\n<div class=\"faq-right-part\">\n<div class=\"faq-contant\">\n<div class=\"faq-item active\">\n<div class=\"question\">Hvilke typer af dokumenter kan jeg uploade til plagiat- og AI-detektion?<\/div>\n<div class=\"answer\">Du kan uploade forskellige tekstformater, herunder Word-dokumenter, PDF&#8217;er og tekstfiler i r\u00e5 format. Vores system underst\u00f8tter alle almindelige formater for at sikre en smidig oplevelse.<\/div>\n<\/div>\n<div class=\"faq-item\">\n<div class=\"question\">Hvor n\u00f8jagtig er jeres plagiat- og AI-detektion?<\/div>\n<div class=\"answer\">Vores detektionsalgoritmer opdateres l\u00f8bende for at sikre h\u00f8jeste n\u00f8jagtighed, idet de scanner milliarder af kilder og ogs\u00e5 kan registrere den mest sofistikerede AI-genererede indhold.<\/div>\n<\/div>\n<div class=\"faq-item\">\n<div class=\"question\">Hvor l\u00e6nge tager det at f\u00e5 resultaterne?<\/div>\n<div class=\"answer\">Du f\u00e5r din detaljerede plagiat- og AI-detektionsrapport inden for minutter, afh\u00e6ngigt af l\u00e6ngden af dit dokument. De fleste rapporter genereres p\u00e5 under 2 minutter.<\/div>\n<\/div>\n<div class=\"faq-item\">\n<div class=\"question\">Er mine data sikre?<\/div>\n<div class=\"answer\">Ja, vi garanterer 100% fortrolighed. Dine dokumenter behandles sikkert og vi gemmer aldrig eller deler nogen af dine filer.<\/div>\n<\/div>\n<div class=\"faq-item\">\n<div class=\"question\">Kan jeres tjeneste integrere med mine eksisterende systemer?<\/div>\n<div class=\"answer\">Absolut! Vi tilbyder smidige API og LMS-integrationer, s\u00e5 du kan bruge vores v\u00e6rkt\u00f8jer nemt inden for din nuv\u00e6rende platform.<\/div>\n<\/div>\n<div class=\"faq-item\">\n<div class=\"question\">Hvilke kilder d\u00e6kker jeres plagiatstjekker?<\/div>\n<div class=\"answer\">Vores system tjekker mod en enorm database med over 25.000 publikationer, herunder tidsskrifter, magasiner, aviser, akademiske artikler og mere.<\/div>\n<\/div>\n<div class=\"faq-item\">\n<div class=\"question\">Har du st\u00f8tte hvis jeg har brug for hj\u00e6lp?<\/div>\n<div class=\"answer\">Ja, vi tilbyder 24\/7 kundeservice. Vores hold er til r\u00e5dighed rundt om uret for at hj\u00e6lpe med eventuelle sp\u00f8rgsm\u00e5l eller tekniske problemer.<\/div>\n<\/div>\n<div class=\"faq-item\">\n<div class=\"question\">Er der en gratis pr\u00f8veperiode tilg\u00e6ngelig?<\/div>\n<div class=\"answer\">Ja, vi tilbyder en gratis pr\u00f8veperiode for nye brugere. Du kan teste vores plagiat- og AI-detektionsv\u00e6rkt\u00f8jer uforpligtet og se resultaterne selv.<\/div>\n<\/div>\n<div class=\"faq-item\">\n<div class=\"question\">Kan jeg se kilderne til den opdagede plagiat?<\/div>\n<div class=\"answer\">Ja, vores detaljerede rapporter inkluderer en liste over kilderne hvor plagieret indhold findes, s\u00e5 du nemt kan identificere og l\u00f8se problemerne.<\/div>\n<\/div>\n<div class=\"faq-item\">\n<div class=\"question\">Fungerer jeres tjeneste for ikke-engelsk indhold?<\/div>\n<div class=\"answer\">Ja, vores v\u00e6rkt\u00f8jer er designet til at opdage plagiat og AI-genereret indhold p\u00e5 flere sprog, hvilket giver global d\u00e6kning for akademiske og professionelle behov.<\/div>\n<\/div>\n<div class=\"faq-item\">\n<div class=\"question\">Hvor ofte opdateres jeres databaser?<\/div>\n<div class=\"answer\">Vores databaser opdateres regelm\u00e6ssigt for at sikre den mest aktuelle og omfattende d\u00e6kning af online-indhold, akademiske artikler og publikationer.<\/div>\n<\/div>\n<div class=\"faq-item\">\n<div class=\"question\">Kan jeg tjekke flere dokumenter samtidig?<\/div>\n<div class=\"answer\">Ja, vores system giver dig muligheden for at uploade og tjekke flere dokumenter samtidigt, hvilket er praktisk for l\u00e6rere og professionelle, der har st\u00f8rre m\u00e6ngder arbejde.<\/div>\n<\/div>\n<div class=\"faq-item\">\n<div class=\"question\">Er der et begr\u00e6nsning p\u00e5 antallet af ord eller dokumentst\u00f8rrelsen?<\/div>\n<div class=\"answer\">Selvom vi underst\u00f8tter store dokumenter, er der gr\u00e6nser baseret p\u00e5 din valgte prisplan. Dog tillader alle planer for storscale dokumentuploads, der passer til de fleste brugere.<\/div>\n<\/div>\n<div class=\"faq-item\">\n<div class=\"question\">Hvordan tolker jeg resultaterne af rapporten?<\/div>\n<div class=\"answer\">Vores rapporter er nemme at l\u00e6se, med klare indikatorer, der viser plagiatmatch og AI-genereret indhold. Hver flaggede sektion linker til kilden, og vi giver forslag til revision.<\/div>\n<\/div>\n<div class=\"faq-item\">\n<div class=\"question\">Kan jeg bruge jeres tjeneste p\u00e5 mobilenheder?<\/div>\n<div class=\"answer\">Ja, vores platform er fuldt responsivt og optimeret til mobile enheder, s\u00e5 du kan tjekke dit indhold undervejs.<\/div>\n<\/div>\n<div class=\"bottom-bg\"><\/div>\n<\/div>\n<\/div>\n<\/div>\n<\/div>\n<\/div>\n<\/section>\n<section class=\"originality-section\">\n<div class=\"row\">\n<div class=\"col col-xs-12 col-sm-12\">\n<div class=\"originality-block\">\n<h2 class=\"title-part\">Fjern g\u00e6ttelegen<br \/>\nfra originalitet<\/h2>\n<div class=\"right-part\">\n<div class=\"text-part\">\n<div class=\"text\">Pr\u00f8v Paper-Checker.com i dag og sikr dig, at dit indhold er 100% autentisk.<\/div>\n<div class=\"list-item\"><span class=\"origin-item\">Hurtig<\/span><span class=\"origin-item\">N\u00f8jagtig<\/span><span class=\"origin-item\">Troverdig Verden Over<\/span><\/div>\n<div class=\"bnt btn-green\">Tjek Mit Indhold<\/div>\n<\/div>\n<\/div>\n<\/div>\n<\/div>\n<\/div>\n<\/section>\n<\/div>\n<\/section>\n<\/div>\n<\/div>\n","protected":false},"excerpt":{"rendered":"<p>Prisvalgmuligheder Ingen skjulte gebyr for n\u00f8jagtig plagiat- og AI-opdaging Engangsm\u00e6ssigt M\u00e5nedlig 3-M\u00e5neder \u00c5rligt Ord valgt 100 Spar pr. side 40% Total betaling $15.00 Nyd den fulde kraft af Unicheck med hver indk\u00f8b: Uden verifikation Open API Bulk filtjekning Organiserbar online dashboard Google Docs tilf\u00f8jelse Tilbagev\u00e6rende betalinger Log Ind for at Betale Bestil Nu Ord valgt [&#8230;]<\/p>\n","protected":false},"author":1,"featured_media":0,"parent":0,"menu_order":0,"comment_status":"closed","ping_status":"closed","template":"","meta":{"_acf_changed":false,"_yoast_wpseo_title":"Beskeligt Priser for Plagiat- og AI-Opdaging - Paper Checker","_yoast_wpseo_metadesc":"Udforsk Paper Checkers fleksible og transparente prisplaner. F\u00e5 avancerede v\u00e6rkt\u00f8jer til plagiat- og AI indholdsdetection til de bedste priser, tilpasset dine behov.","_locale":"da_DK","_original_post":"http:\/\/paper-checker.com.loc\/?page_id=13","iawp_total_views":6,"footnotes":""},"class_list":["post-1646","page","type-page","status-publish","hentry","da-DK"],"acf":[],"yoast_head":"<!-- This site is optimized with the Yoast SEO plugin v27.5 - https:\/\/yoast.com\/product\/yoast-seo-wordpress\/ -->\n<title>Beskeligt Priser for Plagiat- og AI-Opdaging - Paper Checker<\/title>\n<meta name=\"description\" content=\"Udforsk Paper Checkers fleksible og transparente prisplaner. F\u00e5 avancerede v\u00e6rkt\u00f8jer til plagiat- og AI indholdsdetection til de bedste priser, tilpasset dine behov.\" \/>\n<meta name=\"robots\" content=\"index, follow, max-snippet:-1, max-image-preview:large, max-video-preview:-1\" \/>\n<link rel=\"canonical\" href=\"https:\/\/paper-checker.com\/da\/pricing\/\" \/>\n<meta property=\"og:locale\" content=\"da_DK\" \/>\n<meta property=\"og:type\" content=\"article\" \/>\n<meta property=\"og:title\" content=\"Beskeligt Priser for Plagiat- og AI-Opdaging - Paper Checker\" \/>\n<meta property=\"og:description\" content=\"Udforsk Paper Checkers fleksible og transparente prisplaner. F\u00e5 avancerede v\u00e6rkt\u00f8jer til plagiat- og AI indholdsdetection til de bedste priser, tilpasset dine behov.\" \/>\n<meta property=\"og:url\" content=\"https:\/\/paper-checker.com\/da\/pricing\/\" \/>\n<meta property=\"og:site_name\" content=\"Paper Checker\" \/>\n<meta property=\"article:modified_time\" content=\"2025-02-07T14:46:52+00:00\" \/>\n<meta property=\"og:image\" content=\"https:\/\/paper-checker.com\/wp-content\/uploads\/2024\/12\/home.jpg\" \/>\n\t<meta property=\"og:image:width\" content=\"1200\" \/>\n\t<meta property=\"og:image:height\" content=\"675\" \/>\n\t<meta property=\"og:image:type\" content=\"image\/jpeg\" \/>\n<meta name=\"twitter:card\" content=\"summary_large_image\" \/>\n<meta name=\"twitter:label1\" content=\"Estimeret l\u00e6setid\" \/>\n\t<meta name=\"twitter:data1\" content=\"3 minutter\" \/>\n<!-- \/ Yoast SEO plugin. -->","yoast_head_json":{"title":"Beskeligt Priser for Plagiat- og AI-Opdaging - Paper Checker","description":"Udforsk Paper Checkers fleksible og transparente prisplaner. F\u00e5 avancerede v\u00e6rkt\u00f8jer til plagiat- og AI indholdsdetection til de bedste priser, tilpasset dine behov.","robots":{"index":"index","follow":"follow","max-snippet":"max-snippet:-1","max-image-preview":"max-image-preview:large","max-video-preview":"max-video-preview:-1"},"canonical":"https:\/\/paper-checker.com\/da\/pricing\/","og_locale":"da_DK","og_type":"article","og_title":"Beskeligt Priser for Plagiat- og AI-Opdaging - Paper Checker","og_description":"Udforsk Paper Checkers fleksible og transparente prisplaner. F\u00e5 avancerede v\u00e6rkt\u00f8jer til plagiat- og AI indholdsdetection til de bedste priser, tilpasset dine behov.","og_url":"https:\/\/paper-checker.com\/da\/pricing\/","og_site_name":"Paper Checker","article_modified_time":"2025-02-07T14:46:52+00:00","og_image":[{"width":1200,"height":675,"url":"https:\/\/paper-checker.com\/wp-content\/uploads\/2024\/12\/home.jpg","type":"image\/jpeg"}],"twitter_card":"summary_large_image","twitter_misc":{"Estimeret l\u00e6setid":"3 minutter"},"schema":{"@context":"https:\/\/schema.org","@graph":[{"@type":"WebPage","@id":"https:\/\/paper-checker.com\/da\/pricing\/","url":"https:\/\/paper-checker.com\/da\/pricing\/","name":"Beskeligt Priser for Plagiat- og AI-Opdaging - Paper Checker","isPartOf":{"@id":"https:\/\/paper-checker.com\/#website"},"datePublished":"2024-12-24T11:49:32+00:00","dateModified":"2025-02-07T14:46:52+00:00","description":"Udforsk Paper Checkers fleksible og transparente prisplaner. F\u00e5 avancerede v\u00e6rkt\u00f8jer til plagiat- og AI indholdsdetection til de bedste priser, tilpasset dine behov.","breadcrumb":{"@id":"https:\/\/paper-checker.com\/da\/pricing\/#breadcrumb"},"inLanguage":"da-DK","potentialAction":[{"@type":"ReadAction","target":["https:\/\/paper-checker.com\/da\/pricing\/"]}]},{"@type":"BreadcrumbList","@id":"https:\/\/paper-checker.com\/da\/pricing\/#breadcrumb","itemListElement":[{"@type":"ListItem","position":1,"name":"Home","item":"https:\/\/paper-checker.com\/da\/"},{"@type":"ListItem","position":2,"name":"Priser"}]},{"@type":"WebSite","@id":"https:\/\/paper-checker.com\/#website","url":"https:\/\/paper-checker.com\/","name":"Paper Checker","description":"","publisher":{"@id":"https:\/\/paper-checker.com\/#organization"},"potentialAction":[{"@type":"SearchAction","target":{"@type":"EntryPoint","urlTemplate":"https:\/\/paper-checker.com\/?s={search_term_string}"},"query-input":{"@type":"PropertyValueSpecification","valueRequired":true,"valueName":"search_term_string"}}],"inLanguage":"da-DK"},{"@type":"Organization","@id":"https:\/\/paper-checker.com\/#organization","name":"Paper Checker","url":"https:\/\/paper-checker.com\/","logo":{"@type":"ImageObject","inLanguage":"da-DK","@id":"https:\/\/paper-checker.com\/#\/schema\/logo\/image\/","url":"https:\/\/paper-checker.com\/wp-content\/uploads\/2024\/12\/Group.png","contentUrl":"https:\/\/paper-checker.com\/wp-content\/uploads\/2024\/12\/Group.png","width":30,"height":30,"caption":"Paper Checker"},"image":{"@id":"https:\/\/paper-checker.com\/#\/schema\/logo\/image\/"}}]}},"_links":{"self":[{"href":"https:\/\/paper-checker.com\/wp-json\/wp\/v2\/pages\/1646","targetHints":{"allow":["GET"]}}],"collection":[{"href":"https:\/\/paper-checker.com\/wp-json\/wp\/v2\/pages"}],"about":[{"href":"https:\/\/paper-checker.com\/wp-json\/wp\/v2\/types\/page"}],"author":[{"embeddable":true,"href":"https:\/\/paper-checker.com\/wp-json\/wp\/v2\/users\/1"}],"replies":[{"embeddable":true,"href":"https:\/\/paper-checker.com\/wp-json\/wp\/v2\/comments?post=1646"}],"version-history":[{"count":5,"href":"https:\/\/paper-checker.com\/wp-json\/wp\/v2\/pages\/1646\/revisions"}],"predecessor-version":[{"id":2958,"href":"https:\/\/paper-checker.com\/wp-json\/wp\/v2\/pages\/1646\/revisions\/2958"}],"wp:attachment":[{"href":"https:\/\/paper-checker.com\/wp-json\/wp\/v2\/media?parent=1646"}],"curies":[{"name":"wp","href":"https:\/\/api.w.org\/{rel}","templated":true}]}}