{"id":1674,"date":"2024-12-24T11:50:44","date_gmt":"2024-12-24T11:50:44","guid":{"rendered":"https:\/\/paper-checker.com\/?page_id=1674"},"modified":"2024-12-24T11:50:44","modified_gmt":"2024-12-24T11:50:44","slug":"plagiarism-check","status":"publish","type":"page","link":"https:\/\/paper-checker.com\/da\/plagiarism-check\/","title":{"rendered":"Tjek Papir for Plagiat"},"content":{"rendered":"<div class=\"effective-check\">\n<div class=\"container\">\n<div class=\"row\">\n<div class=\"col col-12 col-xs-12 col-sm-12 col-md-12 center\">\n<h2>Hvorfor V\u00e6lge Paper-Checker.com til Plagiatkontrol?<\/h2>\n<\/div>\n<div class=\"col col-12 col-xs-12 col-sm-12 col-md-6 col-lg-6\">\n<div class=\"effective-check-text\">\n<p>Originalitet er fundamentet i tillid og succes i enhver branche. Hos Paper-Checker.com forst\u00e5r vi betydningen af at beskytte din arbejde mod plagiat. Det handler ikke blot om at opfylde forventninger &#8211; det handler ogs\u00e5 om at sikre din kredibilitet og fremh\u00e6ve dine unike id\u00e9er. Vores plagiarismkontrol-tjeneste er designet til at hj\u00e6lpe dig med at n\u00e5 disse m\u00e5l med lethed og tillid. Drevet af avanceret teknologi, gennemg\u00e5r vores system din arbejde omhyggeligt for at identificere enhver kopieret eller ubeabsigtet duplikeret indhold. Uanset om du er en studerende der str\u00e6ber efter akademisk fremragende eller en professionel, der opretholder din reputationskraft, sikrer Paper-Checker.com at din arbejde forbliver autentisk og virkningsfuld.<\/p>\n<\/div>\n<\/div>\n<div class=\"col col-12 col-xs-12 col-sm-12 col-md-6 col-lg-6\">\n<div class=\"effective-check-content\">\n<div class=\"effective-check-block\">\n<div class=\"header\">En Renaissance af Tanker og Kreativitet<\/div>\n<div class=\"text\">Renaissancen, der str\u00e6kker sig fra 1400-tallet til 1700-tallet, markeret en transformative periode i menneskehistorien. Den havde oprindelse i Italien og fejrede genoplivningen af klassisk kunst, litteratur og videnskab, hvilket frembragte betydningsfulde opdagelser og kulturelle skifter. Vision\u00e6rer som Leonardo da Vinci og Galileo udfordrede traditionelle normer, ved at blande kreativitet med empirisk observation. Denne periode omdannede den kunstneriske udtrykning og lagde grunden for moderne tanker, der fremh\u00e6ver individualitet og innovation.<\/div>\n<\/div>\n<div class=\"effective-double-images\"><img alt=\"plagiat\" decoding=\"async\" src=\"\/wp-content\/themes\/main\/images\/effect-plagiarism.png\"\/><br \/>\n<img alt=\"AI sandsynlighed\" decoding=\"async\" src=\"\/wp-content\/themes\/main\/images\/effect-ai-probability.png\"\/><\/div>\n<\/div>\n<\/div>\n<\/div>\n<\/div>\n<\/div>\n<div class=\"container\">\n<div class=\"row\">\n<div class=\"col col-12\">\n<div class=\"dark-info students-info\">\n<div class=\"dark-info-container\">\n<div class=\"title\">Omfattende og P\u00e5lidelig Analyse<\/div>\n<div class=\"middle-info-block\">\n<div class=\"info-block-item\" role=\"presentation\">\n<div class=\"info-title\">500.000 Klienter <img alt=\"ikon\" decoding=\"async\" src=\"\/wp-content\/themes\/main\/images\/customers_icon.png\"\/><\/div>\n<div class=\"info-text\">Vores netv\u00e6rk af studerende, l\u00e6resteder og bloggere<\/div>\n<\/div>\n<div class=\"info-block-item\" role=\"presentation\">\n<div class=\"info-title\">100% Fortrolighedspolitik <img alt=\"ikon\" decoding=\"async\" src=\"\/wp-content\/themes\/main\/images\/privacy_icon.svg\"\/><\/div>\n<div class=\"info-text\">Vi garanterer absolut fortrolighed for vores klienter<\/div>\n<\/div>\n<\/div>\n<div class=\"dark-info-text\">Hos Paper-Checker.com sikrer vi din arbejdes originalitet med uovertruffet pr\u00e6cision. Vores avancerede system analyserer indholdet i forbindelse med omfattende databaser og leverer detaljerede, nemme-at-l\u00e6se rapporter p\u00e5 minutter. Det er perfekt for studerende, professionelle og l\u00e6rere, da v\u00e6rkt\u00f8jet hj\u00e6lper med at holde dine akademiske papirer, professionelle dokumenter og kreative projekter autentiske og trofaste til din stemme.<\/div>\n<\/div>\n<\/div>\n<\/div>\n<\/div>\n<div class=\"row\">\n<div class=\"col col-12 col-xs-12 col-sm-12\">\n<div class=\"unlocking-section\">\n<p><img alt=\"l\u00e5se op\" decoding=\"async\" src=\"\/wp-content\/themes\/main\/images\/woman-with-notebook.png\"\/><\/p>\n<div class=\"unlocking-content\">\n<h3>Avanceret Teknologi Bag Tjenesten<\/h3>\n<p>Det, der g\u00f8r Paper-Checker.com unikt, er den innovative teknologi bag tjenesten. Her er hvad du kan forvente:<\/p>\n<ul>\n<li>Sofistikerede algoritmer<\/li>\n<li>Omfattende database<\/li>\n<li>Forbedret pr\u00e6cision<\/li>\n<li>Hurtige og p\u00e5lidelige resultater<\/li>\n<li>Brugervenligt interface<\/li>\n<li>Engagement for innovation<\/li>\n<\/ul>\n<\/div>\n<\/div>\n<\/div>\n<\/div>\n<\/div>\n<div class=\"blue-bg-block scan-paper\">\n<div class=\"container\">\n<div class=\"row\">\n<div class=\"col col-12 col-sm-12 col-md-6 col-lg-6\">\n<div class=\"scan-text\">\n<h2>Hvordan Bruge Paper-Checker.com<\/h2>\n<p>At bruge Paper-Checker.com er simpelt og problemfrit. Du skal blot uploade dit dokument, og vores avancerede system g\u00e5r i gang med det samme. I l\u00f8bet af nogen \u00f8jeblikke analyseres din tekst i forhold til en omfattende database af online kilder, akademiske tidsskrifter og udgivne v\u00e6rker. Resultaterne pr\u00e6senteres i en klar og detaljeret rapport, der fremh\u00e6ver eventuelle instanser af matchet indhold og giver en opdeling af originaliteten.<\/p>\n<p>Vores brugervenlige interface g\u00f8r det nemt at gennemg\u00e5 og l\u00f8se eventuelle bekymringer. Uanset om du er student eller professionel, der forbereder et rapporteringsarbejde, sikrer vores streamlined process, at du kan fokusere p\u00e5 hvad der er vigtigst &#8211; producere ekskluderende arbejde.<\/p>\n<\/div>\n<\/div>\n<div class=\"col col-12 col-sm-12 col-md-6 col-lg-6\">\n<div class=\"short-drop-file\">\n<div class=\"drop-file-form\">\n<div class=\"drop-file-block\">\n<div class=\"more-than\">\n<img alt=\"tjek\" decoding=\"async\" src=\"\/wp-content\/themes\/main\/images\/blue-circle-check-icon.svg\"\/><\/p>\n<div class=\"text\"><b>mere end<\/b> blot en plagiatkontrol<\/div>\n<\/div>\n<div class=\"drop-file-block-wrapper\">\n<div class=\"img-block\"><img alt=\"tr\u00e6k &amp; slip\" decoding=\"async\" src=\"\/wp-content\/themes\/main\/images\/drop-files-block.png\"\/><\/div>\n<div class=\"top-part\">\n<div class=\"dark-text font-16\">Tr\u00e6k &amp; Slip filer her<\/div>\n<div>for at uploade dokumenterne til plagiatkontrol<\/div>\n<\/div>\n<p><button class=\"btn-green\">Upload fil<\/button><\/p>\n<div class=\"grey-separate-line\"><\/div>\n<div class=\"type-text\">Skriv din tekst her<\/div>\n<div class=\"grey-btns-block\">\n<div class=\"btn btn-grey\"><img alt=\"ikon\" decoding=\"async\" src=\"\/wp-content\/themes\/main\/images\/dropbox-img.svg\"\/>Dropbox<\/div>\n<div class=\"btn btn-grey\"><img alt=\"ikon\" decoding=\"async\" src=\"\/wp-content\/themes\/main\/images\/onedrive-img.svg\"\/>OneDrive<\/div>\n<div class=\"btn btn-grey\"><img alt=\"ikon\" decoding=\"async\" src=\"\/wp-content\/themes\/main\/images\/attach-file.svg\"\/>Vedh\u00e6ft Fil<\/div>\n<div class=\"btn btn-grey\"><img alt=\"ikon\" decoding=\"async\" src=\"\/wp-content\/themes\/main\/images\/by-url.svg\"\/>ved URL<\/div>\n<\/div>\n<div class=\"blue-btns-block\">\n<div class=\"btn btn-blue-gradient with-shadow\"><img alt=\"ikon\" decoding=\"async\" src=\"\/wp-content\/themes\/main\/images\/white-loop-img.svg\"\/>Plagiatkontrol<\/div>\n<div class=\"btn btn-blue-gradient-o\">\n<div class=\"btn-blue-gradient-o-wrap\">\n<img alt=\"ikon\" decoding=\"async\" src=\"\/wp-content\/themes\/main\/images\/pictogrammers-robot.svg\"\/>AI Detektor                    <\/div>\n<\/div>\n<\/div>\n<\/div>\n<\/div>\n<div class=\"drop-file-additional-options\">\n<div class=\"option-item ai\"><input checked=\"checked\" class=\"checkbox\" name=\"ai\" type=\"checkbox\"\/><label for=\"ai\">s\u00f8g efter AI tekst<\/label><\/div>\n<div class=\"option-item latin-characters\"><input checked=\"checked\" class=\"checkbox\" name=\"latin-characters\" type=\"checkbox\"\/><label for=\"latin-characters\">kun latinske tegn<\/label><\/div>\n<div class=\"option-item references\"><input class=\"checkbox\" name=\"references\" type=\"checkbox\"\/><label for=\"references\">ekskluder referencer<\/label><\/div>\n<div class=\"option-item citation\"><input class=\"checkbox\" name=\"citations\" type=\"checkbox\"\/><label for=\"citations\">ekskluder in-tekst citater<\/label><\/div>\n<\/div>\n<div class=\"align-center bottom-btn\">\n<div class=\"device\"><img alt=\"linje\" decoding=\"async\" src=\"\/wp-content\/themes\/main\/images\/devide-line.png\"\/><\/div>\n<p><a class=\"btn btn-blue-gradient\" href=\"\">Plagiatkontrol<\/a>\n<\/div>\n<\/div>\n<\/div>\n<\/div>\n<\/div>\n<\/div>\n<\/div>\n<div class=\"container\">\n<div class=\"row\">\n<div class=\"col col-12 col-xs-12 col-sm-12\">\n<div class=\"plag-checker-section\">\n<p><img alt=\"plagiatkontrol\" decoding=\"async\" src=\"\/wp-content\/themes\/main\/images\/plag-checker.png\"\/><\/p>\n<div class=\"plag-checker-content\">\n<h2>Hvem kan D\u00f8je V\u00e6rdi af Paper-Checker.com?<\/h2>\n<ul>\n<li><strong>Studenter:<\/strong> Bekr\u00e6ft autenticiteten af essays, forskningsopgaver og indleveringer for at opretholde akademisk integritet og undg\u00e5 ubeabsigtet plagiat.<\/li>\n<li><strong>L\u00e6rere:<\/strong> Vurder studenternes indsendelser med tillid, idet man sikrer fair og pr\u00e6cis vurdering.<\/li>\n<li><strong>Professionelle:<\/strong> Bevar originaliteten af rapporter, forslag og andre virksomhedsdokumenter for at opretholde tillid og trov\u00e6rdighed.<\/li>\n<li><strong>Skribere og bloggere:<\/strong> Sikr dets unikke karakter, n\u00e5r kreative v\u00e6rker, artikler og blogindl\u00e6g reflekterer din personlige stil og vision.<\/li>\n<li><strong>Udgivere:<\/strong> Beskyt mod dubbel indhold f\u00f8r udgivelse, idet man bevarer reputations- og kvalitetsstyrken for dit brand.<\/li>\n<\/ul>\n<\/div>\n<\/div>\n<\/div>\n<\/div>\n<div class=\"row tips-students\">\n<div class=\"col col-12 col-sm-12 col-md-6 col-lg-6\">\n<div class=\"tips-text\">\n<h3>Sikr, at Dit Arbejde St\u00e5r Ud<\/h3>\n<p>Originalitet er grundstenen i tillid og succes, og med Paper-Checker.com kan du sikre dit arbejde med tillid. Uanset om du er en elev som str\u00e6ber efter akademisk fremragende, en professionel som beskytter din reputationskraft eller en skribent som sikrer autenticitet, tilbyder vores service v\u00e6rkt\u00f8jerne for at verificere og forbedre dit indhold.<\/p>\n<p>Tag kontrol med kvaliteten og integriteten af dit arbejde i dag. Bliv en af tusindvis som stoler p\u00e5 Paper-Checker.com til at hj\u00e6lpe deres id\u00e9er at skille sig ud.<\/p>\n<\/div>\n<\/div>\n<div class=\"col col-12 col-sm-12 col-md-6 col-lg-6\"><img alt=\"tips\" decoding=\"async\" src=\"\/wp-content\/themes\/main\/images\/tips-students-img.png\"\/><\/div>\n<\/div>\n<div class=\"row\">\n<div class=\"col col-12 col-sm-12\">\n<div class=\"dark-info check-words\">\n<div class=\"header top-white-line\">Ta ikke risiko med <span class=\"light-green\">din reputationskraft<\/span><\/div>\n<div class=\"text\" style=\"max-width: 800px;\"><span class=\"grey-text\">G\u00f8r originalitet din standard med Paper-Checker.com!<\/span><\/div>\n<\/div>\n<\/div>\n<\/div>\n<\/div>\n","protected":false},"excerpt":{"rendered":"<p>Hvorfor V\u00e6lge Paper-Checker.com til Plagiatkontrol? Originalitet er fundamentet i tillid og succes i enhver branche. Hos Paper-Checker.com forst\u00e5r vi betydningen af at beskytte din arbejde mod plagiat. Det handler ikke blot om at opfylde forventninger &#8211; det handler ogs\u00e5 om at sikre din kredibilitet og fremh\u00e6ve dine unike id\u00e9er. Vores plagiatkontrol-tjeneste er designet til at hj\u00e6lpe dig med at n\u00e5 disse m\u00e5l.<\/p>\n","protected":false},"author":1,"featured_media":0,"parent":0,"menu_order":0,"comment_status":"closed","ping_status":"closed","template":"tpl-landing-page.php","meta":{"_acf_changed":false,"_yoast_wpseo_title":"Plagiarisme Tjek: Oplev Originalitet med Paper-Checker.com","_yoast_wpseo_metadesc":"Detekter hurtigt plagiat med uovertruffet pr\u00e6cision og sikr dig din akademiske, professionelle og kreative skribning er original.","_locale":"da_DK","_original_post":"http:\/\/paper-checker.com.loc\/?page_id=49","iawp_total_views":8,"footnotes":""},"class_list":["post-1674","page","type-page","status-publish","hentry","da-DK"],"acf":[],"yoast_head":"<!-- This site is optimized with the Yoast SEO plugin v27.5 - https:\/\/yoast.com\/product\/yoast-seo-wordpress\/ -->\n<title>Plagiarisme Tjek: Oplev Originalitet med Paper-Checker.com<\/title>\n<meta name=\"description\" content=\"Detekter hurtigt plagiat med uovertruffet pr\u00e6cision og sikr dig din akademiske, professionelle og kreative skribning er original.\" \/>\n<meta name=\"robots\" content=\"index, follow, max-snippet:-1, max-image-preview:large, max-video-preview:-1\" \/>\n<link rel=\"canonical\" href=\"https:\/\/paper-checker.com\/da\/plagiarism-check\/\" \/>\n<meta property=\"og:locale\" content=\"da_DK\" \/>\n<meta property=\"og:type\" content=\"article\" \/>\n<meta property=\"og:title\" content=\"Plagiarisme Tjek: Oplev Originalitet med Paper-Checker.com\" \/>\n<meta property=\"og:description\" content=\"Detekter hurtigt plagiat med uovertruffet pr\u00e6cision og sikr dig din akademiske, professionelle og kreative skribning er original.\" \/>\n<meta property=\"og:url\" content=\"https:\/\/paper-checker.com\/da\/plagiarism-check\/\" \/>\n<meta property=\"og:site_name\" content=\"Paper Checker\" \/>\n<meta property=\"og:image\" content=\"https:\/\/paper-checker.com\/wp-content\/uploads\/2024\/12\/home.jpg\" \/>\n\t<meta property=\"og:image:width\" content=\"1200\" \/>\n\t<meta property=\"og:image:height\" content=\"675\" \/>\n\t<meta property=\"og:image:type\" content=\"image\/jpeg\" \/>\n<meta name=\"twitter:card\" content=\"summary_large_image\" \/>\n<meta name=\"twitter:label1\" content=\"Estimeret l\u00e6setid\" \/>\n\t<meta name=\"twitter:data1\" content=\"4 minutter\" \/>\n<!-- \/ Yoast SEO plugin. -->","yoast_head_json":{"title":"Plagiarisme Tjek: Oplev Originalitet med Paper-Checker.com","description":"Detekter hurtigt plagiat med uovertruffet pr\u00e6cision og sikr dig din akademiske, professionelle og kreative skribning er original.","robots":{"index":"index","follow":"follow","max-snippet":"max-snippet:-1","max-image-preview":"max-image-preview:large","max-video-preview":"max-video-preview:-1"},"canonical":"https:\/\/paper-checker.com\/da\/plagiarism-check\/","og_locale":"da_DK","og_type":"article","og_title":"Plagiarisme Tjek: Oplev Originalitet med Paper-Checker.com","og_description":"Detekter hurtigt plagiat med uovertruffet pr\u00e6cision og sikr dig din akademiske, professionelle og kreative skribning er original.","og_url":"https:\/\/paper-checker.com\/da\/plagiarism-check\/","og_site_name":"Paper Checker","og_image":[{"width":1200,"height":675,"url":"https:\/\/paper-checker.com\/wp-content\/uploads\/2024\/12\/home.jpg","type":"image\/jpeg"}],"twitter_card":"summary_large_image","twitter_misc":{"Estimeret l\u00e6setid":"4 minutter"},"schema":{"@context":"https:\/\/schema.org","@graph":[{"@type":"WebPage","@id":"https:\/\/paper-checker.com\/da\/plagiarism-check\/","url":"https:\/\/paper-checker.com\/da\/plagiarism-check\/","name":"Plagiarisme Tjek: Oplev Originalitet med Paper-Checker.com","isPartOf":{"@id":"https:\/\/paper-checker.com\/#website"},"datePublished":"2024-12-24T11:50:44+00:00","description":"Detekter hurtigt plagiat med uovertruffet pr\u00e6cision og sikr dig din akademiske, professionelle og kreative skribning er original.","breadcrumb":{"@id":"https:\/\/paper-checker.com\/da\/plagiarism-check\/#breadcrumb"},"inLanguage":"da-DK","potentialAction":[{"@type":"ReadAction","target":["https:\/\/paper-checker.com\/da\/plagiarism-check\/"]}]},{"@type":"BreadcrumbList","@id":"https:\/\/paper-checker.com\/da\/plagiarism-check\/#breadcrumb","itemListElement":[{"@type":"ListItem","position":1,"name":"Home","item":"https:\/\/paper-checker.com\/da\/"},{"@type":"ListItem","position":2,"name":"Tjek Papir for Plagiat"}]},{"@type":"WebSite","@id":"https:\/\/paper-checker.com\/#website","url":"https:\/\/paper-checker.com\/","name":"Paper Checker","description":"","publisher":{"@id":"https:\/\/paper-checker.com\/#organization"},"potentialAction":[{"@type":"SearchAction","target":{"@type":"EntryPoint","urlTemplate":"https:\/\/paper-checker.com\/?s={search_term_string}"},"query-input":{"@type":"PropertyValueSpecification","valueRequired":true,"valueName":"search_term_string"}}],"inLanguage":"da-DK"},{"@type":"Organization","@id":"https:\/\/paper-checker.com\/#organization","name":"Paper Checker","url":"https:\/\/paper-checker.com\/","logo":{"@type":"ImageObject","inLanguage":"da-DK","@id":"https:\/\/paper-checker.com\/#\/schema\/logo\/image\/","url":"https:\/\/paper-checker.com\/wp-content\/uploads\/2024\/12\/Group.png","contentUrl":"https:\/\/paper-checker.com\/wp-content\/uploads\/2024\/12\/Group.png","width":30,"height":30,"caption":"Paper Checker"},"image":{"@id":"https:\/\/paper-checker.com\/#\/schema\/logo\/image\/"}}]}},"_links":{"self":[{"href":"https:\/\/paper-checker.com\/wp-json\/wp\/v2\/pages\/1674","targetHints":{"allow":["GET"]}}],"collection":[{"href":"https:\/\/paper-checker.com\/wp-json\/wp\/v2\/pages"}],"about":[{"href":"https:\/\/paper-checker.com\/wp-json\/wp\/v2\/types\/page"}],"author":[{"embeddable":true,"href":"https:\/\/paper-checker.com\/wp-json\/wp\/v2\/users\/1"}],"replies":[{"embeddable":true,"href":"https:\/\/paper-checker.com\/wp-json\/wp\/v2\/comments?post=1674"}],"version-history":[{"count":1,"href":"https:\/\/paper-checker.com\/wp-json\/wp\/v2\/pages\/1674\/revisions"}],"predecessor-version":[{"id":1675,"href":"https:\/\/paper-checker.com\/wp-json\/wp\/v2\/pages\/1674\/revisions\/1675"}],"wp:attachment":[{"href":"https:\/\/paper-checker.com\/wp-json\/wp\/v2\/media?parent=1674"}],"curies":[{"name":"wp","href":"https:\/\/api.w.org\/{rel}","templated":true}]}}