{"id":1690,"date":"2024-12-24T11:52:07","date_gmt":"2024-12-24T11:52:07","guid":{"rendered":"https:\/\/paper-checker.com\/?page_id=1690"},"modified":"2024-12-24T11:52:07","modified_gmt":"2024-12-24T11:52:07","slug":"ai-detector","status":"publish","type":"page","link":"https:\/\/paper-checker.com\/da\/ai-detector\/","title":{"rendered":"Bekr\u00e6ft Egenm\u00e6gtighed med AI-Detektion"},"content":{"rendered":"<div class=\"container\">\n<div class=\"row pt-70 pb-60\">\n<div class=\"col col-12 col-xs-12 col-sm-12 col-md-6 col-lg-6\">\n<h2 class=\"align-left\">Hvad er AI Content Detection p\u00e5 Paper-Checker.com?<\/h2>\n<div class=\"img-block\"><img alt=\"\" decoding=\"async\" src=\"\/wp-content\/themes\/main\/images\/man-typing.png\" style=\"max-width: 100%;\"\/><\/div>\n<\/div>\n<div class=\"col col-12 col-xs-12 col-sm-12 col-md-6 col-lg-6\">\n<p>I den dynamiske digitale tidsalder er AI-genereret indhold stadig mere fremtr\u00e6dende i akademien, marketing og journalisme. Mens AI tilbyder v\u00e6rdifulde st\u00f8tte for skriveopgaver, opst\u00e5r der nogenlunde bekymringer om originalitet og egenm\u00e6gtighed. Paper-Checker.com er s\u00e6rligt uformet til at registrere AI-genereret tekst, idet det giver brugere muligheder for at verificere, at deres indhold er oprettet af mennesker og trov\u00e6rdigt.<\/p>\n<h3 class=\"h4\">Kraften Bag Vores AI Content Detector<\/h3>\n<p>P\u00e5 Paper-Checker.com leverer vores AI content detector avancerede maskinl\u00e6ringsmodeller for at analyseres med pr\u00e6cision sprogm\u00f8nstre og skrivef\u00e6rd. Disse state-of-the-art algoritmer kan registrere endnu de subtleste forskelle mellem menneskeskrevet og AI-genereret indhold, sikring h\u00f8jst tilfredsstillende n\u00f8jagtighed.<\/p>\n<p>Vores teknologi udvikler sig l\u00f8bende, idet den integrerer regelm\u00e6ssige opdateringer for at forblive i spidsen med forbedringer i AI-indholdsoprettelse. I mods\u00e6tning til traditionelle detektionsv\u00e6rkt\u00f8jer, der is\u00e6r stoler p\u00e5 database sammenligninger, registrerer vores AI-detektor de strukturelle nyanser af skrivef\u00e6rd for at vurdere om en maskine sandsynlig har oprettet den. Denne sofistikerede metodik giver hurtige og p\u00e5lidelige resultater, idet det tilbyder et niveau af tillid og tillid, du kan stolede p\u00e5.<\/p>\n<\/div>\n<\/div>\n<div class=\"row pt-40 pb-60\">\n<div class=\"col col-12 col-sm-12\">\n<div class=\"dark-info ai-detector\">\n<div class=\"dark-info-container\">\n<div class=\"title\">AI Content Detektor API<\/div>\n<div class=\"middle-info-block\">\n<div class=\"info-block-item\" role=\"presentation\">\n<div class=\"info-title\">24\/7 Support <img alt=\"ikon\" decoding=\"async\" src=\"\/wp-content\/themes\/main\/images\/support_icon.svg\"\/><\/div>\n<div class=\"info-text\">Du er velkommen til at kontakte vores supportteam n\u00e5r som helst og nyde instant hj\u00e6lp.<\/div>\n<\/div>\n<div class=\"info-block-item\" role=\"presentation\">\n<div class=\"info-title\">Forslagelige priser <img alt=\"ikon\" decoding=\"async\" src=\"\/wp-content\/themes\/main\/images\/prices_icon.svg\"\/><\/div>\n<div class=\"info-text\">Vi tilbyder h\u00f8jt kvalitets service til fornuftige priser.<\/div>\n<\/div>\n<\/div>\n<div class=\"dark-info-text\">\n<p>N\u00e5r originalitet er vigtigt, er Paper-Checker.com den l\u00f8sning du kan stolede p\u00e5 for pr\u00e6cis AI-indholdsregistrering. Beskyt dit arbejde mod den voksende tilstedev\u00e6relse af AI-genereret tekst og tag kontrol over dens kvalitet og autenticitet. Med avanceret detektionsteknologi hj\u00e6lper vi dig med at forblive i spidsen. Du kan stolede p\u00e5 Paper-Checker.com til at levere p\u00e5lidelige resultater hver gang.<\/p>\n<p><a class=\"btn btn-green\">Pr\u00f8v AI Detection Nu<\/a><\/p>\n<\/div>\n<\/div>\n<\/div>\n<\/div>\n<\/div>\n<div class=\"row\">\n<div class=\"col col-12 col-sm-12\">\n<div class=\"green-top-subtitle center mb_-6\">Vore Fordele<\/div>\n<h2>N\u00f8glefunktioner af Vores V\u00e6rkt\u00f8j<\/h2>\n<div class=\"subtitle maxw-600 align-center pb-20\">Paper-Checker.com&#8217;s AI content detection tool skiller sig ud med sine avancerede funktioner, der er designet for at g\u00f8re processen simpel og effektiv:<\/div>\n<div class=\"our-advantages-table\">\n<div class=\"advantages-item\">\n<div class=\"top-line\"><img alt=\"ikon\" decoding=\"async\" src=\"\/wp-content\/themes\/main\/images\/scanningdepth_icon.svg\"\/><span class=\"title\">H\u00f8j Detection Pr\u00e6cision<\/span><\/div>\n<div class=\"text\">Drevet af state-of-the-art AI modeller, leverer vores v\u00e6rkt\u00f8j pr\u00e6cise resultater, der med pr\u00e6cision skiller AI-genereret indhold fra tekst skrevet af mennesker.<\/div>\n<\/div>\n<div class=\"advantages-item\">\n<div class=\"top-line\"><img alt=\"ikon\" decoding=\"async\" src=\"\/wp-content\/themes\/main\/images\/instant_results_icon.svg\"\/><span class=\"title\">Real-Tid Detection<\/span><\/div>\n<div class=\"text\">Tiden er kritisk. Vores lynhurtige system leverer omfattende resultater i sekunder, hvilket giver dig mulighed for at foretage \u00f8jeblikkelige revisioner uden forsinkelse.<\/div>\n<\/div>\n<div class=\"advantages-item\">\n<div class=\"top-line\"><img alt=\"ikon\" decoding=\"async\" src=\"\/wp-content\/themes\/main\/images\/interface_icon.svg\"\/><span class=\"title\">Brugervenlig Gr\u00e6nseflade<\/span><\/div>\n<div class=\"text\">Det intuitivt layout g\u00f8r det nemt for enhver at bruge, selv uden tekniske fagkundskaber.<\/div>\n<\/div>\n<div class=\"advantages-item\">\n<div class=\"top-line\"><img alt=\"ikon\" decoding=\"async\" src=\"\/wp-content\/themes\/main\/images\/insights_icon.svg\"\/><span class=\"title\">Omfattende Rapporter<\/span><\/div>\n<div class=\"text\">Vores v\u00e6rkt\u00f8j fort\u00e6ller ikke bare, om AI indhold er opdaget &#8211; det giver en fuld afbrydelse, der fremh\u00e6ver specifikke afsnit af tekst, der sandsynligt er genereret af AI.<\/div>\n<\/div>\n<div class=\"advantages-item\">\n<div class=\"top-line\"><img alt=\"ikon\" decoding=\"async\" src=\"\/wp-content\/themes\/main\/images\/safety__icon.svg\"\/><span class=\"title\">Underst\u00f8ttelse af Flere Formater<\/span><\/div>\n<div class=\"text\">Uanset om du arbejder med ren tekst, PDF&#8217;er eller andre formater, kan vores v\u00e6rkt\u00f8j h\u00e5ndtere det hele, idet det tilbyder fleksibilitet for forskellige anvendelsesfald.<\/div>\n<\/div>\n<div class=\"advantages-item\">\n<div class=\"top-line\"><img alt=\"ikon\" decoding=\"async\" src=\"\/wp-content\/themes\/main\/images\/adventures_privacy_icon.svg\"\/><span class=\"title\">Privatliv Garanteret<\/span><\/div>\n<div class=\"text\">Dine data er sikre hos os. Vi gemmer aldrig eller deler nogen af indholdet, du indsender, og sikrer fuld fortrolighed.<\/div>\n<\/div>\n<\/div>\n<\/div>\n<\/div>\n<\/div>\n<div class=\"blue-bg-block how-check vertical-steps long-titles\">\n<div class=\"container\">\n<div class=\"row\">\n<div class=\"col col-12 col-sm-12\">\n<div class=\"green-top-subtitle\">Hvordan det fungerer<\/div>\n<h2>Hvordan Du Kan Uddybe Paper-Checker.com Mest<\/h2>\n<div class=\"vertical-steps-content\">\n<div class=\"vertical-step-icon\">\n<div class=\"top-part\"><img alt=\"ikon\" decoding=\"async\" src=\"\/wp-content\/themes\/main\/images\/step_profile_icon.png\"\/><span class=\"title\">01. Upload eller Inds\u00e6t Din Indhold<\/span><\/div>\n<p>Klar til at komme i gang? Det er nemt, hurtigt og uden problemer at enten uploade dit dokument eller inds\u00e6tte din tekst i vores plagiat-checker.<\/p>\n<\/div>\n<div class=\"vertical-step-icon\">\n<div class=\"top-part\"><img alt=\"ikon\" decoding=\"async\" src=\"\/wp-content\/themes\/main\/images\/step_pricing_icon.png\"\/><span class=\"title\">02. Initier Plagiat Check<\/span><\/div>\n<p>Klik p\u00e5 knappen &#8220;Check for Plagiarism&#8221; (Tjek for plagiat) og lad vores avancerede system g\u00f8re sit job. S\u00e6t dig tilbage og slap af &#8211; vi tager sig af resten.<\/p>\n<\/div>\n<div class=\"vertical-step-icon\">\n<div class=\"top-part\"><img alt=\"ikon\" decoding=\"async\" src=\"\/wp-content\/themes\/main\/images\/step_process_icon.png\"\/><span class=\"title\">03. Gennemg\u00e5 Din Personlige Rapport<\/span><\/div>\n<p>I l\u00f8bet af \u00f8jeblikket f\u00e5r du en detaljeret rapport, der fremh\u00e6ver eventuelle tilf\u00e6lde af plagiat. Brug denne v\u00e6rdifulde feedback til at forfinde dit arbejde.<\/p>\n<\/div>\n<div class=\"vertical-step-icon last\">\n<div class=\"top-part\"><img alt=\"ikon\" decoding=\"async\" src=\"\/wp-content\/themes\/main\/images\/step_score_icon.png\"\/><span class=\"title\">04. Perfekt\u00e9r &amp; Beskytt Din Arbejde<\/span><\/div>\n<p>Foretag de n\u00f8dvendige justeringer, enten ved at omskrive, tilf\u00f8je henvisninger eller fjerne tvivlsomt indhold. S\u00f8rg for, at dit endelige arbejde er poleret og autentisk dit.<\/p>\n<\/div>\n<\/div>\n<\/div>\n<\/div>\n<div class=\"row\">\n<div class=\"col col-12 col-sm-12\">\n<div class=\"dark-info di-green-icon elevate-text\">\n<div class=\"header\">Forbedr <span class=\"grey-text\">Din Skrivning.<\/span> Beskytt <span class=\"grey-text\">Din Integritet.<\/span><span class=\"grey-text\"> V\u00e6lg <\/span> Paper-Checker.com. <\/div>\n<p><a class=\"btn btn-green\" href=\"\">Start tjek<\/a>\n<\/div>\n<\/div>\n<\/div>\n<\/div>\n<\/div>\n","protected":false},"excerpt":{"rendered":"<p>Hvad er AI Content Detection p\u00e5 Paper-Checker.com? I den dynamiske digitale tidsalder er AI-genereret indhold stadig mere fremtr\u00e6dende i akademien, marketing og journalisme. Mens AI tilbyder v\u00e6rdifulde st\u00f8tte for skriveopgaver, opst\u00e5r der nogenlunde bekymringer om originalitet og egenm\u00e6gtighed. Paper-Checker.com er s\u00e6rligt uformet til at registrere AI-genereret tekst, idet det giver brugere muligheder for at verificere, at deres indhold er oprettet af mennesker og.<\/p>\n","protected":false},"author":1,"featured_media":0,"parent":0,"menu_order":0,"comment_status":"closed","ping_status":"closed","template":"tpl-landing-page.php","meta":{"_acf_changed":false,"_yoast_wpseo_title":"AI Checker for Originalitet | N\u00f8jagtig AI Indholdsopdaging","_yoast_wpseo_metadesc":"AI Checker af Paper-Checker.com opdager AI-genereret indhold med pr\u00e6cision og hastighed, sikrer originalitet i akademisk, professionelt og kreativt skribentarbejde.","_locale":"da_DK","_original_post":"http:\/\/paper-checker.com.loc\/?page_id=68","iawp_total_views":4,"footnotes":""},"class_list":["post-1690","page","type-page","status-publish","hentry","da-DK"],"acf":[],"yoast_head":"<!-- This site is optimized with the Yoast SEO plugin v27.4 - https:\/\/yoast.com\/product\/yoast-seo-wordpress\/ -->\n<title>AI Checker for Originalitet | N\u00f8jagtig AI Indholdsopdaging<\/title>\n<meta name=\"description\" content=\"AI Checker af Paper-Checker.com opdager AI-genereret indhold med pr\u00e6cision og hastighed, sikrer originalitet i akademisk, professionelt og kreativt skribentarbejde.\" \/>\n<meta name=\"robots\" content=\"index, follow, max-snippet:-1, max-image-preview:large, max-video-preview:-1\" \/>\n<link rel=\"canonical\" href=\"https:\/\/paper-checker.com\/da\/ai-detector\/\" \/>\n<meta property=\"og:locale\" content=\"da_DK\" \/>\n<meta property=\"og:type\" content=\"article\" \/>\n<meta property=\"og:title\" content=\"AI Checker for Originalitet | N\u00f8jagtig AI Indholdsopdaging\" \/>\n<meta property=\"og:description\" content=\"AI Checker af Paper-Checker.com opdager AI-genereret indhold med pr\u00e6cision og hastighed, sikrer originalitet i akademisk, professionelt og kreativt skribentarbejde.\" \/>\n<meta property=\"og:url\" content=\"https:\/\/paper-checker.com\/da\/ai-detector\/\" \/>\n<meta property=\"og:site_name\" content=\"Paper Checker\" \/>\n<meta property=\"og:image\" content=\"https:\/\/paper-checker.com\/wp-content\/uploads\/2024\/12\/home.jpg\" \/>\n\t<meta property=\"og:image:width\" content=\"1200\" \/>\n\t<meta property=\"og:image:height\" content=\"675\" \/>\n\t<meta property=\"og:image:type\" content=\"image\/jpeg\" \/>\n<meta name=\"twitter:card\" content=\"summary_large_image\" \/>\n<meta name=\"twitter:label1\" content=\"Estimeret l\u00e6setid\" \/>\n\t<meta name=\"twitter:data1\" content=\"4 minutter\" \/>\n<!-- \/ Yoast SEO plugin. -->","yoast_head_json":{"title":"AI Checker for Originalitet | N\u00f8jagtig AI Indholdsopdaging","description":"AI Checker af Paper-Checker.com opdager AI-genereret indhold med pr\u00e6cision og hastighed, sikrer originalitet i akademisk, professionelt og kreativt skribentarbejde.","robots":{"index":"index","follow":"follow","max-snippet":"max-snippet:-1","max-image-preview":"max-image-preview:large","max-video-preview":"max-video-preview:-1"},"canonical":"https:\/\/paper-checker.com\/da\/ai-detector\/","og_locale":"da_DK","og_type":"article","og_title":"AI Checker for Originalitet | N\u00f8jagtig AI Indholdsopdaging","og_description":"AI Checker af Paper-Checker.com opdager AI-genereret indhold med pr\u00e6cision og hastighed, sikrer originalitet i akademisk, professionelt og kreativt skribentarbejde.","og_url":"https:\/\/paper-checker.com\/da\/ai-detector\/","og_site_name":"Paper Checker","og_image":[{"width":1200,"height":675,"url":"https:\/\/paper-checker.com\/wp-content\/uploads\/2024\/12\/home.jpg","type":"image\/jpeg"}],"twitter_card":"summary_large_image","twitter_misc":{"Estimeret l\u00e6setid":"4 minutter"},"schema":{"@context":"https:\/\/schema.org","@graph":[{"@type":"WebPage","@id":"https:\/\/paper-checker.com\/da\/ai-detector\/","url":"https:\/\/paper-checker.com\/da\/ai-detector\/","name":"AI Checker for Originalitet | N\u00f8jagtig AI Indholdsopdaging","isPartOf":{"@id":"https:\/\/paper-checker.com\/#website"},"datePublished":"2024-12-24T11:52:07+00:00","description":"AI Checker af Paper-Checker.com opdager AI-genereret indhold med pr\u00e6cision og hastighed, sikrer originalitet i akademisk, professionelt og kreativt skribentarbejde.","breadcrumb":{"@id":"https:\/\/paper-checker.com\/da\/ai-detector\/#breadcrumb"},"inLanguage":"da-DK","potentialAction":[{"@type":"ReadAction","target":["https:\/\/paper-checker.com\/da\/ai-detector\/"]}]},{"@type":"BreadcrumbList","@id":"https:\/\/paper-checker.com\/da\/ai-detector\/#breadcrumb","itemListElement":[{"@type":"ListItem","position":1,"name":"Home","item":"https:\/\/paper-checker.com\/da\/"},{"@type":"ListItem","position":2,"name":"Bekr\u00e6ft Egenm\u00e6gtighed med AI-Detektion"}]},{"@type":"WebSite","@id":"https:\/\/paper-checker.com\/#website","url":"https:\/\/paper-checker.com\/","name":"Paper Checker","description":"","publisher":{"@id":"https:\/\/paper-checker.com\/#organization"},"potentialAction":[{"@type":"SearchAction","target":{"@type":"EntryPoint","urlTemplate":"https:\/\/paper-checker.com\/?s={search_term_string}"},"query-input":{"@type":"PropertyValueSpecification","valueRequired":true,"valueName":"search_term_string"}}],"inLanguage":"da-DK"},{"@type":"Organization","@id":"https:\/\/paper-checker.com\/#organization","name":"Paper Checker","url":"https:\/\/paper-checker.com\/","logo":{"@type":"ImageObject","inLanguage":"da-DK","@id":"https:\/\/paper-checker.com\/#\/schema\/logo\/image\/","url":"https:\/\/paper-checker.com\/wp-content\/uploads\/2024\/12\/Group.png","contentUrl":"https:\/\/paper-checker.com\/wp-content\/uploads\/2024\/12\/Group.png","width":30,"height":30,"caption":"Paper Checker"},"image":{"@id":"https:\/\/paper-checker.com\/#\/schema\/logo\/image\/"}}]}},"_links":{"self":[{"href":"https:\/\/paper-checker.com\/wp-json\/wp\/v2\/pages\/1690","targetHints":{"allow":["GET"]}}],"collection":[{"href":"https:\/\/paper-checker.com\/wp-json\/wp\/v2\/pages"}],"about":[{"href":"https:\/\/paper-checker.com\/wp-json\/wp\/v2\/types\/page"}],"author":[{"embeddable":true,"href":"https:\/\/paper-checker.com\/wp-json\/wp\/v2\/users\/1"}],"replies":[{"embeddable":true,"href":"https:\/\/paper-checker.com\/wp-json\/wp\/v2\/comments?post=1690"}],"version-history":[{"count":1,"href":"https:\/\/paper-checker.com\/wp-json\/wp\/v2\/pages\/1690\/revisions"}],"predecessor-version":[{"id":1691,"href":"https:\/\/paper-checker.com\/wp-json\/wp\/v2\/pages\/1690\/revisions\/1691"}],"wp:attachment":[{"href":"https:\/\/paper-checker.com\/wp-json\/wp\/v2\/media?parent=1690"}],"curies":[{"name":"wp","href":"https:\/\/api.w.org\/{rel}","templated":true}]}}