{"id":963,"date":"2024-12-23T08:31:30","date_gmt":"2024-12-23T08:31:30","guid":{"rendered":"https:\/\/paper-checker.com\/?page_id=963"},"modified":"2024-12-24T11:46:44","modified_gmt":"2024-12-24T11:46:44","slug":"privacy-policy","status":"publish","type":"page","link":"https:\/\/paper-checker.com\/de\/privacy-policy\/","title":{"rendered":"Datenschutzerkl\u00e4rung"},"content":{"rendered":"<h2>Datenschutzerkl\u00e4rung<\/h2>\n<p>System Technology Online Spain SL., Calle Pintor P\u00e9rez Gil 2, b.46 03540, Alicante, Spanien (\u201cwir\u201d, \u201cunsere Firma\u201d oder \u201cunser Unternehmen\u201d) betreibt die Website Paper-Checker.com und ist der Datenverantwortliche f\u00fcr Ihre pers\u00f6nlichen Daten.<\/p>\n<p>Wir m\u00f6chten Ihnen unser Dank f\u00fcr den Zeitraum, den Sie auf unsere Angebote verbringen und Ihr Interesse an unseren Dienstleistungen ausdr\u00fccken. Sie k\u00f6nnen sicher sein, dass wir die Geheimnisse unserer Kunden nicht offenzutragen versprechen. Alle Arten von pers\u00f6nlichen Informationen, die unsere Kunden uns \u00fcbermitteln, bleiben sicher und privat. Es ist unm\u00f6glich, dass Details missbraucht oder verloren gehen, wenn Sie die Dienste unseres Unternehmens w\u00e4hlen.<\/p>\n<p>Unten finden Sie die Erl\u00e4uterungen zu den Daten, die wir von unseren Kunden sammeln.<\/p>\n<p>Bei der Zusammenarbeit ben\u00f6tigen wir folgende Informationen:<\/p>\n<ul>\n<li>Kunden von uns;<\/li>\n<li>Besucher unserer Website.<\/li>\n<\/ul>\n<p>Diese Informationen, die vom Website-Server gesammelt werden, umfassen:<\/p>\n<ul>\n<li>Art des Browsers;<\/li>\n<li>Tag und Uhrzeit des Website-Zugriffs;<\/li>\n<li>Art des Betriebssystems.<\/li>\n<\/ul>\n<p>Hinweis: Die gesammelten Informationen werden niemals verkaufen oder geteilt; sie sind nicht mit der Offenlegung einer Identit\u00e4t verbunden. Das einzige Zweck der Sammlung dieser Daten ist die Anpassung der Daten und das Verbessern des Inhalts der Website.<\/p>\n<p><strong>Cookies<\/strong><\/p>\n<p>Die Webseiten von Paper-Checker.com verwenden die Dateien, die als \u201eCookies\u201c bezeichnet werden \u2013 Textdateien, die \u00fcber den Webbrowser auf das Computer-System \u00fcbertragen werden. Diese Dateien erm\u00f6glichen es uns, dem Surfer auf unserer Website benutzerfreundlichen Inhalte zu bieten.<\/p>\n<p>Die Sammlung von Cookies kann durch \u00c4ndern der Einstellungen des Webbrowsers gestoppt werden. Bestehende Cookie-Dateien k\u00f6nnen mit spezifischen Computerprogrammen oder \u00fcber das Internet entfernt werden. Beachten Sie, dass einige Funktionen, die von unserer Website angeboten werden, nach der Deaktivierung der Cookie-Sammlung m\u00f6glicherweise nicht verf\u00fcgbar sein k\u00f6nnten.<\/p>\n<p><strong>Aufruf der Kaufdaten<\/strong><\/p>\n<p>Paper-Checker.com sammelt solche pers\u00f6nlichen Daten wie Name, Telefonnummer, E-Mail, Heimatland und Geburtsdatum. Mit dem einzigten Ziel, die Antr\u00e4ge der Benutzer effizient zu verarbeiten, sammelt unsere Ressource auch einige vertrauliche Daten, z.B. Kreditkarten- und Passnummern sowie Gesundheitsverlauf, um sie an unsere Versicherungspartner zu senden. In jedem anderen Fall sammelt oder speichert Paper-Checker.com keine vertraulichen Informationen.<\/p>\n<p><strong>Sammeln allgemeiner Informationen<\/strong><\/p>\n<p>Die Webseiten des Netzwerks Paper-Checker.com k\u00f6nnen Daten \u00fcber die:<\/p>\n<ul>\n<li>Art der verwendeten Webansichtssoftware;<\/li>\n<li>Verwendete PC-Systeme;<\/li>\n<li>Online-Ressource, von der auf unsere Website zugegriffen wird;<\/li>\n<li>Unterseiten;<\/li>\n<li>Datum und Uhrzeit des Besuchs unserer Website;<\/li>\n<li>IP-Adresse;<\/li>\n<li>Webanbieter;<\/li>\n<li>Andere Daten, die dazu dienen k\u00f6nnten, unsere IT-Systeme zu bedrohen.<\/li>\n<\/ul>\n<p>Die genannten Informationen werden verwendet, um:<\/p>\n<ul>\n<li>Unsere Inhalte entsprechend bereitzustellen;<\/li>\n<li>Beide Inhalte und ihre Werbung zu verbessern;<\/li>\n<li>Technologische Feierlichkeit sicherzustellen;<\/li>\n<\/ul>\n<p>Daten an die Beh\u00f6rden zu \u00fcbermitteln, die f\u00fcr die Durchf\u00fchrung von Strafverfolgungen im Zusammenhang mit Cyber-Angriffen erforderlich sind. Die gesammelten Fakten werden zur Verbesserung der Daten-Sicherheit sowohl unserer Firma als auch unserer Kunden untersucht.<\/p>\n<p><strong>Der Einsatz von Cookies<\/strong><\/p>\n<p>Wir verwenden \u201eCookies\u201c, da sie uns erm\u00f6glichen, statistische Daten \u00fcber die Besuche und Nutzung unserer Website zu sammeln. Dar\u00fcber hinaus ist dies eine gute Option f\u00fcr die Erstellung effizienter Navigationen.<\/p>\n<p><strong>Sammeln von pers\u00f6nlichen Daten<\/strong><\/p>\n<p>Unsere Kunden werden w\u00e4hrend der Registrierung folgende pers\u00f6nliche Informationen bereitstellen:<\/p>\n<ul>\n<li>Name<\/li>\n<li>Kontaktnummer<\/li>\n<li>E-Mail<\/li>\n<\/ul>\n<p>Daher wird empfohlen, die Kontaktdaten korrekt zu stellen, da dies eine Garantie f\u00fcr die hohe Qualit\u00e4t der angebotenen Dienste ist.<\/p>\n<p>Unsere App greift auf die Google-Benutzerdaten nur nach der Benutzerverifizierung zu. Alle Daten werden ausschlie\u00dflich f\u00fcr Zwecke der Plagiatsdetection verwendet und werden nicht geteilt oder gespeichert. Paper-Checker.com speichert, nutzt oder teilt keine Google-Benutzerdaten.<\/p>\n<p>Unsere Kunden erhalten 100 % Garantie, dass ihre pers\u00f6nlichen Daten niemals an jemanden au\u00dfer dem Personal der Firma verf\u00fcgbar sind. Keine Offenlegung, Teilen, Verkauf, Ver\u00f6ffentlichung oder \u00dcbermittlung an Dritte ist m\u00f6glich. Jeder Text, den Sie mit unserem Plagiatsdetectionstool scannen, wird nicht an Dritte \u00fcbermittelt oder f\u00fcr andere Zwecke verwendet. Sie sind der einzige Eigent\u00fcmer des von Ihnen zum Plagiatscheckexamen preisgegebenen Textes.<\/p>\n<p><strong>Online-Transaktionen<\/strong><\/p>\n<p>Wir verwenden nur sichere Online-Transaktionen \u00fcber zuverl\u00e4ssige Zahlungssysteme, die jegliche M\u00f6glichkeit einer Datenoffenlegung ausschlie\u00dfen. In einigen F\u00e4llen wird der Finanzabteilung unsere Kunden kontaktiert, um ihre Identit\u00e4t zu \u00fcberpr\u00fcfen und alle Arten von Online-Betrug abzuwehren.<\/p>\n<p><strong>Berechtigungen der Kunden<\/strong><\/p>\n<p>Die Informationen im Kundenprofil k\u00f6nnen von dem Benutzer ge\u00e4ndert, bearbeitet, ersetzt oder gel\u00f6scht werden. Falls Sie \u00c4nderungen oder Hilfe ben\u00f6tigen, z\u00f6gern Sie nicht, die Kundenservice-Team zu kontaktieren.<\/p>\n<p>Wir sch\u00e4tzen sehr die Vorlieben der Kunden im Umgang mit unseren Plagiatsdetection-Diensten sowie den Optionen zur Bearbeitung\/Neuschreibung\/Bewertung. Ihre pers\u00f6nlichen Daten werden nur f\u00fcr interne Zwecke der Firma verwendet. Die Nutzung unserer Dienste impliziert Ihre Zustimmung zu unseren Datenschutzrichtlinien und Vorschriften.<\/p>\n<p><strong>Google Drive &amp; Kontoinformationen<\/strong><\/p>\n<p>Wir nutzen die von Ihnen auf Ihrem Google Drive gespeicherten Informationen nicht f\u00fcr pers\u00f6nliche Zwecke. Ihr Name, E-Mail-Adresse und Dateilinks werden nicht automatisch auf unsere Server gespeichert, es sei denn, Sie laden sie durch unsere Anwendung hoch. Wir haben keine Absicht, Ihre Dateien oder pers\u00f6nlichen Daten an Dritte zu teilen. Wir \u00e4ndern Ihre Dateien nur dann, wenn Sie dies direkt durch unsere Anwendung oder in Google Drive tun. Wenn Sie den Textdatei, die Sie uns mitgeteilt haben, l\u00f6schen, wird die Daten sofort von unserem Server entfernt. Dennoch werden die Dateien nicht von Ihrem Google Drive gel\u00f6scht. Sie k\u00f6nnen auch jederzeit unsere Zugriff auf Ihre Google Drive-Daten widerrufen. Wir behalten uns das Recht vor, jedem zu verhindern, der unsere Anwendung verwendet, um auf sein Google Drive zuzugreifen.<\/p>\n<p>Unsere Website wird auf die Dateien des Benutzers im Google Drive zugreifen, aber nur mit Leseberechtigung (speziell das \u201ehttps:\/\/www.googleapis.com\/auth\/drive.readonly\u201c-Scope). Wir werden den reinen Text der Dateien nur f\u00fcr den Benutzer speichern. Der Benutzer beh\u00e4lt die M\u00f6glichkeit bei, diese Daten jederzeit zu l\u00f6schen.<\/p>\n<p><strong>Google-API-Dienstvertrag<\/strong><\/p>\n<p>Die Nutzung und Weitergabe der von Paper-Checker.com aus Google-APIs erworbenen Daten an eine andere Anwendung wird dem Google-API-Dienstvertrag und insbesondere den Beschr\u00e4nkungen im Hinblick auf die Nutzung unterliegen.<\/p>\n<p><strong>GDPR-Konformit\u00e4t bei der Aufbewahrung und L\u00f6schung von pers\u00f6nlichen Daten<\/strong><\/p>\n<p>Nach dem Allgemeinen Datenschutzgesetz (GDPR) sind wir verpflichtet, die rechtliche Behandlung von pers\u00f6nlichen Daten sicherzustellen. Bei der Beendigung der Dienste oder bei der Ablauf eines Vertrags oder einer Vereinbarung werden wir alle in unserem Besitz befindlichen pers\u00f6nlichen Daten entweder zur\u00fcckgeben oder l\u00f6schen, es sei denn, es gibt eine gesetzliche Anforderung, die die Aufbewahrung dieser Daten erfordert. Unsere Ma\u00dfnahmen werden streng den GDPR-Leitlinien entsprechen, um die Privatsph\u00e4re und Schutz der pers\u00f6nlichen Daten der Einzelpersonen zu gew\u00e4hrleisten.<\/p>\n","protected":false},"excerpt":{"rendered":"<p>Die Datenschutzerkl\u00e4rung von System Technology Online Spain SL., Calle Pintor P\u00e9rez Gil 2, b.46 03540, Alicante, Spanien (&#8220;wir&#8221;, &#8220;unsere Firma&#8221; oder &#8220;unser Unternehmen&#8221;) betreibt die Website Paper-Checker.com und ist der Datenverantwortliche f\u00fcr Ihre pers\u00f6nlichen Daten. Wir m\u00f6chten Ihnen unser Dank f\u00fcr den Zeitraum, den Sie auf unsere Angebote verbringen und Ihr Interesse an unserem Unternehmen. ausdr\u00fccken.<\/p>\n","protected":false},"author":1,"featured_media":0,"parent":0,"menu_order":0,"comment_status":"closed","ping_status":"open","template":"","meta":{"_acf_changed":false,"_yoast_wpseo_title":"Datenschutzerkl\u00e4rung | Ihre Daten z\u00e4hlen bei Paper-Checker","_yoast_wpseo_metadesc":"Lernen Sie, wie Paper-Checker.com Ihre Daten sch\u00fctzt und w\u00e4hrend der Bereitstellung von Plagiatsdetection-Diensten und KI-Detection sicherstellt.","_locale":"de_DE","_original_post":"http:\/\/paper-checker.com.loc\/?page_id=3","iawp_total_views":0,"footnotes":""},"class_list":["post-963","page","type-page","status-publish","hentry","de-DE"],"acf":[],"yoast_head":"<!-- This site is optimized with the Yoast SEO plugin v27.4 - https:\/\/yoast.com\/product\/yoast-seo-wordpress\/ -->\n<title>Datenschutzerkl\u00e4rung | Ihre Daten z\u00e4hlen bei Paper-Checker<\/title>\n<meta name=\"description\" content=\"Lernen Sie, wie Paper-Checker.com Ihre Daten sch\u00fctzt und w\u00e4hrend der Bereitstellung von Plagiatsdetection-Diensten und KI-Detection sicherstellt.\" \/>\n<meta name=\"robots\" content=\"noindex, nofollow\" \/>\n<meta property=\"og:locale\" content=\"de_DE\" \/>\n<meta property=\"og:type\" content=\"article\" \/>\n<meta property=\"og:title\" content=\"Datenschutzerkl\u00e4rung | Ihre Daten z\u00e4hlen bei Paper-Checker\" \/>\n<meta property=\"og:description\" content=\"Lernen Sie, wie Paper-Checker.com Ihre Daten sch\u00fctzt und w\u00e4hrend der Bereitstellung von Plagiatsdetection-Diensten und KI-Detection sicherstellt.\" \/>\n<meta property=\"og:url\" content=\"https:\/\/paper-checker.com\/de\/privacy-policy\/\" \/>\n<meta property=\"og:site_name\" content=\"Paper Checker\" \/>\n<meta property=\"article:modified_time\" content=\"2024-12-24T11:46:44+00:00\" \/>\n<meta property=\"og:image\" content=\"https:\/\/paper-checker.com\/wp-content\/uploads\/2024\/12\/home.jpg\" \/>\n\t<meta property=\"og:image:width\" content=\"1200\" \/>\n\t<meta property=\"og:image:height\" content=\"675\" \/>\n\t<meta property=\"og:image:type\" content=\"image\/jpeg\" \/>\n<meta name=\"twitter:card\" content=\"summary_large_image\" \/>\n<meta name=\"twitter:label1\" content=\"Gesch\u00e4tzte Lesezeit\" \/>\n\t<meta name=\"twitter:data1\" content=\"5\u00a0Minuten\" \/>\n<!-- \/ Yoast SEO plugin. -->","yoast_head_json":{"title":"Datenschutzerkl\u00e4rung | Ihre Daten z\u00e4hlen bei Paper-Checker","description":"Lernen Sie, wie Paper-Checker.com Ihre Daten sch\u00fctzt und w\u00e4hrend der Bereitstellung von Plagiatsdetection-Diensten und KI-Detection sicherstellt.","robots":{"index":"noindex","follow":"nofollow"},"og_locale":"de_DE","og_type":"article","og_title":"Datenschutzerkl\u00e4rung | Ihre Daten z\u00e4hlen bei Paper-Checker","og_description":"Lernen Sie, wie Paper-Checker.com Ihre Daten sch\u00fctzt und w\u00e4hrend der Bereitstellung von Plagiatsdetection-Diensten und KI-Detection sicherstellt.","og_url":"https:\/\/paper-checker.com\/de\/privacy-policy\/","og_site_name":"Paper Checker","article_modified_time":"2024-12-24T11:46:44+00:00","og_image":[{"width":1200,"height":675,"url":"https:\/\/paper-checker.com\/wp-content\/uploads\/2024\/12\/home.jpg","type":"image\/jpeg"}],"twitter_card":"summary_large_image","twitter_misc":{"Gesch\u00e4tzte Lesezeit":"5\u00a0Minuten"},"schema":{"@context":"https:\/\/schema.org","@graph":[{"@type":"WebPage","@id":"https:\/\/paper-checker.com\/de\/privacy-policy\/","url":"https:\/\/paper-checker.com\/de\/privacy-policy\/","name":"Datenschutzerkl\u00e4rung | Ihre Daten z\u00e4hlen bei Paper-Checker","isPartOf":{"@id":"https:\/\/paper-checker.com\/#website"},"datePublished":"2024-12-23T08:31:30+00:00","dateModified":"2024-12-24T11:46:44+00:00","description":"Lernen Sie, wie Paper-Checker.com Ihre Daten sch\u00fctzt und w\u00e4hrend der Bereitstellung von Plagiatsdetection-Diensten und KI-Detection sicherstellt.","breadcrumb":{"@id":"https:\/\/paper-checker.com\/de\/privacy-policy\/#breadcrumb"},"inLanguage":"de","potentialAction":[{"@type":"ReadAction","target":["https:\/\/paper-checker.com\/de\/privacy-policy\/"]}]},{"@type":"BreadcrumbList","@id":"https:\/\/paper-checker.com\/de\/privacy-policy\/#breadcrumb","itemListElement":[{"@type":"ListItem","position":1,"name":"Home","item":"https:\/\/paper-checker.com\/de\/"},{"@type":"ListItem","position":2,"name":"Datenschutzerkl\u00e4rung"}]},{"@type":"WebSite","@id":"https:\/\/paper-checker.com\/#website","url":"https:\/\/paper-checker.com\/","name":"Paper Checker","description":"","publisher":{"@id":"https:\/\/paper-checker.com\/#organization"},"potentialAction":[{"@type":"SearchAction","target":{"@type":"EntryPoint","urlTemplate":"https:\/\/paper-checker.com\/?s={search_term_string}"},"query-input":{"@type":"PropertyValueSpecification","valueRequired":true,"valueName":"search_term_string"}}],"inLanguage":"de"},{"@type":"Organization","@id":"https:\/\/paper-checker.com\/#organization","name":"Paper Checker","url":"https:\/\/paper-checker.com\/","logo":{"@type":"ImageObject","inLanguage":"de","@id":"https:\/\/paper-checker.com\/#\/schema\/logo\/image\/","url":"https:\/\/paper-checker.com\/wp-content\/uploads\/2024\/12\/Group.png","contentUrl":"https:\/\/paper-checker.com\/wp-content\/uploads\/2024\/12\/Group.png","width":30,"height":30,"caption":"Paper Checker"},"image":{"@id":"https:\/\/paper-checker.com\/#\/schema\/logo\/image\/"}}]}},"_links":{"self":[{"href":"https:\/\/paper-checker.com\/wp-json\/wp\/v2\/pages\/963","targetHints":{"allow":["GET"]}}],"collection":[{"href":"https:\/\/paper-checker.com\/wp-json\/wp\/v2\/pages"}],"about":[{"href":"https:\/\/paper-checker.com\/wp-json\/wp\/v2\/types\/page"}],"author":[{"embeddable":true,"href":"https:\/\/paper-checker.com\/wp-json\/wp\/v2\/users\/1"}],"replies":[{"embeddable":true,"href":"https:\/\/paper-checker.com\/wp-json\/wp\/v2\/comments?post=963"}],"version-history":[{"count":1,"href":"https:\/\/paper-checker.com\/wp-json\/wp\/v2\/pages\/963\/revisions"}],"predecessor-version":[{"id":964,"href":"https:\/\/paper-checker.com\/wp-json\/wp\/v2\/pages\/963\/revisions\/964"}],"wp:attachment":[{"href":"https:\/\/paper-checker.com\/wp-json\/wp\/v2\/media?parent=963"}],"curies":[{"name":"wp","href":"https:\/\/api.w.org\/{rel}","templated":true}]}}