{"id":549,"date":"2024-12-23T08:34:50","date_gmt":"2024-12-23T08:34:50","guid":{"rendered":"https:\/\/paper-checker.com\/?page_id=549"},"modified":"2025-02-07T08:21:29","modified_gmt":"2025-02-07T08:21:29","slug":"ai-detector","status":"publish","type":"page","link":"https:\/\/paper-checker.com\/es\/ai-detector\/","title":{"rendered":"Verifique la Autenticidad con Detecci\u00f3n de IA"},"content":{"rendered":"<div class=\"container\">\n<div class=\"row pt-70 pb-60\">\n<div class=\"col col-12 col-xs-12 col-sm-12 col-md-6 col-lg-6\">\n<h2 class=\"align-left\">\u00bfQu\u00e9 es la Detecci\u00f3n de Contenido por IA en Paper-Checker.com?<\/h2>\n<div class=\"img-block\"><img alt=\"\" decoding=\"async\" src=\"\/wp-content\/themes\/main\/images\/man-typing.png\" style=\"max-width: 100%;\"\/><\/div>\n<\/div>\n<div class=\"col col-12 col-xs-12 col-sm-12 col-md-6 col-lg-6\">\n<p>En el mundo digital din\u00e1mico, el contenido generado por IA est\u00e1 cada vez m\u00e1s prevalente en la academia, marketing y periodismo. Mientras que AI ofrece valiosa ayuda para tareas de redacci\u00f3n, plantea preocupaciones sobre originalidad y autenticidad. Paper-Checker.com se ha dise\u00f1ado expertamente para detectar texto generado por IA, permitiendo a los usuarios verificar que su contenido es genuinamente creado por humanos.<\/p>\n<h3 class=\"h4\">El Poder detr\u00e1s de Nuestra Detecci\u00f3n de Contenido por IA<\/h3>\n<p>En Paper-Checker.com, nuestro detector de contenido por IA utiliza modelos avanzados de aprendizaje autom\u00e1tico para analizar precisamente los patrones ling\u00fc\u00edsticos y estilos de escritura. Estos algoritmos de \u00faltima generaci\u00f3n pueden detectar incluso las diferencias m\u00e1s sutiles entre el texto escrito por humanos y el generado por IA, asegurando una excepcional precisi\u00f3n.<\/p>\n<p>Nuestra tecnolog\u00eda evoluciona continuamente, incorporando actualizaciones regulares para mantenerse al d\u00eda con los avances en la generaci\u00f3n de contenido por IA. A diferencia de las herramientas de detecci\u00f3n tradicionales que se basan principalmente en comparaciones de bases de datos, nuestro detector de IA examina las nuancias estructurales de la escritura para evaluar si una m\u00e1quina probablemente produjo el texto. Este m\u00e9todo sofisticado garantiza resultados r\u00e1pidos y confiables, proporcionando un nivel de confianza que puede depender.<\/p>\n<\/div>\n<\/div>\n<div class=\"row pt-40 pb-60\">\n<div class=\"col col-12 col-sm-12\">\n<div class=\"dark-info ai-detector\">\n<div class=\"dark-info-container\">\n<div class=\"title\">API de Detecci\u00f3n de Contenido por IA<\/div>\n<div class=\"middle-info-block\">\n<div class=\"info-block-item\" role=\"presentation\">\n<div class=\"info-title\">Soporte 24\/7 <img alt=\"icon\" decoding=\"async\" src=\"\/wp-content\/themes\/main\/images\/support_icon.svg\"\/><\/div>\n<div class=\"info-text\">No dudes en contactar nuestro equipo de soporte en cualquier momento y disfruta de asistencia inmediata.<\/div>\n<\/div>\n<div class=\"info-block-item\" role=\"presentation\">\n<div class=\"info-title\">Precios Razonables <img alt=\"icon\" decoding=\"async\" src=\"\/wp-content\/themes\/main\/images\/prices_icon.svg\"\/><\/div>\n<div class=\"info-text\">Ofrecemos servicios de alta calidad a precios accesibles.<\/div>\n<\/div>\n<\/div>\n<div class=\"dark-info-text\">\n<p>Cuando la originalidad es crucial, Paper-Checker.com es la soluci\u00f3n que puedes contar para una detecci\u00f3n precisa del contenido por IA. Protege tu trabajo contra el creciente presencia de texto generado por IA y toma el control de su calidad y autenticidad. Con tecnolog\u00eda de detecci\u00f3n avanzada, te ayudamos a mantenerte al d\u00eda. Conf\u00eda en Paper-Checker.com para proporcionar resultados confiables cada vez.<\/p>\n<p><a class=\"btn btn-green\">Intenta la Detecci\u00f3n por IA Ahora<\/a><\/p>\n<\/div>\n<\/div>\n<\/div>\n<\/div>\n<\/div>\n<div class=\"row\">\n<div class=\"col col-12 col-sm-12\">\n<div class=\"green-top-subtitle center mb_-6\">Nuestras Ventajas<\/div>\n<h2>Caracter\u00edsticas Clave de Nuestra Herramienta<\/h2>\n<div class=\"subtitle maxw-600 align-center pb-20\">La herramienta de detecci\u00f3n de contenido por IA de Paper-Checker.com destaca por sus caracter\u00edsticas avanzadas dise\u00f1adas para hacer el proceso sencillo pero efectivo:<\/div>\n<div class=\"our-advantages-table\">\n<div class=\"advantages-item\">\n<div class=\"top-line\"><img alt=\"icon\" decoding=\"async\" src=\"\/wp-content\/themes\/main\/images\/scanningdepth_icon.svg\"\/><span class=\"title\">Precisi\u00f3n Alta en la Detecci\u00f3n<\/span><\/div>\n<div class=\"text\"> impulsado por modelos de aprendizaje autom\u00e1tico de \u00faltima generaci\u00f3n, nuestra herramienta proporciona resultados precisos, distinguiendo con exactitud el contenido generado por IA del escrito por humanos.<\/div>\n<\/div>\n<div class=\"advantages-item\">\n<div class=\"top-line\"><img alt=\"icon\" decoding=\"async\" src=\"\/wp-content\/themes\/main\/images\/instant_results_icon.svg\"\/><span class=\"title\">Detecci\u00f3n en Tiempo Real<\/span><\/div>\n<div class=\"text\">El tiempo es crucial. Nuestro sistema lightning-fast proporciona resultados completos en segundos, permiti\u00e9ndote realizar revisiones inmediatas sin retraso.<\/div>\n<\/div>\n<div class=\"advantages-item\">\n<div class=\"top-line\"><img alt=\"icon\" decoding=\"async\" src=\"\/wp-content\/themes\/main\/images\/interface_icon.svg\"\/><span class=\"title\">Interfaz Amigable para Usuarios<\/span><\/div>\n<div class=\"text\">La disposici\u00f3n intuitiva de la herramienta facilita su uso incluso para aquellos sin experiencia t\u00e9cnica.<\/div>\n<\/div>\n<div class=\"advantages-item\">\n<div class=\"top-line\"><img alt=\"icon\" decoding=\"async\" src=\"\/wp-content\/themes\/main\/images\/insights_icon.svg\"\/><span class=\"title\">Informes Completos<\/span><\/div>\n<div class=\"text\">Nuestra herramienta no solo te dice si se ha detectado contenido por IA, sino que proporciona un an\u00e1lisis completo, destacando las secciones de texto posiblemente generadas por IA.<\/div>\n<\/div>\n<div class=\"advantages-item\">\n<div class=\"top-line\"><img alt=\"icon\" decoding=\"async\" src=\"\/wp-content\/themes\/main\/images\/safety__icon.svg\"\/><span class=\"title\">Soporte a M\u00faltiples Formatos<\/span><\/div>\n<div class=\"text\">Ya sea que est\u00e9s trabajando con texto plano, PDFs o otros formatos, nuestra herramienta puede manejar todo, ofreciendo flexibilidad para diversos casos de uso.<\/div>\n<\/div>\n<div class=\"advantages-item\">\n<div class=\"top-line\"><img alt=\"icon\" decoding=\"async\" src=\"\/wp-content\/themes\/main\/images\/adventures_privacy_icon.svg\"\/><span class=\"title\">Privacidad Garantizada<\/span><\/div>\n<div class=\"text\">Tu datos est\u00e1n seguros con nosotros. Nunca almacenamos ni compartimos ning\u00fan contenido que env\u00edes, garantizando la confidencialidad completa.<\/div>\n<\/div>\n<\/div>\n<\/div>\n<\/div>\n<\/div>\n<div class=\"blue-bg-block how-check vertical-steps long-titles\">\n<div class=\"container\">\n<div class=\"row\">\n<div class=\"col col-12 col-sm-12\">\n<div class=\"green-top-subtitle\">C\u00f3mo funciona<\/div>\n<h2>C\u00f3mo Maximizar el Uso de Paper-Checker.com<\/h2>\n<div class=\"vertical-steps-content\">\n<div class=\"vertical-step-icon\">\n<div class=\"top-part\"><img alt=\"icon\" decoding=\"async\" src=\"\/wp-content\/themes\/main\/images\/step_profile_icon.png\"\/><span class=\"title\">01. Sube o Pega Tu Contenido<\/span><\/div>\n<p>Listo para empezar? Simplemente carga tu documento o pega tu texto en nuestro verificador de plagio. Es r\u00e1pido, f\u00e1cil y sin complicaciones.<\/p>\n<\/div>\n<div class=\"vertical-step-icon\">\n<div class=\"top-part\"><img alt=\"icon\" decoding=\"async\" src=\"\/wp-content\/themes\/main\/images\/step_pricing_icon.png\"\/><span class=\"title\">02. Inicia la Verificaci\u00f3n de Plagio<\/span><\/div>\n<p>Haz clic en el bot\u00f3n &#8220;Verificar Plagio&#8221; y deja que nuestro sistema avanzado haga su trabajo. \u00danete a nosotros y rel\u00e1jate\u2014we&#8217;ll handle the rest.<\/p>\n<\/div>\n<div class=\"vertical-step-icon\">\n<div class=\"top-part\"><img alt=\"icon\" decoding=\"async\" src=\"\/wp-content\/themes\/main\/images\/step_process_icon.png\"\/><span class=\"title\">03. Revisa Tu Informe Personalizado<\/span><\/div>\n<p>En momentos, recibir\u00e1s un informe detallado destacando cualquier instancia de plagio. Utiliza este valioso feedback para mejorar tu trabajo.<\/p>\n<\/div>\n<div class=\"vertical-step-icon last\">\n<div class=\"top-part\"><img alt=\"icon\" decoding=\"async\" src=\"\/wp-content\/themes\/main\/images\/step_score_icon.png\"\/><span class=\"title\">04. Perfecciona y Protege Tu Trabajo<\/span><\/div>\n<p>Haz las modificaciones necesarias, ya sea reescribiendo, a\u00f1adiendo citas o eliminando contenido sospechoso. Aseg\u00farate de que tu trabajo final est\u00e9 pulido y autenticamente tuyo.<\/p>\n<\/div>\n<\/div>\n<\/div>\n<\/div>\n<div class=\"row\">\n<div class=\"col col-12 col-sm-12\">\n<div class=\"dark-info di-green-icon elevate-text\">\n<div class=\"header\">Eleva <span class=\"grey-text\">Tu Escritura.<\/span> Protege <span class=\"grey-text\">Tua Integridad.<\/span><span class=\"grey-text\"> Elige <\/span> Paper-Checker.com. <\/div>\n<p><a class=\"btn btn-green\" href=\"\">Comienza a verificar<\/a>\n<\/div>\n<\/div>\n<\/div>\n<\/div>\n<\/div>\n","protected":false},"excerpt":{"rendered":"<p>\u00bfQu\u00e9 es la Detecci\u00f3n de Contenido por IA en Paper-Checker.com? En el mundo digital din\u00e1mico, el contenido generado por IA est\u00e1 cada vez m\u00e1s prevalente en la academia, marketing y periodismo. Mientras que AI ofrece valiosa ayuda para tareas de redacci\u00f3n, plantea preocupaciones sobre originalidad y autenticidad. Paper-Checker.com se ha dise\u00f1ado expertamente para detectar texto generado por IA, permitiendo a los usuarios verificar que su contenido es genuinamente creado por humanos.<\/p>\n","protected":false},"author":1,"featured_media":0,"parent":0,"menu_order":0,"comment_status":"closed","ping_status":"closed","template":"tpl-landing-page.php","meta":{"_acf_changed":false,"_yoast_wpseo_title":"Verificador de IA para Originalidad | Detecci\u00f3n Precisa del Contenido por IA","_yoast_wpseo_metadesc":"El Verificador de IA de Paper-Checker.com detecta el contenido generado por IA con precisi\u00f3n y velocidad, asegurando la originalidad en la escritura acad\u00e9mica, profesional y creativa.","_locale":"es_ES","_original_post":"http:\/\/paper-checker.com.loc\/?page_id=68","iawp_total_views":14,"footnotes":""},"class_list":["post-549","page","type-page","status-publish","hentry","es-ES"],"acf":[],"yoast_head":"<!-- This site is optimized with the Yoast SEO plugin v27.5 - https:\/\/yoast.com\/product\/yoast-seo-wordpress\/ -->\n<title>Verificador de IA para Originalidad | Detecci\u00f3n Precisa del Contenido por IA<\/title>\n<meta name=\"description\" content=\"El Verificador de IA de Paper-Checker.com detecta el contenido generado por IA con precisi\u00f3n y velocidad, asegurando la originalidad en la escritura acad\u00e9mica, profesional y creativa.\" \/>\n<meta name=\"robots\" content=\"index, follow, max-snippet:-1, max-image-preview:large, max-video-preview:-1\" \/>\n<link rel=\"canonical\" href=\"https:\/\/paper-checker.com\/es\/ai-detector\/\" \/>\n<meta property=\"og:locale\" content=\"es_ES\" \/>\n<meta property=\"og:type\" content=\"article\" \/>\n<meta property=\"og:title\" content=\"Verificador de IA para Originalidad | Detecci\u00f3n Precisa del Contenido por IA\" \/>\n<meta property=\"og:description\" content=\"El Verificador de IA de Paper-Checker.com detecta el contenido generado por IA con precisi\u00f3n y velocidad, asegurando la originalidad en la escritura acad\u00e9mica, profesional y creativa.\" \/>\n<meta property=\"og:url\" content=\"https:\/\/paper-checker.com\/es\/ai-detector\/\" \/>\n<meta property=\"og:site_name\" content=\"Paper Checker\" \/>\n<meta property=\"article:modified_time\" content=\"2025-02-07T08:21:29+00:00\" \/>\n<meta property=\"og:image\" content=\"https:\/\/paper-checker.com\/wp-content\/uploads\/2024\/12\/home.jpg\" \/>\n\t<meta property=\"og:image:width\" content=\"1200\" \/>\n\t<meta property=\"og:image:height\" content=\"675\" \/>\n\t<meta property=\"og:image:type\" content=\"image\/jpeg\" \/>\n<meta name=\"twitter:card\" content=\"summary_large_image\" \/>\n<meta name=\"twitter:label1\" content=\"Tiempo de lectura\" \/>\n\t<meta name=\"twitter:data1\" content=\"6 minutos\" \/>\n<!-- \/ Yoast SEO plugin. -->","yoast_head_json":{"title":"Verificador de IA para Originalidad | Detecci\u00f3n Precisa del Contenido por IA","description":"El Verificador de IA de Paper-Checker.com detecta el contenido generado por IA con precisi\u00f3n y velocidad, asegurando la originalidad en la escritura acad\u00e9mica, profesional y creativa.","robots":{"index":"index","follow":"follow","max-snippet":"max-snippet:-1","max-image-preview":"max-image-preview:large","max-video-preview":"max-video-preview:-1"},"canonical":"https:\/\/paper-checker.com\/es\/ai-detector\/","og_locale":"es_ES","og_type":"article","og_title":"Verificador de IA para Originalidad | Detecci\u00f3n Precisa del Contenido por IA","og_description":"El Verificador de IA de Paper-Checker.com detecta el contenido generado por IA con precisi\u00f3n y velocidad, asegurando la originalidad en la escritura acad\u00e9mica, profesional y creativa.","og_url":"https:\/\/paper-checker.com\/es\/ai-detector\/","og_site_name":"Paper Checker","article_modified_time":"2025-02-07T08:21:29+00:00","og_image":[{"width":1200,"height":675,"url":"https:\/\/paper-checker.com\/wp-content\/uploads\/2024\/12\/home.jpg","type":"image\/jpeg"}],"twitter_card":"summary_large_image","twitter_misc":{"Tiempo de lectura":"6 minutos"},"schema":{"@context":"https:\/\/schema.org","@graph":[{"@type":"WebPage","@id":"https:\/\/paper-checker.com\/es\/ai-detector\/","url":"https:\/\/paper-checker.com\/es\/ai-detector\/","name":"Verificador de IA para Originalidad | Detecci\u00f3n Precisa del Contenido por IA","isPartOf":{"@id":"https:\/\/paper-checker.com\/#website"},"datePublished":"2024-12-23T08:34:50+00:00","dateModified":"2025-02-07T08:21:29+00:00","description":"El Verificador de IA de Paper-Checker.com detecta el contenido generado por IA con precisi\u00f3n y velocidad, asegurando la originalidad en la escritura acad\u00e9mica, profesional y creativa.","breadcrumb":{"@id":"https:\/\/paper-checker.com\/es\/ai-detector\/#breadcrumb"},"inLanguage":"es","potentialAction":[{"@type":"ReadAction","target":["https:\/\/paper-checker.com\/es\/ai-detector\/"]}]},{"@type":"BreadcrumbList","@id":"https:\/\/paper-checker.com\/es\/ai-detector\/#breadcrumb","itemListElement":[{"@type":"ListItem","position":1,"name":"Home","item":"https:\/\/paper-checker.com\/es\/"},{"@type":"ListItem","position":2,"name":"Verifique la Autenticidad con Detecci\u00f3n de IA"}]},{"@type":"WebSite","@id":"https:\/\/paper-checker.com\/#website","url":"https:\/\/paper-checker.com\/","name":"Paper Checker","description":"","publisher":{"@id":"https:\/\/paper-checker.com\/#organization"},"potentialAction":[{"@type":"SearchAction","target":{"@type":"EntryPoint","urlTemplate":"https:\/\/paper-checker.com\/?s={search_term_string}"},"query-input":{"@type":"PropertyValueSpecification","valueRequired":true,"valueName":"search_term_string"}}],"inLanguage":"es"},{"@type":"Organization","@id":"https:\/\/paper-checker.com\/#organization","name":"Paper Checker","url":"https:\/\/paper-checker.com\/","logo":{"@type":"ImageObject","inLanguage":"es","@id":"https:\/\/paper-checker.com\/#\/schema\/logo\/image\/","url":"https:\/\/paper-checker.com\/wp-content\/uploads\/2024\/12\/Group.png","contentUrl":"https:\/\/paper-checker.com\/wp-content\/uploads\/2024\/12\/Group.png","width":30,"height":30,"caption":"Paper Checker"},"image":{"@id":"https:\/\/paper-checker.com\/#\/schema\/logo\/image\/"}}]}},"_links":{"self":[{"href":"https:\/\/paper-checker.com\/wp-json\/wp\/v2\/pages\/549","targetHints":{"allow":["GET"]}}],"collection":[{"href":"https:\/\/paper-checker.com\/wp-json\/wp\/v2\/pages"}],"about":[{"href":"https:\/\/paper-checker.com\/wp-json\/wp\/v2\/types\/page"}],"author":[{"embeddable":true,"href":"https:\/\/paper-checker.com\/wp-json\/wp\/v2\/users\/1"}],"replies":[{"embeddable":true,"href":"https:\/\/paper-checker.com\/wp-json\/wp\/v2\/comments?post=549"}],"version-history":[{"count":3,"href":"https:\/\/paper-checker.com\/wp-json\/wp\/v2\/pages\/549\/revisions"}],"predecessor-version":[{"id":2798,"href":"https:\/\/paper-checker.com\/wp-json\/wp\/v2\/pages\/549\/revisions\/2798"}],"wp:attachment":[{"href":"https:\/\/paper-checker.com\/wp-json\/wp\/v2\/media?parent=549"}],"curies":[{"name":"wp","href":"https:\/\/api.w.org\/{rel}","templated":true}]}}