{"id":776,"date":"2024-12-23T08:34:50","date_gmt":"2024-12-23T08:34:50","guid":{"rendered":"https:\/\/paper-checker.com\/?page_id=776"},"modified":"2025-02-06T14:11:31","modified_gmt":"2025-02-06T14:11:31","slug":"pricing","status":"publish","type":"page","link":"https:\/\/paper-checker.com\/es\/pricing\/","title":{"rendered":"Precios"},"content":{"rendered":"<div class=\"container\">\n<div class=\"prices-wrapper\">\n<section class=\"originality-section\">\n<div class=\"container\">\n<div class=\"row\">\n<div class=\"col col-xs-12 col-sm-12\">\n<div class=\"ps-widget-container\" data-ps-widget-name=\"Prices\" data-ps-widget-options=\"{}\">\n<div class=\"loader-wrapper\"><\/div>\n<\/div>\n<\/div>\n<\/div>\n<\/div>\n<div class=\"container\">\n<section class=\"faq-section\">\n<div class=\"row faq-row-wrap\">\n<div class=\"col col-12\">\n<div class=\"faq-content-wrapper\">\n<div class=\"faq-left-part\">\n<div class=\"left-part-sticky\">\n<div class=\"green-top-subtitle\">Preguntas Frecuentes<\/div>\n<h2>Preguntas frecuentes sobre Paper-Checker.com<\/h2>\n<div class=\"subtitle\">\u00bfTienes preguntas sobre c\u00f3mo funciona nuestro servicio de detecci\u00f3n de plagio y AI? Hemos respondido algunas de las preguntas m\u00e1s comunes para ayudarte a comenzar y aprovechar al m\u00e1ximo nuestra plataforma.<\/div>\n<div class=\"bottom-contact-line\">Cont\u00e1ctanos con nuestro <a class=\"btn btn-blue-gradient\" href=\"\/contacts\/\"><img decoding=\"async\" src=\"\/wp-content\/themes\/main\/images\/support-white-icon.png\" alt=\"icon\" \/>Equipo de soporte<\/a>si no encuentras la respuesta que buscas!<\/div>\n<\/div>\n<\/div>\n<div class=\"faq-right-part\">\n<div class=\"faq-contant\">\n<div class=\"faq-item active\">\n<div class=\"question\">\u00bfQu\u00e9 tipos de documentos puedo cargar para la detecci\u00f3n de plagio y AI?<\/div>\n<div class=\"answer\">Puedes cargar varios formatos de texto, incluyendo documentos de Word, PDFs y archivos de texto planos. Nuestro sistema admite todos los formatos principales para garantizar una experiencia suave.<\/div>\n<\/div>\n<div class=\"faq-item\">\n<div class=\"question\">\u00bfCu\u00e1n precisa es tu detecci\u00f3n de plagio y AI?<\/div>\n<div class=\"answer\">Nuestros algoritmos de detecci\u00f3n se actualizan continuamente para proporcionar la mayor precisi\u00f3n, escaneando billones de fuentes y detectando incluso el contenido generado por IA m\u00e1s sofisticado.<\/div>\n<\/div>\n<div class=\"faq-item\">\n<div class=\"question\">\u00bfCu\u00e1nto tiempo lleva obtener los resultados?<\/div>\n<div class=\"answer\">Recibir\u00e1s tu informe detallado de detecci\u00f3n de plagio y AI dentro de minutos, dependiendo de la longitud de tu documento. La mayor\u00eda de los informes se generan en menos de 2 minutos.<\/div>\n<\/div>\n<div class=\"faq-item\">\n<div class=\"question\">\u00bfEs mi datos seguros?<\/div>\n<div class=\"answer\">S\u00ed, garantizamos la confidencialidad del 100%. Tus documentos se procesan de manera segura y nunca almacenamos ni compartimos ninguno de tus archivos.<\/div>\n<\/div>\n<div class=\"faq-item\">\n<div class=\"question\">\u00bfPuedes integrar tu servicio con mis sistemas existentes?<\/div>\n<div class=\"answer\">\u00a1Claro! Ofrecemos integraciones suaves con API y LMS, lo que te permite usar nuestros herramientas f\u00e1cilmente dentro de tu plataforma actual.<\/div>\n<\/div>\n<div class=\"faq-item\">\n<div class=\"question\">\u00bfQu\u00e9 fuentes cubre tu verificador de plagio?<\/div>\n<div class=\"answer\">Nuestro sistema verifica contra una vasta base de m\u00e1s de 25,000 publicaciones, incluyendo revistas, revistas, peri\u00f3dicos, trabajos acad\u00e9micos y m\u00e1s.<\/div>\n<\/div>\n<div class=\"faq-item\">\n<div class=\"question\">\u00bfOfreces soporte si necesitas ayuda?<\/div>\n<div class=\"answer\">S\u00ed, ofrecemos soporte al cliente 24\/7. Nuestro equipo est\u00e1 disponible las 24 horas del d\u00eda para ayudarte con cualquier pregunta o problema t\u00e9cnico.<\/div>\n<\/div>\n<div class=\"faq-item\">\n<div class=\"question\">\u00bfHay un per\u00edodo de prueba gratuito?<\/div>\n<div class=\"answer\">S\u00ed, ofrecemos un per\u00edodo de prueba gratuito para nuevos usuarios. Puedes probar nuestros herramientas de detecci\u00f3n de plagio y AI sin compromiso y ver los resultados por ti mismo.<\/div>\n<\/div>\n<div class=\"faq-item\">\n<div class=\"question\">\u00bfPuedo ver las fuentes de la plagia detectada?<\/div>\n<div class=\"answer\">S\u00ed, nuestros informes detallados incluyen una lista de las fuentes donde se encuentra el contenido plagio, lo que te permite identificar y abordar f\u00e1cilmente los problemas.<\/div>\n<\/div>\n<div class=\"faq-item\">\n<div class=\"question\">\u00bfTu servicio funciona para contenido no en ingl\u00e9s?<\/div>\n<div class=\"answer\">S\u00ed, nuestras herramientas est\u00e1n dise\u00f1adas para detectar plagio y contenido generado por IA en m\u00faltiples idiomas, proporcionando cobertura global para necesidades acad\u00e9micas y profesionales.<\/div>\n<\/div>\n<div class=\"faq-item\">\n<div class=\"question\">\u00bfCu\u00e1n frecuentemente se actualizan tus bases de datos?<\/div>\n<div class=\"answer\">Nuestras bases de datos se actualizan regularmente para garantizar la cobertura m\u00e1s reciente y completa de contenido en l\u00ednea, trabajos acad\u00e9micos y publicaciones.<\/div>\n<\/div>\n<div class=\"faq-item\">\n<div class=\"question\">\u00bfPuedo verificar m\u00faltiples documentos a la vez?<\/div>\n<div class=\"answer\">S\u00ed, nuestro sistema te permite cargar y verificar m\u00faltiples documentos simult\u00e1neamente, lo que facilita el trabajo de educadores y profesionales manejando grandes vol\u00famenes de trabajo.<\/div>\n<\/div>\n<div class=\"faq-item\">\n<div class=\"question\">\u00bfHay un l\u00edmite en el n\u00famero de palabras o tama\u00f1o del documento?<\/div>\n<div class=\"answer\">Aunque soportamos documentos grandes, hay l\u00edmites basados en tu plan de precios elegido. Sin embargo, todos los planes permiten subidas de documentos substanciales adecuadas para la mayor\u00eda de los usuarios.<\/div>\n<\/div>\n<div class=\"faq-item\">\n<div class=\"question\">\u00bfC\u00f3mo interpretar los resultados del informe?<\/div>\n<div class=\"answer\">Nuestros informes son f\u00e1ciles de leer, con indicadores claros que muestran las coincidencias de plagio y contenido generado por IA. Cada secci\u00f3n marcada enlaza a la fuente y ofrecemos sugerencias para revisiones.<\/div>\n<\/div>\n<div class=\"faq-item\">\n<div class=\"question\">\u00bfPuedo usar tu servicio en dispositivos m\u00f3viles?<\/div>\n<div class=\"answer\">S\u00ed, nuestra plataforma es completamente responsive y optimizada para dispositivos m\u00f3viles, lo que te permite verificar tu contenido mientras est\u00e1s fuera de casa.<\/div>\n<\/div>\n<div class=\"bottom-bg\"><\/div>\n<\/div>\n<\/div>\n<\/div>\n<\/div>\n<\/div>\n<\/section>\n<section class=\"originality-section\">\n<div class=\"row\">\n<div class=\"col col-xs-12 col-sm-12\">\n<div class=\"originality-block\">\n<h2 class=\"title-part\">Lleva la incertidumbre<br \/>\nfuera de la originalidad<\/h2>\n<div class=\"right-part\">\n<div class=\"text-part\">\n<div class=\"text\">Prueba Paper-Checker.com hoy y aseg\u00farate de que tu contenido sea 100% aut\u00e9ntico.<\/div>\n<div class=\"list-item\"><span class=\"origin-item\">R\u00e1pido<\/span><span class=\"origin-item\">Preciso<\/span><span class=\"origin-item\">Fiable a nivel mundial<\/span><\/div>\n<div class=\"bnt btn-green\">Comprobar mi contenido<\/div>\n<\/div>\n<\/div>\n<\/div>\n<\/div>\n<\/div>\n<\/section>\n<\/div>\n<\/section><\/div>\n<\/div>\n","protected":false},"excerpt":{"rendered":"<p>Opciones de Precios Sin cuotas ocultas para la detecci\u00f3n de plagio y AI Un pago \u00fanico por mes 3 meses al a\u00f1o Palabras seleccionadas 100 Descuentos por p\u00e1gina 40% Pago total $15.00 Disfruta del poder completo de Unicheck con cada compra: Sin verificaci\u00f3n API abierta Lote de archivos a verificar Tablero en l\u00ednea organizable complemento para Google Docs Pagos recurrentes Iniciar sesi\u00f3n para pagarOrdenar ahora Palabras seleccionadas.<\/p>\n","protected":false},"author":1,"featured_media":0,"parent":0,"menu_order":0,"comment_status":"closed","ping_status":"closed","template":"","meta":{"_acf_changed":false,"_yoast_wpseo_title":"Precios Asequibles para la Detecci\u00f3n de Plagio y AI - Paper Checker","_yoast_wpseo_metadesc":"Explora los planes de precios flexibles y transparentes de Paper Checker. Obt\u00e9n herramientas avanzadas de detecci\u00f3n de plagio y contenido AI a los mejores precios, adaptadas a tus necesidades.","_locale":"es_ES","_original_post":"http:\/\/paper-checker.com.loc\/?page_id=13","iawp_total_views":23,"footnotes":""},"class_list":["post-776","page","type-page","status-publish","hentry","es-ES"],"acf":[],"yoast_head":"<!-- This site is optimized with the Yoast SEO plugin v27.5 - https:\/\/yoast.com\/product\/yoast-seo-wordpress\/ -->\n<title>Precios Asequibles para la Detecci\u00f3n de Plagio y AI - Paper Checker<\/title>\n<meta name=\"description\" content=\"Explora los planes de precios flexibles y transparentes de Paper Checker. Obt\u00e9n herramientas avanzadas de detecci\u00f3n de plagio y contenido AI a los mejores precios, adaptadas a tus necesidades.\" \/>\n<meta name=\"robots\" content=\"index, follow, max-snippet:-1, max-image-preview:large, max-video-preview:-1\" \/>\n<link rel=\"canonical\" href=\"https:\/\/paper-checker.com\/es\/pricing\/\" \/>\n<meta property=\"og:locale\" content=\"es_ES\" \/>\n<meta property=\"og:type\" content=\"article\" \/>\n<meta property=\"og:title\" content=\"Precios Asequibles para la Detecci\u00f3n de Plagio y AI - Paper Checker\" \/>\n<meta property=\"og:description\" content=\"Explora los planes de precios flexibles y transparentes de Paper Checker. Obt\u00e9n herramientas avanzadas de detecci\u00f3n de plagio y contenido AI a los mejores precios, adaptadas a tus necesidades.\" \/>\n<meta property=\"og:url\" content=\"https:\/\/paper-checker.com\/es\/pricing\/\" \/>\n<meta property=\"og:site_name\" content=\"Paper Checker\" \/>\n<meta property=\"article:modified_time\" content=\"2025-02-06T14:11:31+00:00\" \/>\n<meta property=\"og:image\" content=\"https:\/\/paper-checker.com\/wp-content\/uploads\/2024\/12\/home.jpg\" \/>\n\t<meta property=\"og:image:width\" content=\"1200\" \/>\n\t<meta property=\"og:image:height\" content=\"675\" \/>\n\t<meta property=\"og:image:type\" content=\"image\/jpeg\" \/>\n<meta name=\"twitter:card\" content=\"summary_large_image\" \/>\n<meta name=\"twitter:label1\" content=\"Tiempo de lectura\" \/>\n\t<meta name=\"twitter:data1\" content=\"4 minutos\" \/>\n<!-- \/ Yoast SEO plugin. -->","yoast_head_json":{"title":"Precios Asequibles para la Detecci\u00f3n de Plagio y AI - Paper Checker","description":"Explora los planes de precios flexibles y transparentes de Paper Checker. Obt\u00e9n herramientas avanzadas de detecci\u00f3n de plagio y contenido AI a los mejores precios, adaptadas a tus necesidades.","robots":{"index":"index","follow":"follow","max-snippet":"max-snippet:-1","max-image-preview":"max-image-preview:large","max-video-preview":"max-video-preview:-1"},"canonical":"https:\/\/paper-checker.com\/es\/pricing\/","og_locale":"es_ES","og_type":"article","og_title":"Precios Asequibles para la Detecci\u00f3n de Plagio y AI - Paper Checker","og_description":"Explora los planes de precios flexibles y transparentes de Paper Checker. Obt\u00e9n herramientas avanzadas de detecci\u00f3n de plagio y contenido AI a los mejores precios, adaptadas a tus necesidades.","og_url":"https:\/\/paper-checker.com\/es\/pricing\/","og_site_name":"Paper Checker","article_modified_time":"2025-02-06T14:11:31+00:00","og_image":[{"width":1200,"height":675,"url":"https:\/\/paper-checker.com\/wp-content\/uploads\/2024\/12\/home.jpg","type":"image\/jpeg"}],"twitter_card":"summary_large_image","twitter_misc":{"Tiempo de lectura":"4 minutos"},"schema":{"@context":"https:\/\/schema.org","@graph":[{"@type":"WebPage","@id":"https:\/\/paper-checker.com\/es\/pricing\/","url":"https:\/\/paper-checker.com\/es\/pricing\/","name":"Precios Asequibles para la Detecci\u00f3n de Plagio y AI - Paper Checker","isPartOf":{"@id":"https:\/\/paper-checker.com\/#website"},"datePublished":"2024-12-23T08:34:50+00:00","dateModified":"2025-02-06T14:11:31+00:00","description":"Explora los planes de precios flexibles y transparentes de Paper Checker. Obt\u00e9n herramientas avanzadas de detecci\u00f3n de plagio y contenido AI a los mejores precios, adaptadas a tus necesidades.","breadcrumb":{"@id":"https:\/\/paper-checker.com\/es\/pricing\/#breadcrumb"},"inLanguage":"es","potentialAction":[{"@type":"ReadAction","target":["https:\/\/paper-checker.com\/es\/pricing\/"]}]},{"@type":"BreadcrumbList","@id":"https:\/\/paper-checker.com\/es\/pricing\/#breadcrumb","itemListElement":[{"@type":"ListItem","position":1,"name":"Home","item":"https:\/\/paper-checker.com\/es\/"},{"@type":"ListItem","position":2,"name":"Precios"}]},{"@type":"WebSite","@id":"https:\/\/paper-checker.com\/#website","url":"https:\/\/paper-checker.com\/","name":"Paper Checker","description":"","publisher":{"@id":"https:\/\/paper-checker.com\/#organization"},"potentialAction":[{"@type":"SearchAction","target":{"@type":"EntryPoint","urlTemplate":"https:\/\/paper-checker.com\/?s={search_term_string}"},"query-input":{"@type":"PropertyValueSpecification","valueRequired":true,"valueName":"search_term_string"}}],"inLanguage":"es"},{"@type":"Organization","@id":"https:\/\/paper-checker.com\/#organization","name":"Paper Checker","url":"https:\/\/paper-checker.com\/","logo":{"@type":"ImageObject","inLanguage":"es","@id":"https:\/\/paper-checker.com\/#\/schema\/logo\/image\/","url":"https:\/\/paper-checker.com\/wp-content\/uploads\/2024\/12\/Group.png","contentUrl":"https:\/\/paper-checker.com\/wp-content\/uploads\/2024\/12\/Group.png","width":30,"height":30,"caption":"Paper Checker"},"image":{"@id":"https:\/\/paper-checker.com\/#\/schema\/logo\/image\/"}}]}},"_links":{"self":[{"href":"https:\/\/paper-checker.com\/wp-json\/wp\/v2\/pages\/776","targetHints":{"allow":["GET"]}}],"collection":[{"href":"https:\/\/paper-checker.com\/wp-json\/wp\/v2\/pages"}],"about":[{"href":"https:\/\/paper-checker.com\/wp-json\/wp\/v2\/types\/page"}],"author":[{"embeddable":true,"href":"https:\/\/paper-checker.com\/wp-json\/wp\/v2\/users\/1"}],"replies":[{"embeddable":true,"href":"https:\/\/paper-checker.com\/wp-json\/wp\/v2\/comments?post=776"}],"version-history":[{"count":15,"href":"https:\/\/paper-checker.com\/wp-json\/wp\/v2\/pages\/776\/revisions"}],"predecessor-version":[{"id":2931,"href":"https:\/\/paper-checker.com\/wp-json\/wp\/v2\/pages\/776\/revisions\/2931"}],"wp:attachment":[{"href":"https:\/\/paper-checker.com\/wp-json\/wp\/v2\/media?parent=776"}],"curies":[{"name":"wp","href":"https:\/\/api.w.org\/{rel}","templated":true}]}}