{"id":858,"date":"2024-12-23T08:34:50","date_gmt":"2024-12-23T08:34:50","guid":{"rendered":"https:\/\/paper-checker.com\/?page_id=858"},"modified":"2024-12-23T08:34:50","modified_gmt":"2024-12-23T08:34:50","slug":"about-us","status":"publish","type":"page","link":"https:\/\/paper-checker.com\/es\/about-us\/","title":{"rendered":"Nosotros"},"content":{"rendered":"<div class=\"container\">\n<div class=\"row\">\n<div class=\"col col-12\">\n<div class=\"row page-title-row\">\n<div class=\"col col-12\">\n<h1>Acerca de nosotros<\/h1>\n<div class=\"subtitle\">Empoderando la originalidad y la integridad<\/div>\n<\/div>\n<\/div>\n<div class=\"row row-welcome\">\n<div class=\"col col-12 col-sm-12 col-md-6\">\n<h2>Bienvenido a Paper-Checker.com, tu socio confiable en garantizar la autenticidad del contenido<\/h2>\n<\/div>\n<div class=\"col col-12 col-sm-12 col-md-6\">\n<p>Especializamos en detecci\u00f3n avanzada de plagio y servicios de revisi\u00f3n de contenido con inteligencia artificial y nos dedicamos a proporcionar soluciones precisas, r\u00e1pidas y fiables. Ya sea que seas un estudiante buscando excelencia acad\u00e9mica, un educador promoviendo la integridad, un escritor creando piezas originales o un profesional upholding high standards, we support your commitment to authenticity.<\/p>\n<\/div>\n<\/div>\n<div class=\"container-narrow\">\n<div class=\"row row-our-mission\">\n<div class=\"col col-12 hidden-sm hidden-xs col-sm-12 col-md-5 col-lg-6\"><img alt=\"missing\" class=\"missing-img\" decoding=\"async\" src=\"\/wp-content\/themes\/main\/images\/missing-img.png\"\/><\/div>\n<div class=\"col col-12 col-sm-12 col-md-7 col-lg-6\">\n<div class=\"missing-content\">\n<div class=\"title\">Nuestra misi\u00f3n es clara:<\/div>\n<div class=\"missing-item\">\n<div class=\"number\">01<\/div>\n<div class=\"text\"><strong>Mantener la integridad acad\u00e9mica:<\/strong> Nos dedicamos a mantener los est\u00e1ndares m\u00e1s altos de honestidad en todos los campos de creaci\u00f3n de contenido.<\/div>\n<\/div>\n<div class=\"missing-item\">\n<div class=\"number\">02<\/div>\n<div class=\"text\"><strong>Promover la originalidad:<\/strong> Encorajamos y facilitamos la producci\u00f3n de trabajo genuino.<\/div>\n<\/div>\n<div class=\"missing-item\">\n<div class=\"number\">03<\/div>\n<div class=\"text\"><strong>Luchar contra el plagio y el uso ilegal del contenido generado por IA:<\/strong> Actuamos activamente contra el plagio y el uso \u00e9ticamente incorrecto de material generado por IA.<\/div>\n<\/div>\n<div class=\"missing-item\">\n<div class=\"number\">04<\/div>\n<div class=\"text\"><strong>Fomentar una cultura de honestidad y innovaci\u00f3n:<\/strong> Nos esforzamos por crear un entorno donde la integridad y la creatividad florecen.<\/div>\n<\/div>\n<\/div>\n<\/div>\n<\/div>\n<\/div>\n<div class=\"dark-info\">\n<div class=\"text\" style=\"max-width: 620px;\"><span class=\"grey-text\">Guiados por nuestros valores fundamentales \u2014<\/span> integridad, innovaci\u00f3n, excelencia y centrado en el usuario <span class=\"grey-text\">\u2014 nos esforzamos para apoyar tu b\u00fasqueda de<\/span> autenticidad &amp; \u00e9tica.<\/div>\n<\/div>\n<div class=\"row foundation-row\">\n<div class=\"col col-12\">\n<h2 class=\"title-foundation\">Nuestra Fundaci\u00f3n con <img alt=\"icon\" decoding=\"async\" src=\"\/wp-content\/themes\/main\/images\/foundation-icon.png\"\/><span class=\"site-name\">PlagiarismSearch <span class=\"grey-text\">.com<\/span><\/span><\/h2>\n<p>Paper-Checker.com es orgulloso de ser una extensi\u00f3n de PlagiarismSearch.com, un l\u00edder reconocido en la detecci\u00f3n del plagio con a\u00f1os de experiencia en el mercado. Bas\u00e1ndonos en esta fuerte base, hemos ampliado nuestros servicios para incluir la detecci\u00f3n avanzada de contenido con IA, ofreciendo una soluci\u00f3n completa para la verificaci\u00f3n de originalidad.<\/p>\n<p>Apoyados por la experiencia y reputaci\u00f3n de PlagiarismSearch.com, ofrecemos un plataforma combinando confiabilidad proovenida y tecnolog\u00eda innovadora. Nuestro equipo est\u00e1 compuesto por profesionales dedicados pasionales por promover la originalidad y comprometidos con el servicio excepcional. Estamos siempre aqu\u00ed para asistirte, asegur\u00e1ndote de tu experiencia sin interrupci\u00f3n y satisfactoria con nosotros.<\/p>\n<\/div>\n<\/div>\n<\/div>\n<\/div>\n<\/div>\n<\/div>\n<div class=\"our-features\">\n<div class=\"container container-narrow\">\n<div class=\"row our-features-row\">\n<div class=\"col col-12 col-md-6 col-lg-6\">\n<div class=\"green-top-subtitle\">Nuestras Caracter\u00edsticas<\/div>\n<h2>Soluciones Avanzadas para una Audiencia Global<\/h2>\n<div class=\"subtitle\">Ofrecemos la mayor precisi\u00f3n en identificar contenido copiado o generado por IA utilizando algoritmos sofisticados y bases de datos extensas.<\/div>\n<\/div>\n<div class=\"col col-12 col-md-6 col-lg-6\">\n<div class=\"features-list-title\">Nuestras caracter\u00edsticas de plataforma f\u00e1cil de usar:<\/div>\n<div class=\"our-features-list\">\n<div class=\"our-features-item\">\n<div class=\"our-features-icon\"><img alt=\"icon\" decoding=\"async\" src=\"\/wp-content\/themes\/main\/images\/our-feature-icon1.png\"\/><\/div>\n<div class=\"text\"><strong>Interfaz Intuitiva:<\/strong> Navega con facilidad y obt\u00e9n resultados r\u00e1pidamente.<\/div>\n<\/div>\n<div class=\"our-features-item\">\n<div class=\"our-features-icon\"><img alt=\"icon\" decoding=\"async\" src=\"\/wp-content\/themes\/main\/images\/our-feature-icon2.png\"\/><\/div>\n<div class=\"text\"><strong>Resultados en Tiempo Real:<\/strong> Recibe retroalimentaci\u00f3n inmediata sobre la originalidad de tu contenido.<\/div>\n<\/div>\n<div class=\"our-features-item\">\n<div class=\"our-features-icon\"><img alt=\"icon\" decoding=\"async\" src=\"\/wp-content\/themes\/main\/images\/our-feature-icon3.png\"\/><\/div>\n<div class=\"text\"><strong>Reportes Detallados:<\/strong> Obt\u00e9n una comprensi\u00f3n detallada para entender y mejorar tu trabajo.<\/div>\n<\/div>\n<div class=\"our-features-item\">\n<div class=\"our-features-icon\"><img alt=\"icon\" decoding=\"async\" src=\"\/wp-content\/themes\/main\/images\/our-feature-icon4.png\"\/><\/div>\n<div class=\"text\"><strong>Soporte M\u00faltiple Idiomas:<\/strong> Cuidamos a una audiencia global, ofreciendo soporte para m\u00faltiples idiomas para atender necesidades diversas.<\/div>\n<\/div>\n<\/div>\n<\/div>\n<\/div>\n<div class=\"row\">\n<div class=\"col col-12\">\n<div class=\"tailored-services\">\n<div class=\"t-services-row first-row\">\n<div class=\"t-services-item t1\">\n<div class=\"t-services-content\">\n<div class=\"icon\"><\/div>\n<div class=\"title\">Estudiantes y Educadores<\/div>\n<div class=\"text\">Garantizar la honestidad acad\u00e9mica y la integridad<\/div>\n<\/div>\n<\/div>\n<div class=\"t-services-item white-item t2\">\n<div class=\"t-services-content\">\n<div class=\"green-top-subtitle\">Soluciones<\/div>\n<h2>Proporcionamos servicios personalizados para:<\/h2>\n<\/div>\n<\/div>\n<\/div>\n<div class=\"t-services-row\">\n<div class=\"t-services-item t3\">\n<div class=\"t-services-content\">\n<div class=\"icon\"><\/div>\n<div class=\"title\">Escritores y Editores<\/div>\n<div class=\"text\">Mantener la originalidad en todas las publicaciones<\/div>\n<\/div>\n<\/div>\n<div class=\"t-services-item t4\">\n<div class=\"t-services-content\">\n<div class=\"icon\"><\/div>\n<div class=\"title\">Empresas<\/div>\n<div class=\"text\">Proteger la integridad de la marca y la autenticidad del contenido<\/div>\n<\/div>\n<\/div>\n<\/div>\n<\/div>\n<\/div>\n<\/div>\n<\/div>\n<div class=\"container\">\n<div class=\"container-narrow-2\">\n<div class=\"row collaborating-text\">\n<div class=\"col col-12\">\n<h2 class=\"narrow-title\">Colaborando por una Cultura de Integridad<\/h2>\n<div class=\"subtitle\">Actuamos en colaboraci\u00f3n con instituciones educativas, editores y organizaciones para promover la honestidad acad\u00e9mica y combatir el plagio.<\/div>\n<p>Trabajando en nuestra asociaci\u00f3n con PlagiarismSearch.com, participamos en iniciativas para educar y aumentar la conciencia sobre la importancia de la originalidad y la creaci\u00f3n de contenido \u00e9tico. Al fomentar estas relaciones, contribuimos a una comunidad que sostiene los est\u00e1ndares m\u00e1s altos de honestidad y innovaci\u00f3n.<\/p>\n<\/div>\n<\/div>\n<div class=\"row join-us\">\n<div class=\"col col-12 col-md-6 col-lg-6\">\n<div class=\"join-us-content\">\n<h3 class=\"join-us-title\">\u00danete a Nosotros en el Apoyo a la Originalidad<\/h3>\n<div class=\"subtitle\">En Paper-Checker.com, somos m\u00e1s que un servicio\u2014somos una comunidad comprometida con la integridad y la excelencia. Invitamos a ustedes a unirse a nosotros en el apoyo a la originalidad:<\/div>\n<p>Prueba Nuestros Servicios: <button class=\"btn-blue-gradient log-in-btn\">Reg\u00edstrate<\/button> <span class=\"blue-text upper-text\">ahora para una prueba gratuita<\/span> y descubre la diferencia que podemos hacer en tu trabajo.<\/p>\n<p>Tu b\u00fasqueda de autenticidad es nuestra prioridad. Conf\u00eda en nuestro conocimiento; juntos, let\u2019s foster a culture where originality and integrity thrive.<\/p>\n<\/div>\n<\/div>\n<div class=\"col col-12 col-md-6 col-lg-6\">\n<div class=\"get-touch\">\n<div class=\"get-touch-title\">Cont\u00e1ctanos<\/div>\n<div class=\"get-touch-item\"><img alt=\"icon\" decoding=\"async\" src=\"\/wp-content\/themes\/main\/images\/email_icon.svg\"\/><\/p>\n<div class=\"text-part\">\n<div class=\"title\">Conecta con Nosotros:<\/div>\n<div class=\"text\">\u00bfTienes preguntas o necesitas asistencia?\u00a0Cont\u00e1ctanos en <a href=\"mailto:support@paper-checker.com\">support@paper-checker.com<\/a> Estamos aqu\u00ed para ayudarte.<\/div>\n<\/div>\n<\/div>\n<div class=\"get-touch-item\"><img alt=\"icon\" decoding=\"async\" src=\"\/wp-content\/themes\/main\/images\/social_icon.svg\"\/><\/p>\n<div class=\"text-part\">\n<div class=\"title\">Est\u00e1 al Aire<\/div>\n<div class=\"text\">Sigue en contacto con nosotros a trav\u00e9s de las redes sociales para estar al tanto de las \u00faltimas noticias y perspectivas:<\/div>\n<div class=\"social-buttons-part\"><a href=\"https:\/\/www.linkedin.com\/company\/plagiarismsearch\/\" target=\"_blank\"><img alt=\"icon\" decoding=\"async\" src=\"\/wp-content\/themes\/main\/images\/linkedin-icon.svg\"\/><\/a><a href=\"https:\/\/x.com\/AuthenticPapers\" target=\"_blank\"><img alt=\"icon\" decoding=\"async\" src=\"\/wp-content\/themes\/main\/images\/x-icon.svg\"\/><\/a><a href=\"https:\/\/www.youtube.com\/@plagiarismsearch5119\" target=\"_blank\"><img alt=\"icon\" decoding=\"async\" src=\"\/wp-content\/themes\/main\/images\/youtube-icon-white-bg.svg\" style=\"width:30px;margin-right: -4px;margin-left: -2px;margin-top: -6px;\"\/><\/a><a href=\"https:\/\/www.instagram.com\/plagiarismsearch\/\" target=\"_blank\"><img alt=\"icon\" decoding=\"async\" src=\"\/wp-content\/themes\/main\/images\/instagram-icon-white.svg\" style=\"width:24px;height:auto;margin-top:-3px;\"\/><\/a><\/div>\n<\/div>\n<\/div>\n<\/div>\n<\/div>\n<\/div>\n<\/div>\n<\/div>\n","protected":false},"excerpt":{"rendered":"<p>Acerca de nosotros Empoderando la originalidad y la integridad Bienvenido a Paper-Checker.com, tu socio confiable en garantizar la autenticidad del contenido. Especializamos en detecci\u00f3n avanzada de plagio y servicios de revisi\u00f3n de contenido con inteligencia artificial y nos dedicamos a proporcionar soluciones precisas, r\u00e1pidas y fiables. Ya sea que seas un estudiante buscando excelencia acad\u00e9mica, un educador promoviendo la integridad, un escritor creando piezas originales o un.<\/p>\n","protected":false},"author":1,"featured_media":0,"parent":0,"menu_order":0,"comment_status":"closed","ping_status":"closed","template":"","meta":{"_acf_changed":false,"_yoast_wpseo_title":"Acerca de Nosotros | Paper-Checker.com","_yoast_wpseo_metadesc":"Conoce Paper-Checker.com, nuestra misi\u00f3n, valores y servicios avanzados.","_locale":"es_ES","_original_post":"http:\/\/paper-checker.com.loc\/?page_id=10","iawp_total_views":4,"footnotes":""},"class_list":["post-858","page","type-page","status-publish","hentry","es-ES"],"acf":[],"yoast_head":"<!-- This site is optimized with the Yoast SEO plugin v27.5 - https:\/\/yoast.com\/product\/yoast-seo-wordpress\/ -->\n<title>Acerca de Nosotros | Paper-Checker.com<\/title>\n<meta name=\"description\" content=\"Conoce Paper-Checker.com, nuestra misi\u00f3n, valores y servicios avanzados.\" \/>\n<meta name=\"robots\" content=\"index, follow, max-snippet:-1, max-image-preview:large, max-video-preview:-1\" \/>\n<link rel=\"canonical\" href=\"https:\/\/paper-checker.com\/es\/about-us\/\" \/>\n<meta property=\"og:locale\" content=\"es_ES\" \/>\n<meta property=\"og:type\" content=\"article\" \/>\n<meta property=\"og:title\" content=\"Acerca de Nosotros | Paper-Checker.com\" \/>\n<meta property=\"og:description\" content=\"Conoce Paper-Checker.com, nuestra misi\u00f3n, valores y servicios avanzados.\" \/>\n<meta property=\"og:url\" content=\"https:\/\/paper-checker.com\/es\/about-us\/\" \/>\n<meta property=\"og:site_name\" content=\"Paper Checker\" \/>\n<meta property=\"og:image\" content=\"https:\/\/paper-checker.com\/wp-content\/uploads\/2024\/12\/home.jpg\" \/>\n\t<meta property=\"og:image:width\" content=\"1200\" \/>\n\t<meta property=\"og:image:height\" content=\"675\" \/>\n\t<meta property=\"og:image:type\" content=\"image\/jpeg\" \/>\n<meta name=\"twitter:card\" content=\"summary_large_image\" \/>\n<meta name=\"twitter:label1\" content=\"Tiempo de lectura\" \/>\n\t<meta name=\"twitter:data1\" content=\"5 minutos\" \/>\n<!-- \/ Yoast SEO plugin. -->","yoast_head_json":{"title":"Acerca de Nosotros | Paper-Checker.com","description":"Conoce Paper-Checker.com, nuestra misi\u00f3n, valores y servicios avanzados.","robots":{"index":"index","follow":"follow","max-snippet":"max-snippet:-1","max-image-preview":"max-image-preview:large","max-video-preview":"max-video-preview:-1"},"canonical":"https:\/\/paper-checker.com\/es\/about-us\/","og_locale":"es_ES","og_type":"article","og_title":"Acerca de Nosotros | Paper-Checker.com","og_description":"Conoce Paper-Checker.com, nuestra misi\u00f3n, valores y servicios avanzados.","og_url":"https:\/\/paper-checker.com\/es\/about-us\/","og_site_name":"Paper Checker","og_image":[{"width":1200,"height":675,"url":"https:\/\/paper-checker.com\/wp-content\/uploads\/2024\/12\/home.jpg","type":"image\/jpeg"}],"twitter_card":"summary_large_image","twitter_misc":{"Tiempo de lectura":"5 minutos"},"schema":{"@context":"https:\/\/schema.org","@graph":[{"@type":"WebPage","@id":"https:\/\/paper-checker.com\/es\/about-us\/","url":"https:\/\/paper-checker.com\/es\/about-us\/","name":"Acerca de Nosotros | Paper-Checker.com","isPartOf":{"@id":"https:\/\/paper-checker.com\/#website"},"datePublished":"2024-12-23T08:34:50+00:00","description":"Conoce Paper-Checker.com, nuestra misi\u00f3n, valores y servicios avanzados.","breadcrumb":{"@id":"https:\/\/paper-checker.com\/es\/about-us\/#breadcrumb"},"inLanguage":"es","potentialAction":[{"@type":"ReadAction","target":["https:\/\/paper-checker.com\/es\/about-us\/"]}]},{"@type":"BreadcrumbList","@id":"https:\/\/paper-checker.com\/es\/about-us\/#breadcrumb","itemListElement":[{"@type":"ListItem","position":1,"name":"Home","item":"https:\/\/paper-checker.com\/es\/"},{"@type":"ListItem","position":2,"name":"Nosotros"}]},{"@type":"WebSite","@id":"https:\/\/paper-checker.com\/#website","url":"https:\/\/paper-checker.com\/","name":"Paper Checker","description":"","publisher":{"@id":"https:\/\/paper-checker.com\/#organization"},"potentialAction":[{"@type":"SearchAction","target":{"@type":"EntryPoint","urlTemplate":"https:\/\/paper-checker.com\/?s={search_term_string}"},"query-input":{"@type":"PropertyValueSpecification","valueRequired":true,"valueName":"search_term_string"}}],"inLanguage":"es"},{"@type":"Organization","@id":"https:\/\/paper-checker.com\/#organization","name":"Paper Checker","url":"https:\/\/paper-checker.com\/","logo":{"@type":"ImageObject","inLanguage":"es","@id":"https:\/\/paper-checker.com\/#\/schema\/logo\/image\/","url":"https:\/\/paper-checker.com\/wp-content\/uploads\/2024\/12\/Group.png","contentUrl":"https:\/\/paper-checker.com\/wp-content\/uploads\/2024\/12\/Group.png","width":30,"height":30,"caption":"Paper Checker"},"image":{"@id":"https:\/\/paper-checker.com\/#\/schema\/logo\/image\/"}}]}},"_links":{"self":[{"href":"https:\/\/paper-checker.com\/wp-json\/wp\/v2\/pages\/858","targetHints":{"allow":["GET"]}}],"collection":[{"href":"https:\/\/paper-checker.com\/wp-json\/wp\/v2\/pages"}],"about":[{"href":"https:\/\/paper-checker.com\/wp-json\/wp\/v2\/types\/page"}],"author":[{"embeddable":true,"href":"https:\/\/paper-checker.com\/wp-json\/wp\/v2\/users\/1"}],"replies":[{"embeddable":true,"href":"https:\/\/paper-checker.com\/wp-json\/wp\/v2\/comments?post=858"}],"version-history":[{"count":1,"href":"https:\/\/paper-checker.com\/wp-json\/wp\/v2\/pages\/858\/revisions"}],"predecessor-version":[{"id":859,"href":"https:\/\/paper-checker.com\/wp-json\/wp\/v2\/pages\/858\/revisions\/859"}],"wp:attachment":[{"href":"https:\/\/paper-checker.com\/wp-json\/wp\/v2\/media?parent=858"}],"curies":[{"name":"wp","href":"https:\/\/api.w.org\/{rel}","templated":true}]}}