{"id":967,"date":"2024-12-23T08:34:49","date_gmt":"2024-12-23T08:34:49","guid":{"rendered":"https:\/\/paper-checker.com\/?page_id=967"},"modified":"2024-12-24T11:46:15","modified_gmt":"2024-12-24T11:46:15","slug":"privacy-policy","status":"publish","type":"page","link":"https:\/\/paper-checker.com\/es\/privacy-policy\/","title":{"rendered":"Pol\u00edtica de Privacidad"},"content":{"rendered":"<h2>Pol\u00edtica de Privacidad<\/h2>\n<p>System Technology Online Spain SL., Calle Pintor P\u00e9rez Gil 2, b.46 03540, Alicante, Espa\u00f1a (\u201cnosotros\u201d, \u201cnos\u201d o \u201cellos\u201d) operamos el sitio web Paper-Checker.com y somos los controladores de sus datos personales.<\/p>\n<p>Queremos expresar nuestra gratitud por el tiempo que ha dedicado a revisar nuestras ofertas y su inter\u00e9s en nuestros servicios. Puede estar seguro de que garantizamos la confidencialidad de cualquier detalle personal de nuestros clientes. Todas las clases de informaci\u00f3n personal que proporcionan nuestros clientes permanecen seguras y privadas. No es posible el mal uso o p\u00e9rdida de los detalles si elige los servicios de nuestra empresa.<\/p>\n<p>A continuaci\u00f3n, encontrar\u00e1 las aclaraciones sobre los datos que recopilamos de nuestros clientes.<\/p>\n<p>Mientras colaboramos, necesitamos los siguientes detalles:<\/p>\n<ul>\n<li>Nuestros clientes;<\/li>\n<li>Visitantes de nuestro sitio web.<\/li>\n<\/ul>\n<p>Eseos detalles, recopilados por el servidor del sitio web, incluyen:<\/p>\n<ul>\n<li>Tipo de navegador;<\/li>\n<li>D\u00eda y hora de acceso al sitio web;<\/li>\n<li>Tipo de sistema operativo.<\/li>\n<\/ul>\n<p>Tenga en cuenta que la informaci\u00f3n recopilada nunca se vende ni se comparte; no est\u00e1 relacionada con el descubrimiento de ninguna identidad. El \u00fanico prop\u00f3sito de recoger esos datos es personalizar los datos y mejorar el contenido del sitio web.<\/p>\n<p><strong>Cookies<\/strong><\/p>\n<p>Las p\u00e1ginas web pertenecientes a Paper-Checker.com utilizan los archivos llamados &#8220;cookies&#8221; &#8211; los archivos de texto transferidos al sistema de computadora mediante el navegador web. Estos archivos nos permiten proporcionar contenido amigable para el usuario mientras navega por nuestro sitio web.<\/p>\n<p>La recopilaci\u00f3n de cookies puede detenerse si cambia la configuraci\u00f3n de sus navegadores web. Los archivos de cookie ya establecidos pueden eliminarse utilizando programas espec\u00edficos de computadora o a trav\u00e9s de Internet. Tenga en cuenta que algunas funciones ofrecidas por nuestro sitio web pueden estar desactivadas despu\u00e9s de desactivar la recopilaci\u00f3n de cookies.<\/p>\n<p><strong>Recopilar los Datos de Compra<\/strong><\/p>\n<p>Paper-Checker.com recopila tales detalles personales como nombre, n\u00famero de tel\u00e9fono, correo electr\u00f3nico, pa\u00eds de origen y fecha de nacimiento. Con el \u00fanico fin de procesar eficientemente las solicitudes de los usuarios, nuestro recurso tambi\u00e9n recopila algunos datos confidenciales, es decir, n\u00fameros de tarjeta de cr\u00e9dito y pasaporte, historias m\u00e9dicas para enviarlas a nuestros compa\u00f1eros de seguros. De ninguna otra manera, Paper-Checker.com ni acumula ni almacena ninguna informaci\u00f3n confidencial.<\/p>\n<p><strong>Recopilar Informaci\u00f3n General<\/strong><\/p>\n<p>Las p\u00e1ginas web pertenecientes a la red Paper-Checker.com pueden recopilar datos sobre el:<\/p>\n<ul>\n<li>Tipo de software de visualizaci\u00f3n web;<\/li>\n<li>Sistema PC utilizado;<\/li>\n<li>Recurso en l\u00ednea desde el cual se accede a nuestro sitio web;<\/li>\n<li>P\u00e1ginas web secundarias;<\/li>\n<li>Fecha y hora cuando se ha visitado nuestro sitio web;<\/li>\n<li>Direcci\u00f3n IP;<\/li>\n<li>Proveedor de Internet;<\/li>\n<li>Otros datos que puedan usarse para atacar nuestros sistemas IT.<\/li>\n<\/ul>\n<p>La informaci\u00f3n mencionada se utiliza para:<\/p>\n<ul>\n<li>Proporcionar nuestro contenido adecuadamente;<\/li>\n<li>Mejorar tanto el contenido como la forma en que se publicita;<\/li>\n<li>Asegurar la viabilidad tecnol\u00f3gica;<\/li>\n<\/ul>\n<p>Proporcionar a las autoridades los datos necesarios para llevar a cabo la investigaci\u00f3n criminal relacionada con los ataques cibern\u00e9ticos. Los hechos recopilados se examinan con el prop\u00f3sito de mejorar la seguridad de los datos tanto de nuestra empresa como de nuestros clientes.<\/p>\n<p><strong>El Uso de Cookies<\/strong><\/p>\n<p>S\u00ed, utilizamos &#8216;cookies&#8217; porque nos permiten recopilar los datos estad\u00edsticos sobre las visitas y el uso de nuestro sitio web. Adem\u00e1s, esta es una buena opci\u00f3n para crear una navegaci\u00f3n eficiente.<\/p>\n<p><strong>Recopilar Detalles Personales<\/strong><\/p>\n<p>Nuestros clientes se les solicita proporcionar la siguiente informaci\u00f3n personal al registrarse:<\/p>\n<ul>\n<li>Nombre<\/li>\n<li>N\u00famero de tel\u00e9fono de contacto<\/li>\n<li>Correo electr\u00f3nico<\/li>\n<\/ul>\n<p>Por lo tanto, se recomienda asegurarse de la precisi\u00f3n de los detalles de contacto, ya que es una garant\u00eda de alta calidad del servicio proporcionado.<\/p>\n<p>Nuestra aplicaci\u00f3n accede a los datos del usuario de Google solo despu\u00e9s de la verificaci\u00f3n del usuario. Todos los datos se utilizar\u00e1n exclusivamente para fines de detecci\u00f3n de plagio, no hay ninguna intenci\u00f3n de compartir o almacenar informaci\u00f3n personal. Paper-Checker.com no almacena, utiliza ni comparte los datos del usuario de Google.<\/p>\n<p>Nuestros clientes obtienen una garant\u00eda del 100% de que sus datos personales nunca estar\u00e1n disponibles para nadie excepto el personal de la empresa. No hay ninguna revelaci\u00f3n, compartici\u00f3n, venta, publicaci\u00f3n o env\u00edo a terceros. Cualquier texto que escanee utilizando nuestra herramienta de detecci\u00f3n de plagio no se transmitir\u00e1 a terceros ni se utilizar\u00e1 para cualquier otro prop\u00f3sito. Usted es el \u00fanico propietario del texto expuesto a la verificaci\u00f3n de plagio proporcionada para verificar la originalidad del contenido.<\/p>\n<p><strong>Transacciones en l\u00ednea<\/strong><\/p>\n<p>Solo utilizamos transacciones en l\u00ednea seguras a trav\u00e9s de sistemas de pago confiables que excluyen cualquier posibilidad de revelaci\u00f3n de informaci\u00f3n. En algunos casos, el Departamento Financiero contacta a nuestros clientes para asegurarse de la verificaci\u00f3n de sus identidades y prevenir todos los tipos de fraude en l\u00ednea.<\/p>\n<p><strong>Derechos de los Clientes<\/strong><\/p>\n<p>La informaci\u00f3n en el perfil del cliente puede ser modificada, editada, reemplazada o eliminada por el usuario. En caso de que necesite cualquier cambio o asistencia, no dude en contactar al equipo de soporte al cliente.<\/p>\n<p>Valoramos altamente las preferencias de los clientes en cuanto al uso privado de nuestros servicios de detecci\u00f3n de plagio as\u00ed como las opciones de edici\u00f3n\/rewriting\/proofreading. Su informaci\u00f3n personal solo se utilizar\u00e1 para fines internos de la empresa. El uso de nuestros servicios implica su aprobaci\u00f3n de nuestras pol\u00edticas y regulaciones de privacidad.<\/p>\n<p><strong>Google Drive y Informaci\u00f3n de Cuenta<\/strong><\/p>\n<p>No utilizamos la informaci\u00f3n que almacene en su Google Drive para fines personales. Su nombre, direcci\u00f3n de correo electr\u00f3nico y enlaces a los archivos no se almacenan autom\u00e1ticamente en nuestros servidores a menos que los cargue a trav\u00e9s de nuestra aplicaci\u00f3n. No tenemos intenci\u00f3n de compartir sus archivos o informaci\u00f3n personal con terceros. No realizamos ning\u00fan cambio en sus archivos a menos que lo hagan directamente a trav\u00e9s de nuestra aplicaci\u00f3n o en Google Drive. Si elige eliminar el archivo de texto que comparti\u00f3 con nosotros, los datos se eliminar\u00e1n inmediatamente de nuestro servidor. Sin embargo, los archivos no ser\u00e1n eliminados de su Google Drive. Tambi\u00e9n puede revocar nuestro acceso a sus datos de Google Drive en cualquier momento. Reservamos el derecho de impedir que cualquier persona utilice nuestra aplicaci\u00f3n para acceder a su Google Drive.<\/p>\n<p>Nuestro sitio web acceder\u00e1 a los archivos de Google Drive de los usuarios, pero solo con permiso de lectura (espec\u00edficamente, el \u00e1mbito &#8220;https:\/\/www.googleapis.com\/auth\/drive.readonly&#8221;). Solo almacenaremos el texto plano de los archivos para el usuario. El usuario mantiene la capacidad de eliminar esta data en cualquier momento.<\/p>\n<p><strong>Acuerdo de Servicio de Google API<\/strong><\/p>\n<p>El uso y transferencia de los datos obtenidos a trav\u00e9s de las APIs de Google por Paper-Checker.com a cualquier otra aplicaci\u00f3n se ajustar\u00e1 al Acuerdo de Servicio de Datos del Usuario de Google API, incluyendo los requisitos de Uso Limitado.<\/p>\n<p><strong>Conformidad con el RGPD en la Conservaci\u00f3n y Borrado de Datos Personales<\/strong><\/p>\n<p>De conformidad con la Regulaci\u00f3n General de Protecci\u00f3n de Datos (RGPD), estamos comprometidos con el manejo legal de los datos personales. Una vez terminados nuestros servicios, o al vencer un contrato o acuerdo, somos obligados a devolver o eliminar todos los datos personales en nuestro posesi\u00f3n, salvo que haya una ley que requiera la conservaci\u00f3n de dichos datos. Nuestras acciones se ajustar\u00e1n estrictamente a las directrices del RGPD para garantizar la privacidad y protecci\u00f3n de los datos personales individuales.<\/p>\n","protected":false},"excerpt":{"rendered":"<p>Pol\u00edtica de Privacidad System Technology Online Spain SL., Calle Pintor P\u00e9rez Gil 2, b.46 03540, Alicante, Espa\u00f1a (&#8220;nosotros&#8221;, &#8220;nos&#8221; o &#8220;ellos&#8221;) operamos el sitio web Paper-Checker.com y somos los controladores de sus datos personales. Queremos expresar nuestra gratitud por el tiempo que ha dedicado a revisar nuestras ofertas y su inter\u00e9s en nuestra empresa.<\/p>\n","protected":false},"author":1,"featured_media":0,"parent":0,"menu_order":0,"comment_status":"closed","ping_status":"open","template":"","meta":{"_acf_changed":false,"_yoast_wpseo_title":"Pol\u00edtica de Privacidad | Tu Datos Importan en Paper-Checker","_yoast_wpseo_metadesc":"Aprende c\u00f3mo Paper-Checker.com protege tus datos y garantiza la confidencialidad mientras proporciona servicios de detecci\u00f3n de plagio e IA.","_locale":"es_ES","_original_post":"http:\/\/paper-checker.com.loc\/?page_id=3","iawp_total_views":0,"footnotes":""},"class_list":["post-967","page","type-page","status-publish","hentry","es-ES"],"acf":[],"yoast_head":"<!-- This site is optimized with the Yoast SEO plugin v27.5 - https:\/\/yoast.com\/product\/yoast-seo-wordpress\/ -->\n<title>Pol\u00edtica de Privacidad | Tu Datos Importan en Paper-Checker<\/title>\n<meta name=\"description\" content=\"Aprende c\u00f3mo Paper-Checker.com protege tus datos y garantiza la confidencialidad mientras proporciona servicios de detecci\u00f3n de plagio e IA.\" \/>\n<meta name=\"robots\" content=\"noindex, nofollow\" \/>\n<meta property=\"og:locale\" content=\"es_ES\" \/>\n<meta property=\"og:type\" content=\"article\" \/>\n<meta property=\"og:title\" content=\"Pol\u00edtica de Privacidad | Tu Datos Importan en Paper-Checker\" \/>\n<meta property=\"og:description\" content=\"Aprende c\u00f3mo Paper-Checker.com protege tus datos y garantiza la confidencialidad mientras proporciona servicios de detecci\u00f3n de plagio e IA.\" \/>\n<meta property=\"og:url\" content=\"https:\/\/paper-checker.com\/es\/privacy-policy\/\" \/>\n<meta property=\"og:site_name\" content=\"Paper Checker\" \/>\n<meta property=\"article:modified_time\" content=\"2024-12-24T11:46:15+00:00\" \/>\n<meta property=\"og:image\" content=\"https:\/\/paper-checker.com\/wp-content\/uploads\/2024\/12\/home.jpg\" \/>\n\t<meta property=\"og:image:width\" content=\"1200\" \/>\n\t<meta property=\"og:image:height\" content=\"675\" \/>\n\t<meta property=\"og:image:type\" content=\"image\/jpeg\" \/>\n<meta name=\"twitter:card\" content=\"summary_large_image\" \/>\n<meta name=\"twitter:label1\" content=\"Tiempo de lectura\" \/>\n\t<meta name=\"twitter:data1\" content=\"6 minutos\" \/>\n<!-- \/ Yoast SEO plugin. -->","yoast_head_json":{"title":"Pol\u00edtica de Privacidad | Tu Datos Importan en Paper-Checker","description":"Aprende c\u00f3mo Paper-Checker.com protege tus datos y garantiza la confidencialidad mientras proporciona servicios de detecci\u00f3n de plagio e IA.","robots":{"index":"noindex","follow":"nofollow"},"og_locale":"es_ES","og_type":"article","og_title":"Pol\u00edtica de Privacidad | Tu Datos Importan en Paper-Checker","og_description":"Aprende c\u00f3mo Paper-Checker.com protege tus datos y garantiza la confidencialidad mientras proporciona servicios de detecci\u00f3n de plagio e IA.","og_url":"https:\/\/paper-checker.com\/es\/privacy-policy\/","og_site_name":"Paper Checker","article_modified_time":"2024-12-24T11:46:15+00:00","og_image":[{"width":1200,"height":675,"url":"https:\/\/paper-checker.com\/wp-content\/uploads\/2024\/12\/home.jpg","type":"image\/jpeg"}],"twitter_card":"summary_large_image","twitter_misc":{"Tiempo de lectura":"6 minutos"},"schema":{"@context":"https:\/\/schema.org","@graph":[{"@type":"WebPage","@id":"https:\/\/paper-checker.com\/es\/privacy-policy\/","url":"https:\/\/paper-checker.com\/es\/privacy-policy\/","name":"Pol\u00edtica de Privacidad | Tu Datos Importan en Paper-Checker","isPartOf":{"@id":"https:\/\/paper-checker.com\/#website"},"datePublished":"2024-12-23T08:34:49+00:00","dateModified":"2024-12-24T11:46:15+00:00","description":"Aprende c\u00f3mo Paper-Checker.com protege tus datos y garantiza la confidencialidad mientras proporciona servicios de detecci\u00f3n de plagio e IA.","breadcrumb":{"@id":"https:\/\/paper-checker.com\/es\/privacy-policy\/#breadcrumb"},"inLanguage":"es","potentialAction":[{"@type":"ReadAction","target":["https:\/\/paper-checker.com\/es\/privacy-policy\/"]}]},{"@type":"BreadcrumbList","@id":"https:\/\/paper-checker.com\/es\/privacy-policy\/#breadcrumb","itemListElement":[{"@type":"ListItem","position":1,"name":"Home","item":"https:\/\/paper-checker.com\/es\/"},{"@type":"ListItem","position":2,"name":"Pol\u00edtica de Privacidad"}]},{"@type":"WebSite","@id":"https:\/\/paper-checker.com\/#website","url":"https:\/\/paper-checker.com\/","name":"Paper Checker","description":"","publisher":{"@id":"https:\/\/paper-checker.com\/#organization"},"potentialAction":[{"@type":"SearchAction","target":{"@type":"EntryPoint","urlTemplate":"https:\/\/paper-checker.com\/?s={search_term_string}"},"query-input":{"@type":"PropertyValueSpecification","valueRequired":true,"valueName":"search_term_string"}}],"inLanguage":"es"},{"@type":"Organization","@id":"https:\/\/paper-checker.com\/#organization","name":"Paper Checker","url":"https:\/\/paper-checker.com\/","logo":{"@type":"ImageObject","inLanguage":"es","@id":"https:\/\/paper-checker.com\/#\/schema\/logo\/image\/","url":"https:\/\/paper-checker.com\/wp-content\/uploads\/2024\/12\/Group.png","contentUrl":"https:\/\/paper-checker.com\/wp-content\/uploads\/2024\/12\/Group.png","width":30,"height":30,"caption":"Paper Checker"},"image":{"@id":"https:\/\/paper-checker.com\/#\/schema\/logo\/image\/"}}]}},"_links":{"self":[{"href":"https:\/\/paper-checker.com\/wp-json\/wp\/v2\/pages\/967","targetHints":{"allow":["GET"]}}],"collection":[{"href":"https:\/\/paper-checker.com\/wp-json\/wp\/v2\/pages"}],"about":[{"href":"https:\/\/paper-checker.com\/wp-json\/wp\/v2\/types\/page"}],"author":[{"embeddable":true,"href":"https:\/\/paper-checker.com\/wp-json\/wp\/v2\/users\/1"}],"replies":[{"embeddable":true,"href":"https:\/\/paper-checker.com\/wp-json\/wp\/v2\/comments?post=967"}],"version-history":[{"count":1,"href":"https:\/\/paper-checker.com\/wp-json\/wp\/v2\/pages\/967\/revisions"}],"predecessor-version":[{"id":968,"href":"https:\/\/paper-checker.com\/wp-json\/wp\/v2\/pages\/967\/revisions\/968"}],"wp:attachment":[{"href":"https:\/\/paper-checker.com\/wp-json\/wp\/v2\/media?parent=967"}],"curies":[{"name":"wp","href":"https:\/\/api.w.org\/{rel}","templated":true}]}}