{"id":1073,"date":"2024-12-23T08:36:54","date_gmt":"2024-12-23T08:36:54","guid":{"rendered":"https:\/\/paper-checker.com\/?page_id=1073"},"modified":"2024-12-23T08:36:54","modified_gmt":"2024-12-23T08:36:54","slug":"ai-detector","status":"publish","type":"page","link":"https:\/\/paper-checker.com\/et\/ai-detector\/","title":{"rendered":"Verifige autentiseidus AI-tehnika kaudu"},"content":{"rendered":"<div class=\"container\">\n<div class=\"row pt-70 pb-60\">\n<div class=\"col col-12 col-xs-12 col-sm-12 col-md-6 col-lg-6\">\n<h2 class=\"align-left\">Mest on AI-kontent detektori Paper-Checker.com?<\/h2>\n<div class=\"img-block\"><img alt=\"\" decoding=\"async\" src=\"\/wp-content\/themes\/main\/images\/man-typing.png\" style=\"max-width: 100%;\"\/><\/div>\n<\/div>\n<div class=\"col col-12 col-xs-12 col-sm-12 col-md-6 col-lg-6\">\n<p>S\u00fcmep\u00e4evas digitaalsed eluplatsid on AI-tehnika tehtud kontentit olemasoleva haldmisel, akimiselt akademiaalismalt, markeermingulast ja jurnaalistikast. Kuni AI toetab rakendatud kirjandust, see ajab \u00e4ra raskusi aru saamise ja autentiseiduse kohta. Paper-Checker.com on kui tehtud, et detektiida AI-tehnika generiteeritud tekstid, juhendamiseks kas kontent on v\u00e4gu humani tehtud ja v\u00e4ritav.<\/p>\n<h3 class=\"h4\">AI-kontent detektori p\u00f6\u00f6rdused<\/h3>\n<p>Paper-Checker.com, meie AI-kontent detektor kasutab avatud makine-tehnika p\u00f6\u00f6rdeja, et haldamisel analiseerida keeletehtisid ja kirjandusestilid. Need modernse algoritmid saavad detektiida kuni hetkese isikute autoriteet ja AI-tehnika generiteeritud tekstide v\u00e4gu, garantides eksemplarise akurse.<\/p>\n<p>Meie teknologia evoolveerib kontinuulegi, ingetmis t\u00e4iendusi, et saada edasi ava kui AI-kontentigeneratsioonite tehnika. V\u00e4rskendatud detektiivim\u00f5istele tuvastamisele p\u00f6\u00f6rdele, mis olekte p\u00e4raste korte erandatega, meie AI-detektorit haldab rakendada kirjanduse struktuurid ja nuanside, et m\u00e4ra, kui maksel on tehtud makk. See koostutne metodologie garantsib raskused ja v\u00e4rsked resultadid, mis toetavad olekte puhul trotsi ja v\u00e4rskendus.<\/p>\n<\/div>\n<\/div>\n<div class=\"row pt-40 pb-60\">\n<div class=\"col col-12 col-sm-12\">\n<div class=\"dark-info ai-detector\">\n<div class=\"dark-info-container\">\n<div class=\"title\">AI-kontent detektori API<\/div>\n<div class=\"middle-info-block\">\n<div class=\"info-block-item\" role=\"presentation\">\n<div class=\"info-title\">24\/7 Suport <img alt=\"ikooni\" decoding=\"async\" src=\"\/wp-content\/themes\/main\/images\/support_icon.svg\"\/><\/div>\n<div class=\"info-text\">Palun, p\u00f6\u00f6rduke meie klienditeenuse teamiga kuni p\u00e4evast ja saate akse juhise.<\/div>\n<\/div>\n<div class=\"info-block-item\" role=\"presentation\">\n<div class=\"info-title\">Rasoni hinnad <img alt=\"ikooni\" decoding=\"async\" src=\"\/wp-content\/themes\/main\/images\/prices_icon.svg\"\/><\/div>\n<div class=\"info-text\">Meie teavita meile kualitase servisi haldamiseks maksad otsas.<\/div>\n<\/div>\n<\/div>\n<div class=\"dark-info-text\">\n<p>Kui otsimise v\u00e4gu ja autentiseiduse t\u00f6\u00f6tlemiseks, Paper-Checker.com on teie puhul valik, millele saate n\u00fcansideerige AI-tehnika generiteeritud tekstide detektiivimist. Kaasata oma tegevusest v\u00e4ljastavate AI-tehnika tehtud tekstid ja haldab oma kontent v\u00e4ritav. Meie avatud detektiivim\u00f5istele tuvastamisele, mis juhendavad p\u00e4rast kurja linne, peab teie vastutele kaitte. Tulete Paper-Checker.com kaasamaise n\u00e4hkama, et saada koostutne ja v\u00e4rsked resultadid.<\/p>\n<p><a class=\"btn btn-green\">K\u00e4ivita AI-detektiivimist n\u00fc\u00fcd<\/a><\/p>\n<\/div>\n<\/div>\n<\/div>\n<\/div>\n<\/div>\n<div class=\"row\">\n<div class=\"col col-12 col-sm-12\">\n<div class=\"green-top-subtitle center mb_-6\">Meie vantajad<\/div>\n<h2>Meie tarkvarat v\u00f5tme<\/h2>\n<div class=\"subtitle maxw-600 align-center pb-20\">AI-kontent detektori Paper-Checker.com eriimpedab s\u00fcmep\u00e4evas funktsioonidega, m\u00e4ravalt ja efektivseprotsiga:<\/div>\n<div class=\"our-advantages-table\">\n<div class=\"advantages-item\">\n<div class=\"top-line\"><img alt=\"ikooni\" decoding=\"async\" src=\"\/wp-content\/themes\/main\/images\/scanningdepth_icon.svg\"\/><span class=\"title\">Halduslike detektiivim\u00f5istele<\/span><\/div>\n<div class=\"text\">Meie tarkvarat AI-tehnika p\u00f6\u00f6rdeja, mis garantsivad akuratsid resultateid, eriimpendab kui tehtud tekstid on generiteeritud maksel v\u00f5i AI.<\/div>\n<\/div>\n<div class=\"advantages-item\">\n<div class=\"top-line\"><img alt=\"ikooni\" decoding=\"async\" src=\"\/wp-content\/themes\/main\/images\/instant_results_icon.svg\"\/><span class=\"title\">V\u00e4ga hetkese detektsioon<\/span><\/div>\n<div class=\"text\">Aeg on v\u00e4ikse. Meie blikma p\u00f6\u00f6rde vaidab kompleetne resultate sekundit, mitmel juhul ei tee vastutavate muutod.<\/div>\n<\/div>\n<div class=\"advantages-item\">\n<div class=\"top-line\"><img alt=\"ikooni\" decoding=\"async\" src=\"\/wp-content\/themes\/main\/images\/interface_icon.svg\"\/><span class=\"title\">Brukarv\u00e4\u00e4rne interfejs<\/span><\/div>\n<div class=\"text\">Interfejs meie tarkvarat on intuitivne, mis teeb neid k\u00f5mikke kasutamist haldamiseks, mis nagu teknilise asenduse eest.<\/div>\n<\/div>\n<div class=\"advantages-item\">\n<div class=\"top-line\"><img alt=\"ikooni\" decoding=\"async\" src=\"\/wp-content\/themes\/main\/images\/insights_icon.svg\"\/><span class=\"title\">Vormid raportid<\/span><\/div>\n<div class=\"text\">Meie tarkvarat teavita meile, mitme kui vaidab AI-tehnika detektiivimist &#8211; teie saate kokkuv\u00f5tme anal\u00fc\u00fcs, mis m\u00e4rgab eri reasjoniteks generiteeritud tekstide sektioonid.<\/div>\n<\/div>\n<div class=\"advantages-item\">\n<div class=\"top-line\"><img alt=\"ikooni\" decoding=\"async\" src=\"\/wp-content\/themes\/main\/images\/safety__icon.svg\"\/><span class=\"title\">Paldisev mulitformatne toetuse<\/span><\/div>\n<div class=\"text\">Kaasate p\u00fcksed tekstid, PDF-did v\u00f5i muud formatid, meie tarkvarat p\u00e4raste k\u00f5ikidele.<\/div>\n<\/div>\n<div class=\"advantages-item\">\n<div class=\"top-line\"><img alt=\"ikooni\" decoding=\"async\" src=\"\/wp-content\/themes\/main\/images\/adventures_privacy_icon.svg\"\/><span class=\"title\">Ihtne m\u00e4\u00e4rja privatsus<\/span><\/div>\n<div class=\"text\">Meie teavita on lihid, et teie andmed olekte valitse ja poleme ikka saada v\u00f5i teha nendele v\u00e4ljastavate. Teeme t\u00e4iendatud, et garantida teie kohe kaitte.<\/div>\n<\/div>\n<\/div>\n<\/div>\n<\/div>\n<\/div>\n<div class=\"blue-bg-block how-check vertical-steps long-titles\">\n<div class=\"container\">\n<div class=\"row\">\n<div class=\"col col-12 col-sm-12\">\n<div class=\"green-top-subtitle\">Kuidas see t\u00f6\u00f6tab<\/div>\n<h2>Kuidas maximaal kasada Paper-Checker.com<\/h2>\n<div class=\"vertical-steps-content\">\n<div class=\"vertical-step-icon\">\n<div class=\"top-part\"><img alt=\"ikooni\" decoding=\"async\" src=\"\/wp-content\/themes\/main\/images\/step_profile_icon.png\"\/><span class=\"title\">01. Laadiga v\u00f5i pildige teie kontent<\/span><\/div>\n<p>Kui oled valmis alada? Veendate, et laadida dokumenti v\u00f5i pildige teie tekst meile plagiaatsiv\u00e4rskedele tarkvaratele.<\/p>\n<\/div>\n<div class=\"vertical-step-icon\">\n<div class=\"top-part\"><img alt=\"ikooni\" decoding=\"async\" src=\"\/wp-content\/themes\/main\/images\/step_pricing_icon.png\"\/><span class=\"title\">02. Avastage plagiaatsiv\u00e4rskus tarkvarat<\/span><\/div>\n<p>Klikka &#8220;Plagiaatsiv\u00e4rskuse avastamine&#8221; n\u00f5ukel ja l\u00e4tme meie avangemad sistemid teie kontent anal\u00fc\u00fcsimiseks. Soovime, et oled h\u00e4mmastanud &#8211; meie teavita meile juhul.<\/p>\n<\/div>\n<div class=\"vertical-step-icon\">\n<div class=\"top-part\"><img alt=\"ikooni\" decoding=\"async\" src=\"\/wp-content\/themes\/main\/images\/step_process_icon.png\"\/><span class=\"title\">03. Evalueerige teie individuate raport<\/span><\/div>\n<p>Minutit p\u00e4rast saate detailleeritud raport, mis m\u00e4rgab plagiaatsiv\u00e4rskused teed. Kasutage selle aru v\u00e4ljastavad ohverdusefektivse enda teie tegevuse.<\/p>\n<\/div>\n<div class=\"vertical-step-icon last\">\n<div class=\"top-part\"><img alt=\"ikooni\" decoding=\"async\" src=\"\/wp-content\/themes\/main\/images\/step_score_icon.png\"\/><span class=\"title\">04. Perfektsendage ja kaasaka teie tegevus<\/span><\/div>\n<p>Tege n\u00f5udse muutused, v\u00e4isendada, lisada alkuv\u00f5tme v\u00f5i eemaldada puhul, mis on v\u00e4ljastatud. Selgitage, et teie finalne teos on kihuslik ja oma.<\/p>\n<\/div>\n<\/div>\n<\/div>\n<\/div>\n<div class=\"row\">\n<div class=\"col col-12 col-sm-12\">\n<div class=\"dark-info di-green-icon elevate-text\">\n<div class=\"header\">Elevi teie <span class=\"grey-text\">kirjandus<\/span>. Kaasaka <span class=\"grey-text\">teie integritate.<\/span> Valitse <span class=\"grey-text\">Paper-Checker.com.<\/span><\/div>\n<p><a class=\"btn btn-green\" href=\"\">K\u00e4ivita tarkvarat<\/a>\n<\/div>\n<\/div>\n<\/div>\n<\/div>\n<\/div>\n","protected":false},"excerpt":{"rendered":"<p>Mest on AI-kontent detektori Paper-Checker.com? S\u00fcmep\u00e4evas digitaalsed eluplatsid on AI-tehnika tehtud kontentit olemasoleva haldmisel, akimiselt akademiaalismalt, markeermingulast ja jurnaalistikast. Kuni AI toetab rakendatud kirjandust, see ajab \u00e4ra raskusi aru saamise ja autentiseiduse kohta. Paper-Checker.com on kui tehtud, et detektiida AI-tehnika generiteeritud tekstid, juhendamiseks kas kontent on v\u00e4gu humani tehtud ja.<\/p>\n","protected":false},"author":1,"featured_media":0,"parent":0,"menu_order":0,"comment_status":"closed","ping_status":"closed","template":"tpl-landing-page.php","meta":{"_acf_changed":false,"_yoast_wpseo_title":"AI-tehnika kontentitarkvate ja plagiaatsiv\u00e4rskuse tarkvarat | Akuratsid AI-kontentide detektsioonid","_yoast_wpseo_metadesc":"AI-tarkvaras Paper-Checker.com detekteerib generiteeritud AI-kontentid akuratsid ja h\u00e4mmastatud noormus, garantides origiinialus akademisel, profesionaalisel ja kreativsel kirjandusel.","_locale":"et","_original_post":"http:\/\/paper-checker.com.loc\/?page_id=68","iawp_total_views":0,"footnotes":""},"class_list":["post-1073","page","type-page","status-publish","hentry","et"],"acf":[],"yoast_head":"<!-- This site is optimized with the Yoast SEO plugin v27.4 - https:\/\/yoast.com\/product\/yoast-seo-wordpress\/ -->\n<title>AI-tehnika kontentitarkvate ja plagiaatsiv\u00e4rskuse tarkvarat | Akuratsid AI-kontentide detektsioonid<\/title>\n<meta name=\"description\" content=\"AI-tarkvaras Paper-Checker.com detekteerib generiteeritud AI-kontentid akuratsid ja h\u00e4mmastatud noormus, garantides origiinialus akademisel, profesionaalisel ja kreativsel kirjandusel.\" \/>\n<meta name=\"robots\" content=\"index, follow, max-snippet:-1, max-image-preview:large, max-video-preview:-1\" \/>\n<link rel=\"canonical\" href=\"https:\/\/paper-checker.com\/et\/ai-detector\/\" \/>\n<meta property=\"og:locale\" content=\"et_EE\" \/>\n<meta property=\"og:type\" content=\"article\" \/>\n<meta property=\"og:title\" content=\"AI-tehnika kontentitarkvate ja plagiaatsiv\u00e4rskuse tarkvarat | Akuratsid AI-kontentide detektsioonid\" \/>\n<meta property=\"og:description\" content=\"AI-tarkvaras Paper-Checker.com detekteerib generiteeritud AI-kontentid akuratsid ja h\u00e4mmastatud noormus, garantides origiinialus akademisel, profesionaalisel ja kreativsel kirjandusel.\" \/>\n<meta property=\"og:url\" content=\"https:\/\/paper-checker.com\/et\/ai-detector\/\" \/>\n<meta property=\"og:site_name\" content=\"Paper Checker\" \/>\n<meta property=\"og:image\" content=\"https:\/\/paper-checker.com\/wp-content\/uploads\/2024\/12\/home.jpg\" \/>\n\t<meta property=\"og:image:width\" content=\"1200\" \/>\n\t<meta property=\"og:image:height\" content=\"675\" \/>\n\t<meta property=\"og:image:type\" content=\"image\/jpeg\" \/>\n<meta name=\"twitter:card\" content=\"summary_large_image\" \/>\n<meta name=\"twitter:label1\" content=\"Est. reading time\" \/>\n\t<meta name=\"twitter:data1\" content=\"4 minutit\" \/>\n<!-- \/ Yoast SEO plugin. -->","yoast_head_json":{"title":"AI-tehnika kontentitarkvate ja plagiaatsiv\u00e4rskuse tarkvarat | Akuratsid AI-kontentide detektsioonid","description":"AI-tarkvaras Paper-Checker.com detekteerib generiteeritud AI-kontentid akuratsid ja h\u00e4mmastatud noormus, garantides origiinialus akademisel, profesionaalisel ja kreativsel kirjandusel.","robots":{"index":"index","follow":"follow","max-snippet":"max-snippet:-1","max-image-preview":"max-image-preview:large","max-video-preview":"max-video-preview:-1"},"canonical":"https:\/\/paper-checker.com\/et\/ai-detector\/","og_locale":"et_EE","og_type":"article","og_title":"AI-tehnika kontentitarkvate ja plagiaatsiv\u00e4rskuse tarkvarat | Akuratsid AI-kontentide detektsioonid","og_description":"AI-tarkvaras Paper-Checker.com detekteerib generiteeritud AI-kontentid akuratsid ja h\u00e4mmastatud noormus, garantides origiinialus akademisel, profesionaalisel ja kreativsel kirjandusel.","og_url":"https:\/\/paper-checker.com\/et\/ai-detector\/","og_site_name":"Paper Checker","og_image":[{"width":1200,"height":675,"url":"https:\/\/paper-checker.com\/wp-content\/uploads\/2024\/12\/home.jpg","type":"image\/jpeg"}],"twitter_card":"summary_large_image","twitter_misc":{"Est. reading time":"4 minutit"},"schema":{"@context":"https:\/\/schema.org","@graph":[{"@type":"WebPage","@id":"https:\/\/paper-checker.com\/et\/ai-detector\/","url":"https:\/\/paper-checker.com\/et\/ai-detector\/","name":"AI-tehnika kontentitarkvate ja plagiaatsiv\u00e4rskuse tarkvarat | Akuratsid AI-kontentide detektsioonid","isPartOf":{"@id":"https:\/\/paper-checker.com\/#website"},"datePublished":"2024-12-23T08:36:54+00:00","description":"AI-tarkvaras Paper-Checker.com detekteerib generiteeritud AI-kontentid akuratsid ja h\u00e4mmastatud noormus, garantides origiinialus akademisel, profesionaalisel ja kreativsel kirjandusel.","breadcrumb":{"@id":"https:\/\/paper-checker.com\/et\/ai-detector\/#breadcrumb"},"inLanguage":"et","potentialAction":[{"@type":"ReadAction","target":["https:\/\/paper-checker.com\/et\/ai-detector\/"]}]},{"@type":"BreadcrumbList","@id":"https:\/\/paper-checker.com\/et\/ai-detector\/#breadcrumb","itemListElement":[{"@type":"ListItem","position":1,"name":"Home","item":"https:\/\/paper-checker.com\/et\/"},{"@type":"ListItem","position":2,"name":"Verifige autentiseidus AI-tehnika kaudu"}]},{"@type":"WebSite","@id":"https:\/\/paper-checker.com\/#website","url":"https:\/\/paper-checker.com\/","name":"Paper Checker","description":"","publisher":{"@id":"https:\/\/paper-checker.com\/#organization"},"potentialAction":[{"@type":"SearchAction","target":{"@type":"EntryPoint","urlTemplate":"https:\/\/paper-checker.com\/?s={search_term_string}"},"query-input":{"@type":"PropertyValueSpecification","valueRequired":true,"valueName":"search_term_string"}}],"inLanguage":"et"},{"@type":"Organization","@id":"https:\/\/paper-checker.com\/#organization","name":"Paper Checker","url":"https:\/\/paper-checker.com\/","logo":{"@type":"ImageObject","inLanguage":"et","@id":"https:\/\/paper-checker.com\/#\/schema\/logo\/image\/","url":"https:\/\/paper-checker.com\/wp-content\/uploads\/2024\/12\/Group.png","contentUrl":"https:\/\/paper-checker.com\/wp-content\/uploads\/2024\/12\/Group.png","width":30,"height":30,"caption":"Paper Checker"},"image":{"@id":"https:\/\/paper-checker.com\/#\/schema\/logo\/image\/"}}]}},"_links":{"self":[{"href":"https:\/\/paper-checker.com\/wp-json\/wp\/v2\/pages\/1073","targetHints":{"allow":["GET"]}}],"collection":[{"href":"https:\/\/paper-checker.com\/wp-json\/wp\/v2\/pages"}],"about":[{"href":"https:\/\/paper-checker.com\/wp-json\/wp\/v2\/types\/page"}],"author":[{"embeddable":true,"href":"https:\/\/paper-checker.com\/wp-json\/wp\/v2\/users\/1"}],"replies":[{"embeddable":true,"href":"https:\/\/paper-checker.com\/wp-json\/wp\/v2\/comments?post=1073"}],"version-history":[{"count":1,"href":"https:\/\/paper-checker.com\/wp-json\/wp\/v2\/pages\/1073\/revisions"}],"predecessor-version":[{"id":1074,"href":"https:\/\/paper-checker.com\/wp-json\/wp\/v2\/pages\/1073\/revisions\/1074"}],"wp:attachment":[{"href":"https:\/\/paper-checker.com\/wp-json\/wp\/v2\/media?parent=1073"}],"curies":[{"name":"wp","href":"https:\/\/api.w.org\/{rel}","templated":true}]}}