{"id":1125,"date":"2024-12-23T08:36:54","date_gmt":"2024-12-23T08:36:54","guid":{"rendered":"https:\/\/paper-checker.com\/?page_id=1125"},"modified":"2025-01-02T15:17:21","modified_gmt":"2025-01-02T15:17:21","slug":"plagiarism-check","status":"publish","type":"page","link":"https:\/\/paper-checker.com\/et\/plagiarism-check\/","title":{"rendered":"Kontroli paremad p\u00e4rasus"},"content":{"rendered":"<div class=\"effective-check\">\n<div class=\"container\">\n<div class=\"row\">\n<div class=\"col col-12 col-xs-12 col-sm-12 col-md-12 text-center\">\n<h2>Mistahte p\u00e4rasusele eest valimiseks Paper-Checker.com?<\/h2>\n<\/div>\n<div class=\"col col-12 col-xs-12 col-sm-12 col-md-6 col-lg-6\">\n<div class=\"effective-check-text\">\n<p>Originaalsus on luuakse v\u00e4\u00e4rlikkuse ja suhtesed otsingut, kuni ka taustas. Paper-Checker.com algab p\u00e4rasusev\u00e4rskendamiseks eri v\u00e4iksej\u00e4, kui ainult t\u00e4idud olekte n\u00fc\u00fcdmiseks. Meie p\u00e4rasusekontrolli tuvastuse serviss on tehtud siin, et saada ne otsimist, ja see on parandatud tehnooloogia alates. Ka sea, kas olete student, kui tegevt n\u00f5ukogu v\u00f5i profiil, Paper-Checker.com garantiseerib, et teie tehtel j\u00e4i autentne ja vahevalik.<\/p>\n<\/div>\n<\/div>\n<div class=\"col col-12 col-xs-12 col-sm-12 col-md-6 col-lg-6\">\n<div class=\"effective-check-content\">\n<div class=\"effective-check-block\">\n<div class=\"header\">Maa\u00fcksuse ja kreatiivuse revolutsioon<\/div>\n<div class=\"text\">14. sest kuni 17. saatkond on m\u00e4rkad maa\u00fcksne aja inimese historias. Italia alakevane Renaissance on oma klassika kunsti, litsentua ja sainsi v\u00e4itluse olemasj\u00e4lgi vastan tulen transformatsioon. Leonardo da Vinci ja Galileo juhendad vision\u00e4rid traditiona normid, kombineerides kreativusega empirisek observatsioonidega. See p\u00e4rki kunsti ekspressiivust ja s\u00e4tti modernise p\u00f5hja, vabende individuaaluse ja innovaatsiooni.<\/div>\n<\/div>\n<div class=\"effective-double-images\"><img alt=\"plagiarism\" decoding=\"async\" src=\"\/wp-content\/themes\/main\/images\/effect-plagiarism.png\"\/><br \/>\n<img alt=\"ai probability\" decoding=\"async\" src=\"\/wp-content\/themes\/main\/images\/effect-ai-probability.png\"\/><\/div>\n<\/div>\n<\/div>\n<\/div>\n<\/div>\n<\/div>\n<div class=\"container\">\n<div class=\"row\">\n<div class=\"col col-12\">\n<div class=\"dark-info students-info\">\n<div class=\"dark-info-container\">\n<div class=\"title\">H\u00e4mmastav ja v\u00e4rvitsemine anal\u00fc\u00fcs<\/div>\n<div class=\"middle-info-block\">\n<div class=\"info-block-item\" role=\"presentation\">\n<div class=\"info-title\">500 000 kliendid <img alt=\"icon\" decoding=\"async\" src=\"\/wp-content\/themes\/main\/images\/customers_icon.png\"\/><\/div>\n<div class=\"info-text\">\u00d6\u00f6el n\u00e4itud studeendid, professoored ja blogiirid<\/div>\n<\/div>\n<div class=\"info-block-item\" role=\"presentation\">\n<div class=\"info-title\">100% privatsuspolitsus <img alt=\"icon\" decoding=\"async\" src=\"\/wp-content\/themes\/main\/images\/privacy_icon.svg\"\/><\/div>\n<div class=\"info-text\">Meie garantieme absoluutne kaitse teie klintide kohtumis<\/div>\n<\/div>\n<\/div>\n<div class=\"dark-info-text\">Paper-Checker.com j\u00e4i teie tehtele originaalsuset ja eri puulikke lehetega. Meie avatud sistem anal\u00fcseerib sisu eri vastsete databasejast, paldes detailleerid, lihasitavate rapoorteid minutite. Perfektsed studentidele, profesioonaleile ja omakasjatele, meie tool hilab tagada akadeemilise tehtele, professionaalse dokumenteid ja kreatiivse projektide autentneksust ja s\u00e4ntaksest teie h\u00e4\u00e4l.<\/div>\n<\/div>\n<\/div>\n<\/div>\n<\/div>\n<div class=\"row\">\n<div class=\"col col-12 col-xs-12 col-sm-12\">\n<div class=\"unlocking-section\">\n<p><img alt=\"unlocking\" decoding=\"async\" src=\"\/wp-content\/themes\/main\/images\/woman-with-notebook.png\"\/><\/p>\n<div class=\"unlocking-content\">\n<h3>Teknooloojat, mis teavad Paper-Checker.com<\/h3>\n<p>Mida Paper-Checker.com eri distingueerub on see innovaativa teknoologia, mida see teeb:<\/p>\n<ul>\n<li>Sofistike algoritmid<\/li>\n<li>H\u00e4mmastav database<\/li>\n<li>P\u00e4rast akurse<\/li>\n<li>Rask ja teodusliku toimingut<\/li>\n<li>Simpel juhendus<\/li>\n<li>Innovatsioonile h\u00e4mmastamise toiming<\/li>\n<\/ul>\n<\/div>\n<\/div>\n<\/div>\n<\/div>\n<\/div>\n<div class=\"blue-bg-block scan-paper\">\n<div class=\"container\">\n<div class=\"row\">\n<div class=\"col col-12 col-sm-12 col-md-6 col-lg-6\">\n<div class=\"scan-text\">\n<h2>Kuid kasutada Paper-Checker.com<\/h2>\n<p>Kasutamist Paper-Checker.com on nii p\u00e4rasin kui ka probleemifil. Simpelsti laadige teie dokumend ja meie avatud sistem alates t\u00f6\u00f6tab. Minu j\u00e4rgi, teie tekst anal\u00fcseerib eri vastsete online-suvate, akadeemiliste lehtede ja publikatsioonide databasejast. Resultaatid esitatakse kuulne, detailleerite raportis, mis m\u00e4rksib kogemust sisu ja teeb originaalsuse anal\u00fc\u00fcs.<\/p>\n<p>Meie simpel juhendus muutab revijaaningutele v\u00e4ga piirangatud. Ka sea, kas olete student, kus esitate tehtel v\u00f5i profiil, kui teie p\u00e4rasin t\u00f6\u00f6tamist, meie h\u00e4\u00e4letud protseduurit peab teid fokusida siis, mida eriti oluline on\u2014luuakse vaikse tehtele.<\/p>\n<\/div>\n<\/div>\n<div class=\"col col-12 col-sm-12 col-md-6 col-lg-6\">\n<div class=\"short-drop-file\">\n<div class=\"drop-file-form\">\n<div class=\"drop-file-block\">\n<div class=\"more-than\">\n<img alt=\"check\" decoding=\"async\" src=\"\/wp-content\/themes\/main\/images\/blue-circle-check-icon.svg\"\/><\/p>\n<div class=\"text\"><b>v\u00e4ikem kui<\/b> ainult p\u00e4rasusekontrolli<\/div>\n<\/div>\n<div class=\"drop-file-block-wrapper\">\n<div class=\"img-block\"><img alt=\"drag &amp; drop\" decoding=\"async\" src=\"\/wp-content\/themes\/main\/images\/drop-files-block.png\"\/><\/div>\n<div class=\"top-part\">\n<div class=\"dark-text font-16\">Drag ja dropi failid siia<\/div>\n<div>v\u00e4ikem pildistada dokumendid p\u00e4rasusekontroleks<\/div>\n<\/div>\n<p><button class=\"btn-green\">Laadi fail<\/button><\/p>\n<div class=\"grey-separate-line\"><\/div>\n<div class=\"type-text\">Tippige teie tekst siia<\/div>\n<div class=\"grey-btns-block\">\n<div class=\"btn btn-grey\"><img alt=\"icon\" decoding=\"async\" src=\"\/wp-content\/themes\/main\/images\/dropbox-img.svg\"\/>Dropboxi<\/div>\n<div class=\"btn btn-grey\"><img alt=\"icon\" decoding=\"async\" src=\"\/wp-content\/themes\/main\/images\/onedrive-img.svg\"\/>OneDrive&#8217;i<\/div>\n<div class=\"btn btn-grey\"><img alt=\"icon\" decoding=\"async\" src=\"\/wp-content\/themes\/main\/images\/attach-file.svg\"\/>Liigi fail<\/div>\n<div class=\"btn btn-grey\"><img alt=\"icon\" decoding=\"async\" src=\"\/wp-content\/themes\/main\/images\/by-url.svg\"\/>Kaudu URL&#8217;i<\/div>\n<\/div>\n<div class=\"blue-btns-block\">\n<div class=\"btn btn-blue-gradient with-shadow\"><img alt=\"icon\" decoding=\"async\" src=\"\/wp-content\/themes\/main\/images\/white-loop-img.svg\"\/>P\u00e4rasusekontrolli<\/div>\n<div class=\"btn btn-blue-gradient-o\">\n<div class=\"btn-blue-gradient-o-wrap\">\n<img alt=\"icon\" decoding=\"async\" src=\"\/wp-content\/themes\/main\/images\/pictogrammers-robot.svg\"\/>AI detektori\n<\/div>\n<\/div>\n<\/div>\n<\/div>\n<\/div>\n<div class=\"drop-file-additional-options\">\n<div class=\"option-item ai\"><input class=\"checkbox\" name=\"ai\" type=\"checkbox\"\/><label for=\"ai\">Etsi AI tekstit<\/label><\/div>\n<div class=\"option-item latin-characters\"><input class=\"checkbox\" name=\"latin-characters\" type=\"checkbox\"\/><label for=\"latin-characters\">V\u00e4ljate ainult latiniandmused<\/label><\/div>\n<div class=\"option-item references\"><input class=\"checkbox\" name=\"references\" type=\"checkbox\"\/><label for=\"references\">Eklut referentsi<\/label><\/div>\n<div class=\"option-item citation\"><input class=\"checkbox\" name=\"citations\" type=\"checkbox\"\/><label for=\"citations\">Eklut in-text citatsioonid<\/label><\/div>\n<\/div>\n<div class=\"align-center bottom-btn\">\n<div class=\"device\"><img alt=\"line\" decoding=\"async\" src=\"\/wp-content\/themes\/main\/images\/devide-line.png\"\/><\/div>\n<p><a class=\"btn btn-blue-gradient\" href=\"\">P\u00e4rasusekontrolli<\/a>\n<\/div>\n<\/div>\n<\/div>\n<\/div>\n<\/div>\n<\/div>\n<\/div>\n<div class=\"container\">\n<div class=\"row\">\n<div class=\"col col-12 col-xs-12 col-sm-12\">\n<div class=\"plag-checker-section\">\n<p><img alt=\"plag-checker\" decoding=\"async\" src=\"\/wp-content\/themes\/main\/images\/plag-checker.png\"\/><\/p>\n<div class=\"plag-checker-content\">\n<h2>Kellele t\u00e4i olulek v\u00e4rskel Paper-Checker.com?<\/h2>\n<ul>\n<li><strong>Studente:<\/strong> Verifigeerite esiteks, tehtede ja tegejate olemasv\u00e4lja autentseks, j\u00e4rgi akadeemilise integritate ja v\u00e4ljendage p\u00e4rasusi kui teie tegevus.<\/li>\n<li><strong>Edukatori:<\/strong> Avalige studentite esitega viia ja tulemused, esitades justi ja akurati arendamiseks.<\/li>\n<li><strong>Profesionaalid:<\/strong> Protektigeerite dokumente, p\u00e4rastele ja muu tegevusekomplekti olemasv\u00e4lja unikalsuse, j\u00e4rgi kredibilite ja v\u00e4rskust.<\/li>\n<li><strong>Kreative n\u00fc\u00fcdide ja blogiirid:<\/strong> Veendage, et teie kreative t\u00f6\u00f6de, artiklid ja blogipostit olekse k\u00f5igele eri, reflektiveerite teie idioom ja visi.<\/li>\n<li><strong>Raamatu- ja mediapubliiserid:<\/strong> Suilege duplikaatne sisu enne publikatsioonit, behte reputaationi ja tegevusi kaliteeti.<\/li>\n<\/ul>\n<\/div>\n<\/div>\n<\/div>\n<\/div>\n<div class=\"row tips-students\">\n<div class=\"col col-12 col-sm-12 col-md-6 col-lg-6\"><img alt=\"tips\" decoding=\"async\" src=\"\/wp-content\/themes\/main\/images\/tips-students-img.png\"\/><\/div>\n<div class=\"col col-12 col-sm-12 col-md-6 col-lg-6\">\n<div class=\"tips-text\">\n<h3>Teie tegevus olekse eri<\/h3>\n<p>Unikalsus on tr\u00fcks ja suhtesussukses puhul p\u00f5hja, ja Paper-Checker.com v\u00f5ib teie tegevuse kaitse ja valimiseks teie \u00f5nnustamise s\u00e4ilendada. Ka sea, et olete student, kes h\u00e4\u00e4l on akadeemilise excelentsus, profesionaal, kui teie reputaationi beebida v\u00f5i kirjakaasne laadige, v\u00f5i raamatupubliiser, kui teie merk ja kaliteet tuleb behte.<\/p>\n<p>Kustutage oma tegevuse kvaliteet ja integritate p\u00e4eva. Liitu millekugul, kes Paper-Checker.com&#8217;i tr\u00fcksid ja usundad.<\/p>\n<\/div>\n<\/div>\n<\/div>\n<div class=\"row\">\n<div class=\"col col-12 col-sm-12\">\n<div class=\"dark-info check-words\">\n<div class=\"header top-white-line\">\u00c4rgu <span class=\"light-green\">oma reputaation<\/span><\/div>\n<div class=\"text\" style=\"max-width: 800px;\"><span class=\"grey-text\">Tege originaalsus olekse oma standardi Paper-Checker.com&#8217;iga!<\/span><\/div>\n<\/div>\n<\/div>\n<\/div>\n<\/div>\n","protected":false},"excerpt":{"rendered":"<p>Mistahte p\u00e4rasusele eest valimiseks Paper-Checker.com? Originaalsus on luuakse v\u00e4\u00e4rlikkuse ja suhtesed otsingut, kuni ka taustas. Paper-Checker.com algab p\u00e4rasusev\u00e4rskendamiseks eri v\u00e4iksej\u00e4, kui ainult t\u00e4idud olekte n\u00fc\u00fcdmiseks \u2013 see on v\u00e4lja annetud oma kredibiliteed ja unikaalide ideate. Meie p\u00e4rasusekontrolli tuvastuse serviss on tehtud siin, et saada ne otsimist.<\/p>\n","protected":false},"author":1,"featured_media":0,"parent":0,"menu_order":0,"comment_status":"closed","ping_status":"closed","template":"tpl-landing-page.php","meta":{"_acf_changed":false,"_yoast_wpseo_title":"P\u00e4rasusekontrolli: Tekitse unikalsust Paper-Checker.com'iga","_yoast_wpseo_metadesc":"H\u00e4mmastavalt detekteerige p\u00e4rasusi kui p\u00e4rastvate akurse, esitades, et teie akadeemilise, profesionaalise ja kreativne kirjandus on alikline.","_locale":"et","_original_post":"http:\/\/paper-checker.com.loc\/?page_id=49","iawp_total_views":10,"footnotes":""},"class_list":["post-1125","page","type-page","status-publish","hentry","et"],"acf":[],"yoast_head":"<!-- This site is optimized with the Yoast SEO plugin v27.4 - https:\/\/yoast.com\/product\/yoast-seo-wordpress\/ -->\n<title>P\u00e4rasusekontrolli: Tekitse unikalsust Paper-Checker.com&#039;iga<\/title>\n<meta name=\"description\" content=\"H\u00e4mmastavalt detekteerige p\u00e4rasusi kui p\u00e4rastvate akurse, esitades, et teie akadeemilise, profesionaalise ja kreativne kirjandus on alikline.\" \/>\n<meta name=\"robots\" content=\"index, follow, max-snippet:-1, max-image-preview:large, max-video-preview:-1\" \/>\n<link rel=\"canonical\" href=\"https:\/\/paper-checker.com\/et\/plagiarism-check\/\" \/>\n<meta property=\"og:locale\" content=\"et_EE\" \/>\n<meta property=\"og:type\" content=\"article\" \/>\n<meta property=\"og:title\" content=\"P\u00e4rasusekontrolli: Tekitse unikalsust Paper-Checker.com&#039;iga\" \/>\n<meta property=\"og:description\" content=\"H\u00e4mmastavalt detekteerige p\u00e4rasusi kui p\u00e4rastvate akurse, esitades, et teie akadeemilise, profesionaalise ja kreativne kirjandus on alikline.\" \/>\n<meta property=\"og:url\" content=\"https:\/\/paper-checker.com\/et\/plagiarism-check\/\" \/>\n<meta property=\"og:site_name\" content=\"Paper Checker\" \/>\n<meta property=\"article:modified_time\" content=\"2025-01-02T15:17:21+00:00\" \/>\n<meta property=\"og:image\" content=\"https:\/\/paper-checker.com\/wp-content\/uploads\/2024\/12\/home.jpg\" \/>\n\t<meta property=\"og:image:width\" content=\"1200\" \/>\n\t<meta property=\"og:image:height\" content=\"675\" \/>\n\t<meta property=\"og:image:type\" content=\"image\/jpeg\" \/>\n<meta name=\"twitter:card\" content=\"summary_large_image\" \/>\n<meta name=\"twitter:label1\" content=\"Est. reading time\" \/>\n\t<meta name=\"twitter:data1\" content=\"6 minutit\" \/>\n<!-- \/ Yoast SEO plugin. -->","yoast_head_json":{"title":"P\u00e4rasusekontrolli: Tekitse unikalsust Paper-Checker.com'iga","description":"H\u00e4mmastavalt detekteerige p\u00e4rasusi kui p\u00e4rastvate akurse, esitades, et teie akadeemilise, profesionaalise ja kreativne kirjandus on alikline.","robots":{"index":"index","follow":"follow","max-snippet":"max-snippet:-1","max-image-preview":"max-image-preview:large","max-video-preview":"max-video-preview:-1"},"canonical":"https:\/\/paper-checker.com\/et\/plagiarism-check\/","og_locale":"et_EE","og_type":"article","og_title":"P\u00e4rasusekontrolli: Tekitse unikalsust Paper-Checker.com'iga","og_description":"H\u00e4mmastavalt detekteerige p\u00e4rasusi kui p\u00e4rastvate akurse, esitades, et teie akadeemilise, profesionaalise ja kreativne kirjandus on alikline.","og_url":"https:\/\/paper-checker.com\/et\/plagiarism-check\/","og_site_name":"Paper Checker","article_modified_time":"2025-01-02T15:17:21+00:00","og_image":[{"width":1200,"height":675,"url":"https:\/\/paper-checker.com\/wp-content\/uploads\/2024\/12\/home.jpg","type":"image\/jpeg"}],"twitter_card":"summary_large_image","twitter_misc":{"Est. reading time":"6 minutit"},"schema":{"@context":"https:\/\/schema.org","@graph":[{"@type":"WebPage","@id":"https:\/\/paper-checker.com\/et\/plagiarism-check\/","url":"https:\/\/paper-checker.com\/et\/plagiarism-check\/","name":"P\u00e4rasusekontrolli: Tekitse unikalsust Paper-Checker.com'iga","isPartOf":{"@id":"https:\/\/paper-checker.com\/#website"},"datePublished":"2024-12-23T08:36:54+00:00","dateModified":"2025-01-02T15:17:21+00:00","description":"H\u00e4mmastavalt detekteerige p\u00e4rasusi kui p\u00e4rastvate akurse, esitades, et teie akadeemilise, profesionaalise ja kreativne kirjandus on alikline.","breadcrumb":{"@id":"https:\/\/paper-checker.com\/et\/plagiarism-check\/#breadcrumb"},"inLanguage":"et","potentialAction":[{"@type":"ReadAction","target":["https:\/\/paper-checker.com\/et\/plagiarism-check\/"]}]},{"@type":"BreadcrumbList","@id":"https:\/\/paper-checker.com\/et\/plagiarism-check\/#breadcrumb","itemListElement":[{"@type":"ListItem","position":1,"name":"Home","item":"https:\/\/paper-checker.com\/et\/"},{"@type":"ListItem","position":2,"name":"Kontroli paremad p\u00e4rasus"}]},{"@type":"WebSite","@id":"https:\/\/paper-checker.com\/#website","url":"https:\/\/paper-checker.com\/","name":"Paper Checker","description":"","publisher":{"@id":"https:\/\/paper-checker.com\/#organization"},"potentialAction":[{"@type":"SearchAction","target":{"@type":"EntryPoint","urlTemplate":"https:\/\/paper-checker.com\/?s={search_term_string}"},"query-input":{"@type":"PropertyValueSpecification","valueRequired":true,"valueName":"search_term_string"}}],"inLanguage":"et"},{"@type":"Organization","@id":"https:\/\/paper-checker.com\/#organization","name":"Paper Checker","url":"https:\/\/paper-checker.com\/","logo":{"@type":"ImageObject","inLanguage":"et","@id":"https:\/\/paper-checker.com\/#\/schema\/logo\/image\/","url":"https:\/\/paper-checker.com\/wp-content\/uploads\/2024\/12\/Group.png","contentUrl":"https:\/\/paper-checker.com\/wp-content\/uploads\/2024\/12\/Group.png","width":30,"height":30,"caption":"Paper Checker"},"image":{"@id":"https:\/\/paper-checker.com\/#\/schema\/logo\/image\/"}}]}},"_links":{"self":[{"href":"https:\/\/paper-checker.com\/wp-json\/wp\/v2\/pages\/1125","targetHints":{"allow":["GET"]}}],"collection":[{"href":"https:\/\/paper-checker.com\/wp-json\/wp\/v2\/pages"}],"about":[{"href":"https:\/\/paper-checker.com\/wp-json\/wp\/v2\/types\/page"}],"author":[{"embeddable":true,"href":"https:\/\/paper-checker.com\/wp-json\/wp\/v2\/users\/1"}],"replies":[{"embeddable":true,"href":"https:\/\/paper-checker.com\/wp-json\/wp\/v2\/comments?post=1125"}],"version-history":[{"count":3,"href":"https:\/\/paper-checker.com\/wp-json\/wp\/v2\/pages\/1125\/revisions"}],"predecessor-version":[{"id":2031,"href":"https:\/\/paper-checker.com\/wp-json\/wp\/v2\/pages\/1125\/revisions\/2031"}],"wp:attachment":[{"href":"https:\/\/paper-checker.com\/wp-json\/wp\/v2\/media?parent=1125"}],"curies":[{"name":"wp","href":"https:\/\/api.w.org\/{rel}","templated":true}]}}