{"id":1173,"date":"2024-12-23T08:36:54","date_gmt":"2024-12-23T08:36:54","guid":{"rendered":"https:\/\/paper-checker.com\/?page_id=1173"},"modified":"2025-02-07T14:50:39","modified_gmt":"2025-02-07T14:50:39","slug":"pricing","status":"publish","type":"page","link":"https:\/\/paper-checker.com\/et\/pricing\/","title":{"rendered":"Hinnad"},"content":{"rendered":"<div class=\"container\">\n<div class=\"prices-wrapper\">\n<section class=\"originality-section\">\n<div class=\"container\">\n<div class=\"row\">\n<div class=\"col col-xs-12 col-sm-12\">\n<div class=\"ps-widget-container\" data-ps-widget-name=\"Prices\" data-ps-widget-options=\"{}\">\n<div class=\"loader-wrapper\">\n<\/div>\n<\/div>\n<\/div>\n<\/div>\n<\/div>\n<section class=\"faq-section\">\n<div class=\"row faq-row-wrap\">\n<div class=\"col col-12\">\n<div class=\"faq-content-wrapper\">\n<div class=\"faq-left-part\">\n<div class=\"left-part-sticky\">\n<div class=\"green-top-subtitle\">FAQ<\/div>\n<h2>Sellele lehete saate teada meie plagiatikontrolli ja AI-v\u00e4rskendusveebis mitme haldusandise.<\/h2>\n<div class=\"subtitle\">Kui tead ma nende veel, mis need meie toimingute kohta olevid kestused? Me ilmervate teie leiavalikke enne ja teie platformi kasutamist optimiseerimiseks.<\/div>\n<div class=\"bottom-contact-line\"><a class=\"btn btn-blue-gradient\" href=\"\/contacts\/\"><img decoding=\"async\" src=\"\/wp-content\/themes\/main\/images\/support-white-icon.png\" alt=\"icon\" \/> Kontaktige meie toimingute keskkonna<\/a><br \/>\nkui pole teada, mida oled ette n\u00fc\u00fcdnud!<\/div>\n<\/div>\n<\/div>\n<div class=\"faq-right-part\">\n<div class=\"faq-contant\">\n<div class=\"faq-item active\">\n<div class=\"question\">Mida dokumentide pildivad plagiatikontrolle ja AI-v\u00e4rskendamiseks?<\/div>\n<div class=\"answer\">Saate laadida erinevaid tekstifaili formatit, m\u00e4eluvad Word-dokumentid, PDF-failed ja vaheline tekstifailid. Mees toetud k\u00f5igis huvidele, et vea kasutajate puhul.<\/div>\n<\/div>\n<div class=\"faq-item\">\n<div class=\"question\">Kuidas on teie plagiatikontrolle ja AI-v\u00e4rskenduse akuratsus?<\/div>\n<div class=\"answer\">Meie detektive algoritmi on haldatud sihtas, et pakkuda hetkise akuratsus, skanivad biljone eri s\u00f5nade ja detectivat ka m\u00e4eluvase AI-generiitud s\u00f5nade.<\/div>\n<\/div>\n<div class=\"faq-item\">\n<div class=\"question\">Kuid maant ette teie plagiatikontrolli ja AI-v\u00e4rskenduse resultate saa?<\/div>\n<div class=\"answer\">Teie detailleeritud plagiatikontrolli ja AI-v\u00e4rskendusi raporti saadake minuhtide j\u00e4rgi, mida teie dokumendi p\u00e4\u00e4sed on. Huvidele asendusele, kuni 2 minutit.<\/div>\n<\/div>\n<div class=\"faq-item\">\n<div class=\"question\">On minnud ma data s\u00f5ltumatu?<\/div>\n<div class=\"answer\">Kui, me garantieme 100% konfidentsialiseendus. Teie dokumendi on v\u00e4rskendatud belet, ja me ikka saame v\u00f5i ei tea teie failidega.<\/div>\n<\/div>\n<div class=\"faq-item\">\n<div class=\"question\">Kui palju teie pakkumine kostab?<\/div>\n<div class=\"answer\">Meil on eri haldusandise ja pakkumised, mis kuuluvad erinevaid budjete. Vaadake meie haldusandisi ja valige see, mida soovite.<\/div>\n<\/div>\n<div class=\"faq-item\">\n<div class=\"question\">Kuidas teie plagiatikontroll p\u00f6\u00f6rduvate eri kaitte?<\/div>\n<div class=\"answer\">Meie sistem on kontrollinud vastad databas, mis kuulub 25,000&#8217;kile publikatsioonidele, nagu ajakirjade, magasine, lehtede, akadeemilise artikule ja muid.<\/div>\n<\/div>\n<div class=\"faq-item\">\n<div class=\"question\">Teie toimingute keskkonna on palju paldistav?<\/div>\n<div class=\"answer\">Meil on 24\/7 klienditeenuse, et teie k\u00f5ik vaatamist ja teknilisel probleemidel paldistada.<\/div>\n<\/div>\n<div class=\"faq-item\">\n<div class=\"question\">On olemas murtelne proovimis?<\/div>\n<div class=\"answer\">Kui, meil on uus kasutajate kohe murtelne proovimis. Saate teie plagiatikontrolli ja AI-v\u00e4rskendusi testida, et vaadate oled enda.<\/div>\n<\/div>\n<div class=\"faq-item\">\n<div class=\"question\">Kui saan vaada plagiatikule n\u00f5ustatud s\u00f5nade avatud k\u00e4site?<\/div>\n<div class=\"answer\">Meie detailleeritud raportid on nii, et ne onk v\u00e4rskendatud s\u00f5nade k\u00e4site ja teie leiavaliku, et haldada ja parandada probleeme.<\/div>\n<\/div>\n<div class=\"faq-item\">\n<div class=\"question\">Teie pakkumine on v\u00e4ljenduslik ja n\u00f5ukalt asendatud non-inglise s\u00f5nadele?<\/div>\n<div class=\"answer\">Kui, meie tarkvarad on plaanatud detektive plagiatikule ja AI-generiitud s\u00f5nadele eri keeltel, et teie akademilisel ja profiilisel n\u00f5udusele pakkuda globaalne koveringut.<\/div>\n<\/div>\n<div class=\"faq-item\">\n<div class=\"question\">Kuidas teie databasid on pildatud?<\/div>\n<div class=\"answer\">Meie databasid on regulerelt pildatud, et garantida hetkise ja omakordne kohe online s\u00e4te, akadeemilise artikuulide ja publikatsioonide koveringut.<\/div>\n<\/div>\n<div class=\"faq-item\">\n<div class=\"question\">Kui palju dokumendid saab samma hetkise pildada ja kontrollida?<\/div>\n<div class=\"answer\">Meie sistem on valimist, et teie haldusandise kohe pildada ja kontrollida eri dokumendid, m\u00e4eluvad teie vajadustele.<\/div>\n<\/div>\n<div class=\"faq-item\">\n<div class=\"question\">On olemas s\u00f5nade v\u00f5i dokumendi suuruse limiit?<\/div>\n<div class=\"answer\">Kui, me supportime ka suurma dokumendid, on planeerimisi limiite, mida paldisate teie valitud haldusandise. Kuiigis planil on vastad, mis soovivad teie vajadustele.<\/div>\n<\/div>\n<div class=\"faq-item\">\n<div class=\"question\">Kuidas tead teie raportide resultate interpretida?<\/div>\n<div class=\"answer\">Meie raportid on nii, et ne on k\u00f5igile l\u00f5ige, ja v\u00e4rskendatud plagiatikule n\u00f5ustatud ja AI-generiitud s\u00f5nadega. Kaasatud sektioonid linkivad teie kaitte ja me olemme sugulikud parandamiseks.<\/div>\n<\/div>\n<div class=\"faq-item\">\n<div class=\"question\">On teie pakkumine mobiliteenusele saadaval?<\/div>\n<div class=\"answer\">Kui, meie platform on t\u00e4ienduslikt reagendatud ja optimiseeritud mobiliteenusele, et teie saate oma s\u00e4te kontrollida nagu teie l\u00e4hekule.<\/div>\n<\/div>\n<p><script>\n  \/\/ No JavaScript to translate as it's purely HTML and meta tags.\n<\/script><\/p>\n<style>\n  \/* Add any necessary CSS styles here if required *\/<br \/>\n<\/style>\n<\/div>\n<\/div>\n<\/div>\n<\/div>\n<\/div>\n<\/section>\n<section class=\"originality-section\">\n<div class=\"row\">\n<div class=\"col col-xs-12 col-sm-12\">\n<div class=\"originality-block\">\n<h2 class=\"title-part\">V\u00e4ljenduselt eemaldage olekukontrolli<\/h2>\n<div class=\"right-part\">\n<div class=\"text-part\">\n<div class=\"text\">Proovage Paper-Checker.com ja peate oma s\u00e4te 100% autentikuse.<\/div>\n<ul class=\"list-item\">\n<li><span class=\"origin-item\">Rask<\/span><\/li>\n<li><span class=\"origin-item\">Akuratsus<\/span><\/li>\n<li><span class=\"origin-item\">Teostud maailma tagant<\/span><\/li>\n<\/ul>\n<p><button class=\"bnt btn-green\">Kinnitse s\u00e4te minu<\/button><\/p>\n<\/div>\n<\/div>\n<\/div>\n<\/div>\n<\/div>\n<\/section>\n<\/div>\n<\/section>\n<\/div>\n<\/div>\n","protected":false},"excerpt":{"rendered":"<p>Hinnad valikud Mitte j\u00e4relm\u00e4\u00e4rate ja AI-v\u00e4ljendamine: Nii pole maksad aukohulja v\u00f5i eestlusele. Vanemine kaup 1 kord 3 kuud 6 kuud 12 kuud Palun valitakse tekstide valik 100 Tasandmise s\u00fcmma per lehe 40% Summa maksumas: 15,00 USD Kui saate Unichecki kasutada: Nii pole verifikasjon V\u00e4ljendamine API-kaudu Massa failide kontroll Organiseerimisv\u00f5tme online daatabas Google Docs jaoks Eestlusele j\u00e4tkates Logi sisse ja maksa N\u00fc\u00fcdke<\/p>\n","protected":false},"author":1,"featured_media":0,"parent":0,"menu_order":0,"comment_status":"closed","ping_status":"closed","template":"","meta":{"_acf_changed":false,"_yoast_wpseo_title":"Haldusandise h\u00e4lpem\u00e4ngid ja AI-v\u00e4rskenduse k\u00f5igim\u00e4lu Paper-Checker.com on pildatud haldusandise, et teie plagiatikontrolli ja AI-detektiivselt v\u00e4rskendusest saada maksa enda.","_yoast_wpseo_metadesc":"Teavite meie fleksivase ja transparentsese haldusandise planeerimisi Eksploreerite Paper-Checker.com haldusandise, mis on m\u00e4eldud teie vajadustele. Meil on eri planeerimised, mis antuvad teie plagiatikule ja AI-s\u00e4te v\u00e4rskendamiseks parima maksa, kui palju kaasendatud.","_locale":"et","_original_post":"http:\/\/paper-checker.com.loc\/?page_id=13","iawp_total_views":2,"footnotes":""},"class_list":["post-1173","page","type-page","status-publish","hentry","et"],"acf":[],"yoast_head":"<!-- This site is optimized with the Yoast SEO plugin v27.4 - https:\/\/yoast.com\/product\/yoast-seo-wordpress\/ -->\n<title>Haldusandise h\u00e4lpem\u00e4ngid ja AI-v\u00e4rskenduse k\u00f5igim\u00e4lu Paper-Checker.com on pildatud haldusandise, et teie plagiatikontrolli ja AI-detektiivselt v\u00e4rskendusest saada maksa enda.<\/title>\n<meta name=\"description\" content=\"Teavite meie fleksivase ja transparentsese haldusandise planeerimisi Eksploreerite Paper-Checker.com haldusandise, mis on m\u00e4eldud teie vajadustele. Meil on eri planeerimised, mis antuvad teie plagiatikule ja AI-s\u00e4te v\u00e4rskendamiseks parima maksa, kui palju kaasendatud.\" \/>\n<meta name=\"robots\" content=\"index, follow, max-snippet:-1, max-image-preview:large, max-video-preview:-1\" \/>\n<link rel=\"canonical\" href=\"https:\/\/paper-checker.com\/et\/pricing\/\" \/>\n<meta property=\"og:locale\" content=\"et_EE\" \/>\n<meta property=\"og:type\" content=\"article\" \/>\n<meta property=\"og:title\" content=\"Haldusandise h\u00e4lpem\u00e4ngid ja AI-v\u00e4rskenduse k\u00f5igim\u00e4lu Paper-Checker.com on pildatud haldusandise, et teie plagiatikontrolli ja AI-detektiivselt v\u00e4rskendusest saada maksa enda.\" \/>\n<meta property=\"og:description\" content=\"Teavite meie fleksivase ja transparentsese haldusandise planeerimisi Eksploreerite Paper-Checker.com haldusandise, mis on m\u00e4eldud teie vajadustele. Meil on eri planeerimised, mis antuvad teie plagiatikule ja AI-s\u00e4te v\u00e4rskendamiseks parima maksa, kui palju kaasendatud.\" \/>\n<meta property=\"og:url\" content=\"https:\/\/paper-checker.com\/et\/pricing\/\" \/>\n<meta property=\"og:site_name\" content=\"Paper Checker\" \/>\n<meta property=\"article:modified_time\" content=\"2025-02-07T14:50:39+00:00\" \/>\n<meta property=\"og:image\" content=\"https:\/\/paper-checker.com\/wp-content\/uploads\/2024\/12\/home.jpg\" \/>\n\t<meta property=\"og:image:width\" content=\"1200\" \/>\n\t<meta property=\"og:image:height\" content=\"675\" \/>\n\t<meta property=\"og:image:type\" content=\"image\/jpeg\" \/>\n<meta name=\"twitter:card\" content=\"summary_large_image\" \/>\n<meta name=\"twitter:label1\" content=\"Est. reading time\" \/>\n\t<meta name=\"twitter:data1\" content=\"3 minutit\" \/>\n<!-- \/ Yoast SEO plugin. -->","yoast_head_json":{"title":"Haldusandise h\u00e4lpem\u00e4ngid ja AI-v\u00e4rskenduse k\u00f5igim\u00e4lu Paper-Checker.com on pildatud haldusandise, et teie plagiatikontrolli ja AI-detektiivselt v\u00e4rskendusest saada maksa enda.","description":"Teavite meie fleksivase ja transparentsese haldusandise planeerimisi Eksploreerite Paper-Checker.com haldusandise, mis on m\u00e4eldud teie vajadustele. Meil on eri planeerimised, mis antuvad teie plagiatikule ja AI-s\u00e4te v\u00e4rskendamiseks parima maksa, kui palju kaasendatud.","robots":{"index":"index","follow":"follow","max-snippet":"max-snippet:-1","max-image-preview":"max-image-preview:large","max-video-preview":"max-video-preview:-1"},"canonical":"https:\/\/paper-checker.com\/et\/pricing\/","og_locale":"et_EE","og_type":"article","og_title":"Haldusandise h\u00e4lpem\u00e4ngid ja AI-v\u00e4rskenduse k\u00f5igim\u00e4lu Paper-Checker.com on pildatud haldusandise, et teie plagiatikontrolli ja AI-detektiivselt v\u00e4rskendusest saada maksa enda.","og_description":"Teavite meie fleksivase ja transparentsese haldusandise planeerimisi Eksploreerite Paper-Checker.com haldusandise, mis on m\u00e4eldud teie vajadustele. Meil on eri planeerimised, mis antuvad teie plagiatikule ja AI-s\u00e4te v\u00e4rskendamiseks parima maksa, kui palju kaasendatud.","og_url":"https:\/\/paper-checker.com\/et\/pricing\/","og_site_name":"Paper Checker","article_modified_time":"2025-02-07T14:50:39+00:00","og_image":[{"width":1200,"height":675,"url":"https:\/\/paper-checker.com\/wp-content\/uploads\/2024\/12\/home.jpg","type":"image\/jpeg"}],"twitter_card":"summary_large_image","twitter_misc":{"Est. reading time":"3 minutit"},"schema":{"@context":"https:\/\/schema.org","@graph":[{"@type":"WebPage","@id":"https:\/\/paper-checker.com\/et\/pricing\/","url":"https:\/\/paper-checker.com\/et\/pricing\/","name":"Haldusandise h\u00e4lpem\u00e4ngid ja AI-v\u00e4rskenduse k\u00f5igim\u00e4lu Paper-Checker.com on pildatud haldusandise, et teie plagiatikontrolli ja AI-detektiivselt v\u00e4rskendusest saada maksa enda.","isPartOf":{"@id":"https:\/\/paper-checker.com\/#website"},"datePublished":"2024-12-23T08:36:54+00:00","dateModified":"2025-02-07T14:50:39+00:00","description":"Teavite meie fleksivase ja transparentsese haldusandise planeerimisi Eksploreerite Paper-Checker.com haldusandise, mis on m\u00e4eldud teie vajadustele. Meil on eri planeerimised, mis antuvad teie plagiatikule ja AI-s\u00e4te v\u00e4rskendamiseks parima maksa, kui palju kaasendatud.","breadcrumb":{"@id":"https:\/\/paper-checker.com\/et\/pricing\/#breadcrumb"},"inLanguage":"et","potentialAction":[{"@type":"ReadAction","target":["https:\/\/paper-checker.com\/et\/pricing\/"]}]},{"@type":"BreadcrumbList","@id":"https:\/\/paper-checker.com\/et\/pricing\/#breadcrumb","itemListElement":[{"@type":"ListItem","position":1,"name":"Home","item":"https:\/\/paper-checker.com\/et\/"},{"@type":"ListItem","position":2,"name":"Hinnad"}]},{"@type":"WebSite","@id":"https:\/\/paper-checker.com\/#website","url":"https:\/\/paper-checker.com\/","name":"Paper Checker","description":"","publisher":{"@id":"https:\/\/paper-checker.com\/#organization"},"potentialAction":[{"@type":"SearchAction","target":{"@type":"EntryPoint","urlTemplate":"https:\/\/paper-checker.com\/?s={search_term_string}"},"query-input":{"@type":"PropertyValueSpecification","valueRequired":true,"valueName":"search_term_string"}}],"inLanguage":"et"},{"@type":"Organization","@id":"https:\/\/paper-checker.com\/#organization","name":"Paper Checker","url":"https:\/\/paper-checker.com\/","logo":{"@type":"ImageObject","inLanguage":"et","@id":"https:\/\/paper-checker.com\/#\/schema\/logo\/image\/","url":"https:\/\/paper-checker.com\/wp-content\/uploads\/2024\/12\/Group.png","contentUrl":"https:\/\/paper-checker.com\/wp-content\/uploads\/2024\/12\/Group.png","width":30,"height":30,"caption":"Paper Checker"},"image":{"@id":"https:\/\/paper-checker.com\/#\/schema\/logo\/image\/"}}]}},"_links":{"self":[{"href":"https:\/\/paper-checker.com\/wp-json\/wp\/v2\/pages\/1173","targetHints":{"allow":["GET"]}}],"collection":[{"href":"https:\/\/paper-checker.com\/wp-json\/wp\/v2\/pages"}],"about":[{"href":"https:\/\/paper-checker.com\/wp-json\/wp\/v2\/types\/page"}],"author":[{"embeddable":true,"href":"https:\/\/paper-checker.com\/wp-json\/wp\/v2\/users\/1"}],"replies":[{"embeddable":true,"href":"https:\/\/paper-checker.com\/wp-json\/wp\/v2\/comments?post=1173"}],"version-history":[{"count":5,"href":"https:\/\/paper-checker.com\/wp-json\/wp\/v2\/pages\/1173\/revisions"}],"predecessor-version":[{"id":2971,"href":"https:\/\/paper-checker.com\/wp-json\/wp\/v2\/pages\/1173\/revisions\/2971"}],"wp:attachment":[{"href":"https:\/\/paper-checker.com\/wp-json\/wp\/v2\/media?parent=1173"}],"curies":[{"name":"wp","href":"https:\/\/api.w.org\/{rel}","templated":true}]}}