{"id":1598,"date":"2024-12-24T11:01:58","date_gmt":"2024-12-24T11:01:58","guid":{"rendered":"https:\/\/paper-checker.com\/?page_id=1598"},"modified":"2024-12-24T11:39:05","modified_gmt":"2024-12-24T11:39:05","slug":"privacy-policy","status":"publish","type":"page","link":"https:\/\/paper-checker.com\/et\/privacy-policy\/","title":{"rendered":"Privaatspolitika"},"content":{"rendered":"<h2>Privaatspolitika<\/h2>\n<p>S\u00fcsteem-Tehnoloogia Online Hispaania SL., Calle Pintor P\u00e9rez Gil 2, b.46 03540, Alicante, Hispaania (\u201cmeie\u201d, \u201cme\u201d v\u00f5i \u201cmeie\u201d) toimib Paper-Checker.com veebilehega ja on teie isikliku andmete kontroller.<\/p>\n<p>Me sooviksime endale aega, mida kulutasite meie pakkumisi vaatamiseks ja teie huvis olema meie ettev\u00f5tte teenuste kohta. V\u00e4hemalt saate olla kindel, et me garanteerime ei avaldada isiklikke andmeid meie klientide kohta. K\u00f5ik liigid isiklikku informatsiooni, mida meie klientid pakuvad, on turvalised ja privaatseks. Meie ettev\u00f5tte teenused kasutades ei ole v\u00f5imalik misuse v\u00f5i kaotamine andmete detailide.<\/p>\n<p>Allole j\u00e4rgite meie klientidest kogutud andmete kohta t\u00e4psustusi.<\/p>\n<p>Koost\u00f6\u00f6d tehes vajame j\u00e4rgmisi detailseid:<\/p>\n<ul>\n<li>Meie klientid;<\/li>\n<li>Meie veebilehe k\u00fclastajad.<\/li>\n<\/ul>\n<p>Needil detailid, mis on kogutud veebiserverilt, h\u00f5lmavad:<\/p>\n<ul>\n<li>Veebisirvija t\u00fc\u00fcp;<\/li>\n<li>Veebilehele p\u00e4\u00e4sy p\u00e4ev ja kellaaeg;<\/li>\n<li>Operatsioonis\u00fcsteemi t\u00fc\u00fcp.<\/li>\n<\/ul>\n<p>Palun t\u00f5stke t\u00e4hele, et kokku kogutud teavet ei m\u00fc\u00fcdeta v\u00f5i jagata; see ei ole seotud mis tahes isiklikkuse avaldusega. Ainukaline selle andmete kogumise eesm\u00e4rk on veebisaidi sisu t\u00e4psustamine ja parandamine.<\/p>\n<p><strong>K\u00fcpsised<\/strong><\/p>\n<p>Paper-Checker.com veebilehed kasutavad faile, mis nimetatakas &#8220;k\u00fcpsised&#8221; &#8211; tekstifailid, mis on \u00fcle veebisirvijaga \u00fchendusega t\u00f5stetud arvuti s\u00fcsteemi.<\/p>\n<p>Need failid v\u00f5imaldavad meil pakuda kasutajale s\u00f5bralikku sisu, mis on nende veebilehele loodud.<\/p>\n<p>K\u00fcpsiste kogumine saab peatada, kui muudetakse nende veebisirvija seadeid. Juba m\u00e4\u00e4ratud k\u00fcpsised v\u00f5ivad kaaslase arvuti programmide v\u00f5i interneti kaudu eemaldada. Tuleb arvesse v\u00f5tta, et m\u00f5ned funktsioonid, mis pakutakse meie veebisaidil, saavad poleks k\u00e4ttesaadavad peale k\u00fcpsiste kogumise deaktiveerimist.<\/p>\n<p><strong>Ostuandmete kogumine<\/strong><\/p>\n<p>Paper-Checker.com kogub selleks isiklikke andmeid nagu nimi, telefoninumber, e-posti aadress, kodikondsus ja s\u00fcnnikuup\u00e4ev. Ainult efektiivse rakenduste t\u00f6\u00f6tlemiseks meie ressurs kaasarvab m\u00f5ned konfidentsiaalsed andmed, n\u00e4iteks krediitkaardi ja passi numbrid ning terveeluandmed, et saata need meile kindlustuspartneridele. Muul juhul Paper-Checker.com ei kogu v\u00f5i salvesta konfidentsiaalsed teavet.<\/p>\n<p><strong>\u00dcldteavete kogumine<\/strong><\/p>\n<p>Veebilehed, mis kuuluvad Paper-Checker.com v\u00f5rku, saavad koguda teavet j\u00e4rgmistest asjad:<\/p>\n<ul>\n<li>Veebiv\u00e4henduse t\u00fc\u00fcp;<\/li>\n<li>Kasutatud PC s\u00fcsteem;<\/li>\n<li>V\u00f5rguressurs, millelt meie veebilehele p\u00e4\u00e4setakse juurde;<\/li>\n<li>Alamveebilehed;<\/li>\n<li>Kuup\u00e4ev ja kellaaeg, millal meie veebilehte on lastudel;<\/li>\n<li>IP aadress;<\/li>\n<li>Vee pakkuja;<\/li>\n<li>Muud andmed, mis v\u00f5idaksid r\u00fcnnakutada meie IT s\u00fcsteeme.<\/li>\n<\/ul>\n<p>Eelnevalt mainitud teavet kasutatakse j\u00e4rgmiseks:<\/p>\n<ul>\n<li>Pakkuda meie sisu sobivalt;<\/li>\n<li>Parandada nii sisu kui ka seda, kuidas see reklameeritakse;<\/li>\n<li>Tagada tehnoloogiline v\u00f5imalus;<\/li>\n<\/ul>\n<p>Etteandmiseks v\u00f5imaldada autoritele teadlikkuse kogumist, mis on vajalikud s\u00fcberr\u00fcnnakute tappeluuringutega seotud. Kokku kantud faktid j\u00e4tkatakse \u00fclevaatamise eesm\u00e4rgil parandada nii meie ettev\u00f5tte kui ka klientide andmete turvalisust.<\/p>\n<p><strong>K\u00fcpsiste kasutamine<\/strong><\/p>\n<p>Meie poolt kasutatakse &#8216;k\u00fcpsiseid&#8217;, sest need v\u00f5imaldavad meil koguda statistikat k\u00fclastajate ja meie veebilehe kasutamise kohta. Samuti on see efektiivne navigeerimise loomise v\u00f5imalus.<\/p>\n<p><strong>Isikuandmete kogumine<\/strong><\/p>\n<p>Meie klientidele k\u00fcsitakse registreerumise k\u00e4igus j\u00e4rgmisi isikuandmeid:<\/p>\n<ul>\n<li>Nimi<\/li>\n<li>Kontakttelefoninumber<\/li>\n<li>E-post<\/li>\n<\/ul>\n<p>Seet\u00f5ttu on soovitatav tagantulekuna kindlaks teha kontaktandmete t\u00e4psus, sest see on garantii pakutavaid teenuste k\u00f5rge laaduse tagamine.<\/p>\n<p>Meie rakendus juurdeb Google&#8217;i kasutajate andmetele ainult p\u00e4rast kasutaja verifitseerimist. K\u00f5iki andmeid kasutatakse ainult plagiaatide tuvastamiseks, isikuandmete salvestamist v\u00f5i jagamist ei ole m\u00f5tet.<\/p>\n<p>Meie klientidele garanteerime, et nende isikliku andmete juurde p\u00e4\u00e4seb ainult meie firma personaalne kasutajad. Ei ole v\u00f5imalik neid teistele isiklile avaldada, jagada, m\u00fc\u00fca, avaldada v\u00f5i saata kolmandate osapooltega \u00fchiskasutamiseks. Sisestatud teksti plagiaatide tuvastamise t\u00f6\u00f6riistaga skannimine ei ole v\u00f5imalik teistele isiklile edastada v\u00f5i muude eesm\u00e4rkidega kasutada. Teie olete ainus selleks, et teksti originaalsuse kontrollimiseks on esitatud teksti omanik.<\/p>\n<p><strong>Veebi-tehingud<\/strong><\/p>\n<p>Meie veebi-tehingud kasutavad ainult turvalisi makseplatvorme, mis ei ole v\u00f5imalik teha informatsiooni avalikuks. M\u00f5nda korral p\u00f6\u00f6rdub Finantsi Abi meie klientidele identiteedi kinnitamiseks ja veebifraudide eestmistamiseks.<\/p>\n<p><strong>Kliendi \u00f5igused<\/strong><\/p>\n<p>Kliendi profiilist olevat informatsiooni saab kasutaja muuta, redigeerida, asendada v\u00f5i kustutada. Kui teie on vajadus m\u00e4\u00e4rata muudatusi v\u00f5i toetamiseks, siis paluge klientitoega \u00fchenduse v\u00f5tmiseks.<\/p>\n<p>Meid hinnatakse v\u00e4ga k\u00f5rgelt klientide eelistused meie plagiaati tuvastamise teenuste privaatseks kasutamise kohta ning redigeerimise\/parandamise\/proovilugemise v\u00f5imalusi. Teie isiklikku informatsiooni kasutatakse ainult ettev\u00f5tte sisemistes eesm\u00e4rkides. Meie teenuste kasutamine eeldab teie privaatspolitika ja reguleerimiste n\u00f5usolekut.<\/p>\n<p><strong>Google Drive&#8217;i ja konto teave<\/strong><\/p>\n<p>Meie ei kasuta teie Google Drives salvestatud informatsiooni isikliku kasutamiseks. Teie nimi, meiliaadress ja failide lingid ei salvestata automaatselt meie serveritele, v\u00e4lja arvatud juhul, kui te neid \u00fcles laadite meie rakenduse kaudu. Meie eesm\u00e4rk ei ole jagada teie faile v\u00f5i isiklikku informatsiooni kolmandate osapooltega. Meie ei muuda teie faile, v\u00e4lja arvatud juhul, kui te seda teete otse meie rakenduse kaudu v\u00f5i Google Drives.<\/p>\n<p>Kui valite oma meiega jagatud tekstifaili kustutamise, andmed eemaldatakse kohe meie serverist. Kuid failid ei kustutatakse teie Google Drivest.<\/p>\n<p>Teiste poolte jaoks saate meile ligip\u00e4\u00e4su teie Google Drive&#8217;i andmete juurde l\u00fckata isegi ajal. Meil on \u00f5igus keelata k\u00f5ik, kes proovib oma Google Drive&#8217;i juurde p\u00e4\u00e4semiseks meie rakendust.<\/p>\n<p>Meie veebileht p\u00e4\u00e4seb kasutajate Google Drive failide juurde, aga ainult lugemise \u00f5igusega (konkreetsemalt &#8220;https:\/\/www.googleapis.com\/auth\/drive.readonly&#8221; vahemikuga). Me salvestame kasutaja tekstifailide lihtteksti ainult nende failide jaoks. Kasutajal on v\u00f5imalus seda andmeid kustutada k\u00f5ige hiljem.<\/p>\n<p><strong>Google&#8217;i API teenuseleping<\/strong><\/p>\n<p>Paper-Checker.com&#8217;i kasutamine ja edastamine Google API&#8217;delt saadud andmete teise rakendusega n\u00f5rkus Google&#8217;i API teenuste kasutajate andmete poliisiga, sealhulgas Piiratud Kasutamise n\u00f5uetega.<\/p>\n<p><strong>GDPR vastavus isikuandmete s\u00e4ilitamisel ja kustutamisel<\/strong><\/p>\n<p>\u00dchtlasi \u00dcldise Andmete Kaitse Reguleeringiga (GDPR) n\u00f5uetega me oleme s\u00f5bralikult hoolduseks isikuandmete \u00f5iguste t\u00e4itmisel. Teenuse l\u00f5petamise v\u00f5i lepingu v\u00f5i asemelduse aegumisel on me kohustus tagasi anda v\u00f5i kustutada k\u00f5ik meil olevad isikuandmed, v\u00e4lja arvatud juhtumid, mis n\u00f5uavad andmete s\u00e4ilitamist seaduse poolt.<\/p>\n","protected":false},"excerpt":{"rendered":"<p>Privaatspolitika S\u00fcsteem-Tehnoloogia Online Hispaania SL., Calle Pintor P\u00e9rez Gil 2, b.46 03540, Alicante, Hispaania (&#8220;meie&#8221;, &#8220;me&#8221; v\u00f5i &#8220;meie&#8221;) toimib Paper-Checker.com veebilehega ja on teie isikliku andmete kontroller. Soovime t\u00e4pselt aega, mida kulutasite meie pakkumisi vaatamiseks ja teie huvis olema meie ettev\u00f5tte kohta, aegasti endale r\u00f5\u00f5mu teile anda..<\/p>\n","protected":false},"author":1,"featured_media":0,"parent":0,"menu_order":0,"comment_status":"closed","ping_status":"open","template":"","meta":{"_acf_changed":false,"_yoast_wpseo_title":"Privaatspolitika | Teie Andmed Olulised Paper-Checker'il","_yoast_wpseo_metadesc":"","_locale":"et","_original_post":"http:\/\/paper-checker.com.loc\/?page_id=3","iawp_total_views":1,"footnotes":""},"class_list":["post-1598","page","type-page","status-publish","hentry","et"],"acf":[],"yoast_head":"<!-- This site is optimized with the Yoast SEO plugin v27.4 - https:\/\/yoast.com\/product\/yoast-seo-wordpress\/ -->\n<title>Privaatspolitika | Teie Andmed Olulised Paper-Checker&#039;il<\/title>\n<meta name=\"robots\" content=\"noindex, nofollow\" \/>\n<meta property=\"og:locale\" content=\"et_EE\" \/>\n<meta property=\"og:type\" content=\"article\" \/>\n<meta property=\"og:title\" content=\"Privaatspolitika | Teie Andmed Olulised Paper-Checker&#039;il\" \/>\n<meta property=\"og:description\" content=\"Privaatspolitika S\u00fcsteem-Tehnoloogia Online Hispaania SL., Calle Pintor P\u00e9rez Gil 2, b.46 03540, Alicante, Hispaania (&#8220;meie&#8221;, &#8220;me&#8221; v\u00f5i &#8220;meie&#8221;) toimib Paper-Checker.com veebilehega ja on teie isikliku andmete kontroller. Soovime t\u00e4pselt aega, mida kulutasite meie pakkumisi vaatamiseks ja teie huvis olema meie ettev\u00f5tte kohta, aegasti endale r\u00f5\u00f5mu teile anda..\" \/>\n<meta property=\"og:url\" content=\"https:\/\/paper-checker.com\/et\/privacy-policy\/\" \/>\n<meta property=\"og:site_name\" content=\"Paper Checker\" \/>\n<meta property=\"article:modified_time\" content=\"2024-12-24T11:39:05+00:00\" \/>\n<meta property=\"og:image\" content=\"https:\/\/paper-checker.com\/wp-content\/uploads\/2024\/12\/home.jpg\" \/>\n\t<meta property=\"og:image:width\" content=\"1200\" \/>\n\t<meta property=\"og:image:height\" content=\"675\" \/>\n\t<meta property=\"og:image:type\" content=\"image\/jpeg\" \/>\n<meta name=\"twitter:card\" content=\"summary_large_image\" \/>\n<meta name=\"twitter:label1\" content=\"Est. reading time\" \/>\n\t<meta name=\"twitter:data1\" content=\"4 minutit\" \/>\n<!-- \/ Yoast SEO plugin. -->","yoast_head_json":{"title":"Privaatspolitika | Teie Andmed Olulised Paper-Checker'il","robots":{"index":"noindex","follow":"nofollow"},"og_locale":"et_EE","og_type":"article","og_title":"Privaatspolitika | Teie Andmed Olulised Paper-Checker'il","og_description":"Privaatspolitika S\u00fcsteem-Tehnoloogia Online Hispaania SL., Calle Pintor P\u00e9rez Gil 2, b.46 03540, Alicante, Hispaania (&#8220;meie&#8221;, &#8220;me&#8221; v\u00f5i &#8220;meie&#8221;) toimib Paper-Checker.com veebilehega ja on teie isikliku andmete kontroller. Soovime t\u00e4pselt aega, mida kulutasite meie pakkumisi vaatamiseks ja teie huvis olema meie ettev\u00f5tte kohta, aegasti endale r\u00f5\u00f5mu teile anda..","og_url":"https:\/\/paper-checker.com\/et\/privacy-policy\/","og_site_name":"Paper Checker","article_modified_time":"2024-12-24T11:39:05+00:00","og_image":[{"width":1200,"height":675,"url":"https:\/\/paper-checker.com\/wp-content\/uploads\/2024\/12\/home.jpg","type":"image\/jpeg"}],"twitter_card":"summary_large_image","twitter_misc":{"Est. reading time":"4 minutit"},"schema":{"@context":"https:\/\/schema.org","@graph":[{"@type":"WebPage","@id":"https:\/\/paper-checker.com\/et\/privacy-policy\/","url":"https:\/\/paper-checker.com\/et\/privacy-policy\/","name":"Privaatspolitika | Teie Andmed Olulised Paper-Checker'il","isPartOf":{"@id":"https:\/\/paper-checker.com\/#website"},"datePublished":"2024-12-24T11:01:58+00:00","dateModified":"2024-12-24T11:39:05+00:00","breadcrumb":{"@id":"https:\/\/paper-checker.com\/et\/privacy-policy\/#breadcrumb"},"inLanguage":"et","potentialAction":[{"@type":"ReadAction","target":["https:\/\/paper-checker.com\/et\/privacy-policy\/"]}]},{"@type":"BreadcrumbList","@id":"https:\/\/paper-checker.com\/et\/privacy-policy\/#breadcrumb","itemListElement":[{"@type":"ListItem","position":1,"name":"Home","item":"https:\/\/paper-checker.com\/et\/"},{"@type":"ListItem","position":2,"name":"Privaatspolitika"}]},{"@type":"WebSite","@id":"https:\/\/paper-checker.com\/#website","url":"https:\/\/paper-checker.com\/","name":"Paper Checker","description":"","publisher":{"@id":"https:\/\/paper-checker.com\/#organization"},"potentialAction":[{"@type":"SearchAction","target":{"@type":"EntryPoint","urlTemplate":"https:\/\/paper-checker.com\/?s={search_term_string}"},"query-input":{"@type":"PropertyValueSpecification","valueRequired":true,"valueName":"search_term_string"}}],"inLanguage":"et"},{"@type":"Organization","@id":"https:\/\/paper-checker.com\/#organization","name":"Paper Checker","url":"https:\/\/paper-checker.com\/","logo":{"@type":"ImageObject","inLanguage":"et","@id":"https:\/\/paper-checker.com\/#\/schema\/logo\/image\/","url":"https:\/\/paper-checker.com\/wp-content\/uploads\/2024\/12\/Group.png","contentUrl":"https:\/\/paper-checker.com\/wp-content\/uploads\/2024\/12\/Group.png","width":30,"height":30,"caption":"Paper Checker"},"image":{"@id":"https:\/\/paper-checker.com\/#\/schema\/logo\/image\/"}}]}},"_links":{"self":[{"href":"https:\/\/paper-checker.com\/wp-json\/wp\/v2\/pages\/1598","targetHints":{"allow":["GET"]}}],"collection":[{"href":"https:\/\/paper-checker.com\/wp-json\/wp\/v2\/pages"}],"about":[{"href":"https:\/\/paper-checker.com\/wp-json\/wp\/v2\/types\/page"}],"author":[{"embeddable":true,"href":"https:\/\/paper-checker.com\/wp-json\/wp\/v2\/users\/1"}],"replies":[{"embeddable":true,"href":"https:\/\/paper-checker.com\/wp-json\/wp\/v2\/comments?post=1598"}],"version-history":[{"count":1,"href":"https:\/\/paper-checker.com\/wp-json\/wp\/v2\/pages\/1598\/revisions"}],"predecessor-version":[{"id":1599,"href":"https:\/\/paper-checker.com\/wp-json\/wp\/v2\/pages\/1598\/revisions\/1599"}],"wp:attachment":[{"href":"https:\/\/paper-checker.com\/wp-json\/wp\/v2\/media?parent=1598"}],"curies":[{"name":"wp","href":"https:\/\/api.w.org\/{rel}","templated":true}]}}