{"id":1638,"date":"2024-12-24T11:45:06","date_gmt":"2024-12-24T11:45:06","guid":{"rendered":"https:\/\/paper-checker.com\/?page_id=1638"},"modified":"2024-12-24T11:45:06","modified_gmt":"2024-12-24T11:45:06","slug":"about-us","status":"publish","type":"page","link":"https:\/\/paper-checker.com\/et\/about-us\/","title":{"rendered":"Meist"},"content":{"rendered":"<div class=\"container\">\n<div class=\"row\">\n<div class=\"col col-12\">\n<div class=\"row page-title-row\">\n<div class=\"col col-12\">\n<h1>Meist<\/h1>\n<div class=\"subtitle\">Originaalsust ja Integriteeti Algatamine<\/div>\n<\/div>\n<\/div>\n<div class=\"row row-welcome\">\n<div class=\"col col-12 col-sm-12 col-md-6\">\n<h2>Tervitus Paper-Checker.com&#8217;ile, teie usaldusv\u00e4\u00e4rne partner sisu autentsuses<\/h2>\n<\/div>\n<div class=\"col col-12 col-sm-12 col-md-6\">\n<p>Meid on spetsialiseerunud t\u00e4piline plaagiaatide tuvastamise ja AI sisu kontrollimise teenused ning oleme selleks, et pakkida t\u00e4psed, kiirendad ja usaldusv\u00e4\u00e4rsed lahendused. Kui olete \u00f5pilane akadeemilise edukuse teel, hariduslik integreerimise edendamisel, kirjutaja originaalsuste loomisel v\u00f5i professionaalne k\u00f5rgelt\u00e4htliku taseme ettepaneku, me toetame teie autentsuses.<\/p>\n<\/div>\n<\/div>\n<div class=\"container-narrow\">\n<div class=\"row row-our-mission\">\n<div class=\"col col-12 hidden-sm hidden-xs col-sm-12 col-md-5 col-lg-6\"><img alt=\"puudu\" class=\"missing-img\" decoding=\"async\" src=\"\/wp-content\/themes\/main\/images\/missing-img.png\"\/><\/div>\n<div class=\"col col-12 col-sm-12 col-md-7 col-lg-6\">\n<div class=\"missing-content\">\n<div class=\"title\">Meie missioon on selge:<\/div>\n<div class=\"missing-item\">\n<div class=\"number\">01<\/div>\n<div class=\"text\"><strong>Akadeemilise Integriteedi Algatamine:<\/strong> Me oleme k\u00f5rgelt\u00e4htliku autentsuse tugevustamisel k\u00f5igis sisu loomisaladel.<\/div>\n<\/div>\n<div class=\"missing-item\">\n<div class=\"number\">02<\/div>\n<div class=\"text\"><strong>Originaalsust Edendamine:<\/strong> Meie tegevusp\u00f5hil on originaalsuse edendamine ja selle tootmine.<\/div>\n<\/div>\n<div class=\"missing-item\">\n<div class=\"number\">03<\/div>\n<div class=\"text\"><strong>Plaagiaati Vastu:<\/strong> Me aktiivselt v\u00f5imeleb plaagiaatidega ja eetilisemate AI sisu kasutamise vastu.<\/div>\n<\/div>\n<div class=\"missing-item\">\n<div class=\"number\">04<\/div>\n<div class=\"text\"><strong>Integreerimise ja Inovaatsiooni Kultuuri Edendamine:<\/strong> Meie eesm\u00e4rk on edendada keskkonnas, kus integreeritus ja lootsusele v\u00f5imaldavad.<\/div>\n<\/div>\n<\/div>\n<\/div>\n<\/div>\n<div class=\"dark-info\">\n<div class=\"text\" style=\"max-width: 620px;\"><span class=\"grey-text\">Meie peat\u00fckid \u2014<\/span> integreeritus, inovaatsioon, k\u00f5rgelt\u00e4htlikkus ja kasutajatekeskeksus <span class=\"grey-text\">\u2014 juhivad meid teid toetma teie eesm\u00e4rki<\/span> autentsusega ja etilisest t\u00f6\u00f6ga.<\/div>\n<\/div>\n<div class=\"row foundation-row\">\n<div class=\"col col-12\">\n<h2 class=\"title-foundation\">Meie Alus <img alt=\"ikoon\" decoding=\"async\" src=\"\/wp-content\/themes\/main\/images\/foundation-icon.png\"\/><span class=\"site-name\">PlagiarismSearch <span class=\"grey-text\">.com<\/span><\/span><\/h2>\n<p>Paper-Checker.com on h\u00f5ivatud olla PlagiarismSearch.com laiendusena, tuntud plaagiaati tuvastamise sektori juuresolevate aastate kogumisega. Selle kuulmuse alusel on meie teenused laiendatud kaasas oma AI sisu tuvastamise tehnoloogiaga, mis pakub originaalsust kontrollimise \u00fchek\u00f5lbese lahenduse.<\/p>\n<p>Meie taga on PlagiarismSearch.com-i ekspertise ja nimekirja, mis pakub usalduvat platvormi, mis kombineerib t\u00f5stetud usaldusv\u00f5imet ja inovaatiivset tehnoloogiat. Meie tiim koosneb sellel, kes on originaalsust edendamisest huvitatud ja ekspeeriendiga klienditeenindusega tugevad. Oleme alati teid abi all, et tagaandmine oleks teie teel mugav ja l\u00f5imu.<\/p>\n<\/div>\n<\/div>\n<\/div>\n<\/div>\n<\/div>\n<\/div>\n<div class=\"our-features\">\n<div class=\"container container-narrow\">\n<div class=\"row our-features-row\">\n<div class=\"col col-12 col-md-6 col-lg-6\">\n<div class=\"green-top-subtitle\">Meie Eelised<\/div>\n<h2>Korrap\u00e4rastatud Lahendused Globaalsest Kliendikogust<\/h2>\n<div class=\"subtitle\">Me pakume v\u00f5imatu t\u00e4psuse kopeeritud v\u00f5i AI-genereeritud sisu tuvastamisel, kasutades soodusate algoritme ja laiendatud andmebaase.<\/div>\n<\/div>\n<div class=\"col col-12 col-md-6 col-lg-6\">\n<div class=\"features-list-title\">Meie kasutajatele m\u00f5eldud platvormi eelised:<\/div>\n<div class=\"our-features-list\">\n<div class=\"our-features-item\">\n<div class=\"our-features-icon\"><img alt=\"ikoon\" decoding=\"async\" src=\"\/wp-content\/themes\/main\/images\/our-feature-icon1.png\"\/><\/div>\n<div class=\"text\"><strong>Intuitiivne Liides:<\/strong> Liikuge h\u00f5lpsalt ja saada tulemused kiiresti.<\/div>\n<\/div>\n<div class=\"our-features-item\">\n<div class=\"our-features-icon\"><img alt=\"ikoon\" decoding=\"async\" src=\"\/wp-content\/themes\/main\/images\/our-feature-icon2.png\"\/><\/div>\n<div class=\"text\"><strong>Reaalajalised Tulemused:<\/strong> Saada kohe tagasiside oma sisu originaalsust.<\/div>\n<\/div>\n<div class=\"our-features-item\">\n<div class=\"our-features-icon\"><img alt=\"ikoon\" decoding=\"async\" src=\"\/wp-content\/themes\/main\/images\/our-feature-icon3.png\"\/><\/div>\n<div class=\"text\"><strong>\u00dcksikasjad:<\/strong> Saada \u00fclevaate, et m\u00f5ista ja paranda oma t\u00f6\u00f6d.<\/div>\n<\/div>\n<div class=\"our-features-item\">\n<div class=\"our-features-icon\"><img alt=\"ikoon\" decoding=\"async\" src=\"\/wp-content\/themes\/main\/images\/our-feature-icon4.png\"\/><\/div>\n<div class=\"text\"><strong>Mitmekeelne Toetus:<\/strong> Me pakume globaalsete klienditele, toetades mitu keelt erinevate vajaduste t\u00e4itmiseks.<\/div>\n<\/div>\n<\/div>\n<\/div>\n<\/div>\n<div class=\"row\">\n<div class=\"col col-12\">\n<div class=\"tailored-services\">\n<div class=\"t-services-row first-row\">\n<div class=\"t-services-item t1\">\n<div class=\"t-services-content\">\n<div class=\"icon\"><\/div>\n<div class=\"title\">\u00d5pilased ja \u00f5petajad<\/div>\n<div class=\"text\">Akadeemilise eesm\u00e4rgiga ja usaldusv\u00f5ime tagamine<\/div>\n<\/div>\n<\/div>\n<div class=\"t-services-item white-item t2\">\n<div class=\"t-services-content\">\n<div class=\"green-top-subtitle\">Lahendused<\/div>\n<div class=\"text\">\n<h2>Me pakume kohandatud teenuseid:<\/h2>\n<\/div>\n<\/div>\n<\/div>\n<\/div>\n<div class=\"t-services-row\">\n<div class=\"t-services-item t3\">\n<div class=\"t-services-content\">\n<div class=\"icon\"><\/div>\n<div class=\"title\">Kirjutajad ja avaldajad<\/div>\n<div class=\"text\">Originaalsuse tagamine k\u00f5ikides publikatsioonides<\/div>\n<\/div>\n<\/div>\n<div class=\"t-services-item t4\">\n<div class=\"t-services-content\">\n<div class=\"icon\"><\/div>\n<div class=\"title\">Ettev\u00f5tlused<\/div>\n<div class=\"text\">Brandi integriteedi ja sisu autentsuses hoidmine<\/div>\n<\/div>\n<\/div>\n<\/div>\n<\/div>\n<\/div>\n<\/div>\n<\/div>\n<\/div>\n<div class=\"container\">\n<div class=\"container-narrow-2\">\n<div class=\"row collaborating-text\">\n<div class=\"col col-12\">\n<h2 class=\"narrow-title\">Integriteedi kultuuri eesm\u00e4rgil koost\u00f6\u00f6<\/h2>\n<div class=\"subtitle\">Me teeme aktiivselt \u00fchendust haridusinstituutide, avaldajate ja organisatsioonidega, et edendada akadeemilist eesm\u00e4rgiga ja v\u00f5ita plagiaadi vastu.<\/div>\n<p>Koost\u00f6\u00f6tav PlagiarismSearch.com-ga me osaleb initsiatiivides hariduslikkuse t\u00f5stmiseks ja teadaandmete loomiseks originaalsuse ja etikaalse sisu loomise t\u00e4htsuses. Sellel koost\u00f6\u00f6l osalesemine aitab luua kogukonda, mis hoolitsub k\u00f5rgeimate eesm\u00e4rkidega usaldusv\u00e4\u00e4rsete ja inovaatsiooniga.<\/p>\n<\/div>\n<\/div>\n<div class=\"row join-us\">\n<div class=\"col col-12 col-md-6 col-lg-6\">\n<div class=\"join-us-content\">\n<h3 class=\"join-us-title\">Liige meiega originaalsuse edendamisel<\/h3>\n<div class=\"subtitle\">Paper-Checker.com&#8217;il on me enam kui teenuste pakkuja &#8211; me oleme kommuunikatsioon, mis on eesm\u00e4rgitud usaldusv\u00e4\u00e4rsuse ja eksimise t\u00f5ttu. Me kutsume sind liituma meiega originaalsuse edendamisel:<\/div>\n<p>Kasvata oma teadmisi: <button class=\"btn-blue-gradient log-in-btn\">Registreeri<\/button> <span class=\"blue-text upper-text\">t\u00f5lge t\u00e4htaegselt<\/span> ja avastage, mis vahe on meie teenustes sinu t\u00f6\u00f6ga.<\/p>\n<p>Sinu autentsusesse otsimine on meie prioriteet. Usalda meie eksperise; kokku, lohistame kultuuri, kus originaalsuse ja usaldusv\u00e4\u00e4rsus elavad.<\/p>\n<\/div>\n<\/div>\n<div class=\"col col-12 col-md-6 col-lg-6\">\n<div class=\"get-touch\">\n<div class=\"get-touch-title\">V\u00f5ta \u00fchendust<\/div>\n<div class=\"get-touch-item\"><img alt=\"ikoon\" decoding=\"async\" src=\"\/wp-content\/themes\/main\/images\/email_icon.svg\"\/><\/p>\n<div class=\"text-part\">\n<div class=\"title\">\u00dchenduse v\u00f5tmine:<\/div>\n<div class=\"text\">K\u00fcsimused v\u00f5i abi vajadus? V\u00f5ta \u00fchendust <a href=\"mailto:support@paper-checker.com\">support@paper-checker.com<\/a>. Me oleme siin, et aidata.<\/div>\n<\/div>\n<\/div>\n<div class=\"get-touch-item\"><img alt=\"ikoon\" decoding=\"async\" src=\"\/wp-content\/themes\/main\/images\/social_icon.svg\"\/><\/p>\n<div class=\"text-part\">\n<div class=\"title\">Ole informeeritud<\/div>\n<div class=\"text\">J\u00e4rgi meid sotsiaalmeedia kanalitel, et olla ajaline viimasate uudiste ja anal\u00fc\u00fcsidega:<\/div>\n<div class=\"social-buttons-part\"><a href=\"https:\/\/www.linkedin.com\/company\/plagiarismsearch\/\" target=\"_blank\"><img alt=\"ikoon\" decoding=\"async\" src=\"\/wp-content\/themes\/main\/images\/linkedin-icon.svg\"\/><\/a><a href=\"https:\/\/x.com\/AuthenticPapers\" target=\"_blank\"><img alt=\"ikoon\" decoding=\"async\" src=\"\/wp-content\/themes\/main\/images\/x-icon.svg\"\/><\/a><a href=\"https:\/\/www.youtube.com\/@plagiarismsearch5119\" target=\"_blank\"><img alt=\"ikoon\" decoding=\"async\" src=\"\/wp-content\/themes\/main\/images\/youtube-icon-white-bg.svg\" style=\"width:30px;margin-right: -4px;margin-left: -2px;margin-top: -6px;\"\/><\/a><a href=\"https:\/\/www.instagram.com\/plagiarismsearch\/\" target=\"_blank\"><img alt=\"ikoon\" decoding=\"async\" src=\"\/wp-content\/themes\/main\/images\/instagram-icon-white.svg\" style=\"width:24px;height:auto;margin-top:-3px;\"\/><\/a><\/div>\n<\/div>\n<\/div>\n<\/div>\n<\/div>\n<\/div>\n<\/div>\n<\/div>\n","protected":false},"excerpt":{"rendered":"<p>Meist Algatame Originaalsust ja Integriteeti Tervitus Paper-Checker.com&#8217;ile, teie usalduseksik partner plaagiaatsi autentsuses &#8211; Paper-Checker.com on teie usaldusv\u00e4\u00e4rne partner sisu autentsuses. Meid on spetsialiseerunud t\u00e4piline plaagiaatide tuvastamise ja AI sisu kontrollimise teenused ning oleme selleks, et pakkida t\u00e4psed, kiirendad ja usaldusv\u00e4\u00e4rsed lahendused. Kui olete \u00f5pilane akadeemilise edukuse teel, hariduslik integreerimise edendamisel, kirjutaja originaalsuste loomisel v\u00f5i kirjanduses.<\/p>\n","protected":false},"author":1,"featured_media":0,"parent":0,"menu_order":0,"comment_status":"closed","ping_status":"closed","template":"","meta":{"_acf_changed":false,"_yoast_wpseo_title":"Meist | Paper-Checker.com","_yoast_wpseo_metadesc":"Tutvu Paper-Checker.com koos, meie missiooniga, v\u00e4\u00e4rtuste ja t\u00e4iustatud teenustega.","_locale":"et","_original_post":"http:\/\/paper-checker.com.loc\/?page_id=10","iawp_total_views":5,"footnotes":""},"class_list":["post-1638","page","type-page","status-publish","hentry","et"],"acf":[],"yoast_head":"<!-- This site is optimized with the Yoast SEO plugin v27.4 - https:\/\/yoast.com\/product\/yoast-seo-wordpress\/ -->\n<title>Meist | Paper-Checker.com<\/title>\n<meta name=\"description\" content=\"Tutvu Paper-Checker.com koos, meie missiooniga, v\u00e4\u00e4rtuste ja t\u00e4iustatud teenustega.\" \/>\n<meta name=\"robots\" content=\"index, follow, max-snippet:-1, max-image-preview:large, max-video-preview:-1\" \/>\n<link rel=\"canonical\" href=\"https:\/\/paper-checker.com\/et\/about-us\/\" \/>\n<meta property=\"og:locale\" content=\"et_EE\" \/>\n<meta property=\"og:type\" content=\"article\" \/>\n<meta property=\"og:title\" content=\"Meist | Paper-Checker.com\" \/>\n<meta property=\"og:description\" content=\"Tutvu Paper-Checker.com koos, meie missiooniga, v\u00e4\u00e4rtuste ja t\u00e4iustatud teenustega.\" \/>\n<meta property=\"og:url\" content=\"https:\/\/paper-checker.com\/et\/about-us\/\" \/>\n<meta property=\"og:site_name\" content=\"Paper Checker\" \/>\n<meta property=\"og:image\" content=\"https:\/\/paper-checker.com\/wp-content\/uploads\/2024\/12\/home.jpg\" \/>\n\t<meta property=\"og:image:width\" content=\"1200\" \/>\n\t<meta property=\"og:image:height\" content=\"675\" \/>\n\t<meta property=\"og:image:type\" content=\"image\/jpeg\" \/>\n<meta name=\"twitter:card\" content=\"summary_large_image\" \/>\n<meta name=\"twitter:label1\" content=\"Est. reading time\" \/>\n\t<meta name=\"twitter:data1\" content=\"5 minutit\" \/>\n<!-- \/ Yoast SEO plugin. -->","yoast_head_json":{"title":"Meist | Paper-Checker.com","description":"Tutvu Paper-Checker.com koos, meie missiooniga, v\u00e4\u00e4rtuste ja t\u00e4iustatud teenustega.","robots":{"index":"index","follow":"follow","max-snippet":"max-snippet:-1","max-image-preview":"max-image-preview:large","max-video-preview":"max-video-preview:-1"},"canonical":"https:\/\/paper-checker.com\/et\/about-us\/","og_locale":"et_EE","og_type":"article","og_title":"Meist | Paper-Checker.com","og_description":"Tutvu Paper-Checker.com koos, meie missiooniga, v\u00e4\u00e4rtuste ja t\u00e4iustatud teenustega.","og_url":"https:\/\/paper-checker.com\/et\/about-us\/","og_site_name":"Paper Checker","og_image":[{"width":1200,"height":675,"url":"https:\/\/paper-checker.com\/wp-content\/uploads\/2024\/12\/home.jpg","type":"image\/jpeg"}],"twitter_card":"summary_large_image","twitter_misc":{"Est. reading time":"5 minutit"},"schema":{"@context":"https:\/\/schema.org","@graph":[{"@type":"WebPage","@id":"https:\/\/paper-checker.com\/et\/about-us\/","url":"https:\/\/paper-checker.com\/et\/about-us\/","name":"Meist | Paper-Checker.com","isPartOf":{"@id":"https:\/\/paper-checker.com\/#website"},"datePublished":"2024-12-24T11:45:06+00:00","description":"Tutvu Paper-Checker.com koos, meie missiooniga, v\u00e4\u00e4rtuste ja t\u00e4iustatud teenustega.","breadcrumb":{"@id":"https:\/\/paper-checker.com\/et\/about-us\/#breadcrumb"},"inLanguage":"et","potentialAction":[{"@type":"ReadAction","target":["https:\/\/paper-checker.com\/et\/about-us\/"]}]},{"@type":"BreadcrumbList","@id":"https:\/\/paper-checker.com\/et\/about-us\/#breadcrumb","itemListElement":[{"@type":"ListItem","position":1,"name":"Home","item":"https:\/\/paper-checker.com\/et\/"},{"@type":"ListItem","position":2,"name":"Meist"}]},{"@type":"WebSite","@id":"https:\/\/paper-checker.com\/#website","url":"https:\/\/paper-checker.com\/","name":"Paper Checker","description":"","publisher":{"@id":"https:\/\/paper-checker.com\/#organization"},"potentialAction":[{"@type":"SearchAction","target":{"@type":"EntryPoint","urlTemplate":"https:\/\/paper-checker.com\/?s={search_term_string}"},"query-input":{"@type":"PropertyValueSpecification","valueRequired":true,"valueName":"search_term_string"}}],"inLanguage":"et"},{"@type":"Organization","@id":"https:\/\/paper-checker.com\/#organization","name":"Paper Checker","url":"https:\/\/paper-checker.com\/","logo":{"@type":"ImageObject","inLanguage":"et","@id":"https:\/\/paper-checker.com\/#\/schema\/logo\/image\/","url":"https:\/\/paper-checker.com\/wp-content\/uploads\/2024\/12\/Group.png","contentUrl":"https:\/\/paper-checker.com\/wp-content\/uploads\/2024\/12\/Group.png","width":30,"height":30,"caption":"Paper Checker"},"image":{"@id":"https:\/\/paper-checker.com\/#\/schema\/logo\/image\/"}}]}},"_links":{"self":[{"href":"https:\/\/paper-checker.com\/wp-json\/wp\/v2\/pages\/1638","targetHints":{"allow":["GET"]}}],"collection":[{"href":"https:\/\/paper-checker.com\/wp-json\/wp\/v2\/pages"}],"about":[{"href":"https:\/\/paper-checker.com\/wp-json\/wp\/v2\/types\/page"}],"author":[{"embeddable":true,"href":"https:\/\/paper-checker.com\/wp-json\/wp\/v2\/users\/1"}],"replies":[{"embeddable":true,"href":"https:\/\/paper-checker.com\/wp-json\/wp\/v2\/comments?post=1638"}],"version-history":[{"count":1,"href":"https:\/\/paper-checker.com\/wp-json\/wp\/v2\/pages\/1638\/revisions"}],"predecessor-version":[{"id":1639,"href":"https:\/\/paper-checker.com\/wp-json\/wp\/v2\/pages\/1638\/revisions\/1639"}],"wp:attachment":[{"href":"https:\/\/paper-checker.com\/wp-json\/wp\/v2\/media?parent=1638"}],"curies":[{"name":"wp","href":"https:\/\/api.w.org\/{rel}","templated":true}]}}