{"id":1656,"date":"2024-12-24T11:48:48","date_gmt":"2024-12-24T11:48:48","guid":{"rendered":"https:\/\/paper-checker.com\/?page_id=1656"},"modified":"2024-12-24T11:48:48","modified_gmt":"2024-12-24T11:48:48","slug":"contacts","status":"publish","type":"page","link":"https:\/\/paper-checker.com\/et\/contacts\/","title":{"rendered":"Kontakt"},"content":{"rendered":"<p>\u00a0<\/p>\n<div class=\"row page-title-row\">\n<div class=\"col col-12\">\n<h1>V\u00f5ta meiega \u00fchendust<\/h1>\n<div class=\"subtitle\">Me oleme siin, et aidata!<\/div>\n<p class=\"contacts-subtitle-text\">Kui teil on k\u00fcsimusi meie plagiaadi ja tehisintellektsi tuvastamise teenuste kohta, vajate abi v\u00f5i soovite tagasiside anda, palun \u00e4ra ennista \u00fchenduse v\u00f5tmisest.<\/p>\n<\/div>\n<\/div>\n<div class=\"row row-contact-us\">\n<div class=\"col col-12 col-sm-12 col-md-6 col-lg-5\">\n<div class=\"get-touch get-touch-contacts\">\n<div class=\"get-touch-title\">V\u00f5ta \u00fchendust<\/div>\n<div class=\"get-touch-item\">\n<p><img alt=\"ikoon\" class=\"touch-img\" decoding=\"async\" src=\"\/wp-content\/themes\/main\/images\/touch_address_icon.svg\"\/><\/p>\n<div class=\"text-part\">\n<div class=\"title\">Aadress<\/div>\n<div class=\"text\">Calle Pintor P\u00e9rez Gil 2, b.46 03540, Alicante, Hispaania<\/div>\n<\/div>\n<\/div>\n<div class=\"get-touch-item\">\n<p><img alt=\"ikoon\" class=\"touch-img\" decoding=\"async\" src=\"\/wp-content\/themes\/main\/images\/touch_phone_icon.svg\"\/><\/p>\n<div class=\"text-part\">\n<div class=\"title\">Telefon<\/div>\n<div class=\"text\"><a class=\"phone\" href=\"tel:+1(888)892-5809\">+1(888)892-5809<\/a><\/div>\n<\/div>\n<\/div>\n<div class=\"get-touch-item\">\n<p><img alt=\"ikoon\" class=\"touch-img\" decoding=\"async\" src=\"\/wp-content\/themes\/main\/images\/touch_mail_icon.svg\"\/><\/p>\n<div class=\"text-part\">\n<div class=\"title\">E-post<\/div>\n<div class=\"text\"><a href=\"mailto:support@paper-checker.com\">support@paper-checker.com<\/a><\/div>\n<\/div>\n<\/div>\n<div class=\"get-touch-title bottom-part\">\n<p>Sotsiaalne<\/p>\n<div class=\"social-buttons-part\"><a><img alt=\"ikoon\" decoding=\"async\" src=\"\/wp-content\/themes\/main\/images\/linkedin-icon-white.svg\"\/><\/a><a><img alt=\"ikoon\" decoding=\"async\" src=\"\/wp-content\/themes\/main\/images\/x-icon-white.svg\"\/><\/a><a href=\"https:\/\/www.youtube.com\/@plagiarismsearch5119\" target=\"_blank\"><img alt=\"ikoon\" decoding=\"async\" src=\"\/wp-content\/themes\/main\/images\/youtube-icon-white-bg.svg\" style=\"width:30px;margin-right:-6px;margin-left:-3px;\"\/><\/a><a href=\"https:\/\/www.instagram.com\/plagiarismsearch\/\" target=\"_blank\"><img alt=\"ikoon\" decoding=\"async\" src=\"\/wp-content\/themes\/main\/images\/instagram-icon-white.svg\" style=\"width:24px;height:auto;\"\/><\/a><\/div>\n<\/div>\n<\/div>\n<\/div>\n<div class=\"col col-12 col-sm-12 col-md-6 col-lg-7\">\n<div class=\"contact-form-wrapper\">\n<p><span class=\"semibold\">V\u00f5i t\u00e4ida lihtsalt allolev vorm ja me p\u00f6\u00f6rame teile l\u00fchiajaliselt tagasi.<\/span><\/p>\n<div class=\"contact-us-form\">\n<div class=\"wpcf7 no-js\" data-wpcf7-id=\"23\" dir=\"ltr\" id=\"wpcf7-f23-o1\" lang=\"en-US\">\n<div class=\"screen-reader-response\">\n<p aria-atomic=\"true\" aria-live=\"polite\" role=\"status\">\n<ul><\/ul>\n<\/div>\n<form action=\"\/wp-json\/wp\/v2\/pages?status=publish&amp;per_page=20&amp;page=1&amp;orderby=date&amp;order=asc#wpcf7-f23-o1\" aria-label=\"Contact form\" class=\"wpcf7-form init\" data-status=\"init\" method=\"post\" novalidate=\"novalidate\">\n<div style=\"display: none;\">\n<input name=\"_wpcf7\" type=\"hidden\" value=\"23\"\/><br \/>\n<input name=\"_wpcf7_version\" type=\"hidden\" value=\"6.0.2\"\/><br \/>\n<input name=\"_wpcf7_locale\" type=\"hidden\" value=\"et_EE\"\/><br \/>\n<input name=\"_wpcf7_unit_tag\" type=\"hidden\" value=\"wpcf7-f23-o1\"\/><br \/>\n<input name=\"_wpcf7_container_post\" type=\"hidden\" value=\"0\"\/><br \/>\n<input name=\"_wpcf7_posted_data_hash\" type=\"hidden\" value=\"\"\/>\n<\/div>\n<div class=\"row line-flex\">\n<div class=\"col col-12 col-sm-6 col-md-12 col-lg-6\">\n<p><label>Sinu nimi <\/label><span class=\"wpcf7-form-control-wrap\" data-name=\"your-name\"><input aria-invalid=\"false\" aria-required=\"true\" autocomplete=\"name\" class=\"wpcf7-form-control wpcf7-text wpcf7-validates-as-required\" maxlength=\"400\" name=\"your-name\" size=\"40\" type=\"text\" value=\"\"\/><\/span>\n<\/p>\n<\/div>\n<div class=\"col col-12 col-sm-6 col-md-12 col-lg-6\">\n<p><label>Sinu e-posti aadress<\/label><span class=\"wpcf7-form-control-wrap\" data-name=\"your-email\"><input aria-invalid=\"false\" aria-required=\"true\" autocomplete=\"email\" class=\"wpcf7-form-control wpcf7-email wpcf7-validates-as-required wpcf7-text wpcf7-validates-as-email\" maxlength=\"400\" name=\"your-email\" size=\"40\" type=\"email\" value=\"\"\/><\/span>\n<\/p>\n<\/div>\n<\/div>\n<div class=\"row\">\n<div class=\"col col-12 col-sm-12\">\n<p><label>Teema<\/label><span class=\"wpcf7-form-control-wrap\" data-name=\"your-subject\"><input aria-invalid=\"false\" aria-required=\"true\" class=\"wpcf7-form-control wpcf7-text wpcf7-validates-as-required\" maxlength=\"400\" name=\"your-subject\" size=\"40\" type=\"text\" value=\"\"\/><\/span>\n<\/p>\n<\/div>\n<\/div>\n<div class=\"row\">\n<div class=\"col col-12 col-sm-12\">\n<\/div>\n<p><label>Sinu s\u00f5num (valikuline)<\/label><span class=\"wpcf7-form-control-wrap\" data-name=\"your-message\"><textarea aria-invalid=\"false\" class=\"wpcf7-form-control wpcf7-textarea\" cols=\"40\" maxlength=\"2000\" name=\"your-message\" rows=\"10\"><\/textarea><\/span>\n<\/p>\n<\/div>\n<div class=\"row center\">\n<div class=\"col col-12 col-sm-12 col-submit\">\n<p><input class=\"wpcf77-form-control wpcf7-submit has-spinner\" type=\"submit\" value=\"Saada\"\/><\/p>\n<\/div>\n<\/div>\n<div aria-hidden=\"true\" class=\"wpcf7-response-output\"><\/div>\n<\/form>\n<\/div>\n<div class=\"grey-text center\">Ootame teiega \u00fchendust v\u00f5tmiseks!<\/div>\n<\/div>\n<\/div>\n<\/div>\n<\/div>\n","protected":false},"excerpt":{"rendered":"<p>&nbsp; V\u00f5ta meiega \u00fchendust Me oleme siin, et aidata! Kui teil on k\u00fcsimusi meie plagiaadi ja tehisintellektsi tuvastamise teenuste kohta, vajate abi v\u00f5i soovite tagasiside anda, palun \u00e4ra ennista \u00fchenduse v\u00f5tmisest. V\u00f5ta \u00fchendust Aadress Calle Pintor P\u00e9rez Gil 2, b.46 03540, Alicante, Hispaania Telefon +1(888)892-5809 E-post support@paper-checker.com Sotsiaalne v\u00f5i t\u00e4ida lihtsalt vorm.<\/p>\n","protected":false},"author":1,"featured_media":0,"parent":0,"menu_order":0,"comment_status":"closed","ping_status":"closed","template":"","meta":{"_acf_changed":false,"_yoast_wpseo_title":"V\u00f5ta meiega \u00fchendust | Paper-Checker.com","_yoast_wpseo_metadesc":"V\u00f5ta \u00fchendust Paper-Checker.com'ga tugi, k\u00fcsimused v\u00f5i tagasiside saamiseks.","_locale":"et","_original_post":"http:\/\/paper-checker.com.loc\/?page_id=15","iawp_total_views":2,"footnotes":""},"class_list":["post-1656","page","type-page","status-publish","hentry","et"],"acf":[],"yoast_head":"<!-- This site is optimized with the Yoast SEO plugin v27.4 - https:\/\/yoast.com\/product\/yoast-seo-wordpress\/ -->\n<title>V\u00f5ta meiega \u00fchendust | Paper-Checker.com<\/title>\n<meta name=\"description\" content=\"V\u00f5ta \u00fchendust Paper-Checker.com&#039;ga tugi, k\u00fcsimused v\u00f5i tagasiside saamiseks.\" \/>\n<meta name=\"robots\" content=\"index, follow, max-snippet:-1, max-image-preview:large, max-video-preview:-1\" \/>\n<link rel=\"canonical\" href=\"https:\/\/paper-checker.com\/et\/contacts\/\" \/>\n<meta property=\"og:locale\" content=\"et_EE\" \/>\n<meta property=\"og:type\" content=\"article\" \/>\n<meta property=\"og:title\" content=\"V\u00f5ta meiega \u00fchendust | Paper-Checker.com\" \/>\n<meta property=\"og:description\" content=\"V\u00f5ta \u00fchendust Paper-Checker.com&#039;ga tugi, k\u00fcsimused v\u00f5i tagasiside saamiseks.\" \/>\n<meta property=\"og:url\" content=\"https:\/\/paper-checker.com\/et\/contacts\/\" \/>\n<meta property=\"og:site_name\" content=\"Paper Checker\" \/>\n<meta property=\"og:image\" content=\"https:\/\/paper-checker.com\/wp-content\/uploads\/2024\/12\/home.jpg\" \/>\n\t<meta property=\"og:image:width\" content=\"1200\" \/>\n\t<meta property=\"og:image:height\" content=\"675\" \/>\n\t<meta property=\"og:image:type\" content=\"image\/jpeg\" \/>\n<meta name=\"twitter:card\" content=\"summary_large_image\" \/>\n<meta name=\"twitter:label1\" content=\"Est. reading time\" \/>\n\t<meta name=\"twitter:data1\" content=\"2 minutit\" \/>\n<!-- \/ Yoast SEO plugin. -->","yoast_head_json":{"title":"V\u00f5ta meiega \u00fchendust | Paper-Checker.com","description":"V\u00f5ta \u00fchendust Paper-Checker.com'ga tugi, k\u00fcsimused v\u00f5i tagasiside saamiseks.","robots":{"index":"index","follow":"follow","max-snippet":"max-snippet:-1","max-image-preview":"max-image-preview:large","max-video-preview":"max-video-preview:-1"},"canonical":"https:\/\/paper-checker.com\/et\/contacts\/","og_locale":"et_EE","og_type":"article","og_title":"V\u00f5ta meiega \u00fchendust | Paper-Checker.com","og_description":"V\u00f5ta \u00fchendust Paper-Checker.com'ga tugi, k\u00fcsimused v\u00f5i tagasiside saamiseks.","og_url":"https:\/\/paper-checker.com\/et\/contacts\/","og_site_name":"Paper Checker","og_image":[{"width":1200,"height":675,"url":"https:\/\/paper-checker.com\/wp-content\/uploads\/2024\/12\/home.jpg","type":"image\/jpeg"}],"twitter_card":"summary_large_image","twitter_misc":{"Est. reading time":"2 minutit"},"schema":{"@context":"https:\/\/schema.org","@graph":[{"@type":"WebPage","@id":"https:\/\/paper-checker.com\/et\/contacts\/","url":"https:\/\/paper-checker.com\/et\/contacts\/","name":"V\u00f5ta meiega \u00fchendust | Paper-Checker.com","isPartOf":{"@id":"https:\/\/paper-checker.com\/#website"},"datePublished":"2024-12-24T11:48:48+00:00","description":"V\u00f5ta \u00fchendust Paper-Checker.com'ga tugi, k\u00fcsimused v\u00f5i tagasiside saamiseks.","breadcrumb":{"@id":"https:\/\/paper-checker.com\/et\/contacts\/#breadcrumb"},"inLanguage":"et","potentialAction":[{"@type":"ReadAction","target":["https:\/\/paper-checker.com\/et\/contacts\/"]}]},{"@type":"BreadcrumbList","@id":"https:\/\/paper-checker.com\/et\/contacts\/#breadcrumb","itemListElement":[{"@type":"ListItem","position":1,"name":"Home","item":"https:\/\/paper-checker.com\/et\/"},{"@type":"ListItem","position":2,"name":"Kontakt"}]},{"@type":"WebSite","@id":"https:\/\/paper-checker.com\/#website","url":"https:\/\/paper-checker.com\/","name":"Paper Checker","description":"","publisher":{"@id":"https:\/\/paper-checker.com\/#organization"},"potentialAction":[{"@type":"SearchAction","target":{"@type":"EntryPoint","urlTemplate":"https:\/\/paper-checker.com\/?s={search_term_string}"},"query-input":{"@type":"PropertyValueSpecification","valueRequired":true,"valueName":"search_term_string"}}],"inLanguage":"et"},{"@type":"Organization","@id":"https:\/\/paper-checker.com\/#organization","name":"Paper Checker","url":"https:\/\/paper-checker.com\/","logo":{"@type":"ImageObject","inLanguage":"et","@id":"https:\/\/paper-checker.com\/#\/schema\/logo\/image\/","url":"https:\/\/paper-checker.com\/wp-content\/uploads\/2024\/12\/Group.png","contentUrl":"https:\/\/paper-checker.com\/wp-content\/uploads\/2024\/12\/Group.png","width":30,"height":30,"caption":"Paper Checker"},"image":{"@id":"https:\/\/paper-checker.com\/#\/schema\/logo\/image\/"}}]}},"_links":{"self":[{"href":"https:\/\/paper-checker.com\/wp-json\/wp\/v2\/pages\/1656","targetHints":{"allow":["GET"]}}],"collection":[{"href":"https:\/\/paper-checker.com\/wp-json\/wp\/v2\/pages"}],"about":[{"href":"https:\/\/paper-checker.com\/wp-json\/wp\/v2\/types\/page"}],"author":[{"embeddable":true,"href":"https:\/\/paper-checker.com\/wp-json\/wp\/v2\/users\/1"}],"replies":[{"embeddable":true,"href":"https:\/\/paper-checker.com\/wp-json\/wp\/v2\/comments?post=1656"}],"version-history":[{"count":1,"href":"https:\/\/paper-checker.com\/wp-json\/wp\/v2\/pages\/1656\/revisions"}],"predecessor-version":[{"id":1657,"href":"https:\/\/paper-checker.com\/wp-json\/wp\/v2\/pages\/1656\/revisions\/1657"}],"wp:attachment":[{"href":"https:\/\/paper-checker.com\/wp-json\/wp\/v2\/media?parent=1656"}],"curies":[{"name":"wp","href":"https:\/\/api.w.org\/{rel}","templated":true}]}}