{"id":1648,"date":"2024-12-24T11:49:32","date_gmt":"2024-12-24T11:49:32","guid":{"rendered":"https:\/\/paper-checker.com\/?page_id=1648"},"modified":"2025-02-07T14:50:28","modified_gmt":"2025-02-07T14:50:28","slug":"pricing","status":"publish","type":"page","link":"https:\/\/paper-checker.com\/fi\/pricing\/","title":{"rendered":"Hinta"},"content":{"rendered":"<div class=\"container\">\n<div class=\"prices-wrapper\">\n<section class=\"originality-section\">\n<div class=\"container\">\n<div class=\"row\">\n<div class=\"col col-xs-12 col-sm-12\">\n<div class=\"ps-widget-container\" data-ps-widget-name=\"Prices\" data-ps-widget-options=\"{}\">\n<div class=\"loader-wrapper\">\n<\/div>\n<\/div>\n<\/div>\n<\/div>\n<\/div>\n<section class=\"faq-section\">\n<div class=\"row faq-row-wrap\">\n<div class=\"col col-12\">\n<div class=\"faq-content-wrapper\">\n<div class=\"faq-left-part\">\n<div class=\"left-part-sticky\">\n<div class=\"green-top-subtitle\">UKK<\/div>\n<h2>Usein kysytyt kysymykset Paper-Checker.com-palvelusta<\/h2>\n<div class=\"subtitle\">Onko sinulla kysymyksi\u00e4 siit\u00e4, miten meid\u00e4n plagiarismi- ja teko\u00e4lytunnistuspalvelu toimii? Olemme vastanneet joitain yleisimmist\u00e4 kysymyksist\u00e4 auttaaksemme sinua aloittamassa ja saavuttamaan mahdollisimman paljon meid\u00e4n palvelustamme.<\/div>\n<div class=\"bottom-contact-line\">Ota yhteytt\u00e4 <a class=\"btn btn-blue-gradient\" href=\"\/contacts\/\"><img decoding=\"async\" src=\"\/wp-content\/themes\/main\/images\/support-white-icon.png\" alt=\"ikoni\" \/>Tukeamme<\/a>jos et l\u00f6yd\u00e4 haluttua vastaus!<\/div>\n<\/div>\n<\/div>\n<div class=\"faq-right-part\">\n<div class=\"faq-contant\">\n<div class=\"faq-item active\">\n<div class=\"question\">Mit\u00e4 laatuja tekstitiedostoja voin l\u00e4hett\u00e4\u00e4 plagiarismi- ja teko\u00e4lytunnistuksen j\u00e4lkeen?<\/div>\n<div class=\"answer\">Voit l\u00e4hett\u00e4\u00e4 erilaisia tekstimuotoja, kuten Word-dokumentteja, PDF-tiedostoja ja perusmuotoisia tekstitiedostoja. J\u00e4rjestelm\u00e4mme tukee kaikkia p\u00e4\u00e4ntuntumuisia muotoja varmistaakseen sivun kulku.<\/div>\n<\/div>\n<div class=\"faq-item\">\n<div class=\"question\">Kuinka tarkkoja teid\u00e4n plagiarismi- ja teko\u00e4lytunnistukset ovat?<\/div>\n<div class=\"answer\">Meid\u00e4n tunnistusalgoritmimme p\u00e4ivitet\u00e4\u00e4n jatkuvasti tarjotaksemme korkeinta tarkkuutta, skannailen satojen miljoonien l\u00e4hteit\u00e4 ja huomaten my\u00f6s monimutkaisimman teko\u00e4lyn luomia sis\u00e4lt\u00f6j\u00e4.<\/div>\n<\/div>\n<div class=\"faq-item\">\n<div class=\"question\">Kuinka kauan kest\u00e4\u00e4 saada tulokset?<\/div>\n<div class=\"answer\">Saavat yksityiskohtaisen plagiarismi- ja teko\u00e4lytunnistusraportin minuutteina, riippuen asiakirjajan pituudesta. Useimmat raportit luodaan alle 2 minuutin aikana.<\/div>\n<\/div>\n<div class=\"faq-item\">\n<div class=\"question\">Onko minun dataani turvallinen?<\/div>\n<div class=\"answer\">Kyll\u00e4, takaamme 100 % luottamuksellisuuden. Asiakirjasi k\u00e4sitell\u00e4\u00e4n turvallisesti, emmek\u00e4 koskaan tallenna tai jaa tiedostojasi.<\/div>\n<\/div>\n<div class=\"faq-item\">\n<div class=\"question\">Pystytek\u00f6 teid\u00e4n palveluunne integroimaan minun olemassaolevien j\u00e4rjestelmieni kanssa?<\/div>\n<div class=\"answer\">Kyll\u00e4! Tarjoamme sivukunnioituvia API- ja LMS-integraatioita, joilla voit helposti k\u00e4ytt\u00e4\u00e4 ty\u00f6kaluimme nykyisess\u00e4 alustassa.<\/div>\n<\/div>\n<div class=\"faq-item\">\n<div class=\"question\">Mit\u00e4 l\u00e4hteit\u00e4 teid\u00e4n plagiarismi-tarkistajanne kattaa?<\/div>\n<div class=\"answer\">J\u00e4rjestelm\u00e4mme tarkistaa vastaan huomioitavasti suurempaa tietokantaa yli 25,000 julkaisua, joihin kuuluvat aineistot, lehdet, sanomalehdet, akateemiset artikkelit ja muut.<\/div>\n<\/div>\n<div class=\"faq-item\">\n<div class=\"question\">Tarjotkoa tukea, jos minulla on ongelmia?<\/div>\n<div class=\"answer\">Kyll\u00e4, tarjoamme 24\/7 asiakaspalvelua. Meid\u00e4n tiimi on k\u00e4yt\u00f6ss\u00e4 vuorokaudessa auttamaan mink\u00e4 tahansa kysymyksen tai tekniset ongelmat.<\/div>\n<\/div>\n<div class=\"faq-item\">\n<div class=\"question\">Onko ilmainen kokeiluversio k\u00e4ytett\u00e4viss\u00e4?<\/div>\n<div class=\"answer\">Kyll\u00e4, tarjoamme uusille k\u00e4ytt\u00e4jille ilmaisen kokeiluversion. Voit testata plagiarismi- ja teko\u00e4lytunnistustoimintojamme ilman velvoitetta ja n\u00e4hd\u00e4 tulokset itsess\u00e4si.<\/div>\n<\/div>\n<div class=\"faq-item\">\n<div class=\"question\">Pystyk\u00f6\u00f6n katsomaan l\u00e4hdekoodit havaittuja plagiarismia?<\/div>\n<div class=\"answer\">Kyll\u00e4, meid\u00e4n yksityiskohtaiset raportit sis\u00e4lt\u00e4v\u00e4t luettelon l\u00e4hteist\u00e4, joista plagioitu materiaali l\u00f6ytyy, jolloin voit helposti tunnistaa ja k\u00e4sitell\u00e4 ongelmia.<\/div>\n<\/div>\n<div class=\"faq-item\">\n<div class=\"question\">Toimiko teid\u00e4n palveluunne muissa kuin englanninkielisess\u00e4 sis\u00e4ll\u00f6ss\u00e4?<\/div>\n<div class=\"answer\">Kyll\u00e4, ty\u00f6kaluimme on suunniteltu havaittamaan plagiarismia ja teko\u00e4lyn luomaa sis\u00e4lt\u00f6\u00e4 useissa kieliss\u00e4, jotain yll\u00e4pit\u00e4miseen akateemisessa ja ammatillisessa tarpeissa.<\/div>\n<\/div>\n<div class=\"faq-item\">\n<div class=\"question\">Mit\u00e4 s\u00e4\u00e4nn\u00f6llisesti p\u00e4ivitet\u00e4\u00e4n teid\u00e4n tietokantoanne?<\/div>\n<div class=\"answer\">Tietokantamme p\u00e4ivitet\u00e4\u00e4n s\u00e4\u00e4nn\u00f6llisesti varmistaakseen ajankohtaisimman ja kattavan yleiskattavuuden verkkosis\u00e4ll\u00f6n, akateemisten artikkelien ja julkaisujen.<\/div>\n<\/div>\n<div class=\"faq-item\">\n<div class=\"question\">Pystyk\u00f6\u00f6n tarkistamaan useita asiakirjoja kerralla?<\/div>\n<div class=\"answer\">Kyll\u00e4, j\u00e4rjestelm\u00e4mme sallii ladata ja tarkistaa useita asiakirjoja samanaikaisesti, mik\u00e4 tekee sen helpoksi opettajille ja ammattilaisille k\u00e4sitelless\u00e4 suurempia ty\u00f6j\u00e4.<\/div>\n<\/div>\n<div class=\"faq-item\">\n<div class=\"question\">Onko rajannus sanam\u00e4\u00e4r\u00e4n tai asiakirjan kokonaiskokonaisuuden suhteen?<\/div>\n<div class=\"answer\">Kuin tuemme isoja asiakirjoja, on rajoituksia perustuen valittuun hintaan suunnitelmaan. Kuitenkin kaikki hinnat sallivat merkitt\u00e4vi\u00e4 asiakirjan lataamisia sopivia useimille k\u00e4ytt\u00e4jille.<\/div>\n<\/div>\n<div class=\"faq-item\">\n<div class=\"question\">Miten tulkitsen raportin tulokset?<\/div>\n<div class=\"answer\">Raporttimme ovat helppoja lukea, joissa on selvi\u00e4 indikaattoreita, jotka n\u00e4ytt\u00e4v\u00e4t plagiarismi-osumia ja teko\u00e4lyn luomaa sis\u00e4lt\u00f6\u00e4. Jokainen merkitty osio linkitet\u00e4\u00e4n l\u00e4hteeseen, ja me tarjoamme ehdotuksia muutoksista.<\/div>\n<\/div>\n<div class=\"faq-item\">\n<div class=\"question\">Pystyk\u00f6\u00f6n k\u00e4ytt\u00e4m\u00e4\u00e4n teid\u00e4n palveluunne mobiililaitteissa?<\/div>\n<div class=\"answer\">Kyll\u00e4, meid\u00e4n alustamme on t\u00e4ydellisesti vastuullinen ja optimoitu mobiililaitteille, jolloin voit tarkistaa sis\u00e4lt\u00f6si k\u00e4den alla.<\/div>\n<\/div>\n<div class=\"bottom-bg\"><\/div>\n<\/div>\n<\/div>\n<\/div>\n<\/div>\n<\/div>\n<\/section>\n<section class=\"originality-section\">\n<div class=\"row\">\n<div class=\"col col-xs-12 col-sm-12\">\n<div class=\"originality-block\">\n<h2 class=\"title-part\">Poista arvaamus<br \/>\nalkul\u00e4hteudesta<\/h2>\n<div class=\"right-part\">\n<div class=\"text-part\">\n<div class=\"text\">Kokeile Paper-Checker.com t\u00e4n\u00e4\u00e4n ja varmista, ett\u00e4 sis\u00e4lt\u00f6 on 100% autenttinen.<\/div>\n<div class=\"list-item\"><span class=\"origin-item\">Nopea<\/span><span class=\"origin-item\">Tarkka<\/span><span class=\"origin-item\">Luottettava maailmanlaajuisesti<\/span><\/div>\n<div class=\"bnt btn-green\">Tarkista sis\u00e4lt\u00f6ni<\/div>\n<\/div>\n<\/div>\n<\/div>\n<\/div>\n<\/div>\n<\/section>\n<\/div>\n<\/section>\n<\/div>\n<\/div>\n","protected":false},"excerpt":{"rendered":"<p>Hinta-vaihtoehdot Ei piilotettuja maksuja tarkkaan plagiarismin ja AI-tunnistamiseen Kerrallinen Kuukausittain 3 kuukautta Vuosittain Sanat valittu 100 S\u00e4\u00e4st\u00f6 per sivu 40% Yhteens\u00e4 maksu $15.00 Nauti kaikesta Unicheckin voimasta jokaisessa ostoksessa: Ilman varmennusta Open API Bulk-tiedostotarkistus J\u00e4rjestett\u00e4v\u00e4 online-dashboard Google Docs-lis\u00e4osa Perusteella maksetut k\u00e4ytt\u00f6kerrat Kirjaudu sis\u00e4\u00e4n maksamaan Tilaa nyt Sanat valittu.<\/p>\n","protected":false},"author":1,"featured_media":0,"parent":0,"menu_order":0,"comment_status":"closed","ping_status":"closed","template":"","meta":{"_acf_changed":false,"_yoast_wpseo_title":"Edullinen Hintaan Laitto Plagiarismi- ja AI-Tunnistukselle - Paper Checker","_yoast_wpseo_metadesc":"Tutustu Paper Checkerin joustavien ja l\u00e4pin\u00e4kyvien hintaan suunnitelmiin. Saat edistyneit\u00e4 plagiarismi- ja AI sis\u00e4lt\u00f6 tunnistus ty\u00f6kaluja parhaiten hinnoilla, mukautetut tarpeisiisi sopivaksi.","_locale":"fi","_original_post":"http:\/\/paper-checker.com.loc\/?page_id=13","iawp_total_views":6,"footnotes":""},"class_list":["post-1648","page","type-page","status-publish","hentry","fi"],"acf":[],"yoast_head":"<!-- This site is optimized with the Yoast SEO plugin v27.4 - https:\/\/yoast.com\/product\/yoast-seo-wordpress\/ -->\n<title>Edullinen Hintaan Laitto Plagiarismi- ja AI-Tunnistukselle - Paper Checker<\/title>\n<meta name=\"description\" content=\"Tutustu Paper Checkerin joustavien ja l\u00e4pin\u00e4kyvien hintaan suunnitelmiin. Saat edistyneit\u00e4 plagiarismi- ja AI sis\u00e4lt\u00f6 tunnistus ty\u00f6kaluja parhaiten hinnoilla, mukautetut tarpeisiisi sopivaksi.\" \/>\n<meta name=\"robots\" content=\"index, follow, max-snippet:-1, max-image-preview:large, max-video-preview:-1\" \/>\n<link rel=\"canonical\" href=\"https:\/\/paper-checker.com\/fi\/pricing\/\" \/>\n<meta property=\"og:locale\" content=\"fi_FI\" \/>\n<meta property=\"og:type\" content=\"article\" \/>\n<meta property=\"og:title\" content=\"Edullinen Hintaan Laitto Plagiarismi- ja AI-Tunnistukselle - Paper Checker\" \/>\n<meta property=\"og:description\" content=\"Tutustu Paper Checkerin joustavien ja l\u00e4pin\u00e4kyvien hintaan suunnitelmiin. Saat edistyneit\u00e4 plagiarismi- ja AI sis\u00e4lt\u00f6 tunnistus ty\u00f6kaluja parhaiten hinnoilla, mukautetut tarpeisiisi sopivaksi.\" \/>\n<meta property=\"og:url\" content=\"https:\/\/paper-checker.com\/fi\/pricing\/\" \/>\n<meta property=\"og:site_name\" content=\"Paper Checker\" \/>\n<meta property=\"article:modified_time\" content=\"2025-02-07T14:50:28+00:00\" \/>\n<meta property=\"og:image\" content=\"https:\/\/paper-checker.com\/wp-content\/uploads\/2024\/12\/home.jpg\" \/>\n\t<meta property=\"og:image:width\" content=\"1200\" \/>\n\t<meta property=\"og:image:height\" content=\"675\" \/>\n\t<meta property=\"og:image:type\" content=\"image\/jpeg\" \/>\n<meta name=\"twitter:card\" content=\"summary_large_image\" \/>\n<meta name=\"twitter:label1\" content=\"Arvioitu lukuaika\" \/>\n\t<meta name=\"twitter:data1\" content=\"2 minuuttia\" \/>\n<!-- \/ Yoast SEO plugin. -->","yoast_head_json":{"title":"Edullinen Hintaan Laitto Plagiarismi- ja AI-Tunnistukselle - Paper Checker","description":"Tutustu Paper Checkerin joustavien ja l\u00e4pin\u00e4kyvien hintaan suunnitelmiin. Saat edistyneit\u00e4 plagiarismi- ja AI sis\u00e4lt\u00f6 tunnistus ty\u00f6kaluja parhaiten hinnoilla, mukautetut tarpeisiisi sopivaksi.","robots":{"index":"index","follow":"follow","max-snippet":"max-snippet:-1","max-image-preview":"max-image-preview:large","max-video-preview":"max-video-preview:-1"},"canonical":"https:\/\/paper-checker.com\/fi\/pricing\/","og_locale":"fi_FI","og_type":"article","og_title":"Edullinen Hintaan Laitto Plagiarismi- ja AI-Tunnistukselle - Paper Checker","og_description":"Tutustu Paper Checkerin joustavien ja l\u00e4pin\u00e4kyvien hintaan suunnitelmiin. Saat edistyneit\u00e4 plagiarismi- ja AI sis\u00e4lt\u00f6 tunnistus ty\u00f6kaluja parhaiten hinnoilla, mukautetut tarpeisiisi sopivaksi.","og_url":"https:\/\/paper-checker.com\/fi\/pricing\/","og_site_name":"Paper Checker","article_modified_time":"2025-02-07T14:50:28+00:00","og_image":[{"width":1200,"height":675,"url":"https:\/\/paper-checker.com\/wp-content\/uploads\/2024\/12\/home.jpg","type":"image\/jpeg"}],"twitter_card":"summary_large_image","twitter_misc":{"Arvioitu lukuaika":"2 minuuttia"},"schema":{"@context":"https:\/\/schema.org","@graph":[{"@type":"WebPage","@id":"https:\/\/paper-checker.com\/fi\/pricing\/","url":"https:\/\/paper-checker.com\/fi\/pricing\/","name":"Edullinen Hintaan Laitto Plagiarismi- ja AI-Tunnistukselle - Paper Checker","isPartOf":{"@id":"https:\/\/paper-checker.com\/#website"},"datePublished":"2024-12-24T11:49:32+00:00","dateModified":"2025-02-07T14:50:28+00:00","description":"Tutustu Paper Checkerin joustavien ja l\u00e4pin\u00e4kyvien hintaan suunnitelmiin. Saat edistyneit\u00e4 plagiarismi- ja AI sis\u00e4lt\u00f6 tunnistus ty\u00f6kaluja parhaiten hinnoilla, mukautetut tarpeisiisi sopivaksi.","breadcrumb":{"@id":"https:\/\/paper-checker.com\/fi\/pricing\/#breadcrumb"},"inLanguage":"fi","potentialAction":[{"@type":"ReadAction","target":["https:\/\/paper-checker.com\/fi\/pricing\/"]}]},{"@type":"BreadcrumbList","@id":"https:\/\/paper-checker.com\/fi\/pricing\/#breadcrumb","itemListElement":[{"@type":"ListItem","position":1,"name":"Home","item":"https:\/\/paper-checker.com\/fi\/"},{"@type":"ListItem","position":2,"name":"Hinta"}]},{"@type":"WebSite","@id":"https:\/\/paper-checker.com\/#website","url":"https:\/\/paper-checker.com\/","name":"Paper Checker","description":"","publisher":{"@id":"https:\/\/paper-checker.com\/#organization"},"potentialAction":[{"@type":"SearchAction","target":{"@type":"EntryPoint","urlTemplate":"https:\/\/paper-checker.com\/?s={search_term_string}"},"query-input":{"@type":"PropertyValueSpecification","valueRequired":true,"valueName":"search_term_string"}}],"inLanguage":"fi"},{"@type":"Organization","@id":"https:\/\/paper-checker.com\/#organization","name":"Paper Checker","url":"https:\/\/paper-checker.com\/","logo":{"@type":"ImageObject","inLanguage":"fi","@id":"https:\/\/paper-checker.com\/#\/schema\/logo\/image\/","url":"https:\/\/paper-checker.com\/wp-content\/uploads\/2024\/12\/Group.png","contentUrl":"https:\/\/paper-checker.com\/wp-content\/uploads\/2024\/12\/Group.png","width":30,"height":30,"caption":"Paper Checker"},"image":{"@id":"https:\/\/paper-checker.com\/#\/schema\/logo\/image\/"}}]}},"_links":{"self":[{"href":"https:\/\/paper-checker.com\/wp-json\/wp\/v2\/pages\/1648","targetHints":{"allow":["GET"]}}],"collection":[{"href":"https:\/\/paper-checker.com\/wp-json\/wp\/v2\/pages"}],"about":[{"href":"https:\/\/paper-checker.com\/wp-json\/wp\/v2\/types\/page"}],"author":[{"embeddable":true,"href":"https:\/\/paper-checker.com\/wp-json\/wp\/v2\/users\/1"}],"replies":[{"embeddable":true,"href":"https:\/\/paper-checker.com\/wp-json\/wp\/v2\/comments?post=1648"}],"version-history":[{"count":6,"href":"https:\/\/paper-checker.com\/wp-json\/wp\/v2\/pages\/1648\/revisions"}],"predecessor-version":[{"id":2970,"href":"https:\/\/paper-checker.com\/wp-json\/wp\/v2\/pages\/1648\/revisions\/2970"}],"wp:attachment":[{"href":"https:\/\/paper-checker.com\/wp-json\/wp\/v2\/media?parent=1648"}],"curies":[{"name":"wp","href":"https:\/\/api.w.org\/{rel}","templated":true}]}}