{"id":555,"date":"2024-12-23T08:38:01","date_gmt":"2024-12-23T08:38:01","guid":{"rendered":"https:\/\/paper-checker.com\/?page_id=555"},"modified":"2025-02-07T08:25:38","modified_gmt":"2025-02-07T08:25:38","slug":"ai-detector","status":"publish","type":"page","link":"https:\/\/paper-checker.com\/fr\/ai-detector\/","title":{"rendered":"V\u00e9rifiez l&#8217;authenticit\u00e9 avec la d\u00e9tection d&#8217;IA"},"content":{"rendered":"<div class=\"container\">\n<div class=\"row pt-70 pb-60\">\n<div class=\"col col-12 col-xs-12 col-sm-12 col-md-6 col-lg-6\">\n<h2 class=\"align-left\">Qu&#8217;est-ce que la d\u00e9tection de contenu par IA chez Paper-Checker.com ?<\/h2>\n<div class=\"img-block\"><img alt=\"\" decoding=\"async\" src=\"\/wp-content\/themes\/main\/images\/man-typing.png\" style=\"max-width: 100%;\"\/><\/div>\n<\/div>\n<div class=\"col col-12 col-xs-12 col-sm-12 col-md-6 col-lg-6\">\n<p>Dans l&#8217;\u00e2ge num\u00e9rique dynamique, le contenu g\u00e9n\u00e9r\u00e9 par IA est de plus en plus pr\u00e9sent dans l&#8217;acad\u00e9mie, le marketing et la presse. Bien que l&#8217;IA offre une aide pr\u00e9cieuse pour les t\u00e2ches d&#8217;\u00e9criture, elle soul\u00e8ve des pr\u00e9occupations sur l&#8217;originalit\u00e9 et l&#8217;authenticit\u00e9. Paper-Checker.com est soigneusement con\u00e7u pour d\u00e9tecter le texte g\u00e9n\u00e9r\u00e9 par IA, permettant aux utilisateurs de v\u00e9rifier que leur contenu est effectivement cr\u00e9\u00e9 par une personne et trustworthy.<\/p>\n<h3 class=\"h4\">La Puissance Derri\u00e8re Notre D\u00e9tection de Contenu Par IA<\/h3>\n<p>\u00c0 Paper-Checker.com, notre d\u00e9tection de contenu par IA exploite des mod\u00e8les d&#8217;apprentissage automatique avanc\u00e9s pour analyser pr\u00e9cis\u00e9ment les motifs linguistiques et les styles d&#8217;\u00e9criture. Ces algorithmes de pointe peuvent d\u00e9tecter m\u00eame les diff\u00e9rences subtiles entre le contenu \u00e9crit par une personne et celui g\u00e9n\u00e9r\u00e9 par IA, assurant une pr\u00e9cision exceptionnelle.<\/p>\n<p>Notre technologie \u00e9volue continuellement, en incorporant des mises \u00e0 jour r\u00e9guli\u00e8res pour rester \u00e0 l&#8217;avant-garde des avanc\u00e9es dans la g\u00e9n\u00e9ration de contenu par IA. Contrairement aux outils de d\u00e9tection traditionnels qui reposent principalement sur des comparaisons de base de donn\u00e9es, notre d\u00e9tecteur d&#8217;IA plonge dans les nuances structurelles de l&#8217;\u00e9criture pour \u00e9valuer si une machine a probablement produit le contenu. Cette m\u00e9thodologie sophistiqu\u00e9e assure des r\u00e9sultats rapides et fiables, offrant un niveau de confiance et de fiabilit\u00e9 que vous pouvez compter sur.<\/p>\n<\/div>\n<\/div>\n<div class=\"row pt-40 pb-60\">\n<div class=\"col col-12 col-sm-12\">\n<div class=\"dark-info ai-detector\">\n<div class=\"dark-info-container\">\n<div class=\"title\">API de D\u00e9tection de Contenu Par IA<\/div>\n<div class=\"middle-info-block\">\n<div class=\"info-block-item\" role=\"presentation\">\n<div class=\"info-title\">Support 24\/7 <img alt=\"icon\" decoding=\"async\" src=\"\/wp-content\/themes\/main\/images\/support_icon.svg\"\/><\/div>\n<div class=\"info-text\">N&#8217;h\u00e9sitez pas \u00e0 contacter notre \u00e9quipe de support \u00e0 tout moment et profitez d&#8217;une assistance instantan\u00e9e.<\/div>\n<\/div>\n<div class=\"info-block-item\" role=\"presentation\">\n<div class=\"info-title\">Prix raisonnables <img alt=\"icon\" decoding=\"async\" src=\"\/wp-content\/themes\/main\/images\/prices_icon.svg\"\/><\/div>\n<div class=\"info-text\">Nous offrons des services de qualit\u00e9 \u00e0 des prix abordables.<\/div>\n<\/div>\n<\/div>\n<div class=\"dark-info-text\">\n<p>Lorsque l&#8217;originalit\u00e9 est importante, Paper-Checker.com est la solution que vous pouvez compter sur pour une d\u00e9tection pr\u00e9cise du contenu par IA. Prot\u00e9gez votre travail contre la pr\u00e9sence croissante de texte g\u00e9n\u00e9r\u00e9 par IA et prenez le contr\u00f4le de sa qualit\u00e9 et d&#8217;authenticit\u00e9. Avec une technologie de d\u00e9tection avanc\u00e9e, nous vous aidons \u00e0 rester \u00e0 l&#8217;avant-garde. Fiez-vous \u00e0 Paper-Checker.com pour des r\u00e9sultats fiables chaque fois.<\/p>\n<p><a class=\"btn btn-green\">Essayer la D\u00e9tection par IA Maintenant<\/a><\/p>\n<\/div>\n<\/div>\n<\/div>\n<\/div>\n<\/div>\n<div class=\"row\">\n<div class=\"col col-12 col-sm-12\">\n<div class=\"green-top-subtitle center mb_-6\">Nos Avantages<\/div>\n<h2>Caract\u00e9ristiques Cl\u00e9s de Notre Outil<\/h2>\n<div class=\"subtitle maxw-600 align-center pb-20\">Le d\u00e9tection de contenu par IA chez Paper-Checker.com se distingue pour ses fonctionnalit\u00e9s avanc\u00e9es con\u00e7ues pour rendre le processus simple et efficace :<\/div>\n<div class=\"our-advantages-table\">\n<div class=\"advantages-item\">\n<div class=\"top-line\"><img alt=\"icon\" decoding=\"async\" src=\"\/wp-content\/themes\/main\/images\/scanningdepth_icon.svg\"\/><span class=\"title\">Pr\u00e9cision de D\u00e9ttection<\/span><\/div>\n<div class=\"text\">Moteur par des mod\u00e8les d&#8217;apprentissage automatique de pointe, notre outil offre des r\u00e9sultats pr\u00e9cis, distinguant avec pr\u00e9cision le contenu g\u00e9n\u00e9r\u00e9 par IA du texte \u00e9crit par une personne.<\/div>\n<\/div>\n<div class=\"advantages-item\">\n<div class=\"top-line\"><img alt=\"icon\" decoding=\"async\" src=\"\/wp-content\/themes\/main\/images\/instant_results_icon.svg\"\/><span class=\"title\">D\u00e9tection en Temps R\u00e9el<\/span><\/div>\n<div class=\"text\">Le temps est crucial. Notre syst\u00e8me lightning-fast fournit des r\u00e9sultats complets en quelques secondes, vous permettant de faire des r\u00e9visions imm\u00e9diates sans d\u00e9lai.<\/div>\n<\/div>\n<div class=\"advantages-item\">\n<div class=\"top-line\"><img alt=\"icon\" decoding=\"async\" src=\"\/wp-content\/themes\/main\/images\/interface_icon.svg\"\/><span class=\"title\">Interface Utilisateurs Amicables<\/span><\/div>\n<div class=\"text\">La disposition intuitive de l&#8217;outil rend son utilisation facile, m\u00eame pour ceux qui n&#8217;ont pas d&#8217;expertise technique.<\/div>\n<\/div>\n<div class=\"advantages-item\">\n<div class=\"top-line\"><img alt=\"icon\" decoding=\"async\" src=\"\/wp-content\/themes\/main\/images\/insights_icon.svg\"\/><span class=\"title\">Rapports Compl\u00e8ts<\/span><\/div>\n<div class=\"text\">Notre outil ne vous dit pas simplement si le contenu par IA est d\u00e9tect\u00e9 : il fournit une analyse compl\u00e8te, mettant en \u00e9vidence les sections de texte susceptibles d&#8217;\u00eatre g\u00e9n\u00e9r\u00e9es par IA.<\/div>\n<\/div>\n<div class=\"advantages-item\">\n<div class=\"top-line\"><img alt=\"icon\" decoding=\"async\" src=\"\/wp-content\/themes\/main\/images\/safety__icon.svg\"\/><span class=\"title\">Support Multiformat<\/span><\/div>\n<div class=\"text\">Que vous travaillez avec du texte simple, des PDFs ou d&#8217;autres formats, notre outil peut les g\u00e9rer tous, offrant de la flexibilit\u00e9 pour diverses utilisations.<\/div>\n<\/div>\n<div class=\"advantages-item\">\n<div class=\"top-line\"><img alt=\"icon\" decoding=\"async\" src=\"\/wp-content\/themes\/main\/images\/adventures_privacy_icon.svg\"\/><span class=\"title\">Confidentialit\u00e9 Garantie<\/span><\/div>\n<div class=\"text\">Vos donn\u00e9es sont s\u00e9curis\u00e9es chez nous. Nous ne stockons ni ne partageons jamais le contenu que vous soumettez, assurant une confidentialit\u00e9 totale.<\/div>\n<\/div>\n<\/div>\n<\/div>\n<\/div>\n<\/div>\n<div class=\"blue-bg-block how-check vertical-steps long-titles\">\n<div class=\"container\">\n<div class=\"row\">\n<div class=\"col col-12 col-sm-12\">\n<div class=\"green-top-subtitle\">Comment \u00e7a fonctionne<\/div>\n<h2>Comment tirer le meilleur parti de Paper-Checker.com<\/h2>\n<div class=\"vertical-steps-content\">\n<div class=\"vertical-step-icon\">\n<div class=\"top-part\"><img alt=\"icon\" decoding=\"async\" src=\"\/wp-content\/themes\/main\/images\/step_profile_icon.png\"\/><span class=\"title\">01. T\u00e9l\u00e9chargez ou collez votre contenu<\/span><\/div>\n<p>Liste \u00e0 jour ? Simplement t\u00e9l\u00e9chargez votre document ou collez votre texte dans notre v\u00e9rificateur de plagiat. C&#8217;est rapide, facile et sans stress.<\/p>\n<\/div>\n<div class=\"vertical-step-icon\">\n<div class=\"top-part\"><img alt=\"icon\" decoding=\"async\" src=\"\/wp-content\/themes\/main\/images\/step_pricing_icon.png\"\/><span class=\"title\">02. Lancez la v\u00e9rification de plagiat<\/span><\/div>\n<p>Cliquez sur le bouton &#8220;V\u00e9rifier le plagiat&#8221; et laissez notre syst\u00e8me avanc\u00e9 faire son travail. Profitez du confort tout en nous occupant du reste.<\/p>\n<\/div>\n<div class=\"vertical-step-icon\">\n<div class=\"top-part\"><img alt=\"icon\" decoding=\"async\" src=\"\/wp-content\/themes\/main\/images\/step_process_icon.png\"\/><span class=\"title\">03. Consultez votre rapport personnalis\u00e9<\/span><\/div>\n<p>En quelques instants, vous recevrez un rapport d\u00e9taill\u00e9 mettant en \u00e9vidence tout cas de plagiat. Utilisez cette pr\u00e9cieuse information pour affiner votre travail.<\/p>\n<\/div>\n<div class=\"vertical-step-icon last\">\n<div class=\"top-part\"><img alt=\"icon\" decoding=\"async\" src=\"\/wp-content\/themes\/main\/images\/step_score_icon.png\"\/><span class=\"title\">04. Parfaitez et prot\u00e9gez votre travail<\/span><\/div>\n<p>Faites les ajustements n\u00e9cessaires, que ce soit en reformulant, en ajoutant des citations ou en supprimant du contenu suspect. Assurez-vous que votre pi\u00e8ce finale est polie et authentiquement vous.<\/p>\n<\/div>\n<\/div>\n<\/div>\n<\/div>\n<div class=\"row\">\n<div class=\"col col-12 col-sm-12\">\n<div class=\"dark-info di-green-icon elevate-text\">\n<div class=\"header\">\u00c9l\u00e9gancez <span class=\"grey-text\">votre \u00e9criture.<\/span> Prot\u00e9gez <span class=\"grey-text\">votre int\u00e9grit\u00e9.<\/span><span class=\"grey-text\"> Choisissez <\/span> Paper-Checker.com. <\/div>\n<p><a class=\"btn btn-green\" href=\"\">Commencez \u00e0 v\u00e9rifier<\/a>\n<\/div>\n<\/div>\n<\/div>\n<\/div>\n<\/div>\n","protected":false},"excerpt":{"rendered":"<p>Qu&#8217;est-ce que la d\u00e9tection de contenu par IA chez Paper-Checker.com ? Dans l&#8217;\u00e2ge num\u00e9rique dynamique, le contenu g\u00e9n\u00e9r\u00e9 par IA est de plus en plus pr\u00e9sent dans l&#8217;acad\u00e9mie, le marketing et la presse. Bien que l&#8217;IA offre une aide pr\u00e9cieuse pour les t\u00e2ches d&#8217;\u00e9criture, elle soul\u00e8ve des pr\u00e9occupations sur l&#8217;originalit\u00e9 et l&#8217;authenticit\u00e9. Paper-Checker.com est soigneusement con\u00e7u pour d\u00e9tecter le texte g\u00e9n\u00e9r\u00e9 par IA, permettant aux utilisateurs de v\u00e9rifier que leur contenu est effectivement cr\u00e9\u00e9 par une personne et.<\/p>\n","protected":false},"author":1,"featured_media":0,"parent":0,"menu_order":0,"comment_status":"closed","ping_status":"closed","template":"tpl-landing-page.php","meta":{"_acf_changed":false,"_yoast_wpseo_title":"V\u00e9rificateur d'IA pour l'originalit\u00e9 | D\u00e9tection pr\u00e9cise du contenu par IA","_yoast_wpseo_metadesc":"Le v\u00e9rificateur d'IA de Paper-Checker.com d\u00e9tecte le contenu g\u00e9n\u00e9r\u00e9 par IA avec pr\u00e9cision et rapidit\u00e9, assurant l'originalit\u00e9 dans l'\u00e9criture acad\u00e9mique, professionnelle et cr\u00e9ative.","_locale":"fr_FR","_original_post":"http:\/\/paper-checker.com.loc\/?page_id=68","iawp_total_views":2,"footnotes":""},"class_list":["post-555","page","type-page","status-publish","hentry","fr-FR"],"acf":[],"yoast_head":"<!-- This site is optimized with the Yoast SEO plugin v27.4 - https:\/\/yoast.com\/product\/yoast-seo-wordpress\/ -->\n<title>V\u00e9rificateur d&#039;IA pour l&#039;originalit\u00e9 | D\u00e9tection pr\u00e9cise du contenu par IA<\/title>\n<meta name=\"description\" content=\"Le v\u00e9rificateur d&#039;IA de Paper-Checker.com d\u00e9tecte le contenu g\u00e9n\u00e9r\u00e9 par IA avec pr\u00e9cision et rapidit\u00e9, assurant l&#039;originalit\u00e9 dans l&#039;\u00e9criture acad\u00e9mique, professionnelle et cr\u00e9ative.\" \/>\n<meta name=\"robots\" content=\"index, follow, max-snippet:-1, max-image-preview:large, max-video-preview:-1\" \/>\n<link rel=\"canonical\" href=\"https:\/\/paper-checker.com\/fr\/ai-detector\/\" \/>\n<meta property=\"og:locale\" content=\"fr_FR\" \/>\n<meta property=\"og:type\" content=\"article\" \/>\n<meta property=\"og:title\" content=\"V\u00e9rificateur d&#039;IA pour l&#039;originalit\u00e9 | D\u00e9tection pr\u00e9cise du contenu par IA\" \/>\n<meta property=\"og:description\" content=\"Le v\u00e9rificateur d&#039;IA de Paper-Checker.com d\u00e9tecte le contenu g\u00e9n\u00e9r\u00e9 par IA avec pr\u00e9cision et rapidit\u00e9, assurant l&#039;originalit\u00e9 dans l&#039;\u00e9criture acad\u00e9mique, professionnelle et cr\u00e9ative.\" \/>\n<meta property=\"og:url\" content=\"https:\/\/paper-checker.com\/fr\/ai-detector\/\" \/>\n<meta property=\"og:site_name\" content=\"Paper Checker\" \/>\n<meta property=\"article:modified_time\" content=\"2025-02-07T08:25:38+00:00\" \/>\n<meta property=\"og:image\" content=\"https:\/\/paper-checker.com\/wp-content\/uploads\/2024\/12\/home.jpg\" \/>\n\t<meta property=\"og:image:width\" content=\"1200\" \/>\n\t<meta property=\"og:image:height\" content=\"675\" \/>\n\t<meta property=\"og:image:type\" content=\"image\/jpeg\" \/>\n<meta name=\"twitter:card\" content=\"summary_large_image\" \/>\n<meta name=\"twitter:label1\" content=\"Dur\u00e9e de lecture estim\u00e9e\" \/>\n\t<meta name=\"twitter:data1\" content=\"6 minutes\" \/>\n<!-- \/ Yoast SEO plugin. -->","yoast_head_json":{"title":"V\u00e9rificateur d'IA pour l'originalit\u00e9 | D\u00e9tection pr\u00e9cise du contenu par IA","description":"Le v\u00e9rificateur d'IA de Paper-Checker.com d\u00e9tecte le contenu g\u00e9n\u00e9r\u00e9 par IA avec pr\u00e9cision et rapidit\u00e9, assurant l'originalit\u00e9 dans l'\u00e9criture acad\u00e9mique, professionnelle et cr\u00e9ative.","robots":{"index":"index","follow":"follow","max-snippet":"max-snippet:-1","max-image-preview":"max-image-preview:large","max-video-preview":"max-video-preview:-1"},"canonical":"https:\/\/paper-checker.com\/fr\/ai-detector\/","og_locale":"fr_FR","og_type":"article","og_title":"V\u00e9rificateur d'IA pour l'originalit\u00e9 | D\u00e9tection pr\u00e9cise du contenu par IA","og_description":"Le v\u00e9rificateur d'IA de Paper-Checker.com d\u00e9tecte le contenu g\u00e9n\u00e9r\u00e9 par IA avec pr\u00e9cision et rapidit\u00e9, assurant l'originalit\u00e9 dans l'\u00e9criture acad\u00e9mique, professionnelle et cr\u00e9ative.","og_url":"https:\/\/paper-checker.com\/fr\/ai-detector\/","og_site_name":"Paper Checker","article_modified_time":"2025-02-07T08:25:38+00:00","og_image":[{"width":1200,"height":675,"url":"https:\/\/paper-checker.com\/wp-content\/uploads\/2024\/12\/home.jpg","type":"image\/jpeg"}],"twitter_card":"summary_large_image","twitter_misc":{"Dur\u00e9e de lecture estim\u00e9e":"6 minutes"},"schema":{"@context":"https:\/\/schema.org","@graph":[{"@type":"WebPage","@id":"https:\/\/paper-checker.com\/fr\/ai-detector\/","url":"https:\/\/paper-checker.com\/fr\/ai-detector\/","name":"V\u00e9rificateur d'IA pour l'originalit\u00e9 | D\u00e9tection pr\u00e9cise du contenu par IA","isPartOf":{"@id":"https:\/\/paper-checker.com\/#website"},"datePublished":"2024-12-23T08:38:01+00:00","dateModified":"2025-02-07T08:25:38+00:00","description":"Le v\u00e9rificateur d'IA de Paper-Checker.com d\u00e9tecte le contenu g\u00e9n\u00e9r\u00e9 par IA avec pr\u00e9cision et rapidit\u00e9, assurant l'originalit\u00e9 dans l'\u00e9criture acad\u00e9mique, professionnelle et cr\u00e9ative.","breadcrumb":{"@id":"https:\/\/paper-checker.com\/fr\/ai-detector\/#breadcrumb"},"inLanguage":"fr-FR","potentialAction":[{"@type":"ReadAction","target":["https:\/\/paper-checker.com\/fr\/ai-detector\/"]}]},{"@type":"BreadcrumbList","@id":"https:\/\/paper-checker.com\/fr\/ai-detector\/#breadcrumb","itemListElement":[{"@type":"ListItem","position":1,"name":"Home","item":"https:\/\/paper-checker.com\/fr\/"},{"@type":"ListItem","position":2,"name":"V\u00e9rifiez l&#8217;authenticit\u00e9 avec la d\u00e9tection d&#8217;IA"}]},{"@type":"WebSite","@id":"https:\/\/paper-checker.com\/#website","url":"https:\/\/paper-checker.com\/","name":"Paper Checker","description":"","publisher":{"@id":"https:\/\/paper-checker.com\/#organization"},"potentialAction":[{"@type":"SearchAction","target":{"@type":"EntryPoint","urlTemplate":"https:\/\/paper-checker.com\/?s={search_term_string}"},"query-input":{"@type":"PropertyValueSpecification","valueRequired":true,"valueName":"search_term_string"}}],"inLanguage":"fr-FR"},{"@type":"Organization","@id":"https:\/\/paper-checker.com\/#organization","name":"Paper Checker","url":"https:\/\/paper-checker.com\/","logo":{"@type":"ImageObject","inLanguage":"fr-FR","@id":"https:\/\/paper-checker.com\/#\/schema\/logo\/image\/","url":"https:\/\/paper-checker.com\/wp-content\/uploads\/2024\/12\/Group.png","contentUrl":"https:\/\/paper-checker.com\/wp-content\/uploads\/2024\/12\/Group.png","width":30,"height":30,"caption":"Paper Checker"},"image":{"@id":"https:\/\/paper-checker.com\/#\/schema\/logo\/image\/"}}]}},"_links":{"self":[{"href":"https:\/\/paper-checker.com\/wp-json\/wp\/v2\/pages\/555","targetHints":{"allow":["GET"]}}],"collection":[{"href":"https:\/\/paper-checker.com\/wp-json\/wp\/v2\/pages"}],"about":[{"href":"https:\/\/paper-checker.com\/wp-json\/wp\/v2\/types\/page"}],"author":[{"embeddable":true,"href":"https:\/\/paper-checker.com\/wp-json\/wp\/v2\/users\/1"}],"replies":[{"embeddable":true,"href":"https:\/\/paper-checker.com\/wp-json\/wp\/v2\/comments?post=555"}],"version-history":[{"count":2,"href":"https:\/\/paper-checker.com\/wp-json\/wp\/v2\/pages\/555\/revisions"}],"predecessor-version":[{"id":2808,"href":"https:\/\/paper-checker.com\/wp-json\/wp\/v2\/pages\/555\/revisions\/2808"}],"wp:attachment":[{"href":"https:\/\/paper-checker.com\/wp-json\/wp\/v2\/media?parent=555"}],"curies":[{"name":"wp","href":"https:\/\/api.w.org\/{rel}","templated":true}]}}