{"id":631,"date":"2024-12-23T08:38:01","date_gmt":"2024-12-23T08:38:01","guid":{"rendered":"https:\/\/paper-checker.com\/?page_id=631"},"modified":"2024-12-23T08:38:01","modified_gmt":"2024-12-23T08:38:01","slug":"plagiarism-check","status":"publish","type":"page","link":"https:\/\/paper-checker.com\/fr\/plagiarism-check\/","title":{"rendered":"V\u00e9rifiez le papier pour la plagiat"},"content":{"rendered":"<div class=\"effective-check\">\n<div class=\"container\">\n<div class=\"row\">\n<div class=\"col col-12 col-xs-12 col-sm-12 col-md-12 center\">\n<h2>Pourquoi choisir Paper-Checker.com pour la d\u00e9tection de plagiat ?<\/h2>\n<\/div>\n<div class=\"col col-12 col-xs-12 col-sm-12 col-md-6 col-lg-6\">\n<div class=\"effective-check-text\">\n<p>L&#8217;originalit\u00e9 est le pilier de la confiance et du succ\u00e8s dans tout domaine. \u00c0 Paper-Checker.com, nous comprenons l&#8217;importance de prot\u00e9ger votre travail contre le plagiat. C&#8217;est bien plus qu&#8217;un simple respect des attentes : c&#8217;est aussi une question de d\u00e9fendre votre cr\u00e9dibilit\u00e9 et de pr\u00e9senter vos id\u00e9es uniques. Notre service de d\u00e9tection de plagiat est con\u00e7u pour vous aider \u00e0 atteindre ces objectifs avec facilit\u00e9 et confiance. Muni d&#8217;une technologie avanc\u00e9e, notre syst\u00e8me examine minutieusement votre travail pour identifier tout contenu copi\u00e9 ou non intentionnellement dupliqu\u00e9. Que vous soyez un \u00e9tudiant poursuivant l&#8217;excellence acad\u00e9mique ou un professionnel pr\u00e9servant sa r\u00e9putation, Paper-Checker.com assure que votre travail reste authentique et impactant.<\/p>\n<\/div>\n<\/div>\n<div class=\"col col-12 col-xs-12 col-sm-12 col-md-6 col-lg-6\">\n<div class=\"effective-check-content\">\n<div class=\"effective-check-block\">\n<div class=\"header\">Une R\u00e9volution de la Pens\u00e9e et de la Cr\u00e9ativit\u00e9<\/div>\n<div class=\"text\">La Renaissance, qui s&#8217;\u00e9tend du 14e au 17e si\u00e8cle, a marqu\u00e9 une \u00e8re transformante dans l&#8217;histoire humaine. Originaire d&#8217;Italie, elle a c\u00e9l\u00e9br\u00e9 un r\u00e9tablissement des arts classiques, de la litt\u00e9rature et de la science, favorisant des d\u00e9couvertes fondamentales et des changements culturels. Des visionnaires comme Leonardo da Vinci et Galil\u00e9e ont remis en question les normes traditionnelles, combinant la cr\u00e9ativit\u00e9 avec l&#8217;observation empirique. Cette p\u00e9riode a red\u00e9fini l&#8217;expression artistique et a \u00e9tabli les bases du pens\u00e9e moderne, mettant l&#8217;accent sur l&#8217;individualit\u00e9 et l&#8217;innovation.<\/div>\n<\/div>\n<div class=\"effective-double-images\"><img alt=\"plagiat\" decoding=\"async\" src=\"\/wp-content\/themes\/main\/images\/effect-plagiarism.png\"\/><br \/>\n<img alt=\"ai probability\" decoding=\"async\" src=\"\/wp-content\/themes\/main\/images\/effect-ai-probability.png\"\/><\/div>\n<\/div>\n<\/div>\n<\/div>\n<\/div>\n<\/div>\n<div class=\"container\">\n<div class=\"row\">\n<div class=\"col col-12\">\n<div class=\"dark-info students-info\">\n<div class=\"dark-info-container\">\n<div class=\"title\">Analyse approfondie et fiable<\/div>\n<div class=\"middle-info-block\">\n<div class=\"info-block-item\" role=\"presentation\">\n<div class=\"info-title\">500 000 clients <img alt=\"ic\u00f4ne\" decoding=\"async\" src=\"\/wp-content\/themes\/main\/images\/customers_icon.png\"\/><\/div>\n<div class=\"info-text\">Notre r\u00e9seau d&#8217;\u00e9tudiants, de professeurs et de blogueurs<\/div>\n<\/div>\n<div class=\"info-block-item\" role=\"presentation\">\n<div class=\"info-title\">Politique de confidentialit\u00e9 100% <img alt=\"ic\u00f4ne\" decoding=\"async\" src=\"\/wp-content\/themes\/main\/images\/privacy_icon.svg\"\/><\/div>\n<div class=\"info-text\">Nous garantissons une confidentialit\u00e9 absolue pour nos clients<\/div>\n<\/div>\n<\/div>\n<div class=\"dark-info-text\">\u00c0 Paper-Checker.com, nous assurons l&#8217;originalit\u00e9 de votre travail avec une pr\u00e9cision sans \u00e9gal. Notre syst\u00e8me avanc\u00e9 analyse le contenu par rapport \u00e0 des bases de donn\u00e9es \u00e9tendues, en livrant des rapports d\u00e9taill\u00e9s et faciles \u00e0 lire en minutes. Parfait pour les \u00e9tudiants, professionnels et enseignants, notre outil vous aide \u00e0 garder vos travaux acad\u00e9miques, documents professionnels et projets cr\u00e9atifs authentiques et fid\u00e8les \u00e0 votre voix.<\/div>\n<\/div>\n<\/div>\n<\/div>\n<\/div>\n<div class=\"row\">\n<div class=\"col col-12 col-xs-12 col-sm-12\">\n<div class=\"unlocking-section\">\n<p><img alt=\"d\u00e9verrouillage\" decoding=\"async\" src=\"\/wp-content\/themes\/main\/images\/woman-with-notebook.png\"\/><\/p>\n<div class=\"unlocking-content\">\n<h3>Technologie avanc\u00e9e derri\u00e8re le service<\/h3>\n<p>C&#8217;est ce qui fait de Paper-Checker.com une force esth\u00e9tique. Voici ce que vous pouvez attendre :<\/p>\n<ul>\n<li>Algorithmes sophistiqu\u00e9s<\/li>\n<li>Bases de donn\u00e9es complettes<\/li>\n<li>Precision accrue<\/li>\n<li>R\u00e9sultats rapides et fiables<\/li>\n<li>Interface utilisateur amie<\/li>\n<li>D\u00e9termination \u00e0 l&#8217;innovation<\/li>\n<\/ul>\n<\/div>\n<\/div>\n<\/div>\n<\/div>\n<\/div>\n<div class=\"blue-bg-block scan-paper\">\n<div class=\"container\">\n<div class=\"row\">\n<div class=\"col col-12 col-sm-12 col-md-6 col-lg-6\">\n<div class=\"scan-text\">\n<h2>Comment utiliser Paper-Checker.com<\/h2>\n<p>L&#8217;utilisation de Paper-Checker.com est simple et sans encombre. Il suffit de t\u00e9l\u00e9charger votre document, et notre syst\u00e8me avanc\u00e9 commence imm\u00e9diatement son travail. Dans les minutes suivantes, votre texte est analys\u00e9 par rapport \u00e0 une vaste base de donn\u00e9es d&#8217;sources en ligne, des revues acad\u00e9miques et des \u0153uvres publi\u00e9es. Les r\u00e9sultats sont pr\u00e9sent\u00e9s dans un rapport clair et d\u00e9taill\u00e9, mettant en \u00e9vidence toutes les instances de contenu correspondant et fournissant un r\u00e9sum\u00e9 de l&#8217;originalit\u00e9.<\/p>\n<p>L&#8217;interface utilisateur amie facilite la revue et le traitement de tout probl\u00e8me. Que vous soyez un \u00e9tudiant soumettant une affectation ou un professionnel pr\u00e9parant un rapport, notre processus simplifi\u00e9 vous permet de vous concentrer sur ce qui est le plus important\u2014la production de travaux exceptionnels.<\/p>\n<\/div>\n<\/div>\n<div class=\"col col-12 col-sm-12 col-md-6 col-lg-6\">\n<div class=\"short-drop-file\">\n<div class=\"drop-file-form\">\n<div class=\"drop-file-block\">\n<div class=\"more-than\">\n<img alt=\"v\u00e9rifier\" decoding=\"async\" src=\"\/wp-content\/themes\/main\/images\/blue-circle-check-icon.svg\"\/><\/p>\n<div class=\"text\"><b>plus que<\/b> simplement un d\u00e9tecteur de plagiat<\/div>\n<\/div>\n<div class=\"drop-file-block-wrapper\">\n<div class=\"img-block\"><img alt=\"glisser &amp; d\u00e9poser\" decoding=\"async\" src=\"\/wp-content\/themes\/main\/images\/drop-files-block.png\"\/><\/div>\n<div class=\"top-part\">\n<div class=\"dark-text font-16\">Glissez et d\u00e9posez les fichiers ici<\/div>\n<div>pour t\u00e9l\u00e9charger les documents \u00e0 v\u00e9rifier contre le plagiat<\/div>\n<\/div>\n<p><button class=\"btn-green\">T\u00e9l\u00e9charger un fichier<\/button><\/p>\n<div class=\"grey-separate-line\"><\/div>\n<div class=\"type-text\">Entrez votre texte ici<\/div>\n<div class=\"grey-btns-block\">\n<div class=\"btn btn-grey\"><img alt=\"ic\u00f4ne\" decoding=\"async\" src=\"\/wp-content\/themes\/main\/images\/dropbox-img.svg\"\/>Dropbox<\/div>\n<div class=\"btn btn-grey\"><img alt=\"ic\u00f4ne\" decoding=\"async\" src=\"\/wp-content\/themes\/main\/images\/onedrive-img.svg\"\/>OneDrive<\/div>\n<div class=\"btn btn-grey\"><img alt=\"ic\u00f4ne\" decoding=\"async\" src=\"\/wp-content\/themes\/main\/images\/attach-file.svg\"\/>Pi\u00e8ce jointe<\/div>\n<div class=\"btn btn-grey\"><img alt=\"ic\u00f4ne\" decoding=\"async\" src=\"\/wp-content\/themes\/main\/images\/by-url.svg\"\/>par URL<\/div>\n<\/div>\n<div class=\"blue-btns-block\">\n<div class=\"btn btn-blue-gradient with-shadow\"><img alt=\"ic\u00f4ne\" decoding=\"async\" src=\"\/wp-content\/themes\/main\/images\/white-loop-img.svg\"\/>D\u00e9tecteur de plagiat<\/div>\n<div class=\"btn btn-blue-gradient-o\">\n<div class=\"btn-blue-gradient-o-wrap\">\n<img alt=\"ic\u00f4ne\" decoding=\"async\" src=\"\/wp-content\/themes\/main\/images\/pictogrammers-robot.svg\"\/>D\u00e9tection d&#8217;IA                    <\/div>\n<\/div>\n<\/div>\n<\/div>\n<\/div>\n<div class=\"drop-file-additional-options\">\n<div class=\"option-item ai\"><input checked=\"checked\" class=\"checkbox\" name=\"ai\" type=\"checkbox\"\/><label for=\"ai\">recherche de texte AI<\/label><\/div>\n<div class=\"option-item latin-characters\"><input checked=\"checked\" class=\"checkbox\" name=\"latin-characters\" type=\"checkbox\"\/><label for=\"latin-characters\">seulement des caract\u00e8res latins<\/label><\/div>\n<div class=\"option-item references\"><input class=\"checkbox\" name=\"references\" type=\"checkbox\"\/><label for=\"references\">exclure les r\u00e9f\u00e9rences<\/label><\/div>\n<div class=\"option-item citation\"><input class=\"checkbox\" name=\"citations\" type=\"checkbox\"\/><label for=\"citations\">exclure les citations en texte<\/label><\/div>\n<\/div>\n<div class=\"align-center bottom-btn\">\n<div class=\"device\"><img alt=\"ligne\" decoding=\"async\" src=\"\/wp-content\/themes\/main\/images\/devide-line.png\"\/><\/div>\n<p><a class=\"btn btn-blue-gradient\" href=\"\">D\u00e9tecteur de plagiat<\/a>\n<\/div>\n<\/div>\n<\/div>\n<\/div>\n<\/div>\n<\/div>\n<\/div>\n<div class=\"container\">\n<div class=\"row\">\n<div class=\"col col-12 col-xs-12 col-sm-12\">\n<div class=\"plag-checker-section\">\n<p><img alt=\"d\u00e9tecteur de plagiat\" decoding=\"async\" src=\"\/wp-content\/themes\/main\/images\/plag-checker.png\"\/><\/p>\n<div class=\"plag-checker-content\">\n<h2>Qui peut b\u00e9n\u00e9ficier de Paper-Checker.com ?<\/h2>\n<ul>\n<li><strong>\u00c9tudiants : <\/strong>V\u00e9rifiez l&#8217;authenticit\u00e9 des essais, des m\u00e9moires de recherche et des affectations pour maintenir l&#8217;int\u00e9grit\u00e9 acad\u00e9mique et \u00e9viter le plagiat involontaire.<\/li>\n<li><strong>Enseignants : <\/strong>Evaluez les soumissions d&#8217;\u00e9tudiants avec confiance, assurant des \u00e9valuations justes et pr\u00e9cises.<\/li>\n<li><strong>Professionnels : <\/strong>Prot\u00e9gez l&#8217;originalit\u00e9 des rapports, des propositions et autres documents professionnels pour maintenir votre cr\u00e9dibilit\u00e9 et votre confiance.<\/li>\n<li><strong>R\u00e9dacteurs et blogueurs : <\/strong>Soyez s\u00fbr que vos \u0153uvres cr\u00e9atives, articles et publications de blog soient enti\u00e8rement uniques, refl\u00e9tant votre style personnel et votre vision.<\/li>\n<li><strong>\u00c9diteurs : <\/strong>Soyez prot\u00e9g\u00e9 contre le contenu en double avant la publication, pr\u00e9servant la r\u00e9putation et la qualit\u00e9 de votre marque.<\/li>\n<\/ul>\n<\/div>\n<\/div>\n<\/div>\n<div class=\"row tips-students\">\n<div class=\"col col-12 col-sm-12 col-md-6 col-lg-6\">\n<div class=\"tips-text\">\n<h3>Soyez s\u00fbr que votre travail se distingue<\/h3>\n<p>L&#8217;originalit\u00e9 est la base de la confiance et du succ\u00e8s, et avec Paper-Checker.com, vous pouvez prot\u00e9ger votre travail avec confiance. Que vous soyez un \u00e9tudiant visant \u00e0 l&#8217;excellence acad\u00e9mique, un professionnel pr\u00e9servant sa r\u00e9putation ou un \u00e9crivain assurant l&#8217;authenticit\u00e9, notre service fournit les outils pour v\u00e9rifier et am\u00e9liorer votre contenu.<\/p>\n<p>Prenez le contr\u00f4le de la qualit\u00e9 et de l&#8217;int\u00e9grit\u00e9 de votre travail aujourd&#8217;hui. Rejoignez les milliers qui font confiance \u00e0 Paper-Checker.com pour aider leurs id\u00e9es \u00e0 briller.<\/p>\n<\/div>\n<\/div>\n<div class=\"col col-12 col-sm-12 col-md-6 col-lg-6\"><img alt=\"astuces\" decoding=\"async\" src=\"\/wp-content\/themes\/main\/images\/tips-students-img.png\"\/><\/div>\n<\/div>\n<div class=\"row\">\n<div class=\"col col-12 col-sm-12\">\n<div class=\"dark-info check-words\">\n<div class=\"header top-white-line\">Ne risquez pas <span class=\"light-green\">votre r\u00e9putation<\/span><\/div>\n<div class=\"text\" style=\"max-width: 800px;\"><span class=\"grey-text\">Faites de l&#8217;originalit\u00e9 votre norme avec Paper-Checker.com !<\/span><\/div>\n<\/div>\n<\/div>\n<\/div>\n<\/div>\n<\/div>\n","protected":false},"excerpt":{"rendered":"<p>Pourquoi choisir Paper-Checker.com pour la d\u00e9tection de plagiat ? L&#8217;originalit\u00e9 est le pilier de la confiance et du succ\u00e8s dans tout domaine. \u00c0 Paper-Checker.com, nous comprenons l&#8217;importance de prot\u00e9ger votre travail contre le plagiat. C&#8217;est bien plus qu&#8217;un simple respect des attentes : c&#8217;est aussi une question de d\u00e9fendre votre cr\u00e9dibilit\u00e9 et de pr\u00e9senter vos id\u00e9es uniques. Notre service de d\u00e9tection de plagiat est con\u00e7u pour vous aider \u00e0 atteindre ces objectifs.<\/p>\n","protected":false},"author":1,"featured_media":0,"parent":0,"menu_order":0,"comment_status":"closed","ping_status":"closed","template":"tpl-landing-page.php","meta":{"_acf_changed":false,"_yoast_wpseo_title":"V\u00e9rification de plagiat : Exp\u00e9rimenter l'originalit\u00e9 avec Paper-Checker.com","_yoast_wpseo_metadesc":"D\u00e9tection rapide du plagiat avec une pr\u00e9cision sans \u00e9gal, assurant que votre \u00e9criture acad\u00e9mique, professionnelle et cr\u00e9ative est originale.","_locale":"fr_FR","_original_post":"http:\/\/paper-checker.com.loc\/?page_id=49","iawp_total_views":7,"footnotes":""},"class_list":["post-631","page","type-page","status-publish","hentry","fr-FR"],"acf":[],"yoast_head":"<!-- This site is optimized with the Yoast SEO plugin v27.5 - https:\/\/yoast.com\/product\/yoast-seo-wordpress\/ -->\n<title>V\u00e9rification de plagiat : Exp\u00e9rimenter l&#039;originalit\u00e9 avec Paper-Checker.com<\/title>\n<meta name=\"description\" content=\"D\u00e9tection rapide du plagiat avec une pr\u00e9cision sans \u00e9gal, assurant que votre \u00e9criture acad\u00e9mique, professionnelle et cr\u00e9ative est originale.\" \/>\n<meta name=\"robots\" content=\"index, follow, max-snippet:-1, max-image-preview:large, max-video-preview:-1\" \/>\n<link rel=\"canonical\" href=\"https:\/\/paper-checker.com\/fr\/plagiarism-check\/\" \/>\n<meta property=\"og:locale\" content=\"fr_FR\" \/>\n<meta property=\"og:type\" content=\"article\" \/>\n<meta property=\"og:title\" content=\"V\u00e9rification de plagiat : Exp\u00e9rimenter l&#039;originalit\u00e9 avec Paper-Checker.com\" \/>\n<meta property=\"og:description\" content=\"D\u00e9tection rapide du plagiat avec une pr\u00e9cision sans \u00e9gal, assurant que votre \u00e9criture acad\u00e9mique, professionnelle et cr\u00e9ative est originale.\" \/>\n<meta property=\"og:url\" content=\"https:\/\/paper-checker.com\/fr\/plagiarism-check\/\" \/>\n<meta property=\"og:site_name\" content=\"Paper Checker\" \/>\n<meta property=\"og:image\" content=\"https:\/\/paper-checker.com\/wp-content\/uploads\/2024\/12\/home.jpg\" \/>\n\t<meta property=\"og:image:width\" content=\"1200\" \/>\n\t<meta property=\"og:image:height\" content=\"675\" \/>\n\t<meta property=\"og:image:type\" content=\"image\/jpeg\" \/>\n<meta name=\"twitter:card\" content=\"summary_large_image\" \/>\n<meta name=\"twitter:label1\" content=\"Dur\u00e9e de lecture estim\u00e9e\" \/>\n\t<meta name=\"twitter:data1\" content=\"4 minutes\" \/>\n<!-- \/ Yoast SEO plugin. -->","yoast_head_json":{"title":"V\u00e9rification de plagiat : Exp\u00e9rimenter l'originalit\u00e9 avec Paper-Checker.com","description":"D\u00e9tection rapide du plagiat avec une pr\u00e9cision sans \u00e9gal, assurant que votre \u00e9criture acad\u00e9mique, professionnelle et cr\u00e9ative est originale.","robots":{"index":"index","follow":"follow","max-snippet":"max-snippet:-1","max-image-preview":"max-image-preview:large","max-video-preview":"max-video-preview:-1"},"canonical":"https:\/\/paper-checker.com\/fr\/plagiarism-check\/","og_locale":"fr_FR","og_type":"article","og_title":"V\u00e9rification de plagiat : Exp\u00e9rimenter l'originalit\u00e9 avec Paper-Checker.com","og_description":"D\u00e9tection rapide du plagiat avec une pr\u00e9cision sans \u00e9gal, assurant que votre \u00e9criture acad\u00e9mique, professionnelle et cr\u00e9ative est originale.","og_url":"https:\/\/paper-checker.com\/fr\/plagiarism-check\/","og_site_name":"Paper Checker","og_image":[{"width":1200,"height":675,"url":"https:\/\/paper-checker.com\/wp-content\/uploads\/2024\/12\/home.jpg","type":"image\/jpeg"}],"twitter_card":"summary_large_image","twitter_misc":{"Dur\u00e9e de lecture estim\u00e9e":"4 minutes"},"schema":{"@context":"https:\/\/schema.org","@graph":[{"@type":"WebPage","@id":"https:\/\/paper-checker.com\/fr\/plagiarism-check\/","url":"https:\/\/paper-checker.com\/fr\/plagiarism-check\/","name":"V\u00e9rification de plagiat : Exp\u00e9rimenter l'originalit\u00e9 avec Paper-Checker.com","isPartOf":{"@id":"https:\/\/paper-checker.com\/#website"},"datePublished":"2024-12-23T08:38:01+00:00","description":"D\u00e9tection rapide du plagiat avec une pr\u00e9cision sans \u00e9gal, assurant que votre \u00e9criture acad\u00e9mique, professionnelle et cr\u00e9ative est originale.","breadcrumb":{"@id":"https:\/\/paper-checker.com\/fr\/plagiarism-check\/#breadcrumb"},"inLanguage":"fr-FR","potentialAction":[{"@type":"ReadAction","target":["https:\/\/paper-checker.com\/fr\/plagiarism-check\/"]}]},{"@type":"BreadcrumbList","@id":"https:\/\/paper-checker.com\/fr\/plagiarism-check\/#breadcrumb","itemListElement":[{"@type":"ListItem","position":1,"name":"Home","item":"https:\/\/paper-checker.com\/fr\/"},{"@type":"ListItem","position":2,"name":"V\u00e9rifiez le papier pour la plagiat"}]},{"@type":"WebSite","@id":"https:\/\/paper-checker.com\/#website","url":"https:\/\/paper-checker.com\/","name":"Paper Checker","description":"","publisher":{"@id":"https:\/\/paper-checker.com\/#organization"},"potentialAction":[{"@type":"SearchAction","target":{"@type":"EntryPoint","urlTemplate":"https:\/\/paper-checker.com\/?s={search_term_string}"},"query-input":{"@type":"PropertyValueSpecification","valueRequired":true,"valueName":"search_term_string"}}],"inLanguage":"fr-FR"},{"@type":"Organization","@id":"https:\/\/paper-checker.com\/#organization","name":"Paper Checker","url":"https:\/\/paper-checker.com\/","logo":{"@type":"ImageObject","inLanguage":"fr-FR","@id":"https:\/\/paper-checker.com\/#\/schema\/logo\/image\/","url":"https:\/\/paper-checker.com\/wp-content\/uploads\/2024\/12\/Group.png","contentUrl":"https:\/\/paper-checker.com\/wp-content\/uploads\/2024\/12\/Group.png","width":30,"height":30,"caption":"Paper Checker"},"image":{"@id":"https:\/\/paper-checker.com\/#\/schema\/logo\/image\/"}}]}},"_links":{"self":[{"href":"https:\/\/paper-checker.com\/wp-json\/wp\/v2\/pages\/631","targetHints":{"allow":["GET"]}}],"collection":[{"href":"https:\/\/paper-checker.com\/wp-json\/wp\/v2\/pages"}],"about":[{"href":"https:\/\/paper-checker.com\/wp-json\/wp\/v2\/types\/page"}],"author":[{"embeddable":true,"href":"https:\/\/paper-checker.com\/wp-json\/wp\/v2\/users\/1"}],"replies":[{"embeddable":true,"href":"https:\/\/paper-checker.com\/wp-json\/wp\/v2\/comments?post=631"}],"version-history":[{"count":1,"href":"https:\/\/paper-checker.com\/wp-json\/wp\/v2\/pages\/631\/revisions"}],"predecessor-version":[{"id":632,"href":"https:\/\/paper-checker.com\/wp-json\/wp\/v2\/pages\/631\/revisions\/632"}],"wp:attachment":[{"href":"https:\/\/paper-checker.com\/wp-json\/wp\/v2\/media?parent=631"}],"curies":[{"name":"wp","href":"https:\/\/api.w.org\/{rel}","templated":true}]}}