{"id":1604,"date":"2024-12-24T11:01:58","date_gmt":"2024-12-24T11:01:58","guid":{"rendered":"https:\/\/paper-checker.com\/?page_id=1604"},"modified":"2024-12-24T11:41:42","modified_gmt":"2024-12-24T11:41:42","slug":"privacy-policy","status":"publish","type":"page","link":"https:\/\/paper-checker.com\/hr\/privacy-policy\/","title":{"rendered":"Politika privatnosti"},"content":{"rendered":"<h2>Politika privatnosti<\/h2>\n<p>Sistem Technologije Online, SL., Calle Pintor P\u00e9rez Gil 2, b.46 03540, Alicante, \u0160panija (\u201cmi\u201d, \u201cnam\u201d ili \u201cna\u0161\u201d) upravlja web-stranicom Paper-Checker.com i je kontroler va\u0161ih osobnih podataka.<\/p>\n<p>\u017delimo izraziti svoju zahvalu na vrijeme koje ste posvetili pregledu na\u0161ih ponuda i interesu za usluge na\u0161e tvrtke. Mo\u017eete biti sigurni da osiguravamo neotkrivanje svih osobnih podataka na\u0161ih klijenata. Sve vrste osobnih informacija koje na\u0161i klijenti pru\u017eaju ostaju sigurne i privatne. Ne postoji mogu\u0107nost zloupotrebe ili gubitka detalja ako odaberete usluge na\u0161e tvrtke.<\/p>\n<p>Ispod mo\u017eete prona\u0107i objasnjenja o podacima koje skupljamo od na\u0161ih klijenata.<\/p>\n<p>Tijekom suradnje potrebni su nam sljede\u0107i detalji:<\/p>\n<ul>\n<li>Na\u0161i klijenti;<\/li>\n<li>Posjetitelji na\u0161e web-stranice.<\/li>\n<\/ul>\n<p>Detalji koje skuplja web-poslu\u017eitelj uklju\u010duju:<\/p>\n<ul>\n<li>Vrsta pretra\u017eiva\u010da;<\/li>\n<li>Dan i vrijeme pristupanja web-stranici;<\/li>\n<li>Vrsta operativnog sustava.<\/li>\n<\/ul>\n<p>Molimo napomenite da skupljene informacije nikada nisu prodavane ili dijeljene; one nisu povezane s otkrivanjem bilo kakve identitete. Jedini cilj skupljanja tih podataka je prilagodba podataka i pobolj\u0161anje sadr\u017eaja web-stranice.<\/p>\n<p><strong>Kola\u010di\u0107i<\/strong><\/p>\n<p>Web stranice koje pripadaju Paper-Checker.com koriste datoteke nazvane &#8220;kola\u010di\u0107i&#8221; &#8211; tekstualne datoteke prenesene na ra\u010dunalni sustav putem web preglednika. Ove datoteke nam omogu\u0107uju da pru\u017eimo korisnicima koji pose\u0107uju na\u0161u web stranicu sadr\u017eaj koji je prijatno za kori\u0161tenje.<\/p>\n<p>Skupanje kola\u010di\u0107a mo\u017ee se zaustaviti ako se promijene postavke web preglednika. Postavljeni kola\u010di\u0107i mogu se ukloniti koriste\u0107i specifi\u010dne ra\u010dunalne programe ili putem Interneta. Imajte na umu da neke funkcije koje nudi na\u0161a web stranica mogu biti nedostupne nakon deaktiviranja skupljanja kola\u010di\u0107a.<\/p>\n<p><strong>Skupanje podataka o kupovini<\/strong><\/p>\n<p>Paper-Checker.com skuplja osobne podatke kao \u0161to su ime, broj telefona, e-po\u0161ta, zemlja porijekla i datum ro\u0111enja. U svrhu efikasnog obra\u0111ivanja zahteva korisnika, na\u0161 resurs tako\u0111er skuplja neke povjerljive podatke, kao \u0161to su brojevi kreditne kartice i paso\u0161a, zdravstvene historije koje \u0161aljemo na\u0161im osigura\u010dkim partnerima. U svakom drugom slu\u010daju, Paper-Checker.com ne skuplja ili pohranjuje bilo kakve povjerljive informacije.<\/p>\n<p><strong>Skupanje op\u0107enitih informacija<\/strong><\/p>\n<p>Web stranice koje pripadaju mre\u017ei Paper-Checker.com mogu skupiti podatke o:<\/p>\n<ul>\n<li>Vrsta softvera za pregledavanje web stranica;<\/li>\n<li>Kori\u0161teni PC sustav;<\/li>\n<li>Online resurs s kojeg se pristupa na\u0161oj web stranici;<\/li>\n<li>Podstranice;<\/li>\n<li>Datum i vrijeme kada je posje\u0107ena na\u0161a web stranica;<\/li>\n<li>IP adresa;<\/li>\n<li>Web provider;<\/li>\n<li>Ostali podaci koji se mogu koristiti za napad na na\u0161e IT sustave.<\/li>\n<\/ul>\n<p>Navedene informacije se koriste za:<\/p>\n<ul>\n<li>Pru\u017eiti na\u0161 sadr\u017eaj odgovorno;<\/li>\n<li>Unaprijediti i sadr\u017eaj i na\u010din njegovo reklamiranja;<\/li>\n<li>Garantirati tehni\u010dku realizabilnost;<\/li>\n<\/ul>\n<p>Pru\u017eiti vlasti podatke potrebne za provo\u0111enje kriminalnih istraga u vezi s cibernapadima. Skupljene \u010dinjenice se pregledavaju radi unapre\u0111ivanja sigurnosti podataka i na\u0161e tvrtke i klijenata.<\/p>\n<p><strong>Kori\u0161tenje kola\u010di\u0107a<\/strong><\/p>\n<p>Koristimo &#8216;kola\u010di\u0107e&#8217; jer nam omogu\u0107uju skupljanje statisti\u010dkih podataka o posjetama i kori\u0161tenju na\u0161e web stranice. Osim toga, ovo je dobar na\u010din za stvaranje efikasne navigacije.<\/p>\n<p><strong>Skupanje osobnih podataka<\/strong><\/p>\n<p>Na\u0161i klijenti se tijekom registracije pita da navedu sljede\u0107e osobne podatke:<\/p>\n<ul>\n<li>Ime<\/li>\n<li>Kontakt telefonski broj<\/li>\n<li>E-po\u0161ta<\/li>\n<\/ul>\n<p>Stoga se preporu\u010duje osigurati to\u010dnost kontakt podataka jer je to garancija visoke kvalitete pru\u017eenih usluga.<\/p>\n<p>Na\u0161a aplikacija pristupa podacima korisnika Googla samo nakon potvrde korisnika. Svi podaci \u0107e se koristiti za svrhe otkrivanja plagijata, bez dijeljenja ili spremanja osobnih podataka. Paper-Checker.com ne \u010duva, ne koristi i ne dijeli podatke o korisnicima Googla.<\/p>\n<p>Na\u0161i klijenti dobivaju 100 % garanciju da njihovi osobni podaci nikada ne\u0107e biti dostupni bilo tko osim zaposlenika tvrtke. Nije mogu\u0107e ni otkrivanje, dijeljenje, prodaja, objavljivanje ili slanje tre\u0107im stranama. Bilo koji tekst koji skenirate pomo\u0107u na\u0161e alatke za otkrivanje plagijata ne\u0107e se prenijeti tre\u0107oj strani ili koristiti za bilo kakve druge svrhe. Vi ste jedini vlasnik teksta izlo\u017eenog provjeri plagijata koja se pru\u017ea da se potvrdi originalnost sadr\u017eaja.<\/p>\n<p><strong>Online Transakcije<\/strong><\/p>\n<p>Koristimo samo sigurne online transakcije putem pouzdanih pla\u0107anje sistema koji isklju\u010duju svaku mogu\u0107nost iznosa informacija. U nekim slu\u010dajevima, Financijski odjelatak kontaktira na\u0161e klijente da se osigura verifikacija njihovih identiteta i sprije\u010di sve vrste online prevara.<\/p>\n<p><strong>Prava klijenata<\/strong><\/p>\n<p>Informacije u klijentskom profilu mogu biti izmijenjene, ure\u0111ivane, zamijenjene ili izbrisane od strane korisnika. Ako trebate bilo kakve promjene ili pomo\u0107, ne oklevajte se kontaktirati tim za podr\u0161ku klijentima.<\/p>\n<p>Cijenimo izuzetno va\u0161e preferencije u pogledu privatnog kori\u0161tenja na\u0161ih usluga za otkrivanje plagijata, kao i opcije ure\u0111ivanja\/ponovnog pisanja\/provjere pravopisa. Va\u0161e osobne informacije \u0107e se koristiti samo za unutar-tvrtku svrhe. Kori\u0161tenje na\u0161ih usluga podrazumijeva va\u0161u prihvat privatnosti politike i propisa.<\/p>\n<p><strong>Google Disk i informacije o ra\u010dunu<\/strong><\/p>\n<p>Ne koristimo informacije koje pohranjujete na svom Google Disku za li\u010dnu upotrebu. Va\u0161e ime, e-po\u0161ta i veze datoteke nisu automatski pohranjeni na na\u0161e servere osim ako ih prenijete putem na\u0161e aplikacije. Ne namjeravamo dijeliti va\u0161e datoteke ili osobne informacije s bilo kojim tre\u0107im stranama. Ne vr\u0161imo nikakve promjene u va\u0161im datotekama osim ako to ne u\u010dinite izravno putem na\u0161e aplikacije ili u Google Disku. Ako odaberete da izbri\u0161ete tekstualnu datoteku koju ste podijelili s nama, podaci \u0107e se brzo izbrisati sa na\u0161eg servera. Me\u0111utim, datoteke ne\u0107e biti izbrisane s va\u0161eg Google Diska. Tako\u0111er mo\u017eete uvijek odbiti pristup va\u0161im podacima na Google Disku. Zadr\u017eavamo pravo da sprije\u010dimo svakoga od kori\u0161tenja na\u0161e aplikacije za pristup njihovom Google Disku.<\/p>\n<p>Na\u0161a web stranica \u0107e pristupiti korisni\u010dkim datotekama na njihovom Google Disku, ali samo s dozvolom za \u010ditanje (osobito, &#8220;https:\/\/www.googleapis.com\/auth\/drive.readonly&#8221; opseg). Pohranit \u0107emo tekstualni sadr\u017eaj datoteka samo za korisnika. Korisnik zadr\u017eava mogu\u0107nost brisanja ovih podataka u bilo kojem trenutku.<\/p>\n<p><strong>Ugovor o uslugi Google API servisa<\/strong><\/p>\n<p>Kori\u0161tenje i prijenos podataka dobivenih iz Google API-ja na bilo koju drugu aplikaciju \u0107e se odredbama Poljitike za korisni\u010dke podatke usluga Google API Services pridr\u017eavati, uklju\u010duju\u0107i i ograni\u010denja za upotrebu.<\/p>\n<p><strong>GDPR Pridr\u017eavanje na Skladanju i Brisanju Osobnih Podataka<\/strong><\/p>\n<p>U skladu s Op\u0107im propisima o za\u0161titi podataka (GDPR), obavezujemo se da \u0107e se pravno ravnati osobnim podacima. Na prekidanje usluga, ili isteku ugovora ili dogovora, obvezani smo da vratimo ili izbri\u0161emo sve osobne podatke koje posjedujemo, osim ako nije prisutno zakonito obavezanje za njegovo skladi\u0161tenje. Na\u0161e djelovanja \u0107e se strogo dr\u017eati Pravila GDPR-a kako bismo osigurali privatnost i za\u0161titu pojedina\u010dnih osobnih podataka.<\/p>\n","protected":false},"excerpt":{"rendered":"<p>Privatna politika za Sistem Technologije Online, SL., Calle Pintor P\u00e9rez Gil 2, b.46 03540, Alicante, \u0160panija (&#8220;mi&#8221;, &#8220;nam&#8221; ili &#8220;na\u0161&#8221;) upravlja web-stranicom Paper-Checker.com i je kontroler va\u0161ih osobnih podataka. \u017delimo izraziti svoju zahvalu na vrijeme koje ste posvetili pregledu na\u0161ih ponuda i interesu za na\u0161e tvrtke.<\/p>\n","protected":false},"author":1,"featured_media":0,"parent":0,"menu_order":0,"comment_status":"closed","ping_status":"open","template":"","meta":{"_acf_changed":false,"_yoast_wpseo_title":"Politika privatnosti | Va\u0161i podaci su va\u017eni na Paper-Checkeru","_yoast_wpseo_metadesc":"Saznajte kako Paper-Checker.com za\u0161tituje va\u0161e podatke i osigurava konfidencijalnost pri pru\u017eanju usluga detekcije plagijata i umjetne inteligencije. ```text Saznajte kako Paper-Checker.com za\u0161tituje va\u0161e podatke i osigurava konfidencijalnost pri pru\u017eanju usluga detekcije plagijata i umjetne inteligencije. ```","_locale":"hr","_original_post":"http:\/\/paper-checker.com.loc\/?page_id=3","iawp_total_views":0,"footnotes":""},"class_list":["post-1604","page","type-page","status-publish","hentry","hr"],"acf":[],"yoast_head":"<!-- This site is optimized with the Yoast SEO plugin v27.4 - https:\/\/yoast.com\/product\/yoast-seo-wordpress\/ -->\n<title>Politika privatnosti | Va\u0161i podaci su va\u017eni na Paper-Checkeru<\/title>\n<meta name=\"description\" content=\"Saznajte kako Paper-Checker.com za\u0161tituje va\u0161e podatke i osigurava konfidencijalnost pri pru\u017eanju usluga detekcije plagijata i umjetne inteligencije. ```text Saznajte kako Paper-Checker.com za\u0161tituje va\u0161e podatke i osigurava konfidencijalnost pri pru\u017eanju usluga detekcije plagijata i umjetne inteligencije. ```\" \/>\n<meta name=\"robots\" content=\"noindex, nofollow\" \/>\n<meta property=\"og:locale\" content=\"hr_HR\" \/>\n<meta property=\"og:type\" content=\"article\" \/>\n<meta property=\"og:title\" content=\"Politika privatnosti | Va\u0161i podaci su va\u017eni na Paper-Checkeru\" \/>\n<meta property=\"og:description\" content=\"Saznajte kako Paper-Checker.com za\u0161tituje va\u0161e podatke i osigurava konfidencijalnost pri pru\u017eanju usluga detekcije plagijata i umjetne inteligencije. ```text Saznajte kako Paper-Checker.com za\u0161tituje va\u0161e podatke i osigurava konfidencijalnost pri pru\u017eanju usluga detekcije plagijata i umjetne inteligencije. ```\" \/>\n<meta property=\"og:url\" content=\"https:\/\/paper-checker.com\/hr\/privacy-policy\/\" \/>\n<meta property=\"og:site_name\" content=\"Paper Checker\" \/>\n<meta property=\"article:modified_time\" content=\"2024-12-24T11:41:42+00:00\" \/>\n<meta property=\"og:image\" content=\"https:\/\/paper-checker.com\/wp-content\/uploads\/2024\/12\/home.jpg\" \/>\n\t<meta property=\"og:image:width\" content=\"1200\" \/>\n\t<meta property=\"og:image:height\" content=\"675\" \/>\n\t<meta property=\"og:image:type\" content=\"image\/jpeg\" \/>\n<meta name=\"twitter:card\" content=\"summary_large_image\" \/>\n<meta name=\"twitter:label1\" content=\"Procijenjeno vrijeme \u010ditanja\" \/>\n\t<meta name=\"twitter:data1\" content=\"5 minuta\" \/>\n<!-- \/ Yoast SEO plugin. -->","yoast_head_json":{"title":"Politika privatnosti | Va\u0161i podaci su va\u017eni na Paper-Checkeru","description":"Saznajte kako Paper-Checker.com za\u0161tituje va\u0161e podatke i osigurava konfidencijalnost pri pru\u017eanju usluga detekcije plagijata i umjetne inteligencije. ```text Saznajte kako Paper-Checker.com za\u0161tituje va\u0161e podatke i osigurava konfidencijalnost pri pru\u017eanju usluga detekcije plagijata i umjetne inteligencije. ```","robots":{"index":"noindex","follow":"nofollow"},"og_locale":"hr_HR","og_type":"article","og_title":"Politika privatnosti | Va\u0161i podaci su va\u017eni na Paper-Checkeru","og_description":"Saznajte kako Paper-Checker.com za\u0161tituje va\u0161e podatke i osigurava konfidencijalnost pri pru\u017eanju usluga detekcije plagijata i umjetne inteligencije. ```text Saznajte kako Paper-Checker.com za\u0161tituje va\u0161e podatke i osigurava konfidencijalnost pri pru\u017eanju usluga detekcije plagijata i umjetne inteligencije. ```","og_url":"https:\/\/paper-checker.com\/hr\/privacy-policy\/","og_site_name":"Paper Checker","article_modified_time":"2024-12-24T11:41:42+00:00","og_image":[{"width":1200,"height":675,"url":"https:\/\/paper-checker.com\/wp-content\/uploads\/2024\/12\/home.jpg","type":"image\/jpeg"}],"twitter_card":"summary_large_image","twitter_misc":{"Procijenjeno vrijeme \u010ditanja":"5 minuta"},"schema":{"@context":"https:\/\/schema.org","@graph":[{"@type":"WebPage","@id":"https:\/\/paper-checker.com\/hr\/privacy-policy\/","url":"https:\/\/paper-checker.com\/hr\/privacy-policy\/","name":"Politika privatnosti | Va\u0161i podaci su va\u017eni na Paper-Checkeru","isPartOf":{"@id":"https:\/\/paper-checker.com\/#website"},"datePublished":"2024-12-24T11:01:58+00:00","dateModified":"2024-12-24T11:41:42+00:00","description":"Saznajte kako Paper-Checker.com za\u0161tituje va\u0161e podatke i osigurava konfidencijalnost pri pru\u017eanju usluga detekcije plagijata i umjetne inteligencije. ```text Saznajte kako Paper-Checker.com za\u0161tituje va\u0161e podatke i osigurava konfidencijalnost pri pru\u017eanju usluga detekcije plagijata i umjetne inteligencije. ```","breadcrumb":{"@id":"https:\/\/paper-checker.com\/hr\/privacy-policy\/#breadcrumb"},"inLanguage":"hr","potentialAction":[{"@type":"ReadAction","target":["https:\/\/paper-checker.com\/hr\/privacy-policy\/"]}]},{"@type":"BreadcrumbList","@id":"https:\/\/paper-checker.com\/hr\/privacy-policy\/#breadcrumb","itemListElement":[{"@type":"ListItem","position":1,"name":"Home","item":"https:\/\/paper-checker.com\/hr\/"},{"@type":"ListItem","position":2,"name":"Politika privatnosti"}]},{"@type":"WebSite","@id":"https:\/\/paper-checker.com\/#website","url":"https:\/\/paper-checker.com\/","name":"Paper Checker","description":"","publisher":{"@id":"https:\/\/paper-checker.com\/#organization"},"potentialAction":[{"@type":"SearchAction","target":{"@type":"EntryPoint","urlTemplate":"https:\/\/paper-checker.com\/?s={search_term_string}"},"query-input":{"@type":"PropertyValueSpecification","valueRequired":true,"valueName":"search_term_string"}}],"inLanguage":"hr"},{"@type":"Organization","@id":"https:\/\/paper-checker.com\/#organization","name":"Paper Checker","url":"https:\/\/paper-checker.com\/","logo":{"@type":"ImageObject","inLanguage":"hr","@id":"https:\/\/paper-checker.com\/#\/schema\/logo\/image\/","url":"https:\/\/paper-checker.com\/wp-content\/uploads\/2024\/12\/Group.png","contentUrl":"https:\/\/paper-checker.com\/wp-content\/uploads\/2024\/12\/Group.png","width":30,"height":30,"caption":"Paper Checker"},"image":{"@id":"https:\/\/paper-checker.com\/#\/schema\/logo\/image\/"}}]}},"_links":{"self":[{"href":"https:\/\/paper-checker.com\/wp-json\/wp\/v2\/pages\/1604","targetHints":{"allow":["GET"]}}],"collection":[{"href":"https:\/\/paper-checker.com\/wp-json\/wp\/v2\/pages"}],"about":[{"href":"https:\/\/paper-checker.com\/wp-json\/wp\/v2\/types\/page"}],"author":[{"embeddable":true,"href":"https:\/\/paper-checker.com\/wp-json\/wp\/v2\/users\/1"}],"replies":[{"embeddable":true,"href":"https:\/\/paper-checker.com\/wp-json\/wp\/v2\/comments?post=1604"}],"version-history":[{"count":1,"href":"https:\/\/paper-checker.com\/wp-json\/wp\/v2\/pages\/1604\/revisions"}],"predecessor-version":[{"id":1605,"href":"https:\/\/paper-checker.com\/wp-json\/wp\/v2\/pages\/1604\/revisions\/1605"}],"wp:attachment":[{"href":"https:\/\/paper-checker.com\/wp-json\/wp\/v2\/media?parent=1604"}],"curies":[{"name":"wp","href":"https:\/\/api.w.org\/{rel}","templated":true}]}}