{"id":1660,"date":"2024-12-24T11:48:48","date_gmt":"2024-12-24T11:48:48","guid":{"rendered":"https:\/\/paper-checker.com\/?page_id=1660"},"modified":"2024-12-24T11:48:48","modified_gmt":"2024-12-24T11:48:48","slug":"contacts","status":"publish","type":"page","link":"https:\/\/paper-checker.com\/hr\/contacts\/","title":{"rendered":"Kontakt"},"content":{"rendered":"<p>\u00a0<\/p>\n<div class=\"row page-title-row\">\n<div class=\"col col-12\">\n<h1>Kontaktirajte Nas<\/h1>\n<div class=\"subtitle\">Sre\u0107ni smo da pomognemo!<\/div>\n<p class=\"contacts-subtitle-text\">Ako imate pitanja o na\u0161im uslugama protu plagijata i detekcije umjetne inteligencije, potrebna vam je pomo\u0107 ili \u017eelite ostaviti povratne informacije, nemojte se oklijevati da nas kontaktirate.<\/p>\n<\/div>\n<\/div>\n<div class=\"row row-contact-us\">\n<div class=\"col col-12 col-sm-12 col-md-6 col-lg-5\">\n<div class=\"get-touch get-touch-contacts\">\n<div class=\"get-touch-title\">Kontaktirajte Nas<\/div>\n<div class=\"get-touch-item\">\n<p><img alt=\"ikona\" class=\"touch-img\" decoding=\"async\" src=\"\/wp-content\/themes\/main\/images\/touch_address_icon.svg\"\/><\/p>\n<div class=\"text-part\">\n<div class=\"title\">Adresa<\/div>\n<div class=\"text\">Calle Pintor P\u00e9rez Gil 2, b.46 03540, Alicante, \u0160panija<\/div>\n<\/div>\n<\/div>\n<div class=\"get-touch-item\">\n<p><img alt=\"ikona\" class=\"touch-img\" decoding=\"async\" src=\"\/wp-content\/themes\/main\/images\/touch_phone_icon.svg\"\/><\/p>\n<div class=\"text-part\">\n<div class=\"title\">Telefon<\/div>\n<div class=\"text\"><a class=\"phone\" href=\"tel:+1(888)892-5809\">+1(888)892-5809<\/a><\/div>\n<\/div>\n<\/div>\n<div class=\"get-touch-item\">\n<p><img alt=\"ikona\" class=\"touch-img\" decoding=\"async\" src=\"\/wp-content\/themes\/main\/images\/touch_mail_icon.svg\"\/><\/p>\n<div class=\"text-part\">\n<div class=\"title\">E-po\u0161ta<\/div>\n<div class=\"text\"><a href=\"mailto:support@paper-checker.com\">support@paper-checker.com<\/a><\/div>\n<\/div>\n<\/div>\n<div class=\"get-touch-title bottom-part\">\n<p>Dru\u0161tvene mre\u017ee<\/p>\n<div class=\"social-buttons-part\"><a><img alt=\"ikona\" decoding=\"async\" src=\"\/wp-content\/themes\/main\/images\/linkedin-icon-white.svg\"\/><\/a><a><img alt=\"ikona\" decoding=\"async\" src=\"\/wp-content\/themes\/main\/images\/x-icon-white.svg\"\/><\/a><a href=\"https:\/\/www.youtube.com\/@plagiarismsearch5119\" target=\"_blank\"><img alt=\"ikona\" decoding=\"async\" src=\"\/wp-content\/themes\/main\/images\/youtube-icon-white-bg.svg\" style=\"width:30px;margin-right:-6px;margin-left:-3px;\"\/><\/a><a href=\"https:\/\/www.instagram.com\/plagiarismsearch\/\" target=\"_blank\"><img alt=\"ikona\" decoding=\"async\" src=\"\/wp-content\/themes\/main\/images\/instagram-icon-white.svg\" style=\"width:24px;height:auto;\"\/><\/a><\/div>\n<\/div>\n<\/div>\n<\/div>\n<div class=\"col col-12 col-sm-12 col-md-6 col-lg-7\">\n<div class=\"contact-form-wrapper\">\n<p><span class=\"semibold\">Ili samo popunite obrazac ispod i vratit \u0107emo se na vas u kratkom roku.<\/span><\/p>\n<div class=\"contact-us-form\">\n<div class=\"wpcf7 no-js\" data-wpcf7-id=\"23\" dir=\"ltr\" id=\"wpcf7-f23-o1\" lang=\"en-US\">\n<div class=\"screen-reader-response\">\n<p aria-atomic=\"true\" aria-live=\"polite\" role=\"status\">\n<ul><\/ul>\n<\/div>\n<form action=\"\/wp-json\/wp\/v2\/pages?status=publish&amp;per_page=20&amp;page=1&amp;orderby=date&amp;order=asc#wpcf7-f23-o1\" aria-label=\"Contact form\" class=\"wpcf7-form init\" data-status=\"init\" method=\"post\" novalidate=\"novalidate\">\n<div style=\"display: none;\">\n<input name=\"_wpcf7\" type=\"hidden\" value=\"23\"\/><br \/>\n<input name=\"_wpcf7_version\" type=\"hidden\" value=\"6.0.2\"\/><br \/>\n<input name=\"_wpcf7_locale\" type=\"hidden\" value=\"hr_HR\"\/><br \/>\n<input name=\"_wpcf7_unit_tag\" type=\"hidden\" value=\"wpcf7-f23-o1\"\/><br \/>\n<input name=\"_wpcf7_container_post\" type=\"hidden\" value=\"0\"\/><br \/>\n<input name=\"_wpcf7_posted_data_hash\" type=\"hidden\" value=\"\"\/>\n<\/div>\n<div class=\"row line-flex\">\n<div class=\"col col-12 col-sm-6 col-md-12 col-lg-6\">\n<p><label>Va\u0161e ime <\/label><span class=\"wpcf7-form-control-wrap\" data-name=\"your-name\"><input aria-invalid=\"false\" aria-required=\"true\" autocomplete=\"name\" class=\"wpcf7-form-control wpcf7-text wpcf7-validates-as-required\" maxlength=\"400\" name=\"your-name\" size=\"40\" type=\"text\" value=\"\"\/><\/span>\n<\/p>\n<\/div>\n<div class=\"col col-12 col-sm-6 col-md-12 col-lg-6\">\n<p><label>Va\u0161a e-po\u0161ta<\/label><span class=\"wpcf7-form-control-wrap\" data-name=\"your-email\"><input aria-invalid=\"false\" aria-required=\"true\" autocomplete=\"email\" class=\"wpcf7-form-control wpcf7-email wpcf7-validates-as-required wpcf7-text wpcf7-validates-as-email\" maxlength=\"400\" name=\"your-email\" size=\"40\" type=\"email\" value=\"\"\/><\/span>\n<\/p>\n<\/div>\n<\/div>\n<div class=\"row\">\n<div class=\"col col-12 col-sm-12\">\n<p><label>Predmet<\/label><span class=\"wpcf7-form-control-wrap\" data-name=\"your-subject\"><input aria-invalid=\"false\" aria-required=\"true\" class=\"wpcf7-form-control wpcf7-text wpcf7-validates-as-required\" maxlength=\"400\" name=\"your-subject\" size=\"40\" type=\"text\" value=\"\"\/><\/span>\n<\/p>\n<\/div>\n<\/div>\n<div class=\"row\">\n<div class=\"col col-12 col-sm-12\">\n<\/div>\n<p><label>Va\u0161a poruka (opcionalno)<\/label><span class=\"wpcf7-form-control-wrap\" data-name=\"your-message\"><textarea aria-invalid=\"false\" class=\"wpcf7-form-control wpcf7-textarea\" cols=\"40\" maxlength=\"2000\" name=\"your-message\" rows=\"10\"><\/textarea><\/span>\n<\/p>\n<\/div>\n<div class=\"row center\">\n<div class=\"col col-12 col-sm-12 col-submit\">\n<p><input class=\"wpcf77-form-control wpcf7-submit has-spinner\" type=\"submit\" value=\"Po\u0161alji\"\/>\n<\/p>\n<\/div>\n<\/div>\n<div aria-hidden=\"true\" class=\"wpcf7-response-output\"><\/div>\n<\/form>\n<\/div>\n<div class=\"grey-text center\">Nadamo se da \u0107emo uspostaviti kontakt s vama!<\/div>\n<\/div>\n<\/div>\n<\/div>\n<\/div>\n","protected":false},"excerpt":{"rendered":"<p>&nbsp; Kontaktirajte Nas Sre\u0107ni smo da pomognemo! Ako imate pitanja o na\u0161im uslugama protu plagijata i detekcije umjetne inteligencije, potrebna vam je pomo\u0107 ili \u017eelite ostaviti povratne informacije, nemojte se oklijevati da nas kontaktirate. Kontakt Informacije Adresa Calle Pintor P\u00e9rez Gil 2, b.46 03540, Alicante, \u0160panija Telefon +1(888)892-5809 Email support@paper-checker.com Dru\u0161tvene Mre\u017ee Ili jednostavno popunite obrazac.<\/p>\n","protected":false},"author":1,"featured_media":0,"parent":0,"menu_order":0,"comment_status":"closed","ping_status":"closed","template":"","meta":{"_acf_changed":false,"_yoast_wpseo_title":"Kontaktirajte nas | Paper-Checker.com","_yoast_wpseo_metadesc":"Kontaktirajte se s Paper-Checker.com za podr\u0161ku, upite ili povratne informacije.","_locale":"hr","_original_post":"http:\/\/paper-checker.com.loc\/?page_id=15","iawp_total_views":4,"footnotes":""},"class_list":["post-1660","page","type-page","status-publish","hentry","hr"],"acf":[],"yoast_head":"<!-- This site is optimized with the Yoast SEO plugin v27.4 - https:\/\/yoast.com\/product\/yoast-seo-wordpress\/ -->\n<title>Kontaktirajte nas | Paper-Checker.com<\/title>\n<meta name=\"description\" content=\"Kontaktirajte se s Paper-Checker.com za podr\u0161ku, upite ili povratne informacije.\" \/>\n<meta name=\"robots\" content=\"index, follow, max-snippet:-1, max-image-preview:large, max-video-preview:-1\" \/>\n<link rel=\"canonical\" href=\"https:\/\/paper-checker.com\/hr\/contacts\/\" \/>\n<meta property=\"og:locale\" content=\"hr_HR\" \/>\n<meta property=\"og:type\" content=\"article\" \/>\n<meta property=\"og:title\" content=\"Kontaktirajte nas | Paper-Checker.com\" \/>\n<meta property=\"og:description\" content=\"Kontaktirajte se s Paper-Checker.com za podr\u0161ku, upite ili povratne informacije.\" \/>\n<meta property=\"og:url\" content=\"https:\/\/paper-checker.com\/hr\/contacts\/\" \/>\n<meta property=\"og:site_name\" content=\"Paper Checker\" \/>\n<meta property=\"og:image\" content=\"https:\/\/paper-checker.com\/wp-content\/uploads\/2024\/12\/home.jpg\" \/>\n\t<meta property=\"og:image:width\" content=\"1200\" \/>\n\t<meta property=\"og:image:height\" content=\"675\" \/>\n\t<meta property=\"og:image:type\" content=\"image\/jpeg\" \/>\n<meta name=\"twitter:card\" content=\"summary_large_image\" \/>\n<meta name=\"twitter:label1\" content=\"Procijenjeno vrijeme \u010ditanja\" \/>\n\t<meta name=\"twitter:data1\" content=\"2 minute\" \/>\n<!-- \/ Yoast SEO plugin. -->","yoast_head_json":{"title":"Kontaktirajte nas | Paper-Checker.com","description":"Kontaktirajte se s Paper-Checker.com za podr\u0161ku, upite ili povratne informacije.","robots":{"index":"index","follow":"follow","max-snippet":"max-snippet:-1","max-image-preview":"max-image-preview:large","max-video-preview":"max-video-preview:-1"},"canonical":"https:\/\/paper-checker.com\/hr\/contacts\/","og_locale":"hr_HR","og_type":"article","og_title":"Kontaktirajte nas | Paper-Checker.com","og_description":"Kontaktirajte se s Paper-Checker.com za podr\u0161ku, upite ili povratne informacije.","og_url":"https:\/\/paper-checker.com\/hr\/contacts\/","og_site_name":"Paper Checker","og_image":[{"width":1200,"height":675,"url":"https:\/\/paper-checker.com\/wp-content\/uploads\/2024\/12\/home.jpg","type":"image\/jpeg"}],"twitter_card":"summary_large_image","twitter_misc":{"Procijenjeno vrijeme \u010ditanja":"2 minute"},"schema":{"@context":"https:\/\/schema.org","@graph":[{"@type":"WebPage","@id":"https:\/\/paper-checker.com\/hr\/contacts\/","url":"https:\/\/paper-checker.com\/hr\/contacts\/","name":"Kontaktirajte nas | Paper-Checker.com","isPartOf":{"@id":"https:\/\/paper-checker.com\/#website"},"datePublished":"2024-12-24T11:48:48+00:00","description":"Kontaktirajte se s Paper-Checker.com za podr\u0161ku, upite ili povratne informacije.","breadcrumb":{"@id":"https:\/\/paper-checker.com\/hr\/contacts\/#breadcrumb"},"inLanguage":"hr","potentialAction":[{"@type":"ReadAction","target":["https:\/\/paper-checker.com\/hr\/contacts\/"]}]},{"@type":"BreadcrumbList","@id":"https:\/\/paper-checker.com\/hr\/contacts\/#breadcrumb","itemListElement":[{"@type":"ListItem","position":1,"name":"Home","item":"https:\/\/paper-checker.com\/hr\/"},{"@type":"ListItem","position":2,"name":"Kontakt"}]},{"@type":"WebSite","@id":"https:\/\/paper-checker.com\/#website","url":"https:\/\/paper-checker.com\/","name":"Paper Checker","description":"","publisher":{"@id":"https:\/\/paper-checker.com\/#organization"},"potentialAction":[{"@type":"SearchAction","target":{"@type":"EntryPoint","urlTemplate":"https:\/\/paper-checker.com\/?s={search_term_string}"},"query-input":{"@type":"PropertyValueSpecification","valueRequired":true,"valueName":"search_term_string"}}],"inLanguage":"hr"},{"@type":"Organization","@id":"https:\/\/paper-checker.com\/#organization","name":"Paper Checker","url":"https:\/\/paper-checker.com\/","logo":{"@type":"ImageObject","inLanguage":"hr","@id":"https:\/\/paper-checker.com\/#\/schema\/logo\/image\/","url":"https:\/\/paper-checker.com\/wp-content\/uploads\/2024\/12\/Group.png","contentUrl":"https:\/\/paper-checker.com\/wp-content\/uploads\/2024\/12\/Group.png","width":30,"height":30,"caption":"Paper Checker"},"image":{"@id":"https:\/\/paper-checker.com\/#\/schema\/logo\/image\/"}}]}},"_links":{"self":[{"href":"https:\/\/paper-checker.com\/wp-json\/wp\/v2\/pages\/1660","targetHints":{"allow":["GET"]}}],"collection":[{"href":"https:\/\/paper-checker.com\/wp-json\/wp\/v2\/pages"}],"about":[{"href":"https:\/\/paper-checker.com\/wp-json\/wp\/v2\/types\/page"}],"author":[{"embeddable":true,"href":"https:\/\/paper-checker.com\/wp-json\/wp\/v2\/users\/1"}],"replies":[{"embeddable":true,"href":"https:\/\/paper-checker.com\/wp-json\/wp\/v2\/comments?post=1660"}],"version-history":[{"count":1,"href":"https:\/\/paper-checker.com\/wp-json\/wp\/v2\/pages\/1660\/revisions"}],"predecessor-version":[{"id":1661,"href":"https:\/\/paper-checker.com\/wp-json\/wp\/v2\/pages\/1660\/revisions\/1661"}],"wp:attachment":[{"href":"https:\/\/paper-checker.com\/wp-json\/wp\/v2\/media?parent=1660"}],"curies":[{"name":"wp","href":"https:\/\/api.w.org\/{rel}","templated":true}]}}