{"id":1678,"date":"2024-12-24T11:50:44","date_gmt":"2024-12-24T11:50:44","guid":{"rendered":"https:\/\/paper-checker.com\/?page_id=1678"},"modified":"2025-02-07T08:38:22","modified_gmt":"2025-02-07T08:38:22","slug":"plagiarism-check","status":"publish","type":"page","link":"https:\/\/paper-checker.com\/hr\/plagiarism-check\/","title":{"rendered":"Provjeri Papir za Plagijat"},"content":{"rendered":"<div class=\"effective-check\">\n<div class=\"container\">\n<div class=\"row\">\n<div class=\"col col-12 col-xs-12 col-sm-12 col-md-12 center\">\n<h2>Za\u0161to izabrati Paper-Checker.com za Uocavanje Plagijata?<\/h2>\n<\/div>\n<div class=\"col col-12 col-xs-12 col-sm-12 col-md-6 col-lg-6\">\n<div class=\"effective-check-text\">\n<p>Originalnost je kamen temeljac povjerenja i uspjeha u bilo kojoj oblasti. Na Paper-Checker.com razumijemo va\u017enost za\u0161tite va\u0161eg rada od plagijata. Ne radi se samo o ispunjavanju o\u010dekivanja \u2013 radi se o o\u010duvanju va\u0161eg kredibiliteta i prikazivanju va\u0161ih jedinstvenih ideja. Na\u0161a usluga provjere plagijata osmi\u0161ljena je da vam pomogne da postignete ove ciljeve s lako\u0107om i samopouzdanjem. Pokrenut naprednom tehnologijom, na\u0161 sistem pa\u017eljivo pregledava va\u0161 rad kako bi identificirao kopirani ili nenamjerno duplirani sadr\u017eaj. Bilo da ste student koji te\u017ei akademskoj izvrsnosti ili profesionalac koji odr\u017eava va\u0161u reputaciju, Paper-Checker.com osigurava da va\u0161 rad ostane autenti\u010dan i upe\u010datljiv.<\/p>\n<\/div>\n<\/div>\n<div class=\"col col-12 col-xs-12 col-sm-12 col-md-6 col-lg-6\">\n<div class=\"effective-check-content\">\n<div class=\"effective-check-block\">\n<div class=\"header\">Revolucija Misli i Kreativnosti<\/div>\n<div class=\"text\">Renaissance, koji se odvijao izme\u0111u 14. i 17. stolje\u0107a, bio je transformativni period u humanisti\u010dkoj povijesti. Po\u010dev\u0161i u Italiji, proslavio je preporod klasi\u010dne umjetnosti, knji\u017eevnosti i znanosti, \u0161to je podstaklo iznimne otkri\u0107e i kulturne promjene. Visioneri kao \u0161to su Leonardo da Vinci i Galileo su izazvali tradicionalne norme, spajaju\u0107i kreativnost s empirijskim opa\u017eanjem. Ovaj razdoblje je predefinirao izra\u017eaj umjetnosti i polo\u017eio temelje za moderno mi\u0161ljenje, istaknuv\u0161i individualnost i inovaciju.<\/div>\n<\/div>\n<div class=\"effective-double-images\"><img alt=\"plagijat\" decoding=\"async\" src=\"\/wp-content\/themes\/main\/images\/effect-plagiarism.png\"\/><br \/>\n<img alt=\"AI vjerojatnost\" decoding=\"async\" src=\"\/wp-content\/themes\/main\/images\/effect-ai-probability.png\"\/><\/div>\n<\/div>\n<\/div>\n<\/div>\n<\/div>\n<\/div>\n<div class=\"container\">\n<div class=\"row\">\n<div class=\"col col-12\">\n<div class=\"dark-info students-info\">\n<div class=\"dark-info-container\">\n<div class=\"title\">Pa\u017eljivo i Pouzdano Analiziranje<\/div>\n<div class=\"middle-info-block\">\n<div class=\"info-block-item\" role=\"presentation\">\n<div class=\"info-title\">500,000 Klijenata <img alt=\"ikona\" decoding=\"async\" src=\"\/wp-content\/themes\/main\/images\/customers_icon.png\"\/><\/div>\n<div class=\"info-text\">Na\u0161a mre\u017ea studenata, profesora i bloggera<\/div>\n<\/div>\n<div class=\"info-block-item\" role=\"presentation\">\n<div class=\"info-title\">100% Politika privatnosti <img alt=\"ikona\" decoding=\"async\" src=\"\/wp-content\/themes\/main\/images\/privacy_icon.svg\"\/><\/div>\n<div class=\"info-text\">Garantiramo apsolutnu konfidencijalnost na\u0161ih klijenata<\/div>\n<\/div>\n<\/div>\n<div class=\"dark-info-text\">Na Paper-Checker.com, osiguravamo originalnost va\u0161eg rada s neizjedna\u010deno precizno\u0161\u0107u. Na\u0161 napredni sustav analizira sadr\u017eaj u odnosu na obuhvatne baze podataka i daje detaljne izvje\u0161taje koja su lakih za \u010ditanje, unutar nekoliko minuta. Idealan je za studente, profesionalce i nastavnike, jer vam alat pomo\u0107i zadr\u017eati autenti\u010dnost akademskih radova, profesionalnih dokumenata i kreativnih projekata, \u0161to su true to va\u0161em glasu.<\/div>\n<\/div>\n<\/div>\n<\/div>\n<\/div>\n<div class=\"row\">\n<div class=\"col col-12 col-xs-12 col-sm-12\">\n<div class=\"unlocking-section\">\n<p><img alt=\"otklanjanje\" decoding=\"async\" src=\"\/wp-content\/themes\/main\/images\/woman-with-notebook.png\"\/><\/p>\n<div class=\"unlocking-content\">\n<h3>Napredna tehnologija iza usluge<\/h3>\n<p>\u0160to Paper-Checker.com \u010dini posebno je napredna tehnologija koja le\u017ei u njegovom osnivanju. Evo \u0161to mo\u017eete o\u010dekivati:<\/p>\n<ul>\n<li>Sofistificirani algoritmi<\/li>\n<li>Obuhvatna baza podataka<\/li>\n<li>Pove\u0107ana preciznost<\/li>\n<li>Brzi i pouzdani rezultati<\/li>\n<li>Korisni\u010dki prijateljski interfejs<\/li>\n<li>Posve\u0107enost inovaciji<\/li>\n<\/ul>\n<\/div>\n<\/div>\n<\/div>\n<\/div>\n<\/div>\n<div class=\"blue-bg-block scan-paper\">\n<div class=\"container\">\n<div class=\"row\">\n<div class=\"col col-12 col-sm-12 col-md-6 col-lg-6\">\n<div class=\"scan-text\">\n<h2>Kako koristiti Paper-Checker.com<\/h2>\n<p>Koristiti Paper-Checker.com je jednostavno i bez stresa. Samo u\u010ditajte svoj dokument, a na\u0161 napredni sustav odmah po\u010dinje raditi. U kratkom vremenu va\u0161 tekst se analizira protiv obuhvatne baze podataka online izvora, akademskih \u010dasopisa i objavljenih djela. Rezultati su predstavljeni u jasnom, detaljnom izvje\u0161\u0107u, koji isti\u010de svaku instancu poklapanja sadr\u017eaja i pru\u017ea pregled originalnosti.<\/p>\n<p>Na\u0161 korisni\u010dki prijateljski interfejs omogu\u0107uje lako pregledavanje i rje\u0161avanje eventualnih sumnji. Bilo da ste student koji predaje zadatak ili profesionalac koji priprema izvje\u0161\u0107e, na\u0161 jednostavni proces osigurava da se mo\u017eete fokusirati na najva\u017enije &#8211; proizvoditi izuzetno rad.<\/p>\n<\/div>\n<\/div>\n<div class=\"col col-12 col-sm-12 col-md-6 col-lg-6\">\n<div class=\"short-drop-file\">\n<div class=\"drop-file-form\">\n<div class=\"drop-file-block\">\n<div class=\"more-than\">\n<img alt=\"provjera\" decoding=\"async\" src=\"\/wp-content\/themes\/main\/images\/blue-circle-check-icon.svg\"\/><\/p>\n<div class=\"text\"><b>vi\u0161e nego<\/b> samo plagijatski provjerava\u010d<\/div>\n<\/div>\n<div class=\"drop-file-block-wrapper\">\n<div class=\"img-block\"><img alt=\"povucite &amp; ispustite\" decoding=\"async\" src=\"\/wp-content\/themes\/main\/images\/drop-files-block.png\"\/><\/div>\n<div class=\"top-part\">\n<div class=\"dark-text font-16\">Povucite &amp; ispustite datoteke ovdje<\/div>\n<div>da biste u\u010ditali dokumente za provjeru plagijata<\/div>\n<\/div>\n<p><button class=\"btn-green\">U\u010ditaj datoteku<\/button><\/p>\n<div class=\"grey-separate-line\"><\/div>\n<div class=\"type-text\">Ovdje upi\u0161ite svoj tekst<\/div>\n<div class=\"grey-btns-block\">\n<div class=\"btn btn-grey\"><img alt=\"ikona\" decoding=\"async\" src=\"\/wp-content\/themes\/main\/images\/dropbox-img.svg\"\/>Dropbox<\/div>\n<div class=\"btn btn-grey\"><img alt=\"ikona\" decoding=\"async\" src=\"\/wp-content\/themes\/main\/images\/onedrive-img.svg\"\/>OneDrive<\/div>\n<div class=\"btn btn-grey\"><img alt=\"ikona\" decoding=\"async\" src=\"\/wp-content\/themes\/main\/images\/attach-file.svg\"\/>Prilo\u017ei datoteku<\/div>\n<div class=\"btn btn-grey\"><img alt=\"ikona\" decoding=\"async\" src=\"\/wp-content\/themes\/main\/images\/by-url.svg\"\/>po URL-u<\/div>\n<\/div>\n<div class=\"blue-btns-block\">\n<div class=\"btn btn-blue-gradient with-shadow\"><img alt=\"ikona\" decoding=\"async\" src=\"\/wp-content\/themes\/main\/images\/white-loop-img.svg\"\/>Provjerava\u010d plagijata<\/div>\n<div class=\"btn btn-blue-gradient-o\">\n<div class=\"btn-blue-gradient-o-wrap\">\n<img alt=\"ikona\" decoding=\"async\" src=\"\/wp-content\/themes\/main\/images\/pictogrammers-robot.svg\"\/>AI Detektor                    <\/div>\n<\/div>\n<\/div>\n<\/div>\n<\/div>\n<div class=\"drop-file-additional-options\">\n<div class=\"option-item ai\"><input checked=\"checked\" class=\"checkbox\" name=\"ai\" type=\"checkbox\"\/><label for=\"ai\">pretra\u017ei AI tekst<\/label><\/div>\n<div class=\"option-item latin-characters\"><input checked=\"checked\" class=\"checkbox\" name=\"latin-characters\" type=\"checkbox\"\/><label for=\"latin-characters\">samo latinski znakovi<\/label><\/div>\n<div class=\"option-item references\"><input class=\"checkbox\" name=\"references\" type=\"checkbox\"\/><label for=\"references\">izuzmi reference<\/label><\/div>\n<div class=\"option-item citation\"><input class=\"checkbox\" name=\"citations\" type=\"checkbox\"\/><label for=\"citations\">izuzmi citiranje u tekstu<\/label><\/div>\n<\/div>\n<div class=\"align-center bottom-btn\">\n<div class=\"device\"><img alt=\"linija\" decoding=\"async\" src=\"\/wp-content\/themes\/main\/images\/devide-line.png\"\/><\/div>\n<p><a class=\"btn btn-blue-gradient\" href=\"\">Provjerava\u010d plagijata<\/a>\n<\/div>\n<\/div>\n<\/div>\n<\/div>\n<\/div>\n<\/div>\n<\/div>\n<div class=\"container\">\n<div class=\"row\">\n<div class=\"col col-12 col-xs-12 col-sm-12\">\n<div class=\"plag-checker-section\">\n<p><img alt=\"plag-checker\" decoding=\"async\" src=\"\/wp-content\/themes\/main\/images\/plag-checker.png\"\/><\/p>\n<div class=\"plag-checker-content\">\n<h2>Koje se mogu koristi od Paper-Checker.com?<\/h2>\n<ul>\n<li><strong>Studenti:<\/strong> Provjerite autenti\u010dnost radova, istra\u017eivanja i zada\u0107a kako biste osigurali akademsku \u010dast i izbjegli nezamjetno plagijat.<\/li>\n<li><strong>Nastavnici:<\/strong> Ocjenjujte studentske predaje s povjerom, osigurav\u0161i pravedne i to\u010dne ocjene.<\/li>\n<li><strong>Profesionalci:<\/strong> Za\u0161titite originalnost izvje\u0161taja, prijedloga i drugih poslovnih dokumenata kako biste odr\u017eali povjerenje i vjerodostojnost.<\/li>\n<li><strong>Pisci i bloggeri:<\/strong> Osigurajte jedinstvenost kreativnih djela, \u010dlanaka i blog postova koja reflektiraju va\u0161 li\u010dni stil i viziju.<\/li>\n<li><strong>Izdava\u010di:<\/strong> Za\u0161titite se od dupliciranog sadr\u017eaja prije objavljivanja, \u0161to \u0107e sa\u010duvati reputaciju i kvalitet va\u0161e marke.<\/li>\n<\/ul>\n<\/div>\n<\/div>\n<\/div>\n<\/div>\n<div class=\"row tips-students\">\n<div class=\"col col-12 col-sm-12 col-md-6 col-lg-6\">\n<div class=\"tips-text\">\n<h3>Osigurajte da va\u0161 rad izdijeli<\/h3>\n<p>Originalnost je temelj povjerenja i uspjeha, a s Paper-Checker.com mo\u017eete sigurno za\u0161tititi svoj rad. Bilo da ste student koji se trudi za akademski uspjeh, profesionalac koji \u0161titi svoju reputaciju ili pisac koji osigurava autenti\u010dnost, na\u0161 servis nudi alate za provjeru i unapre\u0111enje va\u0161eg sadr\u017eaja.<\/p>\n<p>Uzmite kontrolu nad kvalitetom i integritetom svog rada danas. Pridru\u017eite se tisu\u0107ama koji se oslanjaju na Paper-Checker.com da im pomognu da ideje sjajno izgledaju.<\/p>\n<\/div>\n<\/div>\n<div class=\"col col-12 col-sm-12 col-md-6 col-lg-6\"><img alt=\"savjeti\" decoding=\"async\" src=\"\/wp-content\/themes\/main\/images\/tips-students-img.png\"\/><\/div>\n<\/div>\n<div class=\"row\">\n<div class=\"col col-12 col-sm-12\">\n<div class=\"dark-info check-words\">\n<div class=\"header top-white-line\">Ne rizirajte <span class=\"light-green\">svoju reputaciju<\/span><\/div>\n<div class=\"text\" style=\"max-width: 800px;\"><span class=\"grey-text\">Postanite originalni s Paper-Checker.com!<\/span><\/div>\n<\/div>\n<\/div>\n<\/div>\n<\/div>\n","protected":false},"excerpt":{"rendered":"<p>Za\u0161to izabrati Paper-Checker.com za Uocavanje Plagijata? Originalnost je temelj vjere i uspjeha u svakom polju. Na Paper-Checker.com, mi razumijemo va\u017enost za\u0161tite va\u0161eg djela od plagijata. To nije samo o ispunjavanju o\u010dekivanja &#8211; to je o za\u0161titi va\u0161e vjerodostojnosti i prikazivanju va\u0161ih jedinstvenih ideja. Na\u0161 servis za uocavanje plagijata dizajniran je da vam pomogne posti\u0107i te ciljeve.<\/p>\n","protected":false},"author":1,"featured_media":0,"parent":0,"menu_order":0,"comment_status":"closed","ping_status":"closed","template":"tpl-landing-page.php","meta":{"_acf_changed":false,"_yoast_wpseo_title":"Provjera plagijata: Iskusite originalnost s Paper-Checker.com","_yoast_wpseo_metadesc":"Brzo otkrijte plagijat s nejednakom to\u010dno\u0161\u0107u, osiguravaju\u0107i da va\u0161e akademsko, profesionalno i kreativno pisanje je originalno.","_locale":"hr","_original_post":"http:\/\/paper-checker.com.loc\/?page_id=49","iawp_total_views":8,"footnotes":""},"class_list":["post-1678","page","type-page","status-publish","hentry","hr"],"acf":[],"yoast_head":"<!-- This site is optimized with the Yoast SEO plugin v27.4 - https:\/\/yoast.com\/product\/yoast-seo-wordpress\/ -->\n<title>Provjera plagijata: Iskusite originalnost s Paper-Checker.com<\/title>\n<meta name=\"description\" content=\"Brzo otkrijte plagijat s nejednakom to\u010dno\u0161\u0107u, osiguravaju\u0107i da va\u0161e akademsko, profesionalno i kreativno pisanje je originalno.\" \/>\n<meta name=\"robots\" content=\"index, follow, max-snippet:-1, max-image-preview:large, max-video-preview:-1\" \/>\n<link rel=\"canonical\" href=\"https:\/\/paper-checker.com\/hr\/plagiarism-check\/\" \/>\n<meta property=\"og:locale\" content=\"hr_HR\" \/>\n<meta property=\"og:type\" content=\"article\" \/>\n<meta property=\"og:title\" content=\"Provjera plagijata: Iskusite originalnost s Paper-Checker.com\" \/>\n<meta property=\"og:description\" content=\"Brzo otkrijte plagijat s nejednakom to\u010dno\u0161\u0107u, osiguravaju\u0107i da va\u0161e akademsko, profesionalno i kreativno pisanje je originalno.\" \/>\n<meta property=\"og:url\" content=\"https:\/\/paper-checker.com\/hr\/plagiarism-check\/\" \/>\n<meta property=\"og:site_name\" content=\"Paper Checker\" \/>\n<meta property=\"article:modified_time\" content=\"2025-02-07T08:38:22+00:00\" \/>\n<meta property=\"og:image\" content=\"https:\/\/paper-checker.com\/wp-content\/uploads\/2024\/12\/home.jpg\" \/>\n\t<meta property=\"og:image:width\" content=\"1200\" \/>\n\t<meta property=\"og:image:height\" content=\"675\" \/>\n\t<meta property=\"og:image:type\" content=\"image\/jpeg\" \/>\n<meta name=\"twitter:card\" content=\"summary_large_image\" \/>\n<meta name=\"twitter:label1\" content=\"Procijenjeno vrijeme \u010ditanja\" \/>\n\t<meta name=\"twitter:data1\" content=\"6 minuta\" \/>\n<!-- \/ Yoast SEO plugin. -->","yoast_head_json":{"title":"Provjera plagijata: Iskusite originalnost s Paper-Checker.com","description":"Brzo otkrijte plagijat s nejednakom to\u010dno\u0161\u0107u, osiguravaju\u0107i da va\u0161e akademsko, profesionalno i kreativno pisanje je originalno.","robots":{"index":"index","follow":"follow","max-snippet":"max-snippet:-1","max-image-preview":"max-image-preview:large","max-video-preview":"max-video-preview:-1"},"canonical":"https:\/\/paper-checker.com\/hr\/plagiarism-check\/","og_locale":"hr_HR","og_type":"article","og_title":"Provjera plagijata: Iskusite originalnost s Paper-Checker.com","og_description":"Brzo otkrijte plagijat s nejednakom to\u010dno\u0161\u0107u, osiguravaju\u0107i da va\u0161e akademsko, profesionalno i kreativno pisanje je originalno.","og_url":"https:\/\/paper-checker.com\/hr\/plagiarism-check\/","og_site_name":"Paper Checker","article_modified_time":"2025-02-07T08:38:22+00:00","og_image":[{"width":1200,"height":675,"url":"https:\/\/paper-checker.com\/wp-content\/uploads\/2024\/12\/home.jpg","type":"image\/jpeg"}],"twitter_card":"summary_large_image","twitter_misc":{"Procijenjeno vrijeme \u010ditanja":"6 minuta"},"schema":{"@context":"https:\/\/schema.org","@graph":[{"@type":"WebPage","@id":"https:\/\/paper-checker.com\/hr\/plagiarism-check\/","url":"https:\/\/paper-checker.com\/hr\/plagiarism-check\/","name":"Provjera plagijata: Iskusite originalnost s Paper-Checker.com","isPartOf":{"@id":"https:\/\/paper-checker.com\/#website"},"datePublished":"2024-12-24T11:50:44+00:00","dateModified":"2025-02-07T08:38:22+00:00","description":"Brzo otkrijte plagijat s nejednakom to\u010dno\u0161\u0107u, osiguravaju\u0107i da va\u0161e akademsko, profesionalno i kreativno pisanje je originalno.","breadcrumb":{"@id":"https:\/\/paper-checker.com\/hr\/plagiarism-check\/#breadcrumb"},"inLanguage":"hr","potentialAction":[{"@type":"ReadAction","target":["https:\/\/paper-checker.com\/hr\/plagiarism-check\/"]}]},{"@type":"BreadcrumbList","@id":"https:\/\/paper-checker.com\/hr\/plagiarism-check\/#breadcrumb","itemListElement":[{"@type":"ListItem","position":1,"name":"Home","item":"https:\/\/paper-checker.com\/hr\/"},{"@type":"ListItem","position":2,"name":"Provjeri Papir za Plagijat"}]},{"@type":"WebSite","@id":"https:\/\/paper-checker.com\/#website","url":"https:\/\/paper-checker.com\/","name":"Paper Checker","description":"","publisher":{"@id":"https:\/\/paper-checker.com\/#organization"},"potentialAction":[{"@type":"SearchAction","target":{"@type":"EntryPoint","urlTemplate":"https:\/\/paper-checker.com\/?s={search_term_string}"},"query-input":{"@type":"PropertyValueSpecification","valueRequired":true,"valueName":"search_term_string"}}],"inLanguage":"hr"},{"@type":"Organization","@id":"https:\/\/paper-checker.com\/#organization","name":"Paper Checker","url":"https:\/\/paper-checker.com\/","logo":{"@type":"ImageObject","inLanguage":"hr","@id":"https:\/\/paper-checker.com\/#\/schema\/logo\/image\/","url":"https:\/\/paper-checker.com\/wp-content\/uploads\/2024\/12\/Group.png","contentUrl":"https:\/\/paper-checker.com\/wp-content\/uploads\/2024\/12\/Group.png","width":30,"height":30,"caption":"Paper Checker"},"image":{"@id":"https:\/\/paper-checker.com\/#\/schema\/logo\/image\/"}}]}},"_links":{"self":[{"href":"https:\/\/paper-checker.com\/wp-json\/wp\/v2\/pages\/1678","targetHints":{"allow":["GET"]}}],"collection":[{"href":"https:\/\/paper-checker.com\/wp-json\/wp\/v2\/pages"}],"about":[{"href":"https:\/\/paper-checker.com\/wp-json\/wp\/v2\/types\/page"}],"author":[{"embeddable":true,"href":"https:\/\/paper-checker.com\/wp-json\/wp\/v2\/users\/1"}],"replies":[{"embeddable":true,"href":"https:\/\/paper-checker.com\/wp-json\/wp\/v2\/comments?post=1678"}],"version-history":[{"count":3,"href":"https:\/\/paper-checker.com\/wp-json\/wp\/v2\/pages\/1678\/revisions"}],"predecessor-version":[{"id":2810,"href":"https:\/\/paper-checker.com\/wp-json\/wp\/v2\/pages\/1678\/revisions\/2810"}],"wp:attachment":[{"href":"https:\/\/paper-checker.com\/wp-json\/wp\/v2\/media?parent=1678"}],"curies":[{"name":"wp","href":"https:\/\/api.w.org\/{rel}","templated":true}]}}