{"id":1694,"date":"2024-12-24T11:52:07","date_gmt":"2024-12-24T11:52:07","guid":{"rendered":"https:\/\/paper-checker.com\/?page_id=1694"},"modified":"2024-12-24T11:52:07","modified_gmt":"2024-12-24T11:52:07","slug":"ai-detector","status":"publish","type":"page","link":"https:\/\/paper-checker.com\/hr\/ai-detector\/","title":{"rendered":"Provjerite Autenti\u010dnost s AI Otkrivenjem"},"content":{"rendered":"<div class=\"container\">\n<div class=\"row pt-70 pb-60\">\n<div class=\"col col-12 col-xs-12 col-sm-12 col-md-6 col-lg-6\">\n<h2 class=\"align-left\">\u0160to je AI Otkrivenje Sadr\u017eaja na Paper-Checker.com?<\/h2>\n<div class=\"img-block\"><img alt=\"\" decoding=\"async\" src=\"\/wp-content\/themes\/main\/images\/man-typing.png\" style=\"max-width: 100%;\"\/><\/div>\n<\/div>\n<div class=\"col col-12 col-xs-12 col-sm-12 col-md-6 col-lg-6\">\n<p>U dinami\u010dnom digitalnom dobu, AI-generirani sadr\u017eaj sve vi\u0161e prevladava u akademskom svijetu, marketingu i novinarstvu. Dok AI nudi vrijedno podr\u0161ku za pisanje zadataka, podi\u017ee se pitanje originalnosti i autenti\u010dnosti. Paper-Checker.com je izuzetno razvijen da otkrije AI-generirani tekst, omogu\u0107uju\u0107i korisnicima da potvrdite da je njihov sadr\u017eaj stvarano ljudski i pouzdan.<\/p>\n<h3 class=\"h4\">Sila Iza Na\u0161eg AI Otkriva\u010da Sadr\u017eaja<\/h3>\n<p>Na Paper-Checker.com, na\u0161 AI otkriva\u010d sadr\u017eaja koristi napredne modelove u\u010denja ra\u010dunala da precizno analizira lingvisti\u010dke uzorke i stilove pisanja. Ove vrhunske algoritme mogu otkriti \u010dak i najmanje razlike izme\u0111u ljudski napisanog i AI-generiranog sadr\u017eaja, osiguravaju\u0107i izuzetnu preciznost.<\/p>\n<p>Na\u0161a tehnologija se neprestano razvija, uklju\u010duju\u0107i redovne nadogradnje da biste bili unapred u odnosu na napredke u generiranju sadr\u017eaja AI-om. Razlikuje se od tradicionalnih alata za otkrivanje koji se primarno oslanjaju na uspore\u0111ivanja s bazom podataka, na\u0161 AI otkriva\u010d istra\u017euje strukturalne nijanse pisanja kako bi procjenio je li stroj vjerovatno stvorio sadr\u017eaj. Ova sofistikirana metodologija osigurava brze i pouzdane rezultate, pru\u017eaju\u0107i vam razinu povjerenja na koju mo\u017eete ra\u010dunati.<\/p>\n<\/div>\n<\/div>\n<div class=\"row pt-40 pb-60\">\n<div class=\"col col-12 col-sm-12\">\n<div class=\"dark-info ai-detector\">\n<div class=\"dark-info-container\">\n<div class=\"title\">API Otkriva\u010da AI Sadr\u017eaja<\/div>\n<div class=\"middle-info-block\">\n<div class=\"info-block-item\" role=\"presentation\">\n<div class=\"info-title\">24\/7 Podr\u0161ka <img alt=\"ikona\" decoding=\"async\" src=\"\/wp-content\/themes\/main\/images\/support_icon.svg\"\/><\/div>\n<div class=\"info-text\">Ne ubojte se kontaktirati na\u0161 tim podr\u0161ke bilo kada i u\u017eivajte u instantsnoj pomo\u0107i.<\/div>\n<\/div>\n<div class=\"info-block-item\" role=\"presentation\">\n<div class=\"info-title\">Razumne cijene <img alt=\"ikona\" decoding=\"async\" src=\"\/wp-content\/themes\/main\/images\/prices_icon.svg\"\/><\/div>\n<div class=\"info-text\">Pru\u017eamo usluge visoke kvalitete po razumnim cijenama.<\/div>\n<\/div>\n<\/div>\n<div class=\"dark-info-text\">\n<p>Kada je originalnost va\u017ena, Paper-Checker.com je rje\u0161enje na koje mo\u017eete ra\u010dunati za precizno otkrivanje AI sadr\u017eaja. Za\u0161titite svoj rad od rastu\u0107e prisutnosti AI-generiranog teksta i uzmijte kontrolu nad njegovom kvalitetom i autenti\u010dno\u0161\u0107u. S naprednom tehnologijom za otkrivanje, pomo\u0107i vam da budete unapred u odnosu na trendove. Uvjerite se u Paper-Checker.com da \u0107e svaki put pru\u017eiti pouzdane rezultate.<\/p>\n<p><a class=\"btn btn-green\">Isprobajte AI Otkrivanje Sada<\/a><\/p>\n<\/div>\n<\/div>\n<\/div>\n<\/div>\n<\/div>\n<div class=\"row\">\n<div class=\"col col-12 col-sm-12\">\n<div class=\"green-top-subtitle center mb_-6\">Na\u0161e Prednosti<\/div>\n<h2>Glavne Zna\u010dajke Na\u0161eg Alata<\/h2>\n<div class=\"subtitle maxw-600 align-center pb-20\">AI alat za otkrivanje sadr\u017eaja Paper-Checker.com isti\u010de se zbog svojih naprednih zna\u010dajki koje su dizajnirane da olak\u0161aju proces, ali i da bude efektivan:<\/div>\n<div class=\"our-advantages-table\">\n<div class=\"advantages-item\">\n<div class=\"top-line\"><img alt=\"ikona\" decoding=\"async\" src=\"\/wp-content\/themes\/main\/images\/scanningdepth_icon.svg\"\/><span class=\"title\">Visoka Preciznost Otkrivanja<\/span><\/div>\n<div class=\"text\">Pokreteno naprednim AI modelima, na\u0161 alat pru\u017ea precizne rezultate, ta\u010dno razlikuju\u0107i AI-generirani sadr\u017eaj od ljudski napisanog teksta.<\/div>\n<\/div>\n<div class=\"advantages-item\">\n<div class=\"top-line\"><img alt=\"ikona\" decoding=\"async\" src=\"\/wp-content\/themes\/main\/images\/instant_results_icon.svg\"\/><span class=\"title\">Realno Vrijeme Otkrivanja<\/span><\/div>\n<div class=\"text\">Vrijeme je kriti\u010dno. Na\u0161 brz sistem pru\u017ea kompletne rezultate u sekundama, omogu\u0107avaju\u0107i vam da odmah napravite izmjene bez ka\u0161njenja.<\/div>\n<\/div>\n<div class=\"advantages-item\">\n<div class=\"top-line\"><img alt=\"ikona\" decoding=\"async\" src=\"\/wp-content\/themes\/main\/images\/interface_icon.svg\"\/><span class=\"title\">Korisni\u010dki Prijateljski Interfejs<\/span><\/div>\n<div class=\"text\">Intuitivni izgled alata olak\u0161ava kori\u0161tenje svima, \u010dak i bez tehni\u010dkog znanja.<\/div>\n<\/div>\n<div class=\"advantages-item\">\n<div class=\"top-line\"><img alt=\"ikona\" decoding=\"async\" src=\"\/wp-content\/themes\/main\/images\/insights_icon.svg\"\/><span class=\"title\">Sastavni Izvje\u0161taji<\/span><\/div>\n<div class=\"text\">Na\u0161 alat ne samo govori da li je otkriven AI sadr\u017eaj &#8211; pru\u017ea vam sveukupan pregled, isti\u010du\u0107i odre\u0111ene odjeljke teksta koji su vjerovatno generirani AI-om.<\/div>\n<\/div>\n<div class=\"advantages-item\">\n<div class=\"top-line\"><img alt=\"ikona\" decoding=\"async\" src=\"\/wp-content\/themes\/main\/images\/safety__icon.svg\"\/><span class=\"title\">Podr\u0161ka Vi\u0161e Formata<\/span><\/div>\n<div class=\"text\">Bilo da li radite s obi\u010dnim tekstom, PDF-ovima ili drugim formatima, na\u0161 alat mo\u017ee rukovati svime, pru\u017eaju\u0107i fleksibilnost za razli\u010dite primjene.<\/div>\n<\/div>\n<div class=\"advantages-item\">\n<div class=\"top-line\"><img alt=\"ikona\" decoding=\"async\" src=\"\/wp-content\/themes\/main\/images\/adventures_privacy_icon.svg\"\/><span class=\"title\">Za\u0161tita Privatnosti<\/span><\/div>\n<div class=\"text\">Va\u0161i podaci su sigurni kod nas. Nikada ne \u010duvamo ili dijelimo bilo koji sadr\u017eaj koji po\u0161aljete, osiguravaju\u0107i potpunu konfidencijalnost.<\/div>\n<\/div>\n<\/div>\n<\/div>\n<\/div>\n<\/div>\n<div class=\"blue-bg-block how-check vertical-steps long-titles\">\n<div class=\"container\">\n<div class=\"row\">\n<div class=\"col col-12 col-sm-12\">\n<div class=\"green-top-subtitle\">Kako funkcionira<\/div>\n<h2>Kako Iskoristiti Najvi\u0161e Od Paper-Checker.com<\/h2>\n<div class=\"vertical-steps-content\">\n<div class=\"vertical-step-icon\">\n<div class=\"top-part\"><img alt=\"ikona\" decoding=\"async\" src=\"\/wp-content\/themes\/main\/images\/step_profile_icon.png\"\/><span class=\"title\">01. Uploadajte ili Zalijepite Va\u0161 Sadr\u017eaj<\/span><\/div>\n<p>Spremni za po\u010detak? Jednostavno u\u010ditajte dokument ili zalijepite tekst u na\u0161 provjerava\u010d plagijata. Brzo, jednostavno i bez stresa.<\/p>\n<\/div>\n<div class=\"vertical-step-icon\">\n<div class=\"top-part\"><img alt=\"ikona\" decoding=\"async\" src=\"\/wp-content\/themes\/main\/images\/step_pricing_icon.png\"\/><span class=\"title\">02. Inicijalizirajte Provjeru Plagijata<\/span><\/div>\n<p>Kliknite na gumb &#8220;Provjeri za Plagijat&#8221; i dopustite da na\u0161 napredni sustav radi svoj posao. Sjednite se i odmorite &#8211; mi \u0107emo se brinuti o ostalu.<\/p>\n<\/div>\n<div class=\"vertical-step-icon\">\n<div class=\"top-part\"><img alt=\"ikona\" decoding=\"async\" src=\"\/wp-content\/themes\/main\/images\/step_process_icon.png\"\/><span class=\"title\">03. Pregledajte Va\u0161u Personaliziranu Izvje\u0161\u0107u<\/span><\/div>\n<p>U kratkim trenutcima, primit \u0107ete detaljni izvje\u0161\u0107e koji isti\u010de svaku instancu plagijata. Koristite ovu vrijednu povratnu informaciju da unapredite svoj rad.<\/p>\n<\/div>\n<div class=\"vertical-step-icon last\">\n<div class=\"top-part\"><img alt=\"ikona\" decoding=\"async\" src=\"\/wp-content\/themes\/main\/images\/step_score_icon.png\"\/><span class=\"title\">04. Savr\u0161ite i Za\u0161titite Va\u0161 Rad<\/span><\/div>\n<p>Napravite potrebne izmjene, bilo da se radi o preformuliranju, dodavanju citata ili uklanjanju sumnjivog sadr\u017eaja. Osigurajte da je va\u0161 zadnji rad poliran i autenti\u010dno vam pripada.<\/p>\n<\/div>\n<\/div>\n<\/div>\n<\/div>\n<div class=\"row\">\n<div class=\"col col-12 col-sm-12\">\n<div class=\"dark-info di-green-icon elevate-text\">\n<div class=\"header\">Pobolj\u0161ajte <span class=\"grey-text\">Svoje Pisanje.<\/span> Za\u0161titite <span class=\"grey-text\">Svoj Integritet.<\/span><span class=\"grey-text\"> Odaberite <\/span> Paper-Checker.com. <\/div>\n<p><a class=\"btn btn-green\" href=\"\">Po\u010dnite provjeravati<\/a>\n<\/div>\n<\/div>\n<\/div>\n<\/div>\n<\/div>\n","protected":false},"excerpt":{"rendered":"<p>\u0160to je AI Otkrivenje Sadr\u017eaja na Paper-Checker.com? U dinami\u010dnom digitalnom dobu, AI-generirani sadr\u017eaj sve vi\u0161e prevladava u akademskom svijetu, marketingu i novinarstvu. Dok AI nudi vrijedno podr\u0161ku za pisanje zadataka, podi\u017ee se pitanje originalnosti i autenti\u010dnosti. Paper-Checker.com je izuzetno razvijen da otkrije AI-generirani tekst, omogu\u0107uju\u0107i korisnicima da potvrdite da je njihov sadr\u017eaj stvarano ljudski i.<\/p>\n","protected":false},"author":1,"featured_media":0,"parent":0,"menu_order":0,"comment_status":"closed","ping_status":"closed","template":"tpl-landing-page.php","meta":{"_acf_changed":false,"_yoast_wpseo_title":"AI Provjera\u010d Autenti\u010dnosti | To\u010dan AI Detektor Sadr\u017eaja","_yoast_wpseo_metadesc":"AI Provjera\u010d Autenti\u010dnosti od Paper-Checker.com precizno i brzo otkriva AI-generirani sadr\u017eaj, osiguravaju\u0107i autenti\u010dnost u akademskim, profesionalnim i kreativnim radovima.","_locale":"hr","_original_post":"http:\/\/paper-checker.com.loc\/?page_id=68","iawp_total_views":37,"footnotes":""},"class_list":["post-1694","page","type-page","status-publish","hentry","hr"],"acf":[],"yoast_head":"<!-- This site is optimized with the Yoast SEO plugin v27.5 - https:\/\/yoast.com\/product\/yoast-seo-wordpress\/ -->\n<title>AI Provjera\u010d Autenti\u010dnosti | To\u010dan AI Detektor Sadr\u017eaja<\/title>\n<meta name=\"description\" content=\"AI Provjera\u010d Autenti\u010dnosti od Paper-Checker.com precizno i brzo otkriva AI-generirani sadr\u017eaj, osiguravaju\u0107i autenti\u010dnost u akademskim, profesionalnim i kreativnim radovima.\" \/>\n<meta name=\"robots\" content=\"index, follow, max-snippet:-1, max-image-preview:large, max-video-preview:-1\" \/>\n<link rel=\"canonical\" href=\"https:\/\/paper-checker.com\/hr\/ai-detector\/\" \/>\n<meta property=\"og:locale\" content=\"hr_HR\" \/>\n<meta property=\"og:type\" content=\"article\" \/>\n<meta property=\"og:title\" content=\"AI Provjera\u010d Autenti\u010dnosti | To\u010dan AI Detektor Sadr\u017eaja\" \/>\n<meta property=\"og:description\" content=\"AI Provjera\u010d Autenti\u010dnosti od Paper-Checker.com precizno i brzo otkriva AI-generirani sadr\u017eaj, osiguravaju\u0107i autenti\u010dnost u akademskim, profesionalnim i kreativnim radovima.\" \/>\n<meta property=\"og:url\" content=\"https:\/\/paper-checker.com\/hr\/ai-detector\/\" \/>\n<meta property=\"og:site_name\" content=\"Paper Checker\" \/>\n<meta property=\"og:image\" content=\"https:\/\/paper-checker.com\/wp-content\/uploads\/2024\/12\/home.jpg\" \/>\n\t<meta property=\"og:image:width\" content=\"1200\" \/>\n\t<meta property=\"og:image:height\" content=\"675\" \/>\n\t<meta property=\"og:image:type\" content=\"image\/jpeg\" \/>\n<meta name=\"twitter:card\" content=\"summary_large_image\" \/>\n<meta name=\"twitter:label1\" content=\"Procijenjeno vrijeme \u010ditanja\" \/>\n\t<meta name=\"twitter:data1\" content=\"4 minute\" \/>\n<!-- \/ Yoast SEO plugin. -->","yoast_head_json":{"title":"AI Provjera\u010d Autenti\u010dnosti | To\u010dan AI Detektor Sadr\u017eaja","description":"AI Provjera\u010d Autenti\u010dnosti od Paper-Checker.com precizno i brzo otkriva AI-generirani sadr\u017eaj, osiguravaju\u0107i autenti\u010dnost u akademskim, profesionalnim i kreativnim radovima.","robots":{"index":"index","follow":"follow","max-snippet":"max-snippet:-1","max-image-preview":"max-image-preview:large","max-video-preview":"max-video-preview:-1"},"canonical":"https:\/\/paper-checker.com\/hr\/ai-detector\/","og_locale":"hr_HR","og_type":"article","og_title":"AI Provjera\u010d Autenti\u010dnosti | To\u010dan AI Detektor Sadr\u017eaja","og_description":"AI Provjera\u010d Autenti\u010dnosti od Paper-Checker.com precizno i brzo otkriva AI-generirani sadr\u017eaj, osiguravaju\u0107i autenti\u010dnost u akademskim, profesionalnim i kreativnim radovima.","og_url":"https:\/\/paper-checker.com\/hr\/ai-detector\/","og_site_name":"Paper Checker","og_image":[{"width":1200,"height":675,"url":"https:\/\/paper-checker.com\/wp-content\/uploads\/2024\/12\/home.jpg","type":"image\/jpeg"}],"twitter_card":"summary_large_image","twitter_misc":{"Procijenjeno vrijeme \u010ditanja":"4 minute"},"schema":{"@context":"https:\/\/schema.org","@graph":[{"@type":"WebPage","@id":"https:\/\/paper-checker.com\/hr\/ai-detector\/","url":"https:\/\/paper-checker.com\/hr\/ai-detector\/","name":"AI Provjera\u010d Autenti\u010dnosti | To\u010dan AI Detektor Sadr\u017eaja","isPartOf":{"@id":"https:\/\/paper-checker.com\/#website"},"datePublished":"2024-12-24T11:52:07+00:00","description":"AI Provjera\u010d Autenti\u010dnosti od Paper-Checker.com precizno i brzo otkriva AI-generirani sadr\u017eaj, osiguravaju\u0107i autenti\u010dnost u akademskim, profesionalnim i kreativnim radovima.","breadcrumb":{"@id":"https:\/\/paper-checker.com\/hr\/ai-detector\/#breadcrumb"},"inLanguage":"hr","potentialAction":[{"@type":"ReadAction","target":["https:\/\/paper-checker.com\/hr\/ai-detector\/"]}]},{"@type":"BreadcrumbList","@id":"https:\/\/paper-checker.com\/hr\/ai-detector\/#breadcrumb","itemListElement":[{"@type":"ListItem","position":1,"name":"Home","item":"https:\/\/paper-checker.com\/hr\/"},{"@type":"ListItem","position":2,"name":"Provjerite Autenti\u010dnost s AI Otkrivenjem"}]},{"@type":"WebSite","@id":"https:\/\/paper-checker.com\/#website","url":"https:\/\/paper-checker.com\/","name":"Paper Checker","description":"","publisher":{"@id":"https:\/\/paper-checker.com\/#organization"},"potentialAction":[{"@type":"SearchAction","target":{"@type":"EntryPoint","urlTemplate":"https:\/\/paper-checker.com\/?s={search_term_string}"},"query-input":{"@type":"PropertyValueSpecification","valueRequired":true,"valueName":"search_term_string"}}],"inLanguage":"hr"},{"@type":"Organization","@id":"https:\/\/paper-checker.com\/#organization","name":"Paper Checker","url":"https:\/\/paper-checker.com\/","logo":{"@type":"ImageObject","inLanguage":"hr","@id":"https:\/\/paper-checker.com\/#\/schema\/logo\/image\/","url":"https:\/\/paper-checker.com\/wp-content\/uploads\/2024\/12\/Group.png","contentUrl":"https:\/\/paper-checker.com\/wp-content\/uploads\/2024\/12\/Group.png","width":30,"height":30,"caption":"Paper Checker"},"image":{"@id":"https:\/\/paper-checker.com\/#\/schema\/logo\/image\/"}}]}},"_links":{"self":[{"href":"https:\/\/paper-checker.com\/wp-json\/wp\/v2\/pages\/1694","targetHints":{"allow":["GET"]}}],"collection":[{"href":"https:\/\/paper-checker.com\/wp-json\/wp\/v2\/pages"}],"about":[{"href":"https:\/\/paper-checker.com\/wp-json\/wp\/v2\/types\/page"}],"author":[{"embeddable":true,"href":"https:\/\/paper-checker.com\/wp-json\/wp\/v2\/users\/1"}],"replies":[{"embeddable":true,"href":"https:\/\/paper-checker.com\/wp-json\/wp\/v2\/comments?post=1694"}],"version-history":[{"count":1,"href":"https:\/\/paper-checker.com\/wp-json\/wp\/v2\/pages\/1694\/revisions"}],"predecessor-version":[{"id":1696,"href":"https:\/\/paper-checker.com\/wp-json\/wp\/v2\/pages\/1694\/revisions\/1696"}],"wp:attachment":[{"href":"https:\/\/paper-checker.com\/wp-json\/wp\/v2\/media?parent=1694"}],"curies":[{"name":"wp","href":"https:\/\/api.w.org\/{rel}","templated":true}]}}