{"id":559,"date":"2024-12-23T08:38:44","date_gmt":"2024-12-23T08:38:44","guid":{"rendered":"https:\/\/paper-checker.com\/?page_id=559"},"modified":"2025-02-07T08:26:56","modified_gmt":"2025-02-07T08:26:56","slug":"ai-detector","status":"publish","type":"page","link":"https:\/\/paper-checker.com\/it\/ai-detector\/","title":{"rendered":"Verifica l&#8217;autenticit\u00e0 con la deteksi AI"},"content":{"rendered":"<div class=\"container\">\n<div class=\"row pt-70 pb-60\">\n<div class=\"col col-12 col-xs-12 col-sm-12 col-md-6 col-lg-6\">\n<h2 class=\"align-left\">Cosa \u00e8 la deteksi contenuti AI su Paper-Checker.com?<\/h2>\n<div class=\"img-block\"><img alt=\"\" decoding=\"async\" src=\"\/wp-content\/themes\/main\/images\/man-typing.png\" style=\"max-width: 100%;\"\/><\/div>\n<\/div>\n<div class=\"col col-12 col-xs-12 col-sm-12 col-md-6 col-lg-6\">\n<p>Nell&#8217;epoca digitale dinamica, il contenuto generato da AI sta diventando sempre pi\u00f9 prevalente nell&#8217;academia, nel marketing e nella giornalismo. Mentre l&#8217;AI offre un supporto prezioso per le attivit\u00e0 di scrittura, solleva preoccupazioni riguardanti l&#8217;originalit\u00e0 e l&#8217;autenticit\u00e0. Paper-Checker.com \u00e8 stato curiosamente progettato per rilevare il testo generato da AI, permettendo agli utenti di verificare che il loro contenuto sia veramente creato dall&#8217;uomo.<\/p>\n<h3 class=\"h4\">La Potenza Sotto Il Nostro Rilevatore Contenuti AI<\/h3>\n<p>Al Paper-Checker.com, il nostro rilevatore di contenuti AI sfrutta modelli avanzati di apprendimento automatico per analizzare precisamente i pattern linguistici e gli stili di scrittura. Questi algoritmi di punta possono rilevare anche le differenze pi\u00f9 sottili tra il testo autoreggiato dall&#8217;uomo e quello generato da AI, assicurando un&#8217;accuratezza eccezionale.<\/p>\n<p>Tecnologia nostra continua a evolversi, incorporando aggiornamenti regolari per rimanere al passo con gli sviluppi nell&#8217;area della generazione di contenuti AI. A differenza delle tradizionali strumenti di rilevamento che si basano principalmente sulle comparazioni del database, il nostro rilevatore AI esplora le sfumature strutturali della scrittura per valutare se una macchina \u00e8 probabile a aver prodotto il contenuto. Questo metodo sofisticato garantisce risultati veloci e affidabili, offrendo un livello di fiducia e confidenza su cui puoi contare.<\/p>\n<\/div>\n<\/div>\n<div class=\"row pt-40 pb-60\">\n<div class=\"col col-12 col-sm-12\">\n<div class=\"dark-info ai-detector\">\n<div class=\"dark-info-container\">\n<div class=\"title\">API del Rilevatore Contenuti AI<\/div>\n<div class=\"middle-info-block\">\n<div class=\"info-block-item\" role=\"presentation\">\n<div class=\"info-title\">Supporto 24\/7 <img alt=\"icon\" decoding=\"async\" src=\"\/wp-content\/themes\/main\/images\/support_icon.svg\"\/><\/div>\n<div class=\"info-text\">Non esitare a contattare il nostro team di supporto in qualsiasi momento e goditi l&#8217;assistenza immediata.<\/div>\n<\/div>\n<div class=\"info-block-item\" role=\"presentation\">\n<div class=\"info-title\">Prezzi ragionevoli <img alt=\"icon\" decoding=\"async\" src=\"\/wp-content\/themes\/main\/images\/prices_icon.svg\"\/><\/div>\n<div class=\"info-text\">Forniamo servizi di alta qualit\u00e0 a prezzi accessibili.<\/div>\n<\/div>\n<\/div>\n<div class=\"dark-info-text\">\n<p>Quando l&#8217;originalit\u00e0 \u00e8 importante, Paper-Checker.com \u00e8 la soluzione che puoi contare per una deteksi contenuti AI accurata. Proteggi il tuo lavoro dalla crescente presenza del testo generato da AI e prendi il controllo della sua qualit\u00e0 e autenticit\u00e0. Con tecnologia di rilevamento avanzata, aiutaci a rimanere al passo con la curva. Fidati di Paper-Checker.com per risultati affidabili ogni volta.<\/p>\n<p><a class=\"btn btn-green\">Provala ora la deteksi AI<\/a><\/p>\n<\/div>\n<\/div>\n<\/div>\n<\/div>\n<\/div>\n<div class=\"row\">\n<div class=\"col col-12 col-sm-12\">\n<div class=\"green-top-subtitle center mb_-6\">I nostri vantaggi<\/div>\n<h2>Caratteristiche chiave del nostro strumento<\/h2>\n<div class=\"subtitle maxw-600 align-center pb-20\">Il rilevatore di contenuti AI di Paper-Checker.com si distingue per le sue funzionalit\u00e0 avanzate progettate per rendere il processo semplice ma efficace:<\/div>\n<div class=\"our-advantages-table\">\n<div class=\"advantages-item\">\n<div class=\"top-line\"><img alt=\"icon\" decoding=\"async\" src=\"\/wp-content\/themes\/main\/images\/scanningdepth_icon.svg\"\/><span class=\"title\">Alta precisione nella deteksi<\/span><\/div>\n<div class=\"text\">Sostenuto da modelli di apprendimento automatico di punta, il nostro strumento fornisce risultati accurati, distinguendo precisamente tra contenuti generati da AI e quelli scritti dall&#8217;uomo.<\/div>\n<\/div>\n<div class=\"advantages-item\">\n<div class=\"top-line\"><img alt=\"icon\" decoding=\"async\" src=\"\/wp-content\/themes\/main\/images\/instant_results_icon.svg\"\/><span class=\"title\">Rilevamento in tempo reale<\/span><\/div>\n<div class=\"text\">Il tempo \u00e8 cruciale. Il nostro sistema lightning-fast fornisce risultati completi in poche secondi, permettendo di apportare revisioni immediate senza ritardi.<\/div>\n<\/div>\n<div class=\"advantages-item\">\n<div class=\"top-line\"><img alt=\"icon\" decoding=\"async\" src=\"\/wp-content\/themes\/main\/images\/interface_icon.svg\"\/><span class=\"title\">Interfaccia utente intuitiva<\/span><\/div>\n<div class=\"text\">La disposizione intuitiva del tool lo rende facile da utilizzare, anche per chi non ha esperienza tecnica.<\/div>\n<\/div>\n<div class=\"advantages-item\">\n<div class=\"top-line\"><img alt=\"icon\" decoding=\"async\" src=\"\/wp-content\/themes\/main\/images\/insights_icon.svg\"\/><span class=\"title\">Rapporti dettagliati<\/span><\/div>\n<div class=\"text\">Il nostro strumento non ti dice solo se \u00e8 stato rilevato contenuto AI &#8211; fornisce una breakdown completa, evidenziando le sezioni di testo specifiche che sono probabili di essere state generate da AI.<\/div>\n<\/div>\n<div class=\"advantages-item\">\n<div class=\"top-line\"><img alt=\"icon\" decoding=\"async\" src=\"\/wp-content\/themes\/main\/images\/safety__icon.svg\"\/><span class=\"title\">Supporto a pi\u00f9 formati<\/span><\/div>\n<div class=\"text\">Indipendentemente dal formato in cui stai lavorando &#8211; testo puro, PDF o altri &#8211; il nostro strumento pu\u00f2 gestirli tutti, offrendo flessibilit\u00e0 per diversi casi d&#8217;uso.<\/div>\n<\/div>\n<div class=\"advantages-item\">\n<div class=\"top-line\"><img alt=\"icon\" decoding=\"async\" src=\"\/wp-content\/themes\/main\/images\/adventures_privacy_icon.svg\"\/><span class=\"title\">Garanzia di privacy<\/span><\/div>\n<div class=\"text\">I tuoi dati sono al sicuro con noi. Mai memorizziamo o condividiamo il contenuto che invii, assicurando la confidenzialit\u00e0 totale.<\/div>\n<\/div>\n<\/div>\n<\/div>\n<\/div>\n<div class=\"blue-bg-block how-check vertical-steps long-titles\">\n<div class=\"container\">\n<div class=\"row\">\n<div class=\"col col-12 col-sm-12\">\n<div class=\"green-top-subtitle\">Come funziona<\/div>\n<h2>Come ottimizzare Paper-Checker.com<\/h2>\n<div class=\"vertical-steps-content\">\n<div class=\"vertical-step-icon\">\n<div class=\"top-part\"><img alt=\"icon\" decoding=\"async\" src=\"\/wp-content\/themes\/main\/images\/step_profile_icon.png\"\/><span class=\"title\">01. Carica o incolla il tuo contenuto<\/span><\/div>\n<p>Pronto a iniziare? Semplicemente carica il tuo documento o incolla il testo nel nostro verificatore di plagio. \u00c8 veloce, facile e senza complicazioni.<\/p>\n<\/div>\n<div class=\"vertical-step-icon\">\n<div class=\"top-part\"><img alt=\"icon\" decoding=\"async\" src=\"\/wp-content\/themes\/main\/images\/step_pricing_icon.png\"\/><span class=\"title\">02. Avvia la verifica di plagio<\/span><\/div>\n<p>Clicca sul pulsante &#8220;Verifica il plagio&#8221; e lascia che il nostro sistema avanzato faccia il suo lavoro. Siediti e rilassati &#8211; noi gestiremo il resto.<\/p>\n<\/div>\n<div class=\"vertical-step-icon\">\n<div class=\"top-part\"><img alt=\"icon\" decoding=\"async\" src=\"\/wp-content\/themes\/main\/images\/step_process_icon.png\"\/><span class=\"title\">03. Esamina il tuo rapporto personalizzato<\/span><\/div>\n<p>In poche ore, riceverai un rapporto dettagliato evidenziando qualsiasi istanza di plagio. Usa questo feedback prezioso per affinare il tuo lavoro.<\/p>\n<\/div>\n<div class=\"vertical-step-icon last\">\n<div class=\"top-part\"><img alt=\"icon\" decoding=\"async\" src=\"\/wp-content\/themes\/main\/images\/step_score_icon.png\"\/><span class=\"title\">04. Perfeziona e proteggi il tuo lavoro<\/span><\/div>\n<p>Fai le modifiche necessarie, indipendentemente dal fatto che tu debba riformulare, aggiungere citazioni o rimuovere contenuti sospetti. Assicurati che la tua versione finale sia polverizzata e autenticamente tua.<\/p>\n<\/div>\n<\/div>\n<\/div>\n<\/div>\n<div class=\"row\">\n<div class=\"col col-12 col-sm-12\">\n<div class=\"dark-info di-green-icon elevate-text\">\n<div class=\"header\">Eleva <span class=\"grey-text\">la tua scrittura.<\/span> Proteggi <span class=\"grey-text\">la tua integrit\u00e0.<\/span><span class=\"grey-text\"> Scegli <\/span> Paper-Checker.com. <\/div>\n<p><a class=\"btn btn-green\" href=\"\">Inizia la verifica<\/a>\n<\/div>\n<\/div>\n<\/div>\n<\/div>\n<\/div>\n","protected":false},"excerpt":{"rendered":"<p>Cosa \u00e8 la deteksi contenuti AI su Paper-Checker.com? Nell&#8217;epoca digitale dinamica, il contenuto generato da AI sta diventando sempre pi\u00f9 prevalente nell&#8217;academia, nel marketing e nella giornalismo. Mentre l&#8217;AI offre un supporto prezioso per le attivit\u00e0 di scrittura, solleva preoccupazioni riguardanti l&#8217;originalit\u00e0 e l&#8217;autenticit\u00e0. Paper-Checker.com \u00e8 stato curiosamente progettato per rilevare il testo generato da AI, permettendo agli utenti di verificare che il loro contenuto sia veramente creato dall&#8217;uomo.<\/p>\n","protected":false},"author":1,"featured_media":0,"parent":0,"menu_order":0,"comment_status":"closed","ping_status":"closed","template":"tpl-landing-page.php","meta":{"_acf_changed":false,"_yoast_wpseo_title":"Verificatore AI per l'originalit\u00e0 | Deteksi contenuti AI accurata","_yoast_wpseo_metadesc":"Il Verificatore AI di Paper-Checker.com rileva il contenuto generato da AI con precisione e velocit\u00e0, assicurando l'originalit\u00e0 nella scrittura accademica, professionale e creativa.","_locale":"it_IT","_original_post":"http:\/\/paper-checker.com.loc\/?page_id=68","iawp_total_views":5,"footnotes":""},"class_list":["post-559","page","type-page","status-publish","hentry","it-IT"],"acf":[],"yoast_head":"<!-- This site is optimized with the Yoast SEO plugin v27.4 - https:\/\/yoast.com\/product\/yoast-seo-wordpress\/ -->\n<title>Verificatore AI per l&#039;originalit\u00e0 | Deteksi contenuti AI accurata<\/title>\n<meta name=\"description\" content=\"Il Verificatore AI di Paper-Checker.com rileva il contenuto generato da AI con precisione e velocit\u00e0, assicurando l&#039;originalit\u00e0 nella scrittura accademica, professionale e creativa.\" \/>\n<meta name=\"robots\" content=\"index, follow, max-snippet:-1, max-image-preview:large, max-video-preview:-1\" \/>\n<link rel=\"canonical\" href=\"https:\/\/paper-checker.com\/it\/ai-detector\/\" \/>\n<meta property=\"og:locale\" content=\"it_IT\" \/>\n<meta property=\"og:type\" content=\"article\" \/>\n<meta property=\"og:title\" content=\"Verificatore AI per l&#039;originalit\u00e0 | Deteksi contenuti AI accurata\" \/>\n<meta property=\"og:description\" content=\"Il Verificatore AI di Paper-Checker.com rileva il contenuto generato da AI con precisione e velocit\u00e0, assicurando l&#039;originalit\u00e0 nella scrittura accademica, professionale e creativa.\" \/>\n<meta property=\"og:url\" content=\"https:\/\/paper-checker.com\/it\/ai-detector\/\" \/>\n<meta property=\"og:site_name\" content=\"Paper Checker\" \/>\n<meta property=\"article:modified_time\" content=\"2025-02-07T08:26:56+00:00\" \/>\n<meta property=\"og:image\" content=\"https:\/\/paper-checker.com\/wp-content\/uploads\/2024\/12\/home.jpg\" \/>\n\t<meta property=\"og:image:width\" content=\"1200\" \/>\n\t<meta property=\"og:image:height\" content=\"675\" \/>\n\t<meta property=\"og:image:type\" content=\"image\/jpeg\" \/>\n<meta name=\"twitter:card\" content=\"summary_large_image\" \/>\n<meta name=\"twitter:label1\" content=\"Tempo di lettura stimato\" \/>\n\t<meta name=\"twitter:data1\" content=\"6 minuti\" \/>\n<!-- \/ Yoast SEO plugin. -->","yoast_head_json":{"title":"Verificatore AI per l'originalit\u00e0 | Deteksi contenuti AI accurata","description":"Il Verificatore AI di Paper-Checker.com rileva il contenuto generato da AI con precisione e velocit\u00e0, assicurando l'originalit\u00e0 nella scrittura accademica, professionale e creativa.","robots":{"index":"index","follow":"follow","max-snippet":"max-snippet:-1","max-image-preview":"max-image-preview:large","max-video-preview":"max-video-preview:-1"},"canonical":"https:\/\/paper-checker.com\/it\/ai-detector\/","og_locale":"it_IT","og_type":"article","og_title":"Verificatore AI per l'originalit\u00e0 | Deteksi contenuti AI accurata","og_description":"Il Verificatore AI di Paper-Checker.com rileva il contenuto generato da AI con precisione e velocit\u00e0, assicurando l'originalit\u00e0 nella scrittura accademica, professionale e creativa.","og_url":"https:\/\/paper-checker.com\/it\/ai-detector\/","og_site_name":"Paper Checker","article_modified_time":"2025-02-07T08:26:56+00:00","og_image":[{"width":1200,"height":675,"url":"https:\/\/paper-checker.com\/wp-content\/uploads\/2024\/12\/home.jpg","type":"image\/jpeg"}],"twitter_card":"summary_large_image","twitter_misc":{"Tempo di lettura stimato":"6 minuti"},"schema":{"@context":"https:\/\/schema.org","@graph":[{"@type":"WebPage","@id":"https:\/\/paper-checker.com\/it\/ai-detector\/","url":"https:\/\/paper-checker.com\/it\/ai-detector\/","name":"Verificatore AI per l'originalit\u00e0 | Deteksi contenuti AI accurata","isPartOf":{"@id":"https:\/\/paper-checker.com\/#website"},"datePublished":"2024-12-23T08:38:44+00:00","dateModified":"2025-02-07T08:26:56+00:00","description":"Il Verificatore AI di Paper-Checker.com rileva il contenuto generato da AI con precisione e velocit\u00e0, assicurando l'originalit\u00e0 nella scrittura accademica, professionale e creativa.","breadcrumb":{"@id":"https:\/\/paper-checker.com\/it\/ai-detector\/#breadcrumb"},"inLanguage":"it-IT","potentialAction":[{"@type":"ReadAction","target":["https:\/\/paper-checker.com\/it\/ai-detector\/"]}]},{"@type":"BreadcrumbList","@id":"https:\/\/paper-checker.com\/it\/ai-detector\/#breadcrumb","itemListElement":[{"@type":"ListItem","position":1,"name":"Home","item":"https:\/\/paper-checker.com\/it\/"},{"@type":"ListItem","position":2,"name":"Verifica l&#8217;autenticit\u00e0 con la deteksi AI"}]},{"@type":"WebSite","@id":"https:\/\/paper-checker.com\/#website","url":"https:\/\/paper-checker.com\/","name":"Paper Checker","description":"","publisher":{"@id":"https:\/\/paper-checker.com\/#organization"},"potentialAction":[{"@type":"SearchAction","target":{"@type":"EntryPoint","urlTemplate":"https:\/\/paper-checker.com\/?s={search_term_string}"},"query-input":{"@type":"PropertyValueSpecification","valueRequired":true,"valueName":"search_term_string"}}],"inLanguage":"it-IT"},{"@type":"Organization","@id":"https:\/\/paper-checker.com\/#organization","name":"Paper Checker","url":"https:\/\/paper-checker.com\/","logo":{"@type":"ImageObject","inLanguage":"it-IT","@id":"https:\/\/paper-checker.com\/#\/schema\/logo\/image\/","url":"https:\/\/paper-checker.com\/wp-content\/uploads\/2024\/12\/Group.png","contentUrl":"https:\/\/paper-checker.com\/wp-content\/uploads\/2024\/12\/Group.png","width":30,"height":30,"caption":"Paper Checker"},"image":{"@id":"https:\/\/paper-checker.com\/#\/schema\/logo\/image\/"}}]}},"_links":{"self":[{"href":"https:\/\/paper-checker.com\/wp-json\/wp\/v2\/pages\/559","targetHints":{"allow":["GET"]}}],"collection":[{"href":"https:\/\/paper-checker.com\/wp-json\/wp\/v2\/pages"}],"about":[{"href":"https:\/\/paper-checker.com\/wp-json\/wp\/v2\/types\/page"}],"author":[{"embeddable":true,"href":"https:\/\/paper-checker.com\/wp-json\/wp\/v2\/users\/1"}],"replies":[{"embeddable":true,"href":"https:\/\/paper-checker.com\/wp-json\/wp\/v2\/comments?post=559"}],"version-history":[{"count":3,"href":"https:\/\/paper-checker.com\/wp-json\/wp\/v2\/pages\/559\/revisions"}],"predecessor-version":[{"id":2830,"href":"https:\/\/paper-checker.com\/wp-json\/wp\/v2\/pages\/559\/revisions\/2830"}],"wp:attachment":[{"href":"https:\/\/paper-checker.com\/wp-json\/wp\/v2\/media?parent=559"}],"curies":[{"name":"wp","href":"https:\/\/api.w.org\/{rel}","templated":true}]}}