{"id":635,"date":"2024-12-23T08:38:44","date_gmt":"2024-12-23T08:38:44","guid":{"rendered":"https:\/\/paper-checker.com\/?page_id=635"},"modified":"2024-12-23T08:38:44","modified_gmt":"2024-12-23T08:38:44","slug":"plagiarism-check","status":"publish","type":"page","link":"https:\/\/paper-checker.com\/it\/plagiarism-check\/","title":{"rendered":"Verifica il documento per plagio"},"content":{"rendered":"<div class=\"effective-check\">\n<div class=\"container\">\n<div class=\"row\">\n<div class=\"col col-12 col-xs-12 col-sm-12 col-md-12 center\">\n<h2>Perch\u00e9 scegliere Paper-Checker.com per la rilevazione del plagio?<\/h2>\n<\/div>\n<div class=\"col col-12 col-xs-12 col-sm-12 col-md-6 col-lg-6\">\n<div class=\"effective-check-text\">\n<p>L&#8217;originalit\u00e0 \u00e8 il pilastro della fiducia e del successo in qualsiasi campo. A Paper-Checker.com, capiamo l&#8217;importanza di proteggere il tuo lavoro dal plagio. Non \u00e8 solo una questione di soddisfare aspettative\u2014\u00e8 una questione di difendere la tua credibilit\u00e0 e presentare le tue idee uniche. Il nostro servizio di rilevazione del plagio \u00e8 progettato per aiutarti a raggiungere questi obiettivi con facilit\u00e0 e confidenza. Sostenuto da tecnologie avanzate, il nostro sistema esamina minutamente il tuo lavoro per identificare qualsiasi contenuto copiato o duplicato accidentalmente. Indipendentemente dal fatto che tu sia uno studente che aspira all&#8217;excelenza accademica o un professionista che difende la tua reputazione, Paper-Checker.com garantisce che il tuo lavoro rimanga autentico e impactante.<\/p>\n<\/div>\n<\/div>\n<div class=\"col col-12 col-xs-12 col-sm-12 col-md-6 col-lg-6\">\n<div class=\"effective-check-content\">\n<div class=\"effective-check-block\">\n<div class=\"header\">Una Rivoluzione di Pensiero e Creativit\u00e0<\/div>\n<div class=\"text\">La Rinascita, che si estende dal 14\u00b0 al 17\u00b0 secolo, ha segnato un&#8217;epoca trasformatrice nella storia umana. Originale in Italia, essa celebrait una rinnovazione dell&#8217;arte classica, della letteratura e della scienza, favorendo scoperte fondamentali e trasformazioni culturali. Visionari come Leonardo da Vinci e Galileo hanno sfidato i normativi tradizionali, combinando la creativit\u00e0 con l&#8217;osservazione empirica. Questo periodo ha riconfigurato l&#8217;espressione artistica e ha costituito la base per il pensiero moderno, sottolineando l&#8217;individualit\u00e0 e l&#8217;innozione.<\/div>\n<\/div>\n<div class=\"effective-double-images\"><img alt=\"plagio\" decoding=\"async\" src=\"\/wp-content\/themes\/main\/images\/effect-plagiarism.png\"\/><br \/>\n<img alt=\"ai probability\" decoding=\"async\" src=\"\/wp-content\/themes\/main\/images\/effect-ai-probability.png\"\/><\/div>\n<\/div>\n<\/div>\n<\/div>\n<\/div>\n<\/div>\n<div class=\"container\">\n<div class=\"row\">\n<div class=\"col col-12\">\n<div class=\"dark-info students-info\">\n<div class=\"dark-info-container\">\n<div class=\"title\">Analisi Thorough e affidabile<\/div>\n<div class=\"middle-info-block\">\n<div class=\"info-block-item\" role=\"presentation\">\n<div class=\"info-title\">500.000 Clienti <img alt=\"icon\" decoding=\"async\" src=\"\/wp-content\/themes\/main\/images\/customers_icon.png\"\/><\/div>\n<div class=\"info-text\">La nostra rete di studenti, professori e blogger<\/div>\n<\/div>\n<div class=\"info-block-item\" role=\"presentation\">\n<div class=\"info-title\">Politica di privacy del 100% <img alt=\"icon\" decoding=\"async\" src=\"\/wp-content\/themes\/main\/images\/privacy_icon.svg\"\/><\/div>\n<div class=\"info-text\">Garantiamo la confidenzialezza assoluta dei nostri clienti<\/div>\n<\/div>\n<\/div>\n<div class=\"dark-info-text\">A Paper-Checker.com, assicuriamo l&#8217;originalit\u00e0 del tuo lavoro con precisione senza pari. Il nostro sistema avanzato analizza il contenuto rispetto a grandi database, fornendo report dettagliati e facili da leggere in pochi minuti. Ideale per studenti, professionisti e educatori, la nostra strumento ti aiuta a mantenere i tuoi lavori accademici, documenti professionali e progetti creativi autenti e veri alla tua voce.<\/div>\n<\/div>\n<\/div>\n<\/div>\n<\/div>\n<div class=\"row\">\n<div class=\"col col-12 col-xs-12 col-sm-12\">\n<div class=\"unlocking-section\">\n<p><img alt=\"unlocking\" decoding=\"async\" src=\"\/wp-content\/themes\/main\/images\/woman-with-notebook.png\"\/><\/p>\n<div class=\"unlocking-content\">\n<h3>Tecnologia Avanzata di Sfondo del Servizio<\/h3>\n<p>Cosa rende Paper-Checker.com straordinario \u00e8 la tecnologia innovativa al suo nucleo. Ecco ci\u00f2 che puoi aspettarti:<\/p>\n<ul>\n<li>Algoritmi sofisticati<\/li>\n<li>Database comprensivo<\/li>\n<li>Pi\u00f9 alta precisione<\/li>\n<li>Risultati rapidi e affidabili<\/li>\n<li>Interfaccia utente intuitiva<\/li>\n<li>Dedizione all&#8217;innovazione<\/li>\n<\/ul>\n<\/div>\n<\/div>\n<\/div>\n<\/div>\n<\/div>\n<div class=\"blue-bg-block scan-paper\">\n<div class=\"container\">\n<div class=\"row\">\n<div class=\"col col-12 col-sm-12 col-md-6 col-lg-6\">\n<div class=\"scan-text\">\n<h2>Come utilizzare Paper-Checker.com<\/h2>\n<p>Utilizzare Paper-Checker.com \u00e8 semplice e senza complicazioni. Basta caricare il tuo documento, e il nostro sistema avanzato inizia subito a lavorare. In pochi minuti, il testo viene analizzato rispetto a un vasto database di fonti online, riviste accademiche e opere pubblicate. I risultati sono presentati in un report chiaro e dettagliato, evidenziando tutte le istanze di contenuto corrispondente e fornendo una suddivisione dell&#8217;originalit\u00e0.<\/p>\n<p>L&#8217;interfaccia utente intuitiva ti permette di esaminare e affrontare facilmente qualsiasi preoccupazione. Indipendentemente dal fatto che tu sia uno studente che invia un compito o un professionista che prepara un rapporto, il nostro processo semplificato ti consente di concentrarti su ci\u00f2 che \u00e8 pi\u00f9 importante\u2014produrre lavoro eccezionale.<\/p>\n<\/div>\n<\/div>\n<div class=\"col col-12 col-sm-12 col-md-6 col-lg-6\">\n<div class=\"short-drop-file\">\n<div class=\"drop-file-form\">\n<div class=\"drop-file-block\">\n<div class=\"more-than\">\n<img alt=\"check\" decoding=\"async\" src=\"\/wp-content\/themes\/main\/images\/blue-circle-check-icon.svg\"\/><\/p>\n<div class=\"text\"><b>pi\u00f9 di<\/b> solo un verificatore di plagio<\/div>\n<\/div>\n<div class=\"drop-file-block-wrapper\">\n<div class=\"img-block\"><img alt=\"drag &amp; drop\" decoding=\"async\" src=\"\/wp-content\/themes\/main\/images\/drop-files-block.png\"\/><\/div>\n<div class=\"top-part\">\n<div class=\"dark-text font-16\">Trascina e rilascia i file qui<\/div>\n<div>per caricare i documenti da verificare per il plagio<\/div>\n<\/div>\n<p><button class=\"btn-green\">Carica file<\/button><\/p>\n<div class=\"grey-separate-line\"><\/div>\n<div class=\"type-text\">Inserisci il testo qui<\/div>\n<div class=\"grey-btns-block\">\n<div class=\"btn btn-grey\"><img alt=\"icon\" decoding=\"async\" src=\"\/wp-content\/themes\/main\/images\/dropbox-img.svg\"\/>Dropbox<\/div>\n<div class=\"btn btn-grey\"><img alt=\"icon\" decoding=\"async\" src=\"\/wp-content\/themes\/main\/images\/onedrive-img.svg\"\/>OneDrive<\/div>\n<div class=\"btn btn-grey\"><img alt=\"icon\" decoding=\"async\" src=\"\/wp-content\/themes\/main\/images\/attach-file.svg\"\/>Allega File<\/div>\n<div class=\"btn btn-grey\"><img alt=\"icon\" decoding=\"async\" src=\"\/wp-content\/themes\/main\/images\/by-url.svg\"\/>per URL<\/div>\n<\/div>\n<div class=\"blue-btns-block\">\n<div class=\"btn btn-blue-gradient with-shadow\"><img alt=\"icon\" decoding=\"async\" src=\"\/wp-content\/themes\/main\/images\/white-loop-img.svg\"\/>Verificatore di plagio<\/div>\n<div class=\"btn btn-blue-gradient-o\">\n<div class=\"btn-blue-gradient-o-wrap\">\n<img alt=\"icon\" decoding=\"async\" src=\"\/wp-content\/themes\/main\/images\/pictogrammers-robot.svg\"\/>Detector AI                    <\/div>\n<\/div>\n<\/div>\n<\/div>\n<\/div>\n<div class=\"drop-file-additional-options\">\n<div class=\"option-item ai\"><input checked=\"checked\" class=\"checkbox\" name=\"ai\" type=\"checkbox\"\/><label for=\"ai\">cerca del testo AI<\/label><\/div>\n<div class=\"option-item latin-characters\"><input checked=\"checked\" class=\"checkbox\" name=\"latin-characters\" type=\"checkbox\"\/><label for=\"latin-characters\">solo caratteri latini<\/label><\/div>\n<div class=\"option-item references\"><input class=\"checkbox\" name=\"references\" type=\"checkbox\"\/><label for=\"references\">escludi riferimenti<\/label><\/div>\n<div class=\"option-item citation\"><input class=\"checkbox\" name=\"citations\" type=\"checkbox\"\/><label for=\"citations\">escludi le citazioni in testo<\/label><\/div>\n<\/div>\n<div class=\"align-center bottom-btn\">\n<div class=\"device\"><img alt=\"line\" decoding=\"async\" src=\"\/wp-content\/themes\/main\/images\/devide-line.png\"\/><\/div>\n<p><a class=\"btn btn-blue-gradient\" href=\"\">Verificatore di plagio<\/a>\n<\/div>\n<\/div>\n<\/div>\n<\/div>\n<\/div>\n<\/div>\n<\/div>\n<div class=\"container\">\n<div class=\"row\">\n<div class=\"col col-12 col-xs-12 col-sm-12\">\n<div class=\"plag-checker-section\">\n<p><img alt=\"verifica-plagio\" decoding=\"async\" src=\"\/wp-content\/themes\/main\/images\/plag-checker.png\"\/><\/p>\n<div class=\"plag-checker-content\">\n<h2>Chi pu\u00f2 beneficiare da Paper-Checker.com?<\/h2>\n<ul>\n<li><strong>Studenti:<\/strong> Verifica l&#8217;autenticit\u00e0 degli sconti, dei lavori di ricerca e degli assegnamenti per mantenere l&#8217;integrit\u00e0 accademica e evitare il plagio accidentale.<\/li>\n<li><strong>Educatori:<\/strong> Valuta i compiti degli studenti con fiducia, assicurando valutazioni equo e accurate.<\/li>\n<li><strong>Professionisti:<\/strong> Proteggi l&#8217;originalit\u00e0 dei rapporti, delle proposte e altri documenti aziendali per mantenere la tua reputazione e la tua fede.<\/li>\n<li><strong>Scrittori e blogger:<\/strong> Assicurati che i tuoi lavori creativi, gli articoli e le pubblicazioni di blog siano completamente unici, riflettendo il tuo stile personale e la tua visione.<\/li>\n<li><strong>Pubblicatori:<\/strong> Proteggi dal contenuto duplicato prima della pubblicazione, preservando la reputazione e la qualit\u00e0 del tuo marchio.<\/li>\n<\/ul>\n<\/div>\n<\/div>\n<\/div>\n<div class=\"row tips-students\">\n<div class=\"col col-12 col-sm-12 col-md-6 col-lg-6\">\n<div class=\"tips-text\">\n<h3>Assicurati che il tuo lavoro risplenda<\/h3>\n<p>L&#8217;originalit\u00e0 \u00e8 la base della fiducia e del successo, e con Paper-Checker.com, puoi proteggere il tuo lavoro con fiducia. Indipendentemente dal fatto che tu sia uno studente che aspira all&#8217;excelenza accademica, un professionista che difende la tua reputazione o un scrittore che assicura l&#8217;autenticit\u00e0, il nostro servizio ti fornisce gli strumenti per verificare e migliorare il tuo contenuto.<\/p>\n<p>Assicurati della qualit\u00e0 e dell&#8217;integrit\u00e0 del tuo lavoro oggi. Unisci i migliaia di persone che fanno affidamento su Paper-Checker.com per aiutare le loro idee a risplendere.<\/p>\n<\/div>\n<\/div>\n<div class=\"col col-12 col-sm-12 col-md-6 col-lg-6\"><img alt=\"suggerimenti\" decoding=\"async\" src=\"\/wp-content\/themes\/main\/images\/tips-students-img.png\"\/><\/div>\n<\/div>\n<div class=\"row\">\n<div class=\"col col-12 col-sm-12\">\n<div class=\"dark-info check-words\">\n<div class=\"header top-white-line\">Non rischiare <span class=\"light-green\">la tua reputazione<\/span><\/div>\n<div class=\"text\" style=\"max-width: 800px;\"><span class=\"grey-text\">Fai dell&#8217;originalit\u00e0 il tuo standard con Paper-Checker.com!<\/span><\/div>\n<\/div>\n<\/div>\n<\/div>\n<\/div>\n<\/div>\n","protected":false},"excerpt":{"rendered":"<p>Perch\u00e9 scegliere Paper-Checker.com per la rilevazione del plagio? L&#8217;originalit\u00e0 \u00e8 il pilastro della fiducia e del successo in qualsiasi campo. A Paper-Checker.com, capiamo l&#8217;importanza di proteggere il tuo lavoro dal plagio. Non \u00e8 solo una questione di soddisfare aspettative\u2014\u00e8 una questione di difendere la tua credibilit\u00e0 e presentare le tue idee uniche. Il nostro servizio di rilevazione del plagio \u00e8 progettato per aiutarti a raggiungere questi obiettivi.<\/p>\n","protected":false},"author":1,"featured_media":0,"parent":0,"menu_order":0,"comment_status":"closed","ping_status":"closed","template":"tpl-landing-page.php","meta":{"_acf_changed":false,"_yoast_wpseo_title":"Verifica del plagio: Esplora l'originalit\u00e0 con Paper-Checker.com","_yoast_wpseo_metadesc":"Rileva rapidamente il plagio con precisione senza pari, assicurando che la tua scrittura accademica, professionale e creativa sia originale.","_locale":"it_IT","_original_post":"http:\/\/paper-checker.com.loc\/?page_id=49","iawp_total_views":2,"footnotes":""},"class_list":["post-635","page","type-page","status-publish","hentry","it-IT"],"acf":[],"yoast_head":"<!-- This site is optimized with the Yoast SEO plugin v27.4 - https:\/\/yoast.com\/product\/yoast-seo-wordpress\/ -->\n<title>Verifica del plagio: Esplora l&#039;originalit\u00e0 con Paper-Checker.com<\/title>\n<meta name=\"description\" content=\"Rileva rapidamente il plagio con precisione senza pari, assicurando che la tua scrittura accademica, professionale e creativa sia originale.\" \/>\n<meta name=\"robots\" content=\"index, follow, max-snippet:-1, max-image-preview:large, max-video-preview:-1\" \/>\n<link rel=\"canonical\" href=\"https:\/\/paper-checker.com\/it\/plagiarism-check\/\" \/>\n<meta property=\"og:locale\" content=\"it_IT\" \/>\n<meta property=\"og:type\" content=\"article\" \/>\n<meta property=\"og:title\" content=\"Verifica del plagio: Esplora l&#039;originalit\u00e0 con Paper-Checker.com\" \/>\n<meta property=\"og:description\" content=\"Rileva rapidamente il plagio con precisione senza pari, assicurando che la tua scrittura accademica, professionale e creativa sia originale.\" \/>\n<meta property=\"og:url\" content=\"https:\/\/paper-checker.com\/it\/plagiarism-check\/\" \/>\n<meta property=\"og:site_name\" content=\"Paper Checker\" \/>\n<meta property=\"og:image\" content=\"https:\/\/paper-checker.com\/wp-content\/uploads\/2024\/12\/home.jpg\" \/>\n\t<meta property=\"og:image:width\" content=\"1200\" \/>\n\t<meta property=\"og:image:height\" content=\"675\" \/>\n\t<meta property=\"og:image:type\" content=\"image\/jpeg\" \/>\n<meta name=\"twitter:card\" content=\"summary_large_image\" \/>\n<meta name=\"twitter:label1\" content=\"Tempo di lettura stimato\" \/>\n\t<meta name=\"twitter:data1\" content=\"4 minuti\" \/>\n<!-- \/ Yoast SEO plugin. -->","yoast_head_json":{"title":"Verifica del plagio: Esplora l'originalit\u00e0 con Paper-Checker.com","description":"Rileva rapidamente il plagio con precisione senza pari, assicurando che la tua scrittura accademica, professionale e creativa sia originale.","robots":{"index":"index","follow":"follow","max-snippet":"max-snippet:-1","max-image-preview":"max-image-preview:large","max-video-preview":"max-video-preview:-1"},"canonical":"https:\/\/paper-checker.com\/it\/plagiarism-check\/","og_locale":"it_IT","og_type":"article","og_title":"Verifica del plagio: Esplora l'originalit\u00e0 con Paper-Checker.com","og_description":"Rileva rapidamente il plagio con precisione senza pari, assicurando che la tua scrittura accademica, professionale e creativa sia originale.","og_url":"https:\/\/paper-checker.com\/it\/plagiarism-check\/","og_site_name":"Paper Checker","og_image":[{"width":1200,"height":675,"url":"https:\/\/paper-checker.com\/wp-content\/uploads\/2024\/12\/home.jpg","type":"image\/jpeg"}],"twitter_card":"summary_large_image","twitter_misc":{"Tempo di lettura stimato":"4 minuti"},"schema":{"@context":"https:\/\/schema.org","@graph":[{"@type":"WebPage","@id":"https:\/\/paper-checker.com\/it\/plagiarism-check\/","url":"https:\/\/paper-checker.com\/it\/plagiarism-check\/","name":"Verifica del plagio: Esplora l'originalit\u00e0 con Paper-Checker.com","isPartOf":{"@id":"https:\/\/paper-checker.com\/#website"},"datePublished":"2024-12-23T08:38:44+00:00","description":"Rileva rapidamente il plagio con precisione senza pari, assicurando che la tua scrittura accademica, professionale e creativa sia originale.","breadcrumb":{"@id":"https:\/\/paper-checker.com\/it\/plagiarism-check\/#breadcrumb"},"inLanguage":"it-IT","potentialAction":[{"@type":"ReadAction","target":["https:\/\/paper-checker.com\/it\/plagiarism-check\/"]}]},{"@type":"BreadcrumbList","@id":"https:\/\/paper-checker.com\/it\/plagiarism-check\/#breadcrumb","itemListElement":[{"@type":"ListItem","position":1,"name":"Home","item":"https:\/\/paper-checker.com\/it\/"},{"@type":"ListItem","position":2,"name":"Verifica il documento per plagio"}]},{"@type":"WebSite","@id":"https:\/\/paper-checker.com\/#website","url":"https:\/\/paper-checker.com\/","name":"Paper Checker","description":"","publisher":{"@id":"https:\/\/paper-checker.com\/#organization"},"potentialAction":[{"@type":"SearchAction","target":{"@type":"EntryPoint","urlTemplate":"https:\/\/paper-checker.com\/?s={search_term_string}"},"query-input":{"@type":"PropertyValueSpecification","valueRequired":true,"valueName":"search_term_string"}}],"inLanguage":"it-IT"},{"@type":"Organization","@id":"https:\/\/paper-checker.com\/#organization","name":"Paper Checker","url":"https:\/\/paper-checker.com\/","logo":{"@type":"ImageObject","inLanguage":"it-IT","@id":"https:\/\/paper-checker.com\/#\/schema\/logo\/image\/","url":"https:\/\/paper-checker.com\/wp-content\/uploads\/2024\/12\/Group.png","contentUrl":"https:\/\/paper-checker.com\/wp-content\/uploads\/2024\/12\/Group.png","width":30,"height":30,"caption":"Paper Checker"},"image":{"@id":"https:\/\/paper-checker.com\/#\/schema\/logo\/image\/"}}]}},"_links":{"self":[{"href":"https:\/\/paper-checker.com\/wp-json\/wp\/v2\/pages\/635","targetHints":{"allow":["GET"]}}],"collection":[{"href":"https:\/\/paper-checker.com\/wp-json\/wp\/v2\/pages"}],"about":[{"href":"https:\/\/paper-checker.com\/wp-json\/wp\/v2\/types\/page"}],"author":[{"embeddable":true,"href":"https:\/\/paper-checker.com\/wp-json\/wp\/v2\/users\/1"}],"replies":[{"embeddable":true,"href":"https:\/\/paper-checker.com\/wp-json\/wp\/v2\/comments?post=635"}],"version-history":[{"count":1,"href":"https:\/\/paper-checker.com\/wp-json\/wp\/v2\/pages\/635\/revisions"}],"predecessor-version":[{"id":636,"href":"https:\/\/paper-checker.com\/wp-json\/wp\/v2\/pages\/635\/revisions\/636"}],"wp:attachment":[{"href":"https:\/\/paper-checker.com\/wp-json\/wp\/v2\/media?parent=635"}],"curies":[{"name":"wp","href":"https:\/\/api.w.org\/{rel}","templated":true}]}}