{"id":868,"date":"2024-12-23T08:38:44","date_gmt":"2024-12-23T08:38:44","guid":{"rendered":"https:\/\/paper-checker.com\/?page_id=868"},"modified":"2025-01-28T14:26:25","modified_gmt":"2025-01-28T14:26:25","slug":"about-us","status":"publish","type":"page","link":"https:\/\/paper-checker.com\/it\/about-us\/","title":{"rendered":"Siamo qui per aiutarti!"},"content":{"rendered":"<div class=\"container\">\n<div class=\"row\">\n<div class=\"col col-12\">\n<div class=\"row page-title-row\">\n<div class=\"col col-12\">\n<h1>Siamo qui per aiutarti!<\/h1>\n<div class=\"subtitle\">Empowering Originality and Integrity<\/div>\n<\/div>\n<\/div>\n<div class=\"row row-welcome\">\n<div class=\"col col-12 col-sm-12 col-md-6\">\n<h2>Benvenuti su Paper-Checker.com, il vostro partner di fiducia per garantire l&#8217;autenticit\u00e0 dei contenuti<\/h2>\n<\/div>\n<div class=\"col col-12 col-sm-12 col-md-6\">\n<p>Siamo specializzati in servizi avanzati di rilevamento del plagio e di controllo dei contenuti tramite intelligenza artificiale e ci impegniamo a fornire soluzioni accurate, rapide e affidabili. Che siate studenti che aspirano all&#8217;eccellenza accademica, educatori che promuovono l&#8217;integrit\u00e0, scrittori che creano pezzi originali o professionisti che sostengono elevati standard, sosteniamo il vostro impegno per l&#8217;autenticit\u00e0.<\/p>\n<\/div>\n<\/div>\n<div class=\"container-narrow\">\n<div class=\"row row-our-mission\">\n<div class=\"col col-12 hidden-sm hidden-xs col-sm-12 col-md-5 col-lg-6\"><img alt=\"missing\" class=\"missing-img\" decoding=\"async\" src=\"\/wp-content\/themes\/main\/images\/missing-img.png\"\/><\/div>\n<div class=\"col col-12 col-sm-12 col-md-7 col-lg-6\">\n<div class=\"missing-content\">\n<div class=\"title\">Il nostro obiettivo \u00e8 chiaro:<\/div>\n<div class=\"missing-item\">\n<div class=\"number\">01<\/div>\n<div class=\"text\"><strong>Mantenere l&#8217;integrit\u00e0 accademica:<\/strong> Siamo dedicati a mantenere i pi\u00f9 alti standard di onest\u00e0 in tutti i campi della creazione di contenuti.<\/div>\n<\/div>\n<div class=\"missing-item\">\n<div class=\"number\">02<\/div>\n<div class=\"text\"><strong>Promuovere l&#8217;originalit\u00e0:<\/strong> Incoraggiare e facilitare la produzione di lavoro autentico \u00e8 il cuore del nostro lavoro.<\/div>\n<\/div>\n<div class=\"missing-item\">\n<div class=\"number\">03<\/div>\n<div class=\"text\"><strong>Lotta contro la plagiatistica e l&#8217;uso non etico del contenuto generato da AI:<\/strong> Siamo attivi nella lotta contro la plagiatistica e l&#8217;uso non etico di materiale generato da AI.<\/div>\n<\/div>\n<div class=\"missing-item\">\n<div class=\"number\">04<\/div>\n<div class=\"text\"><strong>Favoreare una cultura di onest\u00e0 e innovazione:<\/strong> Ci auguriamo di nutrire un ambiente in cui l&#8217;integrit\u00e0 e la creativit\u00e0 svolgono il loro meglio.<\/div>\n<\/div>\n<\/div>\n<\/div>\n<\/div>\n<div class=\"dark-info\">\n<div class=\"text\" style=\"max-width: 620px;\"><span class=\"grey-text\">Guidato dai nostri valori fondamentali \u2014<\/span> integrit\u00e0, innovazione, eccellenza e centricit\u00e0 dell&#8217;utente <span class=\"grey-text\"> \u2014 ci impegniamo a supportare la tua ricerca per<\/span> lavoro autentico &amp; etico.<\/div>\n<\/div>\n<div class=\"row foundation-row\">\n<div class=\"col col-12\">\n<h2 class=\"title-foundation\">La nostra fondazione con <img alt=\"icon\" decoding=\"async\" src=\"\/wp-content\/themes\/main\/images\/foundation-icon.png\"\/><span class=\"site-name\">PlagiarismSearch <span class=\"grey-text\">.com<\/span><\/span><\/h2>\n<p>Paper-Checker.com \u00e8 orgoglioso di essere un&#8217;estensione di PlagiarismSearch.com, una leader nota nella detecczione della plagiatistica con anni di esperienza nel settore. Basandoci su questa forte fondazione, abbiamo espanso i nostri servizi includendo la detecczione AI avanzata del contenuto, offrendo una soluzione completa per la verifica dell&#8217;originalit\u00e0.<\/p>\n<p>Supportato dalla reputazione e dall&#8217;esperienza di PlagiarismSearch.com, offriamo un\u2019platforma combinando la relativa affidabilit\u00e0 e la tecnologia innovativa. Il nostro team comprende professionisti dedicati a promuovere l&#8217;originalit\u00e0 e committiti alla servizio eccezionale. Siamo sempre qui per aiutarti, assicurandoti una esperienza di acquisto fluida e soddisfacente con noi.<\/p>\n<\/div>\n<\/div>\n<\/div>\n<\/div>\n<\/div>\n<\/div>\n<div class=\"our-features\">\n<div class=\"container container-narrow\">\n<div class=\"row our-features-row\">\n<div class=\"col col-12 col-md-6 col-lg-6\">\n<div class=\"green-top-subtitle\">I nostri Features<\/div>\n<h2>Soluzioni avanzate per un pubblico globale<\/h2>\n<div class=\"subtitle\">Offriamo una precisione superiore nella riconoscenza di contenuti copiati o generati da AI utilizzando algoritmi sofisticati e database estesi.<\/div>\n<\/div>\n<div class=\"col col-12 col-md-6 col-lg-6\">\n<div class=\"features-list-title\">Le nostre funzionalit\u00e0 utente semplici:<\/div>\n<div class=\"our-features-list\">\n<div class=\"our-features-item\">\n<div class=\"our-features-icon\"><img alt=\"icon\" decoding=\"async\" src=\"\/wp-content\/themes\/main\/images\/our-feature-icon1.png\"\/><\/div>\n<div class=\"text\"><strong>Interfaccia intuitiva:<\/strong> Naviga con facilit\u00e0 e ottieni risultati rapidamente.<\/div>\n<\/div>\n<div class=\"our-features-item\">\n<div class=\"our-features-icon\"><img alt=\"icon\" decoding=\"async\" src=\"\/wp-content\/themes\/main\/images\/our-feature-icon2.png\"\/><\/div>\n<div class=\"text\"><strong>Risultati in tempo reale:<\/strong> Ricevi immediata feedback sulla originalit\u00e0 del tuo contenuto.<\/div>\n<\/div>\n<div class=\"our-features-item\">\n<div class=\"our-features-icon\"><img alt=\"icon\" decoding=\"async\" src=\"\/wp-content\/themes\/main\/images\/our-feature-icon3.png\"\/><\/div>\n<div class=\"text\"><strong>Rapporti dettagliati:<\/strong> Ottieni un&#8217;insight complessiva per comprendere e migliorare il tuo lavoro.<\/div>\n<\/div>\n<div class=\"our-features-item\">\n<div class=\"our-features-icon\"><img alt=\"icon\" decoding=\"async\" src=\"\/wp-content\/themes\/main\/images\/our-feature-icon4.png\"\/><\/div>\n<div class=\"text\"><strong>Supporto a pi\u00f9 lingue:<\/strong> Cateriamo ad un pubblico globale, supportando pi\u00f9 lingue per soddisfare diverse esigenze.<\/div>\n<\/div>\n<\/div>\n<\/div>\n<\/div>\n<div class=\"row\">\n<div class=\"col col-12\">\n<div class=\"tailored-services\">\n<div class=\"t-services-row first-row\">\n<div class=\"t-services-item t1\">\n<div class=\"t-services-content\">\n<div class=\"icon\"><\/div>\n<div class=\"title\">Studenti e insegnanti<\/div>\n<div class=\"text\">Assicurando l&#8217;integrit\u00e0 accademica e l&#8217;etica<\/div>\n<\/div>\n<\/div>\n<div class=\"t-services-item white-item t2\">\n<div class=\"t-services-content\">\n<div class=\"green-top-subtitle\">Soluzioni<\/div>\n<h2>Offriamo servizi personalizzati per:<\/h2>\n<\/div>\n<\/div>\n<\/div>\n<div class=\"t-services-row\">\n<div class=\"t-services-item t3\">\n<div class=\"t-services-content\">\n<div class=\"icon\"><\/div>\n<div class=\"title\">Scrittori e editore<\/div>\n<div class=\"text\">Mantenendo l&#8217;originalit\u00e0 in tutte le pubblicazioni<\/div>\n<\/div>\n<\/div>\n<div class=\"t-services-item t4\">\n<div class=\"t-services-content\">\n<div class=\"icon\"><\/div>\n<div class=\"title\">Imprese<\/div>\n<div class=\"text\">Protettando l&#8217;integrit\u00e0 del brand e l&#8217;autenticit\u00e0 del contenuto<\/div>\n<\/div>\n<\/div>\n<\/div>\n<\/div>\n<\/div>\n<\/div>\n<\/div>\n<div class=\"container\">\n<div class=\"container-narrow-2\">\n<div class=\"row collaborating-text\">\n<div class=\"col col-12\">\n<h2 class=\"narrow-title\">Collaborando per una Cultura di Integrit\u00e0<\/h2>\n<div class=\"subtitle\">Attivamente collaboriamo con istituzioni educative, editore e organizzazioni per promuovere l&#8217;integrit\u00e0 accademica e combattere la plagiatistica.<\/div>\n<p>Tramite la nostra partecipazione a PlagiarismSearch.com, ci impegniamo in iniziative per educare e rafforzare l&#8217;importanza dell&#8217;originalit\u00e0 e della creazione di contenuti etiche. Attraverso queste relazioni, contribuiamo ad una comunit\u00e0 che sostiene i pi\u00f9 alti standard di onest\u00e0 e innovazione.<\/p>\n<\/div>\n<\/div>\n<div class=\"row join-us\">\n<div class=\"col col-12 col-md-6 col-lg-6\">\n<div class=\"join-us-content\">\n<h3 class=\"join-us-title\">Unisciti a Noi nel Sostenere l&#8217;Originalit\u00e0<\/h3>\n<div class=\"subtitle\">A Paper-Checker.com, non solo siamo un servizio\u2014we siamo una comunit\u00e0 impegnata nell&#8217;integrit\u00e0 e nella eccellenza. Invitiamo te a unirsi a noi nel sostenere l&#8217;originalit\u00e0:<\/div>\n<p>Esplora I nostri Servizi: <button class=\"btn-blue-gradient log-in-btn\">Registrati<\/button> <span class=\"blue-text upper-text\">adesso per una prova gratuita<\/span> e scopri la differenza che possiamo fare nel tuo lavoro.<\/p>\n<p>Tu cerca di autenticit\u00e0 \u00e8 il nostro obiettivo. Fidati della nostra esperienza; insieme, ci auguriamo di nutrire un ambiente in cui l&#8217;originalit\u00e0 e l&#8217;integrit\u00e0 svolgono il loro meglio.<\/p>\n<\/div>\n<\/div>\n<div class=\"col col-12 col-md-6 col-lg-6\">\n<div class=\"get-touch\">\n<div class=\"get-touch-title\">Contattaci<\/div>\n<div class=\"get-touch-item\"><img alt=\"icon\" decoding=\"async\" src=\"\/wp-content\/themes\/main\/images\/email_icon.svg\"\/><\/p>\n<div class=\"text-part\">\n<div class=\"title\">Connettiti con Noi:<\/div>\n<div class=\"text\">Hai domande o bisogno di aiuto?\u00a0Contattaci a <a href=\"mailto:support@paper-checker.com\">supporto@paper-checker.com<\/a> Siamo qui per aiutarti.<\/div>\n<\/div>\n<\/div>\n<div class=\"get-touch-item\"><img alt=\"icon\" decoding=\"async\" src=\"\/wp-content\/themes\/main\/images\/social_icon.svg\"\/><\/p>\n<div class=\"text-part\">\n<div class=\"title\">Stai Informato<\/div>\n<div class=\"text\">Seguici sulle piattaforme social per rimanere aggiornato sulle ultime notizie e le informazioni:<\/div>\n<div class=\"social-buttons-part\"><a href=\"https:\/\/www.linkedin.com\/company\/plagiarismsearch\/\" target=\"_blank\"><img alt=\"icon\" decoding=\"async\" src=\"\/wp-content\/themes\/main\/images\/linkedin-icon.svg\"\/><\/a><a href=\"https:\/\/x.com\/AuthenticPapers\" target=\"_blank\"><img alt=\"icon\" decoding=\"async\" src=\"\/wp-content\/themes\/main\/images\/x-icon.svg\"\/><\/a><a href=\"https:\/\/www.youtube.com\/@plagiarismsearch5119\" target=\"_blank\"><img alt=\"icon\" decoding=\"async\" src=\"\/wp-content\/themes\/main\/images\/youtube-icon-white-bg.svg\" style=\"width:30px;margin-right: -4px;margin-left: -2px;margin-top: -6px;\"\/><\/a><a href=\"https:\/\/www.instagram.com\/plagiarismsearch\/\" target=\"_blank\"><img alt=\"icon\" decoding=\"async\" src=\"\/wp-content\/themes\/main\/images\/instagram-icon-white.svg\" style=\"width:24px;height:auto;margin-top:-3px;\"\/><\/a><\/div>\n<\/div>\n<\/div>\n<\/div>\n<\/div>\n<\/div>\n<\/div>\n<\/div>\n","protected":false},"excerpt":{"rendered":"<p>Siamo qui per aiutarti! Empowering Originality and Integrity Benvenuti su Paper-Checker.com, il tuo partner affidabile per assicurarti l&#8217;autenticit\u00e0 del contenuto. Specializziamo in detecczione avanzata della plagiatistica e nelle analisi AI del contenuto, e ci concentriamo sulle soluzioni accurate, rapide e affidabili. Sei un studente che cerca di raggiungere l&#8217;ottima performance accademica, un insegnante che promuove l&#8217;integrit\u00e0, un autore che crea pezzi originali o un [&#8230;]<\/p>\n","protected":false},"author":1,"featured_media":0,"parent":0,"menu_order":0,"comment_status":"closed","ping_status":"closed","template":"","meta":{"_acf_changed":false,"_yoast_wpseo_title":"Siamo qui per aiutarti! | Paper-Checker.com","_yoast_wpseo_metadesc":"Scopri Paper-Checker.com, la nostra missione, valori e servizi avanzati.","_locale":"it_IT","_original_post":"http:\/\/paper-checker.com.loc\/?page_id=10","iawp_total_views":6,"footnotes":""},"class_list":["post-868","page","type-page","status-publish","hentry","it-IT"],"acf":[],"yoast_head":"<!-- This site is optimized with the Yoast SEO plugin v27.4 - https:\/\/yoast.com\/product\/yoast-seo-wordpress\/ -->\n<title>Siamo qui per aiutarti! | Paper-Checker.com<\/title>\n<meta name=\"description\" content=\"Scopri Paper-Checker.com, la nostra missione, valori e servizi avanzati.\" \/>\n<meta name=\"robots\" content=\"index, follow, max-snippet:-1, max-image-preview:large, max-video-preview:-1\" \/>\n<link rel=\"canonical\" href=\"https:\/\/paper-checker.com\/it\/about-us\/\" \/>\n<meta property=\"og:locale\" content=\"it_IT\" \/>\n<meta property=\"og:type\" content=\"article\" \/>\n<meta property=\"og:title\" content=\"Siamo qui per aiutarti! | Paper-Checker.com\" \/>\n<meta property=\"og:description\" content=\"Scopri Paper-Checker.com, la nostra missione, valori e servizi avanzati.\" \/>\n<meta property=\"og:url\" content=\"https:\/\/paper-checker.com\/it\/about-us\/\" \/>\n<meta property=\"og:site_name\" content=\"Paper Checker\" \/>\n<meta property=\"article:modified_time\" content=\"2025-01-28T14:26:25+00:00\" \/>\n<meta property=\"og:image\" content=\"https:\/\/paper-checker.com\/wp-content\/uploads\/2024\/12\/home.jpg\" \/>\n\t<meta property=\"og:image:width\" content=\"1200\" \/>\n\t<meta property=\"og:image:height\" content=\"675\" \/>\n\t<meta property=\"og:image:type\" content=\"image\/jpeg\" \/>\n<meta name=\"twitter:card\" content=\"summary_large_image\" \/>\n<meta name=\"twitter:label1\" content=\"Tempo di lettura stimato\" \/>\n\t<meta name=\"twitter:data1\" content=\"5 minuti\" \/>\n<!-- \/ Yoast SEO plugin. -->","yoast_head_json":{"title":"Siamo qui per aiutarti! | Paper-Checker.com","description":"Scopri Paper-Checker.com, la nostra missione, valori e servizi avanzati.","robots":{"index":"index","follow":"follow","max-snippet":"max-snippet:-1","max-image-preview":"max-image-preview:large","max-video-preview":"max-video-preview:-1"},"canonical":"https:\/\/paper-checker.com\/it\/about-us\/","og_locale":"it_IT","og_type":"article","og_title":"Siamo qui per aiutarti! | Paper-Checker.com","og_description":"Scopri Paper-Checker.com, la nostra missione, valori e servizi avanzati.","og_url":"https:\/\/paper-checker.com\/it\/about-us\/","og_site_name":"Paper Checker","article_modified_time":"2025-01-28T14:26:25+00:00","og_image":[{"width":1200,"height":675,"url":"https:\/\/paper-checker.com\/wp-content\/uploads\/2024\/12\/home.jpg","type":"image\/jpeg"}],"twitter_card":"summary_large_image","twitter_misc":{"Tempo di lettura stimato":"5 minuti"},"schema":{"@context":"https:\/\/schema.org","@graph":[{"@type":"WebPage","@id":"https:\/\/paper-checker.com\/it\/about-us\/","url":"https:\/\/paper-checker.com\/it\/about-us\/","name":"Siamo qui per aiutarti! | Paper-Checker.com","isPartOf":{"@id":"https:\/\/paper-checker.com\/#website"},"datePublished":"2024-12-23T08:38:44+00:00","dateModified":"2025-01-28T14:26:25+00:00","description":"Scopri Paper-Checker.com, la nostra missione, valori e servizi avanzati.","breadcrumb":{"@id":"https:\/\/paper-checker.com\/it\/about-us\/#breadcrumb"},"inLanguage":"it-IT","potentialAction":[{"@type":"ReadAction","target":["https:\/\/paper-checker.com\/it\/about-us\/"]}]},{"@type":"BreadcrumbList","@id":"https:\/\/paper-checker.com\/it\/about-us\/#breadcrumb","itemListElement":[{"@type":"ListItem","position":1,"name":"Home","item":"https:\/\/paper-checker.com\/it\/"},{"@type":"ListItem","position":2,"name":"Siamo qui per aiutarti!"}]},{"@type":"WebSite","@id":"https:\/\/paper-checker.com\/#website","url":"https:\/\/paper-checker.com\/","name":"Paper Checker","description":"","publisher":{"@id":"https:\/\/paper-checker.com\/#organization"},"potentialAction":[{"@type":"SearchAction","target":{"@type":"EntryPoint","urlTemplate":"https:\/\/paper-checker.com\/?s={search_term_string}"},"query-input":{"@type":"PropertyValueSpecification","valueRequired":true,"valueName":"search_term_string"}}],"inLanguage":"it-IT"},{"@type":"Organization","@id":"https:\/\/paper-checker.com\/#organization","name":"Paper Checker","url":"https:\/\/paper-checker.com\/","logo":{"@type":"ImageObject","inLanguage":"it-IT","@id":"https:\/\/paper-checker.com\/#\/schema\/logo\/image\/","url":"https:\/\/paper-checker.com\/wp-content\/uploads\/2024\/12\/Group.png","contentUrl":"https:\/\/paper-checker.com\/wp-content\/uploads\/2024\/12\/Group.png","width":30,"height":30,"caption":"Paper Checker"},"image":{"@id":"https:\/\/paper-checker.com\/#\/schema\/logo\/image\/"}}]}},"_links":{"self":[{"href":"https:\/\/paper-checker.com\/wp-json\/wp\/v2\/pages\/868","targetHints":{"allow":["GET"]}}],"collection":[{"href":"https:\/\/paper-checker.com\/wp-json\/wp\/v2\/pages"}],"about":[{"href":"https:\/\/paper-checker.com\/wp-json\/wp\/v2\/types\/page"}],"author":[{"embeddable":true,"href":"https:\/\/paper-checker.com\/wp-json\/wp\/v2\/users\/1"}],"replies":[{"embeddable":true,"href":"https:\/\/paper-checker.com\/wp-json\/wp\/v2\/comments?post=868"}],"version-history":[{"count":3,"href":"https:\/\/paper-checker.com\/wp-json\/wp\/v2\/pages\/868\/revisions"}],"predecessor-version":[{"id":2832,"href":"https:\/\/paper-checker.com\/wp-json\/wp\/v2\/pages\/868\/revisions\/2832"}],"wp:attachment":[{"href":"https:\/\/paper-checker.com\/wp-json\/wp\/v2\/media?parent=868"}],"curies":[{"name":"wp","href":"https:\/\/api.w.org\/{rel}","templated":true}]}}