{"id":977,"date":"2024-12-23T08:38:44","date_gmt":"2024-12-23T08:38:44","guid":{"rendered":"https:\/\/paper-checker.com\/?page_id=977"},"modified":"2024-12-24T11:45:41","modified_gmt":"2024-12-24T11:45:41","slug":"privacy-policy","status":"publish","type":"page","link":"https:\/\/paper-checker.com\/it\/privacy-policy\/","title":{"rendered":"Informativa sulla privacy"},"content":{"rendered":"<h2>Informativa sulla privacy<\/h2>\n<p>System Technology Online Spain SL., Calle Pintor P\u00e9rez Gil 2, b.46 03540, Alicante, Spagna (\u201cnoi\u201d, \u201cci\u201d o \u201ci nostri\u201d) gestisce il sito web Paper-Checker.com e \u00e8 il controller dei tuoi dati personali.<\/p>\n<p>Vorremmo esprimere la nostra gratitudine per il tempo che hai passato a revisionare le nostre offerte e il tuo interesse per i nostri servizi. Puoi essere sicuro che garantiamo non rivelazione di qualsiasi dettaglio personale dei nostri clienti. Tutte le informazioni personali fornite dai nostri clienti rimangono sicure e private. Non \u00e8 possibile un uso errato o una perdita dei dettagli se scegli i servizi della nostra societ\u00e0.<\/p>\n<p>Sotto di te troverai le chiarifiche riguardanti i dati che raccogliamo dai nostri clienti.<\/p>\n<p>Nel corso del nostro lavoro insieme, ci servono i seguenti dettagli:<\/p>\n<ul>\n<li>I nostri clienti;<\/li>\n<li>Visitatori del nostro sito web.<\/li>\n<\/ul>\n<p>Questi dettagli, raccolti dal server del sito web, includono:<\/p>\n<ul>\n<li>Tipo del browser;<\/li>\n<li>Data e ora dell&#8217;accesso al sito web;<\/li>\n<li>Tipo di sistema operativo.<\/li>\n<\/ul>\n<p>Ricorda che l&#8217;informazione raccolta non viene mai venduta o condivisa; non \u00e8 correlata alla rivelazione di qualsiasi identit\u00e0. L&#8217;unica finalit\u00e0 della raccolta di questi dati \u00e8 personalizzare i dati e migliorare il contenuto del sito web.<\/p>\n<p><strong>Cookies<\/strong><\/p>\n<p>I siti web appartenenti a Paper-Checker.com utilizzano i file chiamati &#8220;cookies&#8221; &#8211; i file di testo trasferiti al sistema informatico attraverso il browser web. Questi file ci permettono di fornire contenuti utente-friendly a coloro che navigano sul nostro sito web.<\/p>\n<p>L&#8217;acquisizione di cookies pu\u00f2 essere interrotta se si modificano le impostazioni del proprio browser web. I file cookie gi\u00e0 impostati possono essere rimossi utilizzando programmi computer specifici o tramite Internet. Tenere presente che alcune funzioni offerte dal nostro sito web potrebbero non essere disponibili dopo aver disattivato l&#8217;acquisizione di cookies.<\/p>\n<p><strong>Raccogliere i dati della vendita<\/strong><\/p>\n<p>Paper-Checker.com raccoglie tali dettagli personali come nome, numero di telefono, indirizzo email, paese di residenza e data di nascita. Con l&#8217;unico scopo di elaborare le applicazioni degli utenti in modo efficiente, la nostra risorsa raccolge anche alcuni dati confidenziali, ad esempio i numeri della carta di credito e del passaporto, per inviarli ai nostri compagni d&#8217;assicurazione. In qualsiasi altro modo, Paper-Checker.com non ammassa n\u00e9 archivia alcuna informazione confidenziale.<\/p>\n<p><strong>Raccogliere le informazioni generali<\/strong><\/p>\n<p>I siti web appartenenti alla rete Paper-Checker.com possono raccogliere dati sulle:<\/p>\n<ul>\n<li>Tipo di software per la visualizzazione del web;<\/li>\n<li>Sistema PC utilizzato;<\/li>\n<li>Risorsa online da cui \u00e8 stato effettuato l&#8217;accesso al nostro sito web;<\/li>\n<li>Sottositi web;<\/li>\n<li>Data e ora in cui il nostro sito web \u00e8 stato visitato;<\/li>\n<li>Indirizzo IP;<\/li>\n<li>Fornitore di rete web;<\/li>\n<li>Altri dati che potrebbero essere utilizzati per attaccare i nostri sistemi IT.<\/li>\n<\/ul>\n<p>L&#8217;informazione sopra menzionata viene utilizzata per:<\/p>\n<ul>\n<li>Fornire il nostro contenuto in modo appropriato;<\/li>\n<li>Migliorare sia il contenuto che la modalit\u00e0 di pubblicit\u00e0;<\/li>\n<li>Garantire la facilit\u00e0 tecnica;<\/li>\n<\/ul>\n<p>Fornire alle autorit\u00e0 i dati necessari per la condotta di un&#8217;inchiesta penale relativa agli attacchi cibernetiche. I fatti ammassati vengono esaminati con l&#8217;obiettivo di migliorare la sicurezza dei dati sia della nostra societ\u00e0 che dei nostri clienti.<\/p>\n<p><strong>L&#8217;uso dei cookies<\/strong><\/p>\n<p>Utilizziamo i &#8220;cookies&#8221; perch\u00e9 ci permettono di raccogliere i dati statistici sulla visita e l&#8217;uso del nostro sito web. Inoltre, questa \u00e8 una buona opzione per creare una navigazione efficace.<\/p>\n<p><strong>Raccogliere i dettagli personali<\/strong><\/p>\n<p>I nostri clienti vengono chiesti di fornire le seguenti informazioni personali durante la registrazione:<\/p>\n<ul>\n<li>Nome<\/li>\n<li>Numero di telefono di contatto<\/li>\n<li>Email<\/li>\n<\/ul>\n<p>Dunque, \u00e8 consigliato assicurarsi dell&#8217;accuratezza dei dettagli di contatto, poich\u00e9 \u00e8 una garanzia della qualit\u00e0 elevata del servizio fornito.<\/p>\n<p>Nostro&#8217;app accede ai dati dell&#8217;utente di Google solo dopo la verifica dell&#8217;utente. Tutti i dati saranno utilizzati esclusivamente per scopi di rilevamento della plagiatizzazione, nessun condivisione o memorizzazione di informazioni personali \u00e8 previsto. Paper-Checker.com non archivia, utilizza o condivide i dati dell&#8217;utente di Google.<\/p>\n<p>I nostri clienti ricevono una garanzia del 100% che i loro dati personali non saranno mai disponibili a nessuno, eccetto il personale della nostra societ\u00e0. Non \u00e8 possibile alcuna rivelazione, condivisione, vendita, pubblicazione o invio a terze parti. Qualsiasi testo che scansioni utilizzando la nostra strumentazione di rilevamento del plagiat non verr\u00e0 trasmesso a terze parti n\u00e9 utilizzato per altri scopi. Tu sei l&#8217;unica proprietaria del testo esposto alla verifica di plagiat per verificare l&#8217;originalit\u00e0 del contenuto.<\/p>\n<p><strong>Transazioni online<\/strong><\/p>\n<p>Utilizziamo solo transazioni online sicure tramite sistemi di pagamento affidabili che escludono qualsiasi possibilit\u00e0 di rivelazione delle informazioni. In alcuni casi, il Dipartimento Finanziario contatta i nostri clienti per assicurare la verifica dell&#8217;identit\u00e0 e prevenire tutti i tipi di frode online.<\/p>\n<p><strong>Dritti dei clienti<\/strong><\/p>\n<p>L&#8217;informazione nel profilo del cliente pu\u00f2 essere modificata, editata, sostituita o eliminata dall&#8217;utente. Nel caso in cui tu abbia bisogno di qualsiasi modifica o assistenza, non esitare a contattare il team di supporto clienti.<\/p>\n<p>Valutiamo molto le preferenze dei clienti riguardo all&#8217;uso privato delle nostre servizi di rilevamento del plagiat e alle opzioni di editing\/rewriting\/proofreading. Le tue informazioni personali saranno utilizzate esclusivamente per scopi interni della nostra societ\u00e0. L&#8217;utilizzo dei nostri servizi presuppone l&#8217;approvazione delle nostre politiche sulla privacy e le regole.<\/p>\n<p><strong>Google Drive &amp; Informazioni sull&#8217;account<\/strong><\/p>\n<p>Non utilizziamo le informazioni che memorizzi sul tuo Google Drive per scopi personali. Il tuo nome, indirizzo email e link ai file non vengono archiviati automaticamente nei nostri server a meno che tu non li carichi tramite la nostra applicazione. Non intenzioniamo condividere i tuoi file o le tue informazioni personali con terze parti. Non apportiamo alcuna modifica ai tuoi file a meno che tu non lo faccia direttamente tramite la nostra applicazione o nel tuo Google Drive. Se scegli di eliminare il file di testo che hai condiviso con noi, i dati verranno rimossi immediatamente dal nostro server. Tuttavia, i file non verranno eliminati dal tuo Google Drive. Puoi anche revocare l&#8217;accesso ai tuoi dati su Google Drive in qualsiasi momento. Riserviamo il diritto di impedire a chiunque di utilizzare la nostra applicazione per accedere al tuo Google Drive.<\/p>\n<p>Nostro sito web acceder\u00e0 ai file del Google Drive degli utenti, ma solo con il permesso di lettura (specificamente lo scope &#8220;https:\/\/www.googleapis.com\/auth\/drive.readonly&#8221;). Archiveremo solo il testo puro dei file per l&#8217;utente. L&#8217;utente mantiene la possibilit\u00e0 di eliminare questi dati in qualsiasi momento.<\/p>\n<p><strong>Accordo di servizio Google API<\/strong><\/p>\n<p>L&#8217;utilizzo e la trasferimento dei dati ottenuti dalle API di Google da Paper-Checker.com a qualsiasi altro&#8217;app saranno in conformit\u00e0 con l&#8217;Accordo di servizio per i dati degli utenti delle API Google, inclusi i requisiti di utilizzo limitato.<\/p>\n<p><strong>Conformit\u00e0 con la GDPR sulla conservazione e l&#8217;eliminazione dei dati personali<\/strong><\/p>\n<p>In conformit\u00e0 con la Regolamentazione Generale sulla Protezione dei Dati (GDPR), ci impegniamo a garantire il trattamento legale dei dati personali. Al termine del servizio, o alla scadenza di un contratto o di un accordo, siamo obbligati a restituire o eliminare tutti i dati personali in nostra possessione, a meno che non ci sia una richiesta legale che preveda la conservazione di tali dati. Le nostre azioni saranno estritamente conforme alle linee guida del GDPR per garantire la privacy e la protezione dei dati personali individuali.<\/p>\n","protected":false},"excerpt":{"rendered":"<p>Informativa sulla privacy System Technology Online Spain SL., Calle Pintor P\u00e9rez Gil 2, b.46 03540, Alicante, Spagna (&#8220;noi&#8221;, &#8220;ci&#8221;, o &#8220;i nostri&#8221;) gestisce il sito web Paper-Checker.com e \u00e8 il controller dei tuoi dati personali. Vorremmo esprimere la nostra gratitudine per il tempo che hai passato a revisionare le nostre offerte e il tuo interesse per la nostra societ\u00e0.<\/p>\n","protected":false},"author":1,"featured_media":0,"parent":0,"menu_order":0,"comment_status":"closed","ping_status":"open","template":"","meta":{"_acf_changed":false,"_yoast_wpseo_title":"Politica sulla Privacy | I tuoi dati contano a Paper-Checker","_yoast_wpseo_metadesc":"Scopri come Paper-Checker.com protegge i tuoi dati e garantisce la privacy mentre fornisce servizi di rilevamento del plagiat e IA.","_locale":"it_IT","_original_post":"http:\/\/paper-checker.com.loc\/?page_id=3","iawp_total_views":0,"footnotes":""},"class_list":["post-977","page","type-page","status-publish","hentry","it-IT"],"acf":[],"yoast_head":"<!-- This site is optimized with the Yoast SEO plugin v27.4 - https:\/\/yoast.com\/product\/yoast-seo-wordpress\/ -->\n<title>Politica sulla Privacy | I tuoi dati contano a Paper-Checker<\/title>\n<meta name=\"description\" content=\"Scopri come Paper-Checker.com protegge i tuoi dati e garantisce la privacy mentre fornisce servizi di rilevamento del plagiat e IA.\" \/>\n<meta name=\"robots\" content=\"noindex, nofollow\" \/>\n<meta property=\"og:locale\" content=\"it_IT\" \/>\n<meta property=\"og:type\" content=\"article\" \/>\n<meta property=\"og:title\" content=\"Politica sulla Privacy | I tuoi dati contano a Paper-Checker\" \/>\n<meta property=\"og:description\" content=\"Scopri come Paper-Checker.com protegge i tuoi dati e garantisce la privacy mentre fornisce servizi di rilevamento del plagiat e IA.\" \/>\n<meta property=\"og:url\" content=\"https:\/\/paper-checker.com\/it\/privacy-policy\/\" \/>\n<meta property=\"og:site_name\" content=\"Paper Checker\" \/>\n<meta property=\"article:modified_time\" content=\"2024-12-24T11:45:41+00:00\" \/>\n<meta property=\"og:image\" content=\"https:\/\/paper-checker.com\/wp-content\/uploads\/2024\/12\/home.jpg\" \/>\n\t<meta property=\"og:image:width\" content=\"1200\" \/>\n\t<meta property=\"og:image:height\" content=\"675\" \/>\n\t<meta property=\"og:image:type\" content=\"image\/jpeg\" \/>\n<meta name=\"twitter:card\" content=\"summary_large_image\" \/>\n<meta name=\"twitter:label1\" content=\"Tempo di lettura stimato\" \/>\n\t<meta name=\"twitter:data1\" content=\"6 minuti\" \/>\n<!-- \/ Yoast SEO plugin. -->","yoast_head_json":{"title":"Politica sulla Privacy | I tuoi dati contano a Paper-Checker","description":"Scopri come Paper-Checker.com protegge i tuoi dati e garantisce la privacy mentre fornisce servizi di rilevamento del plagiat e IA.","robots":{"index":"noindex","follow":"nofollow"},"og_locale":"it_IT","og_type":"article","og_title":"Politica sulla Privacy | I tuoi dati contano a Paper-Checker","og_description":"Scopri come Paper-Checker.com protegge i tuoi dati e garantisce la privacy mentre fornisce servizi di rilevamento del plagiat e IA.","og_url":"https:\/\/paper-checker.com\/it\/privacy-policy\/","og_site_name":"Paper Checker","article_modified_time":"2024-12-24T11:45:41+00:00","og_image":[{"width":1200,"height":675,"url":"https:\/\/paper-checker.com\/wp-content\/uploads\/2024\/12\/home.jpg","type":"image\/jpeg"}],"twitter_card":"summary_large_image","twitter_misc":{"Tempo di lettura stimato":"6 minuti"},"schema":{"@context":"https:\/\/schema.org","@graph":[{"@type":"WebPage","@id":"https:\/\/paper-checker.com\/it\/privacy-policy\/","url":"https:\/\/paper-checker.com\/it\/privacy-policy\/","name":"Politica sulla Privacy | I tuoi dati contano a Paper-Checker","isPartOf":{"@id":"https:\/\/paper-checker.com\/#website"},"datePublished":"2024-12-23T08:38:44+00:00","dateModified":"2024-12-24T11:45:41+00:00","description":"Scopri come Paper-Checker.com protegge i tuoi dati e garantisce la privacy mentre fornisce servizi di rilevamento del plagiat e IA.","breadcrumb":{"@id":"https:\/\/paper-checker.com\/it\/privacy-policy\/#breadcrumb"},"inLanguage":"it-IT","potentialAction":[{"@type":"ReadAction","target":["https:\/\/paper-checker.com\/it\/privacy-policy\/"]}]},{"@type":"BreadcrumbList","@id":"https:\/\/paper-checker.com\/it\/privacy-policy\/#breadcrumb","itemListElement":[{"@type":"ListItem","position":1,"name":"Home","item":"https:\/\/paper-checker.com\/it\/"},{"@type":"ListItem","position":2,"name":"Informativa sulla privacy"}]},{"@type":"WebSite","@id":"https:\/\/paper-checker.com\/#website","url":"https:\/\/paper-checker.com\/","name":"Paper Checker","description":"","publisher":{"@id":"https:\/\/paper-checker.com\/#organization"},"potentialAction":[{"@type":"SearchAction","target":{"@type":"EntryPoint","urlTemplate":"https:\/\/paper-checker.com\/?s={search_term_string}"},"query-input":{"@type":"PropertyValueSpecification","valueRequired":true,"valueName":"search_term_string"}}],"inLanguage":"it-IT"},{"@type":"Organization","@id":"https:\/\/paper-checker.com\/#organization","name":"Paper Checker","url":"https:\/\/paper-checker.com\/","logo":{"@type":"ImageObject","inLanguage":"it-IT","@id":"https:\/\/paper-checker.com\/#\/schema\/logo\/image\/","url":"https:\/\/paper-checker.com\/wp-content\/uploads\/2024\/12\/Group.png","contentUrl":"https:\/\/paper-checker.com\/wp-content\/uploads\/2024\/12\/Group.png","width":30,"height":30,"caption":"Paper Checker"},"image":{"@id":"https:\/\/paper-checker.com\/#\/schema\/logo\/image\/"}}]}},"_links":{"self":[{"href":"https:\/\/paper-checker.com\/wp-json\/wp\/v2\/pages\/977","targetHints":{"allow":["GET"]}}],"collection":[{"href":"https:\/\/paper-checker.com\/wp-json\/wp\/v2\/pages"}],"about":[{"href":"https:\/\/paper-checker.com\/wp-json\/wp\/v2\/types\/page"}],"author":[{"embeddable":true,"href":"https:\/\/paper-checker.com\/wp-json\/wp\/v2\/users\/1"}],"replies":[{"embeddable":true,"href":"https:\/\/paper-checker.com\/wp-json\/wp\/v2\/comments?post=977"}],"version-history":[{"count":1,"href":"https:\/\/paper-checker.com\/wp-json\/wp\/v2\/pages\/977\/revisions"}],"predecessor-version":[{"id":978,"href":"https:\/\/paper-checker.com\/wp-json\/wp\/v2\/pages\/977\/revisions\/978"}],"wp:attachment":[{"href":"https:\/\/paper-checker.com\/wp-json\/wp\/v2\/media?parent=977"}],"curies":[{"name":"wp","href":"https:\/\/api.w.org\/{rel}","templated":true}]}}