{"id":874,"date":"2024-12-23T08:41:28","date_gmt":"2024-12-23T08:41:28","guid":{"rendered":"https:\/\/paper-checker.com\/?page_id=874"},"modified":"2025-01-28T19:02:27","modified_gmt":"2025-01-28T19:02:27","slug":"about-us","status":"publish","type":"page","link":"https:\/\/paper-checker.com\/pl\/about-us\/","title":{"rendered":"O nas"},"content":{"rendered":"<div class=\"container\">\n<div class=\"row\">\n<div class=\"col col-12\">\n<div class=\"row page-title-row\">\n<div class=\"col col-12\">\n<h1>O nas<\/h1>\n<div class=\"subtitle\">Wspieranie oryginalno\u015bci i integralno\u015bci<\/div>\n<\/div>\n<\/div>\n<div class=\"row row-welcome\">\n<div class=\"col col-12 col-sm-12 col-md-6\">\n<h2>Witamy na stronie Paper-Checker.com, Twoje zaufany partner w sprawach upewnienia si\u0119 o autenticzno\u015bci tre\u015bci<\/h2>\n<\/div>\n<div class=\"col col-12 col-sm-12 col-md-6\">\n<p>Nasza specjalizacja polega na zaawansowanych narz\u0119dziach wykrywania plagiatu i AI sprawdzaniu tre\u015bci oraz na zapewnieniu dok\u0142adnych, szybkich i przewodowych rozwi\u0105za\u0144. Bez wzgl\u0119du na to, czy jeste\u015b studentem szukaj\u0105c\u0105 do\u015bwiadczenia akademickiego, edukatorem promuj\u0105cym integrowo\u015b\u0107, pisarzem tworz\u0105cym oryginalne artyku\u0142y, czy profesjonalist\u0105 upieraj\u0105cej wysokie standardy, wsparza Twoje zobowi\u0105zanie do autenticzno\u015bci.<\/p>\n<\/div>\n<\/div>\n<div class=\"container-narrow\">\n<div class=\"row row-our-mission\">\n<div class=\"col col-12 hidden-sm hidden-xs col-sm-12 col-md-5 col-lg-6\"><img alt=\"missing\" class=\"missing-img\" decoding=\"async\" src=\"\/wp-content\/themes\/main\/images\/missing-img.png\"\/><\/div>\n<div class=\"col col-12 col-sm-12 col-md-7 col-lg-6\">\n<div class=\"missing-content\">\n<div class=\"title\">Nasza misja jest jasna:<\/div>\n<div class=\"missing-item\">\n<div class=\"number\">01<\/div>\n<div class=\"text\"><strong>Uprawnianie Integrity Akademickiej:<\/strong> Jestem zaufany do zachowania najwy\u017cszych standard\u00f3w prawdy w wszystkich kierunkach tworzenia tre\u015bci.<\/div>\n<\/div>\n<div class=\"missing-item\">\n<div class=\"number\">02<\/div>\n<div class=\"text\"><strong>Promowanie Originalno\u015bci:<\/strong> Encouraging and facilitating the production of genuine work is at the heart of what we do.<\/div>\n<\/div>\n<div class=\"missing-item\">\n<div class=\"number\">03<\/div>\n<div class=\"text\"><strong>Batalion Plagiatu i Nieprawid\u0142owego U\u017cywania Kontentu AI:<\/strong> Aktywnie walczymy przeciwko plagiatowi i nielegalnym wykorzystaniu materia\u0142u generowanego przez AI.<\/div>\n<\/div>\n<div class=\"missing-item\">\n<div class=\"number\">04<\/div>\n<div class=\"text\"><strong>Fostowanie Kultury Prawdy i Innowacji:<\/strong> Celem jest utrzymanie \u015brodowiska, w kt\u00f3rym prawda i innowacja rozwijaj\u0105 si\u0119.<\/div>\n<\/div>\n<\/div>\n<\/div>\n<\/div>\n<\/div>\n<div class=\"dark-info\">\n<div class=\"text\" style=\"max-width: 620px;\"><span class=\"grey-text\">Podporz\u0105dzony naszymi fundamentowymi warto\u015bciami \u2014<\/span> prawda, innowacja, wyzwolenie i centrum u\u017cytkownika <span class=\"grey-text\">\u2014 strzygn\u0119li\u015bmy do wsparcia Twojej drogi do<\/span> autentycznego &amp; etycznego pracy.<\/div>\n<\/div>\n<div class=\"row foundation-row\">\n<div class=\"col col-12\">\n<h2 class=\"title-foundation\">Nasza Fundacja z <img alt=\"icon\" decoding=\"async\" src=\"\/wp-content\/themes\/main\/images\/foundation-icon.png\"\/><span class=\"site-name\">PlagiarismSearch <span class=\"grey-text\">.com<\/span><\/span><\/h2>\n<p>Paper-Checker.com jest zdrowie i rozwoju PlagiarismSearch.com, znanej liderk\u0105 w wykrywaniu plagiatu z wielu lat do\u015bwiadczenia bran\u017cy. Podstawuj\u0105c na tej silnej bazie, rozszerzyli\u015bmy nasze us\u0142ugi do obejmowania najnowszego technologii AI sprawdzania tre\u015bci, zapewniaj\u0105c kompleksowe rozwi\u0105zanie dla weryfikacji autenticzno\u015bci.<\/p>\n<p>Wspierane przez do\u015bwiadczenie i reprezentacj\u0119 PlagiarismSearch.com, oferujemy platform\u0119 z pozytywn\u0105 zaufaniem i nowoczesn\u0105 technologi\u0105. Nasza dru\u017cyna jest profesjonalistami pasjonowymi, kt\u00f3rzy celuj\u0105 si\u0119 zachowywa\u0107 autenticzn\u0105 i innowacyjn\u0105 prac\u0119. Zawsze s\u0105 tu do wsparcia, zapewniaj\u0105c Ci p\u0142ynne i przyjemne do\u015bwiadczenie z naszymi us\u0142ugami.<\/p>\n<\/div>\n<\/div>\n<\/div>\n<\/div>\n<\/div>\n<\/div>\n<div class=\"our-features\">\n<div class=\"container container-narrow\">\n<div class=\"row our-features-row\">\n<div class=\"col col-12 col-md-6 col-lg-6\">\n<div class=\"green-top-subtitle\">Nasze Funkcje<\/div>\n<h2>Unrivaled Rozwi\u0105zania dla Globalnej Czynno\u015bci<\/h2>\n<div class=\"subtitle\">Oferujemy bezwarunkow\u0105 dok\u0142adno\u015b\u0107 w identyfikacji kopiowanych lub materia\u0142u generowanego przez AI za pomoc\u0105 zaawansowanych algorytm\u00f3w i rozszerzonych baz danych.<\/div>\n<\/div>\n<div class=\"col col-12 col-md-6 col-lg-6\">\n<div class=\"features-list-title\">Nasza user-friendly platforma zawiera:<\/div>\n<div class=\"our-features-list\">\n<div class=\"our-features-item\">\n<div class=\"our-features-icon\"><img alt=\"icon\" decoding=\"async\" src=\"\/wp-content\/themes\/main\/images\/our-feature-icon1.png\"\/><\/div>\n<div class=\"text\"><strong>Intuitowy Interfejs:<\/strong> Naviguj \u0142atwo i uzyskaj wyniki szybko.<\/div>\n<\/div>\n<div class=\"our-features-item\">\n<div class=\"our-features-icon\"><img alt=\"icon\" decoding=\"async\" src=\"\/wp-content\/themes\/main\/images\/our-feature-icon2.png\"\/><\/div>\n<div class=\"text\"><strong>Real-Time Wyniki:<\/strong> Otrzymaj natychmiastowe feedback na autenticzno\u015b\u0107 Twojej tre\u015bci.<\/div>\n<\/div>\n<div class=\"our-features-item\">\n<div class=\"our-features-icon\"><img alt=\"icon\" decoding=\"async\" src=\"\/wp-content\/themes\/main\/images\/our-feature-icon3.png\"\/><\/div>\n<div class=\"text\"><strong>Szybkie Raporty:<\/strong> Otrzymaj szczeg\u00f3\u0142owe informacje, aby zrozumie\u0107 i poprawi\u0107 swoj\u0105 prac\u0119.<\/div>\n<\/div>\n<div class=\"our-features-item\">\n<div class=\"our-features-icon\"><img alt=\"icon\" decoding=\"async\" src=\"\/wp-content\/themes\/main\/images\/our-feature-icon4.png\"\/><\/div>\n<div class=\"text\"><strong>Obs\u0142uga wielolanguage:<\/strong> Kierujemy si\u0119 globalnym cielem, dostarczaj\u0105c obs\u0142ug\u0119 wielu j\u0119zyk\u00f3w, aby spe\u0142ni\u0107 r\u00f3\u017cne potrzeby.<\/div>\n<\/div>\n<\/div>\n<\/div>\n<\/div>\n<div class=\"row\">\n<div class=\"col col-12\">\n<div class=\"tailored-services\">\n<div class=\"t-services-row first-row\">\n<div class=\"t-services-item t1\">\n<div class=\"t-services-content\">\n<div class=\"icon\"><\/div>\n<div class=\"title\">Studentzy i Edukatorzy<\/div>\n<div class=\"text\">Utrzymanie autenticzno\u015bci i integrowo\u015bci akademickiej<\/div>\n<\/div>\n<\/div>\n<div class=\"t-services-item white-item t2\">\n<div class=\"t-services-content\">\n<div class=\"green-top-subtitle\">Rozwi\u0105zania<\/div>\n<h2>Oferujemy dostosowane us\u0142ugi dla:<\/h2>\n<\/div>\n<\/div>\n<\/div>\n<div class=\"t-services-row\">\n<div class=\"t-services-item t3\">\n<div class=\"t-services-content\">\n<div class=\"icon\"><\/div>\n<div class=\"title\">Pisarze i Publikatory<\/div>\n<div class=\"text\">Utrzymanie autenticzno\u015bci w wszystkich publikacjach<\/div>\n<\/div>\n<\/div>\n<div class=\"t-services-item t4\">\n<div class=\"t-services-content\">\n<div class=\"icon\"><\/div>\n<div class=\"title\">Biznesy<\/div>\n<div class=\"text\">Ochrona intencji bran\u017cowej i autenticzno\u015bci tre\u015bci<\/div>\n<\/div>\n<\/div>\n<\/div>\n<\/div>\n<\/div>\n<\/div>\n<\/div>\n<div class=\"container\">\n<div class=\"container-narrow-2\">\n<div class=\"row collaborating-text\">\n<div class=\"col col-12\">\n<h2 class=\"narrow-title\">Kolaborowanie w Cytowaniu Integrowanego Kultury<\/h2>\n<div class=\"subtitle\">Aktywnie kolaboryujemy z instytucjami edukacyjnymi, publikatorami i organizacjami, aby promowa\u0107 autenticzn\u0105 integrowo\u015b\u0107 i walcza\u0107 przeciwko plagiatowi.<\/div>\n<p>W zwi\u0105zku z nasz\u0105 wsp\u00f3\u0142prac\u0105 z PlagiarismSearch.com aktywnie uczestniczymy w iniciatwach edukacyjnych, kt\u00f3re edukuj\u0105 i powiadamiaj\u0105 o wa\u017cno\u015bci autenticzno\u015bci i etycznej tworzenia tre\u015bci. Dostarczaj\u0105c te relacje, pomagamy stworzy\u0107 spo\u0142eczno\u015b\u0107, kt\u00f3ra zachowuje najwy\u017csze standardy prawdy i innowacji.<\/p>\n<\/div>\n<\/div>\n<div class=\"row join-us\">\n<div class=\"col col-12 col-md-6 col-lg-6\">\n<div class=\"join-us-content\">\n<h3 class=\"join-us-title\">Do\u0142\u0105cz do Nas w Pod\u015bwietleniu Autenticzno\u015bci<\/h3>\n<div class=\"subtitle\">Na Paper-Checker.com nie tylko serwis\u2014jest to spo\u0142eczno\u015b\u0107, kt\u00f3ra zachowuje prawd\u0119 i wyzwolenie. Zapraszamy Ci\u0119 do do\u0142\u0105czenia do nas w pod\u015bwietleniu autenticzno\u015bci:<\/div>\n<p>Przykro nam, \u017ce nie mog\u0119 przekaza\u0107 linku do strony internetowej, ale mo\u017cesz klikn\u0105\u0107 na przycisk &#8220;Zarejestruj si\u0119&#8221; i uzyska\u0107 bezp\u0142atny test. Odkryj r\u00f3\u017cnic\u0119, kt\u00f3r\u0105 mo\u017cemy zrobi\u0107 w Twojej pracy.<\/p>\n<p>Twoja droga do autenticzno\u015bci jest naszym priorytetem. Zaufaj nam swoim do\u015bwiadczeniem; razem z nami stw\u00f3rzmy kultur\u0119, w kt\u00f3rej autenticzno\u015b\u0107 i prawda rozwijaj\u0105 si\u0119.<\/p>\n<\/div>\n<\/div>\n<div class=\"col col-12 col-md-6 col-lg-6\">\n<div class=\"get-touch\">\n<div class=\"get-touch-title\">Skontaktuj si\u0119 z Nami<\/div>\n<div class=\"get-touch-item\"><img alt=\"icon\" decoding=\"async\" src=\"\/wp-content\/themes\/main\/images\/email_icon.svg\"\/><\/p>\n<div class=\"text-part\">\n<div class=\"title\">Po\u0142\u0105cz si\u0119 z nami:<\/div>\n<div class=\"text\">Masz pytania lub potrzebujesz pomocy?\u00a0Skontaktuj si\u0119 na <a href=\"mailto:support@paper-checker.com\">support@paper-checker.com<\/a> Znasz nasze wsparcie.<\/div>\n<\/div>\n<\/div>\n<div class=\"get-touch-item\"><img alt=\"icon\" decoding=\"async\" src=\"\/wp-content\/themes\/main\/images\/social_icon.svg\"\/><\/p>\n<div class=\"text-part\">\n<div class=\"title\">Pami\u0119taj o aktualno\u015bciach<\/div>\n<div class=\"text\">Nast\u0119pnie na stronie internetowej znajdziesz informacje o najnowszych newsach i wiedzy:<\/div>\n<div class=\"social-buttons-part\"><a href=\"https:\/\/www.linkedin.com\/company\/plagiarismsearch\/\" target=\"_blank\"><img alt=\"icon\" decoding=\"async\" src=\"\/wp-content\/themes\/main\/images\/linkedin-icon.svg\"\/><\/a><a href=\"https:\/\/x.com\/AuthenticPapers\" target=\"_blank\"><img alt=\"icon\" decoding=\"async\" src=\"\/wp-content\/themes\/main\/images\/x-icon.svg\"\/><\/a><a href=\"https:\/\/www.youtube.com\/@plagiarismsearch5119\" target=\"_blank\"><img alt=\"icon\" decoding=\"async\" src=\"\/wp-content\/themes\/main\/images\/youtube-icon-white-bg.svg\" style=\"width:30px;margin-right: -4px;margin-left: -2px;margin-top: -6px;\"\/><\/a><a href=\"https:\/\/www.instagram.com\/plagiarismsearch\/\" target=\"_blank\"><img alt=\"icon\" decoding=\"async\" src=\"\/wp-content\/themes\/main\/images\/instagram-icon-white.svg\" style=\"width:24px;height:auto;margin-top:-3px;\"\/><\/a><\/div>\n<\/div>\n<\/div>\n<\/div>\n<\/div>\n<\/div>\n<\/div>\n<\/div>\n","protected":false},"excerpt":{"rendered":"<p>O nas Empowering Originality and Integrity Witamy na stronie Paper-Checker.com, Twoje zaufany partner w sprawach upewnienia si\u0119 o autenticzno\u015bci tre\u015bci Nasza specjalizacja polega na zaawansowanych narz\u0119dziach wykrywania plagiatu i AI sprawdzaniu tre\u015bci oraz na zapewnieniu dok\u0142adnych, szybkich i przewodowych rozwi\u0105za\u0144. Bez wzgl\u0119du na to, czy jeste\u015b studentem szukaj\u0105c\u0105 do\u015bwiadczenia akademickiego, edukatorem promuj\u0105cym integrowo\u015b\u0107, pisarzem tworz\u0105cym oryginalne artyku\u0142y, czy.<\/p>\n","protected":false},"author":1,"featured_media":0,"parent":0,"menu_order":0,"comment_status":"closed","ping_status":"closed","template":"","meta":{"_acf_changed":false,"_yoast_wpseo_title":"O nas | Paper-Checker.com","_yoast_wpseo_metadesc":"Naucz si\u0119 wi\u0119cej o Paper-Checker.com, naszej misji, warto\u015bciach i zaawansowanych us\u0142udgach.","_locale":"pl_PL","_original_post":"http:\/\/paper-checker.com.loc\/?page_id=10","iawp_total_views":2,"footnotes":""},"class_list":["post-874","page","type-page","status-publish","hentry","pl-PL"],"acf":[],"yoast_head":"<!-- This site is optimized with the Yoast SEO plugin v27.5 - https:\/\/yoast.com\/product\/yoast-seo-wordpress\/ -->\n<title>O nas | Paper-Checker.com<\/title>\n<meta name=\"description\" content=\"Naucz si\u0119 wi\u0119cej o Paper-Checker.com, naszej misji, warto\u015bciach i zaawansowanych us\u0142udgach.\" \/>\n<meta name=\"robots\" content=\"index, follow, max-snippet:-1, max-image-preview:large, max-video-preview:-1\" \/>\n<link rel=\"canonical\" href=\"https:\/\/paper-checker.com\/pl\/about-us\/\" \/>\n<meta property=\"og:locale\" content=\"pl_PL\" \/>\n<meta property=\"og:type\" content=\"article\" \/>\n<meta property=\"og:title\" content=\"O nas | Paper-Checker.com\" \/>\n<meta property=\"og:description\" content=\"Naucz si\u0119 wi\u0119cej o Paper-Checker.com, naszej misji, warto\u015bciach i zaawansowanych us\u0142udgach.\" \/>\n<meta property=\"og:url\" content=\"https:\/\/paper-checker.com\/pl\/about-us\/\" \/>\n<meta property=\"og:site_name\" content=\"Paper Checker\" \/>\n<meta property=\"article:modified_time\" content=\"2025-01-28T19:02:27+00:00\" \/>\n<meta property=\"og:image\" content=\"https:\/\/paper-checker.com\/wp-content\/uploads\/2024\/12\/home.jpg\" \/>\n\t<meta property=\"og:image:width\" content=\"1200\" \/>\n\t<meta property=\"og:image:height\" content=\"675\" \/>\n\t<meta property=\"og:image:type\" content=\"image\/jpeg\" \/>\n<meta name=\"twitter:card\" content=\"summary_large_image\" \/>\n<meta name=\"twitter:label1\" content=\"Szacowany czas czytania\" \/>\n\t<meta name=\"twitter:data1\" content=\"5 minut\" \/>\n<!-- \/ Yoast SEO plugin. -->","yoast_head_json":{"title":"O nas | Paper-Checker.com","description":"Naucz si\u0119 wi\u0119cej o Paper-Checker.com, naszej misji, warto\u015bciach i zaawansowanych us\u0142udgach.","robots":{"index":"index","follow":"follow","max-snippet":"max-snippet:-1","max-image-preview":"max-image-preview:large","max-video-preview":"max-video-preview:-1"},"canonical":"https:\/\/paper-checker.com\/pl\/about-us\/","og_locale":"pl_PL","og_type":"article","og_title":"O nas | Paper-Checker.com","og_description":"Naucz si\u0119 wi\u0119cej o Paper-Checker.com, naszej misji, warto\u015bciach i zaawansowanych us\u0142udgach.","og_url":"https:\/\/paper-checker.com\/pl\/about-us\/","og_site_name":"Paper Checker","article_modified_time":"2025-01-28T19:02:27+00:00","og_image":[{"width":1200,"height":675,"url":"https:\/\/paper-checker.com\/wp-content\/uploads\/2024\/12\/home.jpg","type":"image\/jpeg"}],"twitter_card":"summary_large_image","twitter_misc":{"Szacowany czas czytania":"5 minut"},"schema":{"@context":"https:\/\/schema.org","@graph":[{"@type":"WebPage","@id":"https:\/\/paper-checker.com\/pl\/about-us\/","url":"https:\/\/paper-checker.com\/pl\/about-us\/","name":"O nas | Paper-Checker.com","isPartOf":{"@id":"https:\/\/paper-checker.com\/#website"},"datePublished":"2024-12-23T08:41:28+00:00","dateModified":"2025-01-28T19:02:27+00:00","description":"Naucz si\u0119 wi\u0119cej o Paper-Checker.com, naszej misji, warto\u015bciach i zaawansowanych us\u0142udgach.","breadcrumb":{"@id":"https:\/\/paper-checker.com\/pl\/about-us\/#breadcrumb"},"inLanguage":"pl-PL","potentialAction":[{"@type":"ReadAction","target":["https:\/\/paper-checker.com\/pl\/about-us\/"]}]},{"@type":"BreadcrumbList","@id":"https:\/\/paper-checker.com\/pl\/about-us\/#breadcrumb","itemListElement":[{"@type":"ListItem","position":1,"name":"Home","item":"https:\/\/paper-checker.com\/pl\/"},{"@type":"ListItem","position":2,"name":"O nas"}]},{"@type":"WebSite","@id":"https:\/\/paper-checker.com\/#website","url":"https:\/\/paper-checker.com\/","name":"Paper Checker","description":"","publisher":{"@id":"https:\/\/paper-checker.com\/#organization"},"potentialAction":[{"@type":"SearchAction","target":{"@type":"EntryPoint","urlTemplate":"https:\/\/paper-checker.com\/?s={search_term_string}"},"query-input":{"@type":"PropertyValueSpecification","valueRequired":true,"valueName":"search_term_string"}}],"inLanguage":"pl-PL"},{"@type":"Organization","@id":"https:\/\/paper-checker.com\/#organization","name":"Paper Checker","url":"https:\/\/paper-checker.com\/","logo":{"@type":"ImageObject","inLanguage":"pl-PL","@id":"https:\/\/paper-checker.com\/#\/schema\/logo\/image\/","url":"https:\/\/paper-checker.com\/wp-content\/uploads\/2024\/12\/Group.png","contentUrl":"https:\/\/paper-checker.com\/wp-content\/uploads\/2024\/12\/Group.png","width":30,"height":30,"caption":"Paper Checker"},"image":{"@id":"https:\/\/paper-checker.com\/#\/schema\/logo\/image\/"}}]}},"_links":{"self":[{"href":"https:\/\/paper-checker.com\/wp-json\/wp\/v2\/pages\/874","targetHints":{"allow":["GET"]}}],"collection":[{"href":"https:\/\/paper-checker.com\/wp-json\/wp\/v2\/pages"}],"about":[{"href":"https:\/\/paper-checker.com\/wp-json\/wp\/v2\/types\/page"}],"author":[{"embeddable":true,"href":"https:\/\/paper-checker.com\/wp-json\/wp\/v2\/users\/1"}],"replies":[{"embeddable":true,"href":"https:\/\/paper-checker.com\/wp-json\/wp\/v2\/comments?post=874"}],"version-history":[{"count":3,"href":"https:\/\/paper-checker.com\/wp-json\/wp\/v2\/pages\/874\/revisions"}],"predecessor-version":[{"id":2849,"href":"https:\/\/paper-checker.com\/wp-json\/wp\/v2\/pages\/874\/revisions\/2849"}],"wp:attachment":[{"href":"https:\/\/paper-checker.com\/wp-json\/wp\/v2\/media?parent=874"}],"curies":[{"name":"wp","href":"https:\/\/api.w.org\/{rel}","templated":true}]}}