{"id":794,"date":"2024-12-23T08:42:20","date_gmt":"2024-12-23T08:42:20","guid":{"rendered":"https:\/\/paper-checker.com\/?page_id=794"},"modified":"2025-02-07T14:49:22","modified_gmt":"2025-02-07T14:49:22","slug":"pricing","status":"publish","type":"page","link":"https:\/\/paper-checker.com\/pt\/pricing\/","title":{"rendered":"Pre\u00e7o"},"content":{"rendered":"<div class=\"container\">\n<div class=\"prices-wrapper\">\n<section class=\"originality-section\">\n<div class=\"container\">\n<div class=\"row\">\n<div class=\"col col-xs-12 col-sm-12\">\n<div class=\"ps-widget-container\" data-ps-widget-name=\"Prices\" data-ps-widget-options=\"{}\">\n<div class=\"loader-wrapper\">\n<\/div>\n<\/div>\n<\/div>\n<\/div>\n<\/div>\n<section class=\"faq-section\">\n<div class=\"row faq-row-wrap\">\n<div class=\"col col-12\">\n<div class=\"faq-content-wrapper\">\n<div class=\"faq-left-part\">\n<div class=\"left-part-sticky\">\n<div class=\"green-top-subtitle\">FAQ<\/div>\n<h2>Perguntas Frequentes sobre o Paper-Checker.com<\/h2>\n<div class=\"subtitle\">Tem d\u00favidas sobre como nosso servi\u00e7o de detec\u00e7\u00e3o de pl\u00e1gio e IA funciona? Respondemos algumas das perguntas mais comuns para ajudar voc\u00ea a come\u00e7ar e tirar o m\u00e1ximo proveito da nossa plataforma.<\/div>\n<div class=\"bottom-contact-line\">Entre em contato com nossa <a class=\"btn btn-blue-gradient\" href=\"\/contacts\/\"><img decoding=\"async\" src=\"\/wp-content\/themes\/main\/images\/support-white-icon.png\" alt=\"icon\" \/>Equipe de suporte<\/a>se voc\u00ea n\u00e3o encontrar a resposta que procura!<\/div>\n<\/div>\n<\/div>\n<div class=\"faq-right-part\">\n<div class=\"faq-contant\">\n<div class=\"faq-item active\">\n<div class=\"question\">Quais tipos de documentos posso carregar para detec\u00e7\u00e3o de pl\u00e1gio e IA?<\/div>\n<div class=\"answer\">Voc\u00ea pode carregar v\u00e1rios formatos de texto, incluindo documentos do Word, PDFs e arquivos de texto simples. Nosso sistema suporta todos os principais formatos para garantir uma experi\u00eancia suave.<\/div>\n<\/div>\n<div class=\"faq-item\">\n<div class=\"question\">Qual \u00e9 a precis\u00e3o da sua detec\u00e7\u00e3o de pl\u00e1gio e IA?<\/div>\n<div class=\"answer\">Nosso algoritmo de detec\u00e7\u00e3o \u00e9 atualizado continuamente para fornecer a maior precis\u00e3o, escaneando bilh\u00f5es de fontes e detectando at\u00e9 mesmo o conte\u00fado mais sofisticado gerado por IA.<\/div>\n<\/div>\n<div class=\"faq-item\">\n<div class=\"question\">Quanto tempo leva para obter os resultados?<\/div>\n<div class=\"answer\">Voc\u00ea receber\u00e1 seu relat\u00f3rio detalhado de detec\u00e7\u00e3o de pl\u00e1gio e IA em minutos, dependendo do comprimento do seu documento. A maioria dos relat\u00f3rios \u00e9 gerada em menos de 2 minutos.<\/div>\n<\/div>\n<div class=\"faq-item\">\n<div class=\"question\">Meus dados est\u00e3o seguros?<\/div>\n<div class=\"answer\">Sim, garantimos confidencialidade 100%. Seus documentos s\u00e3o processados com seguran\u00e7a e nunca armazenamos ou compartilhamos nenhum de seus arquivos.<\/div>\n<\/div>\n<div class=\"faq-item\">\n<div class=\"question\">Seu servi\u00e7o pode integrar com meus sistemas existentes?<\/div>\n<div class=\"answer\">Sim, oferecemos integra\u00e7\u00f5es suaves com API e LMS, permitindo que voc\u00ea use nossas ferramentas facilmente em seu plataforma atual.<\/div>\n<\/div>\n<div class=\"faq-item\">\n<div class=\"question\">Quais fontes sua verificador de pl\u00e1gio cobre?<\/div>\n<div class=\"answer\">Nosso sistema verifica contra um vasto banco de dados com mais de 25.000 publica\u00e7\u00f5es, incluindo jornais, revistas, not\u00edcias, artigos acad\u00eamicos e muito mais.<\/div>\n<\/div>\n<div class=\"faq-item\">\n<div class=\"question\">Oferece suporte se precisar de ajuda?<\/div>\n<div class=\"answer\">Sim, oferecemos suporte ao cliente 24\/7. Nosso time est\u00e1 dispon\u00edvel em todo o hor\u00e1rio para ajudar com qualquer d\u00favida ou problema t\u00e9cnico.<\/div>\n<\/div>\n<div class=\"faq-item\">\n<div class=\"question\">H\u00e1 um per\u00edodo de teste gratuito dispon\u00edvel?<\/div>\n<div class=\"answer\">Sim, oferecemos um per\u00edodo de teste gratuito para novos usu\u00e1rios. Voc\u00ea pode testar nossas ferramentas de detec\u00e7\u00e3o de pl\u00e1gio e IA sem compromisso e ver os resultados por conta pr\u00f3pria.<\/div>\n<\/div>\n<div class=\"faq-item\">\n<div class=\"question\">Posso ver as fontes dos conte\u00fados detectados como pl\u00e1gio?<\/div>\n<div class=\"answer\">Sim, nossos relat\u00f3rios detalhados incluem uma lista das fontes onde o conte\u00fado plagi\u00e1rio \u00e9 encontrado, permitindo que voc\u00ea identifique e aborde facilmente os problemas.<\/div>\n<\/div>\n<div class=\"faq-item\">\n<div class=\"question\">Seu servi\u00e7o funciona para conte\u00fado n\u00e3o em ingl\u00eas?<\/div>\n<div class=\"answer\">Sim, nossas ferramentas est\u00e3o projetadas para detectar pl\u00e1gio e conte\u00fado gerado por IA em v\u00e1rios idiomas, oferecendo cobertura global para necessidades acad\u00eamicas e profissionais.<\/div>\n<\/div>\n<div class=\"faq-item\">\n<div class=\"question\">Quanto frequentemente seus bancos de dados s\u00e3o atualizados?<\/div>\n<div class=\"answer\">Nosso banco de dados \u00e9 atualizado regularmente para garantir a cobertura mais atualizada e abrangente de conte\u00fado online, artigos acad\u00eamicos e publica\u00e7\u00f5es.<\/div>\n<\/div>\n<div class=\"faq-item\">\n<div class=\"question\">Posso verificar v\u00e1rios documentos simultaneamente?<\/div>\n<div class=\"answer\">Sim, nosso sistema permite que voc\u00ea carregue e verifique v\u00e1rios documentos simultaneamente, tornando-o conveniente para educadores e profissionais gerenciando grandes volumes de trabalho.<\/div>\n<\/div>\n<div class=\"faq-item\">\n<div class=\"question\">H\u00e1 um limite no n\u00famero de palavras ou tamanho do documento?<\/div>\n<div class=\"answer\">Embora suportemos documentos grandes, h\u00e1 limites com base no seu plano de pre\u00e7os escolhido. No entanto, todos os planos permitem uploads substanciais de documentos adequados para a maioria dos usu\u00e1rios.<\/div>\n<\/div>\n<div class=\"faq-item\">\n<div class=\"question\">Como interpretar os resultados do relat\u00f3rio?<\/div>\n<div class=\"answer\">Nossos relat\u00f3rios s\u00e3o f\u00e1ceis de ler, com indicadores claros mostrando correspond\u00eancias de pl\u00e1gio e conte\u00fado gerado por IA. Cada se\u00e7\u00e3o marcada \u00e9 vinculada \u00e0 fonte e oferecemos sugest\u00f5es para revis\u00e3o.<\/div>\n<\/div>\n<div class=\"faq-item\">\n<div class=\"question\">Posso usar o servi\u00e7o em dispositivos m\u00f3veis?<\/div>\n<div class=\"answer\">Sim, nossa plataforma \u00e9 totalmente responsiva e otimizada para dispositivos m\u00f3veis, permitindo que voc\u00ea verifique seu conte\u00fado no caminho.<\/div>\n<\/div>\n<div class=\"bottom-bg\"><\/div>\n<\/div>\n<\/div>\n<\/div>\n<\/div>\n<\/div>\n<\/section>\n<section class=\"originality-section\">\n<div class=\"row\">\n<div class=\"col col-xs-12 col-sm-12\">\n<div class=\"originality-block\">\n<h2 class=\"title-part\">Tire o palpite<br \/>\nda originalidade fora da conta<\/h2>\n<div class=\"right-part\">\n<div class=\"text-part\">\n<div class=\"text\">Experimente o Paper-Checker.com hoje e garanta que seu conte\u00fado seja 100% aut\u00eantico.<\/div>\n<div class=\"list-item\"><span class=\"origin-item\">R\u00e1pido<\/span><span class=\"origin-item\">Preciso<\/span><span class=\"origin-item\">Confi\u00e1vel em todo o mundo<\/span><\/div>\n<div class=\"bnt btn-green\">Verificar Meu Conte\u00fado<\/div>\n<\/div>\n<\/div>\n<\/div>\n<\/div>\n<\/div>\n<\/section>\n<\/div>\n<\/section>\n<\/div>\n<\/div>\n","protected":false},"excerpt":{"rendered":"<p>Op\u00e7\u00f5es de Pre\u00e7o Sem taxas ocultas para detec\u00e7\u00e3o de pl\u00e1gio e IA Um pagamento \u00fanico Mensal Trimestral Anual Palavras selecionadas 100 Desconto por p\u00e1gina 40% Pagamento total $15.00 Aproveite todo o poder do Unicheck com cada compra: Sem verifica\u00e7\u00e3o API em massa Verifica\u00e7\u00e3o de arquivos em lote Painel online organiz\u00e1vel Adicional para Google Docs Pagamentos recorrentes Entrar para pagar Comprar Agora Palavras selecionadas.<\/p>\n","protected":false},"author":1,"featured_media":0,"parent":0,"menu_order":0,"comment_status":"closed","ping_status":"closed","template":"","meta":{"_acf_changed":false,"_yoast_wpseo_title":"Pre\u00e7o Acess\u00edvel para Detec\u00e7\u00e3o de Pl\u00e1gio e IA - Verificador de Papel","_yoast_wpseo_metadesc":"Explore os planos de pre\u00e7os flex\u00edveis e transparentes do Verificador de Papel. Obtenha ferramentas avan\u00e7adas de detec\u00e7\u00e3o de pl\u00e1gio e conte\u00fado IA com os melhores pre\u00e7os, adaptados \u00e0s suas necessidades.","_locale":"pt_PT","_original_post":"http:\/\/paper-checker.com.loc\/?page_id=13","iawp_total_views":6,"footnotes":""},"class_list":["post-794","page","type-page","status-publish","hentry","pt-PT"],"acf":[],"yoast_head":"<!-- This site is optimized with the Yoast SEO plugin v27.5 - https:\/\/yoast.com\/product\/yoast-seo-wordpress\/ -->\n<title>Pre\u00e7o Acess\u00edvel para Detec\u00e7\u00e3o de Pl\u00e1gio e IA - Verificador de Papel<\/title>\n<meta name=\"description\" content=\"Explore os planos de pre\u00e7os flex\u00edveis e transparentes do Verificador de Papel. Obtenha ferramentas avan\u00e7adas de detec\u00e7\u00e3o de pl\u00e1gio e conte\u00fado IA com os melhores pre\u00e7os, adaptados \u00e0s suas necessidades.\" \/>\n<meta name=\"robots\" content=\"index, follow, max-snippet:-1, max-image-preview:large, max-video-preview:-1\" \/>\n<link rel=\"canonical\" href=\"https:\/\/paper-checker.com\/pt\/pricing\/\" \/>\n<meta property=\"og:locale\" content=\"pt_PT\" \/>\n<meta property=\"og:type\" content=\"article\" \/>\n<meta property=\"og:title\" content=\"Pre\u00e7o Acess\u00edvel para Detec\u00e7\u00e3o de Pl\u00e1gio e IA - Verificador de Papel\" \/>\n<meta property=\"og:description\" content=\"Explore os planos de pre\u00e7os flex\u00edveis e transparentes do Verificador de Papel. Obtenha ferramentas avan\u00e7adas de detec\u00e7\u00e3o de pl\u00e1gio e conte\u00fado IA com os melhores pre\u00e7os, adaptados \u00e0s suas necessidades.\" \/>\n<meta property=\"og:url\" content=\"https:\/\/paper-checker.com\/pt\/pricing\/\" \/>\n<meta property=\"og:site_name\" content=\"Paper Checker\" \/>\n<meta property=\"article:modified_time\" content=\"2025-02-07T14:49:22+00:00\" \/>\n<meta property=\"og:image\" content=\"https:\/\/paper-checker.com\/wp-content\/uploads\/2024\/12\/home.jpg\" \/>\n\t<meta property=\"og:image:width\" content=\"1200\" \/>\n\t<meta property=\"og:image:height\" content=\"675\" \/>\n\t<meta property=\"og:image:type\" content=\"image\/jpeg\" \/>\n<meta name=\"twitter:card\" content=\"summary_large_image\" \/>\n<meta name=\"twitter:label1\" content=\"Tempo estimado de leitura\" \/>\n\t<meta name=\"twitter:data1\" content=\"3 minutos\" \/>\n<!-- \/ Yoast SEO plugin. -->","yoast_head_json":{"title":"Pre\u00e7o Acess\u00edvel para Detec\u00e7\u00e3o de Pl\u00e1gio e IA - Verificador de Papel","description":"Explore os planos de pre\u00e7os flex\u00edveis e transparentes do Verificador de Papel. Obtenha ferramentas avan\u00e7adas de detec\u00e7\u00e3o de pl\u00e1gio e conte\u00fado IA com os melhores pre\u00e7os, adaptados \u00e0s suas necessidades.","robots":{"index":"index","follow":"follow","max-snippet":"max-snippet:-1","max-image-preview":"max-image-preview:large","max-video-preview":"max-video-preview:-1"},"canonical":"https:\/\/paper-checker.com\/pt\/pricing\/","og_locale":"pt_PT","og_type":"article","og_title":"Pre\u00e7o Acess\u00edvel para Detec\u00e7\u00e3o de Pl\u00e1gio e IA - Verificador de Papel","og_description":"Explore os planos de pre\u00e7os flex\u00edveis e transparentes do Verificador de Papel. Obtenha ferramentas avan\u00e7adas de detec\u00e7\u00e3o de pl\u00e1gio e conte\u00fado IA com os melhores pre\u00e7os, adaptados \u00e0s suas necessidades.","og_url":"https:\/\/paper-checker.com\/pt\/pricing\/","og_site_name":"Paper Checker","article_modified_time":"2025-02-07T14:49:22+00:00","og_image":[{"width":1200,"height":675,"url":"https:\/\/paper-checker.com\/wp-content\/uploads\/2024\/12\/home.jpg","type":"image\/jpeg"}],"twitter_card":"summary_large_image","twitter_misc":{"Tempo estimado de leitura":"3 minutos"},"schema":{"@context":"https:\/\/schema.org","@graph":[{"@type":"WebPage","@id":"https:\/\/paper-checker.com\/pt\/pricing\/","url":"https:\/\/paper-checker.com\/pt\/pricing\/","name":"Pre\u00e7o Acess\u00edvel para Detec\u00e7\u00e3o de Pl\u00e1gio e IA - Verificador de Papel","isPartOf":{"@id":"https:\/\/paper-checker.com\/#website"},"datePublished":"2024-12-23T08:42:20+00:00","dateModified":"2025-02-07T14:49:22+00:00","description":"Explore os planos de pre\u00e7os flex\u00edveis e transparentes do Verificador de Papel. Obtenha ferramentas avan\u00e7adas de detec\u00e7\u00e3o de pl\u00e1gio e conte\u00fado IA com os melhores pre\u00e7os, adaptados \u00e0s suas necessidades.","breadcrumb":{"@id":"https:\/\/paper-checker.com\/pt\/pricing\/#breadcrumb"},"inLanguage":"pt-PT","potentialAction":[{"@type":"ReadAction","target":["https:\/\/paper-checker.com\/pt\/pricing\/"]}]},{"@type":"BreadcrumbList","@id":"https:\/\/paper-checker.com\/pt\/pricing\/#breadcrumb","itemListElement":[{"@type":"ListItem","position":1,"name":"Home","item":"https:\/\/paper-checker.com\/pt\/"},{"@type":"ListItem","position":2,"name":"Pre\u00e7o"}]},{"@type":"WebSite","@id":"https:\/\/paper-checker.com\/#website","url":"https:\/\/paper-checker.com\/","name":"Paper Checker","description":"","publisher":{"@id":"https:\/\/paper-checker.com\/#organization"},"potentialAction":[{"@type":"SearchAction","target":{"@type":"EntryPoint","urlTemplate":"https:\/\/paper-checker.com\/?s={search_term_string}"},"query-input":{"@type":"PropertyValueSpecification","valueRequired":true,"valueName":"search_term_string"}}],"inLanguage":"pt-PT"},{"@type":"Organization","@id":"https:\/\/paper-checker.com\/#organization","name":"Paper Checker","url":"https:\/\/paper-checker.com\/","logo":{"@type":"ImageObject","inLanguage":"pt-PT","@id":"https:\/\/paper-checker.com\/#\/schema\/logo\/image\/","url":"https:\/\/paper-checker.com\/wp-content\/uploads\/2024\/12\/Group.png","contentUrl":"https:\/\/paper-checker.com\/wp-content\/uploads\/2024\/12\/Group.png","width":30,"height":30,"caption":"Paper Checker"},"image":{"@id":"https:\/\/paper-checker.com\/#\/schema\/logo\/image\/"}}]}},"_links":{"self":[{"href":"https:\/\/paper-checker.com\/wp-json\/wp\/v2\/pages\/794","targetHints":{"allow":["GET"]}}],"collection":[{"href":"https:\/\/paper-checker.com\/wp-json\/wp\/v2\/pages"}],"about":[{"href":"https:\/\/paper-checker.com\/wp-json\/wp\/v2\/types\/page"}],"author":[{"embeddable":true,"href":"https:\/\/paper-checker.com\/wp-json\/wp\/v2\/users\/1"}],"replies":[{"embeddable":true,"href":"https:\/\/paper-checker.com\/wp-json\/wp\/v2\/comments?post=794"}],"version-history":[{"count":5,"href":"https:\/\/paper-checker.com\/wp-json\/wp\/v2\/pages\/794\/revisions"}],"predecessor-version":[{"id":2963,"href":"https:\/\/paper-checker.com\/wp-json\/wp\/v2\/pages\/794\/revisions\/2963"}],"wp:attachment":[{"href":"https:\/\/paper-checker.com\/wp-json\/wp\/v2\/media?parent=794"}],"curies":[{"name":"wp","href":"https:\/\/api.w.org\/{rel}","templated":true}]}}