{"id":876,"date":"2024-12-23T08:42:20","date_gmt":"2024-12-23T08:42:20","guid":{"rendered":"https:\/\/paper-checker.com\/?page_id=876"},"modified":"2024-12-23T08:42:20","modified_gmt":"2024-12-23T08:42:20","slug":"about-us","status":"publish","type":"page","link":"https:\/\/paper-checker.com\/pt\/about-us\/","title":{"rendered":"Sobre N\u00f3s"},"content":{"rendered":"<div class=\"container\">\n<div class=\"row\">\n<div class=\"col col-12\">\n<div class=\"row page-title-row\">\n<div class=\"col col-12\">\n<h1>Sobre N\u00f3s<\/h1>\n<div class=\"subtitle\">Empoderando Originalidade e Integridade<\/div>\n<\/div>\n<\/div>\n<div class=\"row row-welcome\">\n<div class=\"col col-12 col-sm-12 col-md-6\">\n<h2>Bem-vindo ao Paper-Checker.com, seu parceiro confi\u00e1vel na garantia da autenticidade do conte\u00fado<\/h2>\n<\/div>\n<div class=\"col col-12 col-sm-12 col-md-6\">\n<p>N\u00f3s especializamos em detec\u00e7\u00e3o avan\u00e7ada de pl\u00e1gio e servi\u00e7os de verifica\u00e7\u00e3o de conte\u00fado com intelig\u00eancia artificial e estamos dedicados a fornecer solu\u00e7\u00f5es precisas, r\u00e1pidas e confi\u00e1veis. Se voc\u00ea \u00e9 um estudante buscando excel\u00eancia acad\u00eamica, uma professora promovendo integridade, um escritor criando textos originais ou algu\u00e9m que se dedique ao manter altos padr\u00f5es de \u00e9tica, apoiamos sua comprometimento com a autenticidade.<\/p>\n<\/div>\n<\/div>\n<div class=\"container-narrow\">\n<div class=\"row row-our-mission\">\n<div class=\"col col-12 hidden-sm hidden-xs col-sm-12 col-md-5 col-lg-6\"><img alt=\"missing\" class=\"missing-img\" decoding=\"async\" src=\"\/wp-content\/themes\/main\/images\/missing-img.png\"\/><\/div>\n<div class=\"col col-12 col-sm-12 col-md-7 col-lg-6\">\n<div class=\"missing-content\">\n<div class=\"title\">Nossa miss\u00e3o \u00e9 clara:<\/div>\n<div class=\"missing-item\">\n<div class=\"number\">01<\/div>\n<div class=\"text\"><strong>Mantenha a Integridade Acad\u00eamica:<\/strong> Estamos dedicados \u00e0 manuten\u00e7\u00e3o dos padr\u00f5es mais altos de honestidade em todos os campos de cria\u00e7\u00e3o de conte\u00fado.<\/div>\n<\/div>\n<div class=\"missing-item\">\n<div class=\"number\">02<\/div>\n<div class=\"text\"><strong>Promova a Originalidade:<\/strong> Encorajamos e facilitamos a produ\u00e7\u00e3o de trabalho genuino.<\/div>\n<\/div>\n<div class=\"missing-item\">\n<div class=\"number\">03<\/div>\n<div class=\"text\"><strong>Luta contra Pl\u00e1gio e Uso Ilegal de Conte\u00fado Gerado por IA:<\/strong> Ativamente lutamos contra o pl\u00e1gio e o uso ilegal de conte\u00fado gerado por intelig\u00eancia artificial.<\/div>\n<\/div>\n<div class=\"missing-item\">\n<div class=\"number\">04<\/div>\n<div class=\"text\"><strong>Forteie uma Cultura de Honestidade e Inova\u00e7\u00e3o:<\/strong> Nosso objetivo \u00e9 nutrir um ambiente onde a \u00e9tica e a criatividade florescam.<\/div>\n<\/div>\n<\/div>\n<\/div>\n<\/div>\n<\/div>\n<div class=\"dark-info\">\n<div class=\"text\" style=\"max-width: 620px;\"><span class=\"grey-text\">Guiado por nossos valores fundamentais \u2014<\/span> integridade, inova\u00e7\u00e3o, excel\u00eancia e centricidade do usu\u00e1rio <span class=\"grey-text\">\u2014 estamos sempre dispostos a apoiar sua busca por<\/span> trabalho aut\u00eantico e \u00e9tico.<\/div>\n<\/div>\n<div class=\"row foundation-row\">\n<div class=\"col col-12\">\n<h2 class=\"title-foundation\">Nossa Funda\u00e7\u00e3o com <img alt=\"icon\" decoding=\"async\" src=\"\/wp-content\/themes\/main\/images\/foundation-icon.png\"\/><span class=\"site-name\">PlagiarismSearch <span class=\"grey-text\">.com<\/span><\/span><\/h2>\n<p>O Paper-Checker.com \u00e9 orgulhosamente um extens\u00e3o de PlagiarismSearch.com, uma l\u00edder mundial na detec\u00e7\u00e3o de pl\u00e1gio com anos de experi\u00eancia no mercado. Com base nessa forte funda\u00e7\u00e3o, expandimos nossos servi\u00e7os para incluir a detec\u00e7\u00e3o avan\u00e7ada de conte\u00fado com intelig\u00eancia artificial, oferecendo uma solu\u00e7\u00e3o completa para verifica\u00e7\u00e3o da originalidade.<\/p>\n<p>Apoiados pela expertise e reputa\u00e7\u00e3o de PlagiarismSearch.com, oferecemos um ambiente combinando confiabilidade provada e tecnologia inovadora. Nosso time \u00e9 composto por profissionais dedicados apaixonados por promover a originalidade e comprometidos com servi\u00e7o excepcional. Estamos sempre aqui para ajudar voc\u00ea, garantindo sua experi\u00eancia semanal e satisfat\u00f3ria conosco.<\/p>\n<\/div>\n<\/div>\n<\/div>\n<\/div>\n<\/div>\n<\/div>\n<div class=\"our-features\">\n<div class=\"container container-narrow\">\n<div class=\"row our-features-row\">\n<div class=\"col col-12 col-md-6 col-lg-6\">\n<div class=\"green-top-subtitle\">Nossas Features<\/div>\n<h2>Solu\u00e7\u00f5es Avan\u00e7adas para uma Audi\u00eancia Global<\/h2>\n<div class=\"subtitle\">Oferecemos acur\u00e1cia inigual\u00e1vel na identifica\u00e7\u00e3o de conte\u00fado copiado ou gerado por IA usando algoritmos sofisticados e bases de dados extensas.<\/div>\n<\/div>\n<div class=\"col col-12 col-md-6 col-lg-6\">\n<div class=\"features-list-title\">Nossa plataforma f\u00e1cil de usar inclui:<\/div>\n<div class=\"our-features-list\">\n<div class=\"our-features-item\">\n<div class=\"our-features-icon\"><img alt=\"icon\" decoding=\"async\" src=\"\/wp-content\/themes\/main\/images\/our-feature-icon1.png\"\/><\/div>\n<div class=\"text\"><strong>Interface Intuitiva:<\/strong> Navegue com facilidade e obtenha resultados rapidamente.<\/div>\n<\/div>\n<div class=\"our-features-item\">\n<div class=\"our-features-icon\"><img alt=\"icon\" decoding=\"async\" src=\"\/wp-content\/themes\/main\/images\/our-feature-icon2.png\"\/><\/div>\n<div class=\"text\"><strong>Resultados em Tempo Real:<\/strong> Receba feedback imediato sobre a originalidade do seu conte\u00fado.<\/div>\n<\/div>\n<div class=\"our-features-item\">\n<div class=\"our-features-icon\"><img alt=\"icon\" decoding=\"async\" src=\"\/wp-content\/themes\/main\/images\/our-feature-icon3.png\"\/><\/div>\n<div class=\"text\"><strong>Relat\u00f3rios Detalhados:<\/strong> Obtenha insights completos para entender e melhorar seu trabalho.<\/div>\n<\/div>\n<div class=\"our-features-item\">\n<div class=\"our-features-icon\"><img alt=\"icon\" decoding=\"async\" src=\"\/wp-content\/themes\/main\/images\/our-feature-icon4.png\"\/><\/div>\n<div class=\"text\"><strong>Suporte a M\u00faltiplas Idiomas:<\/strong> Cuidamos de uma audi\u00eancia global, oferecendo suporte a m\u00faltiplos idiomas para atender \u00e0s necessidades diversas.<\/div>\n<\/div>\n<\/div>\n<\/div>\n<\/div>\n<div class=\"row\">\n<div class=\"col col-12\">\n<div class=\"tailored-services\">\n<div class=\"t-services-row first-row\">\n<div class=\"t-services-item t1\">\n<div class=\"t-services-content\">\n<div class=\"icon\"><\/div>\n<div class=\"title\">Estudantes e Educadores<\/div>\n<div class=\"text\">Garantindo honestidade acad\u00eamica e integridade<\/div>\n<\/div>\n<\/div>\n<div class=\"t-services-item white-item t2\">\n<div class=\"t-services-content\">\n<div class=\"green-top-subtitle\">Solu\u00e7\u00f5es<\/div>\n<h2>Oferecemos servi\u00e7os personalizados para:<\/h2>\n<\/div>\n<\/div>\n<\/div>\n<div class=\"t-services-row\">\n<div class=\"t-services-item t3\">\n<div class=\"t-services-content\">\n<div class=\"icon\"><\/div>\n<div class=\"title\">Escritores e Editoras<\/div>\n<div class=\"text\">Manter a originalidade em todos os publica\u00e7\u00f5es<\/div>\n<\/div>\n<\/div>\n<div class=\"t-services-item t4\">\n<div class=\"t-services-content\">\n<div class=\"icon\"><\/div>\n<div class=\"title\">Empresas<\/div>\n<div class=\"text\">Proteger a integridade da marca e autenticidade do conte\u00fado<\/div>\n<\/div>\n<\/div>\n<\/div>\n<\/div>\n<\/div>\n<\/div>\n<\/div>\n<div class=\"container\">\n<div class=\"container-narrow-2\">\n<div class=\"row collaborating-text\">\n<div class=\"col col-12\">\n<h2 class=\"narrow-title\">Colaborando para Culturar a Integridade<\/h2>\n<div class=\"subtitle\">Ativamos colabora\u00e7\u00f5es com institui\u00e7\u00f5es educacionais, editoras e organiza\u00e7\u00f5es para promover a integridade acad\u00eamica e combater o pl\u00e1gio.<\/div>\n<p>Com nossa parceria com PlagiarismSearch.com, participamos de iniciativas para educar e aumentar a conscientiza\u00e7\u00e3o sobre a import\u00e2ncia da originalidade e da cria\u00e7\u00e3o de conte\u00fado \u00e9tico. Fomentando essas rela\u00e7\u00f5es, contribu\u00edmos para uma comunidade que mant\u00e9m os padr\u00f5es mais altos de honestidade e inova\u00e7\u00e3o.<\/p>\n<\/div>\n<\/div>\n<div class=\"row join-us\">\n<div class=\"col col-12 col-md-6 col-lg-6\">\n<div class=\"join-us-content\">\n<h3 class=\"join-us-title\">Junte-se a n\u00f3s na Defesa da Originalidade<\/h3>\n<div class=\"subtitle\">No Paper-Checker.com, n\u00e3o somos apenas um servi\u00e7o\u2014we somos uma comunidade comprometida com integridade e excel\u00eancia. Convidamos voc\u00ea a juntar-se a n\u00f3s na defesa da originalidade:<\/div>\n<p>Experimente Nossos Servi\u00e7os: <button class=\"btn-blue-gradient log-in-btn\">Inscreva-se<\/button> <span class=\"blue-text upper-text\">agora para um teste gratuito<\/span> e descubra o impacto que podemos fazer em seu trabalho.<\/p>\n<p>Sua busca por autenticidade \u00e9 nossa prioridade. Confie em nosso expertise; juntos, vamos cultivar uma cultura onde a originalidade e a integridade florescam.<\/p>\n<\/div>\n<\/div>\n<div class=\"col col-12 col-md-6 col-lg-6\">\n<div class=\"get-touch\">\n<div class=\"get-touch-title\">Entre em Contato<\/div>\n<div class=\"get-touch-item\"><img alt=\"icon\" decoding=\"async\" src=\"\/wp-content\/themes\/main\/images\/email_icon.svg\"\/><\/p>\n<div class=\"text-part\">\n<div class=\"title\">Conecte-se Conosco:<\/div>\n<div class=\"text\">Tem d\u00favidas ou precisa de assist\u00eancia?\u00a0Entre em contato por e-mail em <a href=\"mailto:support@paper-checker.com\">support@paper-checker.com<\/a> Estamos aqui para ajudar.<\/div>\n<\/div>\n<\/div>\n<div class=\"get-touch-item\"><img alt=\"icon\" decoding=\"async\" src=\"\/wp-content\/themes\/main\/images\/social_icon.svg\"\/><\/p>\n<div class=\"text-part\">\n<div class=\"title\">Seu Informe<\/div>\n<div class=\"text\">Siga-nos nas redes sociais para ficar atualizado sobre as \u00faltimas not\u00edcias e insights:<\/div>\n<div class=\"social-buttons-part\"><a href=\"https:\/\/www.linkedin.com\/company\/plagiarismsearch\/\" target=\"_blank\"><img alt=\"icon\" decoding=\"async\" src=\"\/wp-content\/themes\/main\/images\/linkedin-icon.svg\"\/><\/a><a href=\"https:\/\/x.com\/AuthenticPapers\" target=\"_blank\"><img alt=\"icon\" decoding=\"async\" src=\"\/wp-content\/themes\/main\/images\/x-icon.svg\"\/><\/a><a href=\"https:\/\/www.youtube.com\/@plagiarismsearch5119\" target=\"_blank\"><img alt=\"icon\" decoding=\"async\" src=\"\/wp-content\/themes\/main\/images\/youtube-icon-white-bg.svg\" style=\"width:30px;margin-right: -4px;margin-left: -2px;margin-top: -6px;\"\/><\/a><a href=\"https:\/\/www.instagram.com\/plagiarismsearch\/\" target=\"_blank\"><img alt=\"icon\" decoding=\"async\" src=\"\/wp-content\/themes\/main\/images\/instagram-icon-white.svg\" style=\"width:24px;height:auto;margin-top:-3px;\"\/><\/a><\/div>\n<\/div>\n<\/div>\n<\/div>\n<\/div>\n<\/div>\n<\/div>\n<\/div>\n","protected":false},"excerpt":{"rendered":"<p>Sobre N\u00f3s Empoderando Originalidade e Integridade Bem-vindo ao Paper-Checker.com, seu parceiro confi\u00e1vel na garantia da autenticidade do conte\u00fado. Especializamos em detec\u00e7\u00e3o avan\u00e7ada de pl\u00e1gio e servi\u00e7os de verifica\u00e7\u00e3o de conte\u00fado com intelig\u00eancia artificial e estamos dedicados a fornecer solu\u00e7\u00f5es precisas, r\u00e1pidas e confi\u00e1veis. Se voc\u00ea \u00e9 um estudante buscando excel\u00eancia acad\u00eamica, uma professora promovendo integridade, um escritor criando textos originais ou algu\u00e9m.<\/p>\n","protected":false},"author":1,"featured_media":0,"parent":0,"menu_order":0,"comment_status":"closed","ping_status":"closed","template":"","meta":{"_acf_changed":false,"_yoast_wpseo_title":"Sobre N\u00f3s | Paper-Checker.com","_yoast_wpseo_metadesc":"Aprenda sobre Paper-Checker.com, nossa miss\u00e3o, valores e servi\u00e7os avan\u00e7ados.","_locale":"pt_PT","_original_post":"http:\/\/paper-checker.com.loc\/?page_id=10","iawp_total_views":9,"footnotes":""},"class_list":["post-876","page","type-page","status-publish","hentry","pt-PT"],"acf":[],"yoast_head":"<!-- This site is optimized with the Yoast SEO plugin v27.5 - https:\/\/yoast.com\/product\/yoast-seo-wordpress\/ -->\n<title>Sobre N\u00f3s | Paper-Checker.com<\/title>\n<meta name=\"description\" content=\"Aprenda sobre Paper-Checker.com, nossa miss\u00e3o, valores e servi\u00e7os avan\u00e7ados.\" \/>\n<meta name=\"robots\" content=\"index, follow, max-snippet:-1, max-image-preview:large, max-video-preview:-1\" \/>\n<link rel=\"canonical\" href=\"https:\/\/paper-checker.com\/pt\/about-us\/\" \/>\n<meta property=\"og:locale\" content=\"pt_PT\" \/>\n<meta property=\"og:type\" content=\"article\" \/>\n<meta property=\"og:title\" content=\"Sobre N\u00f3s | Paper-Checker.com\" \/>\n<meta property=\"og:description\" content=\"Aprenda sobre Paper-Checker.com, nossa miss\u00e3o, valores e servi\u00e7os avan\u00e7ados.\" \/>\n<meta property=\"og:url\" content=\"https:\/\/paper-checker.com\/pt\/about-us\/\" \/>\n<meta property=\"og:site_name\" content=\"Paper Checker\" \/>\n<meta property=\"og:image\" content=\"https:\/\/paper-checker.com\/wp-content\/uploads\/2024\/12\/home.jpg\" \/>\n\t<meta property=\"og:image:width\" content=\"1200\" \/>\n\t<meta property=\"og:image:height\" content=\"675\" \/>\n\t<meta property=\"og:image:type\" content=\"image\/jpeg\" \/>\n<meta name=\"twitter:card\" content=\"summary_large_image\" \/>\n<meta name=\"twitter:label1\" content=\"Tempo estimado de leitura\" \/>\n\t<meta name=\"twitter:data1\" content=\"5 minutos\" \/>\n<!-- \/ Yoast SEO plugin. -->","yoast_head_json":{"title":"Sobre N\u00f3s | Paper-Checker.com","description":"Aprenda sobre Paper-Checker.com, nossa miss\u00e3o, valores e servi\u00e7os avan\u00e7ados.","robots":{"index":"index","follow":"follow","max-snippet":"max-snippet:-1","max-image-preview":"max-image-preview:large","max-video-preview":"max-video-preview:-1"},"canonical":"https:\/\/paper-checker.com\/pt\/about-us\/","og_locale":"pt_PT","og_type":"article","og_title":"Sobre N\u00f3s | Paper-Checker.com","og_description":"Aprenda sobre Paper-Checker.com, nossa miss\u00e3o, valores e servi\u00e7os avan\u00e7ados.","og_url":"https:\/\/paper-checker.com\/pt\/about-us\/","og_site_name":"Paper Checker","og_image":[{"width":1200,"height":675,"url":"https:\/\/paper-checker.com\/wp-content\/uploads\/2024\/12\/home.jpg","type":"image\/jpeg"}],"twitter_card":"summary_large_image","twitter_misc":{"Tempo estimado de leitura":"5 minutos"},"schema":{"@context":"https:\/\/schema.org","@graph":[{"@type":"WebPage","@id":"https:\/\/paper-checker.com\/pt\/about-us\/","url":"https:\/\/paper-checker.com\/pt\/about-us\/","name":"Sobre N\u00f3s | Paper-Checker.com","isPartOf":{"@id":"https:\/\/paper-checker.com\/#website"},"datePublished":"2024-12-23T08:42:20+00:00","description":"Aprenda sobre Paper-Checker.com, nossa miss\u00e3o, valores e servi\u00e7os avan\u00e7ados.","breadcrumb":{"@id":"https:\/\/paper-checker.com\/pt\/about-us\/#breadcrumb"},"inLanguage":"pt-PT","potentialAction":[{"@type":"ReadAction","target":["https:\/\/paper-checker.com\/pt\/about-us\/"]}]},{"@type":"BreadcrumbList","@id":"https:\/\/paper-checker.com\/pt\/about-us\/#breadcrumb","itemListElement":[{"@type":"ListItem","position":1,"name":"Home","item":"https:\/\/paper-checker.com\/pt\/"},{"@type":"ListItem","position":2,"name":"Sobre N\u00f3s"}]},{"@type":"WebSite","@id":"https:\/\/paper-checker.com\/#website","url":"https:\/\/paper-checker.com\/","name":"Paper Checker","description":"","publisher":{"@id":"https:\/\/paper-checker.com\/#organization"},"potentialAction":[{"@type":"SearchAction","target":{"@type":"EntryPoint","urlTemplate":"https:\/\/paper-checker.com\/?s={search_term_string}"},"query-input":{"@type":"PropertyValueSpecification","valueRequired":true,"valueName":"search_term_string"}}],"inLanguage":"pt-PT"},{"@type":"Organization","@id":"https:\/\/paper-checker.com\/#organization","name":"Paper Checker","url":"https:\/\/paper-checker.com\/","logo":{"@type":"ImageObject","inLanguage":"pt-PT","@id":"https:\/\/paper-checker.com\/#\/schema\/logo\/image\/","url":"https:\/\/paper-checker.com\/wp-content\/uploads\/2024\/12\/Group.png","contentUrl":"https:\/\/paper-checker.com\/wp-content\/uploads\/2024\/12\/Group.png","width":30,"height":30,"caption":"Paper Checker"},"image":{"@id":"https:\/\/paper-checker.com\/#\/schema\/logo\/image\/"}}]}},"_links":{"self":[{"href":"https:\/\/paper-checker.com\/wp-json\/wp\/v2\/pages\/876","targetHints":{"allow":["GET"]}}],"collection":[{"href":"https:\/\/paper-checker.com\/wp-json\/wp\/v2\/pages"}],"about":[{"href":"https:\/\/paper-checker.com\/wp-json\/wp\/v2\/types\/page"}],"author":[{"embeddable":true,"href":"https:\/\/paper-checker.com\/wp-json\/wp\/v2\/users\/1"}],"replies":[{"embeddable":true,"href":"https:\/\/paper-checker.com\/wp-json\/wp\/v2\/comments?post=876"}],"version-history":[{"count":1,"href":"https:\/\/paper-checker.com\/wp-json\/wp\/v2\/pages\/876\/revisions"}],"predecessor-version":[{"id":877,"href":"https:\/\/paper-checker.com\/wp-json\/wp\/v2\/pages\/876\/revisions\/877"}],"wp:attachment":[{"href":"https:\/\/paper-checker.com\/wp-json\/wp\/v2\/media?parent=876"}],"curies":[{"name":"wp","href":"https:\/\/api.w.org\/{rel}","templated":true}]}}