{"id":1115,"date":"2024-12-23T08:46:09","date_gmt":"2024-12-23T08:46:09","guid":{"rendered":"https:\/\/paper-checker.com\/?page_id=1115"},"modified":"2024-12-23T08:46:09","modified_gmt":"2024-12-23T08:46:09","slug":"sign-up","status":"publish","type":"page","link":"https:\/\/paper-checker.com\/ro\/sign-up\/","title":{"rendered":"\u00censcrie-te acum!"},"content":{"rendered":"","protected":false},"excerpt":{"rendered":"<p>  (Acest etichet\u0103 HTML r\u0103m\u00e2ne neschimbat\u0103, reprezent\u00e2nd un bloc de text preformatat f\u0103r\u0103 con\u021binut suplimentar.)<\/p>\n","protected":false},"author":1,"featured_media":0,"parent":0,"menu_order":0,"comment_status":"closed","ping_status":"closed","template":"","meta":{"_acf_changed":false,"_yoast_wpseo_title":"Al\u0103tur\u0103-te Paper-Checker | Detectare rapid\u0103 \u0219i precis\u0103 a plagiatului","_yoast_wpseo_metadesc":"\u00censcrie-te pe Paper-Checker.com pentru a accesa instrumente de detectare a plagiatului \u0219i AI. \u00cembun\u0103t\u0103\u021be\u0219te-\u021bi scrierea cu precizie \u0219i \u00eencredere.","_locale":"ro_RO","_original_post":"http:\/\/paper-checker.com.loc\/?page_id=65","iawp_total_views":2,"footnotes":""},"class_list":["post-1115","page","type-page","status-publish","hentry","ro-RO"],"acf":[],"yoast_head":"<!-- This site is optimized with the Yoast SEO plugin v27.5 - https:\/\/yoast.com\/product\/yoast-seo-wordpress\/ -->\n<title>Al\u0103tur\u0103-te Paper-Checker | Detectare rapid\u0103 \u0219i precis\u0103 a plagiatului<\/title>\n<meta name=\"description\" content=\"\u00censcrie-te pe Paper-Checker.com pentru a accesa instrumente de detectare a plagiatului \u0219i AI. \u00cembun\u0103t\u0103\u021be\u0219te-\u021bi scrierea cu precizie \u0219i \u00eencredere.\" \/>\n<meta name=\"robots\" content=\"index, follow, max-snippet:-1, max-image-preview:large, max-video-preview:-1\" \/>\n<link rel=\"canonical\" href=\"https:\/\/paper-checker.com\/ro\/sign-up\/\" \/>\n<meta property=\"og:locale\" content=\"ro_RO\" \/>\n<meta property=\"og:type\" content=\"article\" \/>\n<meta property=\"og:title\" content=\"Al\u0103tur\u0103-te Paper-Checker | Detectare rapid\u0103 \u0219i precis\u0103 a plagiatului\" \/>\n<meta property=\"og:description\" content=\"\u00censcrie-te pe Paper-Checker.com pentru a accesa instrumente de detectare a plagiatului \u0219i AI. \u00cembun\u0103t\u0103\u021be\u0219te-\u021bi scrierea cu precizie \u0219i \u00eencredere.\" \/>\n<meta property=\"og:url\" content=\"https:\/\/paper-checker.com\/ro\/sign-up\/\" \/>\n<meta property=\"og:site_name\" content=\"Paper Checker\" \/>\n<meta property=\"og:image\" content=\"https:\/\/paper-checker.com\/wp-content\/uploads\/2024\/12\/home.jpg\" \/>\n\t<meta property=\"og:image:width\" content=\"1200\" \/>\n\t<meta property=\"og:image:height\" content=\"675\" \/>\n\t<meta property=\"og:image:type\" content=\"image\/jpeg\" \/>\n<meta name=\"twitter:card\" content=\"summary_large_image\" \/>\n<!-- \/ Yoast SEO plugin. -->","yoast_head_json":{"title":"Al\u0103tur\u0103-te Paper-Checker | Detectare rapid\u0103 \u0219i precis\u0103 a plagiatului","description":"\u00censcrie-te pe Paper-Checker.com pentru a accesa instrumente de detectare a plagiatului \u0219i AI. \u00cembun\u0103t\u0103\u021be\u0219te-\u021bi scrierea cu precizie \u0219i \u00eencredere.","robots":{"index":"index","follow":"follow","max-snippet":"max-snippet:-1","max-image-preview":"max-image-preview:large","max-video-preview":"max-video-preview:-1"},"canonical":"https:\/\/paper-checker.com\/ro\/sign-up\/","og_locale":"ro_RO","og_type":"article","og_title":"Al\u0103tur\u0103-te Paper-Checker | Detectare rapid\u0103 \u0219i precis\u0103 a plagiatului","og_description":"\u00censcrie-te pe Paper-Checker.com pentru a accesa instrumente de detectare a plagiatului \u0219i AI. \u00cembun\u0103t\u0103\u021be\u0219te-\u021bi scrierea cu precizie \u0219i \u00eencredere.","og_url":"https:\/\/paper-checker.com\/ro\/sign-up\/","og_site_name":"Paper Checker","og_image":[{"width":1200,"height":675,"url":"https:\/\/paper-checker.com\/wp-content\/uploads\/2024\/12\/home.jpg","type":"image\/jpeg"}],"twitter_card":"summary_large_image","schema":{"@context":"https:\/\/schema.org","@graph":[{"@type":"WebPage","@id":"https:\/\/paper-checker.com\/ro\/sign-up\/","url":"https:\/\/paper-checker.com\/ro\/sign-up\/","name":"Al\u0103tur\u0103-te Paper-Checker | Detectare rapid\u0103 \u0219i precis\u0103 a plagiatului","isPartOf":{"@id":"https:\/\/paper-checker.com\/#website"},"datePublished":"2024-12-23T08:46:09+00:00","description":"\u00censcrie-te pe Paper-Checker.com pentru a accesa instrumente de detectare a plagiatului \u0219i AI. \u00cembun\u0103t\u0103\u021be\u0219te-\u021bi scrierea cu precizie \u0219i \u00eencredere.","breadcrumb":{"@id":"https:\/\/paper-checker.com\/ro\/sign-up\/#breadcrumb"},"inLanguage":"ro-RO","potentialAction":[{"@type":"ReadAction","target":["https:\/\/paper-checker.com\/ro\/sign-up\/"]}]},{"@type":"BreadcrumbList","@id":"https:\/\/paper-checker.com\/ro\/sign-up\/#breadcrumb","itemListElement":[{"@type":"ListItem","position":1,"name":"Home","item":"https:\/\/paper-checker.com\/ro\/"},{"@type":"ListItem","position":2,"name":"\u00censcrie-te acum!"}]},{"@type":"WebSite","@id":"https:\/\/paper-checker.com\/#website","url":"https:\/\/paper-checker.com\/","name":"Paper Checker","description":"","publisher":{"@id":"https:\/\/paper-checker.com\/#organization"},"potentialAction":[{"@type":"SearchAction","target":{"@type":"EntryPoint","urlTemplate":"https:\/\/paper-checker.com\/?s={search_term_string}"},"query-input":{"@type":"PropertyValueSpecification","valueRequired":true,"valueName":"search_term_string"}}],"inLanguage":"ro-RO"},{"@type":"Organization","@id":"https:\/\/paper-checker.com\/#organization","name":"Paper Checker","url":"https:\/\/paper-checker.com\/","logo":{"@type":"ImageObject","inLanguage":"ro-RO","@id":"https:\/\/paper-checker.com\/#\/schema\/logo\/image\/","url":"https:\/\/paper-checker.com\/wp-content\/uploads\/2024\/12\/Group.png","contentUrl":"https:\/\/paper-checker.com\/wp-content\/uploads\/2024\/12\/Group.png","width":30,"height":30,"caption":"Paper Checker"},"image":{"@id":"https:\/\/paper-checker.com\/#\/schema\/logo\/image\/"}}]}},"_links":{"self":[{"href":"https:\/\/paper-checker.com\/wp-json\/wp\/v2\/pages\/1115","targetHints":{"allow":["GET"]}}],"collection":[{"href":"https:\/\/paper-checker.com\/wp-json\/wp\/v2\/pages"}],"about":[{"href":"https:\/\/paper-checker.com\/wp-json\/wp\/v2\/types\/page"}],"author":[{"embeddable":true,"href":"https:\/\/paper-checker.com\/wp-json\/wp\/v2\/users\/1"}],"replies":[{"embeddable":true,"href":"https:\/\/paper-checker.com\/wp-json\/wp\/v2\/comments?post=1115"}],"version-history":[{"count":1,"href":"https:\/\/paper-checker.com\/wp-json\/wp\/v2\/pages\/1115\/revisions"}],"predecessor-version":[{"id":1116,"href":"https:\/\/paper-checker.com\/wp-json\/wp\/v2\/pages\/1115\/revisions\/1116"}],"wp:attachment":[{"href":"https:\/\/paper-checker.com\/wp-json\/wp\/v2\/media?parent=1115"}],"curies":[{"name":"wp","href":"https:\/\/api.w.org\/{rel}","templated":true}]}}