{"id":1163,"date":"2024-12-23T08:46:08","date_gmt":"2024-12-23T08:46:08","guid":{"rendered":"https:\/\/paper-checker.com\/?page_id=1163"},"modified":"2024-12-23T08:46:08","modified_gmt":"2024-12-23T08:46:08","slug":"contacts","status":"publish","type":"page","link":"https:\/\/paper-checker.com\/ro\/contacts\/","title":{"rendered":"Contact"},"content":{"rendered":"<p>\u00a0<\/p>\n<div class=\"row page-title-row\">\n<div class=\"col col-12\">\n<h1>Contacta\u021bi-ne<\/h1>\n<div class=\"subtitle\">Suntem aici pentru a v\u0103 ajuta!<\/div>\n<p class=\"contacts-subtitle-text\">Dac\u0103 ave\u021bi \u00eentreb\u0103ri cu privire la serviciile noastre de detectare a plagiatului \u0219i AI, ave\u021bi nevoie de asisten\u021b\u0103 sau dori\u021bi s\u0103 ne transmite\u021bi un feedback, nu ezita\u021bi s\u0103 ne contacta\u021bi.<\/p>\n<\/div>\n<\/div>\n<div class=\"row row-contact-us\">\n<div class=\"col col-12 col-sm-12 col-md-6 col-lg-5\">\n<div class=\"get-touch get-touch-contacts\">\n<div class=\"get-touch-title\">Contacta\u021bi-ne<\/div>\n<div class=\"get-touch-item\">\n<p><img alt=\"icon\" class=\"touch-img\" decoding=\"async\" src=\"\/wp-content\/themes\/main\/images\/touch_address_icon.svg\"\/><\/p>\n<div class=\"text-part\">\n<div class=\"title\">Adres\u0103<\/div>\n<div class=\"text\">Calle Pintor P\u00e9rez Gil 2, b.46, 03540, Alicante, Spania<\/div>\n<\/div>\n<\/div>\n<div class=\"get-touch-item\">\n<p><img alt=\"icon\" class=\"touch-img\" decoding=\"async\" src=\"\/wp-content\/themes\/main\/images\/touch_phone_icon.svg\"\/><\/p>\n<div class=\"text-part\">\n<div class=\"title\">Telefon<\/div>\n<div class=\"text\"><a class=\"phone\" href=\"tel:+1(888)892-5809\">+1(888)892-5809<\/a><\/div>\n<\/div>\n<\/div>\n<div class=\"get-touch-item\">\n<p><img alt=\"icon\" class=\"touch-img\" decoding=\"async\" src=\"\/wp-content\/themes\/main\/images\/touch_mail_icon.svg\"\/><\/p>\n<div class=\"text-part\">\n<div class=\"title\">Email<\/div>\n<div class=\"text\"><a href=\"mailto:support@paper-checker.com\">support@paper-checker.com<\/a><\/div>\n<\/div>\n<\/div>\n<div class=\"get-touch-title bottom-part\">\n<p>Re\u021bele sociale<\/p>\n<div class=\"social-buttons-part\">\n<a><img alt=\"icon\" decoding=\"async\" src=\"\/wp-content\/themes\/main\/images\/linkedin-icon-white.svg\"\/><\/a><br \/>\n<a><img alt=\"icon\" decoding=\"async\" src=\"\/wp-content\/themes\/main\/images\/x-icon-white.svg\"\/><\/a><br \/>\n<a href=\"https:\/\/www.youtube.com\/@plagiarismsearch5119\" target=\"_blank\"><img alt=\"icon\" decoding=\"async\" src=\"\/wp-content\/themes\/main\/images\/youtube-icon-white-bg.svg\" style=\"width:30px;margin-right:-6px;margin-left:-3px;\"\/><\/a><br \/>\n<a href=\"https:\/\/www.instagram.com\/plagiarismsearch\/\" target=\"_blank\"><img alt=\"icon\" decoding=\"async\" src=\"\/wp-content\/themes\/main\/images\/instagram-icon-white.svg\" style=\"width:24px;height:auto;\"\/><\/a>\n<\/div>\n<\/div>\n<\/div>\n<\/div>\n<div class=\"col col-12 col-sm-12 col-md-6 col-lg-7\">\n<div class=\"contact-form-wrapper\">\n<p><strong>Sau pur \u0219i simplu completa\u021bi formularul de mai jos, \u0219i ne vom \u00eentoarce la dvs. \u00een cel mai scurt timp.<\/strong><\/p>\n<div class=\"contact-us-form\">\n<div class=\"wpcf7 no-js\" data-wpcf7-id=\"23\" dir=\"ltr\" id=\"wpcf7-f23-o1\" lang=\"en-US\">\n<div class=\"screen-reader-response\">\n<p aria-atomic=\"true\" aria-live=\"polite\" role=\"status\">\n<ul><\/ul>\n<\/div>\n<form action=\"\/wp-json\/wp\/v2\/pages?status=publish#wpcf7-f23-o1\" aria-label=\"Contact form\" class=\"wpcf7-form init\" data-status=\"init\" method=\"post\" novalidate=\"novalidate\">\n<div style=\"display: none;\">\n<input name=\"_wpcf7\" type=\"hidden\" value=\"23\"\/><br \/>\n<input name=\"_wpcf7_version\" type=\"hidden\" value=\"6.0.2\"\/><br \/>\n<input name=\"_wpcf7_locale\" type=\"hidden\" value=\"en_US\"\/><br \/>\n<input name=\"_wpcf7_unit_tag\" type=\"hidden\" value=\"wpcf7-f23-o1\"\/><br \/>\n<input name=\"_wpcf7_container_post\" type=\"hidden\" value=\"0\"\/><br \/>\n<input name=\"_wpcf7_posted_data_hash\" type=\"hidden\" value=\"\"\/>\n<\/div>\n<div class=\"row line-flex\">\n<div class=\"col col-12 col-sm-6 col-md-12 col-lg-6\">\n<p><label>Numele dvs. <\/label><span class=\"wpcf7-form-control-wrap\" data-name=\"your-name\"><input aria-invalid=\"false\" aria-required=\"true\" autocomplete=\"name\" class=\"wpcf7-form-control wpcf7-text wpcf7-validates-as-required\" maxlength=\"400\" name=\"your-name\" size=\"40\" type=\"text\" value=\"\"\/><\/span><\/p>\n<\/div>\n<div class=\"col col-12 col-sm-6 col-md-12 col-lg-6\">\n<p><label>Adresa dvs. de email<\/label><span class=\"wpcf7-form-control-wrap\" data-name=\"your-email\"><input aria-invalid=\"false\" aria-required=\"true\" autocomplete=\"email\" class=\"wpcf7-form-control wpcf7-email wpcf7-validates-as-required wpcf7-text wpcf7-validates-as-email\" maxlength=\"400\" name=\"your-email\" size=\"40\" type=\"email\" value=\"\"\/><\/span><\/p>\n<\/div>\n<\/div>\n<div class=\"row\">\n<div class=\"col col-12 col-sm-12\">\n<p><label>Subiect<\/label><span class=\"wpcf7-form-control-wrap\" data-name=\"your-subject\"><input aria-invalid=\"false\" aria-required=\"true\" class=\"wpcf7-form-control wpcf7-text wpcf7-validates-as-required\" maxlength=\"400\" name=\"your-subject\" size=\"40\" type=\"text\" value=\"\"\/><\/span><\/p>\n<\/div>\n<\/div>\n<div class=\"row\">\n<div class=\"col col-12 col-sm-12\">\n<p><label>Mesajul dvs. (op\u021bional)<\/label><br \/>\n<span class=\"wpcf7-form-control-wrap\" data-name=\"your-message\"><br \/>\n<textarea aria-invalid=\"false\" class=\"wpcf7-form-control wpcf7-textarea\" cols=\"40\" maxlength=\"2000\" name=\"your-message\" rows=\"10\"><\/textarea><br \/>\n<\/span>\n<\/p>\n<\/div>\n<\/div>\n<div class=\"row center\">\n<div class=\"col col-12 col-sm-12 col-submit\">\n<p><input class=\"wpcf7-form-control wpcf7-submit has-spinner\" type=\"submit\" value=\"Trimite\"\/><\/p>\n<\/div>\n<\/div>\n<div aria-hidden=\"true\" class=\"wpcf7-response-output\"><\/div>\n<\/form>\n<\/div>\n<div class=\"grey-text center\">Ne a\u0219tept\u0103m cu ner\u0103bdare s\u0103 ne conect\u0103m cu dvs.!<\/div>\n<\/div>\n<\/div>\n<\/div>\n<\/div>\n","protected":false},"excerpt":{"rendered":"<p>&nbsp; Contacta\u021bi-ne! Suntem aici pentru a v\u0103 ajuta! Dac\u0103 ave\u021bi \u00eentreb\u0103ri cu privire la serviciile noastre de detectare a plagiatului \u0219i AI, ave\u021bi nevoie de asisten\u021b\u0103 sau dori\u021bi s\u0103 ne transmite\u021bi un feedback, nu ezita\u021bi s\u0103 ne contacta\u021bi.<\/p>\n<p><strong>Adres\u0103:<\/strong> Calle Pintor P\u00e9rez Gil 2, b.46, 03540, Alicante, Spania<\/p>\n<p><strong>Telefon:<\/strong> +1(888)892-5809<\/p>\n<p><strong>Email:<\/strong> support@paper-checker.com<\/p>\n<p><strong>Re\u021bele sociale:<\/strong> [\u0219i simplu completa\u021bi formularul.<\/strong><\/p>\n","protected":false},"author":1,"featured_media":0,"parent":0,"menu_order":0,"comment_status":"closed","ping_status":"closed","template":"","meta":{"_acf_changed":false,"_yoast_wpseo_title":"Contacta\u021bi-ne | Paper-Checker.com","_yoast_wpseo_metadesc":"Contacta\u021bi-ne la Paper-Checker.com pentru asisten\u021b\u0103, \u00eentreb\u0103ri sau feedback.","_locale":"ro_RO","_original_post":"http:\/\/paper-checker.com.loc\/?page_id=15","iawp_total_views":3,"footnotes":""},"class_list":["post-1163","page","type-page","status-publish","hentry","ro-RO"],"acf":[],"yoast_head":"<!-- This site is optimized with the Yoast SEO plugin v27.4 - https:\/\/yoast.com\/product\/yoast-seo-wordpress\/ -->\n<title>Contacta\u021bi-ne | Paper-Checker.com<\/title>\n<meta name=\"description\" content=\"Contacta\u021bi-ne la Paper-Checker.com pentru asisten\u021b\u0103, \u00eentreb\u0103ri sau feedback.\" \/>\n<meta name=\"robots\" content=\"index, follow, max-snippet:-1, max-image-preview:large, max-video-preview:-1\" \/>\n<link rel=\"canonical\" href=\"https:\/\/paper-checker.com\/ro\/contacts\/\" \/>\n<meta property=\"og:locale\" content=\"ro_RO\" \/>\n<meta property=\"og:type\" content=\"article\" \/>\n<meta property=\"og:title\" content=\"Contacta\u021bi-ne | Paper-Checker.com\" \/>\n<meta property=\"og:description\" content=\"Contacta\u021bi-ne la Paper-Checker.com pentru asisten\u021b\u0103, \u00eentreb\u0103ri sau feedback.\" \/>\n<meta property=\"og:url\" content=\"https:\/\/paper-checker.com\/ro\/contacts\/\" \/>\n<meta property=\"og:site_name\" content=\"Paper Checker\" \/>\n<meta property=\"og:image\" content=\"https:\/\/paper-checker.com\/wp-content\/uploads\/2024\/12\/home.jpg\" \/>\n\t<meta property=\"og:image:width\" content=\"1200\" \/>\n\t<meta property=\"og:image:height\" content=\"675\" \/>\n\t<meta property=\"og:image:type\" content=\"image\/jpeg\" \/>\n<meta name=\"twitter:card\" content=\"summary_large_image\" \/>\n<meta name=\"twitter:label1\" content=\"Timp estimat pentru citire\" \/>\n\t<meta name=\"twitter:data1\" content=\"2 minute\" \/>\n<!-- \/ Yoast SEO plugin. -->","yoast_head_json":{"title":"Contacta\u021bi-ne | Paper-Checker.com","description":"Contacta\u021bi-ne la Paper-Checker.com pentru asisten\u021b\u0103, \u00eentreb\u0103ri sau feedback.","robots":{"index":"index","follow":"follow","max-snippet":"max-snippet:-1","max-image-preview":"max-image-preview:large","max-video-preview":"max-video-preview:-1"},"canonical":"https:\/\/paper-checker.com\/ro\/contacts\/","og_locale":"ro_RO","og_type":"article","og_title":"Contacta\u021bi-ne | Paper-Checker.com","og_description":"Contacta\u021bi-ne la Paper-Checker.com pentru asisten\u021b\u0103, \u00eentreb\u0103ri sau feedback.","og_url":"https:\/\/paper-checker.com\/ro\/contacts\/","og_site_name":"Paper Checker","og_image":[{"width":1200,"height":675,"url":"https:\/\/paper-checker.com\/wp-content\/uploads\/2024\/12\/home.jpg","type":"image\/jpeg"}],"twitter_card":"summary_large_image","twitter_misc":{"Timp estimat pentru citire":"2 minute"},"schema":{"@context":"https:\/\/schema.org","@graph":[{"@type":"WebPage","@id":"https:\/\/paper-checker.com\/ro\/contacts\/","url":"https:\/\/paper-checker.com\/ro\/contacts\/","name":"Contacta\u021bi-ne | Paper-Checker.com","isPartOf":{"@id":"https:\/\/paper-checker.com\/#website"},"datePublished":"2024-12-23T08:46:08+00:00","description":"Contacta\u021bi-ne la Paper-Checker.com pentru asisten\u021b\u0103, \u00eentreb\u0103ri sau feedback.","breadcrumb":{"@id":"https:\/\/paper-checker.com\/ro\/contacts\/#breadcrumb"},"inLanguage":"ro-RO","potentialAction":[{"@type":"ReadAction","target":["https:\/\/paper-checker.com\/ro\/contacts\/"]}]},{"@type":"BreadcrumbList","@id":"https:\/\/paper-checker.com\/ro\/contacts\/#breadcrumb","itemListElement":[{"@type":"ListItem","position":1,"name":"Home","item":"https:\/\/paper-checker.com\/ro\/"},{"@type":"ListItem","position":2,"name":"Contact"}]},{"@type":"WebSite","@id":"https:\/\/paper-checker.com\/#website","url":"https:\/\/paper-checker.com\/","name":"Paper Checker","description":"","publisher":{"@id":"https:\/\/paper-checker.com\/#organization"},"potentialAction":[{"@type":"SearchAction","target":{"@type":"EntryPoint","urlTemplate":"https:\/\/paper-checker.com\/?s={search_term_string}"},"query-input":{"@type":"PropertyValueSpecification","valueRequired":true,"valueName":"search_term_string"}}],"inLanguage":"ro-RO"},{"@type":"Organization","@id":"https:\/\/paper-checker.com\/#organization","name":"Paper Checker","url":"https:\/\/paper-checker.com\/","logo":{"@type":"ImageObject","inLanguage":"ro-RO","@id":"https:\/\/paper-checker.com\/#\/schema\/logo\/image\/","url":"https:\/\/paper-checker.com\/wp-content\/uploads\/2024\/12\/Group.png","contentUrl":"https:\/\/paper-checker.com\/wp-content\/uploads\/2024\/12\/Group.png","width":30,"height":30,"caption":"Paper Checker"},"image":{"@id":"https:\/\/paper-checker.com\/#\/schema\/logo\/image\/"}}]}},"_links":{"self":[{"href":"https:\/\/paper-checker.com\/wp-json\/wp\/v2\/pages\/1163","targetHints":{"allow":["GET"]}}],"collection":[{"href":"https:\/\/paper-checker.com\/wp-json\/wp\/v2\/pages"}],"about":[{"href":"https:\/\/paper-checker.com\/wp-json\/wp\/v2\/types\/page"}],"author":[{"embeddable":true,"href":"https:\/\/paper-checker.com\/wp-json\/wp\/v2\/users\/1"}],"replies":[{"embeddable":true,"href":"https:\/\/paper-checker.com\/wp-json\/wp\/v2\/comments?post=1163"}],"version-history":[{"count":2,"href":"https:\/\/paper-checker.com\/wp-json\/wp\/v2\/pages\/1163\/revisions"}],"predecessor-version":[{"id":1330,"href":"https:\/\/paper-checker.com\/wp-json\/wp\/v2\/pages\/1163\/revisions\/1330"}],"wp:attachment":[{"href":"https:\/\/paper-checker.com\/wp-json\/wp\/v2\/media?parent=1163"}],"curies":[{"name":"wp","href":"https:\/\/api.w.org\/{rel}","templated":true}]}}