{"id":1195,"date":"2024-12-23T08:46:08","date_gmt":"2024-12-23T08:46:08","guid":{"rendered":"https:\/\/paper-checker.com\/?page_id=1195"},"modified":"2024-12-23T08:46:08","modified_gmt":"2024-12-23T08:46:08","slug":"about-us","status":"publish","type":"page","link":"https:\/\/paper-checker.com\/ro\/about-us\/","title":{"rendered":"Despre noi"},"content":{"rendered":"<div class=\"container\">\n<div class=\"row\">\n<div class=\"col col-12\">\n<div class=\"row page-title-row\">\n<div class=\"col col-12\">\n<h1>Despre noi<\/h1>\n<div class=\"subtitle\">Promov\u0103m originalitatea \u0219i integritatea<\/div>\n<\/div>\n<\/div>\n<div class=\"row row-welcome\">\n<div class=\"col col-12 col-sm-12 col-md-6\">\n<h2>Bine a\u021bi venit la Paper-Checker.com, partenerul dumneavoastr\u0103 de \u00eencredere \u00een asigurarea autenticit\u0103\u021bii con\u021binutului<\/h2>\n<\/div>\n<div class=\"col col-12 col-sm-12 col-md-6\">\n<p>Specializ\u0103m \u00een detectarea avansat\u0103 a plagiatului \u0219i servicii de verificare a con\u021binutului cu inteligen\u021b\u0103 artificial\u0103, fiind dedica\u021bi oferirii de solu\u021bii precise, rapide \u0219i fiabile. Fie c\u0103 sunte\u021bi un student care aspir\u0103 la excelen\u021b\u0103 academic\u0103, un educator care promoveaz\u0103 integritatea, un scriitor care creeaz\u0103 lucr\u0103ri originale sau un profesionist care respect\u0103 standarde \u00eenalte, v\u0103 sus\u021binem angajamentul fa\u021b\u0103 de autenticitate.<\/p>\n<\/div>\n<\/div>\n<div class=\"container-narrow\">\n<div class=\"row row-our-mission\">\n<div class=\"col col-12 hidden-sm hidden-xs col-sm-12 col-md-5 col-lg-6\">\n<img alt=\"imagine lips\u0103\" class=\"missing-img\" decoding=\"async\" src=\"\/wp-content\/themes\/main\/images\/missing-img.png\"\/>\n<\/div>\n<div class=\"col col-12 col-sm-12 col-md-7 col-lg-6\">\n<div class=\"missing-content\">\n<div class=\"title\">Misiunea noastr\u0103 este clar\u0103:<\/div>\n<div class=\"missing-item\">\n<div class=\"number\">01<\/div>\n<div class=\"text\"><strong>Men\u021binem integritatea academic\u0103:<\/strong> Suntem dedica\u021bi respect\u0103rii celor mai \u00eenalte standarde de onestitate \u00een toate domeniile cre\u0103rii de con\u021binut.<\/div>\n<\/div>\n<div class=\"missing-item\">\n<div class=\"number\">02<\/div>\n<div class=\"text\"><strong>Promov\u0103m originalitatea:<\/strong> \u00cencurajarea \u0219i facilitarea produc\u021biei de lucr\u0103ri autentice reprezint\u0103 esen\u021ba activit\u0103\u021bii noastre.<\/div>\n<\/div>\n<div class=\"missing-item\">\n<div class=\"number\">03<\/div>\n<div class=\"text\"><strong>Combatem plagiatul \u0219i utilizarea neetic\u0103 a con\u021binutului generat de AI:<\/strong> Lupt\u0103m activ \u00eempotriva plagiatului \u0219i utiliz\u0103rii neetice a materialelor create cu ajutorul inteligen\u021bei artificiale.<\/div>\n<\/div>\n<div class=\"missing-item\">\n<div class=\"number\">04<\/div>\n<div class=\"text\"><strong>Promov\u0103m o cultur\u0103 a onestit\u0103\u021bii \u0219i inova\u021biei:<\/strong> Ne propunem s\u0103 cultiv\u0103m un mediu \u00een care integritatea \u0219i creativitatea \u00eenfloreasc\u0103.<\/div>\n<\/div>\n<\/div>\n<\/div>\n<\/div>\n<div class=\"dark-info\">\n<div class=\"text\" style=\"max-width: 620px;\">\n<span class=\"grey-text\">Valorile noastre fundamentale &#8211;<\/span> integritate, inova\u021bie, excelen\u021b\u0103 \u0219i centrat pe utilizator <span class=\"grey-text\"> &#8211; ne ghideaz\u0103 \u00een efortul de a v\u0103 sprijini \u00een c\u0103utarea<\/span> a muncii autentice \u0219i etice.\n    <\/div>\n<\/div>\n<div class=\"row foundation-row\">\n<div class=\"col col-12\">\n<h2 class=\"title-foundation\">\n            Fundamentul nostru cu<br \/>\n            <img alt=\"icon\" decoding=\"async\" src=\"\/wp-content\/themes\/main\/images\/foundation-icon.png\"\/><br \/>\n<span class=\"site-name\">PlagiarismSearch <span class=\"grey-text\">.com<\/span><\/span><br \/>\n<\/h2>\n<p>Paper-Checker.com este m\u00e2ndru s\u0103 fie o extensie a PlagiarismSearch.com, un lider recunoscut \u00een detectarea plagiatului cu ani de experien\u021b\u0103 \u00een domeniu. Construind pe aceast\u0103 baz\u0103 solid\u0103, am extins serviciile noastre pentru a include detectarea avansat\u0103 a con\u021binutului cu inteligen\u021b\u0103 artificial\u0103, oferind o solu\u021bie complet\u0103 pentru verificarea originalit\u0103\u021bii.<\/p>\n<p>Sus\u021binute de expertiza \u0219i reputa\u021bia PlagiarismSearch.com, oferim o platform\u0103 care combin\u0103 fiabilitatea dovedit\u0103 \u0219i tehnologia inovatoare. Echipa noastr\u0103 este format\u0103 din profesioni\u0219ti dedica\u021bi, pasiona\u021bi de promovarea originalit\u0103\u021bii \u0219i angaja\u021bi s\u0103 ofere un serviciu excep\u021bional. Suntem mereu aici pentru a v\u0103 asista, asigur\u00e2nd o experien\u021b\u0103 f\u0103r\u0103 cusur \u0219i recompensatoare cu noi.<\/p>\n<\/div>\n<\/div>\n<\/div>\n<\/div>\n<\/div>\n<\/div>\n<div class=\"our-features\">\n<div class=\"container container-narrow\">\n<div class=\"row our-features-row\">\n<div class=\"col col-12 col-md-6 col-lg-6\">\n<div class=\"green-top-subtitle\">Caracteristici cheie<\/div>\n<h2>Solu\u021bii avansate pentru o audien\u021b\u0103 global\u0103<\/h2>\n<div class=\"subtitle\">Oferim precizie f\u0103r\u0103 egal \u00een identificarea con\u021binutului copiat sau generat cu ajutorul inteligen\u021bei artificiale, folosind algoritmi sofisticati \u0219i baze de date extinse.<\/div>\n<\/div>\n<div class=\"col col-12 col-md-6 col-lg-6\">\n<div class=\"features-list-title\">Caracteristicile prietenoase cu utilizatorul platformei noastre includ:<\/div>\n<div class=\"our-features-list\">\n<div class=\"our-features-item\">\n<div class=\"our-features-icon\">\n<img alt=\"icon\" decoding=\"async\" src=\"\/wp-content\/themes\/main\/images\/our-feature-icon1.png\"\/>\n<\/div>\n<div class=\"text\">\n<strong>Interfa\u021b\u0103 intuitiv\u0103:<\/strong> Naviga\u021bi cu u\u0219urin\u021b\u0103 \u0219i ob\u021bine\u021bi rezultate rapid.\n    <\/div>\n<\/div>\n<div class=\"our-features-item\">\n<div class=\"our-features-icon\">\n<img alt=\"icon\" decoding=\"async\" src=\"\/wp-content\/themes\/main\/images\/our-feature-icon2.png\"\/>\n<\/div>\n<div class=\"text\">\n<strong>Rezultate \u00een timp real:<\/strong> Primi\u021bi feedback imediat cu privire la originalitatea con\u021binutului dumneavoastr\u0103.\n    <\/div>\n<\/div>\n<div class=\"our-features-item\">\n<div class=\"our-features-icon\">\n<img alt=\"icon\" decoding=\"async\" src=\"\/wp-content\/themes\/main\/images\/our-feature-icon3.png\"\/>\n<\/div>\n<div class=\"text\">\n<strong>Rapoarte detaliate:<\/strong> Ob\u021bine\u021bi informa\u021bii cuprinz\u0103toare pentru a \u00een\u021belege \u0219i \u00eembun\u0103t\u0103\u021bi munca dumneavoastr\u0103.\n    <\/div>\n<\/div>\n<div class=\"our-features-item\">\n<div class=\"our-features-icon\">\n<img alt=\"icon\" decoding=\"async\" src=\"\/wp-content\/themes\/main\/images\/our-feature-icon4.png\"\/>\n<\/div>\n<div class=\"text\">\n<strong>Suport multi-limb\u0103:<\/strong> Ne adapt\u0103m unei audien\u021be globale, oferind suport \u00een mai multe limbi pentru a satisface nevoi diverse.\n    <\/div>\n<\/div>\n<\/div>\n<\/div>\n<\/div>\n<div class=\"row\">\n<div class=\"col col-12\">\n<div class=\"tailored-services\">\n<div class=\"t-services-row first-row\">\n<div class=\"t-services-item t1\">\n<div class=\"t-services-content\">\n<div class=\"icon\"><\/div>\n<div class=\"title\">Studen\u021bi \u0219i educatori<\/div>\n<div class=\"text\">Asigurarea onestit\u0103\u021bii academice \u0219i integrit\u0103\u021bii<\/div>\n<\/div>\n<\/div>\n<div class=\"t-services-item white-item t2\">\n<div class=\"t-services-content\">\n<div class=\"green-top-subtitle\">Solu\u021bii personalizate<\/div>\n<h2>Oferim servicii adaptate pentru:<\/h2>\n<\/div>\n<\/div>\n<\/div>\n<div class=\"t-services-row\">\n<div class=\"t-services-item t3\">\n<div class=\"t-services-content\">\n<div class=\"icon\"><\/div>\n<div class=\"title\">Scriitori \u0219i editori<\/div>\n<div class=\"text\">Men\u021binerea originalit\u0103\u021bii \u00een toate public\u0103rile<\/div>\n<\/div>\n<\/div>\n<div class=\"t-services-item t4\">\n<div class=\"t-services-content\">\n<div class=\"icon\"><\/div>\n<div class=\"title\">Companii<\/div>\n<div class=\"text\">Protejarea integrit\u0103\u021bii brandului \u0219i autenticit\u0103\u021bii con\u021binutului<\/div>\n<\/div>\n<\/div>\n<\/div>\n<\/div>\n<\/div>\n<\/div>\n<\/div>\n<\/div>\n<div class=\"container\">\n<div class=\"container-narrow-2\">\n<div class=\"row collaborating-text\">\n<div class=\"col col-12\">\n<h2 class=\"narrow-title\">Colaborare pentru o cultur\u0103 a integrit\u0103\u021bii<\/h2>\n<div class=\"subtitle\">Colabor\u0103m activ cu institu\u021bii educa\u021bionale, editori \u0219i organiza\u021bii pentru a promova integritatea academic\u0103 \u0219i combaterea plagiatului.<\/div>\n<p>Prin parteneriatul nostru cu PlagiarismSearch.com, ne implic\u0103m \u00een ini\u021biative de educa\u021bie \u0219i con\u0219tientizare cu privire la importan\u021ba originalit\u0103\u021bii \u0219i cre\u0103rii etice a con\u021binutului. Prin cultivarea acestor rela\u021bii, contribuim la o comunitate care sus\u021bine cele mai \u00eenalte standarde de onestitate \u0219i inovare.<\/p>\n<\/div>\n<\/div>\n<div class=\"row join-us\">\n<div class=\"col col-12 col-md-6 col-lg-6\">\n<div class=\"join-us-content\">\n<h3 class=\"join-us-title\">Al\u0103tura\u021bi-ne \u00een promovarea originalit\u0103\u021bii<\/h3>\n<div class=\"subtitle\">La Paper-Checker.com, nu suntem doar un serviciu &#8211; suntem o comunitate dedicat\u0103 integrit\u0103\u021bii \u0219i excelen\u021bei. V\u0103 invit\u0103m s\u0103 v\u0103 al\u0103tura\u021bi nou\u0103 \u00een promovarea originalit\u0103\u021bii:<\/div>\n<p>Experien\u021ba serviciile noastre:<br \/>\n            <button class=\"btn-blue-gradient log-in-btn\">\u00cenregistra\u021bi-v\u0103<\/button><br \/>\n<span class=\"blue-text upper-text\">acum pentru o prob\u0103 gratuit\u0103<\/span> \u0219i descoperi\u021bi diferen\u021ba pe care o putem face \u00een munca dumneavoastr\u0103.<\/p>\n<p>Urm\u0103rirea autenticit\u0103\u021bii este prioritatea noastr\u0103. \u00cencrede\u021bi-v\u0103 \u00een expertiza noastr\u0103; \u00eempreun\u0103, s\u0103 cultiv\u0103m o cultur\u0103 \u00een care originalitatea \u0219i integritatea \u00eenfloresc.<\/p>\n<\/div>\n<\/div>\n<div class=\"col col-12 col-md-6 col-lg-6\">\n<div class=\"get-touch\">\n<div class=\"get-touch-title\">Contacta\u021bi-ne<\/div>\n<div class=\"get-touch-item\">\n<img alt=\"icon\" decoding=\"async\" src=\"\/wp-content\/themes\/main\/images\/email_icon.svg\"\/><\/p>\n<div class=\"text-part\">\n<div class=\"title\">Contacta\u021bi-ne:<\/div>\n<div class=\"text\">Aveti \u00eentreb\u0103ri sau ave\u021bi nevoie de asisten\u021b\u0103? Contacta\u021bi-ne la <a href=\"mailto:support@paper-checker.com\">support@paper-checker.com<\/a>. Suntem aici pentru a v\u0103 ajuta.<\/div>\n<\/div>\n<\/div>\n<div class=\"get-touch-item\"><img alt=\"icon\" decoding=\"async\" src=\"\/wp-content\/themes\/main\/images\/social_icon.svg\"\/><\/p>\n<div class=\"text-part\">\n<div class=\"title\">R\u0103m\u00e2ne\u021bi informa\u021bi<\/div>\n<div class=\"text\">Urm\u0103ri\u021bi-ne pe re\u021belele sociale pentru a fi la curent cu ultimele nout\u0103\u021bi \u0219i perspective:<\/div>\n<div class=\"social-buttons-part\">\n<a href=\"https:\/\/www.linkedin.com\/company\/plagiarismsearch\/\" target=\"_blank\"><br \/>\n<img alt=\"icon\" decoding=\"async\" src=\"\/wp-content\/themes\/main\/images\/linkedin-icon.svg\"\/><br \/>\n<\/a><br \/>\n<a href=\"https:\/\/x.com\/AuthenticPapers\" target=\"_blank\"><br \/>\n<img alt=\"icon\" decoding=\"async\" src=\"\/wp-content\/themes\/main\/images\/x-icon.svg\"\/><br \/>\n<\/a><br \/>\n<a href=\"https:\/\/www.youtube.com\/@plagiarismsearch5119\" target=\"_blank\"><br \/>\n<img alt=\"icon\" decoding=\"async\" src=\"\/wp-content\/themes\/main\/images\/youtube-icon-white-bg.svg\" style=\"width:30px;margin-right: -4px;margin-left: -2px;margin-top: -6px;\"\/><br \/>\n<\/a><br \/>\n<a href=\"https:\/\/www.instagram.com\/plagiarismsearch\/\" target=\"_blank\"><br \/>\n<img alt=\"icon\" decoding=\"async\" src=\"\/wp-content\/themes\/main\/images\/instagram-icon-white.svg\" style=\"width:24px;height:auto;margin-top:-3px;\"\/><br \/>\n<\/a>\n<\/div>\n<\/div>\n<\/div>\n<\/div>\n<\/div>\n<\/div>\n<\/div>\n<\/div>\n","protected":false},"excerpt":{"rendered":"<p>Despre noi Promov\u0103m originalitatea \u0219i integritatea<br \/>\nBine a\u021bi venit la Paper-Checker.com, partenerul dumneavoastr\u0103 de \u00eencredere \u00een asigurarea autenticit\u0103\u021bii con\u021binutului! Specializ\u0103m \u00een detectarea avansat\u0103 a plagiatului \u0219i servicii de verificare a con\u021binutului cu inteligen\u021b\u0103 artificial\u0103, fiind dedica\u021bi oferirii de solu\u021bii precise, rapide \u0219i fiabile. Fie c\u0103 sunte\u021bi un student care aspir\u0103 la excelen\u021b\u0103 academic\u0103, un educator care promoveaz\u0103 integritatea, un scriitor care creeaz\u0103 lucr\u0103ri originale sau o organiza\u021bie care apreciaz\u0103 calitatea con\u021binutului, suntem aici pentru a v\u0103 sprijini.<\/p>\n","protected":false},"author":1,"featured_media":0,"parent":0,"menu_order":0,"comment_status":"closed","ping_status":"closed","template":"","meta":{"_acf_changed":false,"_yoast_wpseo_title":"Despre noi | Paper-Checker.com","_yoast_wpseo_metadesc":"Afla\u021bi mai multe despre Paper-Checker.com, misiunea noastr\u0103, valorile \u0219i serviciile avansate.","_locale":"ro_RO","_original_post":"http:\/\/paper-checker.com.loc\/?page_id=10","iawp_total_views":0,"footnotes":""},"class_list":["post-1195","page","type-page","status-publish","hentry","ro-RO"],"acf":[],"yoast_head":"<!-- This site is optimized with the Yoast SEO plugin v27.5 - https:\/\/yoast.com\/product\/yoast-seo-wordpress\/ -->\n<title>Despre noi | Paper-Checker.com<\/title>\n<meta name=\"description\" content=\"Afla\u021bi mai multe despre Paper-Checker.com, misiunea noastr\u0103, valorile \u0219i serviciile avansate.\" \/>\n<meta name=\"robots\" content=\"index, follow, max-snippet:-1, max-image-preview:large, max-video-preview:-1\" \/>\n<link rel=\"canonical\" href=\"https:\/\/paper-checker.com\/ro\/about-us\/\" \/>\n<meta property=\"og:locale\" content=\"ro_RO\" \/>\n<meta property=\"og:type\" content=\"article\" \/>\n<meta property=\"og:title\" content=\"Despre noi | Paper-Checker.com\" \/>\n<meta property=\"og:description\" content=\"Afla\u021bi mai multe despre Paper-Checker.com, misiunea noastr\u0103, valorile \u0219i serviciile avansate.\" \/>\n<meta property=\"og:url\" content=\"https:\/\/paper-checker.com\/ro\/about-us\/\" \/>\n<meta property=\"og:site_name\" content=\"Paper Checker\" \/>\n<meta property=\"og:image\" content=\"https:\/\/paper-checker.com\/wp-content\/uploads\/2024\/12\/home.jpg\" \/>\n\t<meta property=\"og:image:width\" content=\"1200\" \/>\n\t<meta property=\"og:image:height\" content=\"675\" \/>\n\t<meta property=\"og:image:type\" content=\"image\/jpeg\" \/>\n<meta name=\"twitter:card\" content=\"summary_large_image\" \/>\n<meta name=\"twitter:label1\" content=\"Timp estimat pentru citire\" \/>\n\t<meta name=\"twitter:data1\" content=\"5 minute\" \/>\n<!-- \/ Yoast SEO plugin. -->","yoast_head_json":{"title":"Despre noi | Paper-Checker.com","description":"Afla\u021bi mai multe despre Paper-Checker.com, misiunea noastr\u0103, valorile \u0219i serviciile avansate.","robots":{"index":"index","follow":"follow","max-snippet":"max-snippet:-1","max-image-preview":"max-image-preview:large","max-video-preview":"max-video-preview:-1"},"canonical":"https:\/\/paper-checker.com\/ro\/about-us\/","og_locale":"ro_RO","og_type":"article","og_title":"Despre noi | Paper-Checker.com","og_description":"Afla\u021bi mai multe despre Paper-Checker.com, misiunea noastr\u0103, valorile \u0219i serviciile avansate.","og_url":"https:\/\/paper-checker.com\/ro\/about-us\/","og_site_name":"Paper Checker","og_image":[{"width":1200,"height":675,"url":"https:\/\/paper-checker.com\/wp-content\/uploads\/2024\/12\/home.jpg","type":"image\/jpeg"}],"twitter_card":"summary_large_image","twitter_misc":{"Timp estimat pentru citire":"5 minute"},"schema":{"@context":"https:\/\/schema.org","@graph":[{"@type":"WebPage","@id":"https:\/\/paper-checker.com\/ro\/about-us\/","url":"https:\/\/paper-checker.com\/ro\/about-us\/","name":"Despre noi | Paper-Checker.com","isPartOf":{"@id":"https:\/\/paper-checker.com\/#website"},"datePublished":"2024-12-23T08:46:08+00:00","description":"Afla\u021bi mai multe despre Paper-Checker.com, misiunea noastr\u0103, valorile \u0219i serviciile avansate.","breadcrumb":{"@id":"https:\/\/paper-checker.com\/ro\/about-us\/#breadcrumb"},"inLanguage":"ro-RO","potentialAction":[{"@type":"ReadAction","target":["https:\/\/paper-checker.com\/ro\/about-us\/"]}]},{"@type":"BreadcrumbList","@id":"https:\/\/paper-checker.com\/ro\/about-us\/#breadcrumb","itemListElement":[{"@type":"ListItem","position":1,"name":"Home","item":"https:\/\/paper-checker.com\/ro\/"},{"@type":"ListItem","position":2,"name":"Despre noi"}]},{"@type":"WebSite","@id":"https:\/\/paper-checker.com\/#website","url":"https:\/\/paper-checker.com\/","name":"Paper Checker","description":"","publisher":{"@id":"https:\/\/paper-checker.com\/#organization"},"potentialAction":[{"@type":"SearchAction","target":{"@type":"EntryPoint","urlTemplate":"https:\/\/paper-checker.com\/?s={search_term_string}"},"query-input":{"@type":"PropertyValueSpecification","valueRequired":true,"valueName":"search_term_string"}}],"inLanguage":"ro-RO"},{"@type":"Organization","@id":"https:\/\/paper-checker.com\/#organization","name":"Paper Checker","url":"https:\/\/paper-checker.com\/","logo":{"@type":"ImageObject","inLanguage":"ro-RO","@id":"https:\/\/paper-checker.com\/#\/schema\/logo\/image\/","url":"https:\/\/paper-checker.com\/wp-content\/uploads\/2024\/12\/Group.png","contentUrl":"https:\/\/paper-checker.com\/wp-content\/uploads\/2024\/12\/Group.png","width":30,"height":30,"caption":"Paper Checker"},"image":{"@id":"https:\/\/paper-checker.com\/#\/schema\/logo\/image\/"}}]}},"_links":{"self":[{"href":"https:\/\/paper-checker.com\/wp-json\/wp\/v2\/pages\/1195","targetHints":{"allow":["GET"]}}],"collection":[{"href":"https:\/\/paper-checker.com\/wp-json\/wp\/v2\/pages"}],"about":[{"href":"https:\/\/paper-checker.com\/wp-json\/wp\/v2\/types\/page"}],"author":[{"embeddable":true,"href":"https:\/\/paper-checker.com\/wp-json\/wp\/v2\/users\/1"}],"replies":[{"embeddable":true,"href":"https:\/\/paper-checker.com\/wp-json\/wp\/v2\/comments?post=1195"}],"version-history":[{"count":1,"href":"https:\/\/paper-checker.com\/wp-json\/wp\/v2\/pages\/1195\/revisions"}],"predecessor-version":[{"id":1196,"href":"https:\/\/paper-checker.com\/wp-json\/wp\/v2\/pages\/1195\/revisions\/1196"}],"wp:attachment":[{"href":"https:\/\/paper-checker.com\/wp-json\/wp\/v2\/media?parent=1195"}],"curies":[{"name":"wp","href":"https:\/\/api.w.org\/{rel}","templated":true}]}}