{"id":1530,"date":"2024-12-23T14:00:53","date_gmt":"2024-12-23T14:00:53","guid":{"rendered":"https:\/\/paper-checker.com\/?page_id=1530"},"modified":"2025-02-07T08:39:20","modified_gmt":"2025-02-07T08:39:20","slug":"plagiarism-check","status":"publish","type":"page","link":"https:\/\/paper-checker.com\/ro\/plagiarism-check\/","title":{"rendered":"Verific\u0103 Documentul pentru Plagiat"},"content":{"rendered":"<div class=\"effective-check\">\n<div class=\"container\">\n<div class=\"row\">\n<div class=\"col col-12 col-xs-12 col-sm-12 col-md-12 center\">\n<h2>De ce s\u0103 alege\u021bi Paper-Checker.com pentru Detectarea Plagiatului?<\/h2>\n<\/div>\n<div class=\"col col-12 col-xs-12 col-sm-12 col-md-6 col-lg-6\">\n<div class=\"effective-check-text\">\n<p>Originalitatea este baza \u00eencrederei \u0219i a succesului \u00een orice domeniu. La Paper-Checker.com, ne pricepem importan\u021ba protej\u0103rii muncii de plagiat. Nu se \u00eentoarce doar la \u00eendeplinirea a\u0219tept\u0103rilor &#8211; este despre sigurarea credibilit\u0103\u021bii \u0219i prezentarea ideilor unice. Serviciul nostru de detectare a plagiaturii este conceput pentru a v\u0103 ajuta s\u0103 atinge\u021bi aceste scopuri cu u\u0219urin\u021b\u0103 \u0219i \u00eencredere. Alimentat de tehnologie avansat\u0103, sistemul nostru revizuie cu aten\u021bie lucrarea dvs. pentru a identifica orice con\u021binut copiat sau duplicat neinten\u021bionat. Fie c\u0103 sunte\u021bi un student care se stremeaz\u0103 la excelen\u021ba academic\u0103 sau un profesionist care sus\u021bine reputa\u021bia sa, Paper-Checker.com asigur\u0103 c\u0103 munca dvs. r\u0103m\u00e2ne autentic\u0103 \u0219i impactant\u0103.<\/p>\n<\/div>\n<\/div>\n<div class=\"col col-12 col-xs-12 col-sm-12 col-md-6 col-lg-6\">\n<div class=\"effective-check-content\">\n<div class=\"effective-check-block\">\n<div class=\"header\">O Revolu\u021bie de G\u00e2ndire \u0219i Creativitate<\/div>\n<div class=\"text\">Rena\u0219terea, care a cuprins secolele XIV-XVII, a marcat o er\u0103 transformatoare \u00een istoria uman\u0103. Originat\u0103 \u00een Italia, ea a celebrat revitalizarea artei clasice, literaturii \u0219i \u0219tiin\u021bei, d\u00e2nd na\u0219tere la descoperiri revolu\u021bionare \u0219i schimb\u0103ri culturale. Visionarii ca Leonardo da Vinci \u0219i Galileo au pus \u00een \u00eentrebare normele tradi\u021bionale, combin\u00e2nd creativitatea cu observa\u021biile empirice. Acest\u0103 perioad\u0103 a redefinit expresia artistic\u0103 \u0219i a pus bazele g\u00e2ndirii moderne, accentu\u00e2nd individualitatea \u0219i inova\u021bia.<\/div>\n<\/div>\n<div class=\"effective-double-images\"><img alt=\"plagiat\" decoding=\"async\" src=\"\/wp-content\/themes\/main\/images\/effect-plagiarism.png\"\/><br \/>\n<img alt=\"probabilitate AI\" decoding=\"async\" src=\"\/wp-content\/themes\/main\/images\/effect-ai-probability.png\"\/><\/div>\n<\/div>\n<\/div>\n<\/div>\n<\/div>\n<\/div>\n<div class=\"container\">\n<div class=\"row\">\n<div class=\"col col-12\">\n<div class=\"dark-info students-info\">\n<div class=\"dark-info-container\">\n<div class=\"title\">Analiz\u0103 Detaliat\u0103 \u0219i Fiabil\u0103<\/div>\n<div class=\"middle-info-block\">\n<div class=\"info-block-item\" role=\"presentation\">\n<div class=\"info-title\">500.000 de Clien\u021bi <img alt=\"icon\" decoding=\"async\" src=\"\/wp-content\/themes\/main\/images\/customers_icon.png\"\/><\/div>\n<div class=\"info-text\">Re\u021beaua noastr\u0103 de studen\u021bi, profesori \u0219i bloggeri<\/div>\n<\/div>\n<div class=\"info-block-item\" role=\"presentation\">\n<div class=\"info-title\">Politic\u0103 de Confiden\u021bialitate 100% <img alt=\"icon\" decoding=\"async\" src=\"\/wp-content\/themes\/main\/images\/privacy_icon.svg\"\/><\/div>\n<div class=\"info-text\">Garant\u0103m confiden\u021bialitatea absolut\u0103 a clien\u021bilor no\u0219tri<\/div>\n<\/div>\n<\/div>\n<div class=\"dark-info-text\">La Paper-Checker.com, ne asigur\u0103m originalitatea muncii dvs. cu o precizie nemai \u00eent\u00e2lnit\u0103. Sistemul nostru avansat analizeaz\u0103 con\u021binutul \u00een compara\u021bie cu baze de date extinse, furniz\u00e2nd rapoarte detaliate \u0219i u\u0219or de citit \u00een c\u00e2teva minute. Perfect pentru studen\u021bi, profesioni\u0219ti \u0219i educa\u021bi, instrumentul nostru v\u0103 ajut\u0103 s\u0103 p\u0103streze lucr\u0103rile academice, documentele profesionale \u0219i proiectele creative autentice \u0219i adev\u0103rate \u00een spiritul dvs.<\/div>\n<\/div>\n<\/div>\n<\/div>\n<\/div>\n<div class=\"row\">\n<div class=\"col col-12 col-xs-12 col-sm-12\">\n<div class=\"unlocking-section\">\n<p><img alt=\"deblocare\" decoding=\"async\" src=\"\/wp-content\/themes\/main\/images\/woman-with-notebook.png\"\/><\/p>\n<div class=\"unlocking-content\">\n<h3>Tehnologia Avansat\u0103 \u00een Spatele Serviciului<\/h3>\n<p>Ceea ce face ca Paper-Checker.com s\u0103 se deosebeasc\u0103 este tehnologia inovatoare de la baza sa. Iat\u0103 ceea ce pute\u021bi a\u0219tepta:<\/p>\n<ul>\n<li>Algoritmi sofisticate<\/li>\n<li>Baz\u0103 de date complet\u0103<\/li>\n<li>Accurate\u021be \u00eembun\u0103t\u0103\u021bit\u0103<\/li>\n<li>Rezultate rapide \u0219i fiabile<\/li>\n<li>Interfa\u021b\u0103 user-friendly<\/li>\n<li>Comitetul pentru inova\u021bie<\/li>\n<\/ul>\n<\/div>\n<\/div>\n<\/div>\n<\/div>\n<\/div>\n<div class=\"blue-bg-block scan-paper\">\n<div class=\"container\">\n<div class=\"row\">\n<div class=\"col col-12 col-sm-12 col-md-6 col-lg-6\">\n<div class=\"scan-text\">\n<h2>Cum s\u0103 Utiliza\u021bi Paper-Checker.com<\/h2>\n<p>Utilizarea Paper-Checker.com este simpl\u0103 \u0219i f\u0103r\u0103 complica\u021bii. Simplu \u00eencarc\u0103 documentul t\u0103u \u0219i sistemul nostru avansat se pune la munca ta imediat. \u00cen c\u00e2teva momente, textul t\u0103u este analizat \u00een compara\u021bie cu o vast\u0103 baz\u0103 de date de surse online, reviste academice \u0219i lucr\u0103ri publicate. Rezultatele sunt prezentate \u00eentr-un raport clar \u0219i detaliat, care eviden\u021biaz\u0103 oricare dintre cazurile \u00een care con\u021binutul se potrive\u0219te \u0219i ofer\u0103 o desfacere a originalit\u0103\u021bii.<\/p>\n<p>Interfa\u021ba noastr\u0103 u\u0219or de utilizat faciliteaz\u0103 revizuirea \u0219i solu\u021bionarea oric\u0103ror probleme. Indiferent dac\u0103 sunte\u021bi un student care trimite o tem\u0103 sau un profesionist care preg\u0103te\u0219te un raport, procesul nostru simplificat v\u0103 asigur\u0103 c\u0103 v\u0103 pute\u021bi concentra pe ceea ce conteaz\u0103 cel mai mult &#8211; produc\u00e2nd o munc\u0103 excep\u021bional\u0103.<\/p>\n<\/div>\n<\/div>\n<div class=\"col col-12 col-sm-12 col-md-6 col-lg-6\">\n<div class=\"short-drop-file\">\n<div class=\"drop-file-form\">\n<div class=\"drop-file-block\">\n<div class=\"more-than\">\n<img alt=\"verificare\" decoding=\"async\" src=\"\/wp-content\/themes\/main\/images\/blue-circle-check-icon.svg\"\/><\/p>\n<div class=\"text\"><b>mai mult<\/b> dec\u00e2t doar un verificator de plagiat<\/div>\n<\/div>\n<div class=\"drop-file-block-wrapper\">\n<div class=\"img-block\"><img alt=\"trage\u021bi \u0219i plasa\u021bi\" decoding=\"async\" src=\"\/wp-content\/themes\/main\/images\/drop-files-block.png\"\/><\/div>\n<div class=\"top-part\">\n<div class=\"dark-text font-16\">Trage\u021bi \u0219i Plasa\u021bi fi\u0219ierele aici<\/div>\n<div>pentru a \u00eenc\u0103rca documentele pentru verificarea plagiatului<\/div>\n<\/div>\n<p> <button class=\"btn-green\">\u00cencarc\u0103 fi\u0219ierul<\/button><\/p>\n<div class=\"grey-separate-line\"><\/div>\n<div class=\"type-text\">Tasta\u021bi textul aici<\/div>\n<div class=\"grey-btns-block\">\n<div class=\"btn btn-grey\"><img alt=\"icon\" decoding=\"async\" src=\"\/wp-content\/themes\/main\/images\/dropbox-img.svg\"\/>Dropbox<\/div>\n<div class=\"btn btn-grey\"><img alt=\"icon\" decoding=\"async\" src=\"\/wp-content\/themes\/main\/images\/onedrive-img.svg\"\/>OneDrive<\/div>\n<div class=\"btn btn-grey\"><img alt=\"icon\" decoding=\"async\" src=\"\/wp-content\/themes\/main\/images\/attach-file.svg\"\/>Ata\u0219a\u021bi Fi\u0219ierul<\/div>\n<div class=\"btn btn-grey\"><img alt=\"icon\" decoding=\"async\" src=\"\/wp-content\/themes\/main\/images\/by-url.svg\"\/>prin URL<\/div>\n<\/div>\n<div class=\"blue-btns-block\">\n<div class=\"btn btn-blue-gradient with-shadow\"><img alt=\"icon\" decoding=\"async\" src=\"\/wp-content\/themes\/main\/images\/white-loop-img.svg\"\/>Verificator de Plagiat<\/div>\n<div class=\"btn btn-blue-gradient-o\">\n<div class=\"btn-blue-gradient-o-wrap\">\n<img alt=\"icon\" decoding=\"async\" src=\"\/wp-content\/themes\/main\/images\/pictogrammers-robot.svg\"\/>Detector AI                    <\/div>\n<\/div>\n<\/div>\n<\/div>\n<\/div>\n<div class=\"drop-file-additional-options\">\n<div class=\"option-item ai\"><input checked=\"checked\" class=\"checkbox\" name=\"ai\" type=\"checkbox\"\/><label for=\"ai\">c\u0103utare pentru text AI<\/label><\/div>\n<div class=\"option-item latin-characters\"><input checked=\"checked\" class=\"checkbox\" name=\"latin-characters\" type=\"checkbox\"\/><label for=\"latin-characters\">doar caractere latine<\/label><\/div>\n<div class=\"option-item references\"><input class=\"checkbox\" name=\"references\" type=\"checkbox\"\/><label for=\"references\">exclude\u021bi referin\u021bele<\/label><\/div>\n<div class=\"option-item citation\"><input class=\"checkbox\" name=\"citations\" type=\"checkbox\"\/><label for=\"citations\">exclude\u021bi cit\u0103rile \u00een text<\/label><\/div>\n<\/div>\n<div class=\"align-center bottom-btn\">\n<div class=\"device\"><img alt=\"linie\" decoding=\"async\" src=\"\/wp-content\/themes\/main\/images\/devide-line.png\"\/><\/div>\n<p><a class=\"btn btn-blue-gradient\" href=\"\">Verificator de Plagiat<\/a>\n<\/div>\n<\/div>\n<\/div>\n<\/div>\n<\/div>\n<\/div>\n<\/div>\n<div class=\"container\">\n<div class=\"row\">\n<div class=\"col col-12 col-xs-12 col-sm-12\">\n<div class=\"plag-checker-section\">\n<p><img alt=\"verificator de plagiat\" decoding=\"async\" src=\"\/wp-content\/themes\/main\/images\/plag-checker.png\"\/><\/p>\n<div class=\"plag-checker-content\">\n<h2>Cine se Beneficiaz\u0103 de Paper-Checker.com?<\/h2>\n<ul>\n<li><strong>Studen\u021bi:<\/strong> Verifica\u021bi autenticitatea lucr\u0103rilor, proiectelor de cercetare \u0219i sarcinilor pentru a men\u021bine integritatea academic\u0103 \u0219i pentru a evita plagiatul neinten\u021bionat.<\/li>\n<li><strong>Educa\u021bi:<\/strong> Evalua\u021bi cu \u00eencredere trimiterea studentilor, asigur\u00e2ndu-v\u0103 c\u0103 evalu\u0103rile sunt corecte \u0219i echitabile.<\/li>\n<li><strong>Profesioni\u0219ti:<\/strong> Proteja\u021bi originalitatea rapoartelor, propunerilor \u0219i a altor documente comerciale pentru a men\u021bine credibilitatea \u0219i \u00eencrederea.<\/li>\n<li><strong>Scriitori \u0219i Bloggeri:<\/strong> Asigura\u021bi-v\u0103 c\u0103 lucr\u0103rile creative, articolele \u0219i posturile de blog sunt complet unice, reflect\u00e2nd stilul personal \u0219i viziunea dvs.<\/li>\n<li><strong>Editori:<\/strong> Proteja\u021bi-v\u0103 \u00eempotriva con\u021binutului duplicat \u00eenainte de publicare, prezerv\u00e2nd reputa\u021bia \u0219i calitatea marca dvs.<\/li>\n<\/ul>\n<\/div>\n<\/div>\n<\/div>\n<\/div>\n<div class=\"row tips-students\">\n<div class=\"col col-12 col-sm-12 col-md-6 col-lg-6\">\n<div class=\"tips-text\">\n<h3>Asigura\u021bi-v\u0103 C\u0103 Lucrarea V\u0103 Distinge<\/h3>\n<p>Originalitatea este fundamentul \u00eencrederei \u0219i a succesului, \u0219i cu Paper-Checker.com pute\u021bi s\u0103 v\u0103 asigura\u021bi de lucrare cu \u00eencredere. Fie c\u0103 sunte\u021bi student \u0219i viza\u021bi excelen\u021ba academic\u0103, fie profesionist \u0219i proteja\u021bi reputa\u021bia dvs., sau scriitor \u0219i asigura\u021bi autenticitatea, serviciul nostru ofer\u0103 instrumentele pentru a verifica \u0219i s\u0103 \u00eembun\u0103t\u0103\u021bi\u021bi con\u021binutul.<\/p>\n<p>Lupta\u021bi pentru calitatea \u0219i integritatea lucr\u0103rii dvs. ast\u0103zi. Al\u0103tura\u021bi-v\u0103 celor de mii care se \u00eencred\u0103 lui Paper-Checker.com s\u0103 le ajute ideile s\u0103 str\u0103luce.<\/p>\n<\/div>\n<\/div>\n<div class=\"col col-12 col-sm-12 col-md-6 col-lg-6\"><img alt=\"sfaturi\" decoding=\"async\" src=\"\/wp-content\/themes\/main\/images\/tips-students-img.png\"\/><\/div>\n<\/div>\n<div class=\"row\">\n<div class=\"col col-12 col-sm-12\">\n<div class=\"dark-info check-words\">\n<div class=\"header top-white-line\">Nu risca\u021bi <span class=\"light-green\">reputa\u021bia dvs.<\/span><\/div>\n<div class=\"text\" style=\"max-width: 800px;\"><span class=\"grey-text\">Face\u021bi originalitatea standardul dvs. cu Paper-Checker.com!<\/span><\/div>\n<\/div>\n<\/div>\n<\/div>\n<\/div>\n","protected":false},"excerpt":{"rendered":"\n<p>De ce s\u0103 alege\u021bi Paper-Checker.com pentru Detectarea Plagiatului? Originalitatea este baza \u00eencrederei \u0219i a succesului \u00een orice domeniu. La Paper-Checker.com, ne pricepem importan\u021ba protej\u0103rii muncii de plagiat. Nu se \u00eentoarce doar la \u00eendeplinirea a\u0219tept\u0103rilor &#8211; este despre sigurarea credibilit\u0103\u021bii \u0219i prezentarea ideilor unice. Serviciul nostru de detectare a plagiaturii este conceput pentru a v\u0103 ajuta s\u0103 atinge\u021bi aceste scopuri.<\/p>\n","protected":false},"author":1,"featured_media":0,"parent":0,"menu_order":0,"comment_status":"closed","ping_status":"closed","template":"tpl-landing-page.php","meta":{"_acf_changed":false,"_yoast_wpseo_title":"Verificare Plagiat: Experimenta\u021bi Originalitatea cu Paper-Checker.com","_yoast_wpseo_metadesc":"Detecta\u021bi rapid plagiatul cu o precizie f\u0103r\u0103 egal \u00een Rom\u00e2nia, asigur\u00e2ndu-v\u0103 originalitatea lucr\u0103rilor academice, profesionale \u0219i creative. Detecta\u021bi rapid plagiatul cu o precizie f\u0103r\u0103 egal, asigur\u00e2ndu-v\u0103 originalitatea lucr\u0103rilor academice, profesionale \u0219i creative.","_locale":"ro_RO","_original_post":"http:\/\/paper-checker.com.loc\/?page_id=49","iawp_total_views":5,"footnotes":""},"class_list":["post-1530","page","type-page","status-publish","hentry","ro-RO"],"acf":[],"yoast_head":"<!-- This site is optimized with the Yoast SEO plugin v27.4 - https:\/\/yoast.com\/product\/yoast-seo-wordpress\/ -->\n<title>Verificare Plagiat: Experimenta\u021bi Originalitatea cu Paper-Checker.com<\/title>\n<meta name=\"description\" content=\"Detecta\u021bi rapid plagiatul cu o precizie f\u0103r\u0103 egal \u00een Rom\u00e2nia, asigur\u00e2ndu-v\u0103 originalitatea lucr\u0103rilor academice, profesionale \u0219i creative. Detecta\u021bi rapid plagiatul cu o precizie f\u0103r\u0103 egal, asigur\u00e2ndu-v\u0103 originalitatea lucr\u0103rilor academice, profesionale \u0219i creative.\" \/>\n<meta name=\"robots\" content=\"index, follow, max-snippet:-1, max-image-preview:large, max-video-preview:-1\" \/>\n<link rel=\"canonical\" href=\"https:\/\/paper-checker.com\/ro\/plagiarism-check\/\" \/>\n<meta property=\"og:locale\" content=\"ro_RO\" \/>\n<meta property=\"og:type\" content=\"article\" \/>\n<meta property=\"og:title\" content=\"Verificare Plagiat: Experimenta\u021bi Originalitatea cu Paper-Checker.com\" \/>\n<meta property=\"og:description\" content=\"Detecta\u021bi rapid plagiatul cu o precizie f\u0103r\u0103 egal \u00een Rom\u00e2nia, asigur\u00e2ndu-v\u0103 originalitatea lucr\u0103rilor academice, profesionale \u0219i creative. Detecta\u021bi rapid plagiatul cu o precizie f\u0103r\u0103 egal, asigur\u00e2ndu-v\u0103 originalitatea lucr\u0103rilor academice, profesionale \u0219i creative.\" \/>\n<meta property=\"og:url\" content=\"https:\/\/paper-checker.com\/ro\/plagiarism-check\/\" \/>\n<meta property=\"og:site_name\" content=\"Paper Checker\" \/>\n<meta property=\"article:modified_time\" content=\"2025-02-07T08:39:20+00:00\" \/>\n<meta property=\"og:image\" content=\"https:\/\/paper-checker.com\/wp-content\/uploads\/2024\/12\/home.jpg\" \/>\n\t<meta property=\"og:image:width\" content=\"1200\" \/>\n\t<meta property=\"og:image:height\" content=\"675\" \/>\n\t<meta property=\"og:image:type\" content=\"image\/jpeg\" \/>\n<meta name=\"twitter:card\" content=\"summary_large_image\" \/>\n<meta name=\"twitter:label1\" content=\"Timp estimat pentru citire\" \/>\n\t<meta name=\"twitter:data1\" content=\"7 minute\" \/>\n<!-- \/ Yoast SEO plugin. -->","yoast_head_json":{"title":"Verificare Plagiat: Experimenta\u021bi Originalitatea cu Paper-Checker.com","description":"Detecta\u021bi rapid plagiatul cu o precizie f\u0103r\u0103 egal \u00een Rom\u00e2nia, asigur\u00e2ndu-v\u0103 originalitatea lucr\u0103rilor academice, profesionale \u0219i creative. Detecta\u021bi rapid plagiatul cu o precizie f\u0103r\u0103 egal, asigur\u00e2ndu-v\u0103 originalitatea lucr\u0103rilor academice, profesionale \u0219i creative.","robots":{"index":"index","follow":"follow","max-snippet":"max-snippet:-1","max-image-preview":"max-image-preview:large","max-video-preview":"max-video-preview:-1"},"canonical":"https:\/\/paper-checker.com\/ro\/plagiarism-check\/","og_locale":"ro_RO","og_type":"article","og_title":"Verificare Plagiat: Experimenta\u021bi Originalitatea cu Paper-Checker.com","og_description":"Detecta\u021bi rapid plagiatul cu o precizie f\u0103r\u0103 egal \u00een Rom\u00e2nia, asigur\u00e2ndu-v\u0103 originalitatea lucr\u0103rilor academice, profesionale \u0219i creative. Detecta\u021bi rapid plagiatul cu o precizie f\u0103r\u0103 egal, asigur\u00e2ndu-v\u0103 originalitatea lucr\u0103rilor academice, profesionale \u0219i creative.","og_url":"https:\/\/paper-checker.com\/ro\/plagiarism-check\/","og_site_name":"Paper Checker","article_modified_time":"2025-02-07T08:39:20+00:00","og_image":[{"width":1200,"height":675,"url":"https:\/\/paper-checker.com\/wp-content\/uploads\/2024\/12\/home.jpg","type":"image\/jpeg"}],"twitter_card":"summary_large_image","twitter_misc":{"Timp estimat pentru citire":"7 minute"},"schema":{"@context":"https:\/\/schema.org","@graph":[{"@type":"WebPage","@id":"https:\/\/paper-checker.com\/ro\/plagiarism-check\/","url":"https:\/\/paper-checker.com\/ro\/plagiarism-check\/","name":"Verificare Plagiat: Experimenta\u021bi Originalitatea cu Paper-Checker.com","isPartOf":{"@id":"https:\/\/paper-checker.com\/#website"},"datePublished":"2024-12-23T14:00:53+00:00","dateModified":"2025-02-07T08:39:20+00:00","description":"Detecta\u021bi rapid plagiatul cu o precizie f\u0103r\u0103 egal \u00een Rom\u00e2nia, asigur\u00e2ndu-v\u0103 originalitatea lucr\u0103rilor academice, profesionale \u0219i creative. Detecta\u021bi rapid plagiatul cu o precizie f\u0103r\u0103 egal, asigur\u00e2ndu-v\u0103 originalitatea lucr\u0103rilor academice, profesionale \u0219i creative.","breadcrumb":{"@id":"https:\/\/paper-checker.com\/ro\/plagiarism-check\/#breadcrumb"},"inLanguage":"ro-RO","potentialAction":[{"@type":"ReadAction","target":["https:\/\/paper-checker.com\/ro\/plagiarism-check\/"]}]},{"@type":"BreadcrumbList","@id":"https:\/\/paper-checker.com\/ro\/plagiarism-check\/#breadcrumb","itemListElement":[{"@type":"ListItem","position":1,"name":"Home","item":"https:\/\/paper-checker.com\/ro\/"},{"@type":"ListItem","position":2,"name":"Verific\u0103 Documentul pentru Plagiat"}]},{"@type":"WebSite","@id":"https:\/\/paper-checker.com\/#website","url":"https:\/\/paper-checker.com\/","name":"Paper Checker","description":"","publisher":{"@id":"https:\/\/paper-checker.com\/#organization"},"potentialAction":[{"@type":"SearchAction","target":{"@type":"EntryPoint","urlTemplate":"https:\/\/paper-checker.com\/?s={search_term_string}"},"query-input":{"@type":"PropertyValueSpecification","valueRequired":true,"valueName":"search_term_string"}}],"inLanguage":"ro-RO"},{"@type":"Organization","@id":"https:\/\/paper-checker.com\/#organization","name":"Paper Checker","url":"https:\/\/paper-checker.com\/","logo":{"@type":"ImageObject","inLanguage":"ro-RO","@id":"https:\/\/paper-checker.com\/#\/schema\/logo\/image\/","url":"https:\/\/paper-checker.com\/wp-content\/uploads\/2024\/12\/Group.png","contentUrl":"https:\/\/paper-checker.com\/wp-content\/uploads\/2024\/12\/Group.png","width":30,"height":30,"caption":"Paper Checker"},"image":{"@id":"https:\/\/paper-checker.com\/#\/schema\/logo\/image\/"}}]}},"_links":{"self":[{"href":"https:\/\/paper-checker.com\/wp-json\/wp\/v2\/pages\/1530","targetHints":{"allow":["GET"]}}],"collection":[{"href":"https:\/\/paper-checker.com\/wp-json\/wp\/v2\/pages"}],"about":[{"href":"https:\/\/paper-checker.com\/wp-json\/wp\/v2\/types\/page"}],"author":[{"embeddable":true,"href":"https:\/\/paper-checker.com\/wp-json\/wp\/v2\/users\/1"}],"replies":[{"embeddable":true,"href":"https:\/\/paper-checker.com\/wp-json\/wp\/v2\/comments?post=1530"}],"version-history":[{"count":3,"href":"https:\/\/paper-checker.com\/wp-json\/wp\/v2\/pages\/1530\/revisions"}],"predecessor-version":[{"id":2853,"href":"https:\/\/paper-checker.com\/wp-json\/wp\/v2\/pages\/1530\/revisions\/2853"}],"wp:attachment":[{"href":"https:\/\/paper-checker.com\/wp-json\/wp\/v2\/media?parent=1530"}],"curies":[{"name":"wp","href":"https:\/\/api.w.org\/{rel}","templated":true}]}}