{"id":1680,"date":"2024-12-24T11:50:44","date_gmt":"2024-12-24T11:50:44","guid":{"rendered":"https:\/\/paper-checker.com\/?page_id=1680"},"modified":"2024-12-24T11:50:44","modified_gmt":"2024-12-24T11:50:44","slug":"plagiarism-check","status":"publish","type":"page","link":"https:\/\/paper-checker.com\/sv\/plagiarism-check\/","title":{"rendered":"Kolla Upp Plagiat f\u00f6r Papper"},"content":{"rendered":"<div class=\"effective-check\">\n<div class=\"container\">\n<div class=\"row\">\n<div class=\"col col-12 col-xs-12 col-sm-12 col-md-12 center\">\n<h2>Varf\u00f6r v\u00e4lja Paper-Checker.com f\u00f6r Plagiatkontroll?<\/h2>\n<\/div>\n<div class=\"col col-12 col-xs-12 col-sm-12 col-md-6 col-lg-6\">\n<div class=\"effective-check-text\">\n<p>Originalitet \u00e4r grundstenen i f\u00f6rtroende och framg\u00e5ng i alla omr\u00e5den. Hos Paper-Checker.com f\u00f6rst\u00e5r vi betydelsen av att skydda ditt arbete fr\u00e5n plagiat. Det g\u00e4ller inte bara att uppfylla f\u00f6rv\u00e4ntningar &#8211; det handlar ocks\u00e5 om att s\u00e4kerst\u00e4lla din trov\u00e4rdighet och visa dina unika id\u00e9er. V\u00e5r tj\u00e4nst f\u00f6r plagiatkontroll \u00e4r utformad f\u00f6r att hj\u00e4lpa dig uppn\u00e5 dessa m\u00e5l med l\u00e4tthet och s\u00e4kerhet. Tekniken drivs av modern teknik, v\u00e5rt system granskar noga ditt arbete f\u00f6r att identifiera all eventuellt kopierat eller oavsiktligt duplicerat inneh\u00e5ll. Oavsett om du \u00e4r en student som str\u00e4var efter akademisk framg\u00e5ng eller en professionell som uppr\u00e4tth\u00e5ller din rykte, Paper-Checker.com s\u00e4kerst\u00e4ller att ditt arbete f\u00f6rblir autentiskt och p\u00e5verkande.<\/p>\n<\/div>\n<\/div>\n<div class=\"col col-12 col-xs-12 col-sm-12 col-md-6 col-lg-6\">\n<div class=\"effective-check-content\">\n<div class=\"effective-check-block\">\n<div class=\"header\">En revolution av tankar och kreativitet<\/div>\n<div class=\"text\">Renassansen, som str\u00e4cker sig fr\u00e5n 1400-talet till 1700-talet, var en transformerande era i m\u00e4nsklig historia. Den inleddes i Italien och firade \u00e5terupplivandet av klassisk konst, litteratur och vetenskap, vilket fr\u00e4mjade banbrytande uppt\u00e4ckter och kulturella f\u00f6r\u00e4ndringar. Vision\u00e4rer som Leonardo da Vinci och Galileo br\u00f6t med traditionella normer, genom att blanda kreativitet med empiriska observationer. Denna period definierade artistiskt uttryck p\u00e5 nytt och lade grunden f\u00f6r modern t\u00e4nkande, vilket betonade individuellhet och innovativitet.<\/div>\n<\/div>\n<div class=\"effective-double-images\"><img alt=\"plagiat\" decoding=\"async\" src=\"\/wp-content\/themes\/main\/images\/effect-plagiarism.png\"\/><br \/>\n<img alt=\"AI sannolikhet\" decoding=\"async\" src=\"\/wp-content\/themes\/main\/images\/effect-ai-probability.png\"\/><\/div>\n<\/div>\n<\/div>\n<\/div>\n<\/div>\n<\/div>\n<div class=\"container\">\n<div class=\"row\">\n<div class=\"col col-12\">\n<div class=\"dark-info students-info\">\n<div class=\"dark-info-container\">\n<div class=\"title\">Noga och p\u00e5litlig analys<\/div>\n<div class=\"middle-info-block\">\n<div class=\"info-block-item\" role=\"presentation\">\n<div class=\"info-title\">500,000 Klienter <img alt=\"ikon\" decoding=\"async\" src=\"\/wp-content\/themes\/main\/images\/customers_icon.png\"\/><\/div>\n<div class=\"info-text\">V\u00e5rt n\u00e4tverk av studenter, professorer och bloggare<\/div>\n<\/div>\n<div class=\"info-block-item\" role=\"presentation\">\n<div class=\"info-title\">100% Integritetspolicy <img alt=\"ikon\" decoding=\"async\" src=\"\/wp-content\/themes\/main\/images\/privacy_icon.svg\"\/><\/div>\n<div class=\"info-text\">Vi garanterar absolut konfidentialitet f\u00f6r v\u00e5ra klienter<\/div>\n<\/div>\n<\/div>\n<div class=\"dark-info-text\">Hos Paper-Checker.com s\u00e4kerst\u00e4ller vi originaliteten f\u00f6r ditt arbete med o\u00f6vertr\u00e4ffad precision. V\u00e5rt avancerade system analyserar inneh\u00e5ll mot omfattande databaser och levererar detaljerade, l\u00e4tta att l\u00e4sa rapporter p\u00e5 minuter. Perfekt f\u00f6r studenter, yrkespersoner och utbildare, v\u00e5r verktygsl\u00e5da hj\u00e4lper dig att h\u00e5lla dina akademiska uppsatser, professionella dokument och kreativa projekt autentiska och trua din r\u00f6st.<\/div>\n<\/div>\n<\/div>\n<\/div>\n<\/div>\n<div class=\"row\">\n<div class=\"col col-12 col-xs-12 col-sm-12\">\n<div class=\"unlocking-section\">\n<p><img alt=\"l\u00e5s uppl\u00e5st\" decoding=\"async\" src=\"\/wp-content\/themes\/main\/images\/woman-with-notebook.png\"\/><\/p>\n<div class=\"unlocking-content\">\n<h3>Avancerad teknik bakom tj\u00e4nsten<\/h3>\n<p>Vad g\u00f6r Paper-Checker.com unikt \u00e4r den innovativa tekniken som ligger till grund. H\u00e4r \u00e4r vad du kan f\u00f6rv\u00e4nta dig:<\/p>\n<ul>\n<li>Sofistikerade algoritmer<\/li>\n<li>Omfattande databas<\/li>\n<li>\u00d6kad precision<\/li>\n<li>Snabba och p\u00e5litliga resultat<\/li>\n<li>Anv\u00e4ndarv\u00e4nligt gr\u00e4nssnitt<\/li>\n<li>Engagemang f\u00f6r innovation<\/li>\n<\/ul>\n<\/div>\n<\/div>\n<\/div>\n<\/div>\n<\/div>\n<div class=\"blue-bg-block scan-paper\">\n<div class=\"container\">\n<div class=\"row\">\n<div class=\"col col-12 col-sm-12 col-md-6 col-lg-6\">\n<div class=\"scan-text\">\n<h2>Hur du anv\u00e4nder Paper-Checker.com<\/h2>\n<p>Att anv\u00e4nda Paper-Checker.com \u00e4r enkelt och problemfritt. Ladda bara upp ditt dokument, s\u00e5 arbetar v\u00e5rt avancerade system omedelbart. Inom n\u00e5gra moment har din text analyserats mot en omfattande databas med onlinek\u00e4llor, akademiska tidskrifter och publicerade verk. Resultaten presenteras i ett klart, detaljerat rapporter som markerar eventuella matchningar av inneh\u00e5ll och ger en sammanst\u00e4llning av originalitet.<\/p>\n<p>V\u00e5r anv\u00e4ndarv\u00e4nliga gr\u00e4nssnitt g\u00f6r det l\u00e4tt att granska och \u00e5tg\u00e4rda eventuella fr\u00e5gor. Oavsett om du \u00e4r student som l\u00e4mnar in ett uppgift eller en professionell som f\u00f6rbereder en rapport, v\u00e5r effektiva process s\u00e4kerst\u00e4ller att du kan fokusera p\u00e5 det viktigaste &#8211; producera exklusivt arbete.<\/p>\n<\/div>\n<\/div>\n<div class=\"col col-12 col-sm-12 col-md-6 col-lg-6\">\n<div class=\"short-drop-file\">\n<div class=\"drop-file-form\">\n<div class=\"drop-file-block\">\n<div class=\"more-than\">\n<img alt=\"kolla\" decoding=\"async\" src=\"\/wp-content\/themes\/main\/images\/blue-circle-check-icon.svg\"\/><\/p>\n<div class=\"text\"><b>mer \u00e4n<\/b> bara en plagiatkontroll<\/div>\n<\/div>\n<div class=\"drop-file-block-wrapper\">\n<div class=\"img-block\"><img alt=\"dra &amp; sl\u00e4pp\" decoding=\"async\" src=\"\/wp-content\/themes\/main\/images\/drop-files-block.png\"\/><\/div>\n<div class=\"top-part\">\n<div class=\"dark-text font-16\">Dra &amp; sl\u00e4pp filer h\u00e4r<\/div>\n<div>f\u00f6r att ladda upp dokument f\u00f6r plagiatkontroll<\/div>\n<\/div>\n<p><button class=\"btn-green\">Ladda upp fil<\/button><\/p>\n<div class=\"grey-separate-line\"><\/div>\n<div class=\"type-text\">Skriv din text h\u00e4r<\/div>\n<div class=\"grey-btns-block\">\n<div class=\"btn btn-grey\"><img alt=\"ikon\" decoding=\"async\" src=\"\/wp-content\/themes\/main\/images\/dropbox-img.svg\"\/>Dropbox<\/div>\n<div class=\"btn btn-grey\"><img alt=\"ikon\" decoding=\"async\" src=\"\/wp-content\/themes\/main\/images\/onedrive-img.svg\"\/>OneDrive<\/div>\n<div class=\"btn btn-grey\"><img alt=\"ikon\" decoding=\"async\" src=\"\/wp-content\/themes\/main\/images\/attach-file.svg\"\/>Bifoga fil<\/div>\n<div class=\"btn btn-grey\"><img alt=\"ikon\" decoding=\"async\" src=\"\/wp-content\/themes\/main\/images\/by-url.svg\"\/>via URL<\/div>\n<\/div>\n<div class=\"blue-btns-block\">\n<div class=\"btn btn-blue-gradient with-shadow\"><img alt=\"ikon\" decoding=\"async\" src=\"\/wp-content\/themes\/main\/images\/white-loop-img.svg\"\/>Plagiatkontroll<\/div>\n<div class=\"btn btn-blue-gradient-o\">\n<div class=\"btn-blue-gradient-o-wrap\">\n<img alt=\"ikon\" decoding=\"async\" src=\"\/wp-content\/themes\/main\/images\/pictogrammers-robot.svg\"\/>AI-detektor                    <\/div>\n<\/div>\n<\/div>\n<\/div>\n<\/div>\n<div class=\"drop-file-additional-options\">\n<div class=\"option-item ai\"><input checked=\"checked\" class=\"checkbox\" name=\"ai\" type=\"checkbox\"\/><label for=\"ai\">s\u00f6k efter AI-text<\/label><\/div>\n<div class=\"option-item latin-characters\"><input checked=\"checked\" class=\"checkbox\" name=\"latin-characters\" type=\"checkbox\"\/><label for=\"latin-characters\">endast latinska tecken<\/label><\/div>\n<div class=\"option-item references\"><input class=\"checkbox\" name=\"references\" type=\"checkbox\"\/><label for=\"references\">exkludera referenser<\/label><\/div>\n<div class=\"option-item citation\"><input class=\"checkbox\" name=\"citations\" type=\"checkbox\"\/><label for=\"citations\">exkludera inb\u00e4ddade citat<\/label><\/div>\n<\/div>\n<div class=\"align-center bottom-btn\">\n<div class=\"device\"><img alt=\"linje\" decoding=\"async\" src=\"\/wp-content\/themes\/main\/images\/devide-line.png\"\/><\/div>\n<p><a class=\"btn btn-blue-gradient\" href=\"\">Plagiatkontroll<\/a>\n<\/div>\n<\/div>\n<\/div>\n<\/div>\n<\/div>\n<\/div>\n<\/div>\n<div class=\"container\">\n<div class=\"row\">\n<div class=\"col col-12 col-xs-12 col-sm-12\">\n<div class=\"plag-checker-section\">\n<p><img alt=\"plagiatkontroll\" decoding=\"async\" src=\"\/wp-content\/themes\/main\/images\/plag-checker.png\"\/><\/p>\n<div class=\"plag-checker-content\">\n<h2>Vem kan dra nytta av Paper-Checker.com?<\/h2>\n<ul>\n<li><strong>Studenter:<\/strong> Verifiera autenticiteten f\u00f6r ess\u00e4er, forskningsuppgifter och inl\u00e4mningar f\u00f6r att uppr\u00e4tth\u00e5lla akademisk integritet och undvika oavsiktlig plagiat.<\/li>\n<li><strong>L\u00e4rare:<\/strong> Utv\u00e4rdera studenternas inl\u00e4mningar med f\u00f6rtroende, vilket s\u00e4kerst\u00e4ller att bed\u00f6mningarna \u00e4r faira och exakta.<\/li>\n<li><strong>Yrkespersoner:<\/strong> Skydda originaliteten av rapporter, f\u00f6rslag och andra f\u00f6retagsdokument f\u00f6r att underh\u00e5lla tillf\u00f6rlitlighet och l\u00f6jtnant.<\/li>\n<li><strong>Skribenter och bloggare:<\/strong> Se till att kreativa verk, artiklar och blogginl\u00e4gg \u00e4r helt unika, vilket \u00e5terspeglar din personliga stil och synvinkel.<\/li>\n<li><strong>Utgivare:<\/strong> Skydda mot dubbelt inneh\u00e5ll innan publicering, vilket bevarar ryssen och kvaliteten p\u00e5 varum\u00e4rket.<\/li>\n<\/ul>\n<\/div>\n<\/div>\n<\/div>\n<\/div>\n<div class=\"row tips-students\">\n<div class=\"col col-12 col-sm-12 col-md-6 col-lg-6\">\n<div class=\"tips-text\">\n<h3>Se till att ditt arbete st\u00e5r ut<\/h3>\n<p>Originalitet \u00e4r grunden f\u00f6r f\u00f6rtroende och framg\u00e5ng, och med Paper-Checker.com kan du skydda ditt arbete med f\u00f6rtroende. Oavsett om du \u00e4r en student som str\u00e4var efter akademisk excelens, en professionell som skyddar din ryssen eller en skribent som s\u00e4kerst\u00e4ller autenticitet, v\u00e5r tj\u00e4nst ger verktygen f\u00f6r att verifiera och f\u00f6rb\u00e4ttra ditt inneh\u00e5ll.<\/p>\n<p>Ta kontroll \u00f6ver kvaliteten och integriteten i ditt arbete idag. G\u00e5 med i de tusentals som litar p\u00e5 Paper-Checker.com f\u00f6r att hj\u00e4lpa sina id\u00e9er att lyssna.<\/p>\n<\/div>\n<\/div>\n<div class=\"col col-12 col-sm-12 col-md-6 col-lg-6\"><img alt=\"tips\" decoding=\"async\" src=\"\/wp-content\/themes\/main\/images\/tips-students-img.png\"\/><\/div>\n<\/div>\n<div class=\"row\">\n<div class=\"col col-12 col-sm-12\">\n<div class=\"dark-info check-words\">\n<div class=\"header top-white-line\">Riskera inte <span class=\"light-green\">din ryssen<\/span><\/div>\n<div class=\"text\" style=\"max-width: 800px;\"><span class=\"grey-text\">G\u00f6r originalitet din standard med Paper-Checker.com!<\/span><\/div>\n<\/div>\n<\/div>\n<\/div>\n<\/div>\n","protected":false},"excerpt":{"rendered":"<p>Varf\u00f6r v\u00e4lja Paper-Checker.com f\u00f6r Plagiatkontroll? Originalitet \u00e4r grundstenen i f\u00f6rtroende och framg\u00e5ng i alla omr\u00e5den. Hos Paper-Checker.com f\u00f6rst\u00e5r vi betydelsen av att skydda ditt arbete fr\u00e5n plagiat. Det g\u00e4ller inte bara att uppfylla f\u00f6rv\u00e4ntningar &#8211; det handlar ocks\u00e5 om att s\u00e4kerst\u00e4lla din trov\u00e4rdighet och visa dina unika id\u00e9er. V\u00e5r tj\u00e4nst f\u00f6r plagiatkontroll \u00e4r utformad f\u00f6r att hj\u00e4lpa dig uppn\u00e5 dessa m\u00e5l.<\/p>\n","protected":false},"author":1,"featured_media":0,"parent":0,"menu_order":0,"comment_status":"closed","ping_status":"closed","template":"tpl-landing-page.php","meta":{"_acf_changed":false,"_yoast_wpseo_title":"Plagiarism Check: Uppleva Originalitet med Paper-Checker.com","_yoast_wpseo_metadesc":"Uppskattat snabbt plagiat med o\u00f6vertr\u00e4ffad precision, s\u00e4kerst\u00e4ller att ditt akademiska, professionella och skapande skrivande \u00e4r originalt.","_locale":"sv_SE","_original_post":"http:\/\/paper-checker.com.loc\/?page_id=49","iawp_total_views":2,"footnotes":""},"class_list":["post-1680","page","type-page","status-publish","hentry","sv-SE"],"acf":[],"yoast_head":"<!-- This site is optimized with the Yoast SEO plugin v27.4 - https:\/\/yoast.com\/product\/yoast-seo-wordpress\/ -->\n<title>Plagiarism Check: Uppleva Originalitet med Paper-Checker.com<\/title>\n<meta name=\"description\" content=\"Uppskattat snabbt plagiat med o\u00f6vertr\u00e4ffad precision, s\u00e4kerst\u00e4ller att ditt akademiska, professionella och skapande skrivande \u00e4r originalt.\" \/>\n<meta name=\"robots\" content=\"index, follow, max-snippet:-1, max-image-preview:large, max-video-preview:-1\" \/>\n<link rel=\"canonical\" href=\"https:\/\/paper-checker.com\/sv\/plagiarism-check\/\" \/>\n<meta property=\"og:locale\" content=\"sv_SE\" \/>\n<meta property=\"og:type\" content=\"article\" \/>\n<meta property=\"og:title\" content=\"Plagiarism Check: Uppleva Originalitet med Paper-Checker.com\" \/>\n<meta property=\"og:description\" content=\"Uppskattat snabbt plagiat med o\u00f6vertr\u00e4ffad precision, s\u00e4kerst\u00e4ller att ditt akademiska, professionella och skapande skrivande \u00e4r originalt.\" \/>\n<meta property=\"og:url\" content=\"https:\/\/paper-checker.com\/sv\/plagiarism-check\/\" \/>\n<meta property=\"og:site_name\" content=\"Paper Checker\" \/>\n<meta property=\"og:image\" content=\"https:\/\/paper-checker.com\/wp-content\/uploads\/2024\/12\/home.jpg\" \/>\n\t<meta property=\"og:image:width\" content=\"1200\" \/>\n\t<meta property=\"og:image:height\" content=\"675\" \/>\n\t<meta property=\"og:image:type\" content=\"image\/jpeg\" \/>\n<meta name=\"twitter:card\" content=\"summary_large_image\" \/>\n<meta name=\"twitter:label1\" content=\"Ber\u00e4knad l\u00e4stid\" \/>\n\t<meta name=\"twitter:data1\" content=\"4 minuter\" \/>\n<!-- \/ Yoast SEO plugin. -->","yoast_head_json":{"title":"Plagiarism Check: Uppleva Originalitet med Paper-Checker.com","description":"Uppskattat snabbt plagiat med o\u00f6vertr\u00e4ffad precision, s\u00e4kerst\u00e4ller att ditt akademiska, professionella och skapande skrivande \u00e4r originalt.","robots":{"index":"index","follow":"follow","max-snippet":"max-snippet:-1","max-image-preview":"max-image-preview:large","max-video-preview":"max-video-preview:-1"},"canonical":"https:\/\/paper-checker.com\/sv\/plagiarism-check\/","og_locale":"sv_SE","og_type":"article","og_title":"Plagiarism Check: Uppleva Originalitet med Paper-Checker.com","og_description":"Uppskattat snabbt plagiat med o\u00f6vertr\u00e4ffad precision, s\u00e4kerst\u00e4ller att ditt akademiska, professionella och skapande skrivande \u00e4r originalt.","og_url":"https:\/\/paper-checker.com\/sv\/plagiarism-check\/","og_site_name":"Paper Checker","og_image":[{"width":1200,"height":675,"url":"https:\/\/paper-checker.com\/wp-content\/uploads\/2024\/12\/home.jpg","type":"image\/jpeg"}],"twitter_card":"summary_large_image","twitter_misc":{"Ber\u00e4knad l\u00e4stid":"4 minuter"},"schema":{"@context":"https:\/\/schema.org","@graph":[{"@type":"WebPage","@id":"https:\/\/paper-checker.com\/sv\/plagiarism-check\/","url":"https:\/\/paper-checker.com\/sv\/plagiarism-check\/","name":"Plagiarism Check: Uppleva Originalitet med Paper-Checker.com","isPartOf":{"@id":"https:\/\/paper-checker.com\/#website"},"datePublished":"2024-12-24T11:50:44+00:00","description":"Uppskattat snabbt plagiat med o\u00f6vertr\u00e4ffad precision, s\u00e4kerst\u00e4ller att ditt akademiska, professionella och skapande skrivande \u00e4r originalt.","breadcrumb":{"@id":"https:\/\/paper-checker.com\/sv\/plagiarism-check\/#breadcrumb"},"inLanguage":"sv-SE","potentialAction":[{"@type":"ReadAction","target":["https:\/\/paper-checker.com\/sv\/plagiarism-check\/"]}]},{"@type":"BreadcrumbList","@id":"https:\/\/paper-checker.com\/sv\/plagiarism-check\/#breadcrumb","itemListElement":[{"@type":"ListItem","position":1,"name":"Home","item":"https:\/\/paper-checker.com\/sv\/"},{"@type":"ListItem","position":2,"name":"Kolla Upp Plagiat f\u00f6r Papper"}]},{"@type":"WebSite","@id":"https:\/\/paper-checker.com\/#website","url":"https:\/\/paper-checker.com\/","name":"Paper Checker","description":"","publisher":{"@id":"https:\/\/paper-checker.com\/#organization"},"potentialAction":[{"@type":"SearchAction","target":{"@type":"EntryPoint","urlTemplate":"https:\/\/paper-checker.com\/?s={search_term_string}"},"query-input":{"@type":"PropertyValueSpecification","valueRequired":true,"valueName":"search_term_string"}}],"inLanguage":"sv-SE"},{"@type":"Organization","@id":"https:\/\/paper-checker.com\/#organization","name":"Paper Checker","url":"https:\/\/paper-checker.com\/","logo":{"@type":"ImageObject","inLanguage":"sv-SE","@id":"https:\/\/paper-checker.com\/#\/schema\/logo\/image\/","url":"https:\/\/paper-checker.com\/wp-content\/uploads\/2024\/12\/Group.png","contentUrl":"https:\/\/paper-checker.com\/wp-content\/uploads\/2024\/12\/Group.png","width":30,"height":30,"caption":"Paper Checker"},"image":{"@id":"https:\/\/paper-checker.com\/#\/schema\/logo\/image\/"}}]}},"_links":{"self":[{"href":"https:\/\/paper-checker.com\/wp-json\/wp\/v2\/pages\/1680","targetHints":{"allow":["GET"]}}],"collection":[{"href":"https:\/\/paper-checker.com\/wp-json\/wp\/v2\/pages"}],"about":[{"href":"https:\/\/paper-checker.com\/wp-json\/wp\/v2\/types\/page"}],"author":[{"embeddable":true,"href":"https:\/\/paper-checker.com\/wp-json\/wp\/v2\/users\/1"}],"replies":[{"embeddable":true,"href":"https:\/\/paper-checker.com\/wp-json\/wp\/v2\/comments?post=1680"}],"version-history":[{"count":1,"href":"https:\/\/paper-checker.com\/wp-json\/wp\/v2\/pages\/1680\/revisions"}],"predecessor-version":[{"id":1681,"href":"https:\/\/paper-checker.com\/wp-json\/wp\/v2\/pages\/1680\/revisions\/1681"}],"wp:attachment":[{"href":"https:\/\/paper-checker.com\/wp-json\/wp\/v2\/media?parent=1680"}],"curies":[{"name":"wp","href":"https:\/\/api.w.org\/{rel}","templated":true}]}}