{"id":1688,"date":"2024-12-24T11:50:44","date_gmt":"2024-12-24T11:50:44","guid":{"rendered":"https:\/\/paper-checker.com\/?page_id=1688"},"modified":"2024-12-24T11:50:44","modified_gmt":"2024-12-24T11:50:44","slug":"sign-up","status":"publish","type":"page","link":"https:\/\/paper-checker.com\/sv\/sign-up\/","title":{"rendered":"Registrera dig nu!"},"content":{"rendered":"","protected":false},"excerpt":{"rendered":"<p>Registrera dig nu!<\/p>\n","protected":false},"author":1,"featured_media":0,"parent":0,"menu_order":0,"comment_status":"closed","ping_status":"closed","template":"","meta":{"_acf_changed":false,"_yoast_wpseo_title":"G\u00e5 med i Paper-Checker | Snabb och Exakt Plagiatuppsp\u00e5rning","_yoast_wpseo_metadesc":"Registrera dig p\u00e5 Paper-Checker.com f\u00f6r att f\u00e5 tillg\u00e5ng till plagiatuppsp\u00e5rning och AI-detekteringsverktyg. F\u00f6rb\u00e4ttra ditt skrivande med precision och s\u00e4kerhet.","_locale":"sv_SE","_original_post":"http:\/\/paper-checker.com.loc\/?page_id=65","iawp_total_views":3,"footnotes":""},"class_list":["post-1688","page","type-page","status-publish","hentry","sv-SE"],"acf":[],"yoast_head":"<!-- This site is optimized with the Yoast SEO plugin v27.5 - https:\/\/yoast.com\/product\/yoast-seo-wordpress\/ -->\n<title>G\u00e5 med i Paper-Checker | Snabb och Exakt Plagiatuppsp\u00e5rning<\/title>\n<meta name=\"description\" content=\"Registrera dig p\u00e5 Paper-Checker.com f\u00f6r att f\u00e5 tillg\u00e5ng till plagiatuppsp\u00e5rning och AI-detekteringsverktyg. F\u00f6rb\u00e4ttra ditt skrivande med precision och s\u00e4kerhet.\" \/>\n<meta name=\"robots\" content=\"index, follow, max-snippet:-1, max-image-preview:large, max-video-preview:-1\" \/>\n<link rel=\"canonical\" href=\"https:\/\/paper-checker.com\/sv\/sign-up\/\" \/>\n<meta property=\"og:locale\" content=\"sv_SE\" \/>\n<meta property=\"og:type\" content=\"article\" \/>\n<meta property=\"og:title\" content=\"G\u00e5 med i Paper-Checker | Snabb och Exakt Plagiatuppsp\u00e5rning\" \/>\n<meta property=\"og:description\" content=\"Registrera dig p\u00e5 Paper-Checker.com f\u00f6r att f\u00e5 tillg\u00e5ng till plagiatuppsp\u00e5rning och AI-detekteringsverktyg. F\u00f6rb\u00e4ttra ditt skrivande med precision och s\u00e4kerhet.\" \/>\n<meta property=\"og:url\" content=\"https:\/\/paper-checker.com\/sv\/sign-up\/\" \/>\n<meta property=\"og:site_name\" content=\"Paper Checker\" \/>\n<meta property=\"og:image\" content=\"https:\/\/paper-checker.com\/wp-content\/uploads\/2024\/12\/home.jpg\" \/>\n\t<meta property=\"og:image:width\" content=\"1200\" \/>\n\t<meta property=\"og:image:height\" content=\"675\" \/>\n\t<meta property=\"og:image:type\" content=\"image\/jpeg\" \/>\n<meta name=\"twitter:card\" content=\"summary_large_image\" \/>\n<!-- \/ Yoast SEO plugin. -->","yoast_head_json":{"title":"G\u00e5 med i Paper-Checker | Snabb och Exakt Plagiatuppsp\u00e5rning","description":"Registrera dig p\u00e5 Paper-Checker.com f\u00f6r att f\u00e5 tillg\u00e5ng till plagiatuppsp\u00e5rning och AI-detekteringsverktyg. F\u00f6rb\u00e4ttra ditt skrivande med precision och s\u00e4kerhet.","robots":{"index":"index","follow":"follow","max-snippet":"max-snippet:-1","max-image-preview":"max-image-preview:large","max-video-preview":"max-video-preview:-1"},"canonical":"https:\/\/paper-checker.com\/sv\/sign-up\/","og_locale":"sv_SE","og_type":"article","og_title":"G\u00e5 med i Paper-Checker | Snabb och Exakt Plagiatuppsp\u00e5rning","og_description":"Registrera dig p\u00e5 Paper-Checker.com f\u00f6r att f\u00e5 tillg\u00e5ng till plagiatuppsp\u00e5rning och AI-detekteringsverktyg. F\u00f6rb\u00e4ttra ditt skrivande med precision och s\u00e4kerhet.","og_url":"https:\/\/paper-checker.com\/sv\/sign-up\/","og_site_name":"Paper Checker","og_image":[{"width":1200,"height":675,"url":"https:\/\/paper-checker.com\/wp-content\/uploads\/2024\/12\/home.jpg","type":"image\/jpeg"}],"twitter_card":"summary_large_image","schema":{"@context":"https:\/\/schema.org","@graph":[{"@type":"WebPage","@id":"https:\/\/paper-checker.com\/sv\/sign-up\/","url":"https:\/\/paper-checker.com\/sv\/sign-up\/","name":"G\u00e5 med i Paper-Checker | Snabb och Exakt Plagiatuppsp\u00e5rning","isPartOf":{"@id":"https:\/\/paper-checker.com\/#website"},"datePublished":"2024-12-24T11:50:44+00:00","description":"Registrera dig p\u00e5 Paper-Checker.com f\u00f6r att f\u00e5 tillg\u00e5ng till plagiatuppsp\u00e5rning och AI-detekteringsverktyg. F\u00f6rb\u00e4ttra ditt skrivande med precision och s\u00e4kerhet.","breadcrumb":{"@id":"https:\/\/paper-checker.com\/sv\/sign-up\/#breadcrumb"},"inLanguage":"sv-SE","potentialAction":[{"@type":"ReadAction","target":["https:\/\/paper-checker.com\/sv\/sign-up\/"]}]},{"@type":"BreadcrumbList","@id":"https:\/\/paper-checker.com\/sv\/sign-up\/#breadcrumb","itemListElement":[{"@type":"ListItem","position":1,"name":"Home","item":"https:\/\/paper-checker.com\/sv\/"},{"@type":"ListItem","position":2,"name":"Registrera dig nu!"}]},{"@type":"WebSite","@id":"https:\/\/paper-checker.com\/#website","url":"https:\/\/paper-checker.com\/","name":"Paper Checker","description":"","publisher":{"@id":"https:\/\/paper-checker.com\/#organization"},"potentialAction":[{"@type":"SearchAction","target":{"@type":"EntryPoint","urlTemplate":"https:\/\/paper-checker.com\/?s={search_term_string}"},"query-input":{"@type":"PropertyValueSpecification","valueRequired":true,"valueName":"search_term_string"}}],"inLanguage":"sv-SE"},{"@type":"Organization","@id":"https:\/\/paper-checker.com\/#organization","name":"Paper Checker","url":"https:\/\/paper-checker.com\/","logo":{"@type":"ImageObject","inLanguage":"sv-SE","@id":"https:\/\/paper-checker.com\/#\/schema\/logo\/image\/","url":"https:\/\/paper-checker.com\/wp-content\/uploads\/2024\/12\/Group.png","contentUrl":"https:\/\/paper-checker.com\/wp-content\/uploads\/2024\/12\/Group.png","width":30,"height":30,"caption":"Paper Checker"},"image":{"@id":"https:\/\/paper-checker.com\/#\/schema\/logo\/image\/"}}]}},"_links":{"self":[{"href":"https:\/\/paper-checker.com\/wp-json\/wp\/v2\/pages\/1688","targetHints":{"allow":["GET"]}}],"collection":[{"href":"https:\/\/paper-checker.com\/wp-json\/wp\/v2\/pages"}],"about":[{"href":"https:\/\/paper-checker.com\/wp-json\/wp\/v2\/types\/page"}],"author":[{"embeddable":true,"href":"https:\/\/paper-checker.com\/wp-json\/wp\/v2\/users\/1"}],"replies":[{"embeddable":true,"href":"https:\/\/paper-checker.com\/wp-json\/wp\/v2\/comments?post=1688"}],"version-history":[{"count":1,"href":"https:\/\/paper-checker.com\/wp-json\/wp\/v2\/pages\/1688\/revisions"}],"predecessor-version":[{"id":1689,"href":"https:\/\/paper-checker.com\/wp-json\/wp\/v2\/pages\/1688\/revisions\/1689"}],"wp:attachment":[{"href":"https:\/\/paper-checker.com\/wp-json\/wp\/v2\/media?parent=1688"}],"curies":[{"name":"wp","href":"https:\/\/api.w.org\/{rel}","templated":true}]}}