{"id":1857,"date":"2024-12-24T15:45:18","date_gmt":"2024-12-24T15:45:18","guid":{"rendered":"https:\/\/paper-checker.com\/?page_id=1857"},"modified":"2025-01-29T05:24:09","modified_gmt":"2025-01-29T05:24:09","slug":"about-us","status":"publish","type":"page","link":"https:\/\/paper-checker.com\/sv\/about-us\/","title":{"rendered":"Om Oss"},"content":{"rendered":"<div class=\"container\">\n<div class=\"row\">\n<div class=\"col col-12\">\n<div class=\"row page-title-row\">\n<div class=\"col col-12\">\n<h1>Om Oss<\/h1>\n<div class=\"subtitle\">F\u00f6derk\u00e5dande Originalitet och Integritet<\/div>\n<\/div>\n<\/div>\n<div class=\"row row-welcome\">\n<div class=\"col col-12 col-sm-12 col-md-6\">\n<h2>V\u00e4lkommen till Paper-Checker.com, din p\u00e5litliga partner i att s\u00e4kerst\u00e4lla inneh\u00e5llsautenticitet<\/h2>\n<\/div>\n<div class=\"col col-12 col-sm-12 col-md-6\">\n<p>Vi specialiserar oss inom avancerad plagiatuppsp\u00e5rning och AI-inneh\u00e5llskontrolltj\u00e4nster och \u00e4r dedikerade att erbjuda exakta, snabba och p\u00e5litliga l\u00f6sningar. Oavsett om du \u00e4r en student som str\u00e4var efter akademisk framg\u00e5ng, en l\u00e4rare som fr\u00e4mjar integritet, en f\u00f6rfattare som skapar originalverk eller en professionell som uppr\u00e4tth\u00e5ller h\u00f6ga standarder, s\u00e5 st\u00f6der vi ditt engagemang f\u00f6r autenticitet.<\/p>\n<\/div>\n<\/div>\n<div class=\"container-narrow\">\n<div class=\"row row-our-mission\">\n<div class=\"col col-12 hidden-sm hidden-xs col-sm-12 col-md-5 col-lg-6\"><img alt=\"saknas\" class=\"missing-img\" decoding=\"async\" src=\"\/wp-content\/themes\/main\/images\/missing-img.png\"\/><\/div>\n<div class=\"col col-12 col-sm-12 col-md-7 col-lg-6\">\n<div class=\"missing-content\">\n<div class=\"title\">V\u00e5rt m\u00e5l \u00e4r klart:<\/div>\n<div class=\"missing-item\">\n<div class=\"number\">01<\/div>\n<div class=\"text\"><strong>Uppr\u00e4tth\u00e5ll akademisk integritet:<\/strong> Vi \u00e4r dedikerade att uppr\u00e4tth\u00e5lla de h\u00f6gsta standarderna f\u00f6r \u00e4kthet i alla inneh\u00e5llsskapande f\u00e4lt.<\/div>\n<\/div>\n<div class=\"missing-item\">\n<div class=\"number\">02<\/div>\n<div class=\"text\"><strong>Fr\u00e4mja originalitet:<\/strong> Att uppmuntra och underl\u00e4tta tillverkandet av \u00e4kta arbete \u00e4r vad vi g\u00f6r.<\/div>\n<\/div>\n<div class=\"missing-item\">\n<div class=\"number\">03<\/div>\n<div class=\"text\"><strong>K\u00e4mpa mot plagiat och missbruk av AI-inneh\u00e5ll:<\/strong> Vi k\u00e4mpar aktivt mot plagiat och otillb\u00f6rligt bruk av material genererat av AI.<\/div>\n<\/div>\n<div class=\"missing-item\">\n<div class=\"number\">04<\/div>\n<div class=\"text\"><strong>F\u00f6dera en kultur av \u00e4rlighet och innovation:<\/strong> Vi syftar till att skapa ett milj\u00f6 d\u00e4r integritet och kreativitet blommar.<\/div>\n<\/div>\n<\/div>\n<\/div>\n<\/div>\n<div class=\"dark-info\">\n<div class=\"text\" style=\"max-width: 620px;\"><span class=\"grey-text\">Med ledning av v\u00e5ra k\u00e4rnv\u00e4rden \u2013<\/span> integritet, innovation, excellens och anv\u00e4ndarcentricitet <span class=\"grey-text\">\u2013 str\u00e4var vi efter att st\u00f6dja din str\u00e4van efter autentiskt och etiskt arbete.<\/div>\n<\/div>\n<div class=\"row foundation-row\">\n<div class=\"col col-12\">\n<h2 class=\"title-foundation\">V\u00e5r stiftelse med <img alt=\"icon\" decoding=\"async\" src=\"\/wp-content\/themes\/main\/images\/foundation-icon.png\"\/><span class=\"site-name\">PlagiarismSearch <span class=\"grey-text\">.com<\/span><\/span><\/h2>\n<p>Paper-Checker.com \u00e4r stolta att vara en till\u00e4gg till PlagiarismSearch.com, ett erk\u00e4nt ledande f\u00f6retag inom plagiatuppsp\u00e5rning med \u00e5rtal av branscherfarenhet. Byggd p\u00e5 denna starka grundval har vi ut\u00f6kat v\u00e5ra tj\u00e4nster f\u00f6r att inkludera state-of-the-art AI content detection, vilket erbjuder en komplett l\u00f6sning f\u00f6r verifiering av originalitet.<\/p>\n<p>Med PlagiarismSearch.com expertis och rykte till st\u00f6d erbjuder vi en plattform som kombinerar bepr\u00f6vad p\u00e5litlighet med innovativ teknik. V\u00e5rt team best\u00e5r av dedikerade professionella som \u00e4r passionerade om att fr\u00e4mja originalitet och engagerade i exceptionell service. Vi \u00e4r alltid h\u00e4r f\u00f6r att hj\u00e4lpa dig, s\u00e4kerst\u00e4llande din smidiga och bel\u00f6nde upplevelse med oss.<\/p>\n<\/div>\n<\/div>\n<\/div>\n<\/div>\n<\/div>\n<\/div>\n<div class=\"our-features\">\n<div class=\"container container-narrow\">\n<div class=\"row our-features-row\">\n<div class=\"col col-12 col-md-6 col-lg-6\">\n<div class=\"green-top-subtitle\">V\u00e5ra Funktioner<\/div>\n<h2>Avancerade L\u00f6sningar f\u00f6r ett Globalt Publikum<\/h2>\n<div class=\"subtitle\">Vi erbjuder o\u00f6vertr\u00e4ffad precision i att identifiera kopierat eller AI-genererat inneh\u00e5ll med hj\u00e4lp av sofistikerade algoritmer och omfattande databaser.<\/div>\n<\/div>\n<div class=\"col col-12 col-md-6 col-lg-6\">\n<div class=\"features-list-title\">V\u00e5r anv\u00e4ndarv\u00e4nliga plattform inkluderar:<\/div>\n<div class=\"our-features-list\">\n<div class=\"our-features-item\">\n<div class=\"our-features-icon\"><img alt=\"ikon\" decoding=\"async\" src=\"\/wp-content\/themes\/main\/images\/our-feature-icon1.png\"\/><\/div>\n<div class=\"text\"><strong>Intuitiv Gr\u00e4nssnitt:<\/strong> Navigera med l\u00e4tthet och f\u00e5 resultat snabbt.<\/div>\n<\/div>\n<div class=\"our-features-item\">\n<div class=\"our-features-icon\"><img alt=\"ikon\" decoding=\"async\" src=\"\/wp-content\/themes\/main\/images\/our-feature-icon2.png\"\/><\/div>\n<div class=\"text\"><strong>Resultat i Realtid:<\/strong> F\u00e5 omedelbart feedback om ditt inneh\u00e5lls originalitet.<\/div>\n<\/div>\n<div class=\"our-features-item\">\n<div class=\"our-features-icon\"><img alt=\"ikon\" decoding=\"async\" src=\"\/wp-content\/themes\/main\/images\/our-feature-icon3.png\"\/><\/div>\n<div class=\"text\"><strong>Detaljerade Rapporter:<\/strong> F\u00e5 omfattande insikter f\u00f6r att f\u00f6rst\u00e5 och f\u00f6rb\u00e4ttra ditt arbete.<\/div>\n<\/div>\n<div class=\"our-features-item\">\n<div class=\"our-features-icon\"><img alt=\"ikon\" decoding=\"async\" src=\"\/wp-content\/themes\/main\/images\/our-feature-icon4.png\"\/><\/div>\n<div class=\"text\"><strong>St\u00f6d f\u00f6r Flera Spr\u00e5k:<\/strong> Vi \u00e4r inriktade mot ett globalt publikum och st\u00f6der flera spr\u00e5k f\u00f6r att m\u00f6ta olika behov.<\/div>\n<\/div>\n<\/div>\n<\/div>\n<\/div>\n<div class=\"row\">\n<div class=\"col col-12\">\n<div class=\"tailored-services\">\n<div class=\"t-services-row first-row\">\n<div class=\"t-services-item t1\">\n<div class=\"t-services-content\">\n<div class=\"icon\"><\/div>\n<div class=\"title\">Studenter och L\u00e4rare<\/div>\n<div class=\"text\">S\u00e4kerst\u00e4ller akademisk \u00e4rlighet och integritet<\/div>\n<\/div>\n<\/div>\n<div class=\"t-services-item white-item t2\">\n<div class=\"t-services-content\">\n<div class=\"green-top-subtitle\">L\u00f6sningar<\/div>\n<h2>Vi erbjuder anpassade tj\u00e4nster f\u00f6r:<\/h2>\n<\/div>\n<\/div>\n<\/div>\n<div class=\"t-services-row\">\n<div class=\"t-services-item t3\">\n<div class=\"t-services-content\">\n<div class=\"icon\"><\/div>\n<div class=\"title\">F\u00f6rfattare och Utgivare<\/div>\n<div class=\"text\">Skyddar originalitet i alla publiceringar<\/div>\n<\/div>\n<\/div>\n<div class=\"t-services-item t4\">\n<div class=\"t-services-content\">\n<div class=\"icon\"><\/div>\n<div class=\"title\">F\u00f6retag<\/div>\n<div class=\"text\">Skyddar varum\u00e4rkesintegritet och autenticitet av inneh\u00e5ll<\/div>\n<\/div>\n<\/div>\n<\/div>\n<\/div>\n<\/div>\n<\/div>\n<\/div>\n<\/div>\n<div class=\"container\">\n<div class=\"container-narrow-2\">\n<div class=\"row collaborating-text\">\n<div class=\"col col-12\">\n<h2 class=\"narrow-title\">Samarbeta f\u00f6r en kultur av integritet<\/h2>\n<div class=\"subtitle\">Vi samarbetar aktivt med utbildningsinstitutioner, f\u00f6rl\u00e4ggare och organisationer f\u00f6r att fr\u00e4mja akademisk integritet och bek\u00e4mpa plagiat.<\/div>\n<p>Genom v\u00e5rt samarbete med PlagiarismSearch.com engagerar vi oss i initiativ f\u00f6r att utbilda och upplysa om betydelsen av originalitet och etiskt inneh\u00e5llsskapande. Genom att st\u00e4rka dessa relationer bidrar vi till en gemenskap som uppr\u00e4tth\u00e5ller de h\u00f6gsta standarderna f\u00f6r \u00e4rlighet och innovation.<\/p>\n<\/div>\n<\/div>\n<div class=\"row join-us\">\n<div class=\"col col-12 col-md-6 col-lg-6\">\n<div class=\"join-us-content\">\n<h3 class=\"join-us-title\">G\u00e5 med oss i att fr\u00e4mja originalitet<\/h3>\n<div class=\"subtitle\">P\u00e5 Paper-Checker.com \u00e4r vi mer \u00e4n bara en tj\u00e4nst &#8211; vi \u00e4r ett gemenskap som \u00e4r engagerade i integritet och excellence. Vi bjuder in dig att g\u00e5 med oss i att fr\u00e4mja originalitet:<\/div>\n<p>Uppt\u00e4ck v\u00e5ra tj\u00e4nster: <button class=\"btn-blue-gradient log-in-btn\">Registrera<\/button> <span class=\"blue-text upper-text\">nu f\u00f6r en gratis provperiod<\/span> och uppt\u00e4ck skillnaden vi kan g\u00f6ra i ditt arbete.<\/p>\n<p>Din str\u00e4van efter autenticitet \u00e4r v\u00e5rt prioriterat. Lita p\u00e5 v\u00e5r expertis; tillsammans l\u00e5t oss skapa en kultur d\u00e4r originalitet och integritet thrive.<\/p>\n<\/div>\n<\/div>\n<div class=\"col col-12 col-md-6 col-lg-6\">\n<div class=\"get-touch\">\n<div class=\"get-touch-title\">Kom i kontakt<\/div>\n<div class=\"get-touch-item\"><img alt=\"ikon\" decoding=\"async\" src=\"\/wp-content\/themes\/main\/images\/email_icon.svg\"\/><\/p>\n<div class=\"text-part\">\n<div class=\"title\">Kontakta oss:<\/div>\n<div class=\"text\">Har du fr\u00e5gor eller beh\u00f6ver hj\u00e4lp? Kontakta oss p\u00e5 <a href=\"mailto:support@paper-checker.com\">support@paper-checker.com<\/a>. Vi \u00e4r h\u00e4r f\u00f6r att hj\u00e4lpa.<\/div>\n<\/div>\n<\/div>\n<div class=\"get-touch-item\"><img alt=\"ikon\" decoding=\"async\" src=\"\/wp-content\/themes\/main\/images\/social_icon.svg\"\/><\/p>\n<div class=\"text-part\">\n<div class=\"title\">Stanna uppdaterad<\/div>\n<div class=\"text\">F\u00f6lj oss p\u00e5 sociala medier f\u00f6r att stanna uppdaterad om de senaste nytt och insikter:<\/div>\n<div class=\"social-buttons-part\"><a href=\"https:\/\/www.linkedin.com\/company\/plagiarismsearch\/\" target=\"_blank\"><img alt=\"ikon\" decoding=\"async\" src=\"\/wp-content\/themes\/main\/images\/linkedin-icon.svg\"\/><\/a><a href=\"https:\/\/x.com\/AuthenticPapers\" target=\"_blank\"><img alt=\"ikon\" decoding=\"async\" src=\"\/wp-content\/themes\/main\/images\/x-icon.svg\"\/><\/a><a href=\"https:\/\/www.youtube.com\/@plagiarismsearch5119\" target=\"_blank\"><img alt=\"ikon\" decoding=\"async\" src=\"\/wp-content\/themes\/main\/images\/youtube-icon-white-bg.svg\" style=\"width:30px;margin-right: -4px;margin-left: -2px;margin-top: -6px;\"\/><\/a><a href=\"https:\/\/www.instagram.com\/plagiarismsearch\/\" target=\"_blank\"><img alt=\"ikon\" decoding=\"async\" src=\"\/wp-content\/themes\/main\/images\/instagram-icon-white.svg\" style=\"width:24px;height:auto;margin-top:-3px;\"\/><\/a><\/div>\n<\/div>\n<\/div>\n<\/div>\n<\/div>\n<\/div>\n<\/div>\n<\/div>\n","protected":false},"excerpt":{"rendered":"<p>Om Oss F\u00f6derk\u00e5dande Originalitet och Integritet V\u00e4lkommen till Paper-Checker.com, din p\u00e5litliga partner i att s\u00e4kerst\u00e4lla inneh\u00e5llsautenticitet Vi specialiserar oss inom avancerad plagiatuppsp\u00e5rning och AI-inneh\u00e5llskontrolltj\u00e4nster och \u00e4r dedikerade att erbjuda exakta, snabba och p\u00e5litliga l\u00f6sningar. Oavsett om du \u00e4r en student som str\u00e4var efter akademisk framg\u00e5ng, en l\u00e4rare som fr\u00e4mjar integritet, en f\u00f6rfattare som skapar originalverk eller en.<\/p>\n","protected":false},"author":1,"featured_media":0,"parent":0,"menu_order":0,"comment_status":"closed","ping_status":"closed","template":"","meta":{"_acf_changed":false,"_yoast_wpseo_title":"Om Oss | Paper-Checker.com","_yoast_wpseo_metadesc":"L\u00e4r k\u00e4nna Paper-Checker.com, v\u00e5rt m\u00e5l, v\u00e4rden och avancerade tj\u00e4nster.","_locale":"sv_SE","_original_post":"http:\/\/paper-checker.com.loc\/?page_id=10","iawp_total_views":3,"footnotes":""},"class_list":["post-1857","page","type-page","status-publish","hentry","sv-SE"],"acf":[],"yoast_head":"<!-- This site is optimized with the Yoast SEO plugin v27.4 - https:\/\/yoast.com\/product\/yoast-seo-wordpress\/ -->\n<title>Om Oss | Paper-Checker.com<\/title>\n<meta name=\"description\" content=\"L\u00e4r k\u00e4nna Paper-Checker.com, v\u00e5rt m\u00e5l, v\u00e4rden och avancerade tj\u00e4nster.\" \/>\n<meta name=\"robots\" content=\"index, follow, max-snippet:-1, max-image-preview:large, max-video-preview:-1\" \/>\n<link rel=\"canonical\" href=\"https:\/\/paper-checker.com\/sv\/about-us\/\" \/>\n<meta property=\"og:locale\" content=\"sv_SE\" \/>\n<meta property=\"og:type\" content=\"article\" \/>\n<meta property=\"og:title\" content=\"Om Oss | Paper-Checker.com\" \/>\n<meta property=\"og:description\" content=\"L\u00e4r k\u00e4nna Paper-Checker.com, v\u00e5rt m\u00e5l, v\u00e4rden och avancerade tj\u00e4nster.\" \/>\n<meta property=\"og:url\" content=\"https:\/\/paper-checker.com\/sv\/about-us\/\" \/>\n<meta property=\"og:site_name\" content=\"Paper Checker\" \/>\n<meta property=\"article:modified_time\" content=\"2025-01-29T05:24:09+00:00\" \/>\n<meta property=\"og:image\" content=\"https:\/\/paper-checker.com\/wp-content\/uploads\/2024\/12\/home.jpg\" \/>\n\t<meta property=\"og:image:width\" content=\"1200\" \/>\n\t<meta property=\"og:image:height\" content=\"675\" \/>\n\t<meta property=\"og:image:type\" content=\"image\/jpeg\" \/>\n<meta name=\"twitter:card\" content=\"summary_large_image\" \/>\n<meta name=\"twitter:label1\" content=\"Ber\u00e4knad l\u00e4stid\" \/>\n\t<meta name=\"twitter:data1\" content=\"5 minuter\" \/>\n<!-- \/ Yoast SEO plugin. -->","yoast_head_json":{"title":"Om Oss | Paper-Checker.com","description":"L\u00e4r k\u00e4nna Paper-Checker.com, v\u00e5rt m\u00e5l, v\u00e4rden och avancerade tj\u00e4nster.","robots":{"index":"index","follow":"follow","max-snippet":"max-snippet:-1","max-image-preview":"max-image-preview:large","max-video-preview":"max-video-preview:-1"},"canonical":"https:\/\/paper-checker.com\/sv\/about-us\/","og_locale":"sv_SE","og_type":"article","og_title":"Om Oss | Paper-Checker.com","og_description":"L\u00e4r k\u00e4nna Paper-Checker.com, v\u00e5rt m\u00e5l, v\u00e4rden och avancerade tj\u00e4nster.","og_url":"https:\/\/paper-checker.com\/sv\/about-us\/","og_site_name":"Paper Checker","article_modified_time":"2025-01-29T05:24:09+00:00","og_image":[{"width":1200,"height":675,"url":"https:\/\/paper-checker.com\/wp-content\/uploads\/2024\/12\/home.jpg","type":"image\/jpeg"}],"twitter_card":"summary_large_image","twitter_misc":{"Ber\u00e4knad l\u00e4stid":"5 minuter"},"schema":{"@context":"https:\/\/schema.org","@graph":[{"@type":"WebPage","@id":"https:\/\/paper-checker.com\/sv\/about-us\/","url":"https:\/\/paper-checker.com\/sv\/about-us\/","name":"Om Oss | Paper-Checker.com","isPartOf":{"@id":"https:\/\/paper-checker.com\/#website"},"datePublished":"2024-12-24T15:45:18+00:00","dateModified":"2025-01-29T05:24:09+00:00","description":"L\u00e4r k\u00e4nna Paper-Checker.com, v\u00e5rt m\u00e5l, v\u00e4rden och avancerade tj\u00e4nster.","breadcrumb":{"@id":"https:\/\/paper-checker.com\/sv\/about-us\/#breadcrumb"},"inLanguage":"sv-SE","potentialAction":[{"@type":"ReadAction","target":["https:\/\/paper-checker.com\/sv\/about-us\/"]}]},{"@type":"BreadcrumbList","@id":"https:\/\/paper-checker.com\/sv\/about-us\/#breadcrumb","itemListElement":[{"@type":"ListItem","position":1,"name":"Home","item":"https:\/\/paper-checker.com\/sv\/"},{"@type":"ListItem","position":2,"name":"Om Oss"}]},{"@type":"WebSite","@id":"https:\/\/paper-checker.com\/#website","url":"https:\/\/paper-checker.com\/","name":"Paper Checker","description":"","publisher":{"@id":"https:\/\/paper-checker.com\/#organization"},"potentialAction":[{"@type":"SearchAction","target":{"@type":"EntryPoint","urlTemplate":"https:\/\/paper-checker.com\/?s={search_term_string}"},"query-input":{"@type":"PropertyValueSpecification","valueRequired":true,"valueName":"search_term_string"}}],"inLanguage":"sv-SE"},{"@type":"Organization","@id":"https:\/\/paper-checker.com\/#organization","name":"Paper Checker","url":"https:\/\/paper-checker.com\/","logo":{"@type":"ImageObject","inLanguage":"sv-SE","@id":"https:\/\/paper-checker.com\/#\/schema\/logo\/image\/","url":"https:\/\/paper-checker.com\/wp-content\/uploads\/2024\/12\/Group.png","contentUrl":"https:\/\/paper-checker.com\/wp-content\/uploads\/2024\/12\/Group.png","width":30,"height":30,"caption":"Paper Checker"},"image":{"@id":"https:\/\/paper-checker.com\/#\/schema\/logo\/image\/"}}]}},"_links":{"self":[{"href":"https:\/\/paper-checker.com\/wp-json\/wp\/v2\/pages\/1857","targetHints":{"allow":["GET"]}}],"collection":[{"href":"https:\/\/paper-checker.com\/wp-json\/wp\/v2\/pages"}],"about":[{"href":"https:\/\/paper-checker.com\/wp-json\/wp\/v2\/types\/page"}],"author":[{"embeddable":true,"href":"https:\/\/paper-checker.com\/wp-json\/wp\/v2\/users\/1"}],"replies":[{"embeddable":true,"href":"https:\/\/paper-checker.com\/wp-json\/wp\/v2\/comments?post=1857"}],"version-history":[{"count":3,"href":"https:\/\/paper-checker.com\/wp-json\/wp\/v2\/pages\/1857\/revisions"}],"predecessor-version":[{"id":2857,"href":"https:\/\/paper-checker.com\/wp-json\/wp\/v2\/pages\/1857\/revisions\/2857"}],"wp:attachment":[{"href":"https:\/\/paper-checker.com\/wp-json\/wp\/v2\/media?parent=1857"}],"curies":[{"name":"wp","href":"https:\/\/api.w.org\/{rel}","templated":true}]}}