{"id":1380,"date":"2024-12-23T10:18:15","date_gmt":"2024-12-23T10:18:15","guid":{"rendered":"https:\/\/paper-checker.com\/?page_id=1380"},"modified":"2025-02-07T08:40:25","modified_gmt":"2025-02-07T08:40:25","slug":"plagiarism-check","status":"publish","type":"page","link":"https:\/\/paper-checker.com\/tr\/plagiarism-check\/","title":{"rendered":"Kopyas\u0131zl\u0131k Kontrol\u00fc Et"},"content":{"rendered":"<div class=\"effective-check\">\n<div class=\"container\">\n<div class=\"row\">\n<div class=\"col col-12 col-xs-12 col-sm-12 col-md-12 center\">\n<h2>\u0130ntihal Tespiti \u0130\u00e7in Neden Paper-Checker.com&#8217;u Se\u00e7melisiniz?<\/h2>\n<\/div>\n<div class=\"col col-12 col-xs-12 col-sm-12 col-md-6 col-lg-6\">\n<div class=\"effective-check-text\">\n<p>\u00d6zg\u00fcnl\u00fck, her alanda g\u00fcven ve ba\u015far\u0131n\u0131n temel ta\u015f\u0131d\u0131r. Paper-Checker.com&#8217;da, \u00e7al\u0131\u015fman\u0131z\u0131 intihalden koruman\u0131n \u00f6nemini anl\u0131yoruz. Bu sadece beklentileri kar\u015f\u0131lamakla ilgili de\u011fil; g\u00fcvenilirli\u011finizi korumak ve benzersiz fikirlerinizi sergilemekle ilgilidir. \u0130ntihal kontrol hizmetimiz, bu hedeflere kolayl\u0131kla ve g\u00fcvenle ula\u015fman\u0131za yard\u0131mc\u0131 olmak i\u00e7in tasarlanm\u0131\u015ft\u0131r. Geli\u015fmi\u015f teknolojiyle desteklenen sistemimiz, kopyalanm\u0131\u015f veya istemeden \u00e7o\u011falt\u0131lm\u0131\u015f i\u00e7erikleri belirlemek i\u00e7in \u00e7al\u0131\u015fman\u0131z\u0131 titizlikle inceler. Akademik m\u00fckemmellik i\u00e7in \u00e7abalayan bir \u00f6\u011frenci veya itibar\u0131n\u0131z\u0131 koruyan bir profesyonel olun, Paper-Checker.com \u00e7al\u0131\u015fman\u0131z\u0131n \u00f6zg\u00fcn ve etkili kalmas\u0131n\u0131 sa\u011flar.<\/p>\n<\/div>\n<\/div>\n<div class=\"col col-12 col-xs-12 col-sm-12 col-md-6 col-lg-6\">\n<div class=\"effective-check-content\">\n<div class=\"effective-check-block\">\n<div class=\"header\">D\u00fc\u015f\u00fcnce ve Yarat\u0131c\u0131l\u0131\u011f\u0131n Devrimi<\/div>\n<div class=\"text\">14. ila 17. y\u00fczy\u0131llara yay\u0131lan R\u00f6nesans, insanl\u0131k tarihinde d\u00f6n\u00fc\u015ft\u00fcr\u00fcc\u00fc bir d\u00f6nemi i\u015faret etti. \u0130talya&#8217;da ortaya \u00e7\u0131kan R\u00f6nesans, klasik sanat, edebiyat ve bilimin yeniden canlanmas\u0131n\u0131 kutlad\u0131, \u00e7\u0131\u011f\u0131r a\u00e7an ke\u015fifleri ve k\u00fclt\u00fcrel de\u011fi\u015fimleri te\u015fvik etti. Leonardo da Vinci ve Galileo gibi vizyonerler, yarat\u0131c\u0131l\u0131\u011f\u0131 deneysel g\u00f6zlemle harmanlayarak geleneksel normlara meydan okudu. Bu d\u00f6nem, sanatsal ifadeyi yeniden tan\u0131mlad\u0131 ve bireysellik ve yenili\u011fi vurgulayarak modern d\u00fc\u015f\u00fcncenin temellerini att\u0131.<\/div>\n<\/div>\n<div class=\"effective-double-images\"><img decoding=\"async\" src=\"\/wp-content\/themes\/main\/images\/effect-plagiarism.png\" alt=\"plagiarism\" \/><br \/>\n<img decoding=\"async\" src=\"\/wp-content\/themes\/main\/images\/effect-ai-probability.png\" alt=\"ai probability\" \/><\/div>\n<\/div>\n<\/div>\n<\/div>\n<\/div>\n<\/div>\n<div class=\"container\">\n<div class=\"row\">\n<div class=\"col col-12\">\n<div class=\"dark-info students-info\">\n<div class=\"dark-info-container\">\n<div class=\"title\">Kapsaml\u0131 ve G\u00fcvenilir Analiz<\/div>\n<div class=\"middle-info-block\">\n<div class=\"info-block-item\" role=\"presentation\">\n<div class=\"info-title\">500.000 M\u00fc\u015fteri <img decoding=\"async\" src=\"\/wp-content\/themes\/main\/images\/customers_icon.png\" alt=\"icon\" \/><\/div>\n<div class=\"info-text\">\u00d6\u011frenciler, profes\u00f6rler ve blog yazarlar\u0131ndan olu\u015fan a\u011f\u0131m\u0131z<\/div>\n<\/div>\n<div class=\"info-block-item\" role=\"presentation\">\n<div class=\"info-title\">%100 Gizlilik politikas\u0131 <img decoding=\"async\" src=\"\/wp-content\/themes\/main\/images\/privacy_icon.svg\" alt=\"icon\" \/><\/div>\n<div class=\"info-text\">M\u00fc\u015fterilerimizin mutlak gizlili\u011fini garanti ediyoruz<\/div>\n<\/div>\n<\/div>\n<div class=\"dark-info-text\">Paper-Checker.com&#8217;da, \u00e7al\u0131\u015fman\u0131z\u0131n \u00f6zg\u00fcnl\u00fc\u011f\u00fcn\u00fc e\u015fsiz bir do\u011frulukla garanti ediyoruz. Geli\u015fmi\u015f sistemimiz, i\u00e7eri\u011fi kapsaml\u0131 veri tabanlar\u0131na g\u00f6re analiz ederek dakikalar i\u00e7inde ayr\u0131nt\u0131l\u0131, okunmas\u0131 kolay raporlar sunar. \u00d6\u011frenciler, profesyoneller ve e\u011fitimciler i\u00e7in m\u00fckemmel olan arac\u0131m\u0131z, akademik makalelerinizin, profesyonel belgelerinizin ve yarat\u0131c\u0131 projelerinizin \u00f6zg\u00fcn ve sesinize sad\u0131k kalmas\u0131na yard\u0131mc\u0131 olur.<\/div>\n<\/div>\n<\/div>\n<\/div>\n<\/div>\n<div class=\"row\">\n<div class=\"col col-12 col-xs-12 col-sm-12\">\n<div class=\"unlocking-section\">\n<p><img decoding=\"async\" src=\"\/wp-content\/themes\/main\/images\/woman-with-notebook.png\" alt=\"unlocking\" \/><\/p>\n<div class=\"unlocking-content\">\n<h3>Hizmetin Arkas\u0131ndaki Geli\u015fmi\u015f Teknoloji<\/h3>\n<p>Paper-Checker.com&#8217;u \u00f6ne \u00e7\u0131karan \u015fey, \u00f6z\u00fcnde bulunan yenilik\u00e7i teknolojidir. \u0130\u015fte bekleyebilece\u011finiz \u015feyler:<\/p>\n<ul>\n<li>Karma\u015f\u0131k algoritmalar<\/li>\n<li>Kapsaml\u0131 veritaban\u0131<\/li>\n<li>Geli\u015ftirilmi\u015f do\u011fruluk<\/li>\n<li>H\u0131zl\u0131 ve g\u00fcvenilir sonu\u00e7lar<\/li>\n<li>Kullan\u0131c\u0131 dostu aray\u00fcz<\/li>\n<li>Yenili\u011fe ba\u011fl\u0131l\u0131k<\/li>\n<\/ul>\n<\/div>\n<\/div>\n<\/div>\n<\/div>\n<\/div>\n<div class=\"blue-bg-block scan-paper\">\n<div class=\"container\">\n<div class=\"row\">\n<div class=\"col col-12 col-sm-12 col-md-6 col-lg-6\">\n<div class=\"scan-text\">\n<h2>Paper-Checker.com Nas\u0131l Kullan\u0131l\u0131r<\/h2>\n<p>Paper-Checker.com&#8217;u kullanmak basit ve zahmetsizdir. Belgenizi y\u00fckleyin ve geli\u015fmi\u015f sistemimiz hemen \u00e7al\u0131\u015fmaya ba\u015flar. Metniniz birka\u00e7 dakika i\u00e7inde \u00e7evrimi\u00e7i kaynaklar, akademik dergiler ve yay\u0131nlanm\u0131\u015f eserlerden olu\u015fan geni\u015f bir veritaban\u0131na g\u00f6re analiz edilir. Sonu\u00e7lar, e\u015fle\u015fen i\u00e7erik \u00f6rneklerini vurgulayan ve \u00f6zg\u00fcnl\u00fc\u011f\u00fcn bir d\u00f6k\u00fcm\u00fcn\u00fc sa\u011flayan net ve ayr\u0131nt\u0131l\u0131 bir raporda sunulur.<\/p>\n<p>Kullan\u0131c\u0131 dostu aray\u00fcz\u00fcm\u00fcz, herhangi bir endi\u015feyi g\u00f6zden ge\u00e7irmenizi ve ele alman\u0131z\u0131 kolayla\u015ft\u0131r\u0131r. \u0130ster \u00f6dev teslim eden bir \u00f6\u011frenci olun, ister bir rapor haz\u0131rlayan bir profesyonel olun, ak\u0131c\u0131 s\u00fcrecimiz en \u00f6nemli \u015feye odaklanman\u0131z\u0131 sa\u011flar: ola\u011fan\u00fcst\u00fc i\u015fler \u00fcretmek.<\/p>\n<\/div>\n<\/div>\n<div class=\"col col-12 col-sm-12 col-md-6 col-lg-6\">\n<div class=\"short-drop-file\"><div class=\"main-page-drop-form\">\n    <div class=\"drop-file-form\">\n        <div class=\"ps-widget-container\" data-ps-widget-name=\"CheckerForm\" data-ps-widget-options='{}'>\n            <div class=\"drop-file-block\">\n                <div class=\"more-than\">\n                    <div class=\"text\"><b>daha fazla<\/b> sadece bir intihal kontrol\u00fc<\/div>\n                <\/div>\n                <div class=\"drop-file-block-wrapper\">\n                    <div class=\"img-block\"><img decoding=\"async\" src=\"\/wp-content\/themes\/main\/images\/drop-files-block.png\" alt=\"drag & drop\"><\/div>\n                    <div class=\"top-part\">\n                        <div class=\"dark-text font-16\">Dosyalar\u0131 buraya s\u00fcr\u00fckleyip b\u0131rak\u0131n<\/div>\n                        <div>intihal kontrol\u00fc i\u00e7in belgeleri y\u00fcklemek \u00fczere<\/div>\n                    <\/div>\n                    <button class=\"btn-green\">Dosya Y\u00fckle<\/button>\n                    <div class=\"grey-separate-line\"><\/div>\n                    <div class=\"type-text\">Metninizi buraya yaz\u0131n<\/div>\n                                        <div class=\"blue-btns-block\">\n                        <div class=\"btn btn-blue-gradient with-shadow\"><img decoding=\"async\" src=\"\/wp-content\/themes\/main\/images\/white-loop-img.svg\" alt=\"icon\">\u0130ntihal Kontrol\u00fc<\/div>\n                        <div class=\"btn btn-blue-gradient-o\">\n                            <div class=\"btn-blue-gradient-o-wrap\">\n                                <img decoding=\"async\" src=\"\/wp-content\/themes\/main\/images\/pictogrammers-robot.svg\" alt=\"icon\">Yapay Zeka Dedekt\u00f6r\u00fc                            <\/div>\n                        <\/div>\n                    <\/div>\n                <\/div>\n            <\/div>\n            <div class=\"drop-file-additional-options\">\n                <div class=\"option-item ai\"><input name=\"ai\" type=\"checkbox\" class=\"checkbox\" checked=\"checked\"><label for=\"ai\">AI metni ara<\/label><\/div>\n                <div class=\"option-item latin-characters\"><input name=\"latin-characters\" type=\"checkbox\" class=\"checkbox\" checked=\"checked\"><label for=\"latin-characters\">sadece Latin karakterleri<\/label><\/div>\n                <div class=\"option-item references\"><input name=\"references\" type=\"checkbox\" class=\"checkbox\"><label for=\"references\">referanslar\u0131 hari\u00e7 tut<\/label><\/div>\n                <div class=\"option-item citation\"><input name=\"citations\" type=\"checkbox\" class=\"checkbox\"><label for=\"citations\">metin i\u00e7i at\u0131flar\u0131 hari\u00e7 tut<\/label><\/div>\n            <\/div>\n            <div class=\"align-center bottom-btn\">\n                <div class=\"device\"><img decoding=\"async\" src=\"\/wp-content\/themes\/main\/images\/devide-line.png\" alt=\"line\"><\/div>\n                <a href=\"\" class=\"btn btn-blue-gradient\">\u0130ntihal Kontrol\u00fc<\/a>\n            <\/div>\n        <\/div>\n    <\/div>\n<\/div>\n\n<\/div>\n<\/div>\n<\/div>\n<\/div>\n<\/div>\n<div class=\"container\">\n<div class=\"row\">\n<div class=\"col col-12 col-xs-12 col-sm-12\">\n<div class=\"plag-checker-section\">\n<p><img decoding=\"async\" src=\"\/wp-content\/themes\/main\/images\/plag-checker.png\" alt=\"plag-checker\" \/><\/p>\n<div class=\"plag-checker-content\">\n<h2>Paper-Checker.com&#8217;dan Kimler Yararlanabilir?<\/h2>\n<ul>\n<li><strong>\u00d6\u011frenciler:<\/strong> Akademik d\u00fcr\u00fcstl\u00fc\u011f\u00fc korumak ve kas\u0131ts\u0131z intihalden ka\u00e7\u0131nmak i\u00e7in makalelerin, ara\u015ft\u0131rma makalelerinin ve \u00f6devlerin ger\u00e7ekli\u011fini do\u011frulay\u0131n.<\/li>\n<li><strong>E\u011fitimciler:<\/strong> \u00d6\u011frencilerin g\u00f6nderilerini g\u00fcvenle de\u011ferlendirin, adil ve do\u011fru de\u011ferlendirmeler sa\u011flay\u0131n.<\/li>\n<li><strong>Profesyoneller:<\/strong> G\u00fcvenilirli\u011fi ve itimad\u0131 korumak i\u00e7in raporlar\u0131n, tekliflerin ve di\u011fer i\u015f belgelerinin \u00f6zg\u00fcnl\u00fc\u011f\u00fcn\u00fc koruyun.<\/li>\n<li><strong>Yazarlar ve Blog Yazarlar\u0131:<\/strong> Yarat\u0131c\u0131 \u00e7al\u0131\u015fmalar\u0131n\u0131z\u0131n, makalelerinizin ve blog yaz\u0131lar\u0131n\u0131z\u0131n tamamen \u00f6zg\u00fcn olmas\u0131na, ki\u015fisel tarz\u0131n\u0131z\u0131 ve vizyonunuzu yans\u0131tmas\u0131na dikkat edin.<\/li>\n<li><strong>Yay\u0131nc\u0131lar:<\/strong> Markan\u0131z\u0131n itibar\u0131n\u0131 ve kalitesini korumak i\u00e7in yay\u0131nlamadan \u00f6nce kopyalanm\u0131\u015f i\u00e7eri\u011fe kar\u015f\u0131 \u00f6nlem al\u0131n.<\/li>\n<\/ul>\n<\/div>\n<\/div>\n<\/div>\n<\/div>\n<div class=\"row tips-students\">\n<div class=\"col col-12 col-sm-12 col-md-6 col-lg-6\">\n<div class=\"tips-text\">\n<h3>\u00c7al\u0131\u015fman\u0131z\u0131n \u00d6ne \u00c7\u0131kmas\u0131n\u0131 Sa\u011flay\u0131n<\/h3>\n<p>\u00d6zg\u00fcnl\u00fck, g\u00fcven ve ba\u015far\u0131n\u0131n temelidir ve Paper-Checker.com ile \u00e7al\u0131\u015fman\u0131z\u0131 g\u00fcvenle koruyabilirsiniz. Akademik m\u00fckemmelli\u011fi hedefleyen bir \u00f6\u011frenci, itibar\u0131n\u0131z\u0131 koruyan bir profesyonel veya \u00f6zg\u00fcnl\u00fc\u011f\u00fc garanti eden bir yazar olun, hizmetimiz i\u00e7eri\u011finizi do\u011frulamak ve geli\u015ftirmek i\u00e7in ara\u00e7lar sa\u011flar.<\/p>\n<p>Bug\u00fcn i\u015finizin kalitesini ve b\u00fct\u00fcnl\u00fc\u011f\u00fcn\u00fc kontrol alt\u0131na al\u0131n. Fikirlerinin parlamas\u0131na yard\u0131mc\u0131 olmak i\u00e7in Paper-Checker.com&#8217;a g\u00fcvenen binlerce ki\u015fiye kat\u0131l\u0131n.<\/p>\n<\/div>\n<\/div>\n<div class=\"col col-12 col-sm-12 col-md-6 col-lg-6\"><img decoding=\"async\" src=\"\/wp-content\/themes\/main\/images\/tips-students-img.png\" alt=\"tips\" \/><\/div>\n<\/div>\n<div class=\"row\">\n<div class=\"col col-12 col-sm-12\">\n<div class=\"dark-info check-words\">\n<div class=\"header top-white-line\">\u0130tibar\u0131n\u0131z\u0131 riske <span class=\"light-green\">atmay\u0131n<\/span><\/div>\n<div class=\"text\" style=\"max-width: 800px;\"><span class=\"grey-text\">Paper-Checker.com ile \u00f6zg\u00fcnl\u00fc\u011f\u00fc standart haline getirin!<\/span><\/div>\n<\/div>\n<\/div>\n<\/div>\n<\/div>\n","protected":false},"excerpt":{"rendered":"<p>Paper-Checker.com i\u00e7in Kopyas\u0131zl\u0131k Tespit Etme Nedeni Se\u00e7in? Orijinallik, herhangi bir alanda g\u00fcven ve ba\u015far\u0131l\u0131 olman\u0131n temeli. Paper-Checker.com, i\u015flerinizi kopyalara kar\u015f\u0131 koruma konusunda anl\u0131yoruz. Sadece beklenmeyi kar\u015f\u0131lamak de\u011fil\u2014kendi kimli\u011finizi savunmak ve benzersiz fikirlerinizi g\u00f6stermek i\u00e7in. Kopyas\u0131zl\u0131k kontrol\u00fc hizmetimizi, bu hedeflere ula\u015fman\u0131za yard\u0131mc\u0131 olacak \u015fekilde tasarl\u0131yoruz.<\/p>\n","protected":false},"author":1,"featured_media":0,"parent":0,"menu_order":0,"comment_status":"closed","ping_status":"closed","template":"tpl-landing-page.php","meta":{"_acf_changed":false,"_yoast_wpseo_title":"Kopyas\u0131zl\u0131k Kontrol\u00fc: Paper-Checker.com ile E\u015fsizlik Deneyimi","_yoast_wpseo_metadesc":"\u00d6zg\u00fcn olman\u0131n garantisini veren benzersiz do\u011frulukla kopyas\u0131zl\u0131k\u0131 h\u0131zla tespit edin ve akademik, profesyonel ve yarat\u0131c\u0131 yaz\u0131n\u0131z\u0131 \u00f6zg\u00fcn hale getirin.","_locale":"tr_TR","_original_post":"http:\/\/paper-checker.com.loc\/?page_id=49","iawp_total_views":1,"footnotes":""},"class_list":["post-1380","page","type-page","status-publish","hentry","tr-TR"],"acf":[],"yoast_head":"<!-- This site is optimized with the Yoast SEO plugin v27.4 - https:\/\/yoast.com\/product\/yoast-seo-wordpress\/ -->\n<title>Kopyas\u0131zl\u0131k Kontrol\u00fc: Paper-Checker.com ile E\u015fsizlik Deneyimi<\/title>\n<meta name=\"description\" content=\"\u00d6zg\u00fcn olman\u0131n garantisini veren benzersiz do\u011frulukla kopyas\u0131zl\u0131k\u0131 h\u0131zla tespit edin ve akademik, profesyonel ve yarat\u0131c\u0131 yaz\u0131n\u0131z\u0131 \u00f6zg\u00fcn hale getirin.\" \/>\n<meta name=\"robots\" content=\"index, follow, max-snippet:-1, max-image-preview:large, max-video-preview:-1\" \/>\n<link rel=\"canonical\" href=\"https:\/\/paper-checker.com\/tr\/plagiarism-check\/\" \/>\n<meta property=\"og:locale\" content=\"tr_TR\" \/>\n<meta property=\"og:type\" content=\"article\" \/>\n<meta property=\"og:title\" content=\"Kopyas\u0131zl\u0131k Kontrol\u00fc: Paper-Checker.com ile E\u015fsizlik Deneyimi\" \/>\n<meta property=\"og:description\" content=\"\u00d6zg\u00fcn olman\u0131n garantisini veren benzersiz do\u011frulukla kopyas\u0131zl\u0131k\u0131 h\u0131zla tespit edin ve akademik, profesyonel ve yarat\u0131c\u0131 yaz\u0131n\u0131z\u0131 \u00f6zg\u00fcn hale getirin.\" \/>\n<meta property=\"og:url\" content=\"https:\/\/paper-checker.com\/tr\/plagiarism-check\/\" \/>\n<meta property=\"og:site_name\" content=\"Paper Checker\" \/>\n<meta property=\"article:modified_time\" content=\"2025-02-07T08:40:25+00:00\" \/>\n<meta property=\"og:image\" content=\"https:\/\/paper-checker.com\/wp-content\/uploads\/2024\/12\/home.jpg\" \/>\n\t<meta property=\"og:image:width\" content=\"1200\" \/>\n\t<meta property=\"og:image:height\" content=\"675\" \/>\n\t<meta property=\"og:image:type\" content=\"image\/jpeg\" \/>\n<meta name=\"twitter:card\" content=\"summary_large_image\" \/>\n<meta name=\"twitter:label1\" content=\"Tahmini okuma s\u00fcresi\" \/>\n\t<meta name=\"twitter:data1\" content=\"4 dakika\" \/>\n<!-- \/ Yoast SEO plugin. -->","yoast_head_json":{"title":"Kopyas\u0131zl\u0131k Kontrol\u00fc: Paper-Checker.com ile E\u015fsizlik Deneyimi","description":"\u00d6zg\u00fcn olman\u0131n garantisini veren benzersiz do\u011frulukla kopyas\u0131zl\u0131k\u0131 h\u0131zla tespit edin ve akademik, profesyonel ve yarat\u0131c\u0131 yaz\u0131n\u0131z\u0131 \u00f6zg\u00fcn hale getirin.","robots":{"index":"index","follow":"follow","max-snippet":"max-snippet:-1","max-image-preview":"max-image-preview:large","max-video-preview":"max-video-preview:-1"},"canonical":"https:\/\/paper-checker.com\/tr\/plagiarism-check\/","og_locale":"tr_TR","og_type":"article","og_title":"Kopyas\u0131zl\u0131k Kontrol\u00fc: Paper-Checker.com ile E\u015fsizlik Deneyimi","og_description":"\u00d6zg\u00fcn olman\u0131n garantisini veren benzersiz do\u011frulukla kopyas\u0131zl\u0131k\u0131 h\u0131zla tespit edin ve akademik, profesyonel ve yarat\u0131c\u0131 yaz\u0131n\u0131z\u0131 \u00f6zg\u00fcn hale getirin.","og_url":"https:\/\/paper-checker.com\/tr\/plagiarism-check\/","og_site_name":"Paper Checker","article_modified_time":"2025-02-07T08:40:25+00:00","og_image":[{"width":1200,"height":675,"url":"https:\/\/paper-checker.com\/wp-content\/uploads\/2024\/12\/home.jpg","type":"image\/jpeg"}],"twitter_card":"summary_large_image","twitter_misc":{"Tahmini okuma s\u00fcresi":"4 dakika"},"schema":{"@context":"https:\/\/schema.org","@graph":[{"@type":"WebPage","@id":"https:\/\/paper-checker.com\/tr\/plagiarism-check\/","url":"https:\/\/paper-checker.com\/tr\/plagiarism-check\/","name":"Kopyas\u0131zl\u0131k Kontrol\u00fc: Paper-Checker.com ile E\u015fsizlik Deneyimi","isPartOf":{"@id":"https:\/\/paper-checker.com\/#website"},"datePublished":"2024-12-23T10:18:15+00:00","dateModified":"2025-02-07T08:40:25+00:00","description":"\u00d6zg\u00fcn olman\u0131n garantisini veren benzersiz do\u011frulukla kopyas\u0131zl\u0131k\u0131 h\u0131zla tespit edin ve akademik, profesyonel ve yarat\u0131c\u0131 yaz\u0131n\u0131z\u0131 \u00f6zg\u00fcn hale getirin.","breadcrumb":{"@id":"https:\/\/paper-checker.com\/tr\/plagiarism-check\/#breadcrumb"},"inLanguage":"tr","potentialAction":[{"@type":"ReadAction","target":["https:\/\/paper-checker.com\/tr\/plagiarism-check\/"]}]},{"@type":"BreadcrumbList","@id":"https:\/\/paper-checker.com\/tr\/plagiarism-check\/#breadcrumb","itemListElement":[{"@type":"ListItem","position":1,"name":"Home","item":"https:\/\/paper-checker.com\/tr\/"},{"@type":"ListItem","position":2,"name":"Kopyas\u0131zl\u0131k Kontrol\u00fc Et"}]},{"@type":"WebSite","@id":"https:\/\/paper-checker.com\/#website","url":"https:\/\/paper-checker.com\/","name":"Paper Checker","description":"","publisher":{"@id":"https:\/\/paper-checker.com\/#organization"},"potentialAction":[{"@type":"SearchAction","target":{"@type":"EntryPoint","urlTemplate":"https:\/\/paper-checker.com\/?s={search_term_string}"},"query-input":{"@type":"PropertyValueSpecification","valueRequired":true,"valueName":"search_term_string"}}],"inLanguage":"tr"},{"@type":"Organization","@id":"https:\/\/paper-checker.com\/#organization","name":"Paper Checker","url":"https:\/\/paper-checker.com\/","logo":{"@type":"ImageObject","inLanguage":"tr","@id":"https:\/\/paper-checker.com\/#\/schema\/logo\/image\/","url":"https:\/\/paper-checker.com\/wp-content\/uploads\/2024\/12\/Group.png","contentUrl":"https:\/\/paper-checker.com\/wp-content\/uploads\/2024\/12\/Group.png","width":30,"height":30,"caption":"Paper Checker"},"image":{"@id":"https:\/\/paper-checker.com\/#\/schema\/logo\/image\/"}}]}},"_links":{"self":[{"href":"https:\/\/paper-checker.com\/wp-json\/wp\/v2\/pages\/1380","targetHints":{"allow":["GET"]}}],"collection":[{"href":"https:\/\/paper-checker.com\/wp-json\/wp\/v2\/pages"}],"about":[{"href":"https:\/\/paper-checker.com\/wp-json\/wp\/v2\/types\/page"}],"author":[{"embeddable":true,"href":"https:\/\/paper-checker.com\/wp-json\/wp\/v2\/users\/1"}],"replies":[{"embeddable":true,"href":"https:\/\/paper-checker.com\/wp-json\/wp\/v2\/comments?post=1380"}],"version-history":[{"count":6,"href":"https:\/\/paper-checker.com\/wp-json\/wp\/v2\/pages\/1380\/revisions"}],"predecessor-version":[{"id":2862,"href":"https:\/\/paper-checker.com\/wp-json\/wp\/v2\/pages\/1380\/revisions\/2862"}],"wp:attachment":[{"href":"https:\/\/paper-checker.com\/wp-json\/wp\/v2\/media?parent=1380"}],"curies":[{"name":"wp","href":"https:\/\/api.w.org\/{rel}","templated":true}]}}